{"id":29427,"date":"2023-06-15T12:33:10","date_gmt":"2023-06-15T12:33:10","guid":{"rendered":"https:\/\/www.regnovet.com\/index.php\/hakkimizda\/"},"modified":"2024-12-21T11:27:24","modified_gmt":"2024-12-21T11:27:24","slug":"hakkimizda","status":"publish","type":"page","link":"https:\/\/www.regnovet.com\/tr\/hakkimizda\/","title":{"rendered":"Hakk\u0131m\u0131zda"},"content":{"rendered":"\t\t<div data-elementor-type=\"wp-page\" data-elementor-id=\"29427\" class=\"elementor elementor-29427 elementor-27822\">\n\t\t\t\t<div class=\"wd-negative-gap elementor-element elementor-element-38d1e6f e-flex e-con-boxed e-con e-parent\" data-id=\"38d1e6f\" data-element_type=\"container\" data-e-type=\"container\">\n\t\t\t\t\t<div class=\"e-con-inner\">\n\t\t<div class=\"elementor-element elementor-element-c9ddb24 e-con-full e-flex e-con e-child\" data-id=\"c9ddb24\" data-element_type=\"container\" data-e-type=\"container\">\n\t\t\t\t<div class=\"elementor-element elementor-element-6030832 elementor-widget elementor-widget-wd_image_or_svg\" data-id=\"6030832\" data-element_type=\"widget\" data-e-type=\"widget\" data-widget_type=\"wd_image_or_svg.default\">\n\t\t\t\t<div class=\"elementor-widget-container\">\n\t\t\t\t\t\n\t\t<div class=\"wd-image text-left\">\n\t\t\t\t\t\t\t\t<img fetchpriority=\"high\" decoding=\"async\" width=\"921\" height=\"800\" src=\"https:\/\/www.regnovet.com\/wp-content\/uploads\/2024\/09\/9905d0f3-645a-4f89-b729-a08bfe5db2f3-921x800.jpg\" class=\"attachment-large size-large\" alt=\"\" srcset=\"https:\/\/www.regnovet.com\/wp-content\/uploads\/2024\/09\/9905d0f3-645a-4f89-b729-a08bfe5db2f3-921x800.jpg 921w, https:\/\/www.regnovet.com\/wp-content\/uploads\/2024\/09\/9905d0f3-645a-4f89-b729-a08bfe5db2f3-600x521.jpg 600w, https:\/\/www.regnovet.com\/wp-content\/uploads\/2024\/09\/9905d0f3-645a-4f89-b729-a08bfe5db2f3-150x130.jpg 150w, https:\/\/www.regnovet.com\/wp-content\/uploads\/2024\/09\/9905d0f3-645a-4f89-b729-a08bfe5db2f3-1200x1043.jpg 1200w, https:\/\/www.regnovet.com\/wp-content\/uploads\/2024\/09\/9905d0f3-645a-4f89-b729-a08bfe5db2f3-345x300.jpg 345w, https:\/\/www.regnovet.com\/wp-content\/uploads\/2024\/09\/9905d0f3-645a-4f89-b729-a08bfe5db2f3-768x667.jpg 768w, https:\/\/www.regnovet.com\/wp-content\/uploads\/2024\/09\/9905d0f3-645a-4f89-b729-a08bfe5db2f3-1536x1334.jpg 1536w, https:\/\/www.regnovet.com\/wp-content\/uploads\/2024\/09\/9905d0f3-645a-4f89-b729-a08bfe5db2f3.jpg 1768w\" sizes=\"(max-width: 921px) 100vw, 921px\" \/>\t\t\t\t\t<\/div>\n\n\t\t\t\t\t\t<\/div>\n\t\t\t\t<\/div>\n\t\t\t\t<\/div>\n\t\t<div class=\"elementor-element elementor-element-a392c61 e-con-full e-flex e-con e-child\" data-id=\"a392c61\" data-element_type=\"container\" data-e-type=\"container\">\n\t\t\t\t<div class=\"elementor-element elementor-element-7087836 wd-width-100 elementor-widget elementor-widget-wd_title\" data-id=\"7087836\" data-element_type=\"widget\" data-e-type=\"widget\" data-widget_type=\"wd_title.default\">\n\t\t\t\t<div class=\"elementor-widget-container\">\n\t\t\t\t\t\t\t<div class=\"title-wrapper wd-set-mb reset-last-child wd-title-color-primary wd-title-style-default wd-title-size-extra-large text-left\">\n\n\t\t\t\t\t\t\t\t\t\t\t<div class=\"title-subtitle subtitle-color-primary subtitle-style-default wd-fontsize-m\">\n\t\t\t\t\tHakk\u0131m\u0131zda\t\t\t\t<\/div>\n\t\t\t\n\t\t\t<div class=\"liner-continer\">\n\t\t\t\t<h4 class=\"woodmart-title-container title wd-fontsize-xxxl\">Regnovet'e Ho\u015f Geldiniz<\/h4> \n\t\t\t\t\t\t\t<\/div>\n\n\t\t\t\t\t<\/div>\n\t\t\t\t\t\t<\/div>\n\t\t\t\t<\/div>\n\t\t\t\t<div class=\"elementor-element elementor-element-0b93a1b elementor-widget elementor-widget-wd_text_block\" data-id=\"0b93a1b\" data-element_type=\"widget\" data-e-type=\"widget\" data-widget_type=\"wd_text_block.default\">\n\t\t\t\t<div class=\"elementor-widget-container\">\n\t\t\t\t\t\t\t<div class=\"wd-text-block reset-last-child text-left\">\n\t\t\t\n\t\t\t<p>Regnovet, veteriner ila\u00e7lar\u0131, tamamlay\u0131c\u0131 yemler, yem katk\u0131 maddeleri ve a\u015f\u0131lar\u0131n ticareti, \u00fcretimi ve geli\u015ftirilmesi alanlar\u0131nda 2013 y\u0131l\u0131na dayanan deneyimiyle \u00f6nde gelen \u015firketlerden biridir. Regnovet, bu alanda b\u00fcy\u00fck deneyime sahip veteriner hekimler ve uzmanlar\u0131n g\u00f6zetiminde, s\u00fcrekli de\u011fi\u015fen d\u00fcnyan\u0131n zorluklar\u0131n\u0131 ele alan ve hayvan yeti\u015ftiren ve bak\u0131m\u0131n\u0131 \u00fcstlenenleri g\u00fc\u00e7lendiren etkili entegre \u00e7\u00f6z\u00fcmler sa\u011flamak i\u00e7in evcil hayvanlar\u0131n sa\u011fl\u0131\u011f\u0131, g\u00fcvenli\u011fi ve beslenmesiyle ilgili kapsaml\u0131 ve y\u00fcksek kaliteli bir \u00fcr\u00fcn yelpazesi sunmaktad\u0131r.<br>Regnovet'te, pazar\u0131n taleplerini anlad\u0131\u011f\u0131m\u0131z ve \u00fcr\u00fcn kalitesinden \u00f6d\u00fcn vermeden k\u00fcresel pazarda de\u011ferli m\u00fc\u015fterilerimiz i\u00e7in son derece rekabet\u00e7i fiyatlar sa\u011flad\u0131\u011f\u0131m\u0131z i\u00e7in \u00fcr\u00fcnlerimizin safl\u0131\u011f\u0131na, istikrar\u0131na ve etkinli\u011fine \u00e7ok dikkat ediyoruz ve bu sayede bu sekt\u00f6rde olumlu bir konum ve itibar kazan\u0131yoruz.<span style=\"font-size: 16px; text-align: var(--text-align); background-color: var(--wd-main-bgcolor); color: var(--wd-text-color);\"><\/span><\/p>\n\t\t\t\t\t<\/div>\n\t\t\t\t\t\t<\/div>\n\t\t\t\t<\/div>\n\t\t\t\t<\/div>\n\t\t\t\t\t<\/div>\n\t\t\t\t<\/div>\n\t\t<div class=\"wd-negative-gap elementor-element elementor-element-7ad3bb7 e-flex e-con-boxed e-con e-parent\" data-id=\"7ad3bb7\" data-element_type=\"container\" data-e-type=\"container\">\n\t\t\t\t\t<div class=\"e-con-inner\">\n\t\t<div class=\"elementor-element elementor-element-17fe656 e-con-full e-flex e-con e-child\" data-id=\"17fe656\" data-element_type=\"container\" data-e-type=\"container\">\n\t\t\t\t<div class=\"elementor-element elementor-element-c1810d5 elementor-widget elementor-widget-wd_image_or_svg\" data-id=\"c1810d5\" data-element_type=\"widget\" data-e-type=\"widget\" data-widget_type=\"wd_image_or_svg.default\">\n\t\t\t\t<div class=\"elementor-widget-container\">\n\t\t\t\t\t\n\t\t<div class=\"wd-image text-left\">\n\t\t\t\t\t\t\t\t\t\t\t\t\t<\/div>\n\n\t\t\t\t\t\t<\/div>\n\t\t\t\t<\/div>\n\t\t\t\t<div class=\"elementor-element elementor-element-f6bd784 elementor-widget elementor-widget-wd_text_block\" data-id=\"f6bd784\" data-element_type=\"widget\" data-e-type=\"widget\" data-widget_type=\"wd_text_block.default\">\n\t\t\t\t<div class=\"elementor-widget-container\">\n\t\t\t\t\t\t\t<div class=\"wd-text-block reset-last-child text-left\">\n\t\t\t\n\t\t\t<h3>Vizyonumuz<\/h3><p>Evcil hayvanlar\u0131n sa\u011fl\u0131\u011f\u0131n\u0131 ve refah\u0131n\u0131 iyile\u015ftiren veteriner ila\u00e7lar\u0131 ve farmas\u00f6tikler<br>alan\u0131nda d\u00fcnya \u00e7ap\u0131nda birinci s\u0131n\u0131f bir tedarik\u00e7i olmak<\/p>\n\t\t\t\t\t<\/div>\n\t\t\t\t\t\t<\/div>\n\t\t\t\t<\/div>\n\t\t\t\t<\/div>\n\t\t<div class=\"elementor-element elementor-element-d4c871c e-con-full e-flex e-con e-child\" data-id=\"d4c871c\" data-element_type=\"container\" data-e-type=\"container\">\n\t\t\t\t<div class=\"elementor-element elementor-element-470690c elementor-widget elementor-widget-wd_image_or_svg\" data-id=\"470690c\" data-element_type=\"widget\" data-e-type=\"widget\" data-widget_type=\"wd_image_or_svg.default\">\n\t\t\t\t<div class=\"elementor-widget-container\">\n\t\t\t\t\t\n\t\t<div class=\"wd-image text-left\">\n\t\t\t\t\t\t\t\t\t\t\t\t\t<\/div>\n\n\t\t\t\t\t\t<\/div>\n\t\t\t\t<\/div>\n\t\t\t\t<div class=\"elementor-element elementor-element-0e3f133 elementor-widget elementor-widget-wd_text_block\" data-id=\"0e3f133\" data-element_type=\"widget\" data-e-type=\"widget\" data-widget_type=\"wd_text_block.default\">\n\t\t\t\t<div class=\"elementor-widget-container\">\n\t\t\t\t\t\t\t<div class=\"wd-text-block reset-last-child text-left\">\n\t\t\t\n\t\t\t<h3>Misyonumuz<\/h3><p><br>ile y\u00fcksek kaliteli veteriner ila\u00e7lar\u0131 sa\u011flayarak veteriner<br>doktorlar\u0131 ve hayvan sahipleri i\u00e7in sorunlar\u0131 ele alarak evcil<br>hayvan ya\u015famlar\u0131n\u0131n k\u00fcresel olarak iyile\u015ftirilmesine katk\u0131da bulunmak:<\/p><p>- Kalite tak\u0131nt\u0131s\u0131<br>- Evcil hayvanlar\u0131n sa\u011fl\u0131\u011f\u0131n\u0131 iyile\u015ftirme taahh\u00fcd\u00fc<br>- T\u00fcketiciyi ilk s\u0131raya koymak ve de\u011fer sa\u011flamak<br>- G\u00fcvenli\u011fi vurgulamak ve g\u00fcvenli bir \u00e7al\u0131\u015fma ortam\u0131 sa\u011flamak<br>- Toplulu\u011fumuza aktif olarak kat\u0131lmak<\/p>\n\t\t\t\t\t<\/div>\n\t\t\t\t\t\t<\/div>\n\t\t\t\t<\/div>\n\t\t\t\t<\/div>\n\t\t\t\t\t<\/div>\n\t\t\t\t<\/div>\n\t\t<div class=\"wd-negative-gap elementor-element elementor-element-6c4833f e-flex e-con-boxed e-con e-parent\" data-id=\"6c4833f\" data-element_type=\"container\" data-e-type=\"container\">\n\t\t\t\t\t<div class=\"e-con-inner\">\n\t\t<div class=\"elementor-element elementor-element-9c3595a e-con-full e-flex e-con e-child\" data-id=\"9c3595a\" data-element_type=\"container\" data-e-type=\"container\">\n\t\t\t\t<div class=\"elementor-element elementor-element-dea1145 elementor-widget elementor-widget-wd_image_or_svg\" data-id=\"dea1145\" data-element_type=\"widget\" data-e-type=\"widget\" data-widget_type=\"wd_image_or_svg.default\">\n\t\t\t\t<div class=\"elementor-widget-container\">\n\t\t\t\t\t\n\t\t<div class=\"wd-image text-left\">\n\t\t\t\t\t\t\t\t\t\t\t\t\t<\/div>\n\n\t\t\t\t\t\t<\/div>\n\t\t\t\t<\/div>\n\t\t\t\t<div class=\"elementor-element elementor-element-b86b9bf elementor-widget elementor-widget-wd_text_block\" data-id=\"b86b9bf\" data-element_type=\"widget\" data-e-type=\"widget\" data-widget_type=\"wd_text_block.default\">\n\t\t\t\t<div class=\"elementor-widget-container\">\n\t\t\t\t\t\t\t<div class=\"wd-text-block reset-last-child text-left\">\n\t\t\t\n\t\t\t<h3>Hedefimiz<\/h3><p>Hedefledi\u011fimiz pazarlarda m\u00fc\u015fteriler,\r\nd\u00fczenleyiciler ve ba\u015fl\u0131ca rakipler taraf\u0131ndan 1 numara olarak s\u0131n\u0131fland\u0131r\u0131lmay\u0131 ama\u00e7l\u0131yoruz.<span style=\"font-size: 16px; text-align: var(--text-align); background-color: var(--wd-main-bgcolor); color: var(--wd-text-color);\"><\/span><\/p>\n\t\t\t\t\t<\/div>\n\t\t\t\t\t\t<\/div>\n\t\t\t\t<\/div>\n\t\t\t\t<\/div>\n\t\t<div class=\"elementor-element elementor-element-7c39863 e-con-full e-flex e-con e-child\" data-id=\"7c39863\" data-element_type=\"container\" data-e-type=\"container\">\n\t\t\t\t<div class=\"elementor-element elementor-element-4a10731 elementor-widget elementor-widget-wd_image_or_svg\" data-id=\"4a10731\" data-element_type=\"widget\" data-e-type=\"widget\" data-widget_type=\"wd_image_or_svg.default\">\n\t\t\t\t<div class=\"elementor-widget-container\">\n\t\t\t\t\t\n\t\t<div class=\"wd-image text-left\">\n\t\t\t\t\t\t\t\t\t\t\t\t\t<\/div>\n\n\t\t\t\t\t\t<\/div>\n\t\t\t\t<\/div>\n\t\t\t\t<div class=\"elementor-element elementor-element-ec619db elementor-widget elementor-widget-wd_text_block\" data-id=\"ec619db\" data-element_type=\"widget\" data-e-type=\"widget\" data-widget_type=\"wd_text_block.default\">\n\t\t\t\t<div class=\"elementor-widget-container\">\n\t\t\t\t\t\t\t<div class=\"wd-text-block reset-last-child text-left\">\n\t\t\t\n\t\t\t<h3>De\u011ferlerimiz<\/h3><p>De\u011ferlerimiz ve ideallerimiz kimli\u011fimizi \u015fekillendirmeye yard\u0131mc\u0131 olur. M\u00fc\u015fterilerimiz i\u00e7in yarat\u0131c\u0131l\u0131k yoluyla bir yerden di\u011ferine m\u00fckemmellik i\u00e7in \u00e7ok \u00e7al\u0131\u015f\u0131rken inan\u00e7lar\u0131m\u0131z bizi birbirimize ba\u011fl\u0131yor.<\/p><p>Yarat\u0131c\u0131l\u0131k<br>Felsefemiz gere\u011fi en \u00fcst d\u00fczeyde kaliteye ve s\u00fcrekli geli\u015fime ba\u011fl\u0131y\u0131z. Yarat\u0131c\u0131 fikirlere ve giri\u015fimlere de\u011fer veren bir atmosferi te\u015fvik ediyoruz. Yarat\u0131c\u0131 olmak, yeni \u00fcr\u00fcnler icat etmekten daha fazlas\u0131d\u0131r; ayn\u0131 zamanda m\u00fc\u015fterilerimize ve kendimize fayda sa\u011flayacak yeni \u00e7\u00f6z\u00fcmler bulmak i\u00e7in kendimizi zorlamay\u0131 da gerektirir.<\/p><p>Tutarl\u0131l\u0131k ve ekip \u00e7al\u0131\u015fmas\u0131<br>Her \u015fey i\u015fbirli\u011fi ile ilgili. Ortak hedefimiz, d\u00fcnyan\u0131n ba\u015fl\u0131ca hayvan sa\u011fl\u0131\u011f\u0131 sorunlar\u0131n\u0131 ele almakt\u0131r. Birbirimizin \u00e7abalar\u0131n\u0131 takdir eder ve her \u00e7al\u0131\u015fana kendi g\u00f6r\u00fc\u015flerini ifade etme f\u0131rsat\u0131 veririz. Bu, olumlu ve i\u015fbirli\u011fine dayal\u0131 ortakl\u0131klar geli\u015ftirdi\u011fimiz m\u00fc\u015fterilerimizin toplumlar\u0131 i\u00e7in de ge\u00e7erlidir.<\/p><p>Son kullan\u0131c\u0131 motivasyonu<br>M\u00fc\u015fteriler \u00f6nce gelir; bu hi\u00e7bir zaman bizimle ilgili olmad\u0131. M\u00fc\u015fterilerimiz bizim i\u00e7in \u00e7ok \u00f6nemli oldu\u011fu i\u00e7in onlara yak\u0131n ilgi g\u00f6steriyoruz. Regnovet'te herkesin ana \u00f6nceli\u011fi t\u00fcketicidir. Adanm\u0131\u015fl\u0131k, duygular\u0131m\u0131z\u0131 s\u0131radan\u0131n \u00f6tesine ge\u00e7en hizmetlere d\u00f6kmeyi gerektirir.<\/p><p>\u00d6nde olmak<br>\u00c7al\u0131\u015fanlar\u0131 g\u00fc\u00e7lendirerek, h\u0131zl\u0131 hareket etmelerini ve sonu\u00e7lara ula\u015fmalar\u0131n\u0131 sa\u011fl\u0131yoruz. Hedeflerimize ula\u015fmak i\u00e7in risk almaktan \u00e7ekinmeyiz. Zorluklar\u0131 esneklik ve etkinlikle ele al\u0131r\u0131z ve eylemlerimizin sorumlulu\u011funu kabul ederiz. Hepimiz m\u00fc\u015fterilerimize en iyi sonu\u00e7lar\u0131, hizmetleri ve \u00e7\u00f6z\u00fcmleri sunmak i\u00e7in kendimizi bask\u0131 alt\u0131nda hissediyoruz.<\/p>\n\t\t\t\t\t<\/div>\n\t\t\t\t\t\t<\/div>\n\t\t\t\t<\/div>\n\t\t\t\t<\/div>\n\t\t\t\t\t<\/div>\n\t\t\t\t<\/div>\n\t\t\t\t<\/div>\n\t\t","protected":false},"excerpt":{"rendered":"<p>Hakk\u0131m\u0131zda Regnovet&#8217;e Ho\u015f Geldiniz Regnovet, veteriner ila\u00e7lar\u0131, tamamlay\u0131c\u0131 yemler, yem katk\u0131 maddeleri ve a\u015f\u0131lar\u0131n ticareti, \u00fcretimi ve geli\u015ftirilmesi alanlar\u0131nda 2013<\/p>\n","protected":false},"author":1,"featured_media":0,"parent":0,"menu_order":0,"comment_status":"closed","ping_status":"closed","template":"","meta":{"footnotes":""},"class_list":["post-29427","page","type-page","status-publish","hentry"],"yoast_head":"<!-- This site is optimized with the Yoast SEO plugin v24.1 - https:\/\/yoast.com\/wordpress\/plugins\/seo\/ -->\n<title>Hakk\u0131m\u0131zda - regnovet<\/title>\n<meta name=\"robots\" content=\"index, follow, max-snippet:-1, max-image-preview:large, max-video-preview:-1\" \/>\n<link rel=\"canonical\" href=\"https:\/\/www.regnovet.com\/tr\/hakkimizda\/\" \/>\n<meta property=\"og:locale\" content=\"tr_TR\" \/>\n<meta property=\"og:type\" content=\"article\" \/>\n<meta property=\"og:title\" content=\"Hakk\u0131m\u0131zda - regnovet\" \/>\n<meta property=\"og:description\" content=\"Hakk\u0131m\u0131zda Regnovet&#8217;e Ho\u015f Geldiniz Regnovet, veteriner ila\u00e7lar\u0131, tamamlay\u0131c\u0131 yemler, yem katk\u0131 maddeleri ve a\u015f\u0131lar\u0131n ticareti, \u00fcretimi ve geli\u015ftirilmesi alanlar\u0131nda 2013\" \/>\n<meta property=\"og:url\" content=\"https:\/\/www.regnovet.com\/tr\/hakkimizda\/\" \/>\n<meta property=\"og:site_name\" content=\"regnovet\" \/>\n<meta property=\"article:publisher\" content=\"https:\/\/www.facebook.com\/people\/RegnoVet\/61571321505220\/\" \/>\n<meta property=\"article:modified_time\" content=\"2024-12-21T11:27:24+00:00\" \/>\n<meta property=\"og:image\" content=\"https:\/\/www.regnovet.com\/wp-content\/uploads\/2024\/09\/9905d0f3-645a-4f89-b729-a08bfe5db2f3-921x800.jpg\" \/>\n<meta name=\"twitter:card\" content=\"summary_large_image\" \/>\n<meta name=\"twitter:label1\" content=\"Tahmini okuma s\u00fcresi\" \/>\n\t<meta name=\"twitter:data1\" content=\"3 dakika\" \/>\n<script type=\"application\/ld+json\" class=\"yoast-schema-graph\">{\"@context\":\"https:\/\/schema.org\",\"@graph\":[{\"@type\":\"WebPage\",\"@id\":\"https:\/\/www.regnovet.com\/tr\/hakkimizda\/\",\"url\":\"https:\/\/www.regnovet.com\/tr\/hakkimizda\/\",\"name\":\"Hakk\u0131m\u0131zda - regnovet\",\"isPartOf\":{\"@id\":\"https:\/\/www.regnovet.com\/tr\/#website\"},\"primaryImageOfPage\":{\"@id\":\"https:\/\/www.regnovet.com\/tr\/hakkimizda\/#primaryimage\"},\"image\":{\"@id\":\"https:\/\/www.regnovet.com\/tr\/hakkimizda\/#primaryimage\"},\"thumbnailUrl\":\"https:\/\/www.regnovet.com\/wp-content\/uploads\/2024\/09\/9905d0f3-645a-4f89-b729-a08bfe5db2f3-921x800.jpg\",\"datePublished\":\"2023-06-15T12:33:10+00:00\",\"dateModified\":\"2024-12-21T11:27:24+00:00\",\"breadcrumb\":{\"@id\":\"https:\/\/www.regnovet.com\/tr\/hakkimizda\/#breadcrumb\"},\"inLanguage\":\"tr\",\"potentialAction\":[{\"@type\":\"ReadAction\",\"target\":[\"https:\/\/www.regnovet.com\/tr\/hakkimizda\/\"]}]},{\"@type\":\"ImageObject\",\"inLanguage\":\"tr\",\"@id\":\"https:\/\/www.regnovet.com\/tr\/hakkimizda\/#primaryimage\",\"url\":\"https:\/\/www.regnovet.com\/wp-content\/uploads\/2024\/09\/9905d0f3-645a-4f89-b729-a08bfe5db2f3-921x800.jpg\",\"contentUrl\":\"https:\/\/www.regnovet.com\/wp-content\/uploads\/2024\/09\/9905d0f3-645a-4f89-b729-a08bfe5db2f3-921x800.jpg\"},{\"@type\":\"BreadcrumbList\",\"@id\":\"https:\/\/www.regnovet.com\/tr\/hakkimizda\/#breadcrumb\",\"itemListElement\":[{\"@type\":\"ListItem\",\"position\":1,\"name\":\"Home\",\"item\":\"https:\/\/www.regnovet.com\/tr\/\"},{\"@type\":\"ListItem\",\"position\":2,\"name\":\"Hakk\u0131m\u0131zda\"}]},{\"@type\":\"WebSite\",\"@id\":\"https:\/\/www.regnovet.com\/tr\/#website\",\"url\":\"https:\/\/www.regnovet.com\/tr\/\",\"name\":\"regnovet\",\"description\":\"\",\"publisher\":{\"@id\":\"https:\/\/www.regnovet.com\/tr\/#organization\"},\"potentialAction\":[{\"@type\":\"SearchAction\",\"target\":{\"@type\":\"EntryPoint\",\"urlTemplate\":\"https:\/\/www.regnovet.com\/tr\/?s={search_term_string}\"},\"query-input\":{\"@type\":\"PropertyValueSpecification\",\"valueRequired\":true,\"valueName\":\"search_term_string\"}}],\"inLanguage\":\"tr\"},{\"@type\":\"Organization\",\"@id\":\"https:\/\/www.regnovet.com\/tr\/#organization\",\"name\":\"regnovet\",\"url\":\"https:\/\/www.regnovet.com\/tr\/\",\"logo\":{\"@type\":\"ImageObject\",\"inLanguage\":\"tr\",\"@id\":\"https:\/\/www.regnovet.com\/tr\/#\/schema\/logo\/image\/\",\"url\":\"https:\/\/www.regnovet.com\/wp-content\/uploads\/2024\/09\/cropped-512.png\",\"contentUrl\":\"https:\/\/www.regnovet.com\/wp-content\/uploads\/2024\/09\/cropped-512.png\",\"width\":512,\"height\":512,\"caption\":\"regnovet\"},\"image\":{\"@id\":\"https:\/\/www.regnovet.com\/tr\/#\/schema\/logo\/image\/\"},\"sameAs\":[\"https:\/\/www.facebook.com\/people\/RegnoVet\/61571321505220\/\"]}]}<\/script>\n<!-- \/ Yoast SEO plugin. -->","yoast_head_json":{"title":"Hakk\u0131m\u0131zda - regnovet","robots":{"index":"index","follow":"follow","max-snippet":"max-snippet:-1","max-image-preview":"max-image-preview:large","max-video-preview":"max-video-preview:-1"},"canonical":"https:\/\/www.regnovet.com\/tr\/hakkimizda\/","og_locale":"tr_TR","og_type":"article","og_title":"Hakk\u0131m\u0131zda - regnovet","og_description":"Hakk\u0131m\u0131zda Regnovet&#8217;e Ho\u015f Geldiniz Regnovet, veteriner ila\u00e7lar\u0131, tamamlay\u0131c\u0131 yemler, yem katk\u0131 maddeleri ve a\u015f\u0131lar\u0131n ticareti, \u00fcretimi ve geli\u015ftirilmesi alanlar\u0131nda 2013","og_url":"https:\/\/www.regnovet.com\/tr\/hakkimizda\/","og_site_name":"regnovet","article_publisher":"https:\/\/www.facebook.com\/people\/RegnoVet\/61571321505220\/","article_modified_time":"2024-12-21T11:27:24+00:00","og_image":[{"url":"https:\/\/www.regnovet.com\/wp-content\/uploads\/2024\/09\/9905d0f3-645a-4f89-b729-a08bfe5db2f3-921x800.jpg","type":"","width":"","height":""}],"twitter_card":"summary_large_image","twitter_misc":{"Tahmini okuma s\u00fcresi":"3 dakika"},"schema":{"@context":"https:\/\/schema.org","@graph":[{"@type":"WebPage","@id":"https:\/\/www.regnovet.com\/tr\/hakkimizda\/","url":"https:\/\/www.regnovet.com\/tr\/hakkimizda\/","name":"Hakk\u0131m\u0131zda - regnovet","isPartOf":{"@id":"https:\/\/www.regnovet.com\/tr\/#website"},"primaryImageOfPage":{"@id":"https:\/\/www.regnovet.com\/tr\/hakkimizda\/#primaryimage"},"image":{"@id":"https:\/\/www.regnovet.com\/tr\/hakkimizda\/#primaryimage"},"thumbnailUrl":"https:\/\/www.regnovet.com\/wp-content\/uploads\/2024\/09\/9905d0f3-645a-4f89-b729-a08bfe5db2f3-921x800.jpg","datePublished":"2023-06-15T12:33:10+00:00","dateModified":"2024-12-21T11:27:24+00:00","breadcrumb":{"@id":"https:\/\/www.regnovet.com\/tr\/hakkimizda\/#breadcrumb"},"inLanguage":"tr","potentialAction":[{"@type":"ReadAction","target":["https:\/\/www.regnovet.com\/tr\/hakkimizda\/"]}]},{"@type":"ImageObject","inLanguage":"tr","@id":"https:\/\/www.regnovet.com\/tr\/hakkimizda\/#primaryimage","url":"https:\/\/www.regnovet.com\/wp-content\/uploads\/2024\/09\/9905d0f3-645a-4f89-b729-a08bfe5db2f3-921x800.jpg","contentUrl":"https:\/\/www.regnovet.com\/wp-content\/uploads\/2024\/09\/9905d0f3-645a-4f89-b729-a08bfe5db2f3-921x800.jpg"},{"@type":"BreadcrumbList","@id":"https:\/\/www.regnovet.com\/tr\/hakkimizda\/#breadcrumb","itemListElement":[{"@type":"ListItem","position":1,"name":"Home","item":"https:\/\/www.regnovet.com\/tr\/"},{"@type":"ListItem","position":2,"name":"Hakk\u0131m\u0131zda"}]},{"@type":"WebSite","@id":"https:\/\/www.regnovet.com\/tr\/#website","url":"https:\/\/www.regnovet.com\/tr\/","name":"regnovet","description":"","publisher":{"@id":"https:\/\/www.regnovet.com\/tr\/#organization"},"potentialAction":[{"@type":"SearchAction","target":{"@type":"EntryPoint","urlTemplate":"https:\/\/www.regnovet.com\/tr\/?s={search_term_string}"},"query-input":{"@type":"PropertyValueSpecification","valueRequired":true,"valueName":"search_term_string"}}],"inLanguage":"tr"},{"@type":"Organization","@id":"https:\/\/www.regnovet.com\/tr\/#organization","name":"regnovet","url":"https:\/\/www.regnovet.com\/tr\/","logo":{"@type":"ImageObject","inLanguage":"tr","@id":"https:\/\/www.regnovet.com\/tr\/#\/schema\/logo\/image\/","url":"https:\/\/www.regnovet.com\/wp-content\/uploads\/2024\/09\/cropped-512.png","contentUrl":"https:\/\/www.regnovet.com\/wp-content\/uploads\/2024\/09\/cropped-512.png","width":512,"height":512,"caption":"regnovet"},"image":{"@id":"https:\/\/www.regnovet.com\/tr\/#\/schema\/logo\/image\/"},"sameAs":["https:\/\/www.facebook.com\/people\/RegnoVet\/61571321505220\/"]}]}},"_links":{"self":[{"href":"https:\/\/www.regnovet.com\/tr\/wp-json\/wp\/v2\/pages\/29427","targetHints":{"allow":["GET"]}}],"collection":[{"href":"https:\/\/www.regnovet.com\/tr\/wp-json\/wp\/v2\/pages"}],"about":[{"href":"https:\/\/www.regnovet.com\/tr\/wp-json\/wp\/v2\/types\/page"}],"author":[{"embeddable":true,"href":"https:\/\/www.regnovet.com\/tr\/wp-json\/wp\/v2\/users\/1"}],"replies":[{"embeddable":true,"href":"https:\/\/www.regnovet.com\/tr\/wp-json\/wp\/v2\/comments?post=29427"}],"version-history":[{"count":2,"href":"https:\/\/www.regnovet.com\/tr\/wp-json\/wp\/v2\/pages\/29427\/revisions"}],"predecessor-version":[{"id":30467,"href":"https:\/\/www.regnovet.com\/tr\/wp-json\/wp\/v2\/pages\/29427\/revisions\/30467"}],"wp:attachment":[{"href":"https:\/\/www.regnovet.com\/tr\/wp-json\/wp\/v2\/media?parent=29427"}],"curies":[{"name":"wp","href":"https:\/\/api.w.org\/{rel}","templated":true}]}}