{"id":29437,"date":"2024-11-11T13:34:03","date_gmt":"2024-11-11T13:34:03","guid":{"rendered":"https:\/\/www.regnovet.com\/index.php\/product\/regnotar-20\/"},"modified":"2025-02-17T10:18:11","modified_gmt":"2025-02-17T10:18:11","slug":"regnotar-20","status":"publish","type":"product","link":"https:\/\/www.regnovet.com\/tr\/urun\/regnotar-20\/","title":{"rendered":"REGNOTAR-20"},"content":{"rendered":"\t\t<div data-elementor-type=\"wp-post\" data-elementor-id=\"29437\" class=\"elementor elementor-29437 elementor-28809\">\n\t\t\t\t<div class=\"wd-negative-gap elementor-element elementor-element-2ef0a43 e-flex e-con-boxed e-con e-parent\" data-id=\"2ef0a43\" data-element_type=\"container\" data-e-type=\"container\">\n\t\t\t\t\t<div class=\"e-con-inner\">\n\t\t\t\t<div class=\"elementor-element elementor-element-45f8ed6 elementor-widget elementor-widget-toggle\" data-id=\"45f8ed6\" data-element_type=\"widget\" data-e-type=\"widget\" data-widget_type=\"toggle.default\">\n\t\t\t\t<div class=\"elementor-widget-container\">\n\t\t\t\t\t\t\t<div class=\"elementor-toggle\">\n\t\t\t\t\t\t\t<div class=\"elementor-toggle-item\">\n\t\t\t\t\t<div id=\"elementor-tab-title-7331\" class=\"elementor-tab-title\" data-tab=\"1\" role=\"button\" aria-controls=\"elementor-tab-content-7331\" aria-expanded=\"false\">\n\t\t\t\t\t\t\t\t\t\t\t\t<span class=\"elementor-toggle-icon elementor-toggle-icon-left\" aria-hidden=\"true\">\n\t\t\t\t\t\t\t\t\t\t\t\t\t\t\t<span class=\"elementor-toggle-icon-closed\"><svg class=\"e-font-icon-svg e-fas-caret-right\" viewBox=\"0 0 192 512\" xmlns=\"http:\/\/www.w3.org\/2000\/svg\"><path d=\"M0 384.662V127.338c0-17.818 21.543-26.741 34.142-14.142l128.662 128.662c7.81 7.81 7.81 20.474 0 28.284L34.142 398.804C21.543 411.404 0 402.48 0 384.662z\"><\/path><\/svg><\/span>\n\t\t\t\t\t\t\t\t<span class=\"elementor-toggle-icon-opened\"><svg class=\"elementor-toggle-icon-opened e-font-icon-svg e-fas-caret-up\" viewBox=\"0 0 320 512\" xmlns=\"http:\/\/www.w3.org\/2000\/svg\"><path d=\"M288.662 352H31.338c-17.818 0-26.741-21.543-14.142-34.142l128.662-128.662c7.81-7.81 20.474-7.81 28.284 0l128.662 128.662c12.6 12.599 3.676 34.142-14.142 34.142z\"><\/path><\/svg><\/span>\n\t\t\t\t\t\t\t\t\t\t\t\t\t<\/span>\n\t\t\t\t\t\t\t\t\t\t\t\t<a class=\"elementor-toggle-title\" tabindex=\"0\">KULLANIM ALANI:<\/a>\n\t\t\t\t\t<\/div>\n\n\t\t\t\t\t<div id=\"elementor-tab-content-7331\" class=\"elementor-tab-content elementor-clearfix\" data-tab=\"1\" role=\"region\" aria-labelledby=\"elementor-tab-title-7331\"><p>Bu \u00fcr\u00fcn, a\u015fa\u011f\u0131daki alanlarda zorunlu ve preventif dezenfeksiyon i\u00e7in uygundur:<\/p>\n<ul>\n<li>Domuz yeti\u015ftiricili\u011fi, hayvanc\u0131l\u0131k, tavuk\u00e7uluk ve k\u00fcrk yeti\u015ftiricili\u011fi tesisleri;<\/li>\n<li>Yem mutfaklar\u0131, yem d\u00fckkanlar\u0131 ve di\u011fer yard\u0131mc\u0131 tesisler;<\/li>\n<li>Hijyenik mezbahalar ve et i\u015fleme tesisleri;<\/li>\n<li>Mezbahadan i\u015flenmi\u015f \u00fcr\u00fcnler i\u00e7in d\u00fckkanlar;<\/li>\n<li>S\u00fct \u00e7iftlikleri ve komplekslerinde s\u00fct bloklar\u0131;<\/li>\n<li>Hayvan \u00fcr\u00fcnleri ve yem ta\u015f\u0131ma ve depolama konteynerleri;<\/li>\n<li>Hayvan, hammadde ve hayvansal \u00fcr\u00fcn ta\u015f\u0131mac\u0131l\u0131\u011f\u0131 yapan kara ta\u015f\u0131ma ara\u00e7lar\u0131 ve di\u011fer ta\u015f\u0131ma ara\u00e7lar\u0131.<\/li>\n<\/ul>\n<\/div>\n\t\t\t\t<\/div>\n\t\t\t\t\t\t\t<div class=\"elementor-toggle-item\">\n\t\t\t\t\t<div id=\"elementor-tab-title-7332\" class=\"elementor-tab-title\" data-tab=\"2\" role=\"button\" aria-controls=\"elementor-tab-content-7332\" aria-expanded=\"false\">\n\t\t\t\t\t\t\t\t\t\t\t\t<span class=\"elementor-toggle-icon elementor-toggle-icon-left\" aria-hidden=\"true\">\n\t\t\t\t\t\t\t\t\t\t\t\t\t\t\t<span class=\"elementor-toggle-icon-closed\"><svg class=\"e-font-icon-svg e-fas-caret-right\" viewBox=\"0 0 192 512\" xmlns=\"http:\/\/www.w3.org\/2000\/svg\"><path d=\"M0 384.662V127.338c0-17.818 21.543-26.741 34.142-14.142l128.662 128.662c7.81 7.81 7.81 20.474 0 28.284L34.142 398.804C21.543 411.404 0 402.48 0 384.662z\"><\/path><\/svg><\/span>\n\t\t\t\t\t\t\t\t<span class=\"elementor-toggle-icon-opened\"><svg class=\"elementor-toggle-icon-opened e-font-icon-svg e-fas-caret-up\" viewBox=\"0 0 320 512\" xmlns=\"http:\/\/www.w3.org\/2000\/svg\"><path d=\"M288.662 352H31.338c-17.818 0-26.741-21.543-14.142-34.142l128.662-128.662c7.81-7.81 20.474-7.81 28.284 0l128.662 128.662c12.6 12.599 3.676 34.142-14.142 34.142z\"><\/path><\/svg><\/span>\n\t\t\t\t\t\t\t\t\t\t\t\t\t<\/span>\n\t\t\t\t\t\t\t\t\t\t\t\t<a class=\"elementor-toggle-title\" tabindex=\"0\">UYGULAMA Y\u00d6NTEMI:<\/a>\n\t\t\t\t\t<\/div>\n\n\t\t\t\t\t<div id=\"elementor-tab-content-7332\" class=\"elementor-tab-content elementor-clearfix\" data-tab=\"2\" role=\"region\" aria-labelledby=\"elementor-tab-title-7332\"><ul>\n<li>Temel dezenfeksiyon i\u00e7in, sprey y\u00f6ntemiyle %0,5 oran\u0131nda seyreltilmeli ve 100-200 ml\/m\u00b2 oran\u0131nda uygulanmal\u0131d\u0131r.<\/li>\n<li>Ekipman dezenfeksiyonu i\u00e7in, dald\u0131rma y\u00f6ntemiyle %1 oran\u0131nda seyreltilmeli ve i\u015flem s\u00fcresi yakla\u015f\u0131k 30 dakika olmal\u0131d\u0131r.<\/li>\n<li>Dezenfeksiyon bariyerlerinde kullan\u0131lmak \u00fczere %1 oran\u0131nda seyreltilmeli ve y\u00fcksek kirlilik durumunda \u00e7\u00f6zeltinin haftada bir yenilenmesi gerekmektedir.<\/li>\n<li>Her binan\u0131n \u00f6n\u00fcne dezenfeksiyon matlar\u0131n\u0131n yerle\u015ftirilmesi \u00f6nerilmektedir.<\/li>\n<li>So\u011fuk veya S\u0131cak Sisleme ile Dezenfeksiyon: \u00c7al\u0131\u015fma \u00e7\u00f6zeltisinin %0,5 ila %1,5 konsantrasyonunda, her 1 m\u00b3 i\u00e7in 1-2 ml kullan\u0131lmal\u0131d\u0131r. Uygulama s\u0131ras\u0131nda oda kapal\u0131 tutulmal\u0131, hava giri\u015f ve \u00e7\u0131k\u0131\u015f sistemleri kapat\u0131lmal\u0131d\u0131r. Maruz kalma s\u00fcresi 4 saattir.<\/li>\n<li>Ta\u015f\u0131ma Ara\u00e7lar\u0131n\u0131n Dezenfeksiyonu: \u00c7\u00f6zeltinin konsantrasyonu %1 olarak ayarlanmal\u0131d\u0131r.<\/li>\n<\/ul>\n<\/div>\n\t\t\t\t<\/div>\n\t\t\t\t\t\t\t<div class=\"elementor-toggle-item\">\n\t\t\t\t\t<div id=\"elementor-tab-title-7333\" class=\"elementor-tab-title\" data-tab=\"3\" role=\"button\" aria-controls=\"elementor-tab-content-7333\" aria-expanded=\"false\">\n\t\t\t\t\t\t\t\t\t\t\t\t<span class=\"elementor-toggle-icon elementor-toggle-icon-left\" aria-hidden=\"true\">\n\t\t\t\t\t\t\t\t\t\t\t\t\t\t\t<span class=\"elementor-toggle-icon-closed\"><svg class=\"e-font-icon-svg e-fas-caret-right\" viewBox=\"0 0 192 512\" xmlns=\"http:\/\/www.w3.org\/2000\/svg\"><path d=\"M0 384.662V127.338c0-17.818 21.543-26.741 34.142-14.142l128.662 128.662c7.81 7.81 7.81 20.474 0 28.284L34.142 398.804C21.543 411.404 0 402.48 0 384.662z\"><\/path><\/svg><\/span>\n\t\t\t\t\t\t\t\t<span class=\"elementor-toggle-icon-opened\"><svg class=\"elementor-toggle-icon-opened e-font-icon-svg e-fas-caret-up\" viewBox=\"0 0 320 512\" xmlns=\"http:\/\/www.w3.org\/2000\/svg\"><path d=\"M288.662 352H31.338c-17.818 0-26.741-21.543-14.142-34.142l128.662-128.662c7.81-7.81 20.474-7.81 28.284 0l128.662 128.662c12.6 12.599 3.676 34.142-14.142 34.142z\"><\/path><\/svg><\/span>\n\t\t\t\t\t\t\t\t\t\t\t\t\t<\/span>\n\t\t\t\t\t\t\t\t\t\t\t\t<a class=\"elementor-toggle-title\" tabindex=\"0\">KIMYASAL BILE\u015eIM:<\/a>\n\t\t\t\t\t<\/div>\n\n\t\t\t\t\t<div id=\"elementor-tab-content-7333\" class=\"elementor-tab-content elementor-clearfix\" data-tab=\"3\" role=\"region\" aria-labelledby=\"elementor-tab-title-7333\"><table>\n<tbody>\n<tr>\n<td width=\"118\">\n<p><strong>&nbsp;<\/strong><\/p>\n<p><b>ETKEN MADDE ADI<\/b><\/p>\n<\/td>\n<td width=\"118\">\n<p><strong>&nbsp;<\/strong><\/p>\n<p><b>KONSANTRASYON (%)<\/b><\/p>\n<\/td>\n<\/tr>\n<tr>\n<td width=\"118\">\n<p>Alkil dimetil benzil amonyum klor\u00fcr<\/p>\n<\/p>\n<\/td>\n<td width=\"118\">\n<p><strong>&nbsp; &nbsp; &nbsp; &nbsp; &nbsp; &nbsp; &nbsp;<\/strong>13,0<\/p>\n<\/p>\n<\/td>\n<\/tr>\n<tr>\n<td width=\"118\">\n<p>Didecyl Dimethyl Ammonium Chloride<\/p>\n<\/p>\n<\/td>\n<td width=\"118\">\n<p>&nbsp; &nbsp; &nbsp; &nbsp; &nbsp; &nbsp; &nbsp;  1,1<\/p>\n<\/p>\n<\/td>\n<\/tr>\n<tr>\n<td width=\"118\">\n<p>Glutaraldehit<\/p>\n<\/p>\n<\/td>\n<td width=\"118\">\n<p>&nbsp; &nbsp; &nbsp; &nbsp; &nbsp; &nbsp; &nbsp;20,0<\/p>\n<\/p>\n<\/td>\n<\/tr>\n<\/tbody>\n<\/table>\n<\/div>\n\t\t\t\t<\/div>\n\t\t\t\t\t\t\t\t<\/div>\n\t\t\t\t\t\t<\/div>\n\t\t\t\t<\/div>\n\t\t\t\t\t<\/div>\n\t\t\t\t<\/div>\n\t\t\t\t<\/div>\n\t\t","protected":false},"excerpt":{"rendered":"<p>Gram-pozitif ve gram-negatif mikroorganizmalara kar\u015f\u0131 oldu\u011fu kadar bakterisidal, vir\u00fcsidal, fungisidal ve sporisidal etkileri de i\u00e7eren geni\u015f bir etki spektrumuna sahip \u00e7ok y\u00f6nl\u00fc, olduk\u00e7a aktif bir dezenfektand\u0131r. Etki mekanizmas\u0131, mikroorganizmalar\u0131n proteinlerinin amino gruplar\u0131 ile reaksiyona girerek mikrobiyal h\u00fccredeki redoks s\u00fcre\u00e7lerini bozmaktan olu\u015fur.<\/p>\n","protected":false},"featured_media":31493,"template":"","meta":[],"product_cat":[159],"product_tag":[],"class_list":{"0":"post-29437","1":"product","2":"type-product","3":"status-publish","4":"has-post-thumbnail","6":"product_cat-antiseptikler","8":"first","9":"instock","10":"shipping-taxable","11":"product-type-simple"},"yoast_head":"<!-- This site is optimized with the Yoast SEO plugin v24.1 - https:\/\/yoast.com\/wordpress\/plugins\/seo\/ -->\n<title>REGNOTAR-20 - regnovet<\/title>\n<meta name=\"robots\" content=\"index, follow, max-snippet:-1, max-image-preview:large, max-video-preview:-1\" \/>\n<link rel=\"canonical\" href=\"https:\/\/www.regnovet.com\/tr\/urun\/regnotar-20\/\" \/>\n<meta property=\"og:locale\" content=\"tr_TR\" \/>\n<meta property=\"og:type\" content=\"article\" \/>\n<meta property=\"og:title\" content=\"REGNOTAR-20 - regnovet\" \/>\n<meta property=\"og:description\" content=\"Gram-pozitif ve gram-negatif mikroorganizmalara kar\u015f\u0131 oldu\u011fu kadar bakterisidal, vir\u00fcsidal, fungisidal ve sporisidal etkileri de i\u00e7eren geni\u015f bir etki spektrumuna sahip \u00e7ok y\u00f6nl\u00fc, olduk\u00e7a aktif bir dezenfektand\u0131r. Etki mekanizmas\u0131, mikroorganizmalar\u0131n proteinlerinin amino gruplar\u0131 ile reaksiyona girerek mikrobiyal h\u00fccredeki redoks s\u00fcre\u00e7lerini bozmaktan olu\u015fur.\" \/>\n<meta property=\"og:url\" content=\"https:\/\/www.regnovet.com\/tr\/urun\/regnotar-20\/\" \/>\n<meta property=\"og:site_name\" content=\"regnovet\" \/>\n<meta property=\"article:publisher\" content=\"https:\/\/www.facebook.com\/people\/RegnoVet\/61571321505220\/\" \/>\n<meta property=\"article:modified_time\" content=\"2025-02-17T10:18:11+00:00\" \/>\n<meta property=\"og:image\" content=\"https:\/\/www.regnovet.com\/wp-content\/uploads\/2024\/11\/REGNOTAR-20.jpg\" \/>\n\t<meta property=\"og:image:width\" content=\"700\" \/>\n\t<meta property=\"og:image:height\" content=\"700\" \/>\n\t<meta property=\"og:image:type\" content=\"image\/jpeg\" \/>\n<meta name=\"twitter:card\" content=\"summary_large_image\" \/>\n<meta name=\"twitter:label1\" content=\"Tahmini okuma s\u00fcresi\" \/>\n\t<meta name=\"twitter:data1\" content=\"1 dakika\" \/>\n<script type=\"application\/ld+json\" class=\"yoast-schema-graph\">{\"@context\":\"https:\/\/schema.org\",\"@graph\":[{\"@type\":\"WebPage\",\"@id\":\"https:\/\/www.regnovet.com\/tr\/urun\/regnotar-20\/\",\"url\":\"https:\/\/www.regnovet.com\/tr\/urun\/regnotar-20\/\",\"name\":\"REGNOTAR-20 - regnovet\",\"isPartOf\":{\"@id\":\"https:\/\/www.regnovet.com\/tr\/#website\"},\"primaryImageOfPage\":{\"@id\":\"https:\/\/www.regnovet.com\/tr\/urun\/regnotar-20\/#primaryimage\"},\"image\":{\"@id\":\"https:\/\/www.regnovet.com\/tr\/urun\/regnotar-20\/#primaryimage\"},\"thumbnailUrl\":\"https:\/\/www.regnovet.com\/wp-content\/uploads\/2024\/11\/REGNOTAR-20.jpg\",\"datePublished\":\"2024-11-11T13:34:03+00:00\",\"dateModified\":\"2025-02-17T10:18:11+00:00\",\"breadcrumb\":{\"@id\":\"https:\/\/www.regnovet.com\/tr\/urun\/regnotar-20\/#breadcrumb\"},\"inLanguage\":\"tr\",\"potentialAction\":[{\"@type\":\"ReadAction\",\"target\":[\"https:\/\/www.regnovet.com\/tr\/urun\/regnotar-20\/\"]}]},{\"@type\":\"ImageObject\",\"inLanguage\":\"tr\",\"@id\":\"https:\/\/www.regnovet.com\/tr\/urun\/regnotar-20\/#primaryimage\",\"url\":\"https:\/\/www.regnovet.com\/wp-content\/uploads\/2024\/11\/REGNOTAR-20.jpg\",\"contentUrl\":\"https:\/\/www.regnovet.com\/wp-content\/uploads\/2024\/11\/REGNOTAR-20.jpg\",\"width\":700,\"height\":700},{\"@type\":\"BreadcrumbList\",\"@id\":\"https:\/\/www.regnovet.com\/tr\/urun\/regnotar-20\/#breadcrumb\",\"itemListElement\":[{\"@type\":\"ListItem\",\"position\":1,\"name\":\"Home\",\"item\":\"https:\/\/www.regnovet.com\/tr\/\"},{\"@type\":\"ListItem\",\"position\":2,\"name\":\"\u00dcr\u00fcnler\",\"item\":\"https:\/\/www.regnovet.com\/products\/\"},{\"@type\":\"ListItem\",\"position\":3,\"name\":\"REGNOTAR-20\"}]},{\"@type\":\"WebSite\",\"@id\":\"https:\/\/www.regnovet.com\/tr\/#website\",\"url\":\"https:\/\/www.regnovet.com\/tr\/\",\"name\":\"regnovet\",\"description\":\"\",\"publisher\":{\"@id\":\"https:\/\/www.regnovet.com\/tr\/#organization\"},\"potentialAction\":[{\"@type\":\"SearchAction\",\"target\":{\"@type\":\"EntryPoint\",\"urlTemplate\":\"https:\/\/www.regnovet.com\/tr\/?s={search_term_string}\"},\"query-input\":{\"@type\":\"PropertyValueSpecification\",\"valueRequired\":true,\"valueName\":\"search_term_string\"}}],\"inLanguage\":\"tr\"},{\"@type\":\"Organization\",\"@id\":\"https:\/\/www.regnovet.com\/tr\/#organization\",\"name\":\"regnovet\",\"url\":\"https:\/\/www.regnovet.com\/tr\/\",\"logo\":{\"@type\":\"ImageObject\",\"inLanguage\":\"tr\",\"@id\":\"https:\/\/www.regnovet.com\/tr\/#\/schema\/logo\/image\/\",\"url\":\"https:\/\/www.regnovet.com\/wp-content\/uploads\/2024\/09\/cropped-512.png\",\"contentUrl\":\"https:\/\/www.regnovet.com\/wp-content\/uploads\/2024\/09\/cropped-512.png\",\"width\":512,\"height\":512,\"caption\":\"regnovet\"},\"image\":{\"@id\":\"https:\/\/www.regnovet.com\/tr\/#\/schema\/logo\/image\/\"},\"sameAs\":[\"https:\/\/www.facebook.com\/people\/RegnoVet\/61571321505220\/\"]}]}<\/script>\n<!-- \/ Yoast SEO plugin. -->","yoast_head_json":{"title":"REGNOTAR-20 - regnovet","robots":{"index":"index","follow":"follow","max-snippet":"max-snippet:-1","max-image-preview":"max-image-preview:large","max-video-preview":"max-video-preview:-1"},"canonical":"https:\/\/www.regnovet.com\/tr\/urun\/regnotar-20\/","og_locale":"tr_TR","og_type":"article","og_title":"REGNOTAR-20 - regnovet","og_description":"Gram-pozitif ve gram-negatif mikroorganizmalara kar\u015f\u0131 oldu\u011fu kadar bakterisidal, vir\u00fcsidal, fungisidal ve sporisidal etkileri de i\u00e7eren geni\u015f bir etki spektrumuna sahip \u00e7ok y\u00f6nl\u00fc, olduk\u00e7a aktif bir dezenfektand\u0131r. Etki mekanizmas\u0131, mikroorganizmalar\u0131n proteinlerinin amino gruplar\u0131 ile reaksiyona girerek mikrobiyal h\u00fccredeki redoks s\u00fcre\u00e7lerini bozmaktan olu\u015fur.","og_url":"https:\/\/www.regnovet.com\/tr\/urun\/regnotar-20\/","og_site_name":"regnovet","article_publisher":"https:\/\/www.facebook.com\/people\/RegnoVet\/61571321505220\/","article_modified_time":"2025-02-17T10:18:11+00:00","og_image":[{"width":700,"height":700,"url":"https:\/\/www.regnovet.com\/wp-content\/uploads\/2024\/11\/REGNOTAR-20.jpg","type":"image\/jpeg"}],"twitter_card":"summary_large_image","twitter_misc":{"Tahmini okuma s\u00fcresi":"1 dakika"},"schema":{"@context":"https:\/\/schema.org","@graph":[{"@type":"WebPage","@id":"https:\/\/www.regnovet.com\/tr\/urun\/regnotar-20\/","url":"https:\/\/www.regnovet.com\/tr\/urun\/regnotar-20\/","name":"REGNOTAR-20 - regnovet","isPartOf":{"@id":"https:\/\/www.regnovet.com\/tr\/#website"},"primaryImageOfPage":{"@id":"https:\/\/www.regnovet.com\/tr\/urun\/regnotar-20\/#primaryimage"},"image":{"@id":"https:\/\/www.regnovet.com\/tr\/urun\/regnotar-20\/#primaryimage"},"thumbnailUrl":"https:\/\/www.regnovet.com\/wp-content\/uploads\/2024\/11\/REGNOTAR-20.jpg","datePublished":"2024-11-11T13:34:03+00:00","dateModified":"2025-02-17T10:18:11+00:00","breadcrumb":{"@id":"https:\/\/www.regnovet.com\/tr\/urun\/regnotar-20\/#breadcrumb"},"inLanguage":"tr","potentialAction":[{"@type":"ReadAction","target":["https:\/\/www.regnovet.com\/tr\/urun\/regnotar-20\/"]}]},{"@type":"ImageObject","inLanguage":"tr","@id":"https:\/\/www.regnovet.com\/tr\/urun\/regnotar-20\/#primaryimage","url":"https:\/\/www.regnovet.com\/wp-content\/uploads\/2024\/11\/REGNOTAR-20.jpg","contentUrl":"https:\/\/www.regnovet.com\/wp-content\/uploads\/2024\/11\/REGNOTAR-20.jpg","width":700,"height":700},{"@type":"BreadcrumbList","@id":"https:\/\/www.regnovet.com\/tr\/urun\/regnotar-20\/#breadcrumb","itemListElement":[{"@type":"ListItem","position":1,"name":"Home","item":"https:\/\/www.regnovet.com\/tr\/"},{"@type":"ListItem","position":2,"name":"\u00dcr\u00fcnler","item":"https:\/\/www.regnovet.com\/products\/"},{"@type":"ListItem","position":3,"name":"REGNOTAR-20"}]},{"@type":"WebSite","@id":"https:\/\/www.regnovet.com\/tr\/#website","url":"https:\/\/www.regnovet.com\/tr\/","name":"regnovet","description":"","publisher":{"@id":"https:\/\/www.regnovet.com\/tr\/#organization"},"potentialAction":[{"@type":"SearchAction","target":{"@type":"EntryPoint","urlTemplate":"https:\/\/www.regnovet.com\/tr\/?s={search_term_string}"},"query-input":{"@type":"PropertyValueSpecification","valueRequired":true,"valueName":"search_term_string"}}],"inLanguage":"tr"},{"@type":"Organization","@id":"https:\/\/www.regnovet.com\/tr\/#organization","name":"regnovet","url":"https:\/\/www.regnovet.com\/tr\/","logo":{"@type":"ImageObject","inLanguage":"tr","@id":"https:\/\/www.regnovet.com\/tr\/#\/schema\/logo\/image\/","url":"https:\/\/www.regnovet.com\/wp-content\/uploads\/2024\/09\/cropped-512.png","contentUrl":"https:\/\/www.regnovet.com\/wp-content\/uploads\/2024\/09\/cropped-512.png","width":512,"height":512,"caption":"regnovet"},"image":{"@id":"https:\/\/www.regnovet.com\/tr\/#\/schema\/logo\/image\/"},"sameAs":["https:\/\/www.facebook.com\/people\/RegnoVet\/61571321505220\/"]}]}},"_links":{"self":[{"href":"https:\/\/www.regnovet.com\/tr\/wp-json\/wp\/v2\/product\/29437","targetHints":{"allow":["GET"]}}],"collection":[{"href":"https:\/\/www.regnovet.com\/tr\/wp-json\/wp\/v2\/product"}],"about":[{"href":"https:\/\/www.regnovet.com\/tr\/wp-json\/wp\/v2\/types\/product"}],"version-history":[{"count":7,"href":"https:\/\/www.regnovet.com\/tr\/wp-json\/wp\/v2\/product\/29437\/revisions"}],"predecessor-version":[{"id":31499,"href":"https:\/\/www.regnovet.com\/tr\/wp-json\/wp\/v2\/product\/29437\/revisions\/31499"}],"wp:featuredmedia":[{"embeddable":true,"href":"https:\/\/www.regnovet.com\/tr\/wp-json\/wp\/v2\/media\/31493"}],"wp:attachment":[{"href":"https:\/\/www.regnovet.com\/tr\/wp-json\/wp\/v2\/media?parent=29437"}],"wp:term":[{"taxonomy":"product_cat","embeddable":true,"href":"https:\/\/www.regnovet.com\/tr\/wp-json\/wp\/v2\/product_cat?post=29437"},{"taxonomy":"product_tag","embeddable":true,"href":"https:\/\/www.regnovet.com\/tr\/wp-json\/wp\/v2\/product_tag?post=29437"}],"curies":[{"name":"wp","href":"https:\/\/api.w.org\/{rel}","templated":true}]}}