{"id":29441,"date":"2024-11-13T07:43:42","date_gmt":"2024-11-13T07:43:42","guid":{"rendered":"https:\/\/www.regnovet.com\/index.php\/product\/hygi-plus\/"},"modified":"2024-12-17T10:04:45","modified_gmt":"2024-12-17T10:04:45","slug":"hygi-plus","status":"publish","type":"product","link":"https:\/\/www.regnovet.com\/tr\/urun\/hygi-plus\/","title":{"rendered":"HYGI PLUS"},"content":{"rendered":"\t\t<div data-elementor-type=\"wp-post\" data-elementor-id=\"29441\" class=\"elementor elementor-29441\">\n\t\t\t\t<div class=\"wd-negative-gap elementor-element elementor-element-5195a11 e-flex e-con-boxed e-con e-parent\" data-id=\"5195a11\" data-element_type=\"container\" data-e-type=\"container\">\n\t\t\t\t\t<div class=\"e-con-inner\">\n\t\t\t\t<div class=\"elementor-element elementor-element-49c859f elementor-widget elementor-widget-toggle\" data-id=\"49c859f\" data-element_type=\"widget\" data-e-type=\"widget\" data-widget_type=\"toggle.default\">\n\t\t\t\t<div class=\"elementor-widget-container\">\n\t\t\t\t\t\t\t<div class=\"elementor-toggle\">\n\t\t\t\t\t\t\t<div class=\"elementor-toggle-item\">\n\t\t\t\t\t<div id=\"elementor-tab-title-7731\" class=\"elementor-tab-title\" data-tab=\"1\" role=\"button\" aria-controls=\"elementor-tab-content-7731\" aria-expanded=\"false\">\n\t\t\t\t\t\t\t\t\t\t\t\t<span class=\"elementor-toggle-icon elementor-toggle-icon-left\" aria-hidden=\"true\">\n\t\t\t\t\t\t\t\t\t\t\t\t\t\t\t<span class=\"elementor-toggle-icon-closed\"><svg class=\"e-font-icon-svg e-fas-caret-right\" viewBox=\"0 0 192 512\" xmlns=\"http:\/\/www.w3.org\/2000\/svg\"><path d=\"M0 384.662V127.338c0-17.818 21.543-26.741 34.142-14.142l128.662 128.662c7.81 7.81 7.81 20.474 0 28.284L34.142 398.804C21.543 411.404 0 402.48 0 384.662z\"><\/path><\/svg><\/span>\n\t\t\t\t\t\t\t\t<span class=\"elementor-toggle-icon-opened\"><svg class=\"elementor-toggle-icon-opened e-font-icon-svg e-fas-caret-up\" viewBox=\"0 0 320 512\" xmlns=\"http:\/\/www.w3.org\/2000\/svg\"><path d=\"M288.662 352H31.338c-17.818 0-26.741-21.543-14.142-34.142l128.662-128.662c7.81-7.81 20.474-7.81 28.284 0l128.662 128.662c12.6 12.599 3.676 34.142-14.142 34.142z\"><\/path><\/svg><\/span>\n\t\t\t\t\t\t\t\t\t\t\t\t\t<\/span>\n\t\t\t\t\t\t\t\t\t\t\t\t<a class=\"elementor-toggle-title\" tabindex=\"0\">MIKROBIYOLOJIK ETKI:<\/a>\n\t\t\t\t\t<\/div>\n\n\t\t\t\t\t<div id=\"elementor-tab-content-7731\" class=\"elementor-tab-content elementor-clearfix\" data-tab=\"1\" role=\"region\" aria-labelledby=\"elementor-tab-title-7731\"><p>IIHBV, HIV, HCVI vir\u00fcslerine kar\u015f\u0131 etkilidir. Koksidya, Newcastle, bron\u015fit, gram (-) ve gram (+) parazitler, mantar ve sporlar \u00fczerinde etkilidir. Sporlar\u0131, protein ve enzim gruplar\u0131n\u0131 dis\u00fclfide d\u00f6n\u00fc\u015ft\u00fcrerek inaktive eder ve bu mekanizma sayesinde bu bakteriler, parazitler ve vir\u00fcsler \u00f6ld\u00fcr\u00fcl\u00fcr.<\/p>\n<\/div>\n\t\t\t\t<\/div>\n\t\t\t\t\t\t\t<div class=\"elementor-toggle-item\">\n\t\t\t\t\t<div id=\"elementor-tab-title-7732\" class=\"elementor-tab-title\" data-tab=\"2\" role=\"button\" aria-controls=\"elementor-tab-content-7732\" aria-expanded=\"false\">\n\t\t\t\t\t\t\t\t\t\t\t\t<span class=\"elementor-toggle-icon elementor-toggle-icon-left\" aria-hidden=\"true\">\n\t\t\t\t\t\t\t\t\t\t\t\t\t\t\t<span class=\"elementor-toggle-icon-closed\"><svg class=\"e-font-icon-svg e-fas-caret-right\" viewBox=\"0 0 192 512\" xmlns=\"http:\/\/www.w3.org\/2000\/svg\"><path d=\"M0 384.662V127.338c0-17.818 21.543-26.741 34.142-14.142l128.662 128.662c7.81 7.81 7.81 20.474 0 28.284L34.142 398.804C21.543 411.404 0 402.48 0 384.662z\"><\/path><\/svg><\/span>\n\t\t\t\t\t\t\t\t<span class=\"elementor-toggle-icon-opened\"><svg class=\"elementor-toggle-icon-opened e-font-icon-svg e-fas-caret-up\" viewBox=\"0 0 320 512\" xmlns=\"http:\/\/www.w3.org\/2000\/svg\"><path d=\"M288.662 352H31.338c-17.818 0-26.741-21.543-14.142-34.142l128.662-128.662c7.81-7.81 20.474-7.81 28.284 0l128.662 128.662c12.6 12.599 3.676 34.142-14.142 34.142z\"><\/path><\/svg><\/span>\n\t\t\t\t\t\t\t\t\t\t\t\t\t<\/span>\n\t\t\t\t\t\t\t\t\t\t\t\t<a class=\"elementor-toggle-title\" tabindex=\"0\">KULLANIM:<\/a>\n\t\t\t\t\t<\/div>\n\n\t\t\t\t\t<div id=\"elementor-tab-content-7732\" class=\"elementor-tab-content elementor-clearfix\" data-tab=\"2\" role=\"region\" aria-labelledby=\"elementor-tab-title-7732\"><p>\u00dcr\u00fcn uygulamas\u0131 haftada bir kez yap\u0131l\u0131r, gerekirse tekrarlan\u0131r. Su Hijyeni\/K\u00fclt\u00fcr\u00fc i\u00e7in; \u00e7\u00f6zeltisi, 1 litre \u00fcr\u00fcn ile 1600 litre su kullan\u0131larak haz\u0131rlan\u0131r. Ayak temizli\u011fi Nehicle Hijyeni i\u00e7in; \u00e7\u00f6zeltisi, 1 litre \u00fcr\u00fcn ile 200 litre su kullan\u0131larak haz\u0131rlan\u0131r. Kulu\u00e7ka Tanklar\u0131 ve Ekipmanlar i\u00e7in; \u00e7\u00f6zeltisi, 1 litre \u00fcr\u00fcn ile 400 litre su kullan\u0131larak haz\u0131rlan\u0131r. Hayvan dezenfeksiyonu i\u00e7in sisleme y\u00f6ntemi ile; \u00e7\u00f6zeltisi, 1 litre \u00fcr\u00fcn ile 500 litre su kullan\u0131larak haz\u0131rlan\u0131r. Ara\u00e7 ve ekipman dezenfeksiyonu i\u00e7in; \u00e7\u00f6zeltisi, 1 litre \u00fcr\u00fcn ile 200 litre su kullan\u0131larak haz\u0131rlan\u0131r. Hayvan bar\u0131naklar\u0131n\u0131n yo\u011fun dezenfeksiyonunda; 1 litre \u00fcr\u00fcn ile 200 litre su kullan\u0131l\u0131r. Orta d\u00fczeyde kirlenme i\u00e7in; \u00e7\u00f6zeltisi, 1 litre \u00fcr\u00fcn ile 400 litre su kullan\u0131larak haz\u0131rlan\u0131r. Sisleme uygulamalar\u0131nda, yakla\u015f\u0131k 1 litre \u00e7\u00f6zeltisi 100 m\u00b2 alan\u0131n dezenfeksiyonunda kullan\u0131l\u0131r. Pili\u00e7 evlerinde suya enjeksiyon yap\u0131lacaksa, uygulamadan 3 g\u00fcn \u00f6nce enjeksiyon kesilmelidir.<\/p>\n<\/div>\n\t\t\t\t<\/div>\n\t\t\t\t\t\t\t\t<\/div>\n\t\t\t\t\t\t<\/div>\n\t\t\t\t<\/div>\n\t\t\t\t\t<\/div>\n\t\t\t\t<\/div>\n\t\t\t\t<\/div>\n\t\t","protected":false},"excerpt":{"rendered":"<p>Geni\u015f uygulama alan\u0131na sahip y\u00fcksek d\u00fczey dezenfektand\u0131r. Form\u00fclasyonundaki aktif iyot ve inorganik asitler sayesinde uzun s\u00fcreli etkili dezenfeksiyon sa\u011flar. Hastanelerde, veteriner kliniklerinde, \u00e7iftliklerde kullan\u0131l\u0131r. \u0130\u00e7me ve kullanma sular\u0131n\u0131n dezenfeksiyonunda, el tipi ULV cihazlar\u0131 ile hava ve ortam dezenfeksiyonunda etkin olarak kullan\u0131l\u0131r. Konsantre \u00fcr\u00fcn iyota duyarl\u0131 hayvanlara kar\u015f\u0131 kullan\u0131lmamal\u0131d\u0131r. B\u00f6brek fonksiyonlar\u0131 y\u00fcksek ve yetersiz olan hayvanlarda kullan\u0131lmamal\u0131d\u0131r. Do\u011fada y\u00fcksek oranda ayr\u0131\u015f\u0131r.      <\/p>\n","protected":false},"featured_media":29399,"template":"","meta":[],"product_cat":[159],"product_tag":[],"class_list":{"0":"post-29441","1":"product","2":"type-product","3":"status-publish","4":"has-post-thumbnail","6":"product_cat-antiseptikler","8":"first","9":"instock","10":"shipping-taxable","11":"product-type-simple"},"yoast_head":"<!-- This site is optimized with the Yoast SEO plugin v24.1 - https:\/\/yoast.com\/wordpress\/plugins\/seo\/ -->\n<title>HYGI PLUS - regnovet<\/title>\n<meta name=\"robots\" content=\"index, follow, max-snippet:-1, max-image-preview:large, max-video-preview:-1\" \/>\n<link rel=\"canonical\" href=\"https:\/\/www.regnovet.com\/tr\/urun\/hygi-plus\/\" \/>\n<meta property=\"og:locale\" content=\"tr_TR\" \/>\n<meta property=\"og:type\" content=\"article\" \/>\n<meta property=\"og:title\" content=\"HYGI PLUS - regnovet\" \/>\n<meta property=\"og:description\" content=\"Geni\u015f uygulama alan\u0131na sahip y\u00fcksek d\u00fczey dezenfektand\u0131r. Form\u00fclasyonundaki aktif iyot ve inorganik asitler sayesinde uzun s\u00fcreli etkili dezenfeksiyon sa\u011flar. Hastanelerde, veteriner kliniklerinde, \u00e7iftliklerde kullan\u0131l\u0131r. \u0130\u00e7me ve kullanma sular\u0131n\u0131n dezenfeksiyonunda, el tipi ULV cihazlar\u0131 ile hava ve ortam dezenfeksiyonunda etkin olarak kullan\u0131l\u0131r. Konsantre \u00fcr\u00fcn iyota duyarl\u0131 hayvanlara kar\u015f\u0131 kullan\u0131lmamal\u0131d\u0131r. B\u00f6brek fonksiyonlar\u0131 y\u00fcksek ve yetersiz olan hayvanlarda kullan\u0131lmamal\u0131d\u0131r. Do\u011fada y\u00fcksek oranda ayr\u0131\u015f\u0131r.\" \/>\n<meta property=\"og:url\" content=\"https:\/\/www.regnovet.com\/tr\/urun\/hygi-plus\/\" \/>\n<meta property=\"og:site_name\" content=\"regnovet\" \/>\n<meta property=\"article:publisher\" content=\"https:\/\/www.facebook.com\/people\/RegnoVet\/61571321505220\/\" \/>\n<meta property=\"article:modified_time\" content=\"2024-12-17T10:04:45+00:00\" \/>\n<meta property=\"og:image\" content=\"https:\/\/www.regnovet.com\/wp-content\/uploads\/2024\/11\/HYGI-PLUS-010.jpg\" \/>\n\t<meta property=\"og:image:width\" content=\"700\" \/>\n\t<meta property=\"og:image:height\" content=\"700\" \/>\n\t<meta property=\"og:image:type\" content=\"image\/jpeg\" \/>\n<meta name=\"twitter:card\" content=\"summary_large_image\" \/>\n<meta name=\"twitter:label1\" content=\"Tahmini okuma s\u00fcresi\" \/>\n\t<meta name=\"twitter:data1\" content=\"1 dakika\" \/>\n<script type=\"application\/ld+json\" class=\"yoast-schema-graph\">{\"@context\":\"https:\/\/schema.org\",\"@graph\":[{\"@type\":\"WebPage\",\"@id\":\"https:\/\/www.regnovet.com\/tr\/urun\/hygi-plus\/\",\"url\":\"https:\/\/www.regnovet.com\/tr\/urun\/hygi-plus\/\",\"name\":\"HYGI PLUS - regnovet\",\"isPartOf\":{\"@id\":\"https:\/\/www.regnovet.com\/tr\/#website\"},\"primaryImageOfPage\":{\"@id\":\"https:\/\/www.regnovet.com\/tr\/urun\/hygi-plus\/#primaryimage\"},\"image\":{\"@id\":\"https:\/\/www.regnovet.com\/tr\/urun\/hygi-plus\/#primaryimage\"},\"thumbnailUrl\":\"https:\/\/www.regnovet.com\/wp-content\/uploads\/2024\/11\/HYGI-PLUS-010.jpg\",\"datePublished\":\"2024-11-13T07:43:42+00:00\",\"dateModified\":\"2024-12-17T10:04:45+00:00\",\"breadcrumb\":{\"@id\":\"https:\/\/www.regnovet.com\/tr\/urun\/hygi-plus\/#breadcrumb\"},\"inLanguage\":\"tr\",\"potentialAction\":[{\"@type\":\"ReadAction\",\"target\":[\"https:\/\/www.regnovet.com\/tr\/urun\/hygi-plus\/\"]}]},{\"@type\":\"ImageObject\",\"inLanguage\":\"tr\",\"@id\":\"https:\/\/www.regnovet.com\/tr\/urun\/hygi-plus\/#primaryimage\",\"url\":\"https:\/\/www.regnovet.com\/wp-content\/uploads\/2024\/11\/HYGI-PLUS-010.jpg\",\"contentUrl\":\"https:\/\/www.regnovet.com\/wp-content\/uploads\/2024\/11\/HYGI-PLUS-010.jpg\",\"width\":700,\"height\":700},{\"@type\":\"BreadcrumbList\",\"@id\":\"https:\/\/www.regnovet.com\/tr\/urun\/hygi-plus\/#breadcrumb\",\"itemListElement\":[{\"@type\":\"ListItem\",\"position\":1,\"name\":\"Home\",\"item\":\"https:\/\/www.regnovet.com\/tr\/\"},{\"@type\":\"ListItem\",\"position\":2,\"name\":\"\u00dcr\u00fcnler\",\"item\":\"https:\/\/www.regnovet.com\/products\/\"},{\"@type\":\"ListItem\",\"position\":3,\"name\":\"HYGI PLUS\"}]},{\"@type\":\"WebSite\",\"@id\":\"https:\/\/www.regnovet.com\/tr\/#website\",\"url\":\"https:\/\/www.regnovet.com\/tr\/\",\"name\":\"regnovet\",\"description\":\"\",\"publisher\":{\"@id\":\"https:\/\/www.regnovet.com\/tr\/#organization\"},\"potentialAction\":[{\"@type\":\"SearchAction\",\"target\":{\"@type\":\"EntryPoint\",\"urlTemplate\":\"https:\/\/www.regnovet.com\/tr\/?s={search_term_string}\"},\"query-input\":{\"@type\":\"PropertyValueSpecification\",\"valueRequired\":true,\"valueName\":\"search_term_string\"}}],\"inLanguage\":\"tr\"},{\"@type\":\"Organization\",\"@id\":\"https:\/\/www.regnovet.com\/tr\/#organization\",\"name\":\"regnovet\",\"url\":\"https:\/\/www.regnovet.com\/tr\/\",\"logo\":{\"@type\":\"ImageObject\",\"inLanguage\":\"tr\",\"@id\":\"https:\/\/www.regnovet.com\/tr\/#\/schema\/logo\/image\/\",\"url\":\"https:\/\/www.regnovet.com\/wp-content\/uploads\/2024\/09\/cropped-512.png\",\"contentUrl\":\"https:\/\/www.regnovet.com\/wp-content\/uploads\/2024\/09\/cropped-512.png\",\"width\":512,\"height\":512,\"caption\":\"regnovet\"},\"image\":{\"@id\":\"https:\/\/www.regnovet.com\/tr\/#\/schema\/logo\/image\/\"},\"sameAs\":[\"https:\/\/www.facebook.com\/people\/RegnoVet\/61571321505220\/\"]}]}<\/script>\n<!-- \/ Yoast SEO plugin. -->","yoast_head_json":{"title":"HYGI PLUS - regnovet","robots":{"index":"index","follow":"follow","max-snippet":"max-snippet:-1","max-image-preview":"max-image-preview:large","max-video-preview":"max-video-preview:-1"},"canonical":"https:\/\/www.regnovet.com\/tr\/urun\/hygi-plus\/","og_locale":"tr_TR","og_type":"article","og_title":"HYGI PLUS - regnovet","og_description":"Geni\u015f uygulama alan\u0131na sahip y\u00fcksek d\u00fczey dezenfektand\u0131r. Form\u00fclasyonundaki aktif iyot ve inorganik asitler sayesinde uzun s\u00fcreli etkili dezenfeksiyon sa\u011flar. Hastanelerde, veteriner kliniklerinde, \u00e7iftliklerde kullan\u0131l\u0131r. \u0130\u00e7me ve kullanma sular\u0131n\u0131n dezenfeksiyonunda, el tipi ULV cihazlar\u0131 ile hava ve ortam dezenfeksiyonunda etkin olarak kullan\u0131l\u0131r. Konsantre \u00fcr\u00fcn iyota duyarl\u0131 hayvanlara kar\u015f\u0131 kullan\u0131lmamal\u0131d\u0131r. B\u00f6brek fonksiyonlar\u0131 y\u00fcksek ve yetersiz olan hayvanlarda kullan\u0131lmamal\u0131d\u0131r. Do\u011fada y\u00fcksek oranda ayr\u0131\u015f\u0131r.","og_url":"https:\/\/www.regnovet.com\/tr\/urun\/hygi-plus\/","og_site_name":"regnovet","article_publisher":"https:\/\/www.facebook.com\/people\/RegnoVet\/61571321505220\/","article_modified_time":"2024-12-17T10:04:45+00:00","og_image":[{"width":700,"height":700,"url":"https:\/\/www.regnovet.com\/wp-content\/uploads\/2024\/11\/HYGI-PLUS-010.jpg","type":"image\/jpeg"}],"twitter_card":"summary_large_image","twitter_misc":{"Tahmini okuma s\u00fcresi":"1 dakika"},"schema":{"@context":"https:\/\/schema.org","@graph":[{"@type":"WebPage","@id":"https:\/\/www.regnovet.com\/tr\/urun\/hygi-plus\/","url":"https:\/\/www.regnovet.com\/tr\/urun\/hygi-plus\/","name":"HYGI PLUS - regnovet","isPartOf":{"@id":"https:\/\/www.regnovet.com\/tr\/#website"},"primaryImageOfPage":{"@id":"https:\/\/www.regnovet.com\/tr\/urun\/hygi-plus\/#primaryimage"},"image":{"@id":"https:\/\/www.regnovet.com\/tr\/urun\/hygi-plus\/#primaryimage"},"thumbnailUrl":"https:\/\/www.regnovet.com\/wp-content\/uploads\/2024\/11\/HYGI-PLUS-010.jpg","datePublished":"2024-11-13T07:43:42+00:00","dateModified":"2024-12-17T10:04:45+00:00","breadcrumb":{"@id":"https:\/\/www.regnovet.com\/tr\/urun\/hygi-plus\/#breadcrumb"},"inLanguage":"tr","potentialAction":[{"@type":"ReadAction","target":["https:\/\/www.regnovet.com\/tr\/urun\/hygi-plus\/"]}]},{"@type":"ImageObject","inLanguage":"tr","@id":"https:\/\/www.regnovet.com\/tr\/urun\/hygi-plus\/#primaryimage","url":"https:\/\/www.regnovet.com\/wp-content\/uploads\/2024\/11\/HYGI-PLUS-010.jpg","contentUrl":"https:\/\/www.regnovet.com\/wp-content\/uploads\/2024\/11\/HYGI-PLUS-010.jpg","width":700,"height":700},{"@type":"BreadcrumbList","@id":"https:\/\/www.regnovet.com\/tr\/urun\/hygi-plus\/#breadcrumb","itemListElement":[{"@type":"ListItem","position":1,"name":"Home","item":"https:\/\/www.regnovet.com\/tr\/"},{"@type":"ListItem","position":2,"name":"\u00dcr\u00fcnler","item":"https:\/\/www.regnovet.com\/products\/"},{"@type":"ListItem","position":3,"name":"HYGI PLUS"}]},{"@type":"WebSite","@id":"https:\/\/www.regnovet.com\/tr\/#website","url":"https:\/\/www.regnovet.com\/tr\/","name":"regnovet","description":"","publisher":{"@id":"https:\/\/www.regnovet.com\/tr\/#organization"},"potentialAction":[{"@type":"SearchAction","target":{"@type":"EntryPoint","urlTemplate":"https:\/\/www.regnovet.com\/tr\/?s={search_term_string}"},"query-input":{"@type":"PropertyValueSpecification","valueRequired":true,"valueName":"search_term_string"}}],"inLanguage":"tr"},{"@type":"Organization","@id":"https:\/\/www.regnovet.com\/tr\/#organization","name":"regnovet","url":"https:\/\/www.regnovet.com\/tr\/","logo":{"@type":"ImageObject","inLanguage":"tr","@id":"https:\/\/www.regnovet.com\/tr\/#\/schema\/logo\/image\/","url":"https:\/\/www.regnovet.com\/wp-content\/uploads\/2024\/09\/cropped-512.png","contentUrl":"https:\/\/www.regnovet.com\/wp-content\/uploads\/2024\/09\/cropped-512.png","width":512,"height":512,"caption":"regnovet"},"image":{"@id":"https:\/\/www.regnovet.com\/tr\/#\/schema\/logo\/image\/"},"sameAs":["https:\/\/www.facebook.com\/people\/RegnoVet\/61571321505220\/"]}]}},"_links":{"self":[{"href":"https:\/\/www.regnovet.com\/tr\/wp-json\/wp\/v2\/product\/29441","targetHints":{"allow":["GET"]}}],"collection":[{"href":"https:\/\/www.regnovet.com\/tr\/wp-json\/wp\/v2\/product"}],"about":[{"href":"https:\/\/www.regnovet.com\/tr\/wp-json\/wp\/v2\/types\/product"}],"version-history":[{"count":5,"href":"https:\/\/www.regnovet.com\/tr\/wp-json\/wp\/v2\/product\/29441\/revisions"}],"predecessor-version":[{"id":30043,"href":"https:\/\/www.regnovet.com\/tr\/wp-json\/wp\/v2\/product\/29441\/revisions\/30043"}],"wp:featuredmedia":[{"embeddable":true,"href":"https:\/\/www.regnovet.com\/tr\/wp-json\/wp\/v2\/media\/29399"}],"wp:attachment":[{"href":"https:\/\/www.regnovet.com\/tr\/wp-json\/wp\/v2\/media?parent=29441"}],"wp:term":[{"taxonomy":"product_cat","embeddable":true,"href":"https:\/\/www.regnovet.com\/tr\/wp-json\/wp\/v2\/product_cat?post=29441"},{"taxonomy":"product_tag","embeddable":true,"href":"https:\/\/www.regnovet.com\/tr\/wp-json\/wp\/v2\/product_tag?post=29441"}],"curies":[{"name":"wp","href":"https:\/\/api.w.org\/{rel}","templated":true}]}}