{"id":29454,"date":"2024-11-13T07:32:22","date_gmt":"2024-11-13T07:32:22","guid":{"rendered":"https:\/\/www.regnovet.com\/index.php\/product\/regno-oks-saf\/"},"modified":"2025-04-02T09:21:38","modified_gmt":"2025-04-02T09:21:38","slug":"regno-oks-saf","status":"publish","type":"product","link":"https:\/\/www.regnovet.com\/tr\/urun\/regno-oks-saf\/","title":{"rendered":"REGNO OX PURE"},"content":{"rendered":"\t\t<div data-elementor-type=\"wp-post\" data-elementor-id=\"29454\" class=\"elementor elementor-29454 elementor-28815\">\n\t\t\t\t<div class=\"wd-negative-gap elementor-element elementor-element-dff75d4 e-flex e-con-boxed e-con e-parent\" data-id=\"dff75d4\" data-element_type=\"container\" data-e-type=\"container\">\n\t\t\t\t\t<div class=\"e-con-inner\">\n\t\t\t\t<div class=\"elementor-element elementor-element-766e17c elementor-widget elementor-widget-toggle\" data-id=\"766e17c\" data-element_type=\"widget\" data-e-type=\"widget\" data-widget_type=\"toggle.default\">\n\t\t\t\t<div class=\"elementor-widget-container\">\n\t\t\t\t\t\t\t<div class=\"elementor-toggle\">\n\t\t\t\t\t\t\t<div class=\"elementor-toggle-item\">\n\t\t\t\t\t<div id=\"elementor-tab-title-1241\" class=\"elementor-tab-title\" data-tab=\"1\" role=\"button\" aria-controls=\"elementor-tab-content-1241\" aria-expanded=\"false\">\n\t\t\t\t\t\t\t\t\t\t\t\t<span class=\"elementor-toggle-icon elementor-toggle-icon-left\" aria-hidden=\"true\">\n\t\t\t\t\t\t\t\t\t\t\t\t\t\t\t<span class=\"elementor-toggle-icon-closed\"><svg class=\"e-font-icon-svg e-fas-caret-right\" viewBox=\"0 0 192 512\" xmlns=\"http:\/\/www.w3.org\/2000\/svg\"><path d=\"M0 384.662V127.338c0-17.818 21.543-26.741 34.142-14.142l128.662 128.662c7.81 7.81 7.81 20.474 0 28.284L34.142 398.804C21.543 411.404 0 402.48 0 384.662z\"><\/path><\/svg><\/span>\n\t\t\t\t\t\t\t\t<span class=\"elementor-toggle-icon-opened\"><svg class=\"elementor-toggle-icon-opened e-font-icon-svg e-fas-caret-up\" viewBox=\"0 0 320 512\" xmlns=\"http:\/\/www.w3.org\/2000\/svg\"><path d=\"M288.662 352H31.338c-17.818 0-26.741-21.543-14.142-34.142l128.662-128.662c7.81-7.81 20.474-7.81 28.284 0l128.662 128.662c12.6 12.599 3.676 34.142-14.142 34.142z\"><\/path><\/svg><\/span>\n\t\t\t\t\t\t\t\t\t\t\t\t\t<\/span>\n\t\t\t\t\t\t\t\t\t\t\t\t<a class=\"elementor-toggle-title\" tabindex=\"0\">Uygulama Alan\u0131:<\/a>\n\t\t\t\t\t<\/div>\n\n\t\t\t\t\t<div id=\"elementor-tab-content-1241\" class=\"elementor-tab-content elementor-clearfix\" data-tab=\"1\" role=\"region\" aria-labelledby=\"elementor-tab-title-1241\"><p>Kal\u0131nt\u0131 b\u0131rakmayan yeni nesil bir dezenfektand\u0131r, bu nedenle y\u00fczme ve dekoratif havuzlar\u0131n, su sistemlerinin, i\u00e7me sular\u0131n\u0131n, hayvan bar\u0131naklar\u0131n\u0131n, k\u00fcmeslerin, \u00e7iftlik alanlar\u0131n\u0131n, bal\u0131k \u00e7iftliklerinin, mezbahalar\u0131n ve t\u00fcm y\u00fczeylerin yan\u0131 s\u0131ra alet ve ekipmanlar\u0131n dezenfeksiyonu i\u00e7in g\u00fcvenle kullan\u0131labilir.<\/p>\n<\/div>\n\t\t\t\t<\/div>\n\t\t\t\t\t\t\t<div class=\"elementor-toggle-item\">\n\t\t\t\t\t<div id=\"elementor-tab-title-1242\" class=\"elementor-tab-title\" data-tab=\"2\" role=\"button\" aria-controls=\"elementor-tab-content-1242\" aria-expanded=\"false\">\n\t\t\t\t\t\t\t\t\t\t\t\t<span class=\"elementor-toggle-icon elementor-toggle-icon-left\" aria-hidden=\"true\">\n\t\t\t\t\t\t\t\t\t\t\t\t\t\t\t<span class=\"elementor-toggle-icon-closed\"><svg class=\"e-font-icon-svg e-fas-caret-right\" viewBox=\"0 0 192 512\" xmlns=\"http:\/\/www.w3.org\/2000\/svg\"><path d=\"M0 384.662V127.338c0-17.818 21.543-26.741 34.142-14.142l128.662 128.662c7.81 7.81 7.81 20.474 0 28.284L34.142 398.804C21.543 411.404 0 402.48 0 384.662z\"><\/path><\/svg><\/span>\n\t\t\t\t\t\t\t\t<span class=\"elementor-toggle-icon-opened\"><svg class=\"elementor-toggle-icon-opened e-font-icon-svg e-fas-caret-up\" viewBox=\"0 0 320 512\" xmlns=\"http:\/\/www.w3.org\/2000\/svg\"><path d=\"M288.662 352H31.338c-17.818 0-26.741-21.543-14.142-34.142l128.662-128.662c7.81-7.81 20.474-7.81 28.284 0l128.662 128.662c12.6 12.599 3.676 34.142-14.142 34.142z\"><\/path><\/svg><\/span>\n\t\t\t\t\t\t\t\t\t\t\t\t\t<\/span>\n\t\t\t\t\t\t\t\t\t\t\t\t<a class=\"elementor-toggle-title\" tabindex=\"0\">Kimyasal Bile\u015fim:<\/a>\n\t\t\t\t\t<\/div>\n\n\t\t\t\t\t<div id=\"elementor-tab-content-1242\" class=\"elementor-tab-content elementor-clearfix\" data-tab=\"2\" role=\"region\" aria-labelledby=\"elementor-tab-title-1242\"><table>\n<tbody>\n<tr>\n<td colspan=\"2\" width=\"236\"><strong>\u00a0<\/strong><\/p>\n<p><strong>bile<\/strong><strong>\u015f<\/strong><strong>im<\/strong><\/p>\n<p>&nbsp;<\/td>\n<\/tr>\n<tr>\n<td width=\"118\"><strong>\u00a0<\/strong><\/p>\n<p>ETK\u0130N MADDE ADI<\/td>\n<td width=\"118\"><strong>\u00a0<\/strong><\/p>\n<p>KONSANTRASYON (%)<\/td>\n<\/tr>\n<tr>\n<td width=\"118\">Hidrojen peroksit<\/td>\n<td width=\"118\">40<\/td>\n<\/tr>\n<tr>\n<td width=\"118\">G\u00fcm\u00fc\u015f nitrat<\/td>\n<td width=\"118\">0.05<\/td>\n<\/tr>\n<\/tbody>\n<\/table>\n<\/div>\n\t\t\t\t<\/div>\n\t\t\t\t\t\t\t<div class=\"elementor-toggle-item\">\n\t\t\t\t\t<div id=\"elementor-tab-title-1243\" class=\"elementor-tab-title\" data-tab=\"3\" role=\"button\" aria-controls=\"elementor-tab-content-1243\" aria-expanded=\"false\">\n\t\t\t\t\t\t\t\t\t\t\t\t<span class=\"elementor-toggle-icon elementor-toggle-icon-left\" aria-hidden=\"true\">\n\t\t\t\t\t\t\t\t\t\t\t\t\t\t\t<span class=\"elementor-toggle-icon-closed\"><svg class=\"e-font-icon-svg e-fas-caret-right\" viewBox=\"0 0 192 512\" xmlns=\"http:\/\/www.w3.org\/2000\/svg\"><path d=\"M0 384.662V127.338c0-17.818 21.543-26.741 34.142-14.142l128.662 128.662c7.81 7.81 7.81 20.474 0 28.284L34.142 398.804C21.543 411.404 0 402.48 0 384.662z\"><\/path><\/svg><\/span>\n\t\t\t\t\t\t\t\t<span class=\"elementor-toggle-icon-opened\"><svg class=\"elementor-toggle-icon-opened e-font-icon-svg e-fas-caret-up\" viewBox=\"0 0 320 512\" xmlns=\"http:\/\/www.w3.org\/2000\/svg\"><path d=\"M288.662 352H31.338c-17.818 0-26.741-21.543-14.142-34.142l128.662-128.662c7.81-7.81 20.474-7.81 28.284 0l128.662 128.662c12.6 12.599 3.676 34.142-14.142 34.142z\"><\/path><\/svg><\/span>\n\t\t\t\t\t\t\t\t\t\t\t\t\t<\/span>\n\t\t\t\t\t\t\t\t\t\t\t\t<a class=\"elementor-toggle-title\" tabindex=\"0\">UYGULAMA Y\u00d6NTEMI:<\/a>\n\t\t\t\t\t<\/div>\n\n\t\t\t\t\t<div id=\"elementor-tab-content-1243\" class=\"elementor-tab-content elementor-clearfix\" data-tab=\"3\" role=\"region\" aria-labelledby=\"elementor-tab-title-1243\"><table>\n<tbody>\n<tr>\n<td width=\"107\"><strong>\u00a0<\/strong><\/p>\n<p><strong>UYGULAMA ALANI<\/strong><\/td>\n<td width=\"107\"><strong>\u00a0<\/strong><\/p>\n<p><b>UYGULAMA Y\u00d6NTEMI\u0307<\/b><\/td>\n<td width=\"107\"><strong>\u00a0<\/strong><\/p>\n<p><b>DOZAJ<\/b><\/td>\n<\/tr>\n<tr>\n<td width=\"107\"><strong>\u00a0<\/strong><\/p>\n<p>\u0130\u00e7ilebilir su ve yiyecek<\/p>\n<p>transfer hatlar\u0131<\/td>\n<td width=\"107\"><strong>\u00a0<\/strong><\/p>\n<p>Dozajlama<\/td>\n<td width=\"107\"><strong>\u00a0<\/strong><\/p>\n<p>300 ml \/1000 L<\/td>\n<\/tr>\n<tr>\n<td width=\"107\"><strong>\u00a0<\/strong><\/p>\n<p>K\u00fcmeslerin Dezenfeksiyonu<\/td>\n<td width=\"107\"><strong>\u00a0<\/strong><\/p>\n<p>P\u00fcsk\u00fcrtme Sisleme<\/td>\n<td width=\"107\"><strong>\u00a0<\/strong><\/p>\n<p>60 ml \/1 L<\/td>\n<\/tr>\n<tr>\n<td width=\"107\"><strong>\u00a0<\/strong><\/p>\n<p>Makine ve Ekipman Dezenfeksiyonu<\/td>\n<td width=\"107\"><strong>\u00a0<\/strong><\/p>\n<p>Dald\u0131rma &#8211; P\u00fcsk\u00fcrtme<\/td>\n<td width=\"107\"><strong>\u00a0<\/strong><\/p>\n<p>60 100 ml\/1 L<\/td>\n<\/tr>\n<tr>\n<td width=\"107\"><strong>\u00a0<\/strong><\/p>\n<p>Y\u00fczey ve Duvar Dezenfeksiyonu<\/td>\n<td width=\"107\"><strong>\u00a0<\/strong><\/p>\n<p>P\u00fcsk\u00fcrtme Sisleme<\/td>\n<td width=\"107\"><strong>\u00a0<\/strong><\/p>\n<p>60 ml \/1 L<\/td>\n<\/tr>\n<tr>\n<td width=\"107\"><strong>\u00a0<\/strong><\/p>\n<p>Y\u00fczme Havuzlar\u0131<\/td>\n<td width=\"107\"><strong>\u00a0<\/strong><\/p>\n<p>Dozajlama<\/td>\n<td width=\"107\"><strong>\u00a0<\/strong><\/p>\n<p>100 ml \/1000 L<\/td>\n<\/tr>\n<\/tbody>\n<\/table>\n<\/div>\n\t\t\t\t<\/div>\n\t\t\t\t\t\t\t\t<\/div>\n\t\t\t\t\t\t<\/div>\n\t\t\t\t<\/div>\n\t\t\t\t\t<\/div>\n\t\t\t\t<\/div>\n\t\t\t\t<\/div>\n\t\t","protected":false},"excerpt":{"rendered":"<p>Bu \u00fcr\u00fcn, etkili kimyasal form\u00fclasyonu ile bir yeni nesil dezenfektand\u0131r; , bu da onu y\u00fczeyleri y\u00fcksek verimlilikle dezenfekte etme yetene\u011fine sahip yapar, hi\u00e7bir kal\u0131nt\u0131 b\u0131rakmaz. Stabilize edici maddeler ve iyonlardan ar\u0131nd\u0131r\u0131lm\u0131\u015f su i\u00e7erir, bu da g\u00fc\u00e7l\u00fc ve g\u00fcvenli bir performans sa\u011flar. G\u00fc\u00e7l\u00fc bir dezenfektan olup, bakterileri ve vir\u00fcsleri herhangi bir zararl\u0131 iz b\u0131rakmadan yok eder, bu da onu en y\u00fcksek temizlik standartlar\u0131n\u0131 gerektiren tesisler i\u00e7in ideal bir \u00fcr\u00fcn yapar.<\/p>\n","protected":false},"featured_media":29397,"template":"","meta":[],"product_cat":[159],"product_tag":[],"class_list":{"0":"post-29454","1":"product","2":"type-product","3":"status-publish","4":"has-post-thumbnail","6":"product_cat-antiseptikler","8":"first","9":"instock","10":"shipping-taxable","11":"product-type-simple"},"yoast_head":"<!-- This site is optimized with the Yoast SEO plugin v24.1 - https:\/\/yoast.com\/wordpress\/plugins\/seo\/ -->\n<title>REGNO OX PURE - regnovet<\/title>\n<meta name=\"robots\" content=\"index, follow, max-snippet:-1, max-image-preview:large, max-video-preview:-1\" \/>\n<link rel=\"canonical\" href=\"https:\/\/www.regnovet.com\/tr\/urun\/regno-oks-saf\/\" \/>\n<meta property=\"og:locale\" content=\"tr_TR\" \/>\n<meta property=\"og:type\" content=\"article\" \/>\n<meta property=\"og:title\" content=\"REGNO OX PURE - regnovet\" \/>\n<meta property=\"og:description\" content=\"Bu \u00fcr\u00fcn, etkili kimyasal form\u00fclasyonu ile bir yeni nesil dezenfektand\u0131r; , bu da onu y\u00fczeyleri y\u00fcksek verimlilikle dezenfekte etme yetene\u011fine sahip yapar, hi\u00e7bir kal\u0131nt\u0131 b\u0131rakmaz. Stabilize edici maddeler ve iyonlardan ar\u0131nd\u0131r\u0131lm\u0131\u015f su i\u00e7erir, bu da g\u00fc\u00e7l\u00fc ve g\u00fcvenli bir performans sa\u011flar. G\u00fc\u00e7l\u00fc bir dezenfektan olup, bakterileri ve vir\u00fcsleri herhangi bir zararl\u0131 iz b\u0131rakmadan yok eder, bu da onu en y\u00fcksek temizlik standartlar\u0131n\u0131 gerektiren tesisler i\u00e7in ideal bir \u00fcr\u00fcn yapar.\" \/>\n<meta property=\"og:url\" content=\"https:\/\/www.regnovet.com\/tr\/urun\/regno-oks-saf\/\" \/>\n<meta property=\"og:site_name\" content=\"regnovet\" \/>\n<meta property=\"article:publisher\" content=\"https:\/\/www.facebook.com\/people\/RegnoVet\/61571321505220\/\" \/>\n<meta property=\"article:modified_time\" content=\"2025-04-02T09:21:38+00:00\" \/>\n<meta property=\"og:image\" content=\"https:\/\/www.regnovet.com\/wp-content\/uploads\/2024\/11\/REGNO-OX-PURE-010.jpg\" \/>\n\t<meta property=\"og:image:width\" content=\"700\" \/>\n\t<meta property=\"og:image:height\" content=\"700\" \/>\n\t<meta property=\"og:image:type\" content=\"image\/jpeg\" \/>\n<meta name=\"twitter:card\" content=\"summary_large_image\" \/>\n<meta name=\"twitter:label1\" content=\"Tahmini okuma s\u00fcresi\" \/>\n\t<meta name=\"twitter:data1\" content=\"1 dakika\" \/>\n<script type=\"application\/ld+json\" class=\"yoast-schema-graph\">{\"@context\":\"https:\/\/schema.org\",\"@graph\":[{\"@type\":\"WebPage\",\"@id\":\"https:\/\/www.regnovet.com\/tr\/urun\/regno-oks-saf\/\",\"url\":\"https:\/\/www.regnovet.com\/tr\/urun\/regno-oks-saf\/\",\"name\":\"REGNO OX PURE - regnovet\",\"isPartOf\":{\"@id\":\"https:\/\/www.regnovet.com\/tr\/#website\"},\"primaryImageOfPage\":{\"@id\":\"https:\/\/www.regnovet.com\/tr\/urun\/regno-oks-saf\/#primaryimage\"},\"image\":{\"@id\":\"https:\/\/www.regnovet.com\/tr\/urun\/regno-oks-saf\/#primaryimage\"},\"thumbnailUrl\":\"https:\/\/www.regnovet.com\/wp-content\/uploads\/2024\/11\/REGNO-OX-PURE-010.jpg\",\"datePublished\":\"2024-11-13T07:32:22+00:00\",\"dateModified\":\"2025-04-02T09:21:38+00:00\",\"breadcrumb\":{\"@id\":\"https:\/\/www.regnovet.com\/tr\/urun\/regno-oks-saf\/#breadcrumb\"},\"inLanguage\":\"tr\",\"potentialAction\":[{\"@type\":\"ReadAction\",\"target\":[\"https:\/\/www.regnovet.com\/tr\/urun\/regno-oks-saf\/\"]}]},{\"@type\":\"ImageObject\",\"inLanguage\":\"tr\",\"@id\":\"https:\/\/www.regnovet.com\/tr\/urun\/regno-oks-saf\/#primaryimage\",\"url\":\"https:\/\/www.regnovet.com\/wp-content\/uploads\/2024\/11\/REGNO-OX-PURE-010.jpg\",\"contentUrl\":\"https:\/\/www.regnovet.com\/wp-content\/uploads\/2024\/11\/REGNO-OX-PURE-010.jpg\",\"width\":700,\"height\":700},{\"@type\":\"BreadcrumbList\",\"@id\":\"https:\/\/www.regnovet.com\/tr\/urun\/regno-oks-saf\/#breadcrumb\",\"itemListElement\":[{\"@type\":\"ListItem\",\"position\":1,\"name\":\"Home\",\"item\":\"https:\/\/www.regnovet.com\/tr\/\"},{\"@type\":\"ListItem\",\"position\":2,\"name\":\"\u00dcr\u00fcnler\",\"item\":\"https:\/\/www.regnovet.com\/products\/\"},{\"@type\":\"ListItem\",\"position\":3,\"name\":\"REGNO OX PURE\"}]},{\"@type\":\"WebSite\",\"@id\":\"https:\/\/www.regnovet.com\/tr\/#website\",\"url\":\"https:\/\/www.regnovet.com\/tr\/\",\"name\":\"regnovet\",\"description\":\"\",\"publisher\":{\"@id\":\"https:\/\/www.regnovet.com\/tr\/#organization\"},\"potentialAction\":[{\"@type\":\"SearchAction\",\"target\":{\"@type\":\"EntryPoint\",\"urlTemplate\":\"https:\/\/www.regnovet.com\/tr\/?s={search_term_string}\"},\"query-input\":{\"@type\":\"PropertyValueSpecification\",\"valueRequired\":true,\"valueName\":\"search_term_string\"}}],\"inLanguage\":\"tr\"},{\"@type\":\"Organization\",\"@id\":\"https:\/\/www.regnovet.com\/tr\/#organization\",\"name\":\"regnovet\",\"url\":\"https:\/\/www.regnovet.com\/tr\/\",\"logo\":{\"@type\":\"ImageObject\",\"inLanguage\":\"tr\",\"@id\":\"https:\/\/www.regnovet.com\/tr\/#\/schema\/logo\/image\/\",\"url\":\"https:\/\/www.regnovet.com\/wp-content\/uploads\/2024\/09\/cropped-512.png\",\"contentUrl\":\"https:\/\/www.regnovet.com\/wp-content\/uploads\/2024\/09\/cropped-512.png\",\"width\":512,\"height\":512,\"caption\":\"regnovet\"},\"image\":{\"@id\":\"https:\/\/www.regnovet.com\/tr\/#\/schema\/logo\/image\/\"},\"sameAs\":[\"https:\/\/www.facebook.com\/people\/RegnoVet\/61571321505220\/\"]}]}<\/script>\n<!-- \/ Yoast SEO plugin. -->","yoast_head_json":{"title":"REGNO OX PURE - regnovet","robots":{"index":"index","follow":"follow","max-snippet":"max-snippet:-1","max-image-preview":"max-image-preview:large","max-video-preview":"max-video-preview:-1"},"canonical":"https:\/\/www.regnovet.com\/tr\/urun\/regno-oks-saf\/","og_locale":"tr_TR","og_type":"article","og_title":"REGNO OX PURE - regnovet","og_description":"Bu \u00fcr\u00fcn, etkili kimyasal form\u00fclasyonu ile bir yeni nesil dezenfektand\u0131r; , bu da onu y\u00fczeyleri y\u00fcksek verimlilikle dezenfekte etme yetene\u011fine sahip yapar, hi\u00e7bir kal\u0131nt\u0131 b\u0131rakmaz. Stabilize edici maddeler ve iyonlardan ar\u0131nd\u0131r\u0131lm\u0131\u015f su i\u00e7erir, bu da g\u00fc\u00e7l\u00fc ve g\u00fcvenli bir performans sa\u011flar. G\u00fc\u00e7l\u00fc bir dezenfektan olup, bakterileri ve vir\u00fcsleri herhangi bir zararl\u0131 iz b\u0131rakmadan yok eder, bu da onu en y\u00fcksek temizlik standartlar\u0131n\u0131 gerektiren tesisler i\u00e7in ideal bir \u00fcr\u00fcn yapar.","og_url":"https:\/\/www.regnovet.com\/tr\/urun\/regno-oks-saf\/","og_site_name":"regnovet","article_publisher":"https:\/\/www.facebook.com\/people\/RegnoVet\/61571321505220\/","article_modified_time":"2025-04-02T09:21:38+00:00","og_image":[{"width":700,"height":700,"url":"https:\/\/www.regnovet.com\/wp-content\/uploads\/2024\/11\/REGNO-OX-PURE-010.jpg","type":"image\/jpeg"}],"twitter_card":"summary_large_image","twitter_misc":{"Tahmini okuma s\u00fcresi":"1 dakika"},"schema":{"@context":"https:\/\/schema.org","@graph":[{"@type":"WebPage","@id":"https:\/\/www.regnovet.com\/tr\/urun\/regno-oks-saf\/","url":"https:\/\/www.regnovet.com\/tr\/urun\/regno-oks-saf\/","name":"REGNO OX PURE - regnovet","isPartOf":{"@id":"https:\/\/www.regnovet.com\/tr\/#website"},"primaryImageOfPage":{"@id":"https:\/\/www.regnovet.com\/tr\/urun\/regno-oks-saf\/#primaryimage"},"image":{"@id":"https:\/\/www.regnovet.com\/tr\/urun\/regno-oks-saf\/#primaryimage"},"thumbnailUrl":"https:\/\/www.regnovet.com\/wp-content\/uploads\/2024\/11\/REGNO-OX-PURE-010.jpg","datePublished":"2024-11-13T07:32:22+00:00","dateModified":"2025-04-02T09:21:38+00:00","breadcrumb":{"@id":"https:\/\/www.regnovet.com\/tr\/urun\/regno-oks-saf\/#breadcrumb"},"inLanguage":"tr","potentialAction":[{"@type":"ReadAction","target":["https:\/\/www.regnovet.com\/tr\/urun\/regno-oks-saf\/"]}]},{"@type":"ImageObject","inLanguage":"tr","@id":"https:\/\/www.regnovet.com\/tr\/urun\/regno-oks-saf\/#primaryimage","url":"https:\/\/www.regnovet.com\/wp-content\/uploads\/2024\/11\/REGNO-OX-PURE-010.jpg","contentUrl":"https:\/\/www.regnovet.com\/wp-content\/uploads\/2024\/11\/REGNO-OX-PURE-010.jpg","width":700,"height":700},{"@type":"BreadcrumbList","@id":"https:\/\/www.regnovet.com\/tr\/urun\/regno-oks-saf\/#breadcrumb","itemListElement":[{"@type":"ListItem","position":1,"name":"Home","item":"https:\/\/www.regnovet.com\/tr\/"},{"@type":"ListItem","position":2,"name":"\u00dcr\u00fcnler","item":"https:\/\/www.regnovet.com\/products\/"},{"@type":"ListItem","position":3,"name":"REGNO OX PURE"}]},{"@type":"WebSite","@id":"https:\/\/www.regnovet.com\/tr\/#website","url":"https:\/\/www.regnovet.com\/tr\/","name":"regnovet","description":"","publisher":{"@id":"https:\/\/www.regnovet.com\/tr\/#organization"},"potentialAction":[{"@type":"SearchAction","target":{"@type":"EntryPoint","urlTemplate":"https:\/\/www.regnovet.com\/tr\/?s={search_term_string}"},"query-input":{"@type":"PropertyValueSpecification","valueRequired":true,"valueName":"search_term_string"}}],"inLanguage":"tr"},{"@type":"Organization","@id":"https:\/\/www.regnovet.com\/tr\/#organization","name":"regnovet","url":"https:\/\/www.regnovet.com\/tr\/","logo":{"@type":"ImageObject","inLanguage":"tr","@id":"https:\/\/www.regnovet.com\/tr\/#\/schema\/logo\/image\/","url":"https:\/\/www.regnovet.com\/wp-content\/uploads\/2024\/09\/cropped-512.png","contentUrl":"https:\/\/www.regnovet.com\/wp-content\/uploads\/2024\/09\/cropped-512.png","width":512,"height":512,"caption":"regnovet"},"image":{"@id":"https:\/\/www.regnovet.com\/tr\/#\/schema\/logo\/image\/"},"sameAs":["https:\/\/www.facebook.com\/people\/RegnoVet\/61571321505220\/"]}]}},"_links":{"self":[{"href":"https:\/\/www.regnovet.com\/tr\/wp-json\/wp\/v2\/product\/29454","targetHints":{"allow":["GET"]}}],"collection":[{"href":"https:\/\/www.regnovet.com\/tr\/wp-json\/wp\/v2\/product"}],"about":[{"href":"https:\/\/www.regnovet.com\/tr\/wp-json\/wp\/v2\/types\/product"}],"version-history":[{"count":15,"href":"https:\/\/www.regnovet.com\/tr\/wp-json\/wp\/v2\/product\/29454\/revisions"}],"predecessor-version":[{"id":31789,"href":"https:\/\/www.regnovet.com\/tr\/wp-json\/wp\/v2\/product\/29454\/revisions\/31789"}],"wp:featuredmedia":[{"embeddable":true,"href":"https:\/\/www.regnovet.com\/tr\/wp-json\/wp\/v2\/media\/29397"}],"wp:attachment":[{"href":"https:\/\/www.regnovet.com\/tr\/wp-json\/wp\/v2\/media?parent=29454"}],"wp:term":[{"taxonomy":"product_cat","embeddable":true,"href":"https:\/\/www.regnovet.com\/tr\/wp-json\/wp\/v2\/product_cat?post=29454"},{"taxonomy":"product_tag","embeddable":true,"href":"https:\/\/www.regnovet.com\/tr\/wp-json\/wp\/v2\/product_tag?post=29454"}],"curies":[{"name":"wp","href":"https:\/\/api.w.org\/{rel}","templated":true}]}}