{"id":29461,"date":"2024-11-13T08:42:10","date_gmt":"2024-11-13T08:42:10","guid":{"rendered":"https:\/\/www.regnovet.com\/index.php\/product\/zincutat-plus\/"},"modified":"2025-04-02T09:49:42","modified_gmt":"2025-04-02T09:49:42","slug":"zincutat-plus","status":"publish","type":"product","link":"https:\/\/www.regnovet.com\/tr\/urun\/zincutat-plus\/","title":{"rendered":"ZINCUTAT-PLUS"},"content":{"rendered":"\t\t<div data-elementor-type=\"wp-post\" data-elementor-id=\"29461\" class=\"elementor elementor-29461 elementor-28834\">\n\t\t\t\t<div class=\"wd-negative-gap elementor-element elementor-element-5dc28aa e-flex e-con-boxed e-con e-parent\" data-id=\"5dc28aa\" data-element_type=\"container\" data-e-type=\"container\">\n\t\t\t\t\t<div class=\"e-con-inner\">\n\t\t\t\t<div class=\"elementor-element elementor-element-6d678dc elementor-widget elementor-widget-toggle\" data-id=\"6d678dc\" data-element_type=\"widget\" data-e-type=\"widget\" data-widget_type=\"toggle.default\">\n\t\t\t\t<div class=\"elementor-widget-container\">\n\t\t\t\t\t\t\t<div class=\"elementor-toggle\">\n\t\t\t\t\t\t\t<div class=\"elementor-toggle-item\">\n\t\t\t\t\t<div id=\"elementor-tab-title-1141\" class=\"elementor-tab-title\" data-tab=\"1\" role=\"button\" aria-controls=\"elementor-tab-content-1141\" aria-expanded=\"false\">\n\t\t\t\t\t\t\t\t\t\t\t\t<span class=\"elementor-toggle-icon elementor-toggle-icon-left\" aria-hidden=\"true\">\n\t\t\t\t\t\t\t\t\t\t\t\t\t\t\t<span class=\"elementor-toggle-icon-closed\"><svg class=\"e-font-icon-svg e-fas-caret-right\" viewBox=\"0 0 192 512\" xmlns=\"http:\/\/www.w3.org\/2000\/svg\"><path d=\"M0 384.662V127.338c0-17.818 21.543-26.741 34.142-14.142l128.662 128.662c7.81 7.81 7.81 20.474 0 28.284L34.142 398.804C21.543 411.404 0 402.48 0 384.662z\"><\/path><\/svg><\/span>\n\t\t\t\t\t\t\t\t<span class=\"elementor-toggle-icon-opened\"><svg class=\"elementor-toggle-icon-opened e-font-icon-svg e-fas-caret-up\" viewBox=\"0 0 320 512\" xmlns=\"http:\/\/www.w3.org\/2000\/svg\"><path d=\"M288.662 352H31.338c-17.818 0-26.741-21.543-14.142-34.142l128.662-128.662c7.81-7.81 20.474-7.81 28.284 0l128.662 128.662c12.6 12.599 3.676 34.142-14.142 34.142z\"><\/path><\/svg><\/span>\n\t\t\t\t\t\t\t\t\t\t\t\t\t<\/span>\n\t\t\t\t\t\t\t\t\t\t\t\t<a class=\"elementor-toggle-title\" tabindex=\"0\">KULLANIM TALIMATLARI:<\/a>\n\t\t\t\t\t<\/div>\n\n\t\t\t\t\t<div id=\"elementor-tab-content-1141\" class=\"elementor-tab-content elementor-clearfix\" data-tab=\"1\" role=\"region\" aria-labelledby=\"elementor-tab-title-1141\"><p>Konsantre olup, %2-5\u2019lik bir \u00e7\u00f6zeltinin haz\u0131rlanabilmesi i\u00e7in su ile seyreltilmesi gerekmektedir. Tavsiye edilen kullan\u0131m haftada bir veya iki kezdir. Ortalama ayak banyosu hacmi 150 litredir ve yakla\u015f\u0131k 250-300 inek ge\u00e7i\u015fine etkili olmal\u0131d\u0131r. Ayaklar\u0131n, banyo \u00e7\u00f6zeltisine t\u00fcy \u00e7izgisi ve topuk aras\u0131 12-15 cm aras\u0131nda batacak \u015fekilde dald\u0131r\u0131ld\u0131\u011f\u0131ndan emin olun.<br \/>\nBu \u00fcr\u00fcn, geleneksel katk\u0131 maddelerinden daha fazla stabiliteye sahip olup, kullan\u0131m a\u00e7\u0131s\u0131ndan tamamen g\u00fcvenlidir. En iyi sonu\u00e7lar i\u00e7in \u015fu \u015fekilde kullan\u0131lmal\u0131d\u0131r: \u0130lk \u00fc\u00e7 hafta boyunca g\u00fcnde iki kez, haftada be\u015f g\u00fcn ayak banyosu yap\u0131lmal\u0131d\u0131r. Ard\u0131ndan, s\u00fcregeldik\u00e7e g\u00fcnde iki kez, haftada \u00fc\u00e7 g\u00fcn kullan\u0131labilir.<\/p>\n<\/div>\n\t\t\t\t<\/div>\n\t\t\t\t\t\t\t<div class=\"elementor-toggle-item\">\n\t\t\t\t\t<div id=\"elementor-tab-title-1142\" class=\"elementor-tab-title\" data-tab=\"2\" role=\"button\" aria-controls=\"elementor-tab-content-1142\" aria-expanded=\"false\">\n\t\t\t\t\t\t\t\t\t\t\t\t<span class=\"elementor-toggle-icon elementor-toggle-icon-left\" aria-hidden=\"true\">\n\t\t\t\t\t\t\t\t\t\t\t\t\t\t\t<span class=\"elementor-toggle-icon-closed\"><svg class=\"e-font-icon-svg e-fas-caret-right\" viewBox=\"0 0 192 512\" xmlns=\"http:\/\/www.w3.org\/2000\/svg\"><path d=\"M0 384.662V127.338c0-17.818 21.543-26.741 34.142-14.142l128.662 128.662c7.81 7.81 7.81 20.474 0 28.284L34.142 398.804C21.543 411.404 0 402.48 0 384.662z\"><\/path><\/svg><\/span>\n\t\t\t\t\t\t\t\t<span class=\"elementor-toggle-icon-opened\"><svg class=\"elementor-toggle-icon-opened e-font-icon-svg e-fas-caret-up\" viewBox=\"0 0 320 512\" xmlns=\"http:\/\/www.w3.org\/2000\/svg\"><path d=\"M288.662 352H31.338c-17.818 0-26.741-21.543-14.142-34.142l128.662-128.662c7.81-7.81 20.474-7.81 28.284 0l128.662 128.662c12.6 12.599 3.676 34.142-14.142 34.142z\"><\/path><\/svg><\/span>\n\t\t\t\t\t\t\t\t\t\t\t\t\t<\/span>\n\t\t\t\t\t\t\t\t\t\t\t\t<a class=\"elementor-toggle-title\" tabindex=\"0\">KIMYASAL BILE\u015eIM:<\/a>\n\t\t\t\t\t<\/div>\n\n\t\t\t\t\t<div id=\"elementor-tab-content-1142\" class=\"elementor-tab-content elementor-clearfix\" data-tab=\"2\" role=\"region\" aria-labelledby=\"elementor-tab-title-1142\"><table>\n<tbody>\n<tr>\n<td colspan=\"2\" width=\"236\"><strong>\u00a0<\/strong><\/p>\n<p><strong>bile<\/strong><strong>\u015f<\/strong><strong>im<\/strong><\/p>\n<p>&nbsp;<\/td>\n<\/tr>\n<tr>\n<td width=\"118\"><strong>\u00a0<\/strong><\/p>\n<p>ETK\u0130N MADDE ADI<\/td>\n<td width=\"118\"><strong>\u00a0<\/strong><\/p>\n<p>KONSANTRASYON (%)<\/td>\n<\/tr>\n<tr>\n<td width=\"118\">N-(3-Aminopropil) -N Dodesilpropan -1,3-Diamin<\/td>\n<td width=\"118\">&nbsp;<\/p>\n<p><strong>1.5<\/strong><\/td>\n<\/tr>\n<tr>\n<td width=\"118\">APG &#8211; Heksil D-glukozit<\/td>\n<td width=\"118\"><strong>0.7<\/strong><\/td>\n<\/tr>\n<tr>\n<td width=\"118\">Bak\u0131r \u015felatlama kompleksi %55<\/td>\n<td width=\"118\"><strong>65<\/strong><\/td>\n<\/tr>\n<tr>\n<td width=\"118\">\u00c7inko \u015felatlama kompleksi %55<\/td>\n<td width=\"118\">15<\/td>\n<\/tr>\n<\/tbody>\n<\/table>\n<\/div>\n\t\t\t\t<\/div>\n\t\t\t\t\t\t\t\t<\/div>\n\t\t\t\t\t\t<\/div>\n\t\t\t\t<\/div>\n\t\t\t\t\t<\/div>\n\t\t\t\t<\/div>\n\t\t\t\t<\/div>\n\t\t","protected":false},"excerpt":{"rendered":"<p>Sa\u011fl\u0131kl\u0131 toynaklar ve deri deste\u011fi sa\u011flamak, desteklemek ve te\u015fvik etmek i\u00e7in onaylanm\u0131\u015f bir Veteriner Sa\u011fl\u0131k \u00dcr\u00fcn\u00fcd\u00fcr.<br \/>\nDijital Dermatit, di\u011fer ad\u0131yla &#8220;Papillomat\u00f6z dijital dermatit&#8221; (POD) veya &#8220;Mortellaro Hastal\u0131\u011f\u0131&#8221;, &#8220;\u00e7ilekler&#8221;, &#8220;k\u0131ll\u0131 ayak si\u011filleri&#8221;, &#8220;\u0130nterdigital Papillomat\u00f6z&#8221;, &#8220;\u00e7ilek topu\u011fu&#8221; veya &#8220;\u0130talyan ayak \u00e7\u00fcr\u00fcmesi&#8221; i\u00e7in etkilidir.<br \/>\nBu \u00fcr\u00fcn, organik tar\u0131mda kullan\u0131lmak \u00fczere onaylanm\u0131\u015ft\u0131r.<br \/>\nOperat\u00f6r ve \u00e7evre i\u00e7in g\u00fcvenlidir.<br \/>\nGeni\u015f bir otomatik ayak banyosu ve sprey sistemlerinde kullan\u0131lmak \u00fczere uygundur.<\/p>\n","protected":false},"featured_media":29409,"template":"","meta":[],"product_cat":[159],"product_tag":[],"class_list":{"0":"post-29461","1":"product","2":"type-product","3":"status-publish","4":"has-post-thumbnail","6":"product_cat-antiseptikler","8":"first","9":"instock","10":"shipping-taxable","11":"product-type-simple"},"yoast_head":"<!-- This site is optimized with the Yoast SEO plugin v24.1 - https:\/\/yoast.com\/wordpress\/plugins\/seo\/ -->\n<title>ZINCUTAT-PLUS - regnovet<\/title>\n<meta name=\"robots\" content=\"index, follow, max-snippet:-1, max-image-preview:large, max-video-preview:-1\" \/>\n<link rel=\"canonical\" href=\"https:\/\/www.regnovet.com\/tr\/urun\/zincutat-plus\/\" \/>\n<meta property=\"og:locale\" content=\"tr_TR\" \/>\n<meta property=\"og:type\" content=\"article\" \/>\n<meta property=\"og:title\" content=\"ZINCUTAT-PLUS - regnovet\" \/>\n<meta property=\"og:description\" content=\"Sa\u011fl\u0131kl\u0131 toynaklar ve deri deste\u011fi sa\u011flamak, desteklemek ve te\u015fvik etmek i\u00e7in onaylanm\u0131\u015f bir Veteriner Sa\u011fl\u0131k \u00dcr\u00fcn\u00fcd\u00fcr. Dijital Dermatit, di\u011fer ad\u0131yla &quot;Papillomat\u00f6z dijital dermatit&quot; (POD) veya &quot;Mortellaro Hastal\u0131\u011f\u0131&quot;, &quot;\u00e7ilekler&quot;, &quot;k\u0131ll\u0131 ayak si\u011filleri&quot;, &quot;\u0130nterdigital Papillomat\u00f6z&quot;, &quot;\u00e7ilek topu\u011fu&quot; veya &quot;\u0130talyan ayak \u00e7\u00fcr\u00fcmesi&quot; i\u00e7in etkilidir. Bu \u00fcr\u00fcn, organik tar\u0131mda kullan\u0131lmak \u00fczere onaylanm\u0131\u015ft\u0131r. Operat\u00f6r ve \u00e7evre i\u00e7in g\u00fcvenlidir. Geni\u015f bir otomatik ayak banyosu ve sprey sistemlerinde kullan\u0131lmak \u00fczere uygundur.\" \/>\n<meta property=\"og:url\" content=\"https:\/\/www.regnovet.com\/tr\/urun\/zincutat-plus\/\" \/>\n<meta property=\"og:site_name\" content=\"regnovet\" \/>\n<meta property=\"article:publisher\" content=\"https:\/\/www.facebook.com\/people\/RegnoVet\/61571321505220\/\" \/>\n<meta property=\"article:modified_time\" content=\"2025-04-02T09:49:42+00:00\" \/>\n<meta property=\"og:image\" content=\"https:\/\/www.regnovet.com\/wp-content\/uploads\/2024\/11\/ZINCUTAT-PLUS-010.jpg\" \/>\n\t<meta property=\"og:image:width\" content=\"700\" \/>\n\t<meta property=\"og:image:height\" content=\"700\" \/>\n\t<meta property=\"og:image:type\" content=\"image\/jpeg\" \/>\n<meta name=\"twitter:card\" content=\"summary_large_image\" \/>\n<meta name=\"twitter:label1\" content=\"Tahmini okuma s\u00fcresi\" \/>\n\t<meta name=\"twitter:data1\" content=\"1 dakika\" \/>\n<script type=\"application\/ld+json\" class=\"yoast-schema-graph\">{\"@context\":\"https:\/\/schema.org\",\"@graph\":[{\"@type\":\"WebPage\",\"@id\":\"https:\/\/www.regnovet.com\/tr\/urun\/zincutat-plus\/\",\"url\":\"https:\/\/www.regnovet.com\/tr\/urun\/zincutat-plus\/\",\"name\":\"ZINCUTAT-PLUS - regnovet\",\"isPartOf\":{\"@id\":\"https:\/\/www.regnovet.com\/tr\/#website\"},\"primaryImageOfPage\":{\"@id\":\"https:\/\/www.regnovet.com\/tr\/urun\/zincutat-plus\/#primaryimage\"},\"image\":{\"@id\":\"https:\/\/www.regnovet.com\/tr\/urun\/zincutat-plus\/#primaryimage\"},\"thumbnailUrl\":\"https:\/\/www.regnovet.com\/wp-content\/uploads\/2024\/11\/ZINCUTAT-PLUS-010.jpg\",\"datePublished\":\"2024-11-13T08:42:10+00:00\",\"dateModified\":\"2025-04-02T09:49:42+00:00\",\"breadcrumb\":{\"@id\":\"https:\/\/www.regnovet.com\/tr\/urun\/zincutat-plus\/#breadcrumb\"},\"inLanguage\":\"tr\",\"potentialAction\":[{\"@type\":\"ReadAction\",\"target\":[\"https:\/\/www.regnovet.com\/tr\/urun\/zincutat-plus\/\"]}]},{\"@type\":\"ImageObject\",\"inLanguage\":\"tr\",\"@id\":\"https:\/\/www.regnovet.com\/tr\/urun\/zincutat-plus\/#primaryimage\",\"url\":\"https:\/\/www.regnovet.com\/wp-content\/uploads\/2024\/11\/ZINCUTAT-PLUS-010.jpg\",\"contentUrl\":\"https:\/\/www.regnovet.com\/wp-content\/uploads\/2024\/11\/ZINCUTAT-PLUS-010.jpg\",\"width\":700,\"height\":700},{\"@type\":\"BreadcrumbList\",\"@id\":\"https:\/\/www.regnovet.com\/tr\/urun\/zincutat-plus\/#breadcrumb\",\"itemListElement\":[{\"@type\":\"ListItem\",\"position\":1,\"name\":\"Home\",\"item\":\"https:\/\/www.regnovet.com\/tr\/\"},{\"@type\":\"ListItem\",\"position\":2,\"name\":\"\u00dcr\u00fcnler\",\"item\":\"https:\/\/www.regnovet.com\/products\/\"},{\"@type\":\"ListItem\",\"position\":3,\"name\":\"ZINCUTAT-PLUS\"}]},{\"@type\":\"WebSite\",\"@id\":\"https:\/\/www.regnovet.com\/tr\/#website\",\"url\":\"https:\/\/www.regnovet.com\/tr\/\",\"name\":\"regnovet\",\"description\":\"\",\"publisher\":{\"@id\":\"https:\/\/www.regnovet.com\/tr\/#organization\"},\"potentialAction\":[{\"@type\":\"SearchAction\",\"target\":{\"@type\":\"EntryPoint\",\"urlTemplate\":\"https:\/\/www.regnovet.com\/tr\/?s={search_term_string}\"},\"query-input\":{\"@type\":\"PropertyValueSpecification\",\"valueRequired\":true,\"valueName\":\"search_term_string\"}}],\"inLanguage\":\"tr\"},{\"@type\":\"Organization\",\"@id\":\"https:\/\/www.regnovet.com\/tr\/#organization\",\"name\":\"regnovet\",\"url\":\"https:\/\/www.regnovet.com\/tr\/\",\"logo\":{\"@type\":\"ImageObject\",\"inLanguage\":\"tr\",\"@id\":\"https:\/\/www.regnovet.com\/tr\/#\/schema\/logo\/image\/\",\"url\":\"https:\/\/www.regnovet.com\/wp-content\/uploads\/2024\/09\/cropped-512.png\",\"contentUrl\":\"https:\/\/www.regnovet.com\/wp-content\/uploads\/2024\/09\/cropped-512.png\",\"width\":512,\"height\":512,\"caption\":\"regnovet\"},\"image\":{\"@id\":\"https:\/\/www.regnovet.com\/tr\/#\/schema\/logo\/image\/\"},\"sameAs\":[\"https:\/\/www.facebook.com\/people\/RegnoVet\/61571321505220\/\"]}]}<\/script>\n<!-- \/ Yoast SEO plugin. -->","yoast_head_json":{"title":"ZINCUTAT-PLUS - regnovet","robots":{"index":"index","follow":"follow","max-snippet":"max-snippet:-1","max-image-preview":"max-image-preview:large","max-video-preview":"max-video-preview:-1"},"canonical":"https:\/\/www.regnovet.com\/tr\/urun\/zincutat-plus\/","og_locale":"tr_TR","og_type":"article","og_title":"ZINCUTAT-PLUS - regnovet","og_description":"Sa\u011fl\u0131kl\u0131 toynaklar ve deri deste\u011fi sa\u011flamak, desteklemek ve te\u015fvik etmek i\u00e7in onaylanm\u0131\u015f bir Veteriner Sa\u011fl\u0131k \u00dcr\u00fcn\u00fcd\u00fcr. Dijital Dermatit, di\u011fer ad\u0131yla \"Papillomat\u00f6z dijital dermatit\" (POD) veya \"Mortellaro Hastal\u0131\u011f\u0131\", \"\u00e7ilekler\", \"k\u0131ll\u0131 ayak si\u011filleri\", \"\u0130nterdigital Papillomat\u00f6z\", \"\u00e7ilek topu\u011fu\" veya \"\u0130talyan ayak \u00e7\u00fcr\u00fcmesi\" i\u00e7in etkilidir. Bu \u00fcr\u00fcn, organik tar\u0131mda kullan\u0131lmak \u00fczere onaylanm\u0131\u015ft\u0131r. Operat\u00f6r ve \u00e7evre i\u00e7in g\u00fcvenlidir. Geni\u015f bir otomatik ayak banyosu ve sprey sistemlerinde kullan\u0131lmak \u00fczere uygundur.","og_url":"https:\/\/www.regnovet.com\/tr\/urun\/zincutat-plus\/","og_site_name":"regnovet","article_publisher":"https:\/\/www.facebook.com\/people\/RegnoVet\/61571321505220\/","article_modified_time":"2025-04-02T09:49:42+00:00","og_image":[{"width":700,"height":700,"url":"https:\/\/www.regnovet.com\/wp-content\/uploads\/2024\/11\/ZINCUTAT-PLUS-010.jpg","type":"image\/jpeg"}],"twitter_card":"summary_large_image","twitter_misc":{"Tahmini okuma s\u00fcresi":"1 dakika"},"schema":{"@context":"https:\/\/schema.org","@graph":[{"@type":"WebPage","@id":"https:\/\/www.regnovet.com\/tr\/urun\/zincutat-plus\/","url":"https:\/\/www.regnovet.com\/tr\/urun\/zincutat-plus\/","name":"ZINCUTAT-PLUS - regnovet","isPartOf":{"@id":"https:\/\/www.regnovet.com\/tr\/#website"},"primaryImageOfPage":{"@id":"https:\/\/www.regnovet.com\/tr\/urun\/zincutat-plus\/#primaryimage"},"image":{"@id":"https:\/\/www.regnovet.com\/tr\/urun\/zincutat-plus\/#primaryimage"},"thumbnailUrl":"https:\/\/www.regnovet.com\/wp-content\/uploads\/2024\/11\/ZINCUTAT-PLUS-010.jpg","datePublished":"2024-11-13T08:42:10+00:00","dateModified":"2025-04-02T09:49:42+00:00","breadcrumb":{"@id":"https:\/\/www.regnovet.com\/tr\/urun\/zincutat-plus\/#breadcrumb"},"inLanguage":"tr","potentialAction":[{"@type":"ReadAction","target":["https:\/\/www.regnovet.com\/tr\/urun\/zincutat-plus\/"]}]},{"@type":"ImageObject","inLanguage":"tr","@id":"https:\/\/www.regnovet.com\/tr\/urun\/zincutat-plus\/#primaryimage","url":"https:\/\/www.regnovet.com\/wp-content\/uploads\/2024\/11\/ZINCUTAT-PLUS-010.jpg","contentUrl":"https:\/\/www.regnovet.com\/wp-content\/uploads\/2024\/11\/ZINCUTAT-PLUS-010.jpg","width":700,"height":700},{"@type":"BreadcrumbList","@id":"https:\/\/www.regnovet.com\/tr\/urun\/zincutat-plus\/#breadcrumb","itemListElement":[{"@type":"ListItem","position":1,"name":"Home","item":"https:\/\/www.regnovet.com\/tr\/"},{"@type":"ListItem","position":2,"name":"\u00dcr\u00fcnler","item":"https:\/\/www.regnovet.com\/products\/"},{"@type":"ListItem","position":3,"name":"ZINCUTAT-PLUS"}]},{"@type":"WebSite","@id":"https:\/\/www.regnovet.com\/tr\/#website","url":"https:\/\/www.regnovet.com\/tr\/","name":"regnovet","description":"","publisher":{"@id":"https:\/\/www.regnovet.com\/tr\/#organization"},"potentialAction":[{"@type":"SearchAction","target":{"@type":"EntryPoint","urlTemplate":"https:\/\/www.regnovet.com\/tr\/?s={search_term_string}"},"query-input":{"@type":"PropertyValueSpecification","valueRequired":true,"valueName":"search_term_string"}}],"inLanguage":"tr"},{"@type":"Organization","@id":"https:\/\/www.regnovet.com\/tr\/#organization","name":"regnovet","url":"https:\/\/www.regnovet.com\/tr\/","logo":{"@type":"ImageObject","inLanguage":"tr","@id":"https:\/\/www.regnovet.com\/tr\/#\/schema\/logo\/image\/","url":"https:\/\/www.regnovet.com\/wp-content\/uploads\/2024\/09\/cropped-512.png","contentUrl":"https:\/\/www.regnovet.com\/wp-content\/uploads\/2024\/09\/cropped-512.png","width":512,"height":512,"caption":"regnovet"},"image":{"@id":"https:\/\/www.regnovet.com\/tr\/#\/schema\/logo\/image\/"},"sameAs":["https:\/\/www.facebook.com\/people\/RegnoVet\/61571321505220\/"]}]}},"_links":{"self":[{"href":"https:\/\/www.regnovet.com\/tr\/wp-json\/wp\/v2\/product\/29461","targetHints":{"allow":["GET"]}}],"collection":[{"href":"https:\/\/www.regnovet.com\/tr\/wp-json\/wp\/v2\/product"}],"about":[{"href":"https:\/\/www.regnovet.com\/tr\/wp-json\/wp\/v2\/types\/product"}],"version-history":[{"count":9,"href":"https:\/\/www.regnovet.com\/tr\/wp-json\/wp\/v2\/product\/29461\/revisions"}],"predecessor-version":[{"id":31805,"href":"https:\/\/www.regnovet.com\/tr\/wp-json\/wp\/v2\/product\/29461\/revisions\/31805"}],"wp:featuredmedia":[{"embeddable":true,"href":"https:\/\/www.regnovet.com\/tr\/wp-json\/wp\/v2\/media\/29409"}],"wp:attachment":[{"href":"https:\/\/www.regnovet.com\/tr\/wp-json\/wp\/v2\/media?parent=29461"}],"wp:term":[{"taxonomy":"product_cat","embeddable":true,"href":"https:\/\/www.regnovet.com\/tr\/wp-json\/wp\/v2\/product_cat?post=29461"},{"taxonomy":"product_tag","embeddable":true,"href":"https:\/\/www.regnovet.com\/tr\/wp-json\/wp\/v2\/product_tag?post=29461"}],"curies":[{"name":"wp","href":"https:\/\/api.w.org\/{rel}","templated":true}]}}