{"id":29474,"date":"2024-11-13T08:31:06","date_gmt":"2024-11-13T08:31:06","guid":{"rendered":"https:\/\/www.regnovet.com\/index.php\/product\/zincutat-4\/"},"modified":"2025-02-10T09:08:07","modified_gmt":"2025-02-10T09:08:07","slug":"zincutat-4","status":"publish","type":"product","link":"https:\/\/www.regnovet.com\/tr\/urun\/zincutat-4\/","title":{"rendered":"ZINCUTAT-4"},"content":{"rendered":"\t\t<div data-elementor-type=\"wp-post\" data-elementor-id=\"29474\" class=\"elementor elementor-29474 elementor-28831\">\n\t\t\t\t<div class=\"wd-negative-gap elementor-element elementor-element-cd35f01 e-flex e-con-boxed e-con e-parent\" data-id=\"cd35f01\" data-element_type=\"container\" data-e-type=\"container\">\n\t\t\t\t\t<div class=\"e-con-inner\">\n\t\t\t\t<div class=\"elementor-element elementor-element-3140e1c elementor-widget elementor-widget-toggle\" data-id=\"3140e1c\" data-element_type=\"widget\" data-e-type=\"widget\" data-widget_type=\"toggle.default\">\n\t\t\t\t<div class=\"elementor-widget-container\">\n\t\t\t\t\t\t\t<div class=\"elementor-toggle\">\n\t\t\t\t\t\t\t<div class=\"elementor-toggle-item\">\n\t\t\t\t\t<div id=\"elementor-tab-title-5161\" class=\"elementor-tab-title\" data-tab=\"1\" role=\"button\" aria-controls=\"elementor-tab-content-5161\" aria-expanded=\"false\">\n\t\t\t\t\t\t\t\t\t\t\t\t<span class=\"elementor-toggle-icon elementor-toggle-icon-left\" aria-hidden=\"true\">\n\t\t\t\t\t\t\t\t\t\t\t\t\t\t\t<span class=\"elementor-toggle-icon-closed\"><svg class=\"e-font-icon-svg e-fas-caret-right\" viewBox=\"0 0 192 512\" xmlns=\"http:\/\/www.w3.org\/2000\/svg\"><path d=\"M0 384.662V127.338c0-17.818 21.543-26.741 34.142-14.142l128.662 128.662c7.81 7.81 7.81 20.474 0 28.284L34.142 398.804C21.543 411.404 0 402.48 0 384.662z\"><\/path><\/svg><\/span>\n\t\t\t\t\t\t\t\t<span class=\"elementor-toggle-icon-opened\"><svg class=\"elementor-toggle-icon-opened e-font-icon-svg e-fas-caret-up\" viewBox=\"0 0 320 512\" xmlns=\"http:\/\/www.w3.org\/2000\/svg\"><path d=\"M288.662 352H31.338c-17.818 0-26.741-21.543-14.142-34.142l128.662-128.662c7.81-7.81 20.474-7.81 28.284 0l128.662 128.662c12.6 12.599 3.676 34.142-14.142 34.142z\"><\/path><\/svg><\/span>\n\t\t\t\t\t\t\t\t\t\t\t\t\t<\/span>\n\t\t\t\t\t\t\t\t\t\t\t\t<a class=\"elementor-toggle-title\" tabindex=\"0\">UYGULAMA I\u00c7IN HAZIRLIK Y\u00d6NTEMI:<\/a>\n\t\t\t\t\t<\/div>\n\n\t\t\t\t\t<div id=\"elementor-tab-content-5161\" class=\"elementor-tab-content elementor-clearfix\" data-tab=\"1\" role=\"region\" aria-labelledby=\"elementor-tab-title-5161\"><p>Konsantre olup, %2-5\u2019lik bir \u00e7\u00f6zeltinin haz\u0131rlanabilmesi i\u00e7in su ile seyreltilmesi gerekmektedir.<br \/>\nTam ve Homojen Bir \u00c7\u00f6zeltinin Sa\u011flanabilmesi \u0130\u00e7in, Bir T\u0131rm\u0131k ile Kar\u0131\u015ft\u0131rma Yap\u0131lmal\u0131d\u0131r.<\/p>\n<\/div>\n\t\t\t\t<\/div>\n\t\t\t\t\t\t\t<div class=\"elementor-toggle-item\">\n\t\t\t\t\t<div id=\"elementor-tab-title-5162\" class=\"elementor-tab-title\" data-tab=\"2\" role=\"button\" aria-controls=\"elementor-tab-content-5162\" aria-expanded=\"false\">\n\t\t\t\t\t\t\t\t\t\t\t\t<span class=\"elementor-toggle-icon elementor-toggle-icon-left\" aria-hidden=\"true\">\n\t\t\t\t\t\t\t\t\t\t\t\t\t\t\t<span class=\"elementor-toggle-icon-closed\"><svg class=\"e-font-icon-svg e-fas-caret-right\" viewBox=\"0 0 192 512\" xmlns=\"http:\/\/www.w3.org\/2000\/svg\"><path d=\"M0 384.662V127.338c0-17.818 21.543-26.741 34.142-14.142l128.662 128.662c7.81 7.81 7.81 20.474 0 28.284L34.142 398.804C21.543 411.404 0 402.48 0 384.662z\"><\/path><\/svg><\/span>\n\t\t\t\t\t\t\t\t<span class=\"elementor-toggle-icon-opened\"><svg class=\"elementor-toggle-icon-opened e-font-icon-svg e-fas-caret-up\" viewBox=\"0 0 320 512\" xmlns=\"http:\/\/www.w3.org\/2000\/svg\"><path d=\"M288.662 352H31.338c-17.818 0-26.741-21.543-14.142-34.142l128.662-128.662c7.81-7.81 20.474-7.81 28.284 0l128.662 128.662c12.6 12.599 3.676 34.142-14.142 34.142z\"><\/path><\/svg><\/span>\n\t\t\t\t\t\t\t\t\t\t\t\t\t<\/span>\n\t\t\t\t\t\t\t\t\t\t\t\t<a class=\"elementor-toggle-title\" tabindex=\"0\">TAVSIYE EDILEN KULLANIM:<\/a>\n\t\t\t\t\t<\/div>\n\n\t\t\t\t\t<div id=\"elementor-tab-content-5162\" class=\"elementor-tab-content elementor-clearfix\" data-tab=\"2\" role=\"region\" aria-labelledby=\"elementor-tab-title-5162\"><p>Ayak banyosu, toynek sorunlar\u0131 belirgin \u015fekilde azalana kadar haftada bir kez 4 hafta boyunca s\u00fcrekli olarak uygulanmal\u0131d\u0131r. \u00c7\u00f6zeltinin seviyesi, t\u00fcm toynaklar\u0131n tamamen batacak \u015fekilde y\u00fcksek olmal\u0131d\u0131r.<br \/>\n\u00c7\u00f6zeltinin, yakla\u015f\u0131k 250-300 inek ge\u00e7i\u015finden sonra a\u011f\u0131r \u015fekilde kirlenmesi durumunda yenilenmesi gerekir. \u00c7\u00f6zeltinin derinli\u011fi 4 in\u00e7in alt\u0131na d\u00fc\u015ft\u00fc\u011f\u00fcnde yeniden doldurulmal\u0131d\u0131r. Haftal\u0131k program, \u015fiddet azalana kadar tekrarlanmal\u0131d\u0131r. Ard\u0131ndan, bak\u0131m i\u00e7in iki haftada bir kullan\u0131lacak \u015fekilde de\u011fi\u015ftirilebilir.<\/p>\n<\/div>\n\t\t\t\t<\/div>\n\t\t\t\t\t\t\t<div class=\"elementor-toggle-item\">\n\t\t\t\t\t<div id=\"elementor-tab-title-5163\" class=\"elementor-tab-title\" data-tab=\"3\" role=\"button\" aria-controls=\"elementor-tab-content-5163\" aria-expanded=\"false\">\n\t\t\t\t\t\t\t\t\t\t\t\t<span class=\"elementor-toggle-icon elementor-toggle-icon-left\" aria-hidden=\"true\">\n\t\t\t\t\t\t\t\t\t\t\t\t\t\t\t<span class=\"elementor-toggle-icon-closed\"><svg class=\"e-font-icon-svg e-fas-caret-right\" viewBox=\"0 0 192 512\" xmlns=\"http:\/\/www.w3.org\/2000\/svg\"><path d=\"M0 384.662V127.338c0-17.818 21.543-26.741 34.142-14.142l128.662 128.662c7.81 7.81 7.81 20.474 0 28.284L34.142 398.804C21.543 411.404 0 402.48 0 384.662z\"><\/path><\/svg><\/span>\n\t\t\t\t\t\t\t\t<span class=\"elementor-toggle-icon-opened\"><svg class=\"elementor-toggle-icon-opened e-font-icon-svg e-fas-caret-up\" viewBox=\"0 0 320 512\" xmlns=\"http:\/\/www.w3.org\/2000\/svg\"><path d=\"M288.662 352H31.338c-17.818 0-26.741-21.543-14.142-34.142l128.662-128.662c7.81-7.81 20.474-7.81 28.284 0l128.662 128.662c12.6 12.599 3.676 34.142-14.142 34.142z\"><\/path><\/svg><\/span>\n\t\t\t\t\t\t\t\t\t\t\t\t\t<\/span>\n\t\t\t\t\t\t\t\t\t\t\t\t<a class=\"elementor-toggle-title\" tabindex=\"0\">KIMYASAL BILE\u015eIM:<\/a>\n\t\t\t\t\t<\/div>\n\n\t\t\t\t\t<div id=\"elementor-tab-content-5163\" class=\"elementor-tab-content elementor-clearfix\" data-tab=\"3\" role=\"region\" aria-labelledby=\"elementor-tab-title-5163\"><table>\n<tbody>\n<tr>\n<td width=\"118\"><strong>\u00a0<\/strong><\/p>\n<p><strong>AKT\u0130F \u0130\u00c7ER\u0130K ADI<\/strong><\/td>\n<td width=\"118\"><strong>\u00a0<\/strong><\/p>\n<p><b>KONSANTRASYON (%)<\/b><\/td>\n<\/tr>\n<tr>\n<td width=\"118\">CuS04 Bak\u0131r S\u00fclfat<\/td>\n<td width=\"118\"><strong>\u00a0<\/strong><\/p>\n<p>&gt; 45%<\/td>\n<\/tr>\n<tr>\n<td width=\"118\"><strong>\u00a0<\/strong><\/p>\n<p>\u00e7inko s\u00fclfat<\/td>\n<td width=\"118\"><strong>\u00a0<\/strong><\/p>\n<p>&gt; 45%<\/td>\n<\/tr>\n<\/tbody>\n<\/table>\n<\/div>\n\t\t\t\t<\/div>\n\t\t\t\t\t\t\t\t<\/div>\n\t\t\t\t\t\t<\/div>\n\t\t\t\t<\/div>\n\t\t\t\t\t<\/div>\n\t\t\t\t<\/div>\n\t\t\t\t<\/div>\n\t\t","protected":false},"excerpt":{"rendered":"<p>Geli\u015fmi\u015f Bak\u0131r ve \u00c7inko S\u00fclfatlar\u0131 Form\u00fcl\u00fc ile Etkili Dezenfektan<br \/>\nBu dezenfektan, temiz ve g\u00fcvenli bir ortam\u0131n korunmas\u0131 i\u00e7in g\u00fc\u00e7l\u00fc ve verimli bir \u00e7\u00f6z\u00fcmd\u00fcr. %45&#8217;ten fazla bak\u0131r s\u00fclfat ve \u00e7inko s\u00fclfat\u0131 i\u00e7eren yenilik\u00e7i form\u00fcl\u00fc ile \u00e7e\u015fitli ortamlarda kapsaml\u0131 dezenfeksiyon i\u00e7in idealdir.<br \/>\n\u2022 Bak\u0131r S\u00fclfat: Geni\u015f bir bakteri ve vir\u00fcs yelpazesine kar\u015f\u0131 etkili bir dezenfektan olarak g\u00f6rev yapar, zararl\u0131 mikroplar\u0131 etkili bir \u015fekilde yok eder.<br \/>\n\u2022 \u00c7inko S\u00fclfat: Dezenfektan\u0131n etkinli\u011fini art\u0131r\u0131r ve y\u00fczeylerin yeniden kirlenmeye kar\u015f\u0131 korunmas\u0131na yard\u0131mc\u0131 olur.<\/p>\n<p>Bu dezenfektan, kamusal alanlar, ticari tesisler ve evlerde mikropsuz ortamlar sa\u011flamada m\u00fckemmeldir. Y\u00fcksek temizlik seviyelerini sa\u011flamak i\u00e7in \u00e7e\u015fitli y\u00fczeyler ve ekipmanlar \u00fczerinde g\u00fcvenle kullan\u0131labilir.<\/p>\n","protected":false},"featured_media":29407,"template":"","meta":[],"product_cat":[159],"product_tag":[],"class_list":{"0":"post-29474","1":"product","2":"type-product","3":"status-publish","4":"has-post-thumbnail","6":"product_cat-antiseptikler","8":"first","9":"instock","10":"shipping-taxable","11":"product-type-simple"},"yoast_head":"<!-- This site is optimized with the Yoast SEO plugin v24.1 - https:\/\/yoast.com\/wordpress\/plugins\/seo\/ -->\n<title>ZINCUTAT-4 - regnovet<\/title>\n<meta name=\"robots\" content=\"index, follow, max-snippet:-1, max-image-preview:large, max-video-preview:-1\" \/>\n<link rel=\"canonical\" href=\"https:\/\/www.regnovet.com\/tr\/urun\/zincutat-4\/\" \/>\n<meta property=\"og:locale\" content=\"tr_TR\" \/>\n<meta property=\"og:type\" content=\"article\" \/>\n<meta property=\"og:title\" content=\"ZINCUTAT-4 - regnovet\" \/>\n<meta property=\"og:description\" content=\"Geli\u015fmi\u015f Bak\u0131r ve \u00c7inko S\u00fclfatlar\u0131 Form\u00fcl\u00fc ile Etkili Dezenfektan Bu dezenfektan, temiz ve g\u00fcvenli bir ortam\u0131n korunmas\u0131 i\u00e7in g\u00fc\u00e7l\u00fc ve verimli bir \u00e7\u00f6z\u00fcmd\u00fcr. %45&#039;ten fazla bak\u0131r s\u00fclfat ve \u00e7inko s\u00fclfat\u0131 i\u00e7eren yenilik\u00e7i form\u00fcl\u00fc ile \u00e7e\u015fitli ortamlarda kapsaml\u0131 dezenfeksiyon i\u00e7in idealdir. \u2022 Bak\u0131r S\u00fclfat: Geni\u015f bir bakteri ve vir\u00fcs yelpazesine kar\u015f\u0131 etkili bir dezenfektan olarak g\u00f6rev yapar, zararl\u0131 mikroplar\u0131 etkili bir \u015fekilde yok eder. \u2022 \u00c7inko S\u00fclfat: Dezenfektan\u0131n etkinli\u011fini art\u0131r\u0131r ve y\u00fczeylerin yeniden kirlenmeye kar\u015f\u0131 korunmas\u0131na yard\u0131mc\u0131 olur.  Bu dezenfektan, kamusal alanlar, ticari tesisler ve evlerde mikropsuz ortamlar sa\u011flamada m\u00fckemmeldir. Y\u00fcksek temizlik seviyelerini sa\u011flamak i\u00e7in \u00e7e\u015fitli y\u00fczeyler ve ekipmanlar \u00fczerinde g\u00fcvenle kullan\u0131labilir.\" \/>\n<meta property=\"og:url\" content=\"https:\/\/www.regnovet.com\/tr\/urun\/zincutat-4\/\" \/>\n<meta property=\"og:site_name\" content=\"regnovet\" \/>\n<meta property=\"article:publisher\" content=\"https:\/\/www.facebook.com\/people\/RegnoVet\/61571321505220\/\" \/>\n<meta property=\"article:modified_time\" content=\"2025-02-10T09:08:07+00:00\" \/>\n<meta property=\"og:image\" content=\"https:\/\/www.regnovet.com\/wp-content\/uploads\/2024\/11\/ZINCUTAT-4-010.jpg\" \/>\n\t<meta property=\"og:image:width\" content=\"700\" \/>\n\t<meta property=\"og:image:height\" content=\"700\" \/>\n\t<meta property=\"og:image:type\" content=\"image\/jpeg\" \/>\n<meta name=\"twitter:card\" content=\"summary_large_image\" \/>\n<meta name=\"twitter:label1\" content=\"Tahmini okuma s\u00fcresi\" \/>\n\t<meta name=\"twitter:data1\" content=\"1 dakika\" \/>\n<script type=\"application\/ld+json\" class=\"yoast-schema-graph\">{\"@context\":\"https:\/\/schema.org\",\"@graph\":[{\"@type\":\"WebPage\",\"@id\":\"https:\/\/www.regnovet.com\/tr\/urun\/zincutat-4\/\",\"url\":\"https:\/\/www.regnovet.com\/tr\/urun\/zincutat-4\/\",\"name\":\"ZINCUTAT-4 - regnovet\",\"isPartOf\":{\"@id\":\"https:\/\/www.regnovet.com\/tr\/#website\"},\"primaryImageOfPage\":{\"@id\":\"https:\/\/www.regnovet.com\/tr\/urun\/zincutat-4\/#primaryimage\"},\"image\":{\"@id\":\"https:\/\/www.regnovet.com\/tr\/urun\/zincutat-4\/#primaryimage\"},\"thumbnailUrl\":\"https:\/\/www.regnovet.com\/wp-content\/uploads\/2024\/11\/ZINCUTAT-4-010.jpg\",\"datePublished\":\"2024-11-13T08:31:06+00:00\",\"dateModified\":\"2025-02-10T09:08:07+00:00\",\"breadcrumb\":{\"@id\":\"https:\/\/www.regnovet.com\/tr\/urun\/zincutat-4\/#breadcrumb\"},\"inLanguage\":\"tr\",\"potentialAction\":[{\"@type\":\"ReadAction\",\"target\":[\"https:\/\/www.regnovet.com\/tr\/urun\/zincutat-4\/\"]}]},{\"@type\":\"ImageObject\",\"inLanguage\":\"tr\",\"@id\":\"https:\/\/www.regnovet.com\/tr\/urun\/zincutat-4\/#primaryimage\",\"url\":\"https:\/\/www.regnovet.com\/wp-content\/uploads\/2024\/11\/ZINCUTAT-4-010.jpg\",\"contentUrl\":\"https:\/\/www.regnovet.com\/wp-content\/uploads\/2024\/11\/ZINCUTAT-4-010.jpg\",\"width\":700,\"height\":700},{\"@type\":\"BreadcrumbList\",\"@id\":\"https:\/\/www.regnovet.com\/tr\/urun\/zincutat-4\/#breadcrumb\",\"itemListElement\":[{\"@type\":\"ListItem\",\"position\":1,\"name\":\"Home\",\"item\":\"https:\/\/www.regnovet.com\/tr\/\"},{\"@type\":\"ListItem\",\"position\":2,\"name\":\"\u00dcr\u00fcnler\",\"item\":\"https:\/\/www.regnovet.com\/products\/\"},{\"@type\":\"ListItem\",\"position\":3,\"name\":\"ZINCUTAT-4\"}]},{\"@type\":\"WebSite\",\"@id\":\"https:\/\/www.regnovet.com\/tr\/#website\",\"url\":\"https:\/\/www.regnovet.com\/tr\/\",\"name\":\"regnovet\",\"description\":\"\",\"publisher\":{\"@id\":\"https:\/\/www.regnovet.com\/tr\/#organization\"},\"potentialAction\":[{\"@type\":\"SearchAction\",\"target\":{\"@type\":\"EntryPoint\",\"urlTemplate\":\"https:\/\/www.regnovet.com\/tr\/?s={search_term_string}\"},\"query-input\":{\"@type\":\"PropertyValueSpecification\",\"valueRequired\":true,\"valueName\":\"search_term_string\"}}],\"inLanguage\":\"tr\"},{\"@type\":\"Organization\",\"@id\":\"https:\/\/www.regnovet.com\/tr\/#organization\",\"name\":\"regnovet\",\"url\":\"https:\/\/www.regnovet.com\/tr\/\",\"logo\":{\"@type\":\"ImageObject\",\"inLanguage\":\"tr\",\"@id\":\"https:\/\/www.regnovet.com\/tr\/#\/schema\/logo\/image\/\",\"url\":\"https:\/\/www.regnovet.com\/wp-content\/uploads\/2024\/09\/cropped-512.png\",\"contentUrl\":\"https:\/\/www.regnovet.com\/wp-content\/uploads\/2024\/09\/cropped-512.png\",\"width\":512,\"height\":512,\"caption\":\"regnovet\"},\"image\":{\"@id\":\"https:\/\/www.regnovet.com\/tr\/#\/schema\/logo\/image\/\"},\"sameAs\":[\"https:\/\/www.facebook.com\/people\/RegnoVet\/61571321505220\/\"]}]}<\/script>\n<!-- \/ Yoast SEO plugin. -->","yoast_head_json":{"title":"ZINCUTAT-4 - regnovet","robots":{"index":"index","follow":"follow","max-snippet":"max-snippet:-1","max-image-preview":"max-image-preview:large","max-video-preview":"max-video-preview:-1"},"canonical":"https:\/\/www.regnovet.com\/tr\/urun\/zincutat-4\/","og_locale":"tr_TR","og_type":"article","og_title":"ZINCUTAT-4 - regnovet","og_description":"Geli\u015fmi\u015f Bak\u0131r ve \u00c7inko S\u00fclfatlar\u0131 Form\u00fcl\u00fc ile Etkili Dezenfektan Bu dezenfektan, temiz ve g\u00fcvenli bir ortam\u0131n korunmas\u0131 i\u00e7in g\u00fc\u00e7l\u00fc ve verimli bir \u00e7\u00f6z\u00fcmd\u00fcr. %45'ten fazla bak\u0131r s\u00fclfat ve \u00e7inko s\u00fclfat\u0131 i\u00e7eren yenilik\u00e7i form\u00fcl\u00fc ile \u00e7e\u015fitli ortamlarda kapsaml\u0131 dezenfeksiyon i\u00e7in idealdir. \u2022 Bak\u0131r S\u00fclfat: Geni\u015f bir bakteri ve vir\u00fcs yelpazesine kar\u015f\u0131 etkili bir dezenfektan olarak g\u00f6rev yapar, zararl\u0131 mikroplar\u0131 etkili bir \u015fekilde yok eder. \u2022 \u00c7inko S\u00fclfat: Dezenfektan\u0131n etkinli\u011fini art\u0131r\u0131r ve y\u00fczeylerin yeniden kirlenmeye kar\u015f\u0131 korunmas\u0131na yard\u0131mc\u0131 olur.  Bu dezenfektan, kamusal alanlar, ticari tesisler ve evlerde mikropsuz ortamlar sa\u011flamada m\u00fckemmeldir. Y\u00fcksek temizlik seviyelerini sa\u011flamak i\u00e7in \u00e7e\u015fitli y\u00fczeyler ve ekipmanlar \u00fczerinde g\u00fcvenle kullan\u0131labilir.","og_url":"https:\/\/www.regnovet.com\/tr\/urun\/zincutat-4\/","og_site_name":"regnovet","article_publisher":"https:\/\/www.facebook.com\/people\/RegnoVet\/61571321505220\/","article_modified_time":"2025-02-10T09:08:07+00:00","og_image":[{"width":700,"height":700,"url":"https:\/\/www.regnovet.com\/wp-content\/uploads\/2024\/11\/ZINCUTAT-4-010.jpg","type":"image\/jpeg"}],"twitter_card":"summary_large_image","twitter_misc":{"Tahmini okuma s\u00fcresi":"1 dakika"},"schema":{"@context":"https:\/\/schema.org","@graph":[{"@type":"WebPage","@id":"https:\/\/www.regnovet.com\/tr\/urun\/zincutat-4\/","url":"https:\/\/www.regnovet.com\/tr\/urun\/zincutat-4\/","name":"ZINCUTAT-4 - regnovet","isPartOf":{"@id":"https:\/\/www.regnovet.com\/tr\/#website"},"primaryImageOfPage":{"@id":"https:\/\/www.regnovet.com\/tr\/urun\/zincutat-4\/#primaryimage"},"image":{"@id":"https:\/\/www.regnovet.com\/tr\/urun\/zincutat-4\/#primaryimage"},"thumbnailUrl":"https:\/\/www.regnovet.com\/wp-content\/uploads\/2024\/11\/ZINCUTAT-4-010.jpg","datePublished":"2024-11-13T08:31:06+00:00","dateModified":"2025-02-10T09:08:07+00:00","breadcrumb":{"@id":"https:\/\/www.regnovet.com\/tr\/urun\/zincutat-4\/#breadcrumb"},"inLanguage":"tr","potentialAction":[{"@type":"ReadAction","target":["https:\/\/www.regnovet.com\/tr\/urun\/zincutat-4\/"]}]},{"@type":"ImageObject","inLanguage":"tr","@id":"https:\/\/www.regnovet.com\/tr\/urun\/zincutat-4\/#primaryimage","url":"https:\/\/www.regnovet.com\/wp-content\/uploads\/2024\/11\/ZINCUTAT-4-010.jpg","contentUrl":"https:\/\/www.regnovet.com\/wp-content\/uploads\/2024\/11\/ZINCUTAT-4-010.jpg","width":700,"height":700},{"@type":"BreadcrumbList","@id":"https:\/\/www.regnovet.com\/tr\/urun\/zincutat-4\/#breadcrumb","itemListElement":[{"@type":"ListItem","position":1,"name":"Home","item":"https:\/\/www.regnovet.com\/tr\/"},{"@type":"ListItem","position":2,"name":"\u00dcr\u00fcnler","item":"https:\/\/www.regnovet.com\/products\/"},{"@type":"ListItem","position":3,"name":"ZINCUTAT-4"}]},{"@type":"WebSite","@id":"https:\/\/www.regnovet.com\/tr\/#website","url":"https:\/\/www.regnovet.com\/tr\/","name":"regnovet","description":"","publisher":{"@id":"https:\/\/www.regnovet.com\/tr\/#organization"},"potentialAction":[{"@type":"SearchAction","target":{"@type":"EntryPoint","urlTemplate":"https:\/\/www.regnovet.com\/tr\/?s={search_term_string}"},"query-input":{"@type":"PropertyValueSpecification","valueRequired":true,"valueName":"search_term_string"}}],"inLanguage":"tr"},{"@type":"Organization","@id":"https:\/\/www.regnovet.com\/tr\/#organization","name":"regnovet","url":"https:\/\/www.regnovet.com\/tr\/","logo":{"@type":"ImageObject","inLanguage":"tr","@id":"https:\/\/www.regnovet.com\/tr\/#\/schema\/logo\/image\/","url":"https:\/\/www.regnovet.com\/wp-content\/uploads\/2024\/09\/cropped-512.png","contentUrl":"https:\/\/www.regnovet.com\/wp-content\/uploads\/2024\/09\/cropped-512.png","width":512,"height":512,"caption":"regnovet"},"image":{"@id":"https:\/\/www.regnovet.com\/tr\/#\/schema\/logo\/image\/"},"sameAs":["https:\/\/www.facebook.com\/people\/RegnoVet\/61571321505220\/"]}]}},"_links":{"self":[{"href":"https:\/\/www.regnovet.com\/tr\/wp-json\/wp\/v2\/product\/29474","targetHints":{"allow":["GET"]}}],"collection":[{"href":"https:\/\/www.regnovet.com\/tr\/wp-json\/wp\/v2\/product"}],"about":[{"href":"https:\/\/www.regnovet.com\/tr\/wp-json\/wp\/v2\/types\/product"}],"version-history":[{"count":7,"href":"https:\/\/www.regnovet.com\/tr\/wp-json\/wp\/v2\/product\/29474\/revisions"}],"predecessor-version":[{"id":31242,"href":"https:\/\/www.regnovet.com\/tr\/wp-json\/wp\/v2\/product\/29474\/revisions\/31242"}],"wp:featuredmedia":[{"embeddable":true,"href":"https:\/\/www.regnovet.com\/tr\/wp-json\/wp\/v2\/media\/29407"}],"wp:attachment":[{"href":"https:\/\/www.regnovet.com\/tr\/wp-json\/wp\/v2\/media?parent=29474"}],"wp:term":[{"taxonomy":"product_cat","embeddable":true,"href":"https:\/\/www.regnovet.com\/tr\/wp-json\/wp\/v2\/product_cat?post=29474"},{"taxonomy":"product_tag","embeddable":true,"href":"https:\/\/www.regnovet.com\/tr\/wp-json\/wp\/v2\/product_tag?post=29474"}],"curies":[{"name":"wp","href":"https:\/\/api.w.org\/{rel}","templated":true}]}}