{"id":29477,"date":"2024-11-13T09:26:55","date_gmt":"2024-11-13T09:26:55","guid":{"rendered":"https:\/\/www.regnovet.com\/index.php\/product\/povi-guard-s\/"},"modified":"2025-04-02T08:47:32","modified_gmt":"2025-04-02T08:47:32","slug":"povi-guard-s","status":"publish","type":"product","link":"https:\/\/www.regnovet.com\/tr\/urun\/povi-guard-s\/","title":{"rendered":"POVI-GUARD-S"},"content":{"rendered":"\t\t<div data-elementor-type=\"wp-post\" data-elementor-id=\"29477\" class=\"elementor elementor-29477 elementor-28840\">\n\t\t\t\t<div class=\"wd-negative-gap elementor-element elementor-element-c1d33da e-flex e-con-boxed e-con e-parent\" data-id=\"c1d33da\" data-element_type=\"container\" data-e-type=\"container\">\n\t\t\t\t\t<div class=\"e-con-inner\">\n\t\t\t\t<div class=\"elementor-element elementor-element-64cd6ac elementor-widget elementor-widget-toggle\" data-id=\"64cd6ac\" data-element_type=\"widget\" data-e-type=\"widget\" data-widget_type=\"toggle.default\">\n\t\t\t\t<div class=\"elementor-widget-container\">\n\t\t\t\t\t\t\t<div class=\"elementor-toggle\">\n\t\t\t\t\t\t\t<div class=\"elementor-toggle-item\">\n\t\t\t\t\t<div id=\"elementor-tab-title-1051\" class=\"elementor-tab-title\" data-tab=\"1\" role=\"button\" aria-controls=\"elementor-tab-content-1051\" aria-expanded=\"false\">\n\t\t\t\t\t\t\t\t\t\t\t\t<span class=\"elementor-toggle-icon elementor-toggle-icon-left\" aria-hidden=\"true\">\n\t\t\t\t\t\t\t\t\t\t\t\t\t\t\t<span class=\"elementor-toggle-icon-closed\"><svg class=\"e-font-icon-svg e-fas-caret-right\" viewBox=\"0 0 192 512\" xmlns=\"http:\/\/www.w3.org\/2000\/svg\"><path d=\"M0 384.662V127.338c0-17.818 21.543-26.741 34.142-14.142l128.662 128.662c7.81 7.81 7.81 20.474 0 28.284L34.142 398.804C21.543 411.404 0 402.48 0 384.662z\"><\/path><\/svg><\/span>\n\t\t\t\t\t\t\t\t<span class=\"elementor-toggle-icon-opened\"><svg class=\"elementor-toggle-icon-opened e-font-icon-svg e-fas-caret-up\" viewBox=\"0 0 320 512\" xmlns=\"http:\/\/www.w3.org\/2000\/svg\"><path d=\"M288.662 352H31.338c-17.818 0-26.741-21.543-14.142-34.142l128.662-128.662c7.81-7.81 20.474-7.81 28.284 0l128.662 128.662c12.6 12.599 3.676 34.142-14.142 34.142z\"><\/path><\/svg><\/span>\n\t\t\t\t\t\t\t\t\t\t\t\t\t<\/span>\n\t\t\t\t\t\t\t\t\t\t\t\t<a class=\"elementor-toggle-title\" tabindex=\"0\">Mikrobiyolojik Etki:<\/a>\n\t\t\t\t\t<\/div>\n\n\t\t\t\t\t<div id=\"elementor-tab-content-1051\" class=\"elementor-tab-content elementor-clearfix\" data-tab=\"1\" role=\"region\" aria-labelledby=\"elementor-tab-title-1051\"><p>Vir\u00fcslere kar\u015f\u0131 (IIHBV, HIV, HCVI) etkilidir. Koksidya, Newcastle, bron\u015fit, gram (-) ve gram (+) parazitler, mantarlar, sporlar. Bu mekanizma, bakterileri, parazitleri ve vir\u00fcsleri \u00f6ld\u00fcrerek sporlar\u0131, proteinleri ve enzim gruplar\u0131n\u0131 dis\u00fclfide d\u00f6n\u00fc\u015ft\u00fcrerek inaktive eder.<\/p>\n<\/div>\n\t\t\t\t<\/div>\n\t\t\t\t\t\t\t<div class=\"elementor-toggle-item\">\n\t\t\t\t\t<div id=\"elementor-tab-title-1052\" class=\"elementor-tab-title\" data-tab=\"2\" role=\"button\" aria-controls=\"elementor-tab-content-1052\" aria-expanded=\"false\">\n\t\t\t\t\t\t\t\t\t\t\t\t<span class=\"elementor-toggle-icon elementor-toggle-icon-left\" aria-hidden=\"true\">\n\t\t\t\t\t\t\t\t\t\t\t\t\t\t\t<span class=\"elementor-toggle-icon-closed\"><svg class=\"e-font-icon-svg e-fas-caret-right\" viewBox=\"0 0 192 512\" xmlns=\"http:\/\/www.w3.org\/2000\/svg\"><path d=\"M0 384.662V127.338c0-17.818 21.543-26.741 34.142-14.142l128.662 128.662c7.81 7.81 7.81 20.474 0 28.284L34.142 398.804C21.543 411.404 0 402.48 0 384.662z\"><\/path><\/svg><\/span>\n\t\t\t\t\t\t\t\t<span class=\"elementor-toggle-icon-opened\"><svg class=\"elementor-toggle-icon-opened e-font-icon-svg e-fas-caret-up\" viewBox=\"0 0 320 512\" xmlns=\"http:\/\/www.w3.org\/2000\/svg\"><path d=\"M288.662 352H31.338c-17.818 0-26.741-21.543-14.142-34.142l128.662-128.662c7.81-7.81 20.474-7.81 28.284 0l128.662 128.662c12.6 12.599 3.676 34.142-14.142 34.142z\"><\/path><\/svg><\/span>\n\t\t\t\t\t\t\t\t\t\t\t\t\t<\/span>\n\t\t\t\t\t\t\t\t\t\t\t\t<a class=\"elementor-toggle-title\" tabindex=\"0\">Uygulama:<\/a>\n\t\t\t\t\t<\/div>\n\n\t\t\t\t\t<div id=\"elementor-tab-content-1052\" class=\"elementor-tab-content elementor-clearfix\" data-tab=\"2\" role=\"region\" aria-labelledby=\"elementor-tab-title-1052\"><p>\u00dcr\u00fcn uygulamas\u0131 haftada bir kez yap\u0131l\u0131r, gerekirse tekrarlan\u0131r. Su Hijyeni i\u00e7in; 1600 litre suya 1 litre \u00fcr\u00fcn kullan\u0131larak \u00e7\u00f6z\u00fcm haz\u0131rlan\u0131r. Ayak temizleme hijyeni i\u00e7in; 200 litre suya 1 litre \u00fcr\u00fcn kullan\u0131larak \u00e7\u00f6z\u00fcm haz\u0131rlan\u0131r. \u0130nk\u00fcbasyon tanklar\u0131 ve ekipman i\u00e7in: 400 litre suya 1 litre \u00fcr\u00fcn kullan\u0131larak \u00e7\u00f6z\u00fcm haz\u0131rlan\u0131r. Sisleme y\u00f6ntemiyle hayvan dezenfeksiyonu i\u00e7in: 500 litre suya 1 litre \u00fcr\u00fcn ile \u00e7\u00f6z\u00fcm haz\u0131rlan\u0131r. Ara\u00e7 ve gere\u00e7lerin dezenfeksiyonu i\u00e7in, 200 litre suya 1 litre \u00fcr\u00fcn ile \u00e7\u00f6z\u00fcm haz\u0131rlan\u0131r. Hayvan bar\u0131naklar\u0131n\u0131n yo\u011fun dezenfeksiyonunda; 200 litre suya 1 litre \u00fcr\u00fcn. Orta kirlilikte \u00e7\u00f6z\u00fcm 400 litre suya 1 litre \u00fcr\u00fcn ile haz\u0131rlan\u0131r. Sisleme uygulamalar\u0131nda, 100 m2 alan\u0131n dezenfeksiyonu i\u00e7in yakla\u015f\u0131k 1 litre \u00e7\u00f6z\u00fcm t\u00fcketilir. K\u00fcmeslerde suya enjeksiyon uygulan\u0131yorsa, uygulamadan 3 g\u00fcn \u00f6nce enjeksiyon durdurulmal\u0131d\u0131r.<\/p>\n<\/div>\n\t\t\t\t<\/div>\n\t\t\t\t\t\t\t<div class=\"elementor-toggle-item\">\n\t\t\t\t\t<div id=\"elementor-tab-title-1053\" class=\"elementor-tab-title\" data-tab=\"3\" role=\"button\" aria-controls=\"elementor-tab-content-1053\" aria-expanded=\"false\">\n\t\t\t\t\t\t\t\t\t\t\t\t<span class=\"elementor-toggle-icon elementor-toggle-icon-left\" aria-hidden=\"true\">\n\t\t\t\t\t\t\t\t\t\t\t\t\t\t\t<span class=\"elementor-toggle-icon-closed\"><svg class=\"e-font-icon-svg e-fas-caret-right\" viewBox=\"0 0 192 512\" xmlns=\"http:\/\/www.w3.org\/2000\/svg\"><path d=\"M0 384.662V127.338c0-17.818 21.543-26.741 34.142-14.142l128.662 128.662c7.81 7.81 7.81 20.474 0 28.284L34.142 398.804C21.543 411.404 0 402.48 0 384.662z\"><\/path><\/svg><\/span>\n\t\t\t\t\t\t\t\t<span class=\"elementor-toggle-icon-opened\"><svg class=\"elementor-toggle-icon-opened e-font-icon-svg e-fas-caret-up\" viewBox=\"0 0 320 512\" xmlns=\"http:\/\/www.w3.org\/2000\/svg\"><path d=\"M288.662 352H31.338c-17.818 0-26.741-21.543-14.142-34.142l128.662-128.662c7.81-7.81 20.474-7.81 28.284 0l128.662 128.662c12.6 12.599 3.676 34.142-14.142 34.142z\"><\/path><\/svg><\/span>\n\t\t\t\t\t\t\t\t\t\t\t\t\t<\/span>\n\t\t\t\t\t\t\t\t\t\t\t\t<a class=\"elementor-toggle-title\" tabindex=\"0\"><strong>K\u0130MYASAL YAPI:<\/strong><\/a>\n\t\t\t\t\t<\/div>\n\n\t\t\t\t\t<div id=\"elementor-tab-content-1053\" class=\"elementor-tab-content elementor-clearfix\" data-tab=\"3\" role=\"region\" aria-labelledby=\"elementor-tab-title-1053\"><table>\n<tbody>\n<tr>\n<td colspan=\"2\" width=\"236\"><strong>\u00a0<\/strong><\/p>\n<p><strong>bile<\/strong><strong>\u015f<\/strong><strong>im<\/strong><\/p>\n<p>&nbsp;<\/td>\n<\/tr>\n<tr>\n<td width=\"118\"><strong>\u00a0<\/strong><\/p>\n<p>ETK\u0130N MADDE ADI<\/td>\n<td width=\"118\"><strong>\u00a0<\/strong><\/p>\n<p>KONSANTRASYON (%)<\/td>\n<\/tr>\n<tr>\n<td width=\"118\">Povidon \u0130yot<\/td>\n<td width=\"118\">3<\/p>\n<p>&nbsp;<\/td>\n<\/tr>\n<tr>\n<td width=\"118\">Fosforik asit<\/td>\n<td width=\"118\">\u2264 18<\/td>\n<\/tr>\n<\/tbody>\n<\/table>\n<\/div>\n\t\t\t\t<\/div>\n\t\t\t\t\t\t\t\t<\/div>\n\t\t\t\t\t\t<\/div>\n\t\t\t\t<\/div>\n\t\t\t\t\t<\/div>\n\t\t\t\t<\/div>\n\t\t\t\t<\/div>\n\t\t","protected":false},"excerpt":{"rendered":"<p>Y\u00fcksek seviye dezenfektan geni\u015f bir uygulama yelpazesi ile.<\/p>\n<p>Aktif iyot ve inorganik asitlerin form\u00fclasyonunda bulunmas\u0131 sayesinde uzun s\u00fcreli etkili dezenfeksiyon sa\u011flar. Hastanelerde, veteriner kliniklerinde, \u00e7iftliklerde kullan\u0131l\u0131r. \u0130\u00e7me ve ev suyu dezenfeksiyonunda, el cihazlar\u0131yla hava ve \u00e7evre dezenfeksiyonunda etkin bir \u015fekilde kullan\u0131l\u0131r. Yo\u011funla\u015ft\u0131r\u0131lm\u0131\u015f Povidon \u00fcr\u00fcn\u00fc iyota duyarl\u0131 hayvanlara kar\u015f\u0131 kullan\u0131lmamal\u0131d\u0131r. B\u00f6brek fonksiyonlar\u0131 y\u00fcksek ve bozuk olan hayvanlarda kullan\u0131lmamal\u0131d\u0131r. Do\u011fada h\u0131zla par\u00e7alan\u0131r.<\/p>\n","protected":false},"featured_media":31860,"template":"","meta":[],"product_cat":[159],"product_tag":[],"class_list":{"0":"post-29477","1":"product","2":"type-product","3":"status-publish","4":"has-post-thumbnail","6":"product_cat-antiseptikler","8":"first","9":"instock","10":"shipping-taxable","11":"product-type-simple"},"yoast_head":"<!-- This site is optimized with the Yoast SEO plugin v24.1 - https:\/\/yoast.com\/wordpress\/plugins\/seo\/ -->\n<title>POVI-GUARD-S - regnovet<\/title>\n<meta name=\"robots\" content=\"index, follow, max-snippet:-1, max-image-preview:large, max-video-preview:-1\" \/>\n<link rel=\"canonical\" href=\"https:\/\/www.regnovet.com\/tr\/urun\/povi-guard-s\/\" \/>\n<meta property=\"og:locale\" content=\"tr_TR\" \/>\n<meta property=\"og:type\" content=\"article\" \/>\n<meta property=\"og:title\" content=\"POVI-GUARD-S - regnovet\" \/>\n<meta property=\"og:description\" content=\"Y\u00fcksek seviye dezenfektan geni\u015f bir uygulama yelpazesi ile.  Aktif iyot ve inorganik asitlerin form\u00fclasyonunda bulunmas\u0131 sayesinde uzun s\u00fcreli etkili dezenfeksiyon sa\u011flar. Hastanelerde, veteriner kliniklerinde, \u00e7iftliklerde kullan\u0131l\u0131r. \u0130\u00e7me ve ev suyu dezenfeksiyonunda, el cihazlar\u0131yla hava ve \u00e7evre dezenfeksiyonunda etkin bir \u015fekilde kullan\u0131l\u0131r. Yo\u011funla\u015ft\u0131r\u0131lm\u0131\u015f Povidon \u00fcr\u00fcn\u00fc iyota duyarl\u0131 hayvanlara kar\u015f\u0131 kullan\u0131lmamal\u0131d\u0131r. B\u00f6brek fonksiyonlar\u0131 y\u00fcksek ve bozuk olan hayvanlarda kullan\u0131lmamal\u0131d\u0131r. Do\u011fada h\u0131zla par\u00e7alan\u0131r.\" \/>\n<meta property=\"og:url\" content=\"https:\/\/www.regnovet.com\/tr\/urun\/povi-guard-s\/\" \/>\n<meta property=\"og:site_name\" content=\"regnovet\" \/>\n<meta property=\"article:publisher\" content=\"https:\/\/www.facebook.com\/people\/RegnoVet\/61571321505220\/\" \/>\n<meta property=\"article:modified_time\" content=\"2025-04-02T08:47:32+00:00\" \/>\n<meta property=\"og:image\" content=\"https:\/\/www.regnovet.com\/wp-content\/uploads\/2024\/11\/POVI-GUARD-S-010.jpg\" \/>\n\t<meta property=\"og:image:width\" content=\"700\" \/>\n\t<meta property=\"og:image:height\" content=\"700\" \/>\n\t<meta property=\"og:image:type\" content=\"image\/jpeg\" \/>\n<meta name=\"twitter:card\" content=\"summary_large_image\" \/>\n<meta name=\"twitter:label1\" content=\"Tahmini okuma s\u00fcresi\" \/>\n\t<meta name=\"twitter:data1\" content=\"1 dakika\" \/>\n<script type=\"application\/ld+json\" class=\"yoast-schema-graph\">{\"@context\":\"https:\/\/schema.org\",\"@graph\":[{\"@type\":\"WebPage\",\"@id\":\"https:\/\/www.regnovet.com\/tr\/urun\/povi-guard-s\/\",\"url\":\"https:\/\/www.regnovet.com\/tr\/urun\/povi-guard-s\/\",\"name\":\"POVI-GUARD-S - regnovet\",\"isPartOf\":{\"@id\":\"https:\/\/www.regnovet.com\/tr\/#website\"},\"primaryImageOfPage\":{\"@id\":\"https:\/\/www.regnovet.com\/tr\/urun\/povi-guard-s\/#primaryimage\"},\"image\":{\"@id\":\"https:\/\/www.regnovet.com\/tr\/urun\/povi-guard-s\/#primaryimage\"},\"thumbnailUrl\":\"https:\/\/www.regnovet.com\/wp-content\/uploads\/2024\/11\/POVI-GUARD-S.jpg\",\"datePublished\":\"2024-11-13T09:26:55+00:00\",\"dateModified\":\"2025-04-02T08:47:32+00:00\",\"breadcrumb\":{\"@id\":\"https:\/\/www.regnovet.com\/tr\/urun\/povi-guard-s\/#breadcrumb\"},\"inLanguage\":\"tr\",\"potentialAction\":[{\"@type\":\"ReadAction\",\"target\":[\"https:\/\/www.regnovet.com\/tr\/urun\/povi-guard-s\/\"]}]},{\"@type\":\"ImageObject\",\"inLanguage\":\"tr\",\"@id\":\"https:\/\/www.regnovet.com\/tr\/urun\/povi-guard-s\/#primaryimage\",\"url\":\"https:\/\/www.regnovet.com\/wp-content\/uploads\/2024\/11\/POVI-GUARD-S.jpg\",\"contentUrl\":\"https:\/\/www.regnovet.com\/wp-content\/uploads\/2024\/11\/POVI-GUARD-S.jpg\",\"width\":700,\"height\":700},{\"@type\":\"BreadcrumbList\",\"@id\":\"https:\/\/www.regnovet.com\/tr\/urun\/povi-guard-s\/#breadcrumb\",\"itemListElement\":[{\"@type\":\"ListItem\",\"position\":1,\"name\":\"Home\",\"item\":\"https:\/\/www.regnovet.com\/tr\/\"},{\"@type\":\"ListItem\",\"position\":2,\"name\":\"\u00dcr\u00fcnler\",\"item\":\"https:\/\/www.regnovet.com\/products\/\"},{\"@type\":\"ListItem\",\"position\":3,\"name\":\"POVI-GUARD-S\"}]},{\"@type\":\"WebSite\",\"@id\":\"https:\/\/www.regnovet.com\/tr\/#website\",\"url\":\"https:\/\/www.regnovet.com\/tr\/\",\"name\":\"regnovet\",\"description\":\"\",\"publisher\":{\"@id\":\"https:\/\/www.regnovet.com\/tr\/#organization\"},\"potentialAction\":[{\"@type\":\"SearchAction\",\"target\":{\"@type\":\"EntryPoint\",\"urlTemplate\":\"https:\/\/www.regnovet.com\/tr\/?s={search_term_string}\"},\"query-input\":{\"@type\":\"PropertyValueSpecification\",\"valueRequired\":true,\"valueName\":\"search_term_string\"}}],\"inLanguage\":\"tr\"},{\"@type\":\"Organization\",\"@id\":\"https:\/\/www.regnovet.com\/tr\/#organization\",\"name\":\"regnovet\",\"url\":\"https:\/\/www.regnovet.com\/tr\/\",\"logo\":{\"@type\":\"ImageObject\",\"inLanguage\":\"tr\",\"@id\":\"https:\/\/www.regnovet.com\/tr\/#\/schema\/logo\/image\/\",\"url\":\"https:\/\/www.regnovet.com\/wp-content\/uploads\/2024\/09\/cropped-512.png\",\"contentUrl\":\"https:\/\/www.regnovet.com\/wp-content\/uploads\/2024\/09\/cropped-512.png\",\"width\":512,\"height\":512,\"caption\":\"regnovet\"},\"image\":{\"@id\":\"https:\/\/www.regnovet.com\/tr\/#\/schema\/logo\/image\/\"},\"sameAs\":[\"https:\/\/www.facebook.com\/people\/RegnoVet\/61571321505220\/\"]}]}<\/script>\n<!-- \/ Yoast SEO plugin. -->","yoast_head_json":{"title":"POVI-GUARD-S - regnovet","robots":{"index":"index","follow":"follow","max-snippet":"max-snippet:-1","max-image-preview":"max-image-preview:large","max-video-preview":"max-video-preview:-1"},"canonical":"https:\/\/www.regnovet.com\/tr\/urun\/povi-guard-s\/","og_locale":"tr_TR","og_type":"article","og_title":"POVI-GUARD-S - regnovet","og_description":"Y\u00fcksek seviye dezenfektan geni\u015f bir uygulama yelpazesi ile.  Aktif iyot ve inorganik asitlerin form\u00fclasyonunda bulunmas\u0131 sayesinde uzun s\u00fcreli etkili dezenfeksiyon sa\u011flar. Hastanelerde, veteriner kliniklerinde, \u00e7iftliklerde kullan\u0131l\u0131r. \u0130\u00e7me ve ev suyu dezenfeksiyonunda, el cihazlar\u0131yla hava ve \u00e7evre dezenfeksiyonunda etkin bir \u015fekilde kullan\u0131l\u0131r. Yo\u011funla\u015ft\u0131r\u0131lm\u0131\u015f Povidon \u00fcr\u00fcn\u00fc iyota duyarl\u0131 hayvanlara kar\u015f\u0131 kullan\u0131lmamal\u0131d\u0131r. B\u00f6brek fonksiyonlar\u0131 y\u00fcksek ve bozuk olan hayvanlarda kullan\u0131lmamal\u0131d\u0131r. Do\u011fada h\u0131zla par\u00e7alan\u0131r.","og_url":"https:\/\/www.regnovet.com\/tr\/urun\/povi-guard-s\/","og_site_name":"regnovet","article_publisher":"https:\/\/www.facebook.com\/people\/RegnoVet\/61571321505220\/","article_modified_time":"2025-04-02T08:47:32+00:00","og_image":[{"width":700,"height":700,"url":"https:\/\/www.regnovet.com\/wp-content\/uploads\/2024\/11\/POVI-GUARD-S-010.jpg","type":"image\/jpeg"}],"twitter_card":"summary_large_image","twitter_misc":{"Tahmini okuma s\u00fcresi":"1 dakika"},"schema":{"@context":"https:\/\/schema.org","@graph":[{"@type":"WebPage","@id":"https:\/\/www.regnovet.com\/tr\/urun\/povi-guard-s\/","url":"https:\/\/www.regnovet.com\/tr\/urun\/povi-guard-s\/","name":"POVI-GUARD-S - regnovet","isPartOf":{"@id":"https:\/\/www.regnovet.com\/tr\/#website"},"primaryImageOfPage":{"@id":"https:\/\/www.regnovet.com\/tr\/urun\/povi-guard-s\/#primaryimage"},"image":{"@id":"https:\/\/www.regnovet.com\/tr\/urun\/povi-guard-s\/#primaryimage"},"thumbnailUrl":"https:\/\/www.regnovet.com\/wp-content\/uploads\/2024\/11\/POVI-GUARD-S.jpg","datePublished":"2024-11-13T09:26:55+00:00","dateModified":"2025-04-02T08:47:32+00:00","breadcrumb":{"@id":"https:\/\/www.regnovet.com\/tr\/urun\/povi-guard-s\/#breadcrumb"},"inLanguage":"tr","potentialAction":[{"@type":"ReadAction","target":["https:\/\/www.regnovet.com\/tr\/urun\/povi-guard-s\/"]}]},{"@type":"ImageObject","inLanguage":"tr","@id":"https:\/\/www.regnovet.com\/tr\/urun\/povi-guard-s\/#primaryimage","url":"https:\/\/www.regnovet.com\/wp-content\/uploads\/2024\/11\/POVI-GUARD-S.jpg","contentUrl":"https:\/\/www.regnovet.com\/wp-content\/uploads\/2024\/11\/POVI-GUARD-S.jpg","width":700,"height":700},{"@type":"BreadcrumbList","@id":"https:\/\/www.regnovet.com\/tr\/urun\/povi-guard-s\/#breadcrumb","itemListElement":[{"@type":"ListItem","position":1,"name":"Home","item":"https:\/\/www.regnovet.com\/tr\/"},{"@type":"ListItem","position":2,"name":"\u00dcr\u00fcnler","item":"https:\/\/www.regnovet.com\/products\/"},{"@type":"ListItem","position":3,"name":"POVI-GUARD-S"}]},{"@type":"WebSite","@id":"https:\/\/www.regnovet.com\/tr\/#website","url":"https:\/\/www.regnovet.com\/tr\/","name":"regnovet","description":"","publisher":{"@id":"https:\/\/www.regnovet.com\/tr\/#organization"},"potentialAction":[{"@type":"SearchAction","target":{"@type":"EntryPoint","urlTemplate":"https:\/\/www.regnovet.com\/tr\/?s={search_term_string}"},"query-input":{"@type":"PropertyValueSpecification","valueRequired":true,"valueName":"search_term_string"}}],"inLanguage":"tr"},{"@type":"Organization","@id":"https:\/\/www.regnovet.com\/tr\/#organization","name":"regnovet","url":"https:\/\/www.regnovet.com\/tr\/","logo":{"@type":"ImageObject","inLanguage":"tr","@id":"https:\/\/www.regnovet.com\/tr\/#\/schema\/logo\/image\/","url":"https:\/\/www.regnovet.com\/wp-content\/uploads\/2024\/09\/cropped-512.png","contentUrl":"https:\/\/www.regnovet.com\/wp-content\/uploads\/2024\/09\/cropped-512.png","width":512,"height":512,"caption":"regnovet"},"image":{"@id":"https:\/\/www.regnovet.com\/tr\/#\/schema\/logo\/image\/"},"sameAs":["https:\/\/www.facebook.com\/people\/RegnoVet\/61571321505220\/"]}]}},"_links":{"self":[{"href":"https:\/\/www.regnovet.com\/tr\/wp-json\/wp\/v2\/product\/29477","targetHints":{"allow":["GET"]}}],"collection":[{"href":"https:\/\/www.regnovet.com\/tr\/wp-json\/wp\/v2\/product"}],"about":[{"href":"https:\/\/www.regnovet.com\/tr\/wp-json\/wp\/v2\/types\/product"}],"version-history":[{"count":9,"href":"https:\/\/www.regnovet.com\/tr\/wp-json\/wp\/v2\/product\/29477\/revisions"}],"predecessor-version":[{"id":31781,"href":"https:\/\/www.regnovet.com\/tr\/wp-json\/wp\/v2\/product\/29477\/revisions\/31781"}],"wp:featuredmedia":[{"embeddable":true,"href":"https:\/\/www.regnovet.com\/tr\/wp-json\/wp\/v2\/media\/31860"}],"wp:attachment":[{"href":"https:\/\/www.regnovet.com\/tr\/wp-json\/wp\/v2\/media?parent=29477"}],"wp:term":[{"taxonomy":"product_cat","embeddable":true,"href":"https:\/\/www.regnovet.com\/tr\/wp-json\/wp\/v2\/product_cat?post=29477"},{"taxonomy":"product_tag","embeddable":true,"href":"https:\/\/www.regnovet.com\/tr\/wp-json\/wp\/v2\/product_tag?post=29477"}],"curies":[{"name":"wp","href":"https:\/\/api.w.org\/{rel}","templated":true}]}}