{"id":29492,"date":"2024-11-13T11:19:32","date_gmt":"2024-11-13T11:19:32","guid":{"rendered":"https:\/\/www.regnovet.com\/index.php\/product\/enrovit-10\/"},"modified":"2025-02-15T11:19:00","modified_gmt":"2025-02-15T11:19:00","slug":"enrovit-10","status":"publish","type":"product","link":"https:\/\/www.regnovet.com\/tr\/urun\/enrovit-10\/","title":{"rendered":"Enrovet-10"},"content":{"rendered":"\t\t<div data-elementor-type=\"wp-post\" data-elementor-id=\"29492\" class=\"elementor elementor-29492 elementor-28846\">\n\t\t\t\t<div class=\"wd-negative-gap elementor-element elementor-element-9edd08c e-flex e-con-boxed e-con e-parent\" data-id=\"9edd08c\" data-element_type=\"container\" data-e-type=\"container\">\n\t\t\t\t\t<div class=\"e-con-inner\">\n\t\t\t\t<div class=\"elementor-element elementor-element-810bc54 elementor-widget elementor-widget-toggle\" data-id=\"810bc54\" data-element_type=\"widget\" data-e-type=\"widget\" data-widget_type=\"toggle.default\">\n\t\t\t\t<div class=\"elementor-widget-container\">\n\t\t\t\t\t\t\t<div class=\"elementor-toggle\">\n\t\t\t\t\t\t\t<div class=\"elementor-toggle-item\">\n\t\t\t\t\t<div id=\"elementor-tab-title-1351\" class=\"elementor-tab-title\" data-tab=\"1\" role=\"button\" aria-controls=\"elementor-tab-content-1351\" aria-expanded=\"false\">\n\t\t\t\t\t\t\t\t\t\t\t\t<span class=\"elementor-toggle-icon elementor-toggle-icon-left\" aria-hidden=\"true\">\n\t\t\t\t\t\t\t\t\t\t\t\t\t\t\t<span class=\"elementor-toggle-icon-closed\"><svg class=\"e-font-icon-svg e-fas-caret-right\" viewBox=\"0 0 192 512\" xmlns=\"http:\/\/www.w3.org\/2000\/svg\"><path d=\"M0 384.662V127.338c0-17.818 21.543-26.741 34.142-14.142l128.662 128.662c7.81 7.81 7.81 20.474 0 28.284L34.142 398.804C21.543 411.404 0 402.48 0 384.662z\"><\/path><\/svg><\/span>\n\t\t\t\t\t\t\t\t<span class=\"elementor-toggle-icon-opened\"><svg class=\"elementor-toggle-icon-opened e-font-icon-svg e-fas-caret-up\" viewBox=\"0 0 320 512\" xmlns=\"http:\/\/www.w3.org\/2000\/svg\"><path d=\"M288.662 352H31.338c-17.818 0-26.741-21.543-14.142-34.142l128.662-128.662c7.81-7.81 20.474-7.81 28.284 0l128.662 128.662c12.6 12.599 3.676 34.142-14.142 34.142z\"><\/path><\/svg><\/span>\n\t\t\t\t\t\t\t\t\t\t\t\t\t<\/span>\n\t\t\t\t\t\t\t\t\t\t\t\t<a class=\"elementor-toggle-title\" tabindex=\"0\">\u0130\u00c7ER\u0130K:<\/a>\n\t\t\t\t\t<\/div>\n\n\t\t\t\t\t<div id=\"elementor-tab-content-1351\" class=\"elementor-tab-content elementor-clearfix\" data-tab=\"1\" role=\"region\" aria-labelledby=\"elementor-tab-title-1351\"><p>Her 1 ml&#8217;si \u015funlar\u0131 i\u00e7erir:<\/p>\n<p>Enrofloksasin (Enrofloksasin laktat olarak) 100 mg<\/p>\n<\/div>\n\t\t\t\t<\/div>\n\t\t\t\t\t\t\t<div class=\"elementor-toggle-item\">\n\t\t\t\t\t<div id=\"elementor-tab-title-1352\" class=\"elementor-tab-title\" data-tab=\"2\" role=\"button\" aria-controls=\"elementor-tab-content-1352\" aria-expanded=\"false\">\n\t\t\t\t\t\t\t\t\t\t\t\t<span class=\"elementor-toggle-icon elementor-toggle-icon-left\" aria-hidden=\"true\">\n\t\t\t\t\t\t\t\t\t\t\t\t\t\t\t<span class=\"elementor-toggle-icon-closed\"><svg class=\"e-font-icon-svg e-fas-caret-right\" viewBox=\"0 0 192 512\" xmlns=\"http:\/\/www.w3.org\/2000\/svg\"><path d=\"M0 384.662V127.338c0-17.818 21.543-26.741 34.142-14.142l128.662 128.662c7.81 7.81 7.81 20.474 0 28.284L34.142 398.804C21.543 411.404 0 402.48 0 384.662z\"><\/path><\/svg><\/span>\n\t\t\t\t\t\t\t\t<span class=\"elementor-toggle-icon-opened\"><svg class=\"elementor-toggle-icon-opened e-font-icon-svg e-fas-caret-up\" viewBox=\"0 0 320 512\" xmlns=\"http:\/\/www.w3.org\/2000\/svg\"><path d=\"M288.662 352H31.338c-17.818 0-26.741-21.543-14.142-34.142l128.662-128.662c7.81-7.81 20.474-7.81 28.284 0l128.662 128.662c12.6 12.599 3.676 34.142-14.142 34.142z\"><\/path><\/svg><\/span>\n\t\t\t\t\t\t\t\t\t\t\t\t\t<\/span>\n\t\t\t\t\t\t\t\t\t\t\t\t<a class=\"elementor-toggle-title\" tabindex=\"0\">END\u0130KASYON:<\/a>\n\t\t\t\t\t<\/div>\n\n\t\t\t\t\t<div id=\"elementor-tab-content-1352\" class=\"elementor-tab-content elementor-clearfix\" data-tab=\"2\" role=\"region\" aria-labelledby=\"elementor-tab-title-1352\"><p><strong>S\u0131\u011f\u0131r:<\/strong><\/p>\n<p>&#8211; Bakteriyel veya mikoplazma k\u00f6kenli solunum ve sindirim sistemi hastal\u0131klar\u0131nda (\u00f6rn. pasturelloz, mikoplazmoz, koli-basilloz, koli-septisemi ve salmonelloz) ve viral enfeksiyonlar\u0131 takiben geli\u015fen ikincil bakteriyel enfeksiyonlarda (\u00f6rn. viral pn\u00f6moni) endikedir.<\/p>\n<p>&#8211; S\u00fcr\u00fc ge\u00e7mi\u015fi ve \u00f6nceki duyarl\u0131l\u0131k testlerinin Enrofloksasini tercih edilen ila\u00e7 olarak g\u00f6sterdi\u011fi E. coli&#8217;nin neden oldu\u011fu laktasyondaki s\u00fct s\u0131\u011f\u0131rlar\u0131nda perakut \/ akut mastitis ile ili\u015fkili lokal belirtilerin (iltihaplanma, s\u00fct kalitesi ve verim) tedavisi.<\/p>\n<p><strong>K\u00f6pekler ve Kediler<\/strong>:<\/p>\n<p>&#8211; Enrovet-10, idrar yolu enfeksiyonu ve gastrointestinal enfeksiyonlar\u0131n ve yaralar\u0131n tedavisinde endikedir.<\/p>\n<\/div>\n\t\t\t\t<\/div>\n\t\t\t\t\t\t\t<div class=\"elementor-toggle-item\">\n\t\t\t\t\t<div id=\"elementor-tab-title-1353\" class=\"elementor-tab-title\" data-tab=\"3\" role=\"button\" aria-controls=\"elementor-tab-content-1353\" aria-expanded=\"false\">\n\t\t\t\t\t\t\t\t\t\t\t\t<span class=\"elementor-toggle-icon elementor-toggle-icon-left\" aria-hidden=\"true\">\n\t\t\t\t\t\t\t\t\t\t\t\t\t\t\t<span class=\"elementor-toggle-icon-closed\"><svg class=\"e-font-icon-svg e-fas-caret-right\" viewBox=\"0 0 192 512\" xmlns=\"http:\/\/www.w3.org\/2000\/svg\"><path d=\"M0 384.662V127.338c0-17.818 21.543-26.741 34.142-14.142l128.662 128.662c7.81 7.81 7.81 20.474 0 28.284L34.142 398.804C21.543 411.404 0 402.48 0 384.662z\"><\/path><\/svg><\/span>\n\t\t\t\t\t\t\t\t<span class=\"elementor-toggle-icon-opened\"><svg class=\"elementor-toggle-icon-opened e-font-icon-svg e-fas-caret-up\" viewBox=\"0 0 320 512\" xmlns=\"http:\/\/www.w3.org\/2000\/svg\"><path d=\"M288.662 352H31.338c-17.818 0-26.741-21.543-14.142-34.142l128.662-128.662c7.81-7.81 20.474-7.81 28.284 0l128.662 128.662c12.6 12.599 3.676 34.142-14.142 34.142z\"><\/path><\/svg><\/span>\n\t\t\t\t\t\t\t\t\t\t\t\t\t<\/span>\n\t\t\t\t\t\t\t\t\t\t\t\t<a class=\"elementor-toggle-title\" tabindex=\"0\">DOZAJ:<\/a>\n\t\t\t\t\t<\/div>\n\n\t\t\t\t\t<div id=\"elementor-tab-content-1353\" class=\"elementor-tab-content elementor-clearfix\" data-tab=\"3\" role=\"region\" aria-labelledby=\"elementor-tab-title-1353\"><p>Do\u011fru dozaj\u0131 sa\u011flamak i\u00e7in, d\u00fc\u015f\u00fck dozdan ka\u00e7\u0131nmak amac\u0131yla v\u00fccut a\u011f\u0131rl\u0131\u011f\u0131 m\u00fcmk\u00fcn oldu\u011funca do\u011fru bir \u015fekilde belirlenmelidir.<\/p>\n<p><strong>S\u0131\u011f\u0131r:<\/strong><\/p>\n<p>&#8211; S\u0131\u011f\u0131rlarda solunum ve sindirim sistemi enfeksiyonlar\u0131 ve ikincil bakteriyel enfeksiyonlar i\u00e7in, 3 g\u00fcn boyunca deri alt\u0131 enjeksiyon yoluyla g\u00fcnde kg v\u00fccut a\u011f\u0131rl\u0131\u011f\u0131 ba\u015f\u0131na 2.5 mg enrofloksasin uygulay\u0131n (100 kg v\u00fccut a\u011f\u0131rl\u0131\u011f\u0131 ba\u015f\u0131na 2.5 ml). Bu oran salmonelloz ve komplike solunum yolu hastal\u0131klar\u0131 i\u00e7in 5 g\u00fcn s\u00fcreyle 5 mg\/kg v\u00fccut a\u011f\u0131rl\u0131\u011f\u0131 (100 kg ba\u015f\u0131na 5 ml) olacak \u015fekilde iki kat\u0131na \u00e7\u0131kar\u0131labilir.<\/p>\n<p>&#8211; Herhangi bir subkutan enjeksiyon b\u00f6lgesinde 10 ml&#8217;den fazla uygulanmamal\u0131d\u0131r.<\/p>\n<p>&#8211; E. coli mastiti i\u00e7in, 2 g\u00fcn boyunca g\u00fcnde kg v\u00fccut a\u011f\u0131rl\u0131\u011f\u0131 ba\u015f\u0131na 5.0 mg Enrofloksasin (100 kg v\u00fccut a\u011f\u0131rl\u0131\u011f\u0131 ba\u015f\u0131na 5 ml) yava\u015f intraven\u00f6z enjeksiyon yoluyla uygulay\u0131n.<\/p>\n<p>&nbsp;<\/p>\n<p><strong>K\u00f6pekler ve Kediler:<\/strong><\/p>\n<p>5 g\u00fcn boyunca kg v\u00fccut a\u011f\u0131rl\u0131\u011f\u0131 ba\u015f\u0131na -5 mg Enrofloksasin (0,25 ml \/ 5 kg v\u00fccut a\u011f\u0131rl\u0131\u011f\u0131).<\/p>\n<\/div>\n\t\t\t\t<\/div>\n\t\t\t\t\t\t\t<div class=\"elementor-toggle-item\">\n\t\t\t\t\t<div id=\"elementor-tab-title-1354\" class=\"elementor-tab-title\" data-tab=\"4\" role=\"button\" aria-controls=\"elementor-tab-content-1354\" aria-expanded=\"false\">\n\t\t\t\t\t\t\t\t\t\t\t\t<span class=\"elementor-toggle-icon elementor-toggle-icon-left\" aria-hidden=\"true\">\n\t\t\t\t\t\t\t\t\t\t\t\t\t\t\t<span class=\"elementor-toggle-icon-closed\"><svg class=\"e-font-icon-svg e-fas-caret-right\" viewBox=\"0 0 192 512\" xmlns=\"http:\/\/www.w3.org\/2000\/svg\"><path d=\"M0 384.662V127.338c0-17.818 21.543-26.741 34.142-14.142l128.662 128.662c7.81 7.81 7.81 20.474 0 28.284L34.142 398.804C21.543 411.404 0 402.48 0 384.662z\"><\/path><\/svg><\/span>\n\t\t\t\t\t\t\t\t<span class=\"elementor-toggle-icon-opened\"><svg class=\"elementor-toggle-icon-opened e-font-icon-svg e-fas-caret-up\" viewBox=\"0 0 320 512\" xmlns=\"http:\/\/www.w3.org\/2000\/svg\"><path d=\"M288.662 352H31.338c-17.818 0-26.741-21.543-14.142-34.142l128.662-128.662c7.81-7.81 20.474-7.81 28.284 0l128.662 128.662c12.6 12.599 3.676 34.142-14.142 34.142z\"><\/path><\/svg><\/span>\n\t\t\t\t\t\t\t\t\t\t\t\t\t<\/span>\n\t\t\t\t\t\t\t\t\t\t\t\t<a class=\"elementor-toggle-title\" tabindex=\"0\">\u00c7EKILME S\u00dcRESI:<\/a>\n\t\t\t\t\t<\/div>\n\n\t\t\t\t\t<div id=\"elementor-tab-content-1354\" class=\"elementor-tab-content elementor-clearfix\" data-tab=\"4\" role=\"region\" aria-labelledby=\"elementor-tab-title-1354\"><p><strong>&#8211; S\u0131\u011f\u0131r: Deri Alt\u0131 Kullan\u0131m.<\/strong><\/p>\n<p>&#8211; <strong> Et ve sakatat<\/strong>: 10 g\u00fcn.<\/p>\n<p>&#8211; <strong> S\u00fct<\/strong>: 84 saat (7 sa\u011f\u0131m).<\/p>\n<p><strong>&#8211; S\u0131\u011f\u0131r: \u0130ntraven\u00f6z Kullan\u0131m.<\/strong><\/p>\n<p>&#8211; <strong> Et ve sakatat<\/strong>: 4 g\u00fcn.<\/p>\n<p>&#8211; <strong> S\u00fct<\/strong>: 72 saat (6 sa\u011f\u0131m).<\/p>\n<\/div>\n\t\t\t\t<\/div>\n\t\t\t\t\t\t\t<div class=\"elementor-toggle-item\">\n\t\t\t\t\t<div id=\"elementor-tab-title-1355\" class=\"elementor-tab-title\" data-tab=\"5\" role=\"button\" aria-controls=\"elementor-tab-content-1355\" aria-expanded=\"false\">\n\t\t\t\t\t\t\t\t\t\t\t\t<span class=\"elementor-toggle-icon elementor-toggle-icon-left\" aria-hidden=\"true\">\n\t\t\t\t\t\t\t\t\t\t\t\t\t\t\t<span class=\"elementor-toggle-icon-closed\"><svg class=\"e-font-icon-svg e-fas-caret-right\" viewBox=\"0 0 192 512\" xmlns=\"http:\/\/www.w3.org\/2000\/svg\"><path d=\"M0 384.662V127.338c0-17.818 21.543-26.741 34.142-14.142l128.662 128.662c7.81 7.81 7.81 20.474 0 28.284L34.142 398.804C21.543 411.404 0 402.48 0 384.662z\"><\/path><\/svg><\/span>\n\t\t\t\t\t\t\t\t<span class=\"elementor-toggle-icon-opened\"><svg class=\"elementor-toggle-icon-opened e-font-icon-svg e-fas-caret-up\" viewBox=\"0 0 320 512\" xmlns=\"http:\/\/www.w3.org\/2000\/svg\"><path d=\"M288.662 352H31.338c-17.818 0-26.741-21.543-14.142-34.142l128.662-128.662c7.81-7.81 20.474-7.81 28.284 0l128.662 128.662c12.6 12.599 3.676 34.142-14.142 34.142z\"><\/path><\/svg><\/span>\n\t\t\t\t\t\t\t\t\t\t\t\t\t<\/span>\n\t\t\t\t\t\t\t\t\t\t\t\t<a class=\"elementor-toggle-title\" tabindex=\"0\">SAKLAMA:<\/a>\n\t\t\t\t\t<\/div>\n\n\t\t\t\t\t<div id=\"elementor-tab-content-1355\" class=\"elementor-tab-content elementor-clearfix\" data-tab=\"5\" role=\"region\" aria-labelledby=\"elementor-tab-title-1355\"><p>Kuru ve karanl\u0131k bir yerde 30\u02daC&#8217;nin alt\u0131ndaki s\u0131cakl\u0131kta saklay\u0131n.<\/p>\n<\/div>\n\t\t\t\t<\/div>\n\t\t\t\t\t\t\t\t<\/div>\n\t\t\t\t\t\t<\/div>\n\t\t\t\t<\/div>\n\t\t\t\t\t<\/div>\n\t\t\t\t<\/div>\n\t\t\t\t<\/div>\n\t\t","protected":false},"excerpt":{"rendered":"<p>Enrovet-10, Gram-pozitif ve Gram-negatif bakteriler de dahil olmak \u00fczere \u00e7ok \u00e7e\u015fitli bakterilere kar\u015f\u0131 olduk\u00e7a etkili oldu\u011fu bilinen bir antibiyotik s\u0131n\u0131f\u0131 olan florokinolon grubuna ait bir antibiyotiktir.<\/p>\n<p>Enrovet-10, bakteriyel DNA enzimleri DNA giraz ve topoizomeraz IV&#8217;\u00fc inhibe etme kabiliyeti ile karakterize edilir, b\u00f6ylece bakteriyel h\u00fccre \u00e7o\u011falmas\u0131n\u0131 ve \u00f6l\u00fcm\u00fcn\u00fc \u00f6nler.<\/p>\n<p>Hayvanlarda a\u015fa\u011f\u0131dakiler dahil bir\u00e7ok bakteriyel enfeksiyonun tedavisinde kullan\u0131l\u0131r:<\/p>\n<p>Solunum sistemi enfeksiyonlar\u0131, sindirim sistemi enfeksiyonlar\u0131, \u00fcriner sistem enfeksiyonlar\u0131, deri enfeksiyonlar\u0131, yaralar ve \u00fcreme sistemi enfeksiyonlar\u0131.<\/p>\n<p>Esas olarak b\u00f6brekler yoluyla at\u0131l\u0131r ve bir k\u0131sm\u0131 safra yoluyla at\u0131l\u0131r.<\/p>\n","protected":false},"featured_media":31351,"template":"","meta":[],"product_cat":[176,175],"product_tag":[],"class_list":{"0":"post-29492","1":"product","2":"type-product","3":"status-publish","4":"has-post-thumbnail","6":"product_cat-enjeksiyon","7":"product_cat-ruminantlar","9":"first","10":"instock","11":"shipping-taxable","12":"product-type-simple"},"yoast_head":"<!-- This site is optimized with the Yoast SEO plugin v24.1 - https:\/\/yoast.com\/wordpress\/plugins\/seo\/ -->\n<title>Enrovet-10 - regnovet<\/title>\n<meta name=\"robots\" content=\"index, follow, max-snippet:-1, max-image-preview:large, max-video-preview:-1\" \/>\n<link rel=\"canonical\" href=\"https:\/\/www.regnovet.com\/tr\/urun\/enrovit-10\/\" \/>\n<meta property=\"og:locale\" content=\"tr_TR\" \/>\n<meta property=\"og:type\" content=\"article\" \/>\n<meta property=\"og:title\" content=\"Enrovet-10 - regnovet\" \/>\n<meta property=\"og:description\" content=\"Enrovet-10, Gram-pozitif ve Gram-negatif bakteriler de dahil olmak \u00fczere \u00e7ok \u00e7e\u015fitli bakterilere kar\u015f\u0131 olduk\u00e7a etkili oldu\u011fu bilinen bir antibiyotik s\u0131n\u0131f\u0131 olan florokinolon grubuna ait bir antibiyotiktir.  Enrovet-10, bakteriyel DNA enzimleri DNA giraz ve topoizomeraz IV&#039;\u00fc inhibe etme kabiliyeti ile karakterize edilir, b\u00f6ylece bakteriyel h\u00fccre \u00e7o\u011falmas\u0131n\u0131 ve \u00f6l\u00fcm\u00fcn\u00fc \u00f6nler.  Hayvanlarda a\u015fa\u011f\u0131dakiler dahil bir\u00e7ok bakteriyel enfeksiyonun tedavisinde kullan\u0131l\u0131r:  Solunum sistemi enfeksiyonlar\u0131, sindirim sistemi enfeksiyonlar\u0131, \u00fcriner sistem enfeksiyonlar\u0131, deri enfeksiyonlar\u0131, yaralar ve \u00fcreme sistemi enfeksiyonlar\u0131.  Esas olarak b\u00f6brekler yoluyla at\u0131l\u0131r ve bir k\u0131sm\u0131 safra yoluyla at\u0131l\u0131r.\" \/>\n<meta property=\"og:url\" content=\"https:\/\/www.regnovet.com\/tr\/urun\/enrovit-10\/\" \/>\n<meta property=\"og:site_name\" content=\"regnovet\" \/>\n<meta property=\"article:publisher\" content=\"https:\/\/www.facebook.com\/people\/RegnoVet\/61571321505220\/\" \/>\n<meta property=\"article:modified_time\" content=\"2025-02-15T11:19:00+00:00\" \/>\n<meta property=\"og:image\" content=\"https:\/\/www.regnovet.com\/wp-content\/uploads\/2024\/11\/enrovet.jpg\" \/>\n\t<meta property=\"og:image:width\" content=\"700\" \/>\n\t<meta property=\"og:image:height\" content=\"700\" \/>\n\t<meta property=\"og:image:type\" content=\"image\/jpeg\" \/>\n<meta name=\"twitter:card\" content=\"summary_large_image\" \/>\n<meta name=\"twitter:label1\" content=\"Tahmini okuma s\u00fcresi\" \/>\n\t<meta name=\"twitter:data1\" content=\"2 dakika\" \/>\n<script type=\"application\/ld+json\" class=\"yoast-schema-graph\">{\"@context\":\"https:\/\/schema.org\",\"@graph\":[{\"@type\":\"WebPage\",\"@id\":\"https:\/\/www.regnovet.com\/tr\/urun\/enrovit-10\/\",\"url\":\"https:\/\/www.regnovet.com\/tr\/urun\/enrovit-10\/\",\"name\":\"Enrovet-10 - regnovet\",\"isPartOf\":{\"@id\":\"https:\/\/www.regnovet.com\/tr\/#website\"},\"primaryImageOfPage\":{\"@id\":\"https:\/\/www.regnovet.com\/tr\/urun\/enrovit-10\/#primaryimage\"},\"image\":{\"@id\":\"https:\/\/www.regnovet.com\/tr\/urun\/enrovit-10\/#primaryimage\"},\"thumbnailUrl\":\"https:\/\/www.regnovet.com\/wp-content\/uploads\/2024\/11\/enrovet.jpg\",\"datePublished\":\"2024-11-13T11:19:32+00:00\",\"dateModified\":\"2025-02-15T11:19:00+00:00\",\"breadcrumb\":{\"@id\":\"https:\/\/www.regnovet.com\/tr\/urun\/enrovit-10\/#breadcrumb\"},\"inLanguage\":\"tr\",\"potentialAction\":[{\"@type\":\"ReadAction\",\"target\":[\"https:\/\/www.regnovet.com\/tr\/urun\/enrovit-10\/\"]}]},{\"@type\":\"ImageObject\",\"inLanguage\":\"tr\",\"@id\":\"https:\/\/www.regnovet.com\/tr\/urun\/enrovit-10\/#primaryimage\",\"url\":\"https:\/\/www.regnovet.com\/wp-content\/uploads\/2024\/11\/enrovet.jpg\",\"contentUrl\":\"https:\/\/www.regnovet.com\/wp-content\/uploads\/2024\/11\/enrovet.jpg\",\"width\":700,\"height\":700},{\"@type\":\"BreadcrumbList\",\"@id\":\"https:\/\/www.regnovet.com\/tr\/urun\/enrovit-10\/#breadcrumb\",\"itemListElement\":[{\"@type\":\"ListItem\",\"position\":1,\"name\":\"Home\",\"item\":\"https:\/\/www.regnovet.com\/tr\/\"},{\"@type\":\"ListItem\",\"position\":2,\"name\":\"\u00dcr\u00fcnler\",\"item\":\"https:\/\/www.regnovet.com\/products\/\"},{\"@type\":\"ListItem\",\"position\":3,\"name\":\"Enrovet-10\"}]},{\"@type\":\"WebSite\",\"@id\":\"https:\/\/www.regnovet.com\/tr\/#website\",\"url\":\"https:\/\/www.regnovet.com\/tr\/\",\"name\":\"regnovet\",\"description\":\"\",\"publisher\":{\"@id\":\"https:\/\/www.regnovet.com\/tr\/#organization\"},\"potentialAction\":[{\"@type\":\"SearchAction\",\"target\":{\"@type\":\"EntryPoint\",\"urlTemplate\":\"https:\/\/www.regnovet.com\/tr\/?s={search_term_string}\"},\"query-input\":{\"@type\":\"PropertyValueSpecification\",\"valueRequired\":true,\"valueName\":\"search_term_string\"}}],\"inLanguage\":\"tr\"},{\"@type\":\"Organization\",\"@id\":\"https:\/\/www.regnovet.com\/tr\/#organization\",\"name\":\"regnovet\",\"url\":\"https:\/\/www.regnovet.com\/tr\/\",\"logo\":{\"@type\":\"ImageObject\",\"inLanguage\":\"tr\",\"@id\":\"https:\/\/www.regnovet.com\/tr\/#\/schema\/logo\/image\/\",\"url\":\"https:\/\/www.regnovet.com\/wp-content\/uploads\/2024\/09\/cropped-512.png\",\"contentUrl\":\"https:\/\/www.regnovet.com\/wp-content\/uploads\/2024\/09\/cropped-512.png\",\"width\":512,\"height\":512,\"caption\":\"regnovet\"},\"image\":{\"@id\":\"https:\/\/www.regnovet.com\/tr\/#\/schema\/logo\/image\/\"},\"sameAs\":[\"https:\/\/www.facebook.com\/people\/RegnoVet\/61571321505220\/\"]}]}<\/script>\n<!-- \/ Yoast SEO plugin. -->","yoast_head_json":{"title":"Enrovet-10 - regnovet","robots":{"index":"index","follow":"follow","max-snippet":"max-snippet:-1","max-image-preview":"max-image-preview:large","max-video-preview":"max-video-preview:-1"},"canonical":"https:\/\/www.regnovet.com\/tr\/urun\/enrovit-10\/","og_locale":"tr_TR","og_type":"article","og_title":"Enrovet-10 - regnovet","og_description":"Enrovet-10, Gram-pozitif ve Gram-negatif bakteriler de dahil olmak \u00fczere \u00e7ok \u00e7e\u015fitli bakterilere kar\u015f\u0131 olduk\u00e7a etkili oldu\u011fu bilinen bir antibiyotik s\u0131n\u0131f\u0131 olan florokinolon grubuna ait bir antibiyotiktir.  Enrovet-10, bakteriyel DNA enzimleri DNA giraz ve topoizomeraz IV'\u00fc inhibe etme kabiliyeti ile karakterize edilir, b\u00f6ylece bakteriyel h\u00fccre \u00e7o\u011falmas\u0131n\u0131 ve \u00f6l\u00fcm\u00fcn\u00fc \u00f6nler.  Hayvanlarda a\u015fa\u011f\u0131dakiler dahil bir\u00e7ok bakteriyel enfeksiyonun tedavisinde kullan\u0131l\u0131r:  Solunum sistemi enfeksiyonlar\u0131, sindirim sistemi enfeksiyonlar\u0131, \u00fcriner sistem enfeksiyonlar\u0131, deri enfeksiyonlar\u0131, yaralar ve \u00fcreme sistemi enfeksiyonlar\u0131.  Esas olarak b\u00f6brekler yoluyla at\u0131l\u0131r ve bir k\u0131sm\u0131 safra yoluyla at\u0131l\u0131r.","og_url":"https:\/\/www.regnovet.com\/tr\/urun\/enrovit-10\/","og_site_name":"regnovet","article_publisher":"https:\/\/www.facebook.com\/people\/RegnoVet\/61571321505220\/","article_modified_time":"2025-02-15T11:19:00+00:00","og_image":[{"width":700,"height":700,"url":"https:\/\/www.regnovet.com\/wp-content\/uploads\/2024\/11\/enrovet.jpg","type":"image\/jpeg"}],"twitter_card":"summary_large_image","twitter_misc":{"Tahmini okuma s\u00fcresi":"2 dakika"},"schema":{"@context":"https:\/\/schema.org","@graph":[{"@type":"WebPage","@id":"https:\/\/www.regnovet.com\/tr\/urun\/enrovit-10\/","url":"https:\/\/www.regnovet.com\/tr\/urun\/enrovit-10\/","name":"Enrovet-10 - regnovet","isPartOf":{"@id":"https:\/\/www.regnovet.com\/tr\/#website"},"primaryImageOfPage":{"@id":"https:\/\/www.regnovet.com\/tr\/urun\/enrovit-10\/#primaryimage"},"image":{"@id":"https:\/\/www.regnovet.com\/tr\/urun\/enrovit-10\/#primaryimage"},"thumbnailUrl":"https:\/\/www.regnovet.com\/wp-content\/uploads\/2024\/11\/enrovet.jpg","datePublished":"2024-11-13T11:19:32+00:00","dateModified":"2025-02-15T11:19:00+00:00","breadcrumb":{"@id":"https:\/\/www.regnovet.com\/tr\/urun\/enrovit-10\/#breadcrumb"},"inLanguage":"tr","potentialAction":[{"@type":"ReadAction","target":["https:\/\/www.regnovet.com\/tr\/urun\/enrovit-10\/"]}]},{"@type":"ImageObject","inLanguage":"tr","@id":"https:\/\/www.regnovet.com\/tr\/urun\/enrovit-10\/#primaryimage","url":"https:\/\/www.regnovet.com\/wp-content\/uploads\/2024\/11\/enrovet.jpg","contentUrl":"https:\/\/www.regnovet.com\/wp-content\/uploads\/2024\/11\/enrovet.jpg","width":700,"height":700},{"@type":"BreadcrumbList","@id":"https:\/\/www.regnovet.com\/tr\/urun\/enrovit-10\/#breadcrumb","itemListElement":[{"@type":"ListItem","position":1,"name":"Home","item":"https:\/\/www.regnovet.com\/tr\/"},{"@type":"ListItem","position":2,"name":"\u00dcr\u00fcnler","item":"https:\/\/www.regnovet.com\/products\/"},{"@type":"ListItem","position":3,"name":"Enrovet-10"}]},{"@type":"WebSite","@id":"https:\/\/www.regnovet.com\/tr\/#website","url":"https:\/\/www.regnovet.com\/tr\/","name":"regnovet","description":"","publisher":{"@id":"https:\/\/www.regnovet.com\/tr\/#organization"},"potentialAction":[{"@type":"SearchAction","target":{"@type":"EntryPoint","urlTemplate":"https:\/\/www.regnovet.com\/tr\/?s={search_term_string}"},"query-input":{"@type":"PropertyValueSpecification","valueRequired":true,"valueName":"search_term_string"}}],"inLanguage":"tr"},{"@type":"Organization","@id":"https:\/\/www.regnovet.com\/tr\/#organization","name":"regnovet","url":"https:\/\/www.regnovet.com\/tr\/","logo":{"@type":"ImageObject","inLanguage":"tr","@id":"https:\/\/www.regnovet.com\/tr\/#\/schema\/logo\/image\/","url":"https:\/\/www.regnovet.com\/wp-content\/uploads\/2024\/09\/cropped-512.png","contentUrl":"https:\/\/www.regnovet.com\/wp-content\/uploads\/2024\/09\/cropped-512.png","width":512,"height":512,"caption":"regnovet"},"image":{"@id":"https:\/\/www.regnovet.com\/tr\/#\/schema\/logo\/image\/"},"sameAs":["https:\/\/www.facebook.com\/people\/RegnoVet\/61571321505220\/"]}]}},"_links":{"self":[{"href":"https:\/\/www.regnovet.com\/tr\/wp-json\/wp\/v2\/product\/29492","targetHints":{"allow":["GET"]}}],"collection":[{"href":"https:\/\/www.regnovet.com\/tr\/wp-json\/wp\/v2\/product"}],"about":[{"href":"https:\/\/www.regnovet.com\/tr\/wp-json\/wp\/v2\/types\/product"}],"version-history":[{"count":9,"href":"https:\/\/www.regnovet.com\/tr\/wp-json\/wp\/v2\/product\/29492\/revisions"}],"predecessor-version":[{"id":31447,"href":"https:\/\/www.regnovet.com\/tr\/wp-json\/wp\/v2\/product\/29492\/revisions\/31447"}],"wp:featuredmedia":[{"embeddable":true,"href":"https:\/\/www.regnovet.com\/tr\/wp-json\/wp\/v2\/media\/31351"}],"wp:attachment":[{"href":"https:\/\/www.regnovet.com\/tr\/wp-json\/wp\/v2\/media?parent=29492"}],"wp:term":[{"taxonomy":"product_cat","embeddable":true,"href":"https:\/\/www.regnovet.com\/tr\/wp-json\/wp\/v2\/product_cat?post=29492"},{"taxonomy":"product_tag","embeddable":true,"href":"https:\/\/www.regnovet.com\/tr\/wp-json\/wp\/v2\/product_tag?post=29492"}],"curies":[{"name":"wp","href":"https:\/\/api.w.org\/{rel}","templated":true}]}}