{"id":29505,"date":"2024-11-30T11:21:44","date_gmt":"2024-11-30T11:21:44","guid":{"rendered":"https:\/\/www.regnovet.com\/index.php\/product\/digestoreg\/"},"modified":"2025-02-18T10:33:51","modified_gmt":"2025-02-18T10:33:51","slug":"digestoreg","status":"publish","type":"product","link":"https:\/\/www.regnovet.com\/tr\/urun\/digestoreg\/","title":{"rendered":"DigestoReg"},"content":{"rendered":"\t\t<div data-elementor-type=\"wp-post\" data-elementor-id=\"29505\" class=\"elementor elementor-29505 elementor-28987\">\n\t\t\t\t<div class=\"wd-negative-gap elementor-element elementor-element-7839a92 e-flex e-con-boxed e-con e-parent\" data-id=\"7839a92\" data-element_type=\"container\" data-e-type=\"container\">\n\t\t\t\t\t<div class=\"e-con-inner\">\n\t\t\t\t<div class=\"elementor-element elementor-element-fbd0500 elementor-widget elementor-widget-toggle\" data-id=\"fbd0500\" data-element_type=\"widget\" data-e-type=\"widget\" data-widget_type=\"toggle.default\">\n\t\t\t\t<div class=\"elementor-widget-container\">\n\t\t\t\t\t\t\t<div class=\"elementor-toggle\">\n\t\t\t\t\t\t\t<div class=\"elementor-toggle-item\">\n\t\t\t\t\t<div id=\"elementor-tab-title-2641\" class=\"elementor-tab-title\" data-tab=\"1\" role=\"button\" aria-controls=\"elementor-tab-content-2641\" aria-expanded=\"false\">\n\t\t\t\t\t\t\t\t\t\t\t\t<span class=\"elementor-toggle-icon elementor-toggle-icon-left\" aria-hidden=\"true\">\n\t\t\t\t\t\t\t\t\t\t\t\t\t\t\t<span class=\"elementor-toggle-icon-closed\"><svg class=\"e-font-icon-svg e-fas-caret-right\" viewBox=\"0 0 192 512\" xmlns=\"http:\/\/www.w3.org\/2000\/svg\"><path d=\"M0 384.662V127.338c0-17.818 21.543-26.741 34.142-14.142l128.662 128.662c7.81 7.81 7.81 20.474 0 28.284L34.142 398.804C21.543 411.404 0 402.48 0 384.662z\"><\/path><\/svg><\/span>\n\t\t\t\t\t\t\t\t<span class=\"elementor-toggle-icon-opened\"><svg class=\"elementor-toggle-icon-opened e-font-icon-svg e-fas-caret-up\" viewBox=\"0 0 320 512\" xmlns=\"http:\/\/www.w3.org\/2000\/svg\"><path d=\"M288.662 352H31.338c-17.818 0-26.741-21.543-14.142-34.142l128.662-128.662c7.81-7.81 20.474-7.81 28.284 0l128.662 128.662c12.6 12.599 3.676 34.142-14.142 34.142z\"><\/path><\/svg><\/span>\n\t\t\t\t\t\t\t\t\t\t\t\t\t<\/span>\n\t\t\t\t\t\t\t\t\t\t\t\t<a class=\"elementor-toggle-title\" tabindex=\"0\">END\u0130KASYON:<\/a>\n\t\t\t\t\t<\/div>\n\n\t\t\t\t\t<div id=\"elementor-tab-content-2641\" class=\"elementor-tab-content elementor-clearfix\" data-tab=\"1\" role=\"region\" aria-labelledby=\"elementor-tab-title-2641\"><table>\n<tbody>\n<tr>\n<td>\n<p>Sindirim sistemini rahatlatmak ve normal i\u015flevini geri kazand\u0131rmak i\u00e7in<\/p>\n<p>Optimum besin emilimini desteklemek i\u00e7in<\/p>\n<p>Sindirim enzimlerini d\u00fczenlemek i\u00e7in<\/p>\n<p>Enflamasyonu ve buna ba\u011fl\u0131 gastrointestinal rahats\u0131zl\u0131\u011f\u0131 azaltmak i\u00e7in<\/p>\n<p>\u015ei\u015fkinlik ve a\u011f\u0131z kokusunu gidermek i\u00e7in<\/p>\n<\/td>\n<\/tr>\n<\/tbody>\n<\/table>\n<\/div>\n\t\t\t\t<\/div>\n\t\t\t\t\t\t\t<div class=\"elementor-toggle-item\">\n\t\t\t\t\t<div id=\"elementor-tab-title-2642\" class=\"elementor-tab-title\" data-tab=\"2\" role=\"button\" aria-controls=\"elementor-tab-content-2642\" aria-expanded=\"false\">\n\t\t\t\t\t\t\t\t\t\t\t\t<span class=\"elementor-toggle-icon elementor-toggle-icon-left\" aria-hidden=\"true\">\n\t\t\t\t\t\t\t\t\t\t\t\t\t\t\t<span class=\"elementor-toggle-icon-closed\"><svg class=\"e-font-icon-svg e-fas-caret-right\" viewBox=\"0 0 192 512\" xmlns=\"http:\/\/www.w3.org\/2000\/svg\"><path d=\"M0 384.662V127.338c0-17.818 21.543-26.741 34.142-14.142l128.662 128.662c7.81 7.81 7.81 20.474 0 28.284L34.142 398.804C21.543 411.404 0 402.48 0 384.662z\"><\/path><\/svg><\/span>\n\t\t\t\t\t\t\t\t<span class=\"elementor-toggle-icon-opened\"><svg class=\"elementor-toggle-icon-opened e-font-icon-svg e-fas-caret-up\" viewBox=\"0 0 320 512\" xmlns=\"http:\/\/www.w3.org\/2000\/svg\"><path d=\"M288.662 352H31.338c-17.818 0-26.741-21.543-14.142-34.142l128.662-128.662c7.81-7.81 20.474-7.81 28.284 0l128.662 128.662c12.6 12.599 3.676 34.142-14.142 34.142z\"><\/path><\/svg><\/span>\n\t\t\t\t\t\t\t\t\t\t\t\t\t<\/span>\n\t\t\t\t\t\t\t\t\t\t\t\t<a class=\"elementor-toggle-title\" tabindex=\"0\">DOZAJ:<\/a>\n\t\t\t\t\t<\/div>\n\n\t\t\t\t\t<div id=\"elementor-tab-content-2642\" class=\"elementor-tab-content elementor-clearfix\" data-tab=\"2\" role=\"region\" aria-labelledby=\"elementor-tab-title-2642\"><table>\n<tbody>\n<tr>\n<td>\n<p><strong>K\u00f6pekler:<\/strong><\/p>\n<p>&#8211; A\u011f\u0131rl\u0131\u011f\u0131 5 kg&#8217;a kadar olan k\u00f6pekler: G\u00fcnde 1-2 ml<\/p>\n<p>&#8211; 5 ila 25 kg a\u011f\u0131rl\u0131\u011f\u0131ndaki k\u00f6pekler: G\u00fcnde 3-4 ml<\/p>\n<p>&#8211; 25 kg ve \u00fczeri k\u00f6pekler: G\u00fcnde 5-6 ml<\/p>\n<p>\u00b0 <strong>Kediler: <\/strong>G\u00fcnde hayvan\u0131n a\u011f\u0131rl\u0131\u011f\u0131n\u0131n 2 kg&#8217;\u0131 ba\u015f\u0131na 1 ml<\/p>\n<\/td>\n<\/tr>\n<\/tbody>\n<\/table>\n<\/div>\n\t\t\t\t<\/div>\n\t\t\t\t\t\t\t<div class=\"elementor-toggle-item\">\n\t\t\t\t\t<div id=\"elementor-tab-title-2643\" class=\"elementor-tab-title\" data-tab=\"3\" role=\"button\" aria-controls=\"elementor-tab-content-2643\" aria-expanded=\"false\">\n\t\t\t\t\t\t\t\t\t\t\t\t<span class=\"elementor-toggle-icon elementor-toggle-icon-left\" aria-hidden=\"true\">\n\t\t\t\t\t\t\t\t\t\t\t\t\t\t\t<span class=\"elementor-toggle-icon-closed\"><svg class=\"e-font-icon-svg e-fas-caret-right\" viewBox=\"0 0 192 512\" xmlns=\"http:\/\/www.w3.org\/2000\/svg\"><path d=\"M0 384.662V127.338c0-17.818 21.543-26.741 34.142-14.142l128.662 128.662c7.81 7.81 7.81 20.474 0 28.284L34.142 398.804C21.543 411.404 0 402.48 0 384.662z\"><\/path><\/svg><\/span>\n\t\t\t\t\t\t\t\t<span class=\"elementor-toggle-icon-opened\"><svg class=\"elementor-toggle-icon-opened e-font-icon-svg e-fas-caret-up\" viewBox=\"0 0 320 512\" xmlns=\"http:\/\/www.w3.org\/2000\/svg\"><path d=\"M288.662 352H31.338c-17.818 0-26.741-21.543-14.142-34.142l128.662-128.662c7.81-7.81 20.474-7.81 28.284 0l128.662 128.662c12.6 12.599 3.676 34.142-14.142 34.142z\"><\/path><\/svg><\/span>\n\t\t\t\t\t\t\t\t\t\t\t\t\t<\/span>\n\t\t\t\t\t\t\t\t\t\t\t\t<a class=\"elementor-toggle-title\" tabindex=\"0\">\u0130\u00c7ER\u0130K:<\/a>\n\t\t\t\t\t<\/div>\n\n\t\t\t\t\t<div id=\"elementor-tab-content-2643\" class=\"elementor-tab-content elementor-clearfix\" data-tab=\"3\" role=\"region\" aria-labelledby=\"elementor-tab-title-2643\"><table>\n<tbody>\n<tr>\n<td>\n<p>Curcuma longa ekstresi (Zerde\u00e7al), Cynara scolymus ekstresi (Enginar), Lipaz, Amilaz, Sel\u00fclaz, Niasinamid, Manganez S\u00fclfat ve Triptofan<\/p>\n<\/td>\n<\/tr>\n<\/tbody>\n<\/table>\n<\/div>\n\t\t\t\t<\/div>\n\t\t\t\t\t\t\t<div class=\"elementor-toggle-item\">\n\t\t\t\t\t<div id=\"elementor-tab-title-2644\" class=\"elementor-tab-title\" data-tab=\"4\" role=\"button\" aria-controls=\"elementor-tab-content-2644\" aria-expanded=\"false\">\n\t\t\t\t\t\t\t\t\t\t\t\t<span class=\"elementor-toggle-icon elementor-toggle-icon-left\" aria-hidden=\"true\">\n\t\t\t\t\t\t\t\t\t\t\t\t\t\t\t<span class=\"elementor-toggle-icon-closed\"><svg class=\"e-font-icon-svg e-fas-caret-right\" viewBox=\"0 0 192 512\" xmlns=\"http:\/\/www.w3.org\/2000\/svg\"><path d=\"M0 384.662V127.338c0-17.818 21.543-26.741 34.142-14.142l128.662 128.662c7.81 7.81 7.81 20.474 0 28.284L34.142 398.804C21.543 411.404 0 402.48 0 384.662z\"><\/path><\/svg><\/span>\n\t\t\t\t\t\t\t\t<span class=\"elementor-toggle-icon-opened\"><svg class=\"elementor-toggle-icon-opened e-font-icon-svg e-fas-caret-up\" viewBox=\"0 0 320 512\" xmlns=\"http:\/\/www.w3.org\/2000\/svg\"><path d=\"M288.662 352H31.338c-17.818 0-26.741-21.543-14.142-34.142l128.662-128.662c7.81-7.81 20.474-7.81 28.284 0l128.662 128.662c12.6 12.599 3.676 34.142-14.142 34.142z\"><\/path><\/svg><\/span>\n\t\t\t\t\t\t\t\t\t\t\t\t\t<\/span>\n\t\t\t\t\t\t\t\t\t\t\t\t<a class=\"elementor-toggle-title\" tabindex=\"0\">SAKLAMA<\/a>\n\t\t\t\t\t<\/div>\n\n\t\t\t\t\t<div id=\"elementor-tab-content-2644\" class=\"elementor-tab-content elementor-clearfix\" data-tab=\"4\" role=\"region\" aria-labelledby=\"elementor-tab-title-2644\"><table>\n<tbody>\n<tr>\n<td>\n<p>15-25\u00b0C&#8217;de (59-77\u00b0F) kuru ve karanl\u0131k bir yerde saklay\u0131n<\/p>\n<\/td>\n<\/tr>\n<\/tbody>\n<\/table>\n<\/div>\n\t\t\t\t<\/div>\n\t\t\t\t\t\t\t\t<\/div>\n\t\t\t\t\t\t<\/div>\n\t\t\t\t<\/div>\n\t\t\t\t\t<\/div>\n\t\t\t\t<\/div>\n\t\t\t\t<\/div>\n\t\t","protected":false},"excerpt":{"rendered":"<table>\n<tbody>\n<tr>\n<td>DigestoReg, emilim sorunlar\u0131 olan k\u00f6pek ve kedilerde sindirim fonksiyonuna yard\u0131mc\u0131 olmak i\u00e7in y\u00fcksek konsantrasyonda zerde\u00e7al ve enginar\u0131n yan\u0131 s\u0131ra \u00f6zenle se\u00e7ilmi\u015f di\u011fer bir\u00e7ok bile\u015feni i\u00e7eren bir ek yemdir.<\/p>\n<p>M\u00fckemmel sindirim sa\u011fl\u0131\u011f\u0131n\u0131 desteklemek ve evcil hayvanlarda \u00e7ok yayg\u0131n olan, genellikle yetersiz beslenme, kilo kayb\u0131 ve di\u011fer dejeneratif sorunlara neden olan yetersiz veya etkisiz sindirimden kaynaklanan sindirim bozukluklar\u0131na yard\u0131mc\u0131 olmak i\u00e7in olu\u015fturulmu\u015f hassas bir \u015fekilde dengelenmi\u015f bir besin form\u00fcl\u00fcd\u00fcr; proteinlerin, ya\u011flar\u0131n ve karbonhidratlar\u0131n sindirimini destekledi\u011fi ve mide bulant\u0131s\u0131na ek olarak mide ek\u015fimesi ve haz\u0131ms\u0131zl\u0131k gibi di\u011fer sindirim sorunlar\u0131na yard\u0131mc\u0131 oldu\u011fu i\u00e7in bu \u00fcr\u00fcn kullan\u0131larak bunlar\u0131n t\u00fcm\u00fc \u00f6nlenebilir.<\/p>\n<p>Bu \u00fcr\u00fcn\u00fcn a\u011fr\u0131ya ba\u011fl\u0131 semptomlara yard\u0131mc\u0131 olabilecek g\u00fc\u00e7l\u00fc bir anti-enflamatuar madde olan zerde\u00e7al i\u00e7ermesi, kas-iskelet sistemi rahats\u0131zl\u0131klar\u0131na kapsaml\u0131 bak\u0131m sunmak i\u00e7in ideal bir sistem sa\u011flar.<\/p>\n<p>Kar\u0131\u015f\u0131mdaki enzimler, besin emilimini art\u0131r\u0131rken, karaci\u011fer fonksiyonlar\u0131n\u0131 ve salg\u0131lar\u0131n\u0131 uyar\u0131rken ve safra ve mide asidi \u00fcretimini art\u0131r\u0131rken a\u011f\u0131z kokusunu ve \u015fi\u015fkinli\u011fi azaltmaya yard\u0131mc\u0131 olur.<\/td>\n<\/tr>\n<\/tbody>\n<\/table>\n","protected":false},"featured_media":29417,"template":"","meta":[],"product_cat":[179],"product_tag":[],"class_list":{"0":"post-29505","1":"product","2":"type-product","3":"status-publish","4":"has-post-thumbnail","6":"product_cat-evcil-hayvanlar","8":"first","9":"instock","10":"shipping-taxable","11":"product-type-simple"},"yoast_head":"<!-- This site is optimized with the Yoast SEO plugin v24.1 - https:\/\/yoast.com\/wordpress\/plugins\/seo\/ -->\n<title>DigestoReg - regnovet<\/title>\n<meta name=\"robots\" content=\"index, follow, max-snippet:-1, max-image-preview:large, max-video-preview:-1\" \/>\n<link rel=\"canonical\" href=\"https:\/\/www.regnovet.com\/tr\/urun\/digestoreg\/\" \/>\n<meta property=\"og:locale\" content=\"tr_TR\" \/>\n<meta property=\"og:type\" content=\"article\" \/>\n<meta property=\"og:title\" content=\"DigestoReg - regnovet\" \/>\n<meta property=\"og:description\" content=\"DigestoReg, emilim sorunlar\u0131 olan k\u00f6pek ve kedilerde sindirim fonksiyonuna yard\u0131mc\u0131 olmak i\u00e7in y\u00fcksek konsantrasyonda zerde\u00e7al ve enginar\u0131n yan\u0131 s\u0131ra \u00f6zenle se\u00e7ilmi\u015f di\u011fer bir\u00e7ok bile\u015feni i\u00e7eren bir ek yemdir.  M\u00fckemmel sindirim sa\u011fl\u0131\u011f\u0131n\u0131 desteklemek ve evcil hayvanlarda \u00e7ok yayg\u0131n olan, genellikle yetersiz beslenme, kilo kayb\u0131 ve di\u011fer dejeneratif sorunlara neden olan yetersiz veya etkisiz sindirimden kaynaklanan sindirim bozukluklar\u0131na yard\u0131mc\u0131 olmak i\u00e7in olu\u015fturulmu\u015f hassas bir \u015fekilde dengelenmi\u015f bir besin form\u00fcl\u00fcd\u00fcr; proteinlerin, ya\u011flar\u0131n ve karbonhidratlar\u0131n sindirimini destekledi\u011fi ve mide bulant\u0131s\u0131na ek olarak mide ek\u015fimesi ve haz\u0131ms\u0131zl\u0131k gibi di\u011fer sindirim sorunlar\u0131na yard\u0131mc\u0131 oldu\u011fu i\u00e7in bu \u00fcr\u00fcn kullan\u0131larak bunlar\u0131n t\u00fcm\u00fc \u00f6nlenebilir.  Bu \u00fcr\u00fcn\u00fcn a\u011fr\u0131ya ba\u011fl\u0131 semptomlara yard\u0131mc\u0131 olabilecek g\u00fc\u00e7l\u00fc bir anti-enflamatuar madde olan zerde\u00e7al i\u00e7ermesi, kas-iskelet sistemi rahats\u0131zl\u0131klar\u0131na kapsaml\u0131 bak\u0131m sunmak i\u00e7in ideal bir sistem sa\u011flar.  Kar\u0131\u015f\u0131mdaki enzimler, besin emilimini art\u0131r\u0131rken, karaci\u011fer fonksiyonlar\u0131n\u0131 ve salg\u0131lar\u0131n\u0131 uyar\u0131rken ve safra ve mide asidi \u00fcretimini art\u0131r\u0131rken a\u011f\u0131z kokusunu ve \u015fi\u015fkinli\u011fi azaltmaya yard\u0131mc\u0131 olur.\" \/>\n<meta property=\"og:url\" content=\"https:\/\/www.regnovet.com\/tr\/urun\/digestoreg\/\" \/>\n<meta property=\"og:site_name\" content=\"regnovet\" \/>\n<meta property=\"article:publisher\" content=\"https:\/\/www.facebook.com\/people\/RegnoVet\/61571321505220\/\" \/>\n<meta property=\"article:modified_time\" content=\"2025-02-18T10:33:51+00:00\" \/>\n<meta property=\"og:image\" content=\"https:\/\/www.regnovet.com\/wp-content\/uploads\/2024\/11\/DigestoReg.jpg\" \/>\n\t<meta property=\"og:image:width\" content=\"700\" \/>\n\t<meta property=\"og:image:height\" content=\"700\" \/>\n\t<meta property=\"og:image:type\" content=\"image\/jpeg\" \/>\n<meta name=\"twitter:card\" content=\"summary_large_image\" \/>\n<meta name=\"twitter:label1\" content=\"Tahmini okuma s\u00fcresi\" \/>\n\t<meta name=\"twitter:data1\" content=\"1 dakika\" \/>\n<script type=\"application\/ld+json\" class=\"yoast-schema-graph\">{\"@context\":\"https:\/\/schema.org\",\"@graph\":[{\"@type\":\"WebPage\",\"@id\":\"https:\/\/www.regnovet.com\/tr\/urun\/digestoreg\/\",\"url\":\"https:\/\/www.regnovet.com\/tr\/urun\/digestoreg\/\",\"name\":\"DigestoReg - regnovet\",\"isPartOf\":{\"@id\":\"https:\/\/www.regnovet.com\/tr\/#website\"},\"primaryImageOfPage\":{\"@id\":\"https:\/\/www.regnovet.com\/tr\/urun\/digestoreg\/#primaryimage\"},\"image\":{\"@id\":\"https:\/\/www.regnovet.com\/tr\/urun\/digestoreg\/#primaryimage\"},\"thumbnailUrl\":\"https:\/\/www.regnovet.com\/wp-content\/uploads\/2024\/11\/DigestoReg.jpg\",\"datePublished\":\"2024-11-30T11:21:44+00:00\",\"dateModified\":\"2025-02-18T10:33:51+00:00\",\"breadcrumb\":{\"@id\":\"https:\/\/www.regnovet.com\/tr\/urun\/digestoreg\/#breadcrumb\"},\"inLanguage\":\"tr\",\"potentialAction\":[{\"@type\":\"ReadAction\",\"target\":[\"https:\/\/www.regnovet.com\/tr\/urun\/digestoreg\/\"]}]},{\"@type\":\"ImageObject\",\"inLanguage\":\"tr\",\"@id\":\"https:\/\/www.regnovet.com\/tr\/urun\/digestoreg\/#primaryimage\",\"url\":\"https:\/\/www.regnovet.com\/wp-content\/uploads\/2024\/11\/DigestoReg.jpg\",\"contentUrl\":\"https:\/\/www.regnovet.com\/wp-content\/uploads\/2024\/11\/DigestoReg.jpg\",\"width\":700,\"height\":700},{\"@type\":\"BreadcrumbList\",\"@id\":\"https:\/\/www.regnovet.com\/tr\/urun\/digestoreg\/#breadcrumb\",\"itemListElement\":[{\"@type\":\"ListItem\",\"position\":1,\"name\":\"Home\",\"item\":\"https:\/\/www.regnovet.com\/tr\/\"},{\"@type\":\"ListItem\",\"position\":2,\"name\":\"\u00dcr\u00fcnler\",\"item\":\"https:\/\/www.regnovet.com\/products\/\"},{\"@type\":\"ListItem\",\"position\":3,\"name\":\"DigestoReg\"}]},{\"@type\":\"WebSite\",\"@id\":\"https:\/\/www.regnovet.com\/tr\/#website\",\"url\":\"https:\/\/www.regnovet.com\/tr\/\",\"name\":\"regnovet\",\"description\":\"\",\"publisher\":{\"@id\":\"https:\/\/www.regnovet.com\/tr\/#organization\"},\"potentialAction\":[{\"@type\":\"SearchAction\",\"target\":{\"@type\":\"EntryPoint\",\"urlTemplate\":\"https:\/\/www.regnovet.com\/tr\/?s={search_term_string}\"},\"query-input\":{\"@type\":\"PropertyValueSpecification\",\"valueRequired\":true,\"valueName\":\"search_term_string\"}}],\"inLanguage\":\"tr\"},{\"@type\":\"Organization\",\"@id\":\"https:\/\/www.regnovet.com\/tr\/#organization\",\"name\":\"regnovet\",\"url\":\"https:\/\/www.regnovet.com\/tr\/\",\"logo\":{\"@type\":\"ImageObject\",\"inLanguage\":\"tr\",\"@id\":\"https:\/\/www.regnovet.com\/tr\/#\/schema\/logo\/image\/\",\"url\":\"https:\/\/www.regnovet.com\/wp-content\/uploads\/2024\/09\/cropped-512.png\",\"contentUrl\":\"https:\/\/www.regnovet.com\/wp-content\/uploads\/2024\/09\/cropped-512.png\",\"width\":512,\"height\":512,\"caption\":\"regnovet\"},\"image\":{\"@id\":\"https:\/\/www.regnovet.com\/tr\/#\/schema\/logo\/image\/\"},\"sameAs\":[\"https:\/\/www.facebook.com\/people\/RegnoVet\/61571321505220\/\"]}]}<\/script>\n<!-- \/ Yoast SEO plugin. -->","yoast_head_json":{"title":"DigestoReg - regnovet","robots":{"index":"index","follow":"follow","max-snippet":"max-snippet:-1","max-image-preview":"max-image-preview:large","max-video-preview":"max-video-preview:-1"},"canonical":"https:\/\/www.regnovet.com\/tr\/urun\/digestoreg\/","og_locale":"tr_TR","og_type":"article","og_title":"DigestoReg - regnovet","og_description":"DigestoReg, emilim sorunlar\u0131 olan k\u00f6pek ve kedilerde sindirim fonksiyonuna yard\u0131mc\u0131 olmak i\u00e7in y\u00fcksek konsantrasyonda zerde\u00e7al ve enginar\u0131n yan\u0131 s\u0131ra \u00f6zenle se\u00e7ilmi\u015f di\u011fer bir\u00e7ok bile\u015feni i\u00e7eren bir ek yemdir.  M\u00fckemmel sindirim sa\u011fl\u0131\u011f\u0131n\u0131 desteklemek ve evcil hayvanlarda \u00e7ok yayg\u0131n olan, genellikle yetersiz beslenme, kilo kayb\u0131 ve di\u011fer dejeneratif sorunlara neden olan yetersiz veya etkisiz sindirimden kaynaklanan sindirim bozukluklar\u0131na yard\u0131mc\u0131 olmak i\u00e7in olu\u015fturulmu\u015f hassas bir \u015fekilde dengelenmi\u015f bir besin form\u00fcl\u00fcd\u00fcr; proteinlerin, ya\u011flar\u0131n ve karbonhidratlar\u0131n sindirimini destekledi\u011fi ve mide bulant\u0131s\u0131na ek olarak mide ek\u015fimesi ve haz\u0131ms\u0131zl\u0131k gibi di\u011fer sindirim sorunlar\u0131na yard\u0131mc\u0131 oldu\u011fu i\u00e7in bu \u00fcr\u00fcn kullan\u0131larak bunlar\u0131n t\u00fcm\u00fc \u00f6nlenebilir.  Bu \u00fcr\u00fcn\u00fcn a\u011fr\u0131ya ba\u011fl\u0131 semptomlara yard\u0131mc\u0131 olabilecek g\u00fc\u00e7l\u00fc bir anti-enflamatuar madde olan zerde\u00e7al i\u00e7ermesi, kas-iskelet sistemi rahats\u0131zl\u0131klar\u0131na kapsaml\u0131 bak\u0131m sunmak i\u00e7in ideal bir sistem sa\u011flar.  Kar\u0131\u015f\u0131mdaki enzimler, besin emilimini art\u0131r\u0131rken, karaci\u011fer fonksiyonlar\u0131n\u0131 ve salg\u0131lar\u0131n\u0131 uyar\u0131rken ve safra ve mide asidi \u00fcretimini art\u0131r\u0131rken a\u011f\u0131z kokusunu ve \u015fi\u015fkinli\u011fi azaltmaya yard\u0131mc\u0131 olur.","og_url":"https:\/\/www.regnovet.com\/tr\/urun\/digestoreg\/","og_site_name":"regnovet","article_publisher":"https:\/\/www.facebook.com\/people\/RegnoVet\/61571321505220\/","article_modified_time":"2025-02-18T10:33:51+00:00","og_image":[{"width":700,"height":700,"url":"https:\/\/www.regnovet.com\/wp-content\/uploads\/2024\/11\/DigestoReg.jpg","type":"image\/jpeg"}],"twitter_card":"summary_large_image","twitter_misc":{"Tahmini okuma s\u00fcresi":"1 dakika"},"schema":{"@context":"https:\/\/schema.org","@graph":[{"@type":"WebPage","@id":"https:\/\/www.regnovet.com\/tr\/urun\/digestoreg\/","url":"https:\/\/www.regnovet.com\/tr\/urun\/digestoreg\/","name":"DigestoReg - regnovet","isPartOf":{"@id":"https:\/\/www.regnovet.com\/tr\/#website"},"primaryImageOfPage":{"@id":"https:\/\/www.regnovet.com\/tr\/urun\/digestoreg\/#primaryimage"},"image":{"@id":"https:\/\/www.regnovet.com\/tr\/urun\/digestoreg\/#primaryimage"},"thumbnailUrl":"https:\/\/www.regnovet.com\/wp-content\/uploads\/2024\/11\/DigestoReg.jpg","datePublished":"2024-11-30T11:21:44+00:00","dateModified":"2025-02-18T10:33:51+00:00","breadcrumb":{"@id":"https:\/\/www.regnovet.com\/tr\/urun\/digestoreg\/#breadcrumb"},"inLanguage":"tr","potentialAction":[{"@type":"ReadAction","target":["https:\/\/www.regnovet.com\/tr\/urun\/digestoreg\/"]}]},{"@type":"ImageObject","inLanguage":"tr","@id":"https:\/\/www.regnovet.com\/tr\/urun\/digestoreg\/#primaryimage","url":"https:\/\/www.regnovet.com\/wp-content\/uploads\/2024\/11\/DigestoReg.jpg","contentUrl":"https:\/\/www.regnovet.com\/wp-content\/uploads\/2024\/11\/DigestoReg.jpg","width":700,"height":700},{"@type":"BreadcrumbList","@id":"https:\/\/www.regnovet.com\/tr\/urun\/digestoreg\/#breadcrumb","itemListElement":[{"@type":"ListItem","position":1,"name":"Home","item":"https:\/\/www.regnovet.com\/tr\/"},{"@type":"ListItem","position":2,"name":"\u00dcr\u00fcnler","item":"https:\/\/www.regnovet.com\/products\/"},{"@type":"ListItem","position":3,"name":"DigestoReg"}]},{"@type":"WebSite","@id":"https:\/\/www.regnovet.com\/tr\/#website","url":"https:\/\/www.regnovet.com\/tr\/","name":"regnovet","description":"","publisher":{"@id":"https:\/\/www.regnovet.com\/tr\/#organization"},"potentialAction":[{"@type":"SearchAction","target":{"@type":"EntryPoint","urlTemplate":"https:\/\/www.regnovet.com\/tr\/?s={search_term_string}"},"query-input":{"@type":"PropertyValueSpecification","valueRequired":true,"valueName":"search_term_string"}}],"inLanguage":"tr"},{"@type":"Organization","@id":"https:\/\/www.regnovet.com\/tr\/#organization","name":"regnovet","url":"https:\/\/www.regnovet.com\/tr\/","logo":{"@type":"ImageObject","inLanguage":"tr","@id":"https:\/\/www.regnovet.com\/tr\/#\/schema\/logo\/image\/","url":"https:\/\/www.regnovet.com\/wp-content\/uploads\/2024\/09\/cropped-512.png","contentUrl":"https:\/\/www.regnovet.com\/wp-content\/uploads\/2024\/09\/cropped-512.png","width":512,"height":512,"caption":"regnovet"},"image":{"@id":"https:\/\/www.regnovet.com\/tr\/#\/schema\/logo\/image\/"},"sameAs":["https:\/\/www.facebook.com\/people\/RegnoVet\/61571321505220\/"]}]}},"_links":{"self":[{"href":"https:\/\/www.regnovet.com\/tr\/wp-json\/wp\/v2\/product\/29505","targetHints":{"allow":["GET"]}}],"collection":[{"href":"https:\/\/www.regnovet.com\/tr\/wp-json\/wp\/v2\/product"}],"about":[{"href":"https:\/\/www.regnovet.com\/tr\/wp-json\/wp\/v2\/types\/product"}],"version-history":[{"count":5,"href":"https:\/\/www.regnovet.com\/tr\/wp-json\/wp\/v2\/product\/29505\/revisions"}],"predecessor-version":[{"id":31529,"href":"https:\/\/www.regnovet.com\/tr\/wp-json\/wp\/v2\/product\/29505\/revisions\/31529"}],"wp:featuredmedia":[{"embeddable":true,"href":"https:\/\/www.regnovet.com\/tr\/wp-json\/wp\/v2\/media\/29417"}],"wp:attachment":[{"href":"https:\/\/www.regnovet.com\/tr\/wp-json\/wp\/v2\/media?parent=29505"}],"wp:term":[{"taxonomy":"product_cat","embeddable":true,"href":"https:\/\/www.regnovet.com\/tr\/wp-json\/wp\/v2\/product_cat?post=29505"},{"taxonomy":"product_tag","embeddable":true,"href":"https:\/\/www.regnovet.com\/tr\/wp-json\/wp\/v2\/product_tag?post=29505"}],"curies":[{"name":"wp","href":"https:\/\/api.w.org\/{rel}","templated":true}]}}