{"id":29573,"date":"2024-11-11T10:31:52","date_gmt":"2024-11-11T10:31:52","guid":{"rendered":"https:\/\/www.regnovet.com\/index.php\/product\/r-gluta-clean\/"},"modified":"2025-03-21T13:30:21","modified_gmt":"2025-03-21T13:30:21","slug":"r-gluta-clean","status":"publish","type":"product","link":"https:\/\/www.regnovet.com\/tr\/urun\/r-gluta-clean\/","title":{"rendered":"HYDRO CLEAN"},"content":{"rendered":"\t\t<div data-elementor-type=\"wp-post\" data-elementor-id=\"29573\" class=\"elementor elementor-29573 elementor-28764\">\n\t\t\t\t<div class=\"wd-negative-gap elementor-element elementor-element-1560fc8 e-flex e-con-boxed e-con e-parent\" data-id=\"1560fc8\" data-element_type=\"container\" data-e-type=\"container\">\n\t\t\t\t\t<div class=\"e-con-inner\">\n\t\t\t\t<div class=\"elementor-element elementor-element-7d752da elementor-widget elementor-widget-toggle\" data-id=\"7d752da\" data-element_type=\"widget\" data-e-type=\"widget\" data-widget_type=\"toggle.default\">\n\t\t\t\t<div class=\"elementor-widget-container\">\n\t\t\t\t\t\t\t<div class=\"elementor-toggle\">\n\t\t\t\t\t\t\t<div class=\"elementor-toggle-item\">\n\t\t\t\t\t<div id=\"elementor-tab-title-1311\" class=\"elementor-tab-title\" data-tab=\"1\" role=\"button\" aria-controls=\"elementor-tab-content-1311\" aria-expanded=\"false\">\n\t\t\t\t\t\t\t\t\t\t\t\t<span class=\"elementor-toggle-icon elementor-toggle-icon-left\" aria-hidden=\"true\">\n\t\t\t\t\t\t\t\t\t\t\t\t\t\t\t<span class=\"elementor-toggle-icon-closed\"><svg class=\"e-font-icon-svg e-fas-caret-right\" viewBox=\"0 0 192 512\" xmlns=\"http:\/\/www.w3.org\/2000\/svg\"><path d=\"M0 384.662V127.338c0-17.818 21.543-26.741 34.142-14.142l128.662 128.662c7.81 7.81 7.81 20.474 0 28.284L34.142 398.804C21.543 411.404 0 402.48 0 384.662z\"><\/path><\/svg><\/span>\n\t\t\t\t\t\t\t\t<span class=\"elementor-toggle-icon-opened\"><svg class=\"elementor-toggle-icon-opened e-font-icon-svg e-fas-caret-up\" viewBox=\"0 0 320 512\" xmlns=\"http:\/\/www.w3.org\/2000\/svg\"><path d=\"M288.662 352H31.338c-17.818 0-26.741-21.543-14.142-34.142l128.662-128.662c7.81-7.81 20.474-7.81 28.284 0l128.662 128.662c12.6 12.599 3.676 34.142-14.142 34.142z\"><\/path><\/svg><\/span>\n\t\t\t\t\t\t\t\t\t\t\t\t\t<\/span>\n\t\t\t\t\t\t\t\t\t\t\t\t<a class=\"elementor-toggle-title\" tabindex=\"0\">KULLANIM \u015eEKLI:<\/a>\n\t\t\t\t\t<\/div>\n\n\t\t\t\t\t<div id=\"elementor-tab-content-1311\" class=\"elementor-tab-content elementor-clearfix\" data-tab=\"1\" role=\"region\" aria-labelledby=\"elementor-tab-title-1311\"><p>ON LITRE SU I\u00c7INDE<\/p>\n<table>\n<tbody>\n<tr>\n<td width=\"71\"><b>KULLANIM<\/b><\/td>\n<td width=\"71\"><b>D\u00dc\u015e\u00dcK KIRLENME<\/b><\/td>\n<td width=\"71\"><b>ORTA D\u00dcZEYDE KIRLENME<\/b><\/td>\n<td width=\"71\"><b>Y\u00dcKSEK KIRLENME<\/b><\/td>\n<\/tr>\n<tr>\n<td width=\"71\">MAK\u0130NE \u0130\u00c7\u0130NDE<\/td>\n<td width=\"71\">\u00a0 \u00a0 \u00a0 \u00a0 \u00a0 100-150 gr<\/td>\n<td width=\"71\">\u00a0 \u00a0 \u00a0 \u00a0 \u00a0 \u00a0 \u00a0 200-250 gr<\/td>\n<td width=\"71\">\u00a0 \u00a0 \u00a0 \u00a0 \u00a0 \u00a0 250-300 gr<\/td>\n<\/tr>\n<tr>\n<td width=\"71\">MANUEL TEMI\u0307ZLI\u0307K<\/td>\n<td width=\"71\">\u00a0 \u00a0 \u00a0 \u00a0 \u00a0 200-300 gr<\/td>\n<td width=\"71\">\u00a0 \u00a0 \u00a0 \u00a0 \u00a0 \u00a0 \u00a0 400-500 gr<\/td>\n<td width=\"71\">\u00a0 \u00a0 \u00a0 \u00a0 \u00a0 \u00a0 500-600 gr<\/td>\n<\/tr>\n<\/tbody>\n<\/table>\n<p>Uygulama sonunda bol su ile durulama yap\u0131lmal\u0131d\u0131r.<br \/>\nEtkili bir sonu\u00e7 almak i\u00e7in y\u00fczeyin ve ekipman\u0131n kaba kirleri s\u0131cak suyla temizlenmelidir. Kullan\u0131m oranlar\u0131 a\u015fa\u011f\u0131daki tabloda sunulmu\u015ftur. Kullan\u0131m oran\u0131na g\u00f6re suyla seyreltilen \u00fcr\u00fcn, y\u00fczeye veya ekipmana uygulan\u0131r.<br \/>\nKirlenmeye ba\u011fl\u0131 olarak, \u00e7\u00f6zeltinin ya\u011f ve kir ile 10-15 dakika temas etmesi sa\u011flanmal\u0131d\u0131r.<br \/>\nUygulama sonras\u0131 s\u0131cak su ile durulama yap\u0131lmal\u0131d\u0131r.<\/p>\n<\/div>\n\t\t\t\t<\/div>\n\t\t\t\t\t\t\t<div class=\"elementor-toggle-item\">\n\t\t\t\t\t<div id=\"elementor-tab-title-1312\" class=\"elementor-tab-title\" data-tab=\"2\" role=\"button\" aria-controls=\"elementor-tab-content-1312\" aria-expanded=\"false\">\n\t\t\t\t\t\t\t\t\t\t\t\t<span class=\"elementor-toggle-icon elementor-toggle-icon-left\" aria-hidden=\"true\">\n\t\t\t\t\t\t\t\t\t\t\t\t\t\t\t<span class=\"elementor-toggle-icon-closed\"><svg class=\"e-font-icon-svg e-fas-caret-right\" viewBox=\"0 0 192 512\" xmlns=\"http:\/\/www.w3.org\/2000\/svg\"><path d=\"M0 384.662V127.338c0-17.818 21.543-26.741 34.142-14.142l128.662 128.662c7.81 7.81 7.81 20.474 0 28.284L34.142 398.804C21.543 411.404 0 402.48 0 384.662z\"><\/path><\/svg><\/span>\n\t\t\t\t\t\t\t\t<span class=\"elementor-toggle-icon-opened\"><svg class=\"elementor-toggle-icon-opened e-font-icon-svg e-fas-caret-up\" viewBox=\"0 0 320 512\" xmlns=\"http:\/\/www.w3.org\/2000\/svg\"><path d=\"M288.662 352H31.338c-17.818 0-26.741-21.543-14.142-34.142l128.662-128.662c7.81-7.81 20.474-7.81 28.284 0l128.662 128.662c12.6 12.599 3.676 34.142-14.142 34.142z\"><\/path><\/svg><\/span>\n\t\t\t\t\t\t\t\t\t\t\t\t\t<\/span>\n\t\t\t\t\t\t\t\t\t\t\t\t<a class=\"elementor-toggle-title\" tabindex=\"0\">KIMYASAL BILE\u015eIM:<\/a>\n\t\t\t\t\t<\/div>\n\n\t\t\t\t\t<div id=\"elementor-tab-content-1312\" class=\"elementor-tab-content elementor-clearfix\" data-tab=\"2\" role=\"region\" aria-labelledby=\"elementor-tab-title-1312\"><table>\n<tbody>\n<tr>\n<td width=\"118\"><strong>\u00a0<\/strong><\/p>\n<p><b>ETKEN MADDE ADI<\/b><\/td>\n<td width=\"118\"><strong>\u00a0<\/strong><\/p>\n<p><b>KONSANTRASYON (%)<\/b><\/td>\n<\/tr>\n<tr>\n<td width=\"118\"><strong>\u00a0<\/strong><\/p>\n<p>Sodium Hypoklor\u0131t<\/td>\n<td width=\"118\"><strong>\u00a0<\/strong><\/p>\n<p>3<\/td>\n<\/tr>\n<tr>\n<td width=\"118\">\n<table>\n<tbody>\n<tr>\n<td width=\"118\">\n<p class=\"Default\"><span style=\"font-size: 8.0pt;\">Sodium Hydros\u0131t<\/span><\/p>\n<\/td>\n<td width=\"118\"><\/td>\n<\/tr>\n<\/tbody>\n<\/table>\n<\/td>\n<td width=\"118\"><strong>\u00a0<\/strong><\/p>\n<p>12<\/td>\n<\/tr>\n<tr>\n<td colspan=\"2\" width=\"236\"><strong>\u00a0<\/strong><\/p>\n<p>Y\u00fczey Aktif Maddeler, Stabilizat\u00f6rler, Sekestratlar ve Deiyonize Su<\/td>\n<\/tr>\n<\/tbody>\n<\/table>\n<p>&nbsp;<\/p>\n<\/div>\n\t\t\t\t<\/div>\n\t\t\t\t\t\t\t\t<\/div>\n\t\t\t\t\t\t<\/div>\n\t\t\t\t<\/div>\n\t\t\t\t\t<\/div>\n\t\t\t\t<\/div>\n\t\t\t\t<\/div>\n\t\t","protected":false},"excerpt":{"rendered":"<p>\u0130\u015f makineleri ve zeminleri temizlemek i\u00e7in kullan\u0131lan \u00e7ok ama\u00e7l\u0131 bir \u00fcr\u00fcnd\u00fcr. Ayn\u0131 zamanda \u00f6zellikle et sanayisinde, g\u0131da i\u00e7inde bulunan hayvansal ve bitkisel ya\u011flar ile kirlerin temizlenmesinde de kullan\u0131l\u0131r.<br \/>\n\u0130novatif bile\u015fimi sayesinde, kullan\u0131lan suyun sertli\u011finden temizlik ve k\u00f6p\u00fcrme g\u00fcc\u00fc etkilenmez.<br \/>\nHerhangi bir su tipiyle kullan\u0131labilir.<br \/>\nAktif klor g\u00fcc\u00fc sayesinde, bakteri, mantar ve vir\u00fcs gibi t\u00fcm mikroorganizmalara kar\u015f\u0131 etkilidir.<br \/>\nT\u00fcm y\u00fczeylerde, yumu\u015fak metaller hari\u00e7 g\u00fcvenle kullan\u0131labilir. K\u00fc\u00e7\u00fck bir alanda lokal uygulama yap\u0131lmas\u0131 tavsiye edilir.<br \/>\n\u00dcr\u00fcn olduk\u00e7a biyobozunurdur.<\/p>\n","protected":false},"featured_media":31856,"template":"","meta":[],"product_cat":[159],"product_tag":[],"class_list":{"0":"post-29573","1":"product","2":"type-product","3":"status-publish","4":"has-post-thumbnail","6":"product_cat-antiseptikler","8":"first","9":"instock","10":"shipping-taxable","11":"product-type-simple"},"yoast_head":"<!-- This site is optimized with the Yoast SEO plugin v24.1 - https:\/\/yoast.com\/wordpress\/plugins\/seo\/ -->\n<title>HYDRO CLEAN - regnovet<\/title>\n<meta name=\"robots\" content=\"index, follow, max-snippet:-1, max-image-preview:large, max-video-preview:-1\" \/>\n<link rel=\"canonical\" href=\"https:\/\/www.regnovet.com\/tr\/urun\/r-gluta-clean\/\" \/>\n<meta property=\"og:locale\" content=\"tr_TR\" \/>\n<meta property=\"og:type\" content=\"article\" \/>\n<meta property=\"og:title\" content=\"HYDRO CLEAN - regnovet\" \/>\n<meta property=\"og:description\" content=\"\u0130\u015f makineleri ve zeminleri temizlemek i\u00e7in kullan\u0131lan \u00e7ok ama\u00e7l\u0131 bir \u00fcr\u00fcnd\u00fcr. Ayn\u0131 zamanda \u00f6zellikle et sanayisinde, g\u0131da i\u00e7inde bulunan hayvansal ve bitkisel ya\u011flar ile kirlerin temizlenmesinde de kullan\u0131l\u0131r. \u0130novatif bile\u015fimi sayesinde, kullan\u0131lan suyun sertli\u011finden temizlik ve k\u00f6p\u00fcrme g\u00fcc\u00fc etkilenmez. Herhangi bir su tipiyle kullan\u0131labilir. Aktif klor g\u00fcc\u00fc sayesinde, bakteri, mantar ve vir\u00fcs gibi t\u00fcm mikroorganizmalara kar\u015f\u0131 etkilidir. T\u00fcm y\u00fczeylerde, yumu\u015fak metaller hari\u00e7 g\u00fcvenle kullan\u0131labilir. K\u00fc\u00e7\u00fck bir alanda lokal uygulama yap\u0131lmas\u0131 tavsiye edilir. \u00dcr\u00fcn olduk\u00e7a biyobozunurdur.\" \/>\n<meta property=\"og:url\" content=\"https:\/\/www.regnovet.com\/tr\/urun\/r-gluta-clean\/\" \/>\n<meta property=\"og:site_name\" content=\"regnovet\" \/>\n<meta property=\"article:publisher\" content=\"https:\/\/www.facebook.com\/people\/RegnoVet\/61571321505220\/\" \/>\n<meta property=\"article:modified_time\" content=\"2025-03-21T13:30:21+00:00\" \/>\n<meta property=\"og:image\" content=\"https:\/\/www.regnovet.com\/wp-content\/uploads\/2024\/11\/HYDRO-CLEAN.jpg\" \/>\n\t<meta property=\"og:image:width\" content=\"700\" \/>\n\t<meta property=\"og:image:height\" content=\"700\" \/>\n\t<meta property=\"og:image:type\" content=\"image\/jpeg\" \/>\n<meta name=\"twitter:card\" content=\"summary_large_image\" \/>\n<meta name=\"twitter:label1\" content=\"Tahmini okuma s\u00fcresi\" \/>\n\t<meta name=\"twitter:data1\" content=\"1 dakika\" \/>\n<script type=\"application\/ld+json\" class=\"yoast-schema-graph\">{\"@context\":\"https:\/\/schema.org\",\"@graph\":[{\"@type\":\"WebPage\",\"@id\":\"https:\/\/www.regnovet.com\/tr\/urun\/r-gluta-clean\/\",\"url\":\"https:\/\/www.regnovet.com\/tr\/urun\/r-gluta-clean\/\",\"name\":\"HYDRO CLEAN - regnovet\",\"isPartOf\":{\"@id\":\"https:\/\/www.regnovet.com\/tr\/#website\"},\"primaryImageOfPage\":{\"@id\":\"https:\/\/www.regnovet.com\/tr\/urun\/r-gluta-clean\/#primaryimage\"},\"image\":{\"@id\":\"https:\/\/www.regnovet.com\/tr\/urun\/r-gluta-clean\/#primaryimage\"},\"thumbnailUrl\":\"https:\/\/www.regnovet.com\/wp-content\/uploads\/2024\/11\/HYDRO-CLEAN-1.jpg\",\"datePublished\":\"2024-11-11T10:31:52+00:00\",\"dateModified\":\"2025-03-21T13:30:21+00:00\",\"breadcrumb\":{\"@id\":\"https:\/\/www.regnovet.com\/tr\/urun\/r-gluta-clean\/#breadcrumb\"},\"inLanguage\":\"tr\",\"potentialAction\":[{\"@type\":\"ReadAction\",\"target\":[\"https:\/\/www.regnovet.com\/tr\/urun\/r-gluta-clean\/\"]}]},{\"@type\":\"ImageObject\",\"inLanguage\":\"tr\",\"@id\":\"https:\/\/www.regnovet.com\/tr\/urun\/r-gluta-clean\/#primaryimage\",\"url\":\"https:\/\/www.regnovet.com\/wp-content\/uploads\/2024\/11\/HYDRO-CLEAN-1.jpg\",\"contentUrl\":\"https:\/\/www.regnovet.com\/wp-content\/uploads\/2024\/11\/HYDRO-CLEAN-1.jpg\",\"width\":700,\"height\":700},{\"@type\":\"BreadcrumbList\",\"@id\":\"https:\/\/www.regnovet.com\/tr\/urun\/r-gluta-clean\/#breadcrumb\",\"itemListElement\":[{\"@type\":\"ListItem\",\"position\":1,\"name\":\"Home\",\"item\":\"https:\/\/www.regnovet.com\/tr\/\"},{\"@type\":\"ListItem\",\"position\":2,\"name\":\"\u00dcr\u00fcnler\",\"item\":\"https:\/\/www.regnovet.com\/products\/\"},{\"@type\":\"ListItem\",\"position\":3,\"name\":\"HYDRO CLEAN\"}]},{\"@type\":\"WebSite\",\"@id\":\"https:\/\/www.regnovet.com\/tr\/#website\",\"url\":\"https:\/\/www.regnovet.com\/tr\/\",\"name\":\"regnovet\",\"description\":\"\",\"publisher\":{\"@id\":\"https:\/\/www.regnovet.com\/tr\/#organization\"},\"potentialAction\":[{\"@type\":\"SearchAction\",\"target\":{\"@type\":\"EntryPoint\",\"urlTemplate\":\"https:\/\/www.regnovet.com\/tr\/?s={search_term_string}\"},\"query-input\":{\"@type\":\"PropertyValueSpecification\",\"valueRequired\":true,\"valueName\":\"search_term_string\"}}],\"inLanguage\":\"tr\"},{\"@type\":\"Organization\",\"@id\":\"https:\/\/www.regnovet.com\/tr\/#organization\",\"name\":\"regnovet\",\"url\":\"https:\/\/www.regnovet.com\/tr\/\",\"logo\":{\"@type\":\"ImageObject\",\"inLanguage\":\"tr\",\"@id\":\"https:\/\/www.regnovet.com\/tr\/#\/schema\/logo\/image\/\",\"url\":\"https:\/\/www.regnovet.com\/wp-content\/uploads\/2024\/09\/cropped-512.png\",\"contentUrl\":\"https:\/\/www.regnovet.com\/wp-content\/uploads\/2024\/09\/cropped-512.png\",\"width\":512,\"height\":512,\"caption\":\"regnovet\"},\"image\":{\"@id\":\"https:\/\/www.regnovet.com\/tr\/#\/schema\/logo\/image\/\"},\"sameAs\":[\"https:\/\/www.facebook.com\/people\/RegnoVet\/61571321505220\/\"]}]}<\/script>\n<!-- \/ Yoast SEO plugin. -->","yoast_head_json":{"title":"HYDRO CLEAN - regnovet","robots":{"index":"index","follow":"follow","max-snippet":"max-snippet:-1","max-image-preview":"max-image-preview:large","max-video-preview":"max-video-preview:-1"},"canonical":"https:\/\/www.regnovet.com\/tr\/urun\/r-gluta-clean\/","og_locale":"tr_TR","og_type":"article","og_title":"HYDRO CLEAN - regnovet","og_description":"\u0130\u015f makineleri ve zeminleri temizlemek i\u00e7in kullan\u0131lan \u00e7ok ama\u00e7l\u0131 bir \u00fcr\u00fcnd\u00fcr. Ayn\u0131 zamanda \u00f6zellikle et sanayisinde, g\u0131da i\u00e7inde bulunan hayvansal ve bitkisel ya\u011flar ile kirlerin temizlenmesinde de kullan\u0131l\u0131r. \u0130novatif bile\u015fimi sayesinde, kullan\u0131lan suyun sertli\u011finden temizlik ve k\u00f6p\u00fcrme g\u00fcc\u00fc etkilenmez. Herhangi bir su tipiyle kullan\u0131labilir. Aktif klor g\u00fcc\u00fc sayesinde, bakteri, mantar ve vir\u00fcs gibi t\u00fcm mikroorganizmalara kar\u015f\u0131 etkilidir. T\u00fcm y\u00fczeylerde, yumu\u015fak metaller hari\u00e7 g\u00fcvenle kullan\u0131labilir. K\u00fc\u00e7\u00fck bir alanda lokal uygulama yap\u0131lmas\u0131 tavsiye edilir. \u00dcr\u00fcn olduk\u00e7a biyobozunurdur.","og_url":"https:\/\/www.regnovet.com\/tr\/urun\/r-gluta-clean\/","og_site_name":"regnovet","article_publisher":"https:\/\/www.facebook.com\/people\/RegnoVet\/61571321505220\/","article_modified_time":"2025-03-21T13:30:21+00:00","og_image":[{"width":700,"height":700,"url":"https:\/\/www.regnovet.com\/wp-content\/uploads\/2024\/11\/HYDRO-CLEAN.jpg","type":"image\/jpeg"}],"twitter_card":"summary_large_image","twitter_misc":{"Tahmini okuma s\u00fcresi":"1 dakika"},"schema":{"@context":"https:\/\/schema.org","@graph":[{"@type":"WebPage","@id":"https:\/\/www.regnovet.com\/tr\/urun\/r-gluta-clean\/","url":"https:\/\/www.regnovet.com\/tr\/urun\/r-gluta-clean\/","name":"HYDRO CLEAN - regnovet","isPartOf":{"@id":"https:\/\/www.regnovet.com\/tr\/#website"},"primaryImageOfPage":{"@id":"https:\/\/www.regnovet.com\/tr\/urun\/r-gluta-clean\/#primaryimage"},"image":{"@id":"https:\/\/www.regnovet.com\/tr\/urun\/r-gluta-clean\/#primaryimage"},"thumbnailUrl":"https:\/\/www.regnovet.com\/wp-content\/uploads\/2024\/11\/HYDRO-CLEAN-1.jpg","datePublished":"2024-11-11T10:31:52+00:00","dateModified":"2025-03-21T13:30:21+00:00","breadcrumb":{"@id":"https:\/\/www.regnovet.com\/tr\/urun\/r-gluta-clean\/#breadcrumb"},"inLanguage":"tr","potentialAction":[{"@type":"ReadAction","target":["https:\/\/www.regnovet.com\/tr\/urun\/r-gluta-clean\/"]}]},{"@type":"ImageObject","inLanguage":"tr","@id":"https:\/\/www.regnovet.com\/tr\/urun\/r-gluta-clean\/#primaryimage","url":"https:\/\/www.regnovet.com\/wp-content\/uploads\/2024\/11\/HYDRO-CLEAN-1.jpg","contentUrl":"https:\/\/www.regnovet.com\/wp-content\/uploads\/2024\/11\/HYDRO-CLEAN-1.jpg","width":700,"height":700},{"@type":"BreadcrumbList","@id":"https:\/\/www.regnovet.com\/tr\/urun\/r-gluta-clean\/#breadcrumb","itemListElement":[{"@type":"ListItem","position":1,"name":"Home","item":"https:\/\/www.regnovet.com\/tr\/"},{"@type":"ListItem","position":2,"name":"\u00dcr\u00fcnler","item":"https:\/\/www.regnovet.com\/products\/"},{"@type":"ListItem","position":3,"name":"HYDRO CLEAN"}]},{"@type":"WebSite","@id":"https:\/\/www.regnovet.com\/tr\/#website","url":"https:\/\/www.regnovet.com\/tr\/","name":"regnovet","description":"","publisher":{"@id":"https:\/\/www.regnovet.com\/tr\/#organization"},"potentialAction":[{"@type":"SearchAction","target":{"@type":"EntryPoint","urlTemplate":"https:\/\/www.regnovet.com\/tr\/?s={search_term_string}"},"query-input":{"@type":"PropertyValueSpecification","valueRequired":true,"valueName":"search_term_string"}}],"inLanguage":"tr"},{"@type":"Organization","@id":"https:\/\/www.regnovet.com\/tr\/#organization","name":"regnovet","url":"https:\/\/www.regnovet.com\/tr\/","logo":{"@type":"ImageObject","inLanguage":"tr","@id":"https:\/\/www.regnovet.com\/tr\/#\/schema\/logo\/image\/","url":"https:\/\/www.regnovet.com\/wp-content\/uploads\/2024\/09\/cropped-512.png","contentUrl":"https:\/\/www.regnovet.com\/wp-content\/uploads\/2024\/09\/cropped-512.png","width":512,"height":512,"caption":"regnovet"},"image":{"@id":"https:\/\/www.regnovet.com\/tr\/#\/schema\/logo\/image\/"},"sameAs":["https:\/\/www.facebook.com\/people\/RegnoVet\/61571321505220\/"]}]}},"_links":{"self":[{"href":"https:\/\/www.regnovet.com\/tr\/wp-json\/wp\/v2\/product\/29573","targetHints":{"allow":["GET"]}}],"collection":[{"href":"https:\/\/www.regnovet.com\/tr\/wp-json\/wp\/v2\/product"}],"about":[{"href":"https:\/\/www.regnovet.com\/tr\/wp-json\/wp\/v2\/types\/product"}],"version-history":[{"count":7,"href":"https:\/\/www.regnovet.com\/tr\/wp-json\/wp\/v2\/product\/29573\/revisions"}],"predecessor-version":[{"id":31658,"href":"https:\/\/www.regnovet.com\/tr\/wp-json\/wp\/v2\/product\/29573\/revisions\/31658"}],"wp:featuredmedia":[{"embeddable":true,"href":"https:\/\/www.regnovet.com\/tr\/wp-json\/wp\/v2\/media\/31856"}],"wp:attachment":[{"href":"https:\/\/www.regnovet.com\/tr\/wp-json\/wp\/v2\/media?parent=29573"}],"wp:term":[{"taxonomy":"product_cat","embeddable":true,"href":"https:\/\/www.regnovet.com\/tr\/wp-json\/wp\/v2\/product_cat?post=29573"},{"taxonomy":"product_tag","embeddable":true,"href":"https:\/\/www.regnovet.com\/tr\/wp-json\/wp\/v2\/product_tag?post=29573"}],"curies":[{"name":"wp","href":"https:\/\/api.w.org\/{rel}","templated":true}]}}