{"id":29578,"date":"2024-11-11T11:34:34","date_gmt":"2024-11-11T11:34:34","guid":{"rendered":"https:\/\/www.regnovet.com\/index.php\/product\/glutanol\/"},"modified":"2024-12-16T09:34:21","modified_gmt":"2024-12-16T09:34:21","slug":"glutanol","status":"publish","type":"product","link":"https:\/\/www.regnovet.com\/tr\/urun\/glutanol\/","title":{"rendered":"GLUTANOL"},"content":{"rendered":"\t\t<div data-elementor-type=\"wp-post\" data-elementor-id=\"29578\" class=\"elementor elementor-29578 elementor-28777\">\n\t\t\t\t<div class=\"wd-negative-gap elementor-element elementor-element-1b88c64 e-flex e-con-boxed e-con e-parent\" data-id=\"1b88c64\" data-element_type=\"container\" data-e-type=\"container\">\n\t\t\t\t\t<div class=\"e-con-inner\">\n\t\t\t\t<div class=\"elementor-element elementor-element-79ff2e7 elementor-widget elementor-widget-toggle\" data-id=\"79ff2e7\" data-element_type=\"widget\" data-e-type=\"widget\" data-widget_type=\"toggle.default\">\n\t\t\t\t<div class=\"elementor-widget-container\">\n\t\t\t\t\t\t\t<div class=\"elementor-toggle\">\n\t\t\t\t\t\t\t<div class=\"elementor-toggle-item\">\n\t\t\t\t\t<div id=\"elementor-tab-title-1271\" class=\"elementor-tab-title\" data-tab=\"1\" role=\"button\" aria-controls=\"elementor-tab-content-1271\" aria-expanded=\"false\">\n\t\t\t\t\t\t\t\t\t\t\t\t<span class=\"elementor-toggle-icon elementor-toggle-icon-left\" aria-hidden=\"true\">\n\t\t\t\t\t\t\t\t\t\t\t\t\t\t\t<span class=\"elementor-toggle-icon-closed\"><svg class=\"e-font-icon-svg e-fas-caret-right\" viewBox=\"0 0 192 512\" xmlns=\"http:\/\/www.w3.org\/2000\/svg\"><path d=\"M0 384.662V127.338c0-17.818 21.543-26.741 34.142-14.142l128.662 128.662c7.81 7.81 7.81 20.474 0 28.284L34.142 398.804C21.543 411.404 0 402.48 0 384.662z\"><\/path><\/svg><\/span>\n\t\t\t\t\t\t\t\t<span class=\"elementor-toggle-icon-opened\"><svg class=\"elementor-toggle-icon-opened e-font-icon-svg e-fas-caret-up\" viewBox=\"0 0 320 512\" xmlns=\"http:\/\/www.w3.org\/2000\/svg\"><path d=\"M288.662 352H31.338c-17.818 0-26.741-21.543-14.142-34.142l128.662-128.662c7.81-7.81 20.474-7.81 28.284 0l128.662 128.662c12.6 12.599 3.676 34.142-14.142 34.142z\"><\/path><\/svg><\/span>\n\t\t\t\t\t\t\t\t\t\t\t\t\t<\/span>\n\t\t\t\t\t\t\t\t\t\t\t\t<a class=\"elementor-toggle-title\" tabindex=\"0\">KULLANIM ALANI:<\/a>\n\t\t\t\t\t<\/div>\n\n\t\t\t\t\t<div id=\"elementor-tab-content-1271\" class=\"elementor-tab-content elementor-clearfix\" data-tab=\"1\" role=\"region\" aria-labelledby=\"elementor-tab-title-1271\"><p>Glutaraldehit ve QAC i\u00e7eren g\u00fc\u00e7l\u00fc bir dezenfektand\u0131r, \u00e7iftlik ortam\u0131 ve ekipmanlar\u0131n\u0131n, tavuk \u00e7iftliklerinin, kulu\u00e7kahanelerin, hava ve su sistemlerinin dezenfeksiyonu, ayak hastal\u0131klar\u0131n\u0131n tedavisi i\u00e7in gerekli ayak banyolar\u0131n\u0131n haz\u0131rlanmas\u0131 ve genel dezenfeksiyon i\u00e7in \u00fcretilmi\u015ftir.<\/p>\n<\/div>\n\t\t\t\t<\/div>\n\t\t\t\t\t\t\t<div class=\"elementor-toggle-item\">\n\t\t\t\t\t<div id=\"elementor-tab-title-1272\" class=\"elementor-tab-title\" data-tab=\"2\" role=\"button\" aria-controls=\"elementor-tab-content-1272\" aria-expanded=\"false\">\n\t\t\t\t\t\t\t\t\t\t\t\t<span class=\"elementor-toggle-icon elementor-toggle-icon-left\" aria-hidden=\"true\">\n\t\t\t\t\t\t\t\t\t\t\t\t\t\t\t<span class=\"elementor-toggle-icon-closed\"><svg class=\"e-font-icon-svg e-fas-caret-right\" viewBox=\"0 0 192 512\" xmlns=\"http:\/\/www.w3.org\/2000\/svg\"><path d=\"M0 384.662V127.338c0-17.818 21.543-26.741 34.142-14.142l128.662 128.662c7.81 7.81 7.81 20.474 0 28.284L34.142 398.804C21.543 411.404 0 402.48 0 384.662z\"><\/path><\/svg><\/span>\n\t\t\t\t\t\t\t\t<span class=\"elementor-toggle-icon-opened\"><svg class=\"elementor-toggle-icon-opened e-font-icon-svg e-fas-caret-up\" viewBox=\"0 0 320 512\" xmlns=\"http:\/\/www.w3.org\/2000\/svg\"><path d=\"M288.662 352H31.338c-17.818 0-26.741-21.543-14.142-34.142l128.662-128.662c7.81-7.81 20.474-7.81 28.284 0l128.662 128.662c12.6 12.599 3.676 34.142-14.142 34.142z\"><\/path><\/svg><\/span>\n\t\t\t\t\t\t\t\t\t\t\t\t\t<\/span>\n\t\t\t\t\t\t\t\t\t\t\t\t<a class=\"elementor-toggle-title\" tabindex=\"0\">UYGULAMA Y\u00d6NTEMI:<\/a>\n\t\t\t\t\t<\/div>\n\n\t\t\t\t\t<div id=\"elementor-tab-content-1272\" class=\"elementor-tab-content elementor-clearfix\" data-tab=\"2\" role=\"region\" aria-labelledby=\"elementor-tab-title-1272\"><p>Rutin ve son dezenfeksiyon i\u00e7in 1\/150-1\/400 oran\u0131nda seyretilerek kullan\u0131l\u0131r.<br \/>\nDi\u011fer genel enfeksiyonlara kar\u015f\u0131 (bruselloz, \u015farbon vb.) ve alet ile ekipman dezenfeksiyonu i\u00e7in seyreltme oran\u0131 1\/200 olmal\u0131d\u0131r.<br \/>\nAyak banyolar\u0131 ve tekerlek havuzlar\u0131 i\u00e7in seyreltme oran\u0131 1\/50 olmal\u0131d\u0131r.<\/p>\n<\/div>\n\t\t\t\t<\/div>\n\t\t\t\t\t\t\t<div class=\"elementor-toggle-item\">\n\t\t\t\t\t<div id=\"elementor-tab-title-1273\" class=\"elementor-tab-title\" data-tab=\"3\" role=\"button\" aria-controls=\"elementor-tab-content-1273\" aria-expanded=\"false\">\n\t\t\t\t\t\t\t\t\t\t\t\t<span class=\"elementor-toggle-icon elementor-toggle-icon-left\" aria-hidden=\"true\">\n\t\t\t\t\t\t\t\t\t\t\t\t\t\t\t<span class=\"elementor-toggle-icon-closed\"><svg class=\"e-font-icon-svg e-fas-caret-right\" viewBox=\"0 0 192 512\" xmlns=\"http:\/\/www.w3.org\/2000\/svg\"><path d=\"M0 384.662V127.338c0-17.818 21.543-26.741 34.142-14.142l128.662 128.662c7.81 7.81 7.81 20.474 0 28.284L34.142 398.804C21.543 411.404 0 402.48 0 384.662z\"><\/path><\/svg><\/span>\n\t\t\t\t\t\t\t\t<span class=\"elementor-toggle-icon-opened\"><svg class=\"elementor-toggle-icon-opened e-font-icon-svg e-fas-caret-up\" viewBox=\"0 0 320 512\" xmlns=\"http:\/\/www.w3.org\/2000\/svg\"><path d=\"M288.662 352H31.338c-17.818 0-26.741-21.543-14.142-34.142l128.662-128.662c7.81-7.81 20.474-7.81 28.284 0l128.662 128.662c12.6 12.599 3.676 34.142-14.142 34.142z\"><\/path><\/svg><\/span>\n\t\t\t\t\t\t\t\t\t\t\t\t\t<\/span>\n\t\t\t\t\t\t\t\t\t\t\t\t<a class=\"elementor-toggle-title\" tabindex=\"0\">KIMYASAL BILE\u015eIM:<\/a>\n\t\t\t\t\t<\/div>\n\n\t\t\t\t\t<div id=\"elementor-tab-content-1273\" class=\"elementor-tab-content elementor-clearfix\" data-tab=\"3\" role=\"region\" aria-labelledby=\"elementor-tab-title-1273\"><table>\n<tbody>\n<tr>\n<td width=\"118\">\n<p><strong>&nbsp;<\/strong><\/p>\n<p><b>ETKEN MADDE ADI<\/b><\/p>\n<\/td>\n<td width=\"118\">\n<p><strong>&nbsp;<\/strong><\/p>\n<p><b>KONSANTRASYON (%)<\/b><\/p>\n<\/td>\n<\/tr>\n<tr>\n<td width=\"118\">\n<p><strong>&nbsp;<\/strong><\/p>\n<p>Glutaraldehit<\/p>\n<\/td>\n<td width=\"118\">\n<p><strong>&nbsp;<\/strong><\/p>\n<p>&nbsp; &nbsp; &nbsp; &nbsp; &nbsp; &nbsp; &nbsp;15<\/p>\n<\/td>\n<\/tr>\n<tr>\n<td width=\"118\">\n<p>Alkil dimetil benzil amonyum klor\u00fcr<\/p>\n<\/td>\n<td width=\"118\">\n<p><strong>&nbsp;<\/strong><\/p>\n<p>&nbsp; &nbsp; &nbsp; &nbsp; &nbsp; &nbsp; &nbsp;10<\/p>\n<\/td>\n<\/tr>\n<tr>\n<td colspan=\"2\" width=\"236\">\n<p><strong>&nbsp;<\/strong><\/p>\n<p>Y\u00fczey Aktif Maddeler, Stabilizat\u00f6rler, Sekestranlar ve Deiyonize Su<\/p>\n<\/td>\n<\/tr>\n<\/tbody>\n<\/table>\n<\/div>\n\t\t\t\t<\/div>\n\t\t\t\t\t\t\t\t<\/div>\n\t\t\t\t\t\t<\/div>\n\t\t\t\t<\/div>\n\t\t\t\t\t<\/div>\n\t\t\t\t<\/div>\n\t\t\t\t<\/div>\n\t\t","protected":false},"excerpt":{"rendered":"<p><strong><span style=\"font-weight: normal;\">Vir\u00fcsler, bakteriler ve mantarlara kar\u015f\u0131 etkili, g\u00fc\u00e7l\u00fc bir dezenfektand\u0131r. Glutaraldehit ve QAC&#8217;nin sinerjik etkisiyle hayvan bar\u0131naklar\u0131, tavuk \u00e7iftlikleri, kulu\u00e7kahaneler, mezbahalar, ta\u015f\u0131ma ara\u00e7lar\u0131, \u00e7iftlik ekipmanlar\u0131, veteriner klinikleri gibi alanlarda dezenfeksiyon i\u00e7in kullan\u0131l\u0131r.<\/span><\/strong><b><br \/>\n<\/b><strong><span style=\"font-weight: normal;\">Vir\u00fcsler ve bakteriler taraf\u0131ndan olu\u015fan hastal\u0131klardan \u00e7iftlik hayvanlar\u0131n\u0131 korur ve nihayetinde \u00fcretim kalitesini art\u0131rmaya yard\u0131mc\u0131 olur. Ayr\u0131ca, al\u00fcminyum, \u015fap hastal\u0131\u011f\u0131, ku\u015f gribi gibi yayg\u0131n hastal\u0131klar\u0131n yan\u0131 s\u0131ra \u00e7iftlikte mantar hastal\u0131klar\u0131n\u0131n olu\u015fumunu engeller.<\/span><\/strong><b><\/b><\/p>\n","protected":false},"featured_media":31853,"template":"","meta":[],"product_cat":[159],"product_tag":[],"class_list":{"0":"post-29578","1":"product","2":"type-product","3":"status-publish","4":"has-post-thumbnail","6":"product_cat-antiseptikler","8":"first","9":"instock","10":"shipping-taxable","11":"product-type-simple"},"yoast_head":"<!-- This site is optimized with the Yoast SEO plugin v24.1 - https:\/\/yoast.com\/wordpress\/plugins\/seo\/ -->\n<title>GLUTANOL - regnovet<\/title>\n<meta name=\"robots\" content=\"index, follow, max-snippet:-1, max-image-preview:large, max-video-preview:-1\" \/>\n<link rel=\"canonical\" href=\"https:\/\/www.regnovet.com\/tr\/urun\/glutanol\/\" \/>\n<meta property=\"og:locale\" content=\"tr_TR\" \/>\n<meta property=\"og:type\" content=\"article\" \/>\n<meta property=\"og:title\" content=\"GLUTANOL - regnovet\" \/>\n<meta property=\"og:description\" content=\"Vir\u00fcsler, bakteriler ve mantarlara kar\u015f\u0131 etkili, g\u00fc\u00e7l\u00fc bir dezenfektand\u0131r. Glutaraldehit ve QAC&#039;nin sinerjik etkisiyle hayvan bar\u0131naklar\u0131, tavuk \u00e7iftlikleri, kulu\u00e7kahaneler, mezbahalar, ta\u015f\u0131ma ara\u00e7lar\u0131, \u00e7iftlik ekipmanlar\u0131, veteriner klinikleri gibi alanlarda dezenfeksiyon i\u00e7in kullan\u0131l\u0131r. Vir\u00fcsler ve bakteriler taraf\u0131ndan olu\u015fan hastal\u0131klardan \u00e7iftlik hayvanlar\u0131n\u0131 korur ve nihayetinde \u00fcretim kalitesini art\u0131rmaya yard\u0131mc\u0131 olur. Ayr\u0131ca, al\u00fcminyum, \u015fap hastal\u0131\u011f\u0131, ku\u015f gribi gibi yayg\u0131n hastal\u0131klar\u0131n yan\u0131 s\u0131ra \u00e7iftlikte mantar hastal\u0131klar\u0131n\u0131n olu\u015fumunu engeller.\" \/>\n<meta property=\"og:url\" content=\"https:\/\/www.regnovet.com\/tr\/urun\/glutanol\/\" \/>\n<meta property=\"og:site_name\" content=\"regnovet\" \/>\n<meta property=\"article:publisher\" content=\"https:\/\/www.facebook.com\/people\/RegnoVet\/61571321505220\/\" \/>\n<meta property=\"article:modified_time\" content=\"2024-12-16T09:34:21+00:00\" \/>\n<meta property=\"og:image\" content=\"https:\/\/www.regnovet.com\/wp-content\/uploads\/2024\/11\/GLUTANOL-010.jpg\" \/>\n\t<meta property=\"og:image:width\" content=\"700\" \/>\n\t<meta property=\"og:image:height\" content=\"700\" \/>\n\t<meta property=\"og:image:type\" content=\"image\/jpeg\" \/>\n<meta name=\"twitter:card\" content=\"summary_large_image\" \/>\n<meta name=\"twitter:label1\" content=\"Tahmini okuma s\u00fcresi\" \/>\n\t<meta name=\"twitter:data1\" content=\"1 dakika\" \/>\n<script type=\"application\/ld+json\" class=\"yoast-schema-graph\">{\"@context\":\"https:\/\/schema.org\",\"@graph\":[{\"@type\":\"WebPage\",\"@id\":\"https:\/\/www.regnovet.com\/tr\/urun\/glutanol\/\",\"url\":\"https:\/\/www.regnovet.com\/tr\/urun\/glutanol\/\",\"name\":\"GLUTANOL - regnovet\",\"isPartOf\":{\"@id\":\"https:\/\/www.regnovet.com\/tr\/#website\"},\"primaryImageOfPage\":{\"@id\":\"https:\/\/www.regnovet.com\/tr\/urun\/glutanol\/#primaryimage\"},\"image\":{\"@id\":\"https:\/\/www.regnovet.com\/tr\/urun\/glutanol\/#primaryimage\"},\"thumbnailUrl\":\"https:\/\/www.regnovet.com\/wp-content\/uploads\/2024\/11\/GLUTANOL.jpg\",\"datePublished\":\"2024-11-11T11:34:34+00:00\",\"dateModified\":\"2024-12-16T09:34:21+00:00\",\"breadcrumb\":{\"@id\":\"https:\/\/www.regnovet.com\/tr\/urun\/glutanol\/#breadcrumb\"},\"inLanguage\":\"tr\",\"potentialAction\":[{\"@type\":\"ReadAction\",\"target\":[\"https:\/\/www.regnovet.com\/tr\/urun\/glutanol\/\"]}]},{\"@type\":\"ImageObject\",\"inLanguage\":\"tr\",\"@id\":\"https:\/\/www.regnovet.com\/tr\/urun\/glutanol\/#primaryimage\",\"url\":\"https:\/\/www.regnovet.com\/wp-content\/uploads\/2024\/11\/GLUTANOL.jpg\",\"contentUrl\":\"https:\/\/www.regnovet.com\/wp-content\/uploads\/2024\/11\/GLUTANOL.jpg\",\"width\":700,\"height\":700},{\"@type\":\"BreadcrumbList\",\"@id\":\"https:\/\/www.regnovet.com\/tr\/urun\/glutanol\/#breadcrumb\",\"itemListElement\":[{\"@type\":\"ListItem\",\"position\":1,\"name\":\"Home\",\"item\":\"https:\/\/www.regnovet.com\/tr\/\"},{\"@type\":\"ListItem\",\"position\":2,\"name\":\"\u00dcr\u00fcnler\",\"item\":\"https:\/\/www.regnovet.com\/products\/\"},{\"@type\":\"ListItem\",\"position\":3,\"name\":\"GLUTANOL\"}]},{\"@type\":\"WebSite\",\"@id\":\"https:\/\/www.regnovet.com\/tr\/#website\",\"url\":\"https:\/\/www.regnovet.com\/tr\/\",\"name\":\"regnovet\",\"description\":\"\",\"publisher\":{\"@id\":\"https:\/\/www.regnovet.com\/tr\/#organization\"},\"potentialAction\":[{\"@type\":\"SearchAction\",\"target\":{\"@type\":\"EntryPoint\",\"urlTemplate\":\"https:\/\/www.regnovet.com\/tr\/?s={search_term_string}\"},\"query-input\":{\"@type\":\"PropertyValueSpecification\",\"valueRequired\":true,\"valueName\":\"search_term_string\"}}],\"inLanguage\":\"tr\"},{\"@type\":\"Organization\",\"@id\":\"https:\/\/www.regnovet.com\/tr\/#organization\",\"name\":\"regnovet\",\"url\":\"https:\/\/www.regnovet.com\/tr\/\",\"logo\":{\"@type\":\"ImageObject\",\"inLanguage\":\"tr\",\"@id\":\"https:\/\/www.regnovet.com\/tr\/#\/schema\/logo\/image\/\",\"url\":\"https:\/\/www.regnovet.com\/wp-content\/uploads\/2024\/09\/cropped-512.png\",\"contentUrl\":\"https:\/\/www.regnovet.com\/wp-content\/uploads\/2024\/09\/cropped-512.png\",\"width\":512,\"height\":512,\"caption\":\"regnovet\"},\"image\":{\"@id\":\"https:\/\/www.regnovet.com\/tr\/#\/schema\/logo\/image\/\"},\"sameAs\":[\"https:\/\/www.facebook.com\/people\/RegnoVet\/61571321505220\/\"]}]}<\/script>\n<!-- \/ Yoast SEO plugin. -->","yoast_head_json":{"title":"GLUTANOL - regnovet","robots":{"index":"index","follow":"follow","max-snippet":"max-snippet:-1","max-image-preview":"max-image-preview:large","max-video-preview":"max-video-preview:-1"},"canonical":"https:\/\/www.regnovet.com\/tr\/urun\/glutanol\/","og_locale":"tr_TR","og_type":"article","og_title":"GLUTANOL - regnovet","og_description":"Vir\u00fcsler, bakteriler ve mantarlara kar\u015f\u0131 etkili, g\u00fc\u00e7l\u00fc bir dezenfektand\u0131r. Glutaraldehit ve QAC'nin sinerjik etkisiyle hayvan bar\u0131naklar\u0131, tavuk \u00e7iftlikleri, kulu\u00e7kahaneler, mezbahalar, ta\u015f\u0131ma ara\u00e7lar\u0131, \u00e7iftlik ekipmanlar\u0131, veteriner klinikleri gibi alanlarda dezenfeksiyon i\u00e7in kullan\u0131l\u0131r. Vir\u00fcsler ve bakteriler taraf\u0131ndan olu\u015fan hastal\u0131klardan \u00e7iftlik hayvanlar\u0131n\u0131 korur ve nihayetinde \u00fcretim kalitesini art\u0131rmaya yard\u0131mc\u0131 olur. Ayr\u0131ca, al\u00fcminyum, \u015fap hastal\u0131\u011f\u0131, ku\u015f gribi gibi yayg\u0131n hastal\u0131klar\u0131n yan\u0131 s\u0131ra \u00e7iftlikte mantar hastal\u0131klar\u0131n\u0131n olu\u015fumunu engeller.","og_url":"https:\/\/www.regnovet.com\/tr\/urun\/glutanol\/","og_site_name":"regnovet","article_publisher":"https:\/\/www.facebook.com\/people\/RegnoVet\/61571321505220\/","article_modified_time":"2024-12-16T09:34:21+00:00","og_image":[{"width":700,"height":700,"url":"https:\/\/www.regnovet.com\/wp-content\/uploads\/2024\/11\/GLUTANOL-010.jpg","type":"image\/jpeg"}],"twitter_card":"summary_large_image","twitter_misc":{"Tahmini okuma s\u00fcresi":"1 dakika"},"schema":{"@context":"https:\/\/schema.org","@graph":[{"@type":"WebPage","@id":"https:\/\/www.regnovet.com\/tr\/urun\/glutanol\/","url":"https:\/\/www.regnovet.com\/tr\/urun\/glutanol\/","name":"GLUTANOL - regnovet","isPartOf":{"@id":"https:\/\/www.regnovet.com\/tr\/#website"},"primaryImageOfPage":{"@id":"https:\/\/www.regnovet.com\/tr\/urun\/glutanol\/#primaryimage"},"image":{"@id":"https:\/\/www.regnovet.com\/tr\/urun\/glutanol\/#primaryimage"},"thumbnailUrl":"https:\/\/www.regnovet.com\/wp-content\/uploads\/2024\/11\/GLUTANOL.jpg","datePublished":"2024-11-11T11:34:34+00:00","dateModified":"2024-12-16T09:34:21+00:00","breadcrumb":{"@id":"https:\/\/www.regnovet.com\/tr\/urun\/glutanol\/#breadcrumb"},"inLanguage":"tr","potentialAction":[{"@type":"ReadAction","target":["https:\/\/www.regnovet.com\/tr\/urun\/glutanol\/"]}]},{"@type":"ImageObject","inLanguage":"tr","@id":"https:\/\/www.regnovet.com\/tr\/urun\/glutanol\/#primaryimage","url":"https:\/\/www.regnovet.com\/wp-content\/uploads\/2024\/11\/GLUTANOL.jpg","contentUrl":"https:\/\/www.regnovet.com\/wp-content\/uploads\/2024\/11\/GLUTANOL.jpg","width":700,"height":700},{"@type":"BreadcrumbList","@id":"https:\/\/www.regnovet.com\/tr\/urun\/glutanol\/#breadcrumb","itemListElement":[{"@type":"ListItem","position":1,"name":"Home","item":"https:\/\/www.regnovet.com\/tr\/"},{"@type":"ListItem","position":2,"name":"\u00dcr\u00fcnler","item":"https:\/\/www.regnovet.com\/products\/"},{"@type":"ListItem","position":3,"name":"GLUTANOL"}]},{"@type":"WebSite","@id":"https:\/\/www.regnovet.com\/tr\/#website","url":"https:\/\/www.regnovet.com\/tr\/","name":"regnovet","description":"","publisher":{"@id":"https:\/\/www.regnovet.com\/tr\/#organization"},"potentialAction":[{"@type":"SearchAction","target":{"@type":"EntryPoint","urlTemplate":"https:\/\/www.regnovet.com\/tr\/?s={search_term_string}"},"query-input":{"@type":"PropertyValueSpecification","valueRequired":true,"valueName":"search_term_string"}}],"inLanguage":"tr"},{"@type":"Organization","@id":"https:\/\/www.regnovet.com\/tr\/#organization","name":"regnovet","url":"https:\/\/www.regnovet.com\/tr\/","logo":{"@type":"ImageObject","inLanguage":"tr","@id":"https:\/\/www.regnovet.com\/tr\/#\/schema\/logo\/image\/","url":"https:\/\/www.regnovet.com\/wp-content\/uploads\/2024\/09\/cropped-512.png","contentUrl":"https:\/\/www.regnovet.com\/wp-content\/uploads\/2024\/09\/cropped-512.png","width":512,"height":512,"caption":"regnovet"},"image":{"@id":"https:\/\/www.regnovet.com\/tr\/#\/schema\/logo\/image\/"},"sameAs":["https:\/\/www.facebook.com\/people\/RegnoVet\/61571321505220\/"]}]}},"_links":{"self":[{"href":"https:\/\/www.regnovet.com\/tr\/wp-json\/wp\/v2\/product\/29578","targetHints":{"allow":["GET"]}}],"collection":[{"href":"https:\/\/www.regnovet.com\/tr\/wp-json\/wp\/v2\/product"}],"about":[{"href":"https:\/\/www.regnovet.com\/tr\/wp-json\/wp\/v2\/types\/product"}],"version-history":[{"count":3,"href":"https:\/\/www.regnovet.com\/tr\/wp-json\/wp\/v2\/product\/29578\/revisions"}],"predecessor-version":[{"id":29813,"href":"https:\/\/www.regnovet.com\/tr\/wp-json\/wp\/v2\/product\/29578\/revisions\/29813"}],"wp:featuredmedia":[{"embeddable":true,"href":"https:\/\/www.regnovet.com\/tr\/wp-json\/wp\/v2\/media\/31853"}],"wp:attachment":[{"href":"https:\/\/www.regnovet.com\/tr\/wp-json\/wp\/v2\/media?parent=29578"}],"wp:term":[{"taxonomy":"product_cat","embeddable":true,"href":"https:\/\/www.regnovet.com\/tr\/wp-json\/wp\/v2\/product_cat?post=29578"},{"taxonomy":"product_tag","embeddable":true,"href":"https:\/\/www.regnovet.com\/tr\/wp-json\/wp\/v2\/product_tag?post=29578"}],"curies":[{"name":"wp","href":"https:\/\/api.w.org\/{rel}","templated":true}]}}