{"id":29586,"date":"2024-11-11T12:32:20","date_gmt":"2024-11-11T12:32:20","guid":{"rendered":"https:\/\/www.regnovet.com\/index.php\/product\/povinol\/"},"modified":"2025-04-02T08:49:31","modified_gmt":"2025-04-02T08:49:31","slug":"povinol","status":"publish","type":"product","link":"https:\/\/www.regnovet.com\/tr\/urun\/povinol\/","title":{"rendered":"POVINOL"},"content":{"rendered":"\t\t<div data-elementor-type=\"wp-post\" data-elementor-id=\"29586\" class=\"elementor elementor-29586 elementor-28798\">\n\t\t\t\t<div class=\"wd-negative-gap elementor-element elementor-element-686e7e7 e-flex e-con-boxed e-con e-parent\" data-id=\"686e7e7\" data-element_type=\"container\" data-e-type=\"container\">\n\t\t\t\t\t<div class=\"e-con-inner\">\n\t\t\t\t<div class=\"elementor-element elementor-element-225877b elementor-widget elementor-widget-toggle\" data-id=\"225877b\" data-element_type=\"widget\" data-e-type=\"widget\" data-widget_type=\"toggle.default\">\n\t\t\t\t<div class=\"elementor-widget-container\">\n\t\t\t\t\t\t\t<div class=\"elementor-toggle\">\n\t\t\t\t\t\t\t<div class=\"elementor-toggle-item\">\n\t\t\t\t\t<div id=\"elementor-tab-title-3601\" class=\"elementor-tab-title\" data-tab=\"1\" role=\"button\" aria-controls=\"elementor-tab-content-3601\" aria-expanded=\"false\">\n\t\t\t\t\t\t\t\t\t\t\t\t<span class=\"elementor-toggle-icon elementor-toggle-icon-left\" aria-hidden=\"true\">\n\t\t\t\t\t\t\t\t\t\t\t\t\t\t\t<span class=\"elementor-toggle-icon-closed\"><svg class=\"e-font-icon-svg e-fas-caret-right\" viewBox=\"0 0 192 512\" xmlns=\"http:\/\/www.w3.org\/2000\/svg\"><path d=\"M0 384.662V127.338c0-17.818 21.543-26.741 34.142-14.142l128.662 128.662c7.81 7.81 7.81 20.474 0 28.284L34.142 398.804C21.543 411.404 0 402.48 0 384.662z\"><\/path><\/svg><\/span>\n\t\t\t\t\t\t\t\t<span class=\"elementor-toggle-icon-opened\"><svg class=\"elementor-toggle-icon-opened e-font-icon-svg e-fas-caret-up\" viewBox=\"0 0 320 512\" xmlns=\"http:\/\/www.w3.org\/2000\/svg\"><path d=\"M288.662 352H31.338c-17.818 0-26.741-21.543-14.142-34.142l128.662-128.662c7.81-7.81 20.474-7.81 28.284 0l128.662 128.662c12.6 12.599 3.676 34.142-14.142 34.142z\"><\/path><\/svg><\/span>\n\t\t\t\t\t\t\t\t\t\t\t\t\t<\/span>\n\t\t\t\t\t\t\t\t\t\t\t\t<a class=\"elementor-toggle-title\" tabindex=\"0\">KULLANIM ALANI:<\/a>\n\t\t\t\t\t<\/div>\n\n\t\t\t\t\t<div id=\"elementor-tab-content-3601\" class=\"elementor-tab-content elementor-clearfix\" data-tab=\"1\" role=\"region\" aria-labelledby=\"elementor-tab-title-3601\"><p>\u00dcr\u00fcn, binalar\u0131n, fabrikalar\u0131n, veteriner kliniklerinin, hayvan bar\u0131naklar\u0131n\u0131n, her t\u00fcrl\u00fc makine ve ekipman\u0131n, mezbahalar\u0131n, k\u00fcmeslerin, su tanklar\u0131n\u0131n, ink\u00fcbat\u00f6rlerin, hayvan ta\u015f\u0131ma ara\u00e7lar\u0131n\u0131n, hayvan i\u00e7me suyunun ve i\u00e7me suyu hatlar\u0131n\u0131n dezenfeksiyonu i\u00e7in kullan\u0131l\u0131r.<\/p>\n<\/div>\n\t\t\t\t<\/div>\n\t\t\t\t\t\t\t<div class=\"elementor-toggle-item\">\n\t\t\t\t\t<div id=\"elementor-tab-title-3602\" class=\"elementor-tab-title\" data-tab=\"2\" role=\"button\" aria-controls=\"elementor-tab-content-3602\" aria-expanded=\"false\">\n\t\t\t\t\t\t\t\t\t\t\t\t<span class=\"elementor-toggle-icon elementor-toggle-icon-left\" aria-hidden=\"true\">\n\t\t\t\t\t\t\t\t\t\t\t\t\t\t\t<span class=\"elementor-toggle-icon-closed\"><svg class=\"e-font-icon-svg e-fas-caret-right\" viewBox=\"0 0 192 512\" xmlns=\"http:\/\/www.w3.org\/2000\/svg\"><path d=\"M0 384.662V127.338c0-17.818 21.543-26.741 34.142-14.142l128.662 128.662c7.81 7.81 7.81 20.474 0 28.284L34.142 398.804C21.543 411.404 0 402.48 0 384.662z\"><\/path><\/svg><\/span>\n\t\t\t\t\t\t\t\t<span class=\"elementor-toggle-icon-opened\"><svg class=\"elementor-toggle-icon-opened e-font-icon-svg e-fas-caret-up\" viewBox=\"0 0 320 512\" xmlns=\"http:\/\/www.w3.org\/2000\/svg\"><path d=\"M288.662 352H31.338c-17.818 0-26.741-21.543-14.142-34.142l128.662-128.662c7.81-7.81 20.474-7.81 28.284 0l128.662 128.662c12.6 12.599 3.676 34.142-14.142 34.142z\"><\/path><\/svg><\/span>\n\t\t\t\t\t\t\t\t\t\t\t\t\t<\/span>\n\t\t\t\t\t\t\t\t\t\t\t\t<a class=\"elementor-toggle-title\" tabindex=\"0\">UYGULAMA Y\u00d6NTEMI:<\/a>\n\t\t\t\t\t<\/div>\n\n\t\t\t\t\t<div id=\"elementor-tab-content-3602\" class=\"elementor-tab-content elementor-clearfix\" data-tab=\"2\" role=\"region\" aria-labelledby=\"elementor-tab-title-3602\"><p>Kulu\u00e7kahanelerde alet ve ekipmanlar\u0131n dezenfeksiyonu i\u00e7in 1\/100-1\/400 oran\u0131nda seyreltilerek kullan\u0131l\u0131r. 1\/1500 oran\u0131nda seyreltilen \u00fcr\u00fcn, kulu\u00e7kahanelerde suyun, su hatlar\u0131n\u0131n ve t\u00fcplerin dezenfeksiyonu i\u00e7in kullan\u0131l\u0131r. Ayak ve tekerlek havuzlar\u0131n\u0131n dezenfeksiyonu i\u00e7in 1\/40 oran\u0131nda seyreltilerek kullan\u0131l\u0131r. 1\/100-1\/400 oran\u0131nda seyreltilen \u00fcr\u00fcn, \u00e7iftliklerin, k\u00fcmeslerin, hayvan bar\u0131naklar\u0131n\u0131n dezenfeksiyonu i\u00e7in kullan\u0131l\u0131r. 1 litresi 100 m\u00b3 hacmin temizli\u011fi i\u00e7in yeterlidir.<\/p>\n<\/div>\n\t\t\t\t<\/div>\n\t\t\t\t\t\t\t<div class=\"elementor-toggle-item\">\n\t\t\t\t\t<div id=\"elementor-tab-title-3603\" class=\"elementor-tab-title\" data-tab=\"3\" role=\"button\" aria-controls=\"elementor-tab-content-3603\" aria-expanded=\"false\">\n\t\t\t\t\t\t\t\t\t\t\t\t<span class=\"elementor-toggle-icon elementor-toggle-icon-left\" aria-hidden=\"true\">\n\t\t\t\t\t\t\t\t\t\t\t\t\t\t\t<span class=\"elementor-toggle-icon-closed\"><svg class=\"e-font-icon-svg e-fas-caret-right\" viewBox=\"0 0 192 512\" xmlns=\"http:\/\/www.w3.org\/2000\/svg\"><path d=\"M0 384.662V127.338c0-17.818 21.543-26.741 34.142-14.142l128.662 128.662c7.81 7.81 7.81 20.474 0 28.284L34.142 398.804C21.543 411.404 0 402.48 0 384.662z\"><\/path><\/svg><\/span>\n\t\t\t\t\t\t\t\t<span class=\"elementor-toggle-icon-opened\"><svg class=\"elementor-toggle-icon-opened e-font-icon-svg e-fas-caret-up\" viewBox=\"0 0 320 512\" xmlns=\"http:\/\/www.w3.org\/2000\/svg\"><path d=\"M288.662 352H31.338c-17.818 0-26.741-21.543-14.142-34.142l128.662-128.662c7.81-7.81 20.474-7.81 28.284 0l128.662 128.662c12.6 12.599 3.676 34.142-14.142 34.142z\"><\/path><\/svg><\/span>\n\t\t\t\t\t\t\t\t\t\t\t\t\t<\/span>\n\t\t\t\t\t\t\t\t\t\t\t\t<a class=\"elementor-toggle-title\" tabindex=\"0\">KIMYASAL BILE\u015eIM:<\/a>\n\t\t\t\t\t<\/div>\n\n\t\t\t\t\t<div id=\"elementor-tab-content-3603\" class=\"elementor-tab-content elementor-clearfix\" data-tab=\"3\" role=\"region\" aria-labelledby=\"elementor-tab-title-3603\"><p>1 L&#8217;si 100 m3 hacmin temizlenmesi i\u00e7in yeterlidir.<\/p>\n<table>\n<tbody>\n<tr>\n<td width=\"118\"><b>ETKEN MADDE ADI<\/b><\/td>\n<td width=\"118\">\u00a0 <b>\u00a0KONSANTRASYON (%)<\/b><\/td>\n<\/tr>\n<tr>\n<td width=\"118\">povidone iodine<\/p>\n<p>Fosforik Asit<\/td>\n<td width=\"118\">3<\/p>\n<p>5<\/td>\n<\/tr>\n<tr>\n<td colspan=\"2\" width=\"236\">Y\u00fczey Aktif Maddeler, Stabilizat\u00f6rler, Sekestratlar ve Deiyonize Su<\/td>\n<\/tr>\n<\/tbody>\n<\/table>\n<\/div>\n\t\t\t\t<\/div>\n\t\t\t\t\t\t\t\t<\/div>\n\t\t\t\t\t\t<\/div>\n\t\t\t\t<\/div>\n\t\t\t\t\t<\/div>\n\t\t\t\t<\/div>\n\t\t\t\t<\/div>\n\t\t","protected":false},"excerpt":{"rendered":"<p>\u00c7e\u015fitli mikroplara kar\u015f\u0131 m\u00fccadelede kullanmak i\u00e7in g\u00fc\u00e7l\u00fc ve ideal bir dezenfektand\u0131r. Povidon-iyot sayesinde, bakterileri, mantarlar\u0131 ve vir\u00fcsleri \u00f6ld\u00fcrme konusunda \u00fcst\u00fcn bir etkiye sahiptir, bu da mikroplardan korunmas\u0131 gereken y\u00fczeyler ve alanlar i\u00e7in m\u00fckemmel bir \u00e7\u00f6z\u00fcm sa\u011flar. Fosforik asit, dezenfektan\u0131n etkinli\u011fini art\u0131r\u0131r ve kirleri ile organik maddeleri temizler, derinlemesine ve kapsaml\u0131 bir temizlik sa\u011flar.<\/p>\n","protected":false},"featured_media":31863,"template":"","meta":[],"product_cat":[159],"product_tag":[],"class_list":{"0":"post-29586","1":"product","2":"type-product","3":"status-publish","4":"has-post-thumbnail","6":"product_cat-antiseptikler","8":"first","9":"instock","10":"shipping-taxable","11":"product-type-simple"},"yoast_head":"<!-- This site is optimized with the Yoast SEO plugin v24.1 - https:\/\/yoast.com\/wordpress\/plugins\/seo\/ -->\n<title>POVINOL - regnovet<\/title>\n<meta name=\"robots\" content=\"index, follow, max-snippet:-1, max-image-preview:large, max-video-preview:-1\" \/>\n<link rel=\"canonical\" href=\"https:\/\/www.regnovet.com\/tr\/urun\/povinol\/\" \/>\n<meta property=\"og:locale\" content=\"tr_TR\" \/>\n<meta property=\"og:type\" content=\"article\" \/>\n<meta property=\"og:title\" content=\"POVINOL - regnovet\" \/>\n<meta property=\"og:description\" content=\"\u00c7e\u015fitli mikroplara kar\u015f\u0131 m\u00fccadelede kullanmak i\u00e7in g\u00fc\u00e7l\u00fc ve ideal bir dezenfektand\u0131r. Povidon-iyot sayesinde, bakterileri, mantarlar\u0131 ve vir\u00fcsleri \u00f6ld\u00fcrme konusunda \u00fcst\u00fcn bir etkiye sahiptir, bu da mikroplardan korunmas\u0131 gereken y\u00fczeyler ve alanlar i\u00e7in m\u00fckemmel bir \u00e7\u00f6z\u00fcm sa\u011flar. Fosforik asit, dezenfektan\u0131n etkinli\u011fini art\u0131r\u0131r ve kirleri ile organik maddeleri temizler, derinlemesine ve kapsaml\u0131 bir temizlik sa\u011flar.\" \/>\n<meta property=\"og:url\" content=\"https:\/\/www.regnovet.com\/tr\/urun\/povinol\/\" \/>\n<meta property=\"og:site_name\" content=\"regnovet\" \/>\n<meta property=\"article:publisher\" content=\"https:\/\/www.facebook.com\/people\/RegnoVet\/61571321505220\/\" \/>\n<meta property=\"article:modified_time\" content=\"2025-04-02T08:49:31+00:00\" \/>\n<meta property=\"og:image\" content=\"https:\/\/www.regnovet.com\/wp-content\/uploads\/2024\/11\/povinol-web.jpg\" \/>\n\t<meta property=\"og:image:width\" content=\"700\" \/>\n\t<meta property=\"og:image:height\" content=\"700\" \/>\n\t<meta property=\"og:image:type\" content=\"image\/jpeg\" \/>\n<meta name=\"twitter:card\" content=\"summary_large_image\" \/>\n<meta name=\"twitter:label1\" content=\"Tahmini okuma s\u00fcresi\" \/>\n\t<meta name=\"twitter:data1\" content=\"1 dakika\" \/>\n<script type=\"application\/ld+json\" class=\"yoast-schema-graph\">{\"@context\":\"https:\/\/schema.org\",\"@graph\":[{\"@type\":\"WebPage\",\"@id\":\"https:\/\/www.regnovet.com\/tr\/urun\/povinol\/\",\"url\":\"https:\/\/www.regnovet.com\/tr\/urun\/povinol\/\",\"name\":\"POVINOL - regnovet\",\"isPartOf\":{\"@id\":\"https:\/\/www.regnovet.com\/tr\/#website\"},\"primaryImageOfPage\":{\"@id\":\"https:\/\/www.regnovet.com\/tr\/urun\/povinol\/#primaryimage\"},\"image\":{\"@id\":\"https:\/\/www.regnovet.com\/tr\/urun\/povinol\/#primaryimage\"},\"thumbnailUrl\":\"https:\/\/www.regnovet.com\/wp-content\/uploads\/2024\/11\/POVINOL.jpg\",\"datePublished\":\"2024-11-11T12:32:20+00:00\",\"dateModified\":\"2025-04-02T08:49:31+00:00\",\"breadcrumb\":{\"@id\":\"https:\/\/www.regnovet.com\/tr\/urun\/povinol\/#breadcrumb\"},\"inLanguage\":\"tr\",\"potentialAction\":[{\"@type\":\"ReadAction\",\"target\":[\"https:\/\/www.regnovet.com\/tr\/urun\/povinol\/\"]}]},{\"@type\":\"ImageObject\",\"inLanguage\":\"tr\",\"@id\":\"https:\/\/www.regnovet.com\/tr\/urun\/povinol\/#primaryimage\",\"url\":\"https:\/\/www.regnovet.com\/wp-content\/uploads\/2024\/11\/POVINOL.jpg\",\"contentUrl\":\"https:\/\/www.regnovet.com\/wp-content\/uploads\/2024\/11\/POVINOL.jpg\",\"width\":700,\"height\":700},{\"@type\":\"BreadcrumbList\",\"@id\":\"https:\/\/www.regnovet.com\/tr\/urun\/povinol\/#breadcrumb\",\"itemListElement\":[{\"@type\":\"ListItem\",\"position\":1,\"name\":\"Home\",\"item\":\"https:\/\/www.regnovet.com\/tr\/\"},{\"@type\":\"ListItem\",\"position\":2,\"name\":\"\u00dcr\u00fcnler\",\"item\":\"https:\/\/www.regnovet.com\/products\/\"},{\"@type\":\"ListItem\",\"position\":3,\"name\":\"POVINOL\"}]},{\"@type\":\"WebSite\",\"@id\":\"https:\/\/www.regnovet.com\/tr\/#website\",\"url\":\"https:\/\/www.regnovet.com\/tr\/\",\"name\":\"regnovet\",\"description\":\"\",\"publisher\":{\"@id\":\"https:\/\/www.regnovet.com\/tr\/#organization\"},\"potentialAction\":[{\"@type\":\"SearchAction\",\"target\":{\"@type\":\"EntryPoint\",\"urlTemplate\":\"https:\/\/www.regnovet.com\/tr\/?s={search_term_string}\"},\"query-input\":{\"@type\":\"PropertyValueSpecification\",\"valueRequired\":true,\"valueName\":\"search_term_string\"}}],\"inLanguage\":\"tr\"},{\"@type\":\"Organization\",\"@id\":\"https:\/\/www.regnovet.com\/tr\/#organization\",\"name\":\"regnovet\",\"url\":\"https:\/\/www.regnovet.com\/tr\/\",\"logo\":{\"@type\":\"ImageObject\",\"inLanguage\":\"tr\",\"@id\":\"https:\/\/www.regnovet.com\/tr\/#\/schema\/logo\/image\/\",\"url\":\"https:\/\/www.regnovet.com\/wp-content\/uploads\/2024\/09\/cropped-512.png\",\"contentUrl\":\"https:\/\/www.regnovet.com\/wp-content\/uploads\/2024\/09\/cropped-512.png\",\"width\":512,\"height\":512,\"caption\":\"regnovet\"},\"image\":{\"@id\":\"https:\/\/www.regnovet.com\/tr\/#\/schema\/logo\/image\/\"},\"sameAs\":[\"https:\/\/www.facebook.com\/people\/RegnoVet\/61571321505220\/\"]}]}<\/script>\n<!-- \/ Yoast SEO plugin. -->","yoast_head_json":{"title":"POVINOL - regnovet","robots":{"index":"index","follow":"follow","max-snippet":"max-snippet:-1","max-image-preview":"max-image-preview:large","max-video-preview":"max-video-preview:-1"},"canonical":"https:\/\/www.regnovet.com\/tr\/urun\/povinol\/","og_locale":"tr_TR","og_type":"article","og_title":"POVINOL - regnovet","og_description":"\u00c7e\u015fitli mikroplara kar\u015f\u0131 m\u00fccadelede kullanmak i\u00e7in g\u00fc\u00e7l\u00fc ve ideal bir dezenfektand\u0131r. Povidon-iyot sayesinde, bakterileri, mantarlar\u0131 ve vir\u00fcsleri \u00f6ld\u00fcrme konusunda \u00fcst\u00fcn bir etkiye sahiptir, bu da mikroplardan korunmas\u0131 gereken y\u00fczeyler ve alanlar i\u00e7in m\u00fckemmel bir \u00e7\u00f6z\u00fcm sa\u011flar. Fosforik asit, dezenfektan\u0131n etkinli\u011fini art\u0131r\u0131r ve kirleri ile organik maddeleri temizler, derinlemesine ve kapsaml\u0131 bir temizlik sa\u011flar.","og_url":"https:\/\/www.regnovet.com\/tr\/urun\/povinol\/","og_site_name":"regnovet","article_publisher":"https:\/\/www.facebook.com\/people\/RegnoVet\/61571321505220\/","article_modified_time":"2025-04-02T08:49:31+00:00","og_image":[{"width":700,"height":700,"url":"https:\/\/www.regnovet.com\/wp-content\/uploads\/2024\/11\/povinol-web.jpg","type":"image\/jpeg"}],"twitter_card":"summary_large_image","twitter_misc":{"Tahmini okuma s\u00fcresi":"1 dakika"},"schema":{"@context":"https:\/\/schema.org","@graph":[{"@type":"WebPage","@id":"https:\/\/www.regnovet.com\/tr\/urun\/povinol\/","url":"https:\/\/www.regnovet.com\/tr\/urun\/povinol\/","name":"POVINOL - regnovet","isPartOf":{"@id":"https:\/\/www.regnovet.com\/tr\/#website"},"primaryImageOfPage":{"@id":"https:\/\/www.regnovet.com\/tr\/urun\/povinol\/#primaryimage"},"image":{"@id":"https:\/\/www.regnovet.com\/tr\/urun\/povinol\/#primaryimage"},"thumbnailUrl":"https:\/\/www.regnovet.com\/wp-content\/uploads\/2024\/11\/POVINOL.jpg","datePublished":"2024-11-11T12:32:20+00:00","dateModified":"2025-04-02T08:49:31+00:00","breadcrumb":{"@id":"https:\/\/www.regnovet.com\/tr\/urun\/povinol\/#breadcrumb"},"inLanguage":"tr","potentialAction":[{"@type":"ReadAction","target":["https:\/\/www.regnovet.com\/tr\/urun\/povinol\/"]}]},{"@type":"ImageObject","inLanguage":"tr","@id":"https:\/\/www.regnovet.com\/tr\/urun\/povinol\/#primaryimage","url":"https:\/\/www.regnovet.com\/wp-content\/uploads\/2024\/11\/POVINOL.jpg","contentUrl":"https:\/\/www.regnovet.com\/wp-content\/uploads\/2024\/11\/POVINOL.jpg","width":700,"height":700},{"@type":"BreadcrumbList","@id":"https:\/\/www.regnovet.com\/tr\/urun\/povinol\/#breadcrumb","itemListElement":[{"@type":"ListItem","position":1,"name":"Home","item":"https:\/\/www.regnovet.com\/tr\/"},{"@type":"ListItem","position":2,"name":"\u00dcr\u00fcnler","item":"https:\/\/www.regnovet.com\/products\/"},{"@type":"ListItem","position":3,"name":"POVINOL"}]},{"@type":"WebSite","@id":"https:\/\/www.regnovet.com\/tr\/#website","url":"https:\/\/www.regnovet.com\/tr\/","name":"regnovet","description":"","publisher":{"@id":"https:\/\/www.regnovet.com\/tr\/#organization"},"potentialAction":[{"@type":"SearchAction","target":{"@type":"EntryPoint","urlTemplate":"https:\/\/www.regnovet.com\/tr\/?s={search_term_string}"},"query-input":{"@type":"PropertyValueSpecification","valueRequired":true,"valueName":"search_term_string"}}],"inLanguage":"tr"},{"@type":"Organization","@id":"https:\/\/www.regnovet.com\/tr\/#organization","name":"regnovet","url":"https:\/\/www.regnovet.com\/tr\/","logo":{"@type":"ImageObject","inLanguage":"tr","@id":"https:\/\/www.regnovet.com\/tr\/#\/schema\/logo\/image\/","url":"https:\/\/www.regnovet.com\/wp-content\/uploads\/2024\/09\/cropped-512.png","contentUrl":"https:\/\/www.regnovet.com\/wp-content\/uploads\/2024\/09\/cropped-512.png","width":512,"height":512,"caption":"regnovet"},"image":{"@id":"https:\/\/www.regnovet.com\/tr\/#\/schema\/logo\/image\/"},"sameAs":["https:\/\/www.facebook.com\/people\/RegnoVet\/61571321505220\/"]}]}},"_links":{"self":[{"href":"https:\/\/www.regnovet.com\/tr\/wp-json\/wp\/v2\/product\/29586","targetHints":{"allow":["GET"]}}],"collection":[{"href":"https:\/\/www.regnovet.com\/tr\/wp-json\/wp\/v2\/product"}],"about":[{"href":"https:\/\/www.regnovet.com\/tr\/wp-json\/wp\/v2\/types\/product"}],"version-history":[{"count":11,"href":"https:\/\/www.regnovet.com\/tr\/wp-json\/wp\/v2\/product\/29586\/revisions"}],"predecessor-version":[{"id":31785,"href":"https:\/\/www.regnovet.com\/tr\/wp-json\/wp\/v2\/product\/29586\/revisions\/31785"}],"wp:featuredmedia":[{"embeddable":true,"href":"https:\/\/www.regnovet.com\/tr\/wp-json\/wp\/v2\/media\/31863"}],"wp:attachment":[{"href":"https:\/\/www.regnovet.com\/tr\/wp-json\/wp\/v2\/media?parent=29586"}],"wp:term":[{"taxonomy":"product_cat","embeddable":true,"href":"https:\/\/www.regnovet.com\/tr\/wp-json\/wp\/v2\/product_cat?post=29586"},{"taxonomy":"product_tag","embeddable":true,"href":"https:\/\/www.regnovet.com\/tr\/wp-json\/wp\/v2\/product_tag?post=29586"}],"curies":[{"name":"wp","href":"https:\/\/api.w.org\/{rel}","templated":true}]}}