{"id":29589,"date":"2024-11-11T11:12:50","date_gmt":"2024-11-11T11:12:50","guid":{"rendered":"https:\/\/www.regnovet.com\/index.php\/product\/silvanol\/"},"modified":"2025-02-24T08:43:11","modified_gmt":"2025-02-24T08:43:11","slug":"silvanol","status":"publish","type":"product","link":"https:\/\/www.regnovet.com\/tr\/urun\/silvanol\/","title":{"rendered":"S\u0130LVANOL"},"content":{"rendered":"\t\t<div data-elementor-type=\"wp-post\" data-elementor-id=\"29589\" class=\"elementor elementor-29589 elementor-28774\">\n\t\t\t\t<div class=\"wd-negative-gap elementor-element elementor-element-75bb955 e-flex e-con-boxed e-con e-parent\" data-id=\"75bb955\" data-element_type=\"container\" data-e-type=\"container\">\n\t\t\t\t\t<div class=\"e-con-inner\">\n\t\t\t\t<div class=\"elementor-element elementor-element-7d06d08 elementor-widget elementor-widget-toggle\" data-id=\"7d06d08\" data-element_type=\"widget\" data-e-type=\"widget\" data-widget_type=\"toggle.default\">\n\t\t\t\t<div class=\"elementor-widget-container\">\n\t\t\t\t\t\t\t<div class=\"elementor-toggle\">\n\t\t\t\t\t\t\t<div class=\"elementor-toggle-item\">\n\t\t\t\t\t<div id=\"elementor-tab-title-1311\" class=\"elementor-tab-title\" data-tab=\"1\" role=\"button\" aria-controls=\"elementor-tab-content-1311\" aria-expanded=\"false\">\n\t\t\t\t\t\t\t\t\t\t\t\t<span class=\"elementor-toggle-icon elementor-toggle-icon-left\" aria-hidden=\"true\">\n\t\t\t\t\t\t\t\t\t\t\t\t\t\t\t<span class=\"elementor-toggle-icon-closed\"><svg class=\"e-font-icon-svg e-fas-caret-right\" viewBox=\"0 0 192 512\" xmlns=\"http:\/\/www.w3.org\/2000\/svg\"><path d=\"M0 384.662V127.338c0-17.818 21.543-26.741 34.142-14.142l128.662 128.662c7.81 7.81 7.81 20.474 0 28.284L34.142 398.804C21.543 411.404 0 402.48 0 384.662z\"><\/path><\/svg><\/span>\n\t\t\t\t\t\t\t\t<span class=\"elementor-toggle-icon-opened\"><svg class=\"elementor-toggle-icon-opened e-font-icon-svg e-fas-caret-up\" viewBox=\"0 0 320 512\" xmlns=\"http:\/\/www.w3.org\/2000\/svg\"><path d=\"M288.662 352H31.338c-17.818 0-26.741-21.543-14.142-34.142l128.662-128.662c7.81-7.81 20.474-7.81 28.284 0l128.662 128.662c12.6 12.599 3.676 34.142-14.142 34.142z\"><\/path><\/svg><\/span>\n\t\t\t\t\t\t\t\t\t\t\t\t\t<\/span>\n\t\t\t\t\t\t\t\t\t\t\t\t<a class=\"elementor-toggle-title\" tabindex=\"0\">Bile\u015fim:<\/a>\n\t\t\t\t\t<\/div>\n\n\t\t\t\t\t<div id=\"elementor-tab-content-1311\" class=\"elementor-tab-content elementor-clearfix\" data-tab=\"1\" role=\"region\" aria-labelledby=\"elementor-tab-title-1311\"><p>Hidrojen Peroksit %50.<\/p>\n<p>G\u00fcm\u00fc\u015f Nitrat %0.01-0.05%.<\/p>\n<\/div>\n\t\t\t\t<\/div>\n\t\t\t\t\t\t\t<div class=\"elementor-toggle-item\">\n\t\t\t\t\t<div id=\"elementor-tab-title-1312\" class=\"elementor-tab-title\" data-tab=\"2\" role=\"button\" aria-controls=\"elementor-tab-content-1312\" aria-expanded=\"false\">\n\t\t\t\t\t\t\t\t\t\t\t\t<span class=\"elementor-toggle-icon elementor-toggle-icon-left\" aria-hidden=\"true\">\n\t\t\t\t\t\t\t\t\t\t\t\t\t\t\t<span class=\"elementor-toggle-icon-closed\"><svg class=\"e-font-icon-svg e-fas-caret-right\" viewBox=\"0 0 192 512\" xmlns=\"http:\/\/www.w3.org\/2000\/svg\"><path d=\"M0 384.662V127.338c0-17.818 21.543-26.741 34.142-14.142l128.662 128.662c7.81 7.81 7.81 20.474 0 28.284L34.142 398.804C21.543 411.404 0 402.48 0 384.662z\"><\/path><\/svg><\/span>\n\t\t\t\t\t\t\t\t<span class=\"elementor-toggle-icon-opened\"><svg class=\"elementor-toggle-icon-opened e-font-icon-svg e-fas-caret-up\" viewBox=\"0 0 320 512\" xmlns=\"http:\/\/www.w3.org\/2000\/svg\"><path d=\"M288.662 352H31.338c-17.818 0-26.741-21.543-14.142-34.142l128.662-128.662c7.81-7.81 20.474-7.81 28.284 0l128.662 128.662c12.6 12.599 3.676 34.142-14.142 34.142z\"><\/path><\/svg><\/span>\n\t\t\t\t\t\t\t\t\t\t\t\t\t<\/span>\n\t\t\t\t\t\t\t\t\t\t\t\t<a class=\"elementor-toggle-title\" tabindex=\"0\">KULLANIM KILAVUZU:<\/a>\n\t\t\t\t\t<\/div>\n\n\t\t\t\t\t<div id=\"elementor-tab-content-1312\" class=\"elementor-tab-content elementor-clearfix\" data-tab=\"2\" role=\"region\" aria-labelledby=\"elementor-tab-title-1312\"><table>\n<tbody>\n<tr>\n<td width=\"79\"><strong>\u00a0<\/strong><\/p>\n<p>KULLANIM ALANLARI<\/td>\n<td width=\"79\"><strong>\u00a0<\/strong><\/p>\n<p>KONSANTRASYON<\/td>\n<td width=\"79\"><strong>\u00a0<\/strong><\/p>\n<p>\u0130LET\u0130\u015e\u0130M ZAMANI<\/td>\n<td width=\"79\"><strong>\u00a0<\/strong><\/p>\n<p>UYGULAMA<\/td>\n<\/tr>\n<tr>\n<td width=\"79\"><strong>\u00a0<\/strong><\/p>\n<p>Su Hijyeni<\/td>\n<td width=\"79\"><strong>\u00a0<\/strong><\/p>\n<p>30 ppm<\/td>\n<td width=\"79\"><strong>\u00a0<\/strong><\/p>\n<p>S\u00fcrekli<\/td>\n<td width=\"79\">Otomatik<\/p>\n<p>Manuel Dozajlama<\/td>\n<\/tr>\n<tr>\n<td width=\"79\">Stok Su Depolar\u0131<\/td>\n<td width=\"79\"><strong>\u00a0<\/strong><\/p>\n<p>20 ppm<\/td>\n<td width=\"79\"><strong>\u00a0<\/strong><\/p>\n<p>S\u00fcrekli<\/td>\n<td width=\"79\">Otomatik<\/p>\n<p>Manuel Dozajlama<\/td>\n<\/tr>\n<tr>\n<td width=\"79\"><strong>\u00a0<\/strong><\/p>\n<p>Ara\u00e7 Hijyeni<\/td>\n<td width=\"79\"><strong>\u00a0<\/strong><\/p>\n<p>%0,5-2<\/td>\n<td width=\"79\"><strong>\u00a0<\/strong><\/p>\n<p>10-20 Dakika<\/td>\n<td width=\"79\"><strong>\u00a0<\/strong><\/p>\n<p>Sprey\/sisleme<\/td>\n<\/tr>\n<tr>\n<td width=\"79\">Zemin ve Duvarlar<\/td>\n<td width=\"79\">\u00a0 \u00a0 \u00a0 %0,5-2<\/td>\n<td width=\"79\">10-20 Dakika<\/td>\n<td width=\"79\">Sprey<\/td>\n<\/tr>\n<tr>\n<td width=\"79\">Atmosfer<\/td>\n<td width=\"79\">\u00a0 \u00a0 \u00a0%0,5-2<\/td>\n<td width=\"79\">5 Dakika<\/td>\n<td width=\"79\">Sisleme<\/td>\n<\/tr>\n<tr>\n<td width=\"79\">Cerrahi<\/p>\n<p>Enstr\u00fcman<\/td>\n<td width=\"79\"><strong>\u00a0<\/strong><\/p>\n<p>%0,5-2<\/td>\n<td width=\"79\"><strong>\u00a0<\/strong><\/p>\n<p>10-20 Dakika<\/td>\n<td width=\"79\">Otomatik<\/p>\n<p>Manuel Dozajlama<\/td>\n<\/tr>\n<tr>\n<td width=\"79\">\u0130\u015fgal Tanklar\u0131 Ekipmanlar\u0131<\/td>\n<td width=\"79\">\u00a0 \u00a0%0,5-2<\/td>\n<td width=\"79\">10-20 Dakika<\/td>\n<td width=\"79\">Sprey<\/td>\n<\/tr>\n<tr>\n<td width=\"79\">Bal\u0131k \u00c7iftlikleri<\/td>\n<td width=\"79\">50-150 ppm<\/td>\n<td width=\"79\">3-5 Dakika<\/td>\n<td width=\"79\">Y\u0131kama<\/td>\n<\/tr>\n<tr>\n<td width=\"79\">Buz K\u00fcp\u00fc \u00dcretimi, Su<\/td>\n<td width=\"79\">\u00a0 50 ppm<\/td>\n<td width=\"79\">S\u00fcrekli<\/td>\n<td width=\"79\">Otomatik<\/p>\n<p>Manuel Dozajlama<\/td>\n<\/tr>\n<tr>\n<td width=\"79\">Y\u00fczme havuzlar\u0131 ve bal\u0131k tanklar\u0131<\/td>\n<td width=\"79\"><strong>\u00a0<\/strong><\/p>\n<p>50-100 ppm<\/td>\n<td width=\"79\"><strong>\u00a0<\/strong><\/p>\n<p>S\u00fcrekli<\/td>\n<td width=\"79\">Otomatik<\/p>\n<p>Manuel Dozajlama<\/td>\n<\/tr>\n<\/tbody>\n<\/table>\n<p>&nbsp;<\/p>\n<\/div>\n\t\t\t\t<\/div>\n\t\t\t\t\t\t\t\t<\/div>\n\t\t\t\t\t\t<\/div>\n\t\t\t\t<\/div>\n\t\t\t\t\t<\/div>\n\t\t\t\t<\/div>\n\t\t\t\t<\/div>\n\t\t","protected":false},"excerpt":{"rendered":"<p>Bu \u00fcr\u00fcn, \u00e7al\u0131\u015fma ve ya\u015fam alanlar\u0131n\u0131 salg\u0131n hastal\u0131klardan temiz ve g\u00fcvenli tutmak i\u00e7in ideal bir \u00e7\u00f6z\u00fcmd\u00fcr. Geleneksel ara\u00e7larla (mob ve bezler gibi) ula\u015f\u0131lmas\u0131 zor alanlarda etkili bir temizlik ve dezenfeksiyon sa\u011flar. \u00dcr\u00fcn, g\u00fcm\u00fc\u015f kolloidal ve hidrojen peroksit gibi etkili bile\u015fenleri i\u00e7eren geli\u015fmi\u015f bir form\u00fcle sahiptir, bu da onu s\u00fcrekli dezenfeksiyon i\u00e7in m\u00fckemmel bir se\u00e7enek yapar.<\/p>\n<p>A\u015fa\u011f\u0131daki \u00f6zelliklere sahiptir:<\/p>\n<ul>\n<li>Derin dezenfeksiyon: \u00dcr\u00fcn, g\u00fcm\u00fc\u015f kolloidalinin, mikroorganizmalar\u0131 t\u00fcketilmeden etkili bir \u015fekilde yok etme \u00f6zelli\u011fine sahip olmas\u0131 sayesinde, bakteri, mantar ve vir\u00fcsleri etkili bir \u015fekilde ortadan kald\u0131r\u0131r.<\/li>\n<li>Sa\u011fl\u0131k ve \u00e7evre i\u00e7in g\u00fcvenli: \u0130nsan ve \u00e7evre kullan\u0131m\u0131 i\u00e7in en g\u00fcvenli kimyasallardan biri olan hidrojen peroksit i\u00e7erir ve hava ile suyun dezenfeksiyonunda olumlu etkiler yapar.<\/li>\n<li>\u00c7oklu etkinlik: Buharla\u015ft\u0131rma ve manuel silme i\u00e7in kullan\u0131labilir, b\u00f6ylece her zaman s\u00fcrekli dezenfeksiyon sa\u011flar.<\/li>\n<\/ul>\n","protected":false},"featured_media":29383,"template":"","meta":[],"product_cat":[159],"product_tag":[],"class_list":{"0":"post-29589","1":"product","2":"type-product","3":"status-publish","4":"has-post-thumbnail","6":"product_cat-antiseptikler","8":"first","9":"instock","10":"shipping-taxable","11":"product-type-simple"},"yoast_head":"<!-- This site is optimized with the Yoast SEO plugin v24.1 - https:\/\/yoast.com\/wordpress\/plugins\/seo\/ -->\n<title>S\u0130LVANOL - regnovet<\/title>\n<meta name=\"robots\" content=\"index, follow, max-snippet:-1, max-image-preview:large, max-video-preview:-1\" \/>\n<link rel=\"canonical\" href=\"https:\/\/www.regnovet.com\/tr\/urun\/silvanol\/\" \/>\n<meta property=\"og:locale\" content=\"tr_TR\" \/>\n<meta property=\"og:type\" content=\"article\" \/>\n<meta property=\"og:title\" content=\"S\u0130LVANOL - regnovet\" \/>\n<meta property=\"og:description\" content=\"Bu \u00fcr\u00fcn, \u00e7al\u0131\u015fma ve ya\u015fam alanlar\u0131n\u0131 salg\u0131n hastal\u0131klardan temiz ve g\u00fcvenli tutmak i\u00e7in ideal bir \u00e7\u00f6z\u00fcmd\u00fcr. Geleneksel ara\u00e7larla (mob ve bezler gibi) ula\u015f\u0131lmas\u0131 zor alanlarda etkili bir temizlik ve dezenfeksiyon sa\u011flar. \u00dcr\u00fcn, g\u00fcm\u00fc\u015f kolloidal ve hidrojen peroksit gibi etkili bile\u015fenleri i\u00e7eren geli\u015fmi\u015f bir form\u00fcle sahiptir, bu da onu s\u00fcrekli dezenfeksiyon i\u00e7in m\u00fckemmel bir se\u00e7enek yapar.  A\u015fa\u011f\u0131daki \u00f6zelliklere sahiptir:   Derin dezenfeksiyon: \u00dcr\u00fcn, g\u00fcm\u00fc\u015f kolloidalinin, mikroorganizmalar\u0131 t\u00fcketilmeden etkili bir \u015fekilde yok etme \u00f6zelli\u011fine sahip olmas\u0131 sayesinde, bakteri, mantar ve vir\u00fcsleri etkili bir \u015fekilde ortadan kald\u0131r\u0131r.  Sa\u011fl\u0131k ve \u00e7evre i\u00e7in g\u00fcvenli: \u0130nsan ve \u00e7evre kullan\u0131m\u0131 i\u00e7in en g\u00fcvenli kimyasallardan biri olan hidrojen peroksit i\u00e7erir ve hava ile suyun dezenfeksiyonunda olumlu etkiler yapar.  \u00c7oklu etkinlik: Buharla\u015ft\u0131rma ve manuel silme i\u00e7in kullan\u0131labilir, b\u00f6ylece her zaman s\u00fcrekli dezenfeksiyon sa\u011flar.\" \/>\n<meta property=\"og:url\" content=\"https:\/\/www.regnovet.com\/tr\/urun\/silvanol\/\" \/>\n<meta property=\"og:site_name\" content=\"regnovet\" \/>\n<meta property=\"article:publisher\" content=\"https:\/\/www.facebook.com\/people\/RegnoVet\/61571321505220\/\" \/>\n<meta property=\"article:modified_time\" content=\"2025-02-24T08:43:11+00:00\" \/>\n<meta property=\"og:image\" content=\"https:\/\/www.regnovet.com\/wp-content\/uploads\/2024\/11\/SILVANOL-010.jpg\" \/>\n\t<meta property=\"og:image:width\" content=\"700\" \/>\n\t<meta property=\"og:image:height\" content=\"700\" \/>\n\t<meta property=\"og:image:type\" content=\"image\/jpeg\" \/>\n<meta name=\"twitter:card\" content=\"summary_large_image\" \/>\n<meta name=\"twitter:label1\" content=\"Tahmini okuma s\u00fcresi\" \/>\n\t<meta name=\"twitter:data1\" content=\"1 dakika\" \/>\n<script type=\"application\/ld+json\" class=\"yoast-schema-graph\">{\"@context\":\"https:\/\/schema.org\",\"@graph\":[{\"@type\":\"WebPage\",\"@id\":\"https:\/\/www.regnovet.com\/tr\/urun\/silvanol\/\",\"url\":\"https:\/\/www.regnovet.com\/tr\/urun\/silvanol\/\",\"name\":\"S\u0130LVANOL - regnovet\",\"isPartOf\":{\"@id\":\"https:\/\/www.regnovet.com\/tr\/#website\"},\"primaryImageOfPage\":{\"@id\":\"https:\/\/www.regnovet.com\/tr\/urun\/silvanol\/#primaryimage\"},\"image\":{\"@id\":\"https:\/\/www.regnovet.com\/tr\/urun\/silvanol\/#primaryimage\"},\"thumbnailUrl\":\"https:\/\/www.regnovet.com\/wp-content\/uploads\/2024\/11\/SILVANOL-010.jpg\",\"datePublished\":\"2024-11-11T11:12:50+00:00\",\"dateModified\":\"2025-02-24T08:43:11+00:00\",\"breadcrumb\":{\"@id\":\"https:\/\/www.regnovet.com\/tr\/urun\/silvanol\/#breadcrumb\"},\"inLanguage\":\"tr\",\"potentialAction\":[{\"@type\":\"ReadAction\",\"target\":[\"https:\/\/www.regnovet.com\/tr\/urun\/silvanol\/\"]}]},{\"@type\":\"ImageObject\",\"inLanguage\":\"tr\",\"@id\":\"https:\/\/www.regnovet.com\/tr\/urun\/silvanol\/#primaryimage\",\"url\":\"https:\/\/www.regnovet.com\/wp-content\/uploads\/2024\/11\/SILVANOL-010.jpg\",\"contentUrl\":\"https:\/\/www.regnovet.com\/wp-content\/uploads\/2024\/11\/SILVANOL-010.jpg\",\"width\":700,\"height\":700},{\"@type\":\"BreadcrumbList\",\"@id\":\"https:\/\/www.regnovet.com\/tr\/urun\/silvanol\/#breadcrumb\",\"itemListElement\":[{\"@type\":\"ListItem\",\"position\":1,\"name\":\"Home\",\"item\":\"https:\/\/www.regnovet.com\/tr\/\"},{\"@type\":\"ListItem\",\"position\":2,\"name\":\"\u00dcr\u00fcnler\",\"item\":\"https:\/\/www.regnovet.com\/products\/\"},{\"@type\":\"ListItem\",\"position\":3,\"name\":\"S\u0130LVANOL\"}]},{\"@type\":\"WebSite\",\"@id\":\"https:\/\/www.regnovet.com\/tr\/#website\",\"url\":\"https:\/\/www.regnovet.com\/tr\/\",\"name\":\"regnovet\",\"description\":\"\",\"publisher\":{\"@id\":\"https:\/\/www.regnovet.com\/tr\/#organization\"},\"potentialAction\":[{\"@type\":\"SearchAction\",\"target\":{\"@type\":\"EntryPoint\",\"urlTemplate\":\"https:\/\/www.regnovet.com\/tr\/?s={search_term_string}\"},\"query-input\":{\"@type\":\"PropertyValueSpecification\",\"valueRequired\":true,\"valueName\":\"search_term_string\"}}],\"inLanguage\":\"tr\"},{\"@type\":\"Organization\",\"@id\":\"https:\/\/www.regnovet.com\/tr\/#organization\",\"name\":\"regnovet\",\"url\":\"https:\/\/www.regnovet.com\/tr\/\",\"logo\":{\"@type\":\"ImageObject\",\"inLanguage\":\"tr\",\"@id\":\"https:\/\/www.regnovet.com\/tr\/#\/schema\/logo\/image\/\",\"url\":\"https:\/\/www.regnovet.com\/wp-content\/uploads\/2024\/09\/cropped-512.png\",\"contentUrl\":\"https:\/\/www.regnovet.com\/wp-content\/uploads\/2024\/09\/cropped-512.png\",\"width\":512,\"height\":512,\"caption\":\"regnovet\"},\"image\":{\"@id\":\"https:\/\/www.regnovet.com\/tr\/#\/schema\/logo\/image\/\"},\"sameAs\":[\"https:\/\/www.facebook.com\/people\/RegnoVet\/61571321505220\/\"]}]}<\/script>\n<!-- \/ Yoast SEO plugin. -->","yoast_head_json":{"title":"S\u0130LVANOL - regnovet","robots":{"index":"index","follow":"follow","max-snippet":"max-snippet:-1","max-image-preview":"max-image-preview:large","max-video-preview":"max-video-preview:-1"},"canonical":"https:\/\/www.regnovet.com\/tr\/urun\/silvanol\/","og_locale":"tr_TR","og_type":"article","og_title":"S\u0130LVANOL - regnovet","og_description":"Bu \u00fcr\u00fcn, \u00e7al\u0131\u015fma ve ya\u015fam alanlar\u0131n\u0131 salg\u0131n hastal\u0131klardan temiz ve g\u00fcvenli tutmak i\u00e7in ideal bir \u00e7\u00f6z\u00fcmd\u00fcr. Geleneksel ara\u00e7larla (mob ve bezler gibi) ula\u015f\u0131lmas\u0131 zor alanlarda etkili bir temizlik ve dezenfeksiyon sa\u011flar. \u00dcr\u00fcn, g\u00fcm\u00fc\u015f kolloidal ve hidrojen peroksit gibi etkili bile\u015fenleri i\u00e7eren geli\u015fmi\u015f bir form\u00fcle sahiptir, bu da onu s\u00fcrekli dezenfeksiyon i\u00e7in m\u00fckemmel bir se\u00e7enek yapar.  A\u015fa\u011f\u0131daki \u00f6zelliklere sahiptir:   Derin dezenfeksiyon: \u00dcr\u00fcn, g\u00fcm\u00fc\u015f kolloidalinin, mikroorganizmalar\u0131 t\u00fcketilmeden etkili bir \u015fekilde yok etme \u00f6zelli\u011fine sahip olmas\u0131 sayesinde, bakteri, mantar ve vir\u00fcsleri etkili bir \u015fekilde ortadan kald\u0131r\u0131r.  Sa\u011fl\u0131k ve \u00e7evre i\u00e7in g\u00fcvenli: \u0130nsan ve \u00e7evre kullan\u0131m\u0131 i\u00e7in en g\u00fcvenli kimyasallardan biri olan hidrojen peroksit i\u00e7erir ve hava ile suyun dezenfeksiyonunda olumlu etkiler yapar.  \u00c7oklu etkinlik: Buharla\u015ft\u0131rma ve manuel silme i\u00e7in kullan\u0131labilir, b\u00f6ylece her zaman s\u00fcrekli dezenfeksiyon sa\u011flar.","og_url":"https:\/\/www.regnovet.com\/tr\/urun\/silvanol\/","og_site_name":"regnovet","article_publisher":"https:\/\/www.facebook.com\/people\/RegnoVet\/61571321505220\/","article_modified_time":"2025-02-24T08:43:11+00:00","og_image":[{"width":700,"height":700,"url":"https:\/\/www.regnovet.com\/wp-content\/uploads\/2024\/11\/SILVANOL-010.jpg","type":"image\/jpeg"}],"twitter_card":"summary_large_image","twitter_misc":{"Tahmini okuma s\u00fcresi":"1 dakika"},"schema":{"@context":"https:\/\/schema.org","@graph":[{"@type":"WebPage","@id":"https:\/\/www.regnovet.com\/tr\/urun\/silvanol\/","url":"https:\/\/www.regnovet.com\/tr\/urun\/silvanol\/","name":"S\u0130LVANOL - regnovet","isPartOf":{"@id":"https:\/\/www.regnovet.com\/tr\/#website"},"primaryImageOfPage":{"@id":"https:\/\/www.regnovet.com\/tr\/urun\/silvanol\/#primaryimage"},"image":{"@id":"https:\/\/www.regnovet.com\/tr\/urun\/silvanol\/#primaryimage"},"thumbnailUrl":"https:\/\/www.regnovet.com\/wp-content\/uploads\/2024\/11\/SILVANOL-010.jpg","datePublished":"2024-11-11T11:12:50+00:00","dateModified":"2025-02-24T08:43:11+00:00","breadcrumb":{"@id":"https:\/\/www.regnovet.com\/tr\/urun\/silvanol\/#breadcrumb"},"inLanguage":"tr","potentialAction":[{"@type":"ReadAction","target":["https:\/\/www.regnovet.com\/tr\/urun\/silvanol\/"]}]},{"@type":"ImageObject","inLanguage":"tr","@id":"https:\/\/www.regnovet.com\/tr\/urun\/silvanol\/#primaryimage","url":"https:\/\/www.regnovet.com\/wp-content\/uploads\/2024\/11\/SILVANOL-010.jpg","contentUrl":"https:\/\/www.regnovet.com\/wp-content\/uploads\/2024\/11\/SILVANOL-010.jpg","width":700,"height":700},{"@type":"BreadcrumbList","@id":"https:\/\/www.regnovet.com\/tr\/urun\/silvanol\/#breadcrumb","itemListElement":[{"@type":"ListItem","position":1,"name":"Home","item":"https:\/\/www.regnovet.com\/tr\/"},{"@type":"ListItem","position":2,"name":"\u00dcr\u00fcnler","item":"https:\/\/www.regnovet.com\/products\/"},{"@type":"ListItem","position":3,"name":"S\u0130LVANOL"}]},{"@type":"WebSite","@id":"https:\/\/www.regnovet.com\/tr\/#website","url":"https:\/\/www.regnovet.com\/tr\/","name":"regnovet","description":"","publisher":{"@id":"https:\/\/www.regnovet.com\/tr\/#organization"},"potentialAction":[{"@type":"SearchAction","target":{"@type":"EntryPoint","urlTemplate":"https:\/\/www.regnovet.com\/tr\/?s={search_term_string}"},"query-input":{"@type":"PropertyValueSpecification","valueRequired":true,"valueName":"search_term_string"}}],"inLanguage":"tr"},{"@type":"Organization","@id":"https:\/\/www.regnovet.com\/tr\/#organization","name":"regnovet","url":"https:\/\/www.regnovet.com\/tr\/","logo":{"@type":"ImageObject","inLanguage":"tr","@id":"https:\/\/www.regnovet.com\/tr\/#\/schema\/logo\/image\/","url":"https:\/\/www.regnovet.com\/wp-content\/uploads\/2024\/09\/cropped-512.png","contentUrl":"https:\/\/www.regnovet.com\/wp-content\/uploads\/2024\/09\/cropped-512.png","width":512,"height":512,"caption":"regnovet"},"image":{"@id":"https:\/\/www.regnovet.com\/tr\/#\/schema\/logo\/image\/"},"sameAs":["https:\/\/www.facebook.com\/people\/RegnoVet\/61571321505220\/"]}]}},"_links":{"self":[{"href":"https:\/\/www.regnovet.com\/tr\/wp-json\/wp\/v2\/product\/29589","targetHints":{"allow":["GET"]}}],"collection":[{"href":"https:\/\/www.regnovet.com\/tr\/wp-json\/wp\/v2\/product"}],"about":[{"href":"https:\/\/www.regnovet.com\/tr\/wp-json\/wp\/v2\/types\/product"}],"version-history":[{"count":11,"href":"https:\/\/www.regnovet.com\/tr\/wp-json\/wp\/v2\/product\/29589\/revisions"}],"predecessor-version":[{"id":31576,"href":"https:\/\/www.regnovet.com\/tr\/wp-json\/wp\/v2\/product\/29589\/revisions\/31576"}],"wp:featuredmedia":[{"embeddable":true,"href":"https:\/\/www.regnovet.com\/tr\/wp-json\/wp\/v2\/media\/29383"}],"wp:attachment":[{"href":"https:\/\/www.regnovet.com\/tr\/wp-json\/wp\/v2\/media?parent=29589"}],"wp:term":[{"taxonomy":"product_cat","embeddable":true,"href":"https:\/\/www.regnovet.com\/tr\/wp-json\/wp\/v2\/product_cat?post=29589"},{"taxonomy":"product_tag","embeddable":true,"href":"https:\/\/www.regnovet.com\/tr\/wp-json\/wp\/v2\/product_tag?post=29589"}],"curies":[{"name":"wp","href":"https:\/\/api.w.org\/{rel}","templated":true}]}}