{"id":29593,"date":"2024-11-06T12:05:03","date_gmt":"2024-11-06T12:05:03","guid":{"rendered":"https:\/\/www.regnovet.com\/index.php\/product\/oxyflaxin\/"},"modified":"2025-02-15T11:25:12","modified_gmt":"2025-02-15T11:25:12","slug":"oxyflaxin","status":"publish","type":"product","link":"https:\/\/www.regnovet.com\/tr\/urun\/oxyflaxin\/","title":{"rendered":"OXYFLAXIN"},"content":{"rendered":"\t\t<div data-elementor-type=\"wp-post\" data-elementor-id=\"29593\" class=\"elementor elementor-29593 elementor-28499\">\n\t\t\t\t<div class=\"wd-negative-gap elementor-element elementor-element-9edd08c e-flex e-con-boxed e-con e-parent\" data-id=\"9edd08c\" data-element_type=\"container\" data-e-type=\"container\">\n\t\t\t\t\t<div class=\"e-con-inner\">\n\t\t\t\t<div class=\"elementor-element elementor-element-810bc54 elementor-widget elementor-widget-toggle\" data-id=\"810bc54\" data-element_type=\"widget\" data-e-type=\"widget\" data-widget_type=\"toggle.default\">\n\t\t\t\t<div class=\"elementor-widget-container\">\n\t\t\t\t\t\t\t<div class=\"elementor-toggle\">\n\t\t\t\t\t\t\t<div class=\"elementor-toggle-item\">\n\t\t\t\t\t<div id=\"elementor-tab-title-1351\" class=\"elementor-tab-title\" data-tab=\"1\" role=\"button\" aria-controls=\"elementor-tab-content-1351\" aria-expanded=\"false\">\n\t\t\t\t\t\t\t\t\t\t\t\t<span class=\"elementor-toggle-icon elementor-toggle-icon-left\" aria-hidden=\"true\">\n\t\t\t\t\t\t\t\t\t\t\t\t\t\t\t<span class=\"elementor-toggle-icon-closed\"><svg class=\"e-font-icon-svg e-fas-caret-right\" viewBox=\"0 0 192 512\" xmlns=\"http:\/\/www.w3.org\/2000\/svg\"><path d=\"M0 384.662V127.338c0-17.818 21.543-26.741 34.142-14.142l128.662 128.662c7.81 7.81 7.81 20.474 0 28.284L34.142 398.804C21.543 411.404 0 402.48 0 384.662z\"><\/path><\/svg><\/span>\n\t\t\t\t\t\t\t\t<span class=\"elementor-toggle-icon-opened\"><svg class=\"elementor-toggle-icon-opened e-font-icon-svg e-fas-caret-up\" viewBox=\"0 0 320 512\" xmlns=\"http:\/\/www.w3.org\/2000\/svg\"><path d=\"M288.662 352H31.338c-17.818 0-26.741-21.543-14.142-34.142l128.662-128.662c7.81-7.81 20.474-7.81 28.284 0l128.662 128.662c12.6 12.599 3.676 34.142-14.142 34.142z\"><\/path><\/svg><\/span>\n\t\t\t\t\t\t\t\t\t\t\t\t\t<\/span>\n\t\t\t\t\t\t\t\t\t\t\t\t<a class=\"elementor-toggle-title\" tabindex=\"0\">B\u0130LE\u015e\u0130M:<\/a>\n\t\t\t\t\t<\/div>\n\n\t\t\t\t\t<div id=\"elementor-tab-content-1351\" class=\"elementor-tab-content elementor-clearfix\" data-tab=\"1\" role=\"region\" aria-labelledby=\"elementor-tab-title-1351\"><p>Her ml\u2019de:<br \/>\nOksitetrasiklin dihidrat &#8230;&#8230;&#8230;..300 mg<br \/>\nFluniksin meglumin&#8230;&#8230;&#8230;&#8230;&#8230;&#8230;&#8230;..20 mg<\/p>\n<\/div>\n\t\t\t\t<\/div>\n\t\t\t\t\t\t\t<div class=\"elementor-toggle-item\">\n\t\t\t\t\t<div id=\"elementor-tab-title-1352\" class=\"elementor-tab-title\" data-tab=\"2\" role=\"button\" aria-controls=\"elementor-tab-content-1352\" aria-expanded=\"false\">\n\t\t\t\t\t\t\t\t\t\t\t\t<span class=\"elementor-toggle-icon elementor-toggle-icon-left\" aria-hidden=\"true\">\n\t\t\t\t\t\t\t\t\t\t\t\t\t\t\t<span class=\"elementor-toggle-icon-closed\"><svg class=\"e-font-icon-svg e-fas-caret-right\" viewBox=\"0 0 192 512\" xmlns=\"http:\/\/www.w3.org\/2000\/svg\"><path d=\"M0 384.662V127.338c0-17.818 21.543-26.741 34.142-14.142l128.662 128.662c7.81 7.81 7.81 20.474 0 28.284L34.142 398.804C21.543 411.404 0 402.48 0 384.662z\"><\/path><\/svg><\/span>\n\t\t\t\t\t\t\t\t<span class=\"elementor-toggle-icon-opened\"><svg class=\"elementor-toggle-icon-opened e-font-icon-svg e-fas-caret-up\" viewBox=\"0 0 320 512\" xmlns=\"http:\/\/www.w3.org\/2000\/svg\"><path d=\"M288.662 352H31.338c-17.818 0-26.741-21.543-14.142-34.142l128.662-128.662c7.81-7.81 20.474-7.81 28.284 0l128.662 128.662c12.6 12.599 3.676 34.142-14.142 34.142z\"><\/path><\/svg><\/span>\n\t\t\t\t\t\t\t\t\t\t\t\t\t<\/span>\n\t\t\t\t\t\t\t\t\t\t\t\t<a class=\"elementor-toggle-title\" tabindex=\"0\">END\u0130KASYONLAR:<\/a>\n\t\t\t\t\t<\/div>\n\n\t\t\t\t\t<div id=\"elementor-tab-content-1352\" class=\"elementor-tab-content elementor-clearfix\" data-tab=\"2\" role=\"region\" aria-labelledby=\"elementor-tab-title-1352\"><p><strong>S\u0131\u011f\u0131rlar<\/strong>:<br \/>\nDifteri, antraks, bakteriyel enterit, ayak \u00e7\u00fcr\u00fckl\u00fc\u011f\u00fc, anaplazmoz, leptospiroz, metrit, pn\u00f6moni, yara enfeksiyonu ve nakliye ate\u015fi.<br \/>\n<strong>Atlar:<\/strong><br \/>\n\u00dcst solunum yolu enfeksiyonlar\u0131, \u015fi\u015flik, peritonit, s\u0131rt fist\u00fcl\u00fc, do\u011fum felci, yara enfeksiyonlar\u0131, flegmon, mantar hastal\u0131\u011f\u0131 ve eklem enfeksiyonlar\u0131.<br \/>\n<strong>Koyunlar ve Ke\u00e7iler:<\/strong><br \/>\nPn\u00f6moni, eklem enfeksiyonu, yara enfeksiyonlar\u0131, bakteriyel enterit.<br \/>\n<strong>Yumurtlayan Tavuklar:<\/strong><br \/>\nKoriza, tavuk kolera, enfeksiy\u00f6z sin\u00fczit, enfeksiy\u00f6z sinovit, kronik solunum yolu hastal\u0131klar\u0131 ve hava kesesi iltihab\u0131.<\/p>\n<\/div>\n\t\t\t\t<\/div>\n\t\t\t\t\t\t\t<div class=\"elementor-toggle-item\">\n\t\t\t\t\t<div id=\"elementor-tab-title-1353\" class=\"elementor-tab-title\" data-tab=\"3\" role=\"button\" aria-controls=\"elementor-tab-content-1353\" aria-expanded=\"false\">\n\t\t\t\t\t\t\t\t\t\t\t\t<span class=\"elementor-toggle-icon elementor-toggle-icon-left\" aria-hidden=\"true\">\n\t\t\t\t\t\t\t\t\t\t\t\t\t\t\t<span class=\"elementor-toggle-icon-closed\"><svg class=\"e-font-icon-svg e-fas-caret-right\" viewBox=\"0 0 192 512\" xmlns=\"http:\/\/www.w3.org\/2000\/svg\"><path d=\"M0 384.662V127.338c0-17.818 21.543-26.741 34.142-14.142l128.662 128.662c7.81 7.81 7.81 20.474 0 28.284L34.142 398.804C21.543 411.404 0 402.48 0 384.662z\"><\/path><\/svg><\/span>\n\t\t\t\t\t\t\t\t<span class=\"elementor-toggle-icon-opened\"><svg class=\"elementor-toggle-icon-opened e-font-icon-svg e-fas-caret-up\" viewBox=\"0 0 320 512\" xmlns=\"http:\/\/www.w3.org\/2000\/svg\"><path d=\"M288.662 352H31.338c-17.818 0-26.741-21.543-14.142-34.142l128.662-128.662c7.81-7.81 20.474-7.81 28.284 0l128.662 128.662c12.6 12.599 3.676 34.142-14.142 34.142z\"><\/path><\/svg><\/span>\n\t\t\t\t\t\t\t\t\t\t\t\t\t<\/span>\n\t\t\t\t\t\t\t\t\t\t\t\t<a class=\"elementor-toggle-title\" tabindex=\"0\">DOZAJ:<\/a>\n\t\t\t\t\t<\/div>\n\n\t\t\t\t\t<div id=\"elementor-tab-content-1353\" class=\"elementor-tab-content elementor-clearfix\" data-tab=\"3\" role=\"region\" aria-labelledby=\"elementor-tab-title-1353\"><p>Intram\u00fcsk\u00fcler enjeksiyon:<br \/>\nS\u0131\u011f\u0131rlar: 20-30 kg v\u00fccut a\u011f\u0131rl\u0131\u011f\u0131 i\u00e7in 1 ml<br \/>\nKoyunlar: 15-20 kg v\u00fccut a\u011f\u0131rl\u0131\u011f\u0131 i\u00e7in 1 ml<\/p>\n<p><strong>\u00d6NLEM:<\/strong><br \/>\nIntram\u00fcsk\u00fcler enjeksiyon, b\u00fcy\u00fck kaslarda derin bir \u015fekilde yap\u0131lmal\u0131 ve enjeksiyon b\u00f6lgesinde 20 ml&#8217;den fazla uygulanmamal\u0131d\u0131r.<\/p>\n<\/div>\n\t\t\t\t<\/div>\n\t\t\t\t\t\t\t<div class=\"elementor-toggle-item\">\n\t\t\t\t\t<div id=\"elementor-tab-title-1354\" class=\"elementor-tab-title\" data-tab=\"4\" role=\"button\" aria-controls=\"elementor-tab-content-1354\" aria-expanded=\"false\">\n\t\t\t\t\t\t\t\t\t\t\t\t<span class=\"elementor-toggle-icon elementor-toggle-icon-left\" aria-hidden=\"true\">\n\t\t\t\t\t\t\t\t\t\t\t\t\t\t\t<span class=\"elementor-toggle-icon-closed\"><svg class=\"e-font-icon-svg e-fas-caret-right\" viewBox=\"0 0 192 512\" xmlns=\"http:\/\/www.w3.org\/2000\/svg\"><path d=\"M0 384.662V127.338c0-17.818 21.543-26.741 34.142-14.142l128.662 128.662c7.81 7.81 7.81 20.474 0 28.284L34.142 398.804C21.543 411.404 0 402.48 0 384.662z\"><\/path><\/svg><\/span>\n\t\t\t\t\t\t\t\t<span class=\"elementor-toggle-icon-opened\"><svg class=\"elementor-toggle-icon-opened e-font-icon-svg e-fas-caret-up\" viewBox=\"0 0 320 512\" xmlns=\"http:\/\/www.w3.org\/2000\/svg\"><path d=\"M288.662 352H31.338c-17.818 0-26.741-21.543-14.142-34.142l128.662-128.662c7.81-7.81 20.474-7.81 28.284 0l128.662 128.662c12.6 12.599 3.676 34.142-14.142 34.142z\"><\/path><\/svg><\/span>\n\t\t\t\t\t\t\t\t\t\t\t\t\t<\/span>\n\t\t\t\t\t\t\t\t\t\t\t\t<a class=\"elementor-toggle-title\" tabindex=\"0\">\u00c7EKILME S\u00dcRESI:<\/a>\n\t\t\t\t\t<\/div>\n\n\t\t\t\t\t<div id=\"elementor-tab-content-1354\" class=\"elementor-tab-content elementor-clearfix\" data-tab=\"4\" role=\"region\" aria-labelledby=\"elementor-tab-title-1354\"><p>Tedavi edilen hayvanlardan elde edilen et, tedavi s\u0131ras\u0131nda ve son tedaviden itibaren 35 g\u00fcn boyunca kullan\u0131lmamal\u0131d\u0131r.<\/p>\n<\/div>\n\t\t\t\t<\/div>\n\t\t\t\t\t\t\t<div class=\"elementor-toggle-item\">\n\t\t\t\t\t<div id=\"elementor-tab-title-1355\" class=\"elementor-tab-title\" data-tab=\"5\" role=\"button\" aria-controls=\"elementor-tab-content-1355\" aria-expanded=\"false\">\n\t\t\t\t\t\t\t\t\t\t\t\t<span class=\"elementor-toggle-icon elementor-toggle-icon-left\" aria-hidden=\"true\">\n\t\t\t\t\t\t\t\t\t\t\t\t\t\t\t<span class=\"elementor-toggle-icon-closed\"><svg class=\"e-font-icon-svg e-fas-caret-right\" viewBox=\"0 0 192 512\" xmlns=\"http:\/\/www.w3.org\/2000\/svg\"><path d=\"M0 384.662V127.338c0-17.818 21.543-26.741 34.142-14.142l128.662 128.662c7.81 7.81 7.81 20.474 0 28.284L34.142 398.804C21.543 411.404 0 402.48 0 384.662z\"><\/path><\/svg><\/span>\n\t\t\t\t\t\t\t\t<span class=\"elementor-toggle-icon-opened\"><svg class=\"elementor-toggle-icon-opened e-font-icon-svg e-fas-caret-up\" viewBox=\"0 0 320 512\" xmlns=\"http:\/\/www.w3.org\/2000\/svg\"><path d=\"M288.662 352H31.338c-17.818 0-26.741-21.543-14.142-34.142l128.662-128.662c7.81-7.81 20.474-7.81 28.284 0l128.662 128.662c12.6 12.599 3.676 34.142-14.142 34.142z\"><\/path><\/svg><\/span>\n\t\t\t\t\t\t\t\t\t\t\t\t\t<\/span>\n\t\t\t\t\t\t\t\t\t\t\t\t<a class=\"elementor-toggle-title\" tabindex=\"0\">SAKLAMA:<\/a>\n\t\t\t\t\t<\/div>\n\n\t\t\t\t\t<div id=\"elementor-tab-content-1355\" class=\"elementor-tab-content elementor-clearfix\" data-tab=\"5\" role=\"region\" aria-labelledby=\"elementor-tab-title-1355\"><p>25\u02daC&#8217;nin alt\u0131nda kuru ve karanl\u0131k bir yerde saklay\u0131n.<\/p>\n<\/div>\n\t\t\t\t<\/div>\n\t\t\t\t\t\t\t\t<\/div>\n\t\t\t\t\t\t<\/div>\n\t\t\t\t<\/div>\n\t\t\t\t\t<\/div>\n\t\t\t\t<\/div>\n\t\t\t\t<\/div>\n\t\t","protected":false},"excerpt":{"rendered":"<p><strong>Oksitetrasiklin<\/strong>, tetrasiklinler grubuna ait bir antibiyotiktir ve geni\u015f bir bakteri yelpazesinde etkilidir.<br \/>\nBakteriyel protein sentezini inhibe ederek \u00e7al\u0131\u015f\u0131r, bu da bakterilerin b\u00fcy\u00fcmesini ve \u00fcremesini engeller.<br \/>\n\u00c7o\u011funlukla hayvanlarda solunum sistemi, sindirim sistemi ve idrar yolu enfeksiyonlar\u0131 gibi \u00e7e\u015fitli bakteriyel enfeksiyonlar\u0131 tedavi etmek i\u00e7in kullan\u0131l\u0131r.<br \/>\nFluniksin meglumin, siklooksijenaz inhibit\u00f6r\u00fc olarak \u00e7al\u0131\u015f\u0131r; siklooksijenaz\u0131 inhibe ederek, ara\u015fidonik asit zincir reaksiyonunda iltihaplanma mediyat\u00f6rlerinin, \u00f6rne\u011fin prostaglandinler ve tromboksan\u0131n \u00fcretimini azaltabilir. Ayr\u0131ca normal kan bas\u0131nc\u0131n\u0131 korur, damar endotel h\u00fccresi hasar\u0131n\u0131 azalt\u0131r ve normal kan hacmini s\u00fcrd\u00fcr\u00fcr.<br \/>\nFluniksin meglumin, Escherichia coli endotoksinlerinin neden oldu\u011fu artan bron\u015fiyal sekresyonlar, solunum yolu hastal\u0131klar\u0131, sekresyonel n\u00f6tropeni, albumin birikintisi ve di\u011fer yollarla v\u00fccutta ate\u015f, iltihaplanma ve a\u011fr\u0131y\u0131 etkili bir \u015fekilde hafifletir.<br \/>\nBu ila\u00e7 h\u0131zl\u0131 bir \u015fekilde \u00e7al\u0131\u015f\u0131r ve genellikle 15 dakika i\u00e7inde a\u011fr\u0131y\u0131 hafifletir.<br \/>\nBu kombinasyon, genellikle a\u011fr\u0131 ve enfeksiyon i\u00e7in ikili tedavi gerektiren iltihapl\u0131 durumlar\u0131 tedavi etmek i\u00e7in hayvanlarda kullan\u0131l\u0131r, \u00f6rne\u011fin \u015fiddetli pn\u00f6moni veya karma\u015f\u0131k yumu\u015fak doku enfeksiyonlar\u0131.<\/p>\n","protected":false},"featured_media":31367,"template":"","meta":[],"product_cat":[176,175],"product_tag":[],"class_list":{"0":"post-29593","1":"product","2":"type-product","3":"status-publish","4":"has-post-thumbnail","6":"product_cat-enjeksiyon","7":"product_cat-ruminantlar","9":"first","10":"instock","11":"shipping-taxable","12":"product-type-simple"},"yoast_head":"<!-- This site is optimized with the Yoast SEO plugin v24.1 - https:\/\/yoast.com\/wordpress\/plugins\/seo\/ -->\n<title>OXYFLAXIN - regnovet<\/title>\n<meta name=\"robots\" content=\"index, follow, max-snippet:-1, max-image-preview:large, max-video-preview:-1\" \/>\n<link rel=\"canonical\" href=\"https:\/\/www.regnovet.com\/tr\/urun\/oxyflaxin\/\" \/>\n<meta property=\"og:locale\" content=\"tr_TR\" \/>\n<meta property=\"og:type\" content=\"article\" \/>\n<meta property=\"og:title\" content=\"OXYFLAXIN - regnovet\" \/>\n<meta property=\"og:description\" content=\"Oksitetrasiklin, tetrasiklinler grubuna ait bir antibiyotiktir ve geni\u015f bir bakteri yelpazesinde etkilidir. Bakteriyel protein sentezini inhibe ederek \u00e7al\u0131\u015f\u0131r, bu da bakterilerin b\u00fcy\u00fcmesini ve \u00fcremesini engeller. \u00c7o\u011funlukla hayvanlarda solunum sistemi, sindirim sistemi ve idrar yolu enfeksiyonlar\u0131 gibi \u00e7e\u015fitli bakteriyel enfeksiyonlar\u0131 tedavi etmek i\u00e7in kullan\u0131l\u0131r. Fluniksin meglumin, siklooksijenaz inhibit\u00f6r\u00fc olarak \u00e7al\u0131\u015f\u0131r; siklooksijenaz\u0131 inhibe ederek, ara\u015fidonik asit zincir reaksiyonunda iltihaplanma mediyat\u00f6rlerinin, \u00f6rne\u011fin prostaglandinler ve tromboksan\u0131n \u00fcretimini azaltabilir. Ayr\u0131ca normal kan bas\u0131nc\u0131n\u0131 korur, damar endotel h\u00fccresi hasar\u0131n\u0131 azalt\u0131r ve normal kan hacmini s\u00fcrd\u00fcr\u00fcr. Fluniksin meglumin, Escherichia coli endotoksinlerinin neden oldu\u011fu artan bron\u015fiyal sekresyonlar, solunum yolu hastal\u0131klar\u0131, sekresyonel n\u00f6tropeni, albumin birikintisi ve di\u011fer yollarla v\u00fccutta ate\u015f, iltihaplanma ve a\u011fr\u0131y\u0131 etkili bir \u015fekilde hafifletir. Bu ila\u00e7 h\u0131zl\u0131 bir \u015fekilde \u00e7al\u0131\u015f\u0131r ve genellikle 15 dakika i\u00e7inde a\u011fr\u0131y\u0131 hafifletir. Bu kombinasyon, genellikle a\u011fr\u0131 ve enfeksiyon i\u00e7in ikili tedavi gerektiren iltihapl\u0131 durumlar\u0131 tedavi etmek i\u00e7in hayvanlarda kullan\u0131l\u0131r, \u00f6rne\u011fin \u015fiddetli pn\u00f6moni veya karma\u015f\u0131k yumu\u015fak doku enfeksiyonlar\u0131.\" \/>\n<meta property=\"og:url\" content=\"https:\/\/www.regnovet.com\/tr\/urun\/oxyflaxin\/\" \/>\n<meta property=\"og:site_name\" content=\"regnovet\" \/>\n<meta property=\"article:publisher\" content=\"https:\/\/www.facebook.com\/people\/RegnoVet\/61571321505220\/\" \/>\n<meta property=\"article:modified_time\" content=\"2025-02-15T11:25:12+00:00\" \/>\n<meta property=\"og:image\" content=\"https:\/\/www.regnovet.com\/wp-content\/uploads\/2024\/11\/oxyflaxin.jpg\" \/>\n\t<meta property=\"og:image:width\" content=\"700\" \/>\n\t<meta property=\"og:image:height\" content=\"700\" \/>\n\t<meta property=\"og:image:type\" content=\"image\/jpeg\" \/>\n<meta name=\"twitter:card\" content=\"summary_large_image\" \/>\n<meta name=\"twitter:label1\" content=\"Tahmini okuma s\u00fcresi\" \/>\n\t<meta name=\"twitter:data1\" content=\"1 dakika\" \/>\n<script type=\"application\/ld+json\" class=\"yoast-schema-graph\">{\"@context\":\"https:\/\/schema.org\",\"@graph\":[{\"@type\":\"WebPage\",\"@id\":\"https:\/\/www.regnovet.com\/tr\/urun\/oxyflaxin\/\",\"url\":\"https:\/\/www.regnovet.com\/tr\/urun\/oxyflaxin\/\",\"name\":\"OXYFLAXIN - regnovet\",\"isPartOf\":{\"@id\":\"https:\/\/www.regnovet.com\/tr\/#website\"},\"primaryImageOfPage\":{\"@id\":\"https:\/\/www.regnovet.com\/tr\/urun\/oxyflaxin\/#primaryimage\"},\"image\":{\"@id\":\"https:\/\/www.regnovet.com\/tr\/urun\/oxyflaxin\/#primaryimage\"},\"thumbnailUrl\":\"https:\/\/www.regnovet.com\/wp-content\/uploads\/2024\/11\/oxyflaxin.jpg\",\"datePublished\":\"2024-11-06T12:05:03+00:00\",\"dateModified\":\"2025-02-15T11:25:12+00:00\",\"breadcrumb\":{\"@id\":\"https:\/\/www.regnovet.com\/tr\/urun\/oxyflaxin\/#breadcrumb\"},\"inLanguage\":\"tr\",\"potentialAction\":[{\"@type\":\"ReadAction\",\"target\":[\"https:\/\/www.regnovet.com\/tr\/urun\/oxyflaxin\/\"]}]},{\"@type\":\"ImageObject\",\"inLanguage\":\"tr\",\"@id\":\"https:\/\/www.regnovet.com\/tr\/urun\/oxyflaxin\/#primaryimage\",\"url\":\"https:\/\/www.regnovet.com\/wp-content\/uploads\/2024\/11\/oxyflaxin.jpg\",\"contentUrl\":\"https:\/\/www.regnovet.com\/wp-content\/uploads\/2024\/11\/oxyflaxin.jpg\",\"width\":700,\"height\":700},{\"@type\":\"BreadcrumbList\",\"@id\":\"https:\/\/www.regnovet.com\/tr\/urun\/oxyflaxin\/#breadcrumb\",\"itemListElement\":[{\"@type\":\"ListItem\",\"position\":1,\"name\":\"Home\",\"item\":\"https:\/\/www.regnovet.com\/tr\/\"},{\"@type\":\"ListItem\",\"position\":2,\"name\":\"\u00dcr\u00fcnler\",\"item\":\"https:\/\/www.regnovet.com\/products\/\"},{\"@type\":\"ListItem\",\"position\":3,\"name\":\"OXYFLAXIN\"}]},{\"@type\":\"WebSite\",\"@id\":\"https:\/\/www.regnovet.com\/tr\/#website\",\"url\":\"https:\/\/www.regnovet.com\/tr\/\",\"name\":\"regnovet\",\"description\":\"\",\"publisher\":{\"@id\":\"https:\/\/www.regnovet.com\/tr\/#organization\"},\"potentialAction\":[{\"@type\":\"SearchAction\",\"target\":{\"@type\":\"EntryPoint\",\"urlTemplate\":\"https:\/\/www.regnovet.com\/tr\/?s={search_term_string}\"},\"query-input\":{\"@type\":\"PropertyValueSpecification\",\"valueRequired\":true,\"valueName\":\"search_term_string\"}}],\"inLanguage\":\"tr\"},{\"@type\":\"Organization\",\"@id\":\"https:\/\/www.regnovet.com\/tr\/#organization\",\"name\":\"regnovet\",\"url\":\"https:\/\/www.regnovet.com\/tr\/\",\"logo\":{\"@type\":\"ImageObject\",\"inLanguage\":\"tr\",\"@id\":\"https:\/\/www.regnovet.com\/tr\/#\/schema\/logo\/image\/\",\"url\":\"https:\/\/www.regnovet.com\/wp-content\/uploads\/2024\/09\/cropped-512.png\",\"contentUrl\":\"https:\/\/www.regnovet.com\/wp-content\/uploads\/2024\/09\/cropped-512.png\",\"width\":512,\"height\":512,\"caption\":\"regnovet\"},\"image\":{\"@id\":\"https:\/\/www.regnovet.com\/tr\/#\/schema\/logo\/image\/\"},\"sameAs\":[\"https:\/\/www.facebook.com\/people\/RegnoVet\/61571321505220\/\"]}]}<\/script>\n<!-- \/ Yoast SEO plugin. -->","yoast_head_json":{"title":"OXYFLAXIN - regnovet","robots":{"index":"index","follow":"follow","max-snippet":"max-snippet:-1","max-image-preview":"max-image-preview:large","max-video-preview":"max-video-preview:-1"},"canonical":"https:\/\/www.regnovet.com\/tr\/urun\/oxyflaxin\/","og_locale":"tr_TR","og_type":"article","og_title":"OXYFLAXIN - regnovet","og_description":"Oksitetrasiklin, tetrasiklinler grubuna ait bir antibiyotiktir ve geni\u015f bir bakteri yelpazesinde etkilidir. Bakteriyel protein sentezini inhibe ederek \u00e7al\u0131\u015f\u0131r, bu da bakterilerin b\u00fcy\u00fcmesini ve \u00fcremesini engeller. \u00c7o\u011funlukla hayvanlarda solunum sistemi, sindirim sistemi ve idrar yolu enfeksiyonlar\u0131 gibi \u00e7e\u015fitli bakteriyel enfeksiyonlar\u0131 tedavi etmek i\u00e7in kullan\u0131l\u0131r. Fluniksin meglumin, siklooksijenaz inhibit\u00f6r\u00fc olarak \u00e7al\u0131\u015f\u0131r; siklooksijenaz\u0131 inhibe ederek, ara\u015fidonik asit zincir reaksiyonunda iltihaplanma mediyat\u00f6rlerinin, \u00f6rne\u011fin prostaglandinler ve tromboksan\u0131n \u00fcretimini azaltabilir. Ayr\u0131ca normal kan bas\u0131nc\u0131n\u0131 korur, damar endotel h\u00fccresi hasar\u0131n\u0131 azalt\u0131r ve normal kan hacmini s\u00fcrd\u00fcr\u00fcr. Fluniksin meglumin, Escherichia coli endotoksinlerinin neden oldu\u011fu artan bron\u015fiyal sekresyonlar, solunum yolu hastal\u0131klar\u0131, sekresyonel n\u00f6tropeni, albumin birikintisi ve di\u011fer yollarla v\u00fccutta ate\u015f, iltihaplanma ve a\u011fr\u0131y\u0131 etkili bir \u015fekilde hafifletir. Bu ila\u00e7 h\u0131zl\u0131 bir \u015fekilde \u00e7al\u0131\u015f\u0131r ve genellikle 15 dakika i\u00e7inde a\u011fr\u0131y\u0131 hafifletir. Bu kombinasyon, genellikle a\u011fr\u0131 ve enfeksiyon i\u00e7in ikili tedavi gerektiren iltihapl\u0131 durumlar\u0131 tedavi etmek i\u00e7in hayvanlarda kullan\u0131l\u0131r, \u00f6rne\u011fin \u015fiddetli pn\u00f6moni veya karma\u015f\u0131k yumu\u015fak doku enfeksiyonlar\u0131.","og_url":"https:\/\/www.regnovet.com\/tr\/urun\/oxyflaxin\/","og_site_name":"regnovet","article_publisher":"https:\/\/www.facebook.com\/people\/RegnoVet\/61571321505220\/","article_modified_time":"2025-02-15T11:25:12+00:00","og_image":[{"width":700,"height":700,"url":"https:\/\/www.regnovet.com\/wp-content\/uploads\/2024\/11\/oxyflaxin.jpg","type":"image\/jpeg"}],"twitter_card":"summary_large_image","twitter_misc":{"Tahmini okuma s\u00fcresi":"1 dakika"},"schema":{"@context":"https:\/\/schema.org","@graph":[{"@type":"WebPage","@id":"https:\/\/www.regnovet.com\/tr\/urun\/oxyflaxin\/","url":"https:\/\/www.regnovet.com\/tr\/urun\/oxyflaxin\/","name":"OXYFLAXIN - regnovet","isPartOf":{"@id":"https:\/\/www.regnovet.com\/tr\/#website"},"primaryImageOfPage":{"@id":"https:\/\/www.regnovet.com\/tr\/urun\/oxyflaxin\/#primaryimage"},"image":{"@id":"https:\/\/www.regnovet.com\/tr\/urun\/oxyflaxin\/#primaryimage"},"thumbnailUrl":"https:\/\/www.regnovet.com\/wp-content\/uploads\/2024\/11\/oxyflaxin.jpg","datePublished":"2024-11-06T12:05:03+00:00","dateModified":"2025-02-15T11:25:12+00:00","breadcrumb":{"@id":"https:\/\/www.regnovet.com\/tr\/urun\/oxyflaxin\/#breadcrumb"},"inLanguage":"tr","potentialAction":[{"@type":"ReadAction","target":["https:\/\/www.regnovet.com\/tr\/urun\/oxyflaxin\/"]}]},{"@type":"ImageObject","inLanguage":"tr","@id":"https:\/\/www.regnovet.com\/tr\/urun\/oxyflaxin\/#primaryimage","url":"https:\/\/www.regnovet.com\/wp-content\/uploads\/2024\/11\/oxyflaxin.jpg","contentUrl":"https:\/\/www.regnovet.com\/wp-content\/uploads\/2024\/11\/oxyflaxin.jpg","width":700,"height":700},{"@type":"BreadcrumbList","@id":"https:\/\/www.regnovet.com\/tr\/urun\/oxyflaxin\/#breadcrumb","itemListElement":[{"@type":"ListItem","position":1,"name":"Home","item":"https:\/\/www.regnovet.com\/tr\/"},{"@type":"ListItem","position":2,"name":"\u00dcr\u00fcnler","item":"https:\/\/www.regnovet.com\/products\/"},{"@type":"ListItem","position":3,"name":"OXYFLAXIN"}]},{"@type":"WebSite","@id":"https:\/\/www.regnovet.com\/tr\/#website","url":"https:\/\/www.regnovet.com\/tr\/","name":"regnovet","description":"","publisher":{"@id":"https:\/\/www.regnovet.com\/tr\/#organization"},"potentialAction":[{"@type":"SearchAction","target":{"@type":"EntryPoint","urlTemplate":"https:\/\/www.regnovet.com\/tr\/?s={search_term_string}"},"query-input":{"@type":"PropertyValueSpecification","valueRequired":true,"valueName":"search_term_string"}}],"inLanguage":"tr"},{"@type":"Organization","@id":"https:\/\/www.regnovet.com\/tr\/#organization","name":"regnovet","url":"https:\/\/www.regnovet.com\/tr\/","logo":{"@type":"ImageObject","inLanguage":"tr","@id":"https:\/\/www.regnovet.com\/tr\/#\/schema\/logo\/image\/","url":"https:\/\/www.regnovet.com\/wp-content\/uploads\/2024\/09\/cropped-512.png","contentUrl":"https:\/\/www.regnovet.com\/wp-content\/uploads\/2024\/09\/cropped-512.png","width":512,"height":512,"caption":"regnovet"},"image":{"@id":"https:\/\/www.regnovet.com\/tr\/#\/schema\/logo\/image\/"},"sameAs":["https:\/\/www.facebook.com\/people\/RegnoVet\/61571321505220\/"]}]}},"_links":{"self":[{"href":"https:\/\/www.regnovet.com\/tr\/wp-json\/wp\/v2\/product\/29593","targetHints":{"allow":["GET"]}}],"collection":[{"href":"https:\/\/www.regnovet.com\/tr\/wp-json\/wp\/v2\/product"}],"about":[{"href":"https:\/\/www.regnovet.com\/tr\/wp-json\/wp\/v2\/types\/product"}],"version-history":[{"count":9,"href":"https:\/\/www.regnovet.com\/tr\/wp-json\/wp\/v2\/product\/29593\/revisions"}],"predecessor-version":[{"id":31488,"href":"https:\/\/www.regnovet.com\/tr\/wp-json\/wp\/v2\/product\/29593\/revisions\/31488"}],"wp:featuredmedia":[{"embeddable":true,"href":"https:\/\/www.regnovet.com\/tr\/wp-json\/wp\/v2\/media\/31367"}],"wp:attachment":[{"href":"https:\/\/www.regnovet.com\/tr\/wp-json\/wp\/v2\/media?parent=29593"}],"wp:term":[{"taxonomy":"product_cat","embeddable":true,"href":"https:\/\/www.regnovet.com\/tr\/wp-json\/wp\/v2\/product_cat?post=29593"},{"taxonomy":"product_tag","embeddable":true,"href":"https:\/\/www.regnovet.com\/tr\/wp-json\/wp\/v2\/product_tag?post=29593"}],"curies":[{"name":"wp","href":"https:\/\/api.w.org\/{rel}","templated":true}]}}