{"id":29622,"date":"2024-11-06T13:21:10","date_gmt":"2024-11-06T13:21:10","guid":{"rendered":"https:\/\/www.regnovet.com\/index.php\/product\/regnoprim\/"},"modified":"2025-02-15T11:21:23","modified_gmt":"2025-02-15T11:21:23","slug":"regnoprim","status":"publish","type":"product","link":"https:\/\/www.regnovet.com\/tr\/urun\/regnoprim\/","title":{"rendered":"REGNOPRIM"},"content":{"rendered":"\t\t<div data-elementor-type=\"wp-post\" data-elementor-id=\"29622\" class=\"elementor elementor-29622 elementor-28541\">\n\t\t\t\t<div class=\"wd-negative-gap elementor-element elementor-element-9edd08c e-flex e-con-boxed e-con e-parent\" data-id=\"9edd08c\" data-element_type=\"container\" data-e-type=\"container\">\n\t\t\t\t\t<div class=\"e-con-inner\">\n\t\t\t\t<div class=\"elementor-element elementor-element-810bc54 elementor-widget elementor-widget-toggle\" data-id=\"810bc54\" data-element_type=\"widget\" data-e-type=\"widget\" data-widget_type=\"toggle.default\">\n\t\t\t\t<div class=\"elementor-widget-container\">\n\t\t\t\t\t\t\t<div class=\"elementor-toggle\">\n\t\t\t\t\t\t\t<div class=\"elementor-toggle-item\">\n\t\t\t\t\t<div id=\"elementor-tab-title-1351\" class=\"elementor-tab-title\" data-tab=\"1\" role=\"button\" aria-controls=\"elementor-tab-content-1351\" aria-expanded=\"false\">\n\t\t\t\t\t\t\t\t\t\t\t\t<span class=\"elementor-toggle-icon elementor-toggle-icon-left\" aria-hidden=\"true\">\n\t\t\t\t\t\t\t\t\t\t\t\t\t\t\t<span class=\"elementor-toggle-icon-closed\"><svg class=\"e-font-icon-svg e-fas-caret-right\" viewBox=\"0 0 192 512\" xmlns=\"http:\/\/www.w3.org\/2000\/svg\"><path d=\"M0 384.662V127.338c0-17.818 21.543-26.741 34.142-14.142l128.662 128.662c7.81 7.81 7.81 20.474 0 28.284L34.142 398.804C21.543 411.404 0 402.48 0 384.662z\"><\/path><\/svg><\/span>\n\t\t\t\t\t\t\t\t<span class=\"elementor-toggle-icon-opened\"><svg class=\"elementor-toggle-icon-opened e-font-icon-svg e-fas-caret-up\" viewBox=\"0 0 320 512\" xmlns=\"http:\/\/www.w3.org\/2000\/svg\"><path d=\"M288.662 352H31.338c-17.818 0-26.741-21.543-14.142-34.142l128.662-128.662c7.81-7.81 20.474-7.81 28.284 0l128.662 128.662c12.6 12.599 3.676 34.142-14.142 34.142z\"><\/path><\/svg><\/span>\n\t\t\t\t\t\t\t\t\t\t\t\t\t<\/span>\n\t\t\t\t\t\t\t\t\t\t\t\t<a class=\"elementor-toggle-title\" tabindex=\"0\">\u0130\u00c7ER\u0130K:<\/a>\n\t\t\t\t\t<\/div>\n\n\t\t\t\t\t<div id=\"elementor-tab-content-1351\" class=\"elementor-tab-content elementor-clearfix\" data-tab=\"1\" role=\"region\" aria-labelledby=\"elementor-tab-title-1351\"><p>Ml ba\u015f\u0131na i\u00e7erik:<\/p>\n<p>S\u00fclfadiazin&#8230;&#8230;&#8230;&#8230;200mg<\/p>\n<p>Trimetoprim &#8230;&#8230;&#8230;..40mg<\/p>\n<p>Yard\u0131mc\u0131 maddeler ad &#8230;&#8230;&#8230;&#8230;.1 ml.<\/p>\n<\/div>\n\t\t\t\t<\/div>\n\t\t\t\t\t\t\t<div class=\"elementor-toggle-item\">\n\t\t\t\t\t<div id=\"elementor-tab-title-1352\" class=\"elementor-tab-title\" data-tab=\"2\" role=\"button\" aria-controls=\"elementor-tab-content-1352\" aria-expanded=\"false\">\n\t\t\t\t\t\t\t\t\t\t\t\t<span class=\"elementor-toggle-icon elementor-toggle-icon-left\" aria-hidden=\"true\">\n\t\t\t\t\t\t\t\t\t\t\t\t\t\t\t<span class=\"elementor-toggle-icon-closed\"><svg class=\"e-font-icon-svg e-fas-caret-right\" viewBox=\"0 0 192 512\" xmlns=\"http:\/\/www.w3.org\/2000\/svg\"><path d=\"M0 384.662V127.338c0-17.818 21.543-26.741 34.142-14.142l128.662 128.662c7.81 7.81 7.81 20.474 0 28.284L34.142 398.804C21.543 411.404 0 402.48 0 384.662z\"><\/path><\/svg><\/span>\n\t\t\t\t\t\t\t\t<span class=\"elementor-toggle-icon-opened\"><svg class=\"elementor-toggle-icon-opened e-font-icon-svg e-fas-caret-up\" viewBox=\"0 0 320 512\" xmlns=\"http:\/\/www.w3.org\/2000\/svg\"><path d=\"M288.662 352H31.338c-17.818 0-26.741-21.543-14.142-34.142l128.662-128.662c7.81-7.81 20.474-7.81 28.284 0l128.662 128.662c12.6 12.599 3.676 34.142-14.142 34.142z\"><\/path><\/svg><\/span>\n\t\t\t\t\t\t\t\t\t\t\t\t\t<\/span>\n\t\t\t\t\t\t\t\t\t\t\t\t<a class=\"elementor-toggle-title\" tabindex=\"0\">END\u0130KASYONLAR:<\/a>\n\t\t\t\t\t<\/div>\n\n\t\t\t\t\t<div id=\"elementor-tab-content-1352\" class=\"elementor-tab-content elementor-clearfix\" data-tab=\"2\" role=\"region\" aria-labelledby=\"elementor-tab-title-1352\"><p>Bu \u00fcr\u00fcn, trimetoprim: s\u00fclfadiazin kombinasyonuna duyarl\u0131 organizmalar taraf\u0131ndan ya da onlarla ili\u015fkili olarak meydana gelen sistemik enfeksiyonlar\u0131n tedavisinde kullan\u0131l\u0131r. In vitro etkinlik spektrumu, Gram pozitif ve Gram negatif organizmalar\u0131 i\u00e7erir, bunlar aras\u0131nda:<\/p>\n<ul>\n<li>Actinobacilli, Actinomycae, Bordetella spp., Brucella, Corynebacteriea, Escherichia coli, Haemophilus spp., Klebsiella spp., Pasturella spp., Pneumococci, Proteus, Salmonella spp., Staphylococci, Streptococci.*<br \/>\nSulphaprim, atlar, s\u0131\u011f\u0131rlar, k\u00f6pekler ve kedilerde akut, subakut ve kronik bakteriyel enfeksiyonlar\u0131n tedavisinde kullan\u0131l\u0131r. Bu enfeksiyonlar \u015funlar\u0131 i\u00e7erebilir:<br \/>\nSolunum yolu enfeksiyonlar\u0131, rinite, pn\u00f6moni, bron\u015fit ve viral hastal\u0131klara ba\u011fl\u0131 bakteriyel enfeksiyonlar (\u00f6rne\u011fin viral pn\u00f6moni veya mikoplazma enfeksiyonlar\u0131).<br \/>\n\u00dcrogenital sistem enfeksiyonlar\u0131, sistit, vajinit, \u00fcretrit, nefrit ve metrit.<br \/>\nAlimenter sistem enfeksiyonlar\u0131, neonatal ishal ve salmonelloz.<br \/>\nDi\u011fer enfeksiyonlar, ayak \u00e7\u00fcr\u00fc\u011f\u00fc, \u015fiddetli mastit, g\u00f6z, kulak veya a\u011f\u0131z enfeksiyonlar\u0131.<\/li>\n<\/ul>\n<\/div>\n\t\t\t\t<\/div>\n\t\t\t\t\t\t\t<div class=\"elementor-toggle-item\">\n\t\t\t\t\t<div id=\"elementor-tab-title-1353\" class=\"elementor-tab-title\" data-tab=\"3\" role=\"button\" aria-controls=\"elementor-tab-content-1353\" aria-expanded=\"false\">\n\t\t\t\t\t\t\t\t\t\t\t\t<span class=\"elementor-toggle-icon elementor-toggle-icon-left\" aria-hidden=\"true\">\n\t\t\t\t\t\t\t\t\t\t\t\t\t\t\t<span class=\"elementor-toggle-icon-closed\"><svg class=\"e-font-icon-svg e-fas-caret-right\" viewBox=\"0 0 192 512\" xmlns=\"http:\/\/www.w3.org\/2000\/svg\"><path d=\"M0 384.662V127.338c0-17.818 21.543-26.741 34.142-14.142l128.662 128.662c7.81 7.81 7.81 20.474 0 28.284L34.142 398.804C21.543 411.404 0 402.48 0 384.662z\"><\/path><\/svg><\/span>\n\t\t\t\t\t\t\t\t<span class=\"elementor-toggle-icon-opened\"><svg class=\"elementor-toggle-icon-opened e-font-icon-svg e-fas-caret-up\" viewBox=\"0 0 320 512\" xmlns=\"http:\/\/www.w3.org\/2000\/svg\"><path d=\"M288.662 352H31.338c-17.818 0-26.741-21.543-14.142-34.142l128.662-128.662c7.81-7.81 20.474-7.81 28.284 0l128.662 128.662c12.6 12.599 3.676 34.142-14.142 34.142z\"><\/path><\/svg><\/span>\n\t\t\t\t\t\t\t\t\t\t\t\t\t<\/span>\n\t\t\t\t\t\t\t\t\t\t\t\t<a class=\"elementor-toggle-title\" tabindex=\"0\">DOZAJ:<\/a>\n\t\t\t\t\t<\/div>\n\n\t\t\t\t\t<div id=\"elementor-tab-content-1353\" class=\"elementor-tab-content elementor-clearfix\" data-tab=\"3\" role=\"region\" aria-labelledby=\"elementor-tab-title-1353\"><p>S\u0131\u011f\u0131rlar: \u00d6nerilen doz, v\u00fccut a\u011f\u0131rl\u0131\u011f\u0131n\u0131n her kg&#8217;\u0131 ba\u015f\u0131na 15 mg etkin madde (v\u00fccut a\u011f\u0131rl\u0131\u011f\u0131 ba\u015f\u0131na 1 ml) olup, intram\u00fcsk\u00fcler veya yava\u015f intraven\u00f6z enjeksiyon ile bir kez uygulanmal\u0131d\u0131r. Ancak, \u015fiddetli enfeksiyonlarda, semptomlar ge\u00e7ene kadar g\u00fcnl\u00fck tekrar edilebilir, maksimum 5 g\u00fcn.<br \/>\nSulphaprim, trimetoprim ve s\u00fclfadiazin maddelerinin h\u0131zl\u0131 kan seviyeleri gerekti\u011finde intraven\u00f6z enjeksiyon ile uygulanabilir.<\/p>\n<p>Atlar: \u00d6nerilen doz, v\u00fccut a\u011f\u0131rl\u0131\u011f\u0131n\u0131n her kg&#8217;\u0131 ba\u015f\u0131na 15 mg etkin madde (v\u00fccut a\u011f\u0131rl\u0131\u011f\u0131 ba\u015f\u0131na 1 ml) olup, yava\u015f intraven\u00f6z enjeksiyon ile uygulanmal\u0131d\u0131r.<br \/>\nK\u00f6pekler ve Kediler: \u00d6nerilen doz, v\u00fccut a\u011f\u0131rl\u0131\u011f\u0131n\u0131n her kg&#8217;\u0131 ba\u015f\u0131na 30 mg etkin madde (v\u00fccut a\u011f\u0131rl\u0131\u011f\u0131 ba\u015f\u0131na 1 ml) olup yaln\u0131zca subkutan enjeksiyon ile uygulanmal\u0131d\u0131r.<br \/>\nK\u00f6peklerde \u00f6nerilen uygulama yeri, boynun \u00fcst k\u0131sm\u0131ndaki gev\u015fek deridir.<br \/>\nBasit durumlarda tek bir enjeksiyon yeterli olabilir, ancak \u015fiddetli enfeksiyonlarda, semptomlar ge\u00e7ene kadar her g\u00fcn 5 g\u00fcne kadar tekrar edilebilir.<\/p>\n<\/div>\n\t\t\t\t<\/div>\n\t\t\t\t\t\t\t<div class=\"elementor-toggle-item\">\n\t\t\t\t\t<div id=\"elementor-tab-title-1354\" class=\"elementor-tab-title\" data-tab=\"4\" role=\"button\" aria-controls=\"elementor-tab-content-1354\" aria-expanded=\"false\">\n\t\t\t\t\t\t\t\t\t\t\t\t<span class=\"elementor-toggle-icon elementor-toggle-icon-left\" aria-hidden=\"true\">\n\t\t\t\t\t\t\t\t\t\t\t\t\t\t\t<span class=\"elementor-toggle-icon-closed\"><svg class=\"e-font-icon-svg e-fas-caret-right\" viewBox=\"0 0 192 512\" xmlns=\"http:\/\/www.w3.org\/2000\/svg\"><path d=\"M0 384.662V127.338c0-17.818 21.543-26.741 34.142-14.142l128.662 128.662c7.81 7.81 7.81 20.474 0 28.284L34.142 398.804C21.543 411.404 0 402.48 0 384.662z\"><\/path><\/svg><\/span>\n\t\t\t\t\t\t\t\t<span class=\"elementor-toggle-icon-opened\"><svg class=\"elementor-toggle-icon-opened e-font-icon-svg e-fas-caret-up\" viewBox=\"0 0 320 512\" xmlns=\"http:\/\/www.w3.org\/2000\/svg\"><path d=\"M288.662 352H31.338c-17.818 0-26.741-21.543-14.142-34.142l128.662-128.662c7.81-7.81 20.474-7.81 28.284 0l128.662 128.662c12.6 12.599 3.676 34.142-14.142 34.142z\"><\/path><\/svg><\/span>\n\t\t\t\t\t\t\t\t\t\t\t\t\t<\/span>\n\t\t\t\t\t\t\t\t\t\t\t\t<a class=\"elementor-toggle-title\" tabindex=\"0\">\u00c7EKILME S\u00dcRESI:<\/a>\n\t\t\t\t\t<\/div>\n\n\t\t\t\t\t<div id=\"elementor-tab-content-1354\" class=\"elementor-tab-content elementor-clearfix\" data-tab=\"4\" role=\"region\" aria-labelledby=\"elementor-tab-title-1354\"><ul>\n<li>S\u0131\u011f\u0131rlar\u0131n s\u00fct\u00fc, son tedaviden 48 saat sonra insanlar i\u00e7in t\u00fcketilebilir.<\/li>\n<li>S\u0131\u011f\u0131rlar, son tedaviden 12 g\u00fcn sonra insanlar i\u00e7in kesilebilir.<\/li>\n<\/ul>\n<\/div>\n\t\t\t\t<\/div>\n\t\t\t\t\t\t\t<div class=\"elementor-toggle-item\">\n\t\t\t\t\t<div id=\"elementor-tab-title-1355\" class=\"elementor-tab-title\" data-tab=\"5\" role=\"button\" aria-controls=\"elementor-tab-content-1355\" aria-expanded=\"false\">\n\t\t\t\t\t\t\t\t\t\t\t\t<span class=\"elementor-toggle-icon elementor-toggle-icon-left\" aria-hidden=\"true\">\n\t\t\t\t\t\t\t\t\t\t\t\t\t\t\t<span class=\"elementor-toggle-icon-closed\"><svg class=\"e-font-icon-svg e-fas-caret-right\" viewBox=\"0 0 192 512\" xmlns=\"http:\/\/www.w3.org\/2000\/svg\"><path d=\"M0 384.662V127.338c0-17.818 21.543-26.741 34.142-14.142l128.662 128.662c7.81 7.81 7.81 20.474 0 28.284L34.142 398.804C21.543 411.404 0 402.48 0 384.662z\"><\/path><\/svg><\/span>\n\t\t\t\t\t\t\t\t<span class=\"elementor-toggle-icon-opened\"><svg class=\"elementor-toggle-icon-opened e-font-icon-svg e-fas-caret-up\" viewBox=\"0 0 320 512\" xmlns=\"http:\/\/www.w3.org\/2000\/svg\"><path d=\"M288.662 352H31.338c-17.818 0-26.741-21.543-14.142-34.142l128.662-128.662c7.81-7.81 20.474-7.81 28.284 0l128.662 128.662c12.6 12.599 3.676 34.142-14.142 34.142z\"><\/path><\/svg><\/span>\n\t\t\t\t\t\t\t\t\t\t\t\t\t<\/span>\n\t\t\t\t\t\t\t\t\t\t\t\t<a class=\"elementor-toggle-title\" tabindex=\"0\">SAKLAMA:<\/a>\n\t\t\t\t\t<\/div>\n\n\t\t\t\t\t<div id=\"elementor-tab-content-1355\" class=\"elementor-tab-content elementor-clearfix\" data-tab=\"5\" role=\"region\" aria-labelledby=\"elementor-tab-title-1355\"><p>30\u02daC&#8217;nin alt\u0131nda kuru ve karanl\u0131k bir yerde saklay\u0131n.<\/p>\n<\/div>\n\t\t\t\t<\/div>\n\t\t\t\t\t\t\t\t<\/div>\n\t\t\t\t\t\t<\/div>\n\t\t\t\t<\/div>\n\t\t\t\t\t<\/div>\n\t\t\t\t<\/div>\n\t\t\t\t<\/div>\n\t\t","protected":false},"excerpt":{"rendered":"<p>Bu kombinasyon, bakterilere kar\u015f\u0131 etkinli\u011fi art\u0131rmak i\u00e7in sinerjik bir \u015fekilde \u00e7al\u0131\u015fan iki antibiyotikten, s\u00fclfadiazin ve trimetoprimden olu\u015fur.<\/p>\n<p><strong>S\u00fclfadiazin:<\/strong> Bir s\u00fclfonamid antibiyotiktir.<br \/>\nBakteriyel h\u00fccrelerde folik asit \u00fcretimini inhibe ederek \u00e7al\u0131\u015f\u0131r; bu madde, bakterilerin \u00fcremesi ve b\u00fcy\u00fcmesi i\u00e7in gereklidir.<br \/>\nFolik asit olmadan, bakteriler b\u00fcy\u00fcyemez veya \u00fcreyemez.<\/p>\n<p><strong>Trimetoprim:<\/strong> Folik asit \u00fcretiminde de kullan\u0131lan dihidrofolat red\u00fcktaz ad\u0131 verilen bir enzimi inhibe ederek \u00e7al\u0131\u015fan bir antibiyotiktir. Bu enzim inhibe edildi\u011finde, folik asit \u00fcretimi daha da azal\u0131r ve bu, s\u00fclfadiazinin etkisini art\u0131r\u0131r.<\/p>\n<p>Bu bile\u015fim, idrar yolu enfeksiyonlar\u0131, solunum yolu enfeksiyonlar\u0131, kulak enfeksiyonlar\u0131, deri enfeksiyonlar\u0131 ve yaralar gibi \u00e7e\u015fitli enfeksiyonlar\u0131n tedavisinde yayg\u0131n olarak kullan\u0131l\u0131r.<br \/>\nS\u00fclfadiazin ve trimetoprim birlikte kullan\u0131ld\u0131\u011f\u0131nda, bakterilerdeki folat yolunda ikili bir etki g\u00f6sterir. Bu entegre etki, tedavinin etkinli\u011fini art\u0131r\u0131r ve bakterilerin antibiyotiklere kar\u015f\u0131 diren\u00e7 geli\u015ftirme olas\u0131l\u0131\u011f\u0131n\u0131 azalt\u0131r.<\/p>\n","protected":false},"featured_media":31392,"template":"","meta":[],"product_cat":[176,175],"product_tag":[],"class_list":{"0":"post-29622","1":"product","2":"type-product","3":"status-publish","4":"has-post-thumbnail","6":"product_cat-enjeksiyon","7":"product_cat-ruminantlar","9":"first","10":"instock","11":"shipping-taxable","12":"product-type-simple"},"yoast_head":"<!-- This site is optimized with the Yoast SEO plugin v24.1 - https:\/\/yoast.com\/wordpress\/plugins\/seo\/ -->\n<title>REGNOPRIM - regnovet<\/title>\n<meta name=\"robots\" content=\"index, follow, max-snippet:-1, max-image-preview:large, max-video-preview:-1\" \/>\n<link rel=\"canonical\" href=\"https:\/\/www.regnovet.com\/tr\/urun\/regnoprim\/\" \/>\n<meta property=\"og:locale\" content=\"tr_TR\" \/>\n<meta property=\"og:type\" content=\"article\" \/>\n<meta property=\"og:title\" content=\"REGNOPRIM - regnovet\" \/>\n<meta property=\"og:description\" content=\"Bu kombinasyon, bakterilere kar\u015f\u0131 etkinli\u011fi art\u0131rmak i\u00e7in sinerjik bir \u015fekilde \u00e7al\u0131\u015fan iki antibiyotikten, s\u00fclfadiazin ve trimetoprimden olu\u015fur.  S\u00fclfadiazin: Bir s\u00fclfonamid antibiyotiktir. Bakteriyel h\u00fccrelerde folik asit \u00fcretimini inhibe ederek \u00e7al\u0131\u015f\u0131r; bu madde, bakterilerin \u00fcremesi ve b\u00fcy\u00fcmesi i\u00e7in gereklidir. Folik asit olmadan, bakteriler b\u00fcy\u00fcyemez veya \u00fcreyemez.  Trimetoprim: Folik asit \u00fcretiminde de kullan\u0131lan dihidrofolat red\u00fcktaz ad\u0131 verilen bir enzimi inhibe ederek \u00e7al\u0131\u015fan bir antibiyotiktir. Bu enzim inhibe edildi\u011finde, folik asit \u00fcretimi daha da azal\u0131r ve bu, s\u00fclfadiazinin etkisini art\u0131r\u0131r.  Bu bile\u015fim, idrar yolu enfeksiyonlar\u0131, solunum yolu enfeksiyonlar\u0131, kulak enfeksiyonlar\u0131, deri enfeksiyonlar\u0131 ve yaralar gibi \u00e7e\u015fitli enfeksiyonlar\u0131n tedavisinde yayg\u0131n olarak kullan\u0131l\u0131r. S\u00fclfadiazin ve trimetoprim birlikte kullan\u0131ld\u0131\u011f\u0131nda, bakterilerdeki folat yolunda ikili bir etki g\u00f6sterir. Bu entegre etki, tedavinin etkinli\u011fini art\u0131r\u0131r ve bakterilerin antibiyotiklere kar\u015f\u0131 diren\u00e7 geli\u015ftirme olas\u0131l\u0131\u011f\u0131n\u0131 azalt\u0131r.\" \/>\n<meta property=\"og:url\" content=\"https:\/\/www.regnovet.com\/tr\/urun\/regnoprim\/\" \/>\n<meta property=\"og:site_name\" content=\"regnovet\" \/>\n<meta property=\"article:publisher\" content=\"https:\/\/www.facebook.com\/people\/RegnoVet\/61571321505220\/\" \/>\n<meta property=\"article:modified_time\" content=\"2025-02-15T11:21:23+00:00\" \/>\n<meta property=\"og:image\" content=\"https:\/\/www.regnovet.com\/wp-content\/uploads\/2024\/11\/regnoprim.jpg\" \/>\n\t<meta property=\"og:image:width\" content=\"700\" \/>\n\t<meta property=\"og:image:height\" content=\"700\" \/>\n\t<meta property=\"og:image:type\" content=\"image\/jpeg\" \/>\n<meta name=\"twitter:card\" content=\"summary_large_image\" \/>\n<meta name=\"twitter:label1\" content=\"Tahmini okuma s\u00fcresi\" \/>\n\t<meta name=\"twitter:data1\" content=\"2 dakika\" \/>\n<script type=\"application\/ld+json\" class=\"yoast-schema-graph\">{\"@context\":\"https:\/\/schema.org\",\"@graph\":[{\"@type\":\"WebPage\",\"@id\":\"https:\/\/www.regnovet.com\/tr\/urun\/regnoprim\/\",\"url\":\"https:\/\/www.regnovet.com\/tr\/urun\/regnoprim\/\",\"name\":\"REGNOPRIM - regnovet\",\"isPartOf\":{\"@id\":\"https:\/\/www.regnovet.com\/tr\/#website\"},\"primaryImageOfPage\":{\"@id\":\"https:\/\/www.regnovet.com\/tr\/urun\/regnoprim\/#primaryimage\"},\"image\":{\"@id\":\"https:\/\/www.regnovet.com\/tr\/urun\/regnoprim\/#primaryimage\"},\"thumbnailUrl\":\"https:\/\/www.regnovet.com\/wp-content\/uploads\/2024\/11\/regnoprim.jpg\",\"datePublished\":\"2024-11-06T13:21:10+00:00\",\"dateModified\":\"2025-02-15T11:21:23+00:00\",\"breadcrumb\":{\"@id\":\"https:\/\/www.regnovet.com\/tr\/urun\/regnoprim\/#breadcrumb\"},\"inLanguage\":\"tr\",\"potentialAction\":[{\"@type\":\"ReadAction\",\"target\":[\"https:\/\/www.regnovet.com\/tr\/urun\/regnoprim\/\"]}]},{\"@type\":\"ImageObject\",\"inLanguage\":\"tr\",\"@id\":\"https:\/\/www.regnovet.com\/tr\/urun\/regnoprim\/#primaryimage\",\"url\":\"https:\/\/www.regnovet.com\/wp-content\/uploads\/2024\/11\/regnoprim.jpg\",\"contentUrl\":\"https:\/\/www.regnovet.com\/wp-content\/uploads\/2024\/11\/regnoprim.jpg\",\"width\":700,\"height\":700},{\"@type\":\"BreadcrumbList\",\"@id\":\"https:\/\/www.regnovet.com\/tr\/urun\/regnoprim\/#breadcrumb\",\"itemListElement\":[{\"@type\":\"ListItem\",\"position\":1,\"name\":\"Home\",\"item\":\"https:\/\/www.regnovet.com\/tr\/\"},{\"@type\":\"ListItem\",\"position\":2,\"name\":\"\u00dcr\u00fcnler\",\"item\":\"https:\/\/www.regnovet.com\/products\/\"},{\"@type\":\"ListItem\",\"position\":3,\"name\":\"REGNOPRIM\"}]},{\"@type\":\"WebSite\",\"@id\":\"https:\/\/www.regnovet.com\/tr\/#website\",\"url\":\"https:\/\/www.regnovet.com\/tr\/\",\"name\":\"regnovet\",\"description\":\"\",\"publisher\":{\"@id\":\"https:\/\/www.regnovet.com\/tr\/#organization\"},\"potentialAction\":[{\"@type\":\"SearchAction\",\"target\":{\"@type\":\"EntryPoint\",\"urlTemplate\":\"https:\/\/www.regnovet.com\/tr\/?s={search_term_string}\"},\"query-input\":{\"@type\":\"PropertyValueSpecification\",\"valueRequired\":true,\"valueName\":\"search_term_string\"}}],\"inLanguage\":\"tr\"},{\"@type\":\"Organization\",\"@id\":\"https:\/\/www.regnovet.com\/tr\/#organization\",\"name\":\"regnovet\",\"url\":\"https:\/\/www.regnovet.com\/tr\/\",\"logo\":{\"@type\":\"ImageObject\",\"inLanguage\":\"tr\",\"@id\":\"https:\/\/www.regnovet.com\/tr\/#\/schema\/logo\/image\/\",\"url\":\"https:\/\/www.regnovet.com\/wp-content\/uploads\/2024\/09\/cropped-512.png\",\"contentUrl\":\"https:\/\/www.regnovet.com\/wp-content\/uploads\/2024\/09\/cropped-512.png\",\"width\":512,\"height\":512,\"caption\":\"regnovet\"},\"image\":{\"@id\":\"https:\/\/www.regnovet.com\/tr\/#\/schema\/logo\/image\/\"},\"sameAs\":[\"https:\/\/www.facebook.com\/people\/RegnoVet\/61571321505220\/\"]}]}<\/script>\n<!-- \/ Yoast SEO plugin. -->","yoast_head_json":{"title":"REGNOPRIM - regnovet","robots":{"index":"index","follow":"follow","max-snippet":"max-snippet:-1","max-image-preview":"max-image-preview:large","max-video-preview":"max-video-preview:-1"},"canonical":"https:\/\/www.regnovet.com\/tr\/urun\/regnoprim\/","og_locale":"tr_TR","og_type":"article","og_title":"REGNOPRIM - regnovet","og_description":"Bu kombinasyon, bakterilere kar\u015f\u0131 etkinli\u011fi art\u0131rmak i\u00e7in sinerjik bir \u015fekilde \u00e7al\u0131\u015fan iki antibiyotikten, s\u00fclfadiazin ve trimetoprimden olu\u015fur.  S\u00fclfadiazin: Bir s\u00fclfonamid antibiyotiktir. Bakteriyel h\u00fccrelerde folik asit \u00fcretimini inhibe ederek \u00e7al\u0131\u015f\u0131r; bu madde, bakterilerin \u00fcremesi ve b\u00fcy\u00fcmesi i\u00e7in gereklidir. Folik asit olmadan, bakteriler b\u00fcy\u00fcyemez veya \u00fcreyemez.  Trimetoprim: Folik asit \u00fcretiminde de kullan\u0131lan dihidrofolat red\u00fcktaz ad\u0131 verilen bir enzimi inhibe ederek \u00e7al\u0131\u015fan bir antibiyotiktir. Bu enzim inhibe edildi\u011finde, folik asit \u00fcretimi daha da azal\u0131r ve bu, s\u00fclfadiazinin etkisini art\u0131r\u0131r.  Bu bile\u015fim, idrar yolu enfeksiyonlar\u0131, solunum yolu enfeksiyonlar\u0131, kulak enfeksiyonlar\u0131, deri enfeksiyonlar\u0131 ve yaralar gibi \u00e7e\u015fitli enfeksiyonlar\u0131n tedavisinde yayg\u0131n olarak kullan\u0131l\u0131r. S\u00fclfadiazin ve trimetoprim birlikte kullan\u0131ld\u0131\u011f\u0131nda, bakterilerdeki folat yolunda ikili bir etki g\u00f6sterir. Bu entegre etki, tedavinin etkinli\u011fini art\u0131r\u0131r ve bakterilerin antibiyotiklere kar\u015f\u0131 diren\u00e7 geli\u015ftirme olas\u0131l\u0131\u011f\u0131n\u0131 azalt\u0131r.","og_url":"https:\/\/www.regnovet.com\/tr\/urun\/regnoprim\/","og_site_name":"regnovet","article_publisher":"https:\/\/www.facebook.com\/people\/RegnoVet\/61571321505220\/","article_modified_time":"2025-02-15T11:21:23+00:00","og_image":[{"width":700,"height":700,"url":"https:\/\/www.regnovet.com\/wp-content\/uploads\/2024\/11\/regnoprim.jpg","type":"image\/jpeg"}],"twitter_card":"summary_large_image","twitter_misc":{"Tahmini okuma s\u00fcresi":"2 dakika"},"schema":{"@context":"https:\/\/schema.org","@graph":[{"@type":"WebPage","@id":"https:\/\/www.regnovet.com\/tr\/urun\/regnoprim\/","url":"https:\/\/www.regnovet.com\/tr\/urun\/regnoprim\/","name":"REGNOPRIM - regnovet","isPartOf":{"@id":"https:\/\/www.regnovet.com\/tr\/#website"},"primaryImageOfPage":{"@id":"https:\/\/www.regnovet.com\/tr\/urun\/regnoprim\/#primaryimage"},"image":{"@id":"https:\/\/www.regnovet.com\/tr\/urun\/regnoprim\/#primaryimage"},"thumbnailUrl":"https:\/\/www.regnovet.com\/wp-content\/uploads\/2024\/11\/regnoprim.jpg","datePublished":"2024-11-06T13:21:10+00:00","dateModified":"2025-02-15T11:21:23+00:00","breadcrumb":{"@id":"https:\/\/www.regnovet.com\/tr\/urun\/regnoprim\/#breadcrumb"},"inLanguage":"tr","potentialAction":[{"@type":"ReadAction","target":["https:\/\/www.regnovet.com\/tr\/urun\/regnoprim\/"]}]},{"@type":"ImageObject","inLanguage":"tr","@id":"https:\/\/www.regnovet.com\/tr\/urun\/regnoprim\/#primaryimage","url":"https:\/\/www.regnovet.com\/wp-content\/uploads\/2024\/11\/regnoprim.jpg","contentUrl":"https:\/\/www.regnovet.com\/wp-content\/uploads\/2024\/11\/regnoprim.jpg","width":700,"height":700},{"@type":"BreadcrumbList","@id":"https:\/\/www.regnovet.com\/tr\/urun\/regnoprim\/#breadcrumb","itemListElement":[{"@type":"ListItem","position":1,"name":"Home","item":"https:\/\/www.regnovet.com\/tr\/"},{"@type":"ListItem","position":2,"name":"\u00dcr\u00fcnler","item":"https:\/\/www.regnovet.com\/products\/"},{"@type":"ListItem","position":3,"name":"REGNOPRIM"}]},{"@type":"WebSite","@id":"https:\/\/www.regnovet.com\/tr\/#website","url":"https:\/\/www.regnovet.com\/tr\/","name":"regnovet","description":"","publisher":{"@id":"https:\/\/www.regnovet.com\/tr\/#organization"},"potentialAction":[{"@type":"SearchAction","target":{"@type":"EntryPoint","urlTemplate":"https:\/\/www.regnovet.com\/tr\/?s={search_term_string}"},"query-input":{"@type":"PropertyValueSpecification","valueRequired":true,"valueName":"search_term_string"}}],"inLanguage":"tr"},{"@type":"Organization","@id":"https:\/\/www.regnovet.com\/tr\/#organization","name":"regnovet","url":"https:\/\/www.regnovet.com\/tr\/","logo":{"@type":"ImageObject","inLanguage":"tr","@id":"https:\/\/www.regnovet.com\/tr\/#\/schema\/logo\/image\/","url":"https:\/\/www.regnovet.com\/wp-content\/uploads\/2024\/09\/cropped-512.png","contentUrl":"https:\/\/www.regnovet.com\/wp-content\/uploads\/2024\/09\/cropped-512.png","width":512,"height":512,"caption":"regnovet"},"image":{"@id":"https:\/\/www.regnovet.com\/tr\/#\/schema\/logo\/image\/"},"sameAs":["https:\/\/www.facebook.com\/people\/RegnoVet\/61571321505220\/"]}]}},"_links":{"self":[{"href":"https:\/\/www.regnovet.com\/tr\/wp-json\/wp\/v2\/product\/29622","targetHints":{"allow":["GET"]}}],"collection":[{"href":"https:\/\/www.regnovet.com\/tr\/wp-json\/wp\/v2\/product"}],"about":[{"href":"https:\/\/www.regnovet.com\/tr\/wp-json\/wp\/v2\/types\/product"}],"version-history":[{"count":9,"href":"https:\/\/www.regnovet.com\/tr\/wp-json\/wp\/v2\/product\/29622\/revisions"}],"predecessor-version":[{"id":31455,"href":"https:\/\/www.regnovet.com\/tr\/wp-json\/wp\/v2\/product\/29622\/revisions\/31455"}],"wp:featuredmedia":[{"embeddable":true,"href":"https:\/\/www.regnovet.com\/tr\/wp-json\/wp\/v2\/media\/31392"}],"wp:attachment":[{"href":"https:\/\/www.regnovet.com\/tr\/wp-json\/wp\/v2\/media?parent=29622"}],"wp:term":[{"taxonomy":"product_cat","embeddable":true,"href":"https:\/\/www.regnovet.com\/tr\/wp-json\/wp\/v2\/product_cat?post=29622"},{"taxonomy":"product_tag","embeddable":true,"href":"https:\/\/www.regnovet.com\/tr\/wp-json\/wp\/v2\/product_tag?post=29622"}],"curies":[{"name":"wp","href":"https:\/\/api.w.org\/{rel}","templated":true}]}}