{"id":29625,"date":"2024-11-07T12:56:53","date_gmt":"2024-11-07T12:56:53","guid":{"rendered":"https:\/\/www.regnovet.com\/index.php\/product\/regnomix-broyler-25\/"},"modified":"2025-02-25T07:14:34","modified_gmt":"2025-02-25T07:14:34","slug":"regnomix-broyler-25","status":"publish","type":"product","link":"https:\/\/www.regnovet.com\/tr\/urun\/regnomix-broyler-25\/","title":{"rendered":"REGNOMIX Broyler %2,5"},"content":{"rendered":"\t\t<div data-elementor-type=\"wp-post\" data-elementor-id=\"29625\" class=\"elementor elementor-29625 elementor-28568\">\n\t\t\t\t<div class=\"wd-negative-gap elementor-element elementor-element-9edd08c e-flex e-con-boxed e-con e-parent\" data-id=\"9edd08c\" data-element_type=\"container\" data-e-type=\"container\">\n\t\t\t\t\t<div class=\"e-con-inner\">\n\t\t\t\t<div class=\"elementor-element elementor-element-810bc54 elementor-widget elementor-widget-toggle\" data-id=\"810bc54\" data-element_type=\"widget\" data-e-type=\"widget\" data-widget_type=\"toggle.default\">\n\t\t\t\t<div class=\"elementor-widget-container\">\n\t\t\t\t\t\t\t<div class=\"elementor-toggle\">\n\t\t\t\t\t\t\t<div class=\"elementor-toggle-item\">\n\t\t\t\t\t<div id=\"elementor-tab-title-1351\" class=\"elementor-tab-title\" data-tab=\"1\" role=\"button\" aria-controls=\"elementor-tab-content-1351\" aria-expanded=\"false\">\n\t\t\t\t\t\t\t\t\t\t\t\t<span class=\"elementor-toggle-icon elementor-toggle-icon-left\" aria-hidden=\"true\">\n\t\t\t\t\t\t\t\t\t\t\t\t\t\t\t<span class=\"elementor-toggle-icon-closed\"><svg class=\"e-font-icon-svg e-fas-caret-right\" viewBox=\"0 0 192 512\" xmlns=\"http:\/\/www.w3.org\/2000\/svg\"><path d=\"M0 384.662V127.338c0-17.818 21.543-26.741 34.142-14.142l128.662 128.662c7.81 7.81 7.81 20.474 0 28.284L34.142 398.804C21.543 411.404 0 402.48 0 384.662z\"><\/path><\/svg><\/span>\n\t\t\t\t\t\t\t\t<span class=\"elementor-toggle-icon-opened\"><svg class=\"elementor-toggle-icon-opened e-font-icon-svg e-fas-caret-up\" viewBox=\"0 0 320 512\" xmlns=\"http:\/\/www.w3.org\/2000\/svg\"><path d=\"M288.662 352H31.338c-17.818 0-26.741-21.543-14.142-34.142l128.662-128.662c7.81-7.81 20.474-7.81 28.284 0l128.662 128.662c12.6 12.599 3.676 34.142-14.142 34.142z\"><\/path><\/svg><\/span>\n\t\t\t\t\t\t\t\t\t\t\t\t\t<\/span>\n\t\t\t\t\t\t\t\t\t\t\t\t<a class=\"elementor-toggle-title\" tabindex=\"0\">Kg BA\u015eINA B\u0130LE\u015e\u0130M<\/a>\n\t\t\t\t\t<\/div>\n\n\t\t\t\t\t<div id=\"elementor-tab-content-1351\" class=\"elementor-tab-content elementor-clearfix\" data-tab=\"1\" role=\"region\" aria-labelledby=\"elementor-tab-title-1351\"><p>A Vitamini 400.000IU<br \/>Vitamin D3100.000IU<br \/>E Vitamini1.000 mg<br \/>K3 Vitamini 120 mg<br \/>B1 Vitamini 100 mg<br \/>B2 Vitamini 240 mg<br \/>B6 Vitamini 160 mg<br \/>B12 Vitamini 1.000 mcg<br \/>Niasin 1.600 mg<br \/>Kalsiyum D-pantotenat 400 mg<br \/>Folik asit 58 mg<br \/>Biotin 5000 mcg<br \/>Kolin 22.000 mg<br \/>Demir 2.400 mg<br \/>\u0130yot 50 mg<br \/>Bak\u0131r 400 mg<br \/>Manganez 4.000 mg<br \/>\u00c7inko 3.450 mg<br \/>Selenyum 4.500 mcg<br \/>DL-Metiyonin %4,00<br \/>L-Lizin %1,50<br \/>Fosfor %4,40<br \/>Kalsiyum %23,00<br \/>Sodyum %4,77<br \/>Sitrik asit 50 mg<br \/>Kalsiyum propiyonat 1.000 mg<br \/>BHA 130 mg<br \/>BHT 160 mg<br \/>Propil gallat 80 mg<br \/>Bentonit 23.500 mg<br \/>Klinoptioliet 290 mg<br \/>Sepiyolit 540 mg<br \/>Natrolit-fonolit 10.500 mg<br \/>6-Fitaz 50.000 FYT<\/p>\n<\/div>\n\t\t\t\t<\/div>\n\t\t\t\t\t\t\t\t<\/div>\n\t\t\t\t\t\t<\/div>\n\t\t\t\t<\/div>\n\t\t\t\t\t<\/div>\n\t\t\t\t<\/div>\n\t\t\t\t<\/div>\n\t\t","protected":false},"excerpt":{"rendered":"<p>Broyler Tavuklar \u0130\u00e7in Premix, kanatl\u0131lar\u0131n b\u00fcy\u00fcmesini ve sa\u011fl\u0131\u011f\u0131n\u0131 \u00f6nemli \u00f6l\u00e7\u00fcde art\u0131ran temel besin maddelerinin kapsaml\u0131 bir kar\u0131\u015f\u0131m\u0131d\u0131r. Bu premix, broyler tavuklar\u0131n farkl\u0131 b\u00fcy\u00fcme a\u015famalar\u0131ndaki beslenme ihtiya\u00e7lar\u0131n\u0131 kar\u015f\u0131lamak \u00fczere \u00f6zenle tasarlanm\u0131\u015f olup, b\u00fcy\u00fcme verimlili\u011fini optimize etmeye ve enerji da\u011f\u0131l\u0131m\u0131n\u0131 art\u0131rmaya yard\u0131mc\u0131 olan vitaminler, mineraller, amino asitler ve enzimler i\u00e7erir.<\/p>\n<p>Bu premix, yem d\u00f6n\u00fc\u015f\u00fcm oranlar\u0131n\u0131 iyile\u015ftirmenin anahtar\u0131d\u0131r ve daha h\u0131zl\u0131 ve etkili bir \u015fekilde kilo al\u0131m\u0131n\u0131 sa\u011flar. Ayr\u0131ca ba\u011f\u0131\u015f\u0131kl\u0131k sistemini g\u00fc\u00e7lendirir, hastal\u0131k risklerini azalt\u0131r ve sindirim sa\u011fl\u0131\u011f\u0131n\u0131 iyile\u015ftirir. Dengeli form\u00fclasyonu sayesinde, broyler premiksi ku\u015fun genel performans\u0131n\u0131 art\u0131r\u0131r ve yemden maksimum besin kullan\u0131m\u0131 sa\u011flar.<\/p>\n<p>Bu premix&#8217;i yemle kullanmak, yeti\u015ftirme d\u00f6neminde maksimum fayda sa\u011flamaya yard\u0131mc\u0131 olur, verimlili\u011fi art\u0131r\u0131r ve maliyetleri d\u00fc\u015f\u00fcr\u00fcr. Y\u00fcksek etkinli\u011fi ile, bu premix, et kalitesini art\u0131rmak ve verimlili\u011fi verimli bir \u015fekilde art\u0131rmak isteyen \u00e7ift\u00e7iler i\u00e7in ideal bir tercihtir.<\/p>\n","protected":false},"featured_media":31841,"template":"","meta":[],"product_cat":[180],"product_tag":[],"class_list":{"0":"post-29625","1":"product","2":"type-product","3":"status-publish","4":"has-post-thumbnail","6":"product_cat-premix-tr","8":"first","9":"instock","10":"shipping-taxable","11":"product-type-simple"},"yoast_head":"<!-- This site is optimized with the Yoast SEO plugin v24.1 - https:\/\/yoast.com\/wordpress\/plugins\/seo\/ -->\n<title>REGNOMIX Broyler %2,5 - regnovet<\/title>\n<meta name=\"robots\" content=\"index, follow, max-snippet:-1, max-image-preview:large, max-video-preview:-1\" \/>\n<link rel=\"canonical\" href=\"https:\/\/www.regnovet.com\/tr\/urun\/regnomix-broyler-25\/\" \/>\n<meta property=\"og:locale\" content=\"tr_TR\" \/>\n<meta property=\"og:type\" content=\"article\" \/>\n<meta property=\"og:title\" content=\"REGNOMIX Broyler %2,5 - regnovet\" \/>\n<meta property=\"og:description\" content=\"Broyler Tavuklar \u0130\u00e7in Premix, kanatl\u0131lar\u0131n b\u00fcy\u00fcmesini ve sa\u011fl\u0131\u011f\u0131n\u0131 \u00f6nemli \u00f6l\u00e7\u00fcde art\u0131ran temel besin maddelerinin kapsaml\u0131 bir kar\u0131\u015f\u0131m\u0131d\u0131r. Bu premix, broyler tavuklar\u0131n farkl\u0131 b\u00fcy\u00fcme a\u015famalar\u0131ndaki beslenme ihtiya\u00e7lar\u0131n\u0131 kar\u015f\u0131lamak \u00fczere \u00f6zenle tasarlanm\u0131\u015f olup, b\u00fcy\u00fcme verimlili\u011fini optimize etmeye ve enerji da\u011f\u0131l\u0131m\u0131n\u0131 art\u0131rmaya yard\u0131mc\u0131 olan vitaminler, mineraller, amino asitler ve enzimler i\u00e7erir.  Bu premix, yem d\u00f6n\u00fc\u015f\u00fcm oranlar\u0131n\u0131 iyile\u015ftirmenin anahtar\u0131d\u0131r ve daha h\u0131zl\u0131 ve etkili bir \u015fekilde kilo al\u0131m\u0131n\u0131 sa\u011flar. Ayr\u0131ca ba\u011f\u0131\u015f\u0131kl\u0131k sistemini g\u00fc\u00e7lendirir, hastal\u0131k risklerini azalt\u0131r ve sindirim sa\u011fl\u0131\u011f\u0131n\u0131 iyile\u015ftirir. Dengeli form\u00fclasyonu sayesinde, broyler premiksi ku\u015fun genel performans\u0131n\u0131 art\u0131r\u0131r ve yemden maksimum besin kullan\u0131m\u0131 sa\u011flar.  Bu premix&#039;i yemle kullanmak, yeti\u015ftirme d\u00f6neminde maksimum fayda sa\u011flamaya yard\u0131mc\u0131 olur, verimlili\u011fi art\u0131r\u0131r ve maliyetleri d\u00fc\u015f\u00fcr\u00fcr. Y\u00fcksek etkinli\u011fi ile, bu premix, et kalitesini art\u0131rmak ve verimlili\u011fi verimli bir \u015fekilde art\u0131rmak isteyen \u00e7ift\u00e7iler i\u00e7in ideal bir tercihtir.\" \/>\n<meta property=\"og:url\" content=\"https:\/\/www.regnovet.com\/tr\/urun\/regnomix-broyler-25\/\" \/>\n<meta property=\"og:site_name\" content=\"regnovet\" \/>\n<meta property=\"article:publisher\" content=\"https:\/\/www.facebook.com\/people\/RegnoVet\/61571321505220\/\" \/>\n<meta property=\"article:modified_time\" content=\"2025-02-25T07:14:34+00:00\" \/>\n<meta property=\"og:image\" content=\"https:\/\/www.regnovet.com\/wp-content\/uploads\/2024\/11\/Broiler-253.jpg\" \/>\n\t<meta property=\"og:image:width\" content=\"700\" \/>\n\t<meta property=\"og:image:height\" content=\"700\" \/>\n\t<meta property=\"og:image:type\" content=\"image\/jpeg\" \/>\n<meta name=\"twitter:card\" content=\"summary_large_image\" \/>\n<script type=\"application\/ld+json\" class=\"yoast-schema-graph\">{\"@context\":\"https:\/\/schema.org\",\"@graph\":[{\"@type\":\"WebPage\",\"@id\":\"https:\/\/www.regnovet.com\/tr\/urun\/regnomix-broyler-25\/\",\"url\":\"https:\/\/www.regnovet.com\/tr\/urun\/regnomix-broyler-25\/\",\"name\":\"REGNOMIX Broyler %2,5 - regnovet\",\"isPartOf\":{\"@id\":\"https:\/\/www.regnovet.com\/tr\/#website\"},\"primaryImageOfPage\":{\"@id\":\"https:\/\/www.regnovet.com\/tr\/urun\/regnomix-broyler-25\/#primaryimage\"},\"image\":{\"@id\":\"https:\/\/www.regnovet.com\/tr\/urun\/regnomix-broyler-25\/#primaryimage\"},\"thumbnailUrl\":\"https:\/\/www.regnovet.com\/wp-content\/uploads\/2024\/11\/Broiler-3.jpg\",\"datePublished\":\"2024-11-07T12:56:53+00:00\",\"dateModified\":\"2025-02-25T07:14:34+00:00\",\"breadcrumb\":{\"@id\":\"https:\/\/www.regnovet.com\/tr\/urun\/regnomix-broyler-25\/#breadcrumb\"},\"inLanguage\":\"tr\",\"potentialAction\":[{\"@type\":\"ReadAction\",\"target\":[\"https:\/\/www.regnovet.com\/tr\/urun\/regnomix-broyler-25\/\"]}]},{\"@type\":\"ImageObject\",\"inLanguage\":\"tr\",\"@id\":\"https:\/\/www.regnovet.com\/tr\/urun\/regnomix-broyler-25\/#primaryimage\",\"url\":\"https:\/\/www.regnovet.com\/wp-content\/uploads\/2024\/11\/Broiler-3.jpg\",\"contentUrl\":\"https:\/\/www.regnovet.com\/wp-content\/uploads\/2024\/11\/Broiler-3.jpg\",\"width\":700,\"height\":700},{\"@type\":\"BreadcrumbList\",\"@id\":\"https:\/\/www.regnovet.com\/tr\/urun\/regnomix-broyler-25\/#breadcrumb\",\"itemListElement\":[{\"@type\":\"ListItem\",\"position\":1,\"name\":\"Home\",\"item\":\"https:\/\/www.regnovet.com\/tr\/\"},{\"@type\":\"ListItem\",\"position\":2,\"name\":\"\u00dcr\u00fcnler\",\"item\":\"https:\/\/www.regnovet.com\/products\/\"},{\"@type\":\"ListItem\",\"position\":3,\"name\":\"REGNOMIX Broyler %2,5\"}]},{\"@type\":\"WebSite\",\"@id\":\"https:\/\/www.regnovet.com\/tr\/#website\",\"url\":\"https:\/\/www.regnovet.com\/tr\/\",\"name\":\"regnovet\",\"description\":\"\",\"publisher\":{\"@id\":\"https:\/\/www.regnovet.com\/tr\/#organization\"},\"potentialAction\":[{\"@type\":\"SearchAction\",\"target\":{\"@type\":\"EntryPoint\",\"urlTemplate\":\"https:\/\/www.regnovet.com\/tr\/?s={search_term_string}\"},\"query-input\":{\"@type\":\"PropertyValueSpecification\",\"valueRequired\":true,\"valueName\":\"search_term_string\"}}],\"inLanguage\":\"tr\"},{\"@type\":\"Organization\",\"@id\":\"https:\/\/www.regnovet.com\/tr\/#organization\",\"name\":\"regnovet\",\"url\":\"https:\/\/www.regnovet.com\/tr\/\",\"logo\":{\"@type\":\"ImageObject\",\"inLanguage\":\"tr\",\"@id\":\"https:\/\/www.regnovet.com\/tr\/#\/schema\/logo\/image\/\",\"url\":\"https:\/\/www.regnovet.com\/wp-content\/uploads\/2024\/09\/cropped-512.png\",\"contentUrl\":\"https:\/\/www.regnovet.com\/wp-content\/uploads\/2024\/09\/cropped-512.png\",\"width\":512,\"height\":512,\"caption\":\"regnovet\"},\"image\":{\"@id\":\"https:\/\/www.regnovet.com\/tr\/#\/schema\/logo\/image\/\"},\"sameAs\":[\"https:\/\/www.facebook.com\/people\/RegnoVet\/61571321505220\/\"]}]}<\/script>\n<!-- \/ Yoast SEO plugin. -->","yoast_head_json":{"title":"REGNOMIX Broyler %2,5 - regnovet","robots":{"index":"index","follow":"follow","max-snippet":"max-snippet:-1","max-image-preview":"max-image-preview:large","max-video-preview":"max-video-preview:-1"},"canonical":"https:\/\/www.regnovet.com\/tr\/urun\/regnomix-broyler-25\/","og_locale":"tr_TR","og_type":"article","og_title":"REGNOMIX Broyler %2,5 - regnovet","og_description":"Broyler Tavuklar \u0130\u00e7in Premix, kanatl\u0131lar\u0131n b\u00fcy\u00fcmesini ve sa\u011fl\u0131\u011f\u0131n\u0131 \u00f6nemli \u00f6l\u00e7\u00fcde art\u0131ran temel besin maddelerinin kapsaml\u0131 bir kar\u0131\u015f\u0131m\u0131d\u0131r. Bu premix, broyler tavuklar\u0131n farkl\u0131 b\u00fcy\u00fcme a\u015famalar\u0131ndaki beslenme ihtiya\u00e7lar\u0131n\u0131 kar\u015f\u0131lamak \u00fczere \u00f6zenle tasarlanm\u0131\u015f olup, b\u00fcy\u00fcme verimlili\u011fini optimize etmeye ve enerji da\u011f\u0131l\u0131m\u0131n\u0131 art\u0131rmaya yard\u0131mc\u0131 olan vitaminler, mineraller, amino asitler ve enzimler i\u00e7erir.  Bu premix, yem d\u00f6n\u00fc\u015f\u00fcm oranlar\u0131n\u0131 iyile\u015ftirmenin anahtar\u0131d\u0131r ve daha h\u0131zl\u0131 ve etkili bir \u015fekilde kilo al\u0131m\u0131n\u0131 sa\u011flar. Ayr\u0131ca ba\u011f\u0131\u015f\u0131kl\u0131k sistemini g\u00fc\u00e7lendirir, hastal\u0131k risklerini azalt\u0131r ve sindirim sa\u011fl\u0131\u011f\u0131n\u0131 iyile\u015ftirir. Dengeli form\u00fclasyonu sayesinde, broyler premiksi ku\u015fun genel performans\u0131n\u0131 art\u0131r\u0131r ve yemden maksimum besin kullan\u0131m\u0131 sa\u011flar.  Bu premix'i yemle kullanmak, yeti\u015ftirme d\u00f6neminde maksimum fayda sa\u011flamaya yard\u0131mc\u0131 olur, verimlili\u011fi art\u0131r\u0131r ve maliyetleri d\u00fc\u015f\u00fcr\u00fcr. Y\u00fcksek etkinli\u011fi ile, bu premix, et kalitesini art\u0131rmak ve verimlili\u011fi verimli bir \u015fekilde art\u0131rmak isteyen \u00e7ift\u00e7iler i\u00e7in ideal bir tercihtir.","og_url":"https:\/\/www.regnovet.com\/tr\/urun\/regnomix-broyler-25\/","og_site_name":"regnovet","article_publisher":"https:\/\/www.facebook.com\/people\/RegnoVet\/61571321505220\/","article_modified_time":"2025-02-25T07:14:34+00:00","og_image":[{"width":700,"height":700,"url":"https:\/\/www.regnovet.com\/wp-content\/uploads\/2024\/11\/Broiler-253.jpg","type":"image\/jpeg"}],"twitter_card":"summary_large_image","schema":{"@context":"https:\/\/schema.org","@graph":[{"@type":"WebPage","@id":"https:\/\/www.regnovet.com\/tr\/urun\/regnomix-broyler-25\/","url":"https:\/\/www.regnovet.com\/tr\/urun\/regnomix-broyler-25\/","name":"REGNOMIX Broyler %2,5 - regnovet","isPartOf":{"@id":"https:\/\/www.regnovet.com\/tr\/#website"},"primaryImageOfPage":{"@id":"https:\/\/www.regnovet.com\/tr\/urun\/regnomix-broyler-25\/#primaryimage"},"image":{"@id":"https:\/\/www.regnovet.com\/tr\/urun\/regnomix-broyler-25\/#primaryimage"},"thumbnailUrl":"https:\/\/www.regnovet.com\/wp-content\/uploads\/2024\/11\/Broiler-3.jpg","datePublished":"2024-11-07T12:56:53+00:00","dateModified":"2025-02-25T07:14:34+00:00","breadcrumb":{"@id":"https:\/\/www.regnovet.com\/tr\/urun\/regnomix-broyler-25\/#breadcrumb"},"inLanguage":"tr","potentialAction":[{"@type":"ReadAction","target":["https:\/\/www.regnovet.com\/tr\/urun\/regnomix-broyler-25\/"]}]},{"@type":"ImageObject","inLanguage":"tr","@id":"https:\/\/www.regnovet.com\/tr\/urun\/regnomix-broyler-25\/#primaryimage","url":"https:\/\/www.regnovet.com\/wp-content\/uploads\/2024\/11\/Broiler-3.jpg","contentUrl":"https:\/\/www.regnovet.com\/wp-content\/uploads\/2024\/11\/Broiler-3.jpg","width":700,"height":700},{"@type":"BreadcrumbList","@id":"https:\/\/www.regnovet.com\/tr\/urun\/regnomix-broyler-25\/#breadcrumb","itemListElement":[{"@type":"ListItem","position":1,"name":"Home","item":"https:\/\/www.regnovet.com\/tr\/"},{"@type":"ListItem","position":2,"name":"\u00dcr\u00fcnler","item":"https:\/\/www.regnovet.com\/products\/"},{"@type":"ListItem","position":3,"name":"REGNOMIX Broyler %2,5"}]},{"@type":"WebSite","@id":"https:\/\/www.regnovet.com\/tr\/#website","url":"https:\/\/www.regnovet.com\/tr\/","name":"regnovet","description":"","publisher":{"@id":"https:\/\/www.regnovet.com\/tr\/#organization"},"potentialAction":[{"@type":"SearchAction","target":{"@type":"EntryPoint","urlTemplate":"https:\/\/www.regnovet.com\/tr\/?s={search_term_string}"},"query-input":{"@type":"PropertyValueSpecification","valueRequired":true,"valueName":"search_term_string"}}],"inLanguage":"tr"},{"@type":"Organization","@id":"https:\/\/www.regnovet.com\/tr\/#organization","name":"regnovet","url":"https:\/\/www.regnovet.com\/tr\/","logo":{"@type":"ImageObject","inLanguage":"tr","@id":"https:\/\/www.regnovet.com\/tr\/#\/schema\/logo\/image\/","url":"https:\/\/www.regnovet.com\/wp-content\/uploads\/2024\/09\/cropped-512.png","contentUrl":"https:\/\/www.regnovet.com\/wp-content\/uploads\/2024\/09\/cropped-512.png","width":512,"height":512,"caption":"regnovet"},"image":{"@id":"https:\/\/www.regnovet.com\/tr\/#\/schema\/logo\/image\/"},"sameAs":["https:\/\/www.facebook.com\/people\/RegnoVet\/61571321505220\/"]}]}},"_links":{"self":[{"href":"https:\/\/www.regnovet.com\/tr\/wp-json\/wp\/v2\/product\/29625","targetHints":{"allow":["GET"]}}],"collection":[{"href":"https:\/\/www.regnovet.com\/tr\/wp-json\/wp\/v2\/product"}],"about":[{"href":"https:\/\/www.regnovet.com\/tr\/wp-json\/wp\/v2\/types\/product"}],"version-history":[{"count":4,"href":"https:\/\/www.regnovet.com\/tr\/wp-json\/wp\/v2\/product\/29625\/revisions"}],"predecessor-version":[{"id":31582,"href":"https:\/\/www.regnovet.com\/tr\/wp-json\/wp\/v2\/product\/29625\/revisions\/31582"}],"wp:featuredmedia":[{"embeddable":true,"href":"https:\/\/www.regnovet.com\/tr\/wp-json\/wp\/v2\/media\/31841"}],"wp:attachment":[{"href":"https:\/\/www.regnovet.com\/tr\/wp-json\/wp\/v2\/media?parent=29625"}],"wp:term":[{"taxonomy":"product_cat","embeddable":true,"href":"https:\/\/www.regnovet.com\/tr\/wp-json\/wp\/v2\/product_cat?post=29625"},{"taxonomy":"product_tag","embeddable":true,"href":"https:\/\/www.regnovet.com\/tr\/wp-json\/wp\/v2\/product_tag?post=29625"}],"curies":[{"name":"wp","href":"https:\/\/api.w.org\/{rel}","templated":true}]}}