{"id":29633,"date":"2024-11-07T13:25:51","date_gmt":"2024-11-07T13:25:51","guid":{"rendered":"https:\/\/www.regnovet.com\/index.php\/product\/regnomix-katman-25\/"},"modified":"2025-02-25T07:11:33","modified_gmt":"2025-02-25T07:11:33","slug":"regnomix-katman-25","status":"publish","type":"product","link":"https:\/\/www.regnovet.com\/tr\/urun\/regnomix-katman-25\/","title":{"rendered":"REGNOMIX Katman %2,5"},"content":{"rendered":"\t\t<div data-elementor-type=\"wp-post\" data-elementor-id=\"29633\" class=\"elementor elementor-29633 elementor-28583\">\n\t\t\t\t<div class=\"wd-negative-gap elementor-element elementor-element-9edd08c e-flex e-con-boxed e-con e-parent\" data-id=\"9edd08c\" data-element_type=\"container\" data-e-type=\"container\">\n\t\t\t\t\t<div class=\"e-con-inner\">\n\t\t\t\t<div class=\"elementor-element elementor-element-810bc54 elementor-widget elementor-widget-toggle\" data-id=\"810bc54\" data-element_type=\"widget\" data-e-type=\"widget\" data-widget_type=\"toggle.default\">\n\t\t\t\t<div class=\"elementor-widget-container\">\n\t\t\t\t\t\t\t<div class=\"elementor-toggle\">\n\t\t\t\t\t\t\t<div class=\"elementor-toggle-item\">\n\t\t\t\t\t<div id=\"elementor-tab-title-1351\" class=\"elementor-tab-title\" data-tab=\"1\" role=\"button\" aria-controls=\"elementor-tab-content-1351\" aria-expanded=\"false\">\n\t\t\t\t\t\t\t\t\t\t\t\t<span class=\"elementor-toggle-icon elementor-toggle-icon-left\" aria-hidden=\"true\">\n\t\t\t\t\t\t\t\t\t\t\t\t\t\t\t<span class=\"elementor-toggle-icon-closed\"><svg class=\"e-font-icon-svg e-fas-caret-right\" viewBox=\"0 0 192 512\" xmlns=\"http:\/\/www.w3.org\/2000\/svg\"><path d=\"M0 384.662V127.338c0-17.818 21.543-26.741 34.142-14.142l128.662 128.662c7.81 7.81 7.81 20.474 0 28.284L34.142 398.804C21.543 411.404 0 402.48 0 384.662z\"><\/path><\/svg><\/span>\n\t\t\t\t\t\t\t\t<span class=\"elementor-toggle-icon-opened\"><svg class=\"elementor-toggle-icon-opened e-font-icon-svg e-fas-caret-up\" viewBox=\"0 0 320 512\" xmlns=\"http:\/\/www.w3.org\/2000\/svg\"><path d=\"M288.662 352H31.338c-17.818 0-26.741-21.543-14.142-34.142l128.662-128.662c7.81-7.81 20.474-7.81 28.284 0l128.662 128.662c12.6 12.599 3.676 34.142-14.142 34.142z\"><\/path><\/svg><\/span>\n\t\t\t\t\t\t\t\t\t\t\t\t\t<\/span>\n\t\t\t\t\t\t\t\t\t\t\t\t<a class=\"elementor-toggle-title\" tabindex=\"0\">Kg BA\u015eINA B\u0130LE\u015e\u0130M<\/a>\n\t\t\t\t\t<\/div>\n\n\t\t\t\t\t<div id=\"elementor-tab-content-1351\" class=\"elementor-tab-content elementor-clearfix\" data-tab=\"1\" role=\"region\" aria-labelledby=\"elementor-tab-title-1351\"><p>A Vitamini 400.000 IU<br \/>D3 Vitamini 100.000 IU<br \/>E Vitamini 1.000 mg<br \/>K3 Vitamini 120 mg<br \/>B1 Vitamini 100 mg<br \/>B2 Vitamini 240 mg<br \/>B6 Vitamini 160 mg<br \/>B12 Vitamini 1.000 mcg<br \/>Niasin 1.600 mg<br \/>Kalsiyum D-pantotenat 400 mg<br \/>Folik asit 58 mg<br \/>Biotin 5000 mcg<br \/>Kolin 22.000 mg<br \/>Demir 2.400 mg<br \/>\u0130yot 50 mg<br \/>Bak\u0131r 400 mg<br \/>Manganez 4.000 mg<br \/>\u00c7inko 3.450 mg<br \/>Selenyum 4.500 mcg<br \/>DL-Metiyonin %4,00<br \/>L-Lizin %1,50<br \/>Fosfor %4,40<br \/>Kalsiyum %23,00<br \/>Sodyum %4,77<br \/>Sitrik asit 50 mg<br \/>Kalsiyum propiyonat 1.000 mg<br \/>BHA 130 mg<br \/>BHT 160 mg<br \/>Propil gallat 80 mg<br \/>Bentonit 23.500 mg<br \/>Klinoptioliet 290 mg<br \/>Sepiyolit 540 mg<br \/>Natrolit-fonolit 10.500 mg<br \/>6-Fitaz 50.000 FYT<\/p>\n<\/div>\n\t\t\t\t<\/div>\n\t\t\t\t\t\t\t\t<\/div>\n\t\t\t\t\t\t<\/div>\n\t\t\t\t<\/div>\n\t\t\t\t\t<\/div>\n\t\t\t\t<\/div>\n\t\t\t\t<\/div>\n\t\t","protected":false},"excerpt":{"rendered":"<p>Yumurtlama tavu\u011funun sa\u011fl\u0131\u011f\u0131n\u0131 ve verimlili\u011fini desteklemek i\u00e7in \u00f6zel olarak form\u00fcle edilmi\u015ftir. Y\u00fcksek kaliteli yumurtalar ve g\u00fc\u00e7l\u00fc, sa\u011fl\u0131kl\u0131 tavuklar sa\u011flamak i\u00e7in tasarlanm\u0131\u015ft\u0131r. Bu premiks, hayati vitaminler, mineraller ve amino asitlerle doludur, yem verimlili\u011fini optimize eder, yumurta \u00fcretimini art\u0131r\u0131r ve genel sa\u011fl\u0131\u011f\u0131 te\u015fvik eder.<\/p>\n<p>Mevcut yeminize kolayca eklenebilmesi i\u00e7in tasarlanm\u0131\u015f olan bu premiks, yumurta kabuklar\u0131n\u0131 g\u00fc\u00e7lendirmeye, yumurta sar\u0131s\u0131n\u0131n rengini iyile\u015ftirmeye ve kalsiyum eksikli\u011fi gibi sa\u011fl\u0131k sorunlar\u0131n\u0131 azaltmaya yard\u0131mc\u0131 olur. \u0130ster yumurta i\u00e7in ister ticari \u00fcretim i\u00e7in tavuk yeti\u015ftiriyor olun, Yumurta Tavu\u011fu Premiksi, s\u00fcr\u00fcn\u00fcz i\u00e7in maksimum verimlilik ve beslenme dengesi sa\u011flamak i\u00e7in ideal bir \u00e7\u00f6z\u00fcmd\u00fcr.<\/p>\n<p>&nbsp;<\/p>\n","protected":false},"featured_media":31838,"template":"","meta":[],"product_cat":[180],"product_tag":[],"class_list":{"0":"post-29633","1":"product","2":"type-product","3":"status-publish","4":"has-post-thumbnail","6":"product_cat-premix-tr","8":"first","9":"instock","10":"shipping-taxable","11":"product-type-simple"},"yoast_head":"<!-- This site is optimized with the Yoast SEO plugin v24.1 - https:\/\/yoast.com\/wordpress\/plugins\/seo\/ -->\n<title>REGNOMIX Katman %2,5 - regnovet<\/title>\n<meta name=\"robots\" content=\"index, follow, max-snippet:-1, max-image-preview:large, max-video-preview:-1\" \/>\n<link rel=\"canonical\" href=\"https:\/\/www.regnovet.com\/tr\/urun\/regnomix-katman-25\/\" \/>\n<meta property=\"og:locale\" content=\"tr_TR\" \/>\n<meta property=\"og:type\" content=\"article\" \/>\n<meta property=\"og:title\" content=\"REGNOMIX Katman %2,5 - regnovet\" \/>\n<meta property=\"og:description\" content=\"Yumurtlama tavu\u011funun sa\u011fl\u0131\u011f\u0131n\u0131 ve verimlili\u011fini desteklemek i\u00e7in \u00f6zel olarak form\u00fcle edilmi\u015ftir. Y\u00fcksek kaliteli yumurtalar ve g\u00fc\u00e7l\u00fc, sa\u011fl\u0131kl\u0131 tavuklar sa\u011flamak i\u00e7in tasarlanm\u0131\u015ft\u0131r. Bu premiks, hayati vitaminler, mineraller ve amino asitlerle doludur, yem verimlili\u011fini optimize eder, yumurta \u00fcretimini art\u0131r\u0131r ve genel sa\u011fl\u0131\u011f\u0131 te\u015fvik eder.  Mevcut yeminize kolayca eklenebilmesi i\u00e7in tasarlanm\u0131\u015f olan bu premiks, yumurta kabuklar\u0131n\u0131 g\u00fc\u00e7lendirmeye, yumurta sar\u0131s\u0131n\u0131n rengini iyile\u015ftirmeye ve kalsiyum eksikli\u011fi gibi sa\u011fl\u0131k sorunlar\u0131n\u0131 azaltmaya yard\u0131mc\u0131 olur. \u0130ster yumurta i\u00e7in ister ticari \u00fcretim i\u00e7in tavuk yeti\u015ftiriyor olun, Yumurta Tavu\u011fu Premiksi, s\u00fcr\u00fcn\u00fcz i\u00e7in maksimum verimlilik ve beslenme dengesi sa\u011flamak i\u00e7in ideal bir \u00e7\u00f6z\u00fcmd\u00fcr.  &nbsp;\" \/>\n<meta property=\"og:url\" content=\"https:\/\/www.regnovet.com\/tr\/urun\/regnomix-katman-25\/\" \/>\n<meta property=\"og:site_name\" content=\"regnovet\" \/>\n<meta property=\"article:publisher\" content=\"https:\/\/www.facebook.com\/people\/RegnoVet\/61571321505220\/\" \/>\n<meta property=\"article:modified_time\" content=\"2025-02-25T07:11:33+00:00\" \/>\n<meta property=\"og:image\" content=\"https:\/\/www.regnovet.com\/wp-content\/uploads\/2025\/02\/layer-2.5-01.jpg\" \/>\n\t<meta property=\"og:image:width\" content=\"700\" \/>\n\t<meta property=\"og:image:height\" content=\"700\" \/>\n\t<meta property=\"og:image:type\" content=\"image\/jpeg\" \/>\n<meta name=\"twitter:card\" content=\"summary_large_image\" \/>\n<script type=\"application\/ld+json\" class=\"yoast-schema-graph\">{\"@context\":\"https:\/\/schema.org\",\"@graph\":[{\"@type\":\"WebPage\",\"@id\":\"https:\/\/www.regnovet.com\/tr\/urun\/regnomix-katman-25\/\",\"url\":\"https:\/\/www.regnovet.com\/tr\/urun\/regnomix-katman-25\/\",\"name\":\"REGNOMIX Katman %2,5 - regnovet\",\"isPartOf\":{\"@id\":\"https:\/\/www.regnovet.com\/tr\/#website\"},\"primaryImageOfPage\":{\"@id\":\"https:\/\/www.regnovet.com\/tr\/urun\/regnomix-katman-25\/#primaryimage\"},\"image\":{\"@id\":\"https:\/\/www.regnovet.com\/tr\/urun\/regnomix-katman-25\/#primaryimage\"},\"thumbnailUrl\":\"https:\/\/www.regnovet.com\/wp-content\/uploads\/2024\/11\/Layer-2.5.jpg\",\"datePublished\":\"2024-11-07T13:25:51+00:00\",\"dateModified\":\"2025-02-25T07:11:33+00:00\",\"breadcrumb\":{\"@id\":\"https:\/\/www.regnovet.com\/tr\/urun\/regnomix-katman-25\/#breadcrumb\"},\"inLanguage\":\"tr\",\"potentialAction\":[{\"@type\":\"ReadAction\",\"target\":[\"https:\/\/www.regnovet.com\/tr\/urun\/regnomix-katman-25\/\"]}]},{\"@type\":\"ImageObject\",\"inLanguage\":\"tr\",\"@id\":\"https:\/\/www.regnovet.com\/tr\/urun\/regnomix-katman-25\/#primaryimage\",\"url\":\"https:\/\/www.regnovet.com\/wp-content\/uploads\/2024\/11\/Layer-2.5.jpg\",\"contentUrl\":\"https:\/\/www.regnovet.com\/wp-content\/uploads\/2024\/11\/Layer-2.5.jpg\",\"width\":700,\"height\":700},{\"@type\":\"BreadcrumbList\",\"@id\":\"https:\/\/www.regnovet.com\/tr\/urun\/regnomix-katman-25\/#breadcrumb\",\"itemListElement\":[{\"@type\":\"ListItem\",\"position\":1,\"name\":\"Home\",\"item\":\"https:\/\/www.regnovet.com\/tr\/\"},{\"@type\":\"ListItem\",\"position\":2,\"name\":\"\u00dcr\u00fcnler\",\"item\":\"https:\/\/www.regnovet.com\/products\/\"},{\"@type\":\"ListItem\",\"position\":3,\"name\":\"REGNOMIX Katman %2,5\"}]},{\"@type\":\"WebSite\",\"@id\":\"https:\/\/www.regnovet.com\/tr\/#website\",\"url\":\"https:\/\/www.regnovet.com\/tr\/\",\"name\":\"regnovet\",\"description\":\"\",\"publisher\":{\"@id\":\"https:\/\/www.regnovet.com\/tr\/#organization\"},\"potentialAction\":[{\"@type\":\"SearchAction\",\"target\":{\"@type\":\"EntryPoint\",\"urlTemplate\":\"https:\/\/www.regnovet.com\/tr\/?s={search_term_string}\"},\"query-input\":{\"@type\":\"PropertyValueSpecification\",\"valueRequired\":true,\"valueName\":\"search_term_string\"}}],\"inLanguage\":\"tr\"},{\"@type\":\"Organization\",\"@id\":\"https:\/\/www.regnovet.com\/tr\/#organization\",\"name\":\"regnovet\",\"url\":\"https:\/\/www.regnovet.com\/tr\/\",\"logo\":{\"@type\":\"ImageObject\",\"inLanguage\":\"tr\",\"@id\":\"https:\/\/www.regnovet.com\/tr\/#\/schema\/logo\/image\/\",\"url\":\"https:\/\/www.regnovet.com\/wp-content\/uploads\/2024\/09\/cropped-512.png\",\"contentUrl\":\"https:\/\/www.regnovet.com\/wp-content\/uploads\/2024\/09\/cropped-512.png\",\"width\":512,\"height\":512,\"caption\":\"regnovet\"},\"image\":{\"@id\":\"https:\/\/www.regnovet.com\/tr\/#\/schema\/logo\/image\/\"},\"sameAs\":[\"https:\/\/www.facebook.com\/people\/RegnoVet\/61571321505220\/\"]}]}<\/script>\n<!-- \/ Yoast SEO plugin. -->","yoast_head_json":{"title":"REGNOMIX Katman %2,5 - regnovet","robots":{"index":"index","follow":"follow","max-snippet":"max-snippet:-1","max-image-preview":"max-image-preview:large","max-video-preview":"max-video-preview:-1"},"canonical":"https:\/\/www.regnovet.com\/tr\/urun\/regnomix-katman-25\/","og_locale":"tr_TR","og_type":"article","og_title":"REGNOMIX Katman %2,5 - regnovet","og_description":"Yumurtlama tavu\u011funun sa\u011fl\u0131\u011f\u0131n\u0131 ve verimlili\u011fini desteklemek i\u00e7in \u00f6zel olarak form\u00fcle edilmi\u015ftir. Y\u00fcksek kaliteli yumurtalar ve g\u00fc\u00e7l\u00fc, sa\u011fl\u0131kl\u0131 tavuklar sa\u011flamak i\u00e7in tasarlanm\u0131\u015ft\u0131r. Bu premiks, hayati vitaminler, mineraller ve amino asitlerle doludur, yem verimlili\u011fini optimize eder, yumurta \u00fcretimini art\u0131r\u0131r ve genel sa\u011fl\u0131\u011f\u0131 te\u015fvik eder.  Mevcut yeminize kolayca eklenebilmesi i\u00e7in tasarlanm\u0131\u015f olan bu premiks, yumurta kabuklar\u0131n\u0131 g\u00fc\u00e7lendirmeye, yumurta sar\u0131s\u0131n\u0131n rengini iyile\u015ftirmeye ve kalsiyum eksikli\u011fi gibi sa\u011fl\u0131k sorunlar\u0131n\u0131 azaltmaya yard\u0131mc\u0131 olur. \u0130ster yumurta i\u00e7in ister ticari \u00fcretim i\u00e7in tavuk yeti\u015ftiriyor olun, Yumurta Tavu\u011fu Premiksi, s\u00fcr\u00fcn\u00fcz i\u00e7in maksimum verimlilik ve beslenme dengesi sa\u011flamak i\u00e7in ideal bir \u00e7\u00f6z\u00fcmd\u00fcr.  &nbsp;","og_url":"https:\/\/www.regnovet.com\/tr\/urun\/regnomix-katman-25\/","og_site_name":"regnovet","article_publisher":"https:\/\/www.facebook.com\/people\/RegnoVet\/61571321505220\/","article_modified_time":"2025-02-25T07:11:33+00:00","og_image":[{"width":700,"height":700,"url":"https:\/\/www.regnovet.com\/wp-content\/uploads\/2025\/02\/layer-2.5-01.jpg","type":"image\/jpeg"}],"twitter_card":"summary_large_image","schema":{"@context":"https:\/\/schema.org","@graph":[{"@type":"WebPage","@id":"https:\/\/www.regnovet.com\/tr\/urun\/regnomix-katman-25\/","url":"https:\/\/www.regnovet.com\/tr\/urun\/regnomix-katman-25\/","name":"REGNOMIX Katman %2,5 - regnovet","isPartOf":{"@id":"https:\/\/www.regnovet.com\/tr\/#website"},"primaryImageOfPage":{"@id":"https:\/\/www.regnovet.com\/tr\/urun\/regnomix-katman-25\/#primaryimage"},"image":{"@id":"https:\/\/www.regnovet.com\/tr\/urun\/regnomix-katman-25\/#primaryimage"},"thumbnailUrl":"https:\/\/www.regnovet.com\/wp-content\/uploads\/2024\/11\/Layer-2.5.jpg","datePublished":"2024-11-07T13:25:51+00:00","dateModified":"2025-02-25T07:11:33+00:00","breadcrumb":{"@id":"https:\/\/www.regnovet.com\/tr\/urun\/regnomix-katman-25\/#breadcrumb"},"inLanguage":"tr","potentialAction":[{"@type":"ReadAction","target":["https:\/\/www.regnovet.com\/tr\/urun\/regnomix-katman-25\/"]}]},{"@type":"ImageObject","inLanguage":"tr","@id":"https:\/\/www.regnovet.com\/tr\/urun\/regnomix-katman-25\/#primaryimage","url":"https:\/\/www.regnovet.com\/wp-content\/uploads\/2024\/11\/Layer-2.5.jpg","contentUrl":"https:\/\/www.regnovet.com\/wp-content\/uploads\/2024\/11\/Layer-2.5.jpg","width":700,"height":700},{"@type":"BreadcrumbList","@id":"https:\/\/www.regnovet.com\/tr\/urun\/regnomix-katman-25\/#breadcrumb","itemListElement":[{"@type":"ListItem","position":1,"name":"Home","item":"https:\/\/www.regnovet.com\/tr\/"},{"@type":"ListItem","position":2,"name":"\u00dcr\u00fcnler","item":"https:\/\/www.regnovet.com\/products\/"},{"@type":"ListItem","position":3,"name":"REGNOMIX Katman %2,5"}]},{"@type":"WebSite","@id":"https:\/\/www.regnovet.com\/tr\/#website","url":"https:\/\/www.regnovet.com\/tr\/","name":"regnovet","description":"","publisher":{"@id":"https:\/\/www.regnovet.com\/tr\/#organization"},"potentialAction":[{"@type":"SearchAction","target":{"@type":"EntryPoint","urlTemplate":"https:\/\/www.regnovet.com\/tr\/?s={search_term_string}"},"query-input":{"@type":"PropertyValueSpecification","valueRequired":true,"valueName":"search_term_string"}}],"inLanguage":"tr"},{"@type":"Organization","@id":"https:\/\/www.regnovet.com\/tr\/#organization","name":"regnovet","url":"https:\/\/www.regnovet.com\/tr\/","logo":{"@type":"ImageObject","inLanguage":"tr","@id":"https:\/\/www.regnovet.com\/tr\/#\/schema\/logo\/image\/","url":"https:\/\/www.regnovet.com\/wp-content\/uploads\/2024\/09\/cropped-512.png","contentUrl":"https:\/\/www.regnovet.com\/wp-content\/uploads\/2024\/09\/cropped-512.png","width":512,"height":512,"caption":"regnovet"},"image":{"@id":"https:\/\/www.regnovet.com\/tr\/#\/schema\/logo\/image\/"},"sameAs":["https:\/\/www.facebook.com\/people\/RegnoVet\/61571321505220\/"]}]}},"_links":{"self":[{"href":"https:\/\/www.regnovet.com\/tr\/wp-json\/wp\/v2\/product\/29633","targetHints":{"allow":["GET"]}}],"collection":[{"href":"https:\/\/www.regnovet.com\/tr\/wp-json\/wp\/v2\/product"}],"about":[{"href":"https:\/\/www.regnovet.com\/tr\/wp-json\/wp\/v2\/types\/product"}],"version-history":[{"count":4,"href":"https:\/\/www.regnovet.com\/tr\/wp-json\/wp\/v2\/product\/29633\/revisions"}],"predecessor-version":[{"id":31579,"href":"https:\/\/www.regnovet.com\/tr\/wp-json\/wp\/v2\/product\/29633\/revisions\/31579"}],"wp:featuredmedia":[{"embeddable":true,"href":"https:\/\/www.regnovet.com\/tr\/wp-json\/wp\/v2\/media\/31838"}],"wp:attachment":[{"href":"https:\/\/www.regnovet.com\/tr\/wp-json\/wp\/v2\/media?parent=29633"}],"wp:term":[{"taxonomy":"product_cat","embeddable":true,"href":"https:\/\/www.regnovet.com\/tr\/wp-json\/wp\/v2\/product_cat?post=29633"},{"taxonomy":"product_tag","embeddable":true,"href":"https:\/\/www.regnovet.com\/tr\/wp-json\/wp\/v2\/product_tag?post=29633"}],"curies":[{"name":"wp","href":"https:\/\/api.w.org\/{rel}","templated":true}]}}