{"id":29638,"date":"2024-11-09T09:30:12","date_gmt":"2024-11-09T09:30:12","guid":{"rendered":"https:\/\/www.regnovet.com\/?post_type=product&#038;p=29638"},"modified":"2025-01-03T06:42:35","modified_gmt":"2025-01-03T06:42:35","slug":"quatshield","status":"publish","type":"product","link":"https:\/\/www.regnovet.com\/tr\/urun\/quatshield\/","title":{"rendered":"QUATSHIELD"},"content":{"rendered":"\t\t<div data-elementor-type=\"wp-post\" data-elementor-id=\"29638\" class=\"elementor elementor-29638 elementor-28644\">\n\t\t\t\t<div class=\"wd-negative-gap elementor-element elementor-element-9edd08c e-flex e-con-boxed e-con e-parent\" data-id=\"9edd08c\" data-element_type=\"container\" data-e-type=\"container\">\n\t\t\t\t\t<div class=\"e-con-inner\">\n\t\t\t\t<div class=\"elementor-element elementor-element-810bc54 elementor-widget elementor-widget-toggle\" data-id=\"810bc54\" data-element_type=\"widget\" data-e-type=\"widget\" data-widget_type=\"toggle.default\">\n\t\t\t\t<div class=\"elementor-widget-container\">\n\t\t\t\t\t\t\t<div class=\"elementor-toggle\">\n\t\t\t\t\t\t\t<div class=\"elementor-toggle-item\">\n\t\t\t\t\t<div id=\"elementor-tab-title-1351\" class=\"elementor-tab-title\" data-tab=\"1\" role=\"button\" aria-controls=\"elementor-tab-content-1351\" aria-expanded=\"false\">\n\t\t\t\t\t\t\t\t\t\t\t\t<span class=\"elementor-toggle-icon elementor-toggle-icon-left\" aria-hidden=\"true\">\n\t\t\t\t\t\t\t\t\t\t\t\t\t\t\t<span class=\"elementor-toggle-icon-closed\"><svg class=\"e-font-icon-svg e-fas-caret-right\" viewBox=\"0 0 192 512\" xmlns=\"http:\/\/www.w3.org\/2000\/svg\"><path d=\"M0 384.662V127.338c0-17.818 21.543-26.741 34.142-14.142l128.662 128.662c7.81 7.81 7.81 20.474 0 28.284L34.142 398.804C21.543 411.404 0 402.48 0 384.662z\"><\/path><\/svg><\/span>\n\t\t\t\t\t\t\t\t<span class=\"elementor-toggle-icon-opened\"><svg class=\"elementor-toggle-icon-opened e-font-icon-svg e-fas-caret-up\" viewBox=\"0 0 320 512\" xmlns=\"http:\/\/www.w3.org\/2000\/svg\"><path d=\"M288.662 352H31.338c-17.818 0-26.741-21.543-14.142-34.142l128.662-128.662c7.81-7.81 20.474-7.81 28.284 0l128.662 128.662c12.6 12.599 3.676 34.142-14.142 34.142z\"><\/path><\/svg><\/span>\n\t\t\t\t\t\t\t\t\t\t\t\t\t<\/span>\n\t\t\t\t\t\t\t\t\t\t\t\t<a class=\"elementor-toggle-title\" tabindex=\"0\">Uygulama:<\/a>\n\t\t\t\t\t<\/div>\n\n\t\t\t\t\t<div id=\"elementor-tab-content-1351\" class=\"elementor-tab-content elementor-clearfix\" data-tab=\"1\" role=\"region\" aria-labelledby=\"elementor-tab-title-1351\"><p>\u2022 Genel dezenfeksiyon: Kontaminasyon seviyesine ba\u011fl\u0131 olarak 1\/200 &#8211; 1\/400 oran\u0131nda seyreltilerek kullan\u0131n.<br \/>\n\u2022 Ara\u00e7 ve ekipmanlar\u0131n dezenfeksiyonu i\u00e7in: 1\/150 oran\u0131 kullan\u0131n.<br \/>\n\u2022 Hastal\u0131klar ve salg\u0131n durumunda, 1\/150 oran\u0131n\u0131 kullan\u0131n ve ayak dezenfeksiyonu i\u00e7in ayn\u0131 oran\u0131 kullanarak ayaklar\u0131 suya bat\u0131rarak dezenfekte edin.<\/p>\n<\/div>\n\t\t\t\t<\/div>\n\t\t\t\t\t\t\t<div class=\"elementor-toggle-item\">\n\t\t\t\t\t<div id=\"elementor-tab-title-1352\" class=\"elementor-tab-title\" data-tab=\"2\" role=\"button\" aria-controls=\"elementor-tab-content-1352\" aria-expanded=\"false\">\n\t\t\t\t\t\t\t\t\t\t\t\t<span class=\"elementor-toggle-icon elementor-toggle-icon-left\" aria-hidden=\"true\">\n\t\t\t\t\t\t\t\t\t\t\t\t\t\t\t<span class=\"elementor-toggle-icon-closed\"><svg class=\"e-font-icon-svg e-fas-caret-right\" viewBox=\"0 0 192 512\" xmlns=\"http:\/\/www.w3.org\/2000\/svg\"><path d=\"M0 384.662V127.338c0-17.818 21.543-26.741 34.142-14.142l128.662 128.662c7.81 7.81 7.81 20.474 0 28.284L34.142 398.804C21.543 411.404 0 402.48 0 384.662z\"><\/path><\/svg><\/span>\n\t\t\t\t\t\t\t\t<span class=\"elementor-toggle-icon-opened\"><svg class=\"elementor-toggle-icon-opened e-font-icon-svg e-fas-caret-up\" viewBox=\"0 0 320 512\" xmlns=\"http:\/\/www.w3.org\/2000\/svg\"><path d=\"M288.662 352H31.338c-17.818 0-26.741-21.543-14.142-34.142l128.662-128.662c7.81-7.81 20.474-7.81 28.284 0l128.662 128.662c12.6 12.599 3.676 34.142-14.142 34.142z\"><\/path><\/svg><\/span>\n\t\t\t\t\t\t\t\t\t\t\t\t\t<\/span>\n\t\t\t\t\t\t\t\t\t\t\t\t<a class=\"elementor-toggle-title\" tabindex=\"0\">\u00d6nlemler:<\/a>\n\t\t\t\t\t<\/div>\n\n\t\t\t\t\t<div id=\"elementor-tab-content-1352\" class=\"elementor-tab-content elementor-clearfix\" data-tab=\"2\" role=\"region\" aria-labelledby=\"elementor-tab-title-1352\"><p>\u2022 44\u00b0C&#8217;nin \u00fczerindeki suyla kullanmay\u0131n.<br \/>\n\u2022 \u00dcr\u00fcn\u00fc ba\u015fka temizlik veya dezenfektan kimyasallarla kar\u0131\u015ft\u0131rmay\u0131n.<br \/>\n\u2022 \u00dcr\u00fcn\u00fc al\u00fcminyum i\u00e7eren y\u00fczeyler veya ekipmanlar \u00fczerinde kullanmay\u0131n.<br \/>\n\u2022 G\u00f6z, cilt ve giysilerle temas\u0131ndan ka\u00e7\u0131n\u0131n.<br \/>\n\u2022 G\u00f6zle temas halinde, bol su ile iyice durulay\u0131n ve derhal bir doktora ba\u015fvurun.<\/p>\n<\/div>\n\t\t\t\t<\/div>\n\t\t\t\t\t\t\t<div class=\"elementor-toggle-item\">\n\t\t\t\t\t<div id=\"elementor-tab-title-1353\" class=\"elementor-tab-title\" data-tab=\"3\" role=\"button\" aria-controls=\"elementor-tab-content-1353\" aria-expanded=\"false\">\n\t\t\t\t\t\t\t\t\t\t\t\t<span class=\"elementor-toggle-icon elementor-toggle-icon-left\" aria-hidden=\"true\">\n\t\t\t\t\t\t\t\t\t\t\t\t\t\t\t<span class=\"elementor-toggle-icon-closed\"><svg class=\"e-font-icon-svg e-fas-caret-right\" viewBox=\"0 0 192 512\" xmlns=\"http:\/\/www.w3.org\/2000\/svg\"><path d=\"M0 384.662V127.338c0-17.818 21.543-26.741 34.142-14.142l128.662 128.662c7.81 7.81 7.81 20.474 0 28.284L34.142 398.804C21.543 411.404 0 402.48 0 384.662z\"><\/path><\/svg><\/span>\n\t\t\t\t\t\t\t\t<span class=\"elementor-toggle-icon-opened\"><svg class=\"elementor-toggle-icon-opened e-font-icon-svg e-fas-caret-up\" viewBox=\"0 0 320 512\" xmlns=\"http:\/\/www.w3.org\/2000\/svg\"><path d=\"M288.662 352H31.338c-17.818 0-26.741-21.543-14.142-34.142l128.662-128.662c7.81-7.81 20.474-7.81 28.284 0l128.662 128.662c12.6 12.599 3.676 34.142-14.142 34.142z\"><\/path><\/svg><\/span>\n\t\t\t\t\t\t\t\t\t\t\t\t\t<\/span>\n\t\t\t\t\t\t\t\t\t\t\t\t<a class=\"elementor-toggle-title\" tabindex=\"0\">\u0130\u00c7ER\u0130K:<\/a>\n\t\t\t\t\t<\/div>\n\n\t\t\t\t\t<div id=\"elementor-tab-content-1353\" class=\"elementor-tab-content elementor-clearfix\" data-tab=\"3\" role=\"region\" aria-labelledby=\"elementor-tab-title-1353\"><p>Kuaterner amonyum bile\u015fikleri: 15%<\/p>\n<\/div>\n\t\t\t\t<\/div>\n\t\t\t\t\t\t\t<div class=\"elementor-toggle-item\">\n\t\t\t\t\t<div id=\"elementor-tab-title-1354\" class=\"elementor-tab-title\" data-tab=\"4\" role=\"button\" aria-controls=\"elementor-tab-content-1354\" aria-expanded=\"false\">\n\t\t\t\t\t\t\t\t\t\t\t\t<span class=\"elementor-toggle-icon elementor-toggle-icon-left\" aria-hidden=\"true\">\n\t\t\t\t\t\t\t\t\t\t\t\t\t\t\t<span class=\"elementor-toggle-icon-closed\"><svg class=\"e-font-icon-svg e-fas-caret-right\" viewBox=\"0 0 192 512\" xmlns=\"http:\/\/www.w3.org\/2000\/svg\"><path d=\"M0 384.662V127.338c0-17.818 21.543-26.741 34.142-14.142l128.662 128.662c7.81 7.81 7.81 20.474 0 28.284L34.142 398.804C21.543 411.404 0 402.48 0 384.662z\"><\/path><\/svg><\/span>\n\t\t\t\t\t\t\t\t<span class=\"elementor-toggle-icon-opened\"><svg class=\"elementor-toggle-icon-opened e-font-icon-svg e-fas-caret-up\" viewBox=\"0 0 320 512\" xmlns=\"http:\/\/www.w3.org\/2000\/svg\"><path d=\"M288.662 352H31.338c-17.818 0-26.741-21.543-14.142-34.142l128.662-128.662c7.81-7.81 20.474-7.81 28.284 0l128.662 128.662c12.6 12.599 3.676 34.142-14.142 34.142z\"><\/path><\/svg><\/span>\n\t\t\t\t\t\t\t\t\t\t\t\t\t<\/span>\n\t\t\t\t\t\t\t\t\t\t\t\t<a class=\"elementor-toggle-title\" tabindex=\"0\">SAKLAMA:<\/a>\n\t\t\t\t\t<\/div>\n\n\t\t\t\t\t<div id=\"elementor-tab-content-1354\" class=\"elementor-tab-content elementor-clearfix\" data-tab=\"4\" role=\"region\" aria-labelledby=\"elementor-tab-title-1354\"><p>Kaplar\u0131 s\u0131k\u0131ca kapal\u0131 tutun, serin, kuru ve iyi havaland\u0131r\u0131lm\u0131\u015f bir yerde saklay\u0131n.<br \/>\nMaksimum 25\u00b0C s\u0131cakl\u0131kta saklay\u0131n.<br \/>\nDo\u011frudan g\u00fcne\u015f \u0131\u015f\u0131\u011f\u0131ndan ve \u00e7ocuklardan uzak tutun.<\/p>\n<\/div>\n\t\t\t\t<\/div>\n\t\t\t\t\t\t\t\t<\/div>\n\t\t\t\t\t\t<\/div>\n\t\t\t\t<\/div>\n\t\t\t\t\t<\/div>\n\t\t\t\t<\/div>\n\t\t\t\t<\/div>\n\t\t","protected":false},"excerpt":{"rendered":"<p>\u00c7eyrek amonyum bile\u015fenleri i\u00e7eren kimyasal bir bile\u015fiktir, geni\u015f bir mikroorganizma, mantar ve vir\u00fcs yelpaz\u0131s\u0131n\u0131 yok etme kapasitesine sahiptir. Farkl\u0131 y\u00fczeylere n\u00fcfuz ederek mikroorganizmalar\u0131n h\u00fccre duvar\u0131n\u0131 veya zar\u0131n\u0131 yok eder, bu da onlar\u0131n \u00f6l\u00fcm\u00fcne veya \u00fcremelerinin engellenmesine yol a\u00e7ar. Bu nedenle, bir\u00e7ok bakteri, vir\u00fcs ve mantara kar\u015f\u0131 etkilidir.<br \/>\n\u00dcr\u00fcn, ah\u0131r ve ekipmanlar\u0131n dezenfekte edilmesinde kullan\u0131l\u0131r. Uygun \u015fekilde seyreltilerek kullan\u0131ld\u0131\u011f\u0131nda g\u00fcvenlidir ve hayvanlar\u0131n bulundu\u011fu ortamlarda da kullan\u0131labilir, ancak cilt veya solunum yolu tahri\u015fini \u00f6nlemek i\u00e7in talimatlara uyulmal\u0131d\u0131r.<br \/>\n\u00c7eyrek amonyum bile\u015fenleri, \u00e7e\u015fitli ekipmanlar ve ara\u00e7lar, ayr\u0131ca ah\u0131rlar ve farkl\u0131 y\u00fczeylerde kullan\u0131labilen \u00e7ok y\u00f6nl\u00fc maddelerdir. Belirli \u00e7evresel fakt\u00f6rlere kar\u015f\u0131 diren\u00e7lidirler ve kir veya organik maddelerin varl\u0131\u011f\u0131nda bile etkinliklerini s\u00fcrd\u00fcrebilirler.<\/p>\n","protected":false},"featured_media":29365,"template":"","meta":[],"product_cat":[159],"product_tag":[],"class_list":{"0":"post-29638","1":"product","2":"type-product","3":"status-publish","4":"has-post-thumbnail","6":"product_cat-antiseptikler","8":"first","9":"instock","10":"shipping-taxable","11":"product-type-simple"},"yoast_head":"<!-- This site is optimized with the Yoast SEO plugin v24.1 - https:\/\/yoast.com\/wordpress\/plugins\/seo\/ -->\n<title>QUATSHIELD - regnovet<\/title>\n<meta name=\"robots\" content=\"index, follow, max-snippet:-1, max-image-preview:large, max-video-preview:-1\" \/>\n<link rel=\"canonical\" href=\"https:\/\/www.regnovet.com\/tr\/urun\/quatshield\/\" \/>\n<meta property=\"og:locale\" content=\"tr_TR\" \/>\n<meta property=\"og:type\" content=\"article\" \/>\n<meta property=\"og:title\" content=\"QUATSHIELD - regnovet\" \/>\n<meta property=\"og:description\" content=\"\u00c7eyrek amonyum bile\u015fenleri i\u00e7eren kimyasal bir bile\u015fiktir, geni\u015f bir mikroorganizma, mantar ve vir\u00fcs yelpaz\u0131s\u0131n\u0131 yok etme kapasitesine sahiptir. Farkl\u0131 y\u00fczeylere n\u00fcfuz ederek mikroorganizmalar\u0131n h\u00fccre duvar\u0131n\u0131 veya zar\u0131n\u0131 yok eder, bu da onlar\u0131n \u00f6l\u00fcm\u00fcne veya \u00fcremelerinin engellenmesine yol a\u00e7ar. Bu nedenle, bir\u00e7ok bakteri, vir\u00fcs ve mantara kar\u015f\u0131 etkilidir. \u00dcr\u00fcn, ah\u0131r ve ekipmanlar\u0131n dezenfekte edilmesinde kullan\u0131l\u0131r. Uygun \u015fekilde seyreltilerek kullan\u0131ld\u0131\u011f\u0131nda g\u00fcvenlidir ve hayvanlar\u0131n bulundu\u011fu ortamlarda da kullan\u0131labilir, ancak cilt veya solunum yolu tahri\u015fini \u00f6nlemek i\u00e7in talimatlara uyulmal\u0131d\u0131r. \u00c7eyrek amonyum bile\u015fenleri, \u00e7e\u015fitli ekipmanlar ve ara\u00e7lar, ayr\u0131ca ah\u0131rlar ve farkl\u0131 y\u00fczeylerde kullan\u0131labilen \u00e7ok y\u00f6nl\u00fc maddelerdir. Belirli \u00e7evresel fakt\u00f6rlere kar\u015f\u0131 diren\u00e7lidirler ve kir veya organik maddelerin varl\u0131\u011f\u0131nda bile etkinliklerini s\u00fcrd\u00fcrebilirler.\" \/>\n<meta property=\"og:url\" content=\"https:\/\/www.regnovet.com\/tr\/urun\/quatshield\/\" \/>\n<meta property=\"og:site_name\" content=\"regnovet\" \/>\n<meta property=\"article:publisher\" content=\"https:\/\/www.facebook.com\/people\/RegnoVet\/61571321505220\/\" \/>\n<meta property=\"article:modified_time\" content=\"2025-01-03T06:42:35+00:00\" \/>\n<meta property=\"og:image\" content=\"https:\/\/www.regnovet.com\/wp-content\/uploads\/2024\/11\/QUATSHIELD.jpg\" \/>\n\t<meta property=\"og:image:width\" content=\"700\" \/>\n\t<meta property=\"og:image:height\" content=\"700\" \/>\n\t<meta property=\"og:image:type\" content=\"image\/jpeg\" \/>\n<meta name=\"twitter:card\" content=\"summary_large_image\" \/>\n<meta name=\"twitter:label1\" content=\"Tahmini okuma s\u00fcresi\" \/>\n\t<meta name=\"twitter:data1\" content=\"1 dakika\" \/>\n<script type=\"application\/ld+json\" class=\"yoast-schema-graph\">{\"@context\":\"https:\/\/schema.org\",\"@graph\":[{\"@type\":\"WebPage\",\"@id\":\"https:\/\/www.regnovet.com\/tr\/urun\/quatshield\/\",\"url\":\"https:\/\/www.regnovet.com\/tr\/urun\/quatshield\/\",\"name\":\"QUATSHIELD - regnovet\",\"isPartOf\":{\"@id\":\"https:\/\/www.regnovet.com\/tr\/#website\"},\"primaryImageOfPage\":{\"@id\":\"https:\/\/www.regnovet.com\/tr\/urun\/quatshield\/#primaryimage\"},\"image\":{\"@id\":\"https:\/\/www.regnovet.com\/tr\/urun\/quatshield\/#primaryimage\"},\"thumbnailUrl\":\"https:\/\/www.regnovet.com\/wp-content\/uploads\/2024\/11\/QUATSHIELD.jpg\",\"datePublished\":\"2024-11-09T09:30:12+00:00\",\"dateModified\":\"2025-01-03T06:42:35+00:00\",\"breadcrumb\":{\"@id\":\"https:\/\/www.regnovet.com\/tr\/urun\/quatshield\/#breadcrumb\"},\"inLanguage\":\"tr\",\"potentialAction\":[{\"@type\":\"ReadAction\",\"target\":[\"https:\/\/www.regnovet.com\/tr\/urun\/quatshield\/\"]}]},{\"@type\":\"ImageObject\",\"inLanguage\":\"tr\",\"@id\":\"https:\/\/www.regnovet.com\/tr\/urun\/quatshield\/#primaryimage\",\"url\":\"https:\/\/www.regnovet.com\/wp-content\/uploads\/2024\/11\/QUATSHIELD.jpg\",\"contentUrl\":\"https:\/\/www.regnovet.com\/wp-content\/uploads\/2024\/11\/QUATSHIELD.jpg\",\"width\":700,\"height\":700},{\"@type\":\"BreadcrumbList\",\"@id\":\"https:\/\/www.regnovet.com\/tr\/urun\/quatshield\/#breadcrumb\",\"itemListElement\":[{\"@type\":\"ListItem\",\"position\":1,\"name\":\"Home\",\"item\":\"https:\/\/www.regnovet.com\/tr\/\"},{\"@type\":\"ListItem\",\"position\":2,\"name\":\"\u00dcr\u00fcnler\",\"item\":\"https:\/\/www.regnovet.com\/products\/\"},{\"@type\":\"ListItem\",\"position\":3,\"name\":\"QUATSHIELD\"}]},{\"@type\":\"WebSite\",\"@id\":\"https:\/\/www.regnovet.com\/tr\/#website\",\"url\":\"https:\/\/www.regnovet.com\/tr\/\",\"name\":\"regnovet\",\"description\":\"\",\"publisher\":{\"@id\":\"https:\/\/www.regnovet.com\/tr\/#organization\"},\"potentialAction\":[{\"@type\":\"SearchAction\",\"target\":{\"@type\":\"EntryPoint\",\"urlTemplate\":\"https:\/\/www.regnovet.com\/tr\/?s={search_term_string}\"},\"query-input\":{\"@type\":\"PropertyValueSpecification\",\"valueRequired\":true,\"valueName\":\"search_term_string\"}}],\"inLanguage\":\"tr\"},{\"@type\":\"Organization\",\"@id\":\"https:\/\/www.regnovet.com\/tr\/#organization\",\"name\":\"regnovet\",\"url\":\"https:\/\/www.regnovet.com\/tr\/\",\"logo\":{\"@type\":\"ImageObject\",\"inLanguage\":\"tr\",\"@id\":\"https:\/\/www.regnovet.com\/tr\/#\/schema\/logo\/image\/\",\"url\":\"https:\/\/www.regnovet.com\/wp-content\/uploads\/2024\/09\/cropped-512.png\",\"contentUrl\":\"https:\/\/www.regnovet.com\/wp-content\/uploads\/2024\/09\/cropped-512.png\",\"width\":512,\"height\":512,\"caption\":\"regnovet\"},\"image\":{\"@id\":\"https:\/\/www.regnovet.com\/tr\/#\/schema\/logo\/image\/\"},\"sameAs\":[\"https:\/\/www.facebook.com\/people\/RegnoVet\/61571321505220\/\"]}]}<\/script>\n<!-- \/ Yoast SEO plugin. -->","yoast_head_json":{"title":"QUATSHIELD - regnovet","robots":{"index":"index","follow":"follow","max-snippet":"max-snippet:-1","max-image-preview":"max-image-preview:large","max-video-preview":"max-video-preview:-1"},"canonical":"https:\/\/www.regnovet.com\/tr\/urun\/quatshield\/","og_locale":"tr_TR","og_type":"article","og_title":"QUATSHIELD - regnovet","og_description":"\u00c7eyrek amonyum bile\u015fenleri i\u00e7eren kimyasal bir bile\u015fiktir, geni\u015f bir mikroorganizma, mantar ve vir\u00fcs yelpaz\u0131s\u0131n\u0131 yok etme kapasitesine sahiptir. Farkl\u0131 y\u00fczeylere n\u00fcfuz ederek mikroorganizmalar\u0131n h\u00fccre duvar\u0131n\u0131 veya zar\u0131n\u0131 yok eder, bu da onlar\u0131n \u00f6l\u00fcm\u00fcne veya \u00fcremelerinin engellenmesine yol a\u00e7ar. Bu nedenle, bir\u00e7ok bakteri, vir\u00fcs ve mantara kar\u015f\u0131 etkilidir. \u00dcr\u00fcn, ah\u0131r ve ekipmanlar\u0131n dezenfekte edilmesinde kullan\u0131l\u0131r. Uygun \u015fekilde seyreltilerek kullan\u0131ld\u0131\u011f\u0131nda g\u00fcvenlidir ve hayvanlar\u0131n bulundu\u011fu ortamlarda da kullan\u0131labilir, ancak cilt veya solunum yolu tahri\u015fini \u00f6nlemek i\u00e7in talimatlara uyulmal\u0131d\u0131r. \u00c7eyrek amonyum bile\u015fenleri, \u00e7e\u015fitli ekipmanlar ve ara\u00e7lar, ayr\u0131ca ah\u0131rlar ve farkl\u0131 y\u00fczeylerde kullan\u0131labilen \u00e7ok y\u00f6nl\u00fc maddelerdir. Belirli \u00e7evresel fakt\u00f6rlere kar\u015f\u0131 diren\u00e7lidirler ve kir veya organik maddelerin varl\u0131\u011f\u0131nda bile etkinliklerini s\u00fcrd\u00fcrebilirler.","og_url":"https:\/\/www.regnovet.com\/tr\/urun\/quatshield\/","og_site_name":"regnovet","article_publisher":"https:\/\/www.facebook.com\/people\/RegnoVet\/61571321505220\/","article_modified_time":"2025-01-03T06:42:35+00:00","og_image":[{"width":700,"height":700,"url":"https:\/\/www.regnovet.com\/wp-content\/uploads\/2024\/11\/QUATSHIELD.jpg","type":"image\/jpeg"}],"twitter_card":"summary_large_image","twitter_misc":{"Tahmini okuma s\u00fcresi":"1 dakika"},"schema":{"@context":"https:\/\/schema.org","@graph":[{"@type":"WebPage","@id":"https:\/\/www.regnovet.com\/tr\/urun\/quatshield\/","url":"https:\/\/www.regnovet.com\/tr\/urun\/quatshield\/","name":"QUATSHIELD - regnovet","isPartOf":{"@id":"https:\/\/www.regnovet.com\/tr\/#website"},"primaryImageOfPage":{"@id":"https:\/\/www.regnovet.com\/tr\/urun\/quatshield\/#primaryimage"},"image":{"@id":"https:\/\/www.regnovet.com\/tr\/urun\/quatshield\/#primaryimage"},"thumbnailUrl":"https:\/\/www.regnovet.com\/wp-content\/uploads\/2024\/11\/QUATSHIELD.jpg","datePublished":"2024-11-09T09:30:12+00:00","dateModified":"2025-01-03T06:42:35+00:00","breadcrumb":{"@id":"https:\/\/www.regnovet.com\/tr\/urun\/quatshield\/#breadcrumb"},"inLanguage":"tr","potentialAction":[{"@type":"ReadAction","target":["https:\/\/www.regnovet.com\/tr\/urun\/quatshield\/"]}]},{"@type":"ImageObject","inLanguage":"tr","@id":"https:\/\/www.regnovet.com\/tr\/urun\/quatshield\/#primaryimage","url":"https:\/\/www.regnovet.com\/wp-content\/uploads\/2024\/11\/QUATSHIELD.jpg","contentUrl":"https:\/\/www.regnovet.com\/wp-content\/uploads\/2024\/11\/QUATSHIELD.jpg","width":700,"height":700},{"@type":"BreadcrumbList","@id":"https:\/\/www.regnovet.com\/tr\/urun\/quatshield\/#breadcrumb","itemListElement":[{"@type":"ListItem","position":1,"name":"Home","item":"https:\/\/www.regnovet.com\/tr\/"},{"@type":"ListItem","position":2,"name":"\u00dcr\u00fcnler","item":"https:\/\/www.regnovet.com\/products\/"},{"@type":"ListItem","position":3,"name":"QUATSHIELD"}]},{"@type":"WebSite","@id":"https:\/\/www.regnovet.com\/tr\/#website","url":"https:\/\/www.regnovet.com\/tr\/","name":"regnovet","description":"","publisher":{"@id":"https:\/\/www.regnovet.com\/tr\/#organization"},"potentialAction":[{"@type":"SearchAction","target":{"@type":"EntryPoint","urlTemplate":"https:\/\/www.regnovet.com\/tr\/?s={search_term_string}"},"query-input":{"@type":"PropertyValueSpecification","valueRequired":true,"valueName":"search_term_string"}}],"inLanguage":"tr"},{"@type":"Organization","@id":"https:\/\/www.regnovet.com\/tr\/#organization","name":"regnovet","url":"https:\/\/www.regnovet.com\/tr\/","logo":{"@type":"ImageObject","inLanguage":"tr","@id":"https:\/\/www.regnovet.com\/tr\/#\/schema\/logo\/image\/","url":"https:\/\/www.regnovet.com\/wp-content\/uploads\/2024\/09\/cropped-512.png","contentUrl":"https:\/\/www.regnovet.com\/wp-content\/uploads\/2024\/09\/cropped-512.png","width":512,"height":512,"caption":"regnovet"},"image":{"@id":"https:\/\/www.regnovet.com\/tr\/#\/schema\/logo\/image\/"},"sameAs":["https:\/\/www.facebook.com\/people\/RegnoVet\/61571321505220\/"]}]}},"_links":{"self":[{"href":"https:\/\/www.regnovet.com\/tr\/wp-json\/wp\/v2\/product\/29638","targetHints":{"allow":["GET"]}}],"collection":[{"href":"https:\/\/www.regnovet.com\/tr\/wp-json\/wp\/v2\/product"}],"about":[{"href":"https:\/\/www.regnovet.com\/tr\/wp-json\/wp\/v2\/types\/product"}],"version-history":[{"count":3,"href":"https:\/\/www.regnovet.com\/tr\/wp-json\/wp\/v2\/product\/29638\/revisions"}],"predecessor-version":[{"id":30803,"href":"https:\/\/www.regnovet.com\/tr\/wp-json\/wp\/v2\/product\/29638\/revisions\/30803"}],"wp:featuredmedia":[{"embeddable":true,"href":"https:\/\/www.regnovet.com\/tr\/wp-json\/wp\/v2\/media\/29365"}],"wp:attachment":[{"href":"https:\/\/www.regnovet.com\/tr\/wp-json\/wp\/v2\/media?parent=29638"}],"wp:term":[{"taxonomy":"product_cat","embeddable":true,"href":"https:\/\/www.regnovet.com\/tr\/wp-json\/wp\/v2\/product_cat?post=29638"},{"taxonomy":"product_tag","embeddable":true,"href":"https:\/\/www.regnovet.com\/tr\/wp-json\/wp\/v2\/product_tag?post=29638"}],"curies":[{"name":"wp","href":"https:\/\/api.w.org\/{rel}","templated":true}]}}