{"id":29642,"date":"2024-11-07T13:35:24","date_gmt":"2024-11-07T13:35:24","guid":{"rendered":"https:\/\/www.regnovet.com\/index.php\/product\/regnomix-rom-02\/"},"modified":"2025-02-11T08:44:54","modified_gmt":"2025-02-11T08:44:54","slug":"regnomix-rom-02","status":"publish","type":"product","link":"https:\/\/www.regnovet.com\/tr\/urun\/regnomix-rom-02\/","title":{"rendered":"REGNOMIX RUM %0,2"},"content":{"rendered":"\t\t<div data-elementor-type=\"wp-post\" data-elementor-id=\"29642\" class=\"elementor elementor-29642 elementor-28589\">\n\t\t\t\t<div class=\"wd-negative-gap elementor-element elementor-element-9edd08c e-flex e-con-boxed e-con e-parent\" data-id=\"9edd08c\" data-element_type=\"container\" data-e-type=\"container\">\n\t\t\t\t\t<div class=\"e-con-inner\">\n\t\t\t\t<div class=\"elementor-element elementor-element-810bc54 elementor-widget elementor-widget-toggle\" data-id=\"810bc54\" data-element_type=\"widget\" data-e-type=\"widget\" data-widget_type=\"toggle.default\">\n\t\t\t\t<div class=\"elementor-widget-container\">\n\t\t\t\t\t\t\t<div class=\"elementor-toggle\">\n\t\t\t\t\t\t\t<div class=\"elementor-toggle-item\">\n\t\t\t\t\t<div id=\"elementor-tab-title-1351\" class=\"elementor-tab-title\" data-tab=\"1\" role=\"button\" aria-controls=\"elementor-tab-content-1351\" aria-expanded=\"false\">\n\t\t\t\t\t\t\t\t\t\t\t\t<span class=\"elementor-toggle-icon elementor-toggle-icon-left\" aria-hidden=\"true\">\n\t\t\t\t\t\t\t\t\t\t\t\t\t\t\t<span class=\"elementor-toggle-icon-closed\"><svg class=\"e-font-icon-svg e-fas-caret-right\" viewBox=\"0 0 192 512\" xmlns=\"http:\/\/www.w3.org\/2000\/svg\"><path d=\"M0 384.662V127.338c0-17.818 21.543-26.741 34.142-14.142l128.662 128.662c7.81 7.81 7.81 20.474 0 28.284L34.142 398.804C21.543 411.404 0 402.48 0 384.662z\"><\/path><\/svg><\/span>\n\t\t\t\t\t\t\t\t<span class=\"elementor-toggle-icon-opened\"><svg class=\"elementor-toggle-icon-opened e-font-icon-svg e-fas-caret-up\" viewBox=\"0 0 320 512\" xmlns=\"http:\/\/www.w3.org\/2000\/svg\"><path d=\"M288.662 352H31.338c-17.818 0-26.741-21.543-14.142-34.142l128.662-128.662c7.81-7.81 20.474-7.81 28.284 0l128.662 128.662c12.6 12.599 3.676 34.142-14.142 34.142z\"><\/path><\/svg><\/span>\n\t\t\t\t\t\t\t\t\t\t\t\t\t<\/span>\n\t\t\t\t\t\t\t\t\t\t\t\t<a class=\"elementor-toggle-title\" tabindex=\"0\">Kg BA\u015eINA B\u0130LE\u015e\u0130M<\/a>\n\t\t\t\t\t<\/div>\n\n\t\t\t\t\t<div id=\"elementor-tab-content-1351\" class=\"elementor-tab-content elementor-clearfix\" data-tab=\"1\" role=\"region\" aria-labelledby=\"elementor-tab-title-1351\"><p>A vitamini 6.250.000 IU<br \/>D3 vitamini 2.000.000 IU<br \/>E vitamini 37.500 mg<br \/>Niasin 12.500 mg<br \/>\u0130yot 750 mg<br \/>Bak\u0131r 7.500 mg<br \/>Manganez 25.000 mg<br \/>\u00c7inko 50.000 mg<br \/>Selenyum 200 mg<br \/>Kobalt 150 mg<br \/>Sitrik asit 500 mg<br \/>BHA 1.280 mg<br \/>BHT 1.600 mg<br \/>Propil gallat 820 mg<\/p>\n<\/div>\n\t\t\t\t<\/div>\n\t\t\t\t\t\t\t\t<\/div>\n\t\t\t\t\t\t<\/div>\n\t\t\t\t<\/div>\n\t\t\t\t\t<\/div>\n\t\t\t\t<\/div>\n\t\t\t\t<\/div>\n\t\t","protected":false},"excerpt":{"rendered":"<p>S\u0131\u011f\u0131r, koyun ve ke\u00e7i gibi b\u00fcy\u00fckba\u015f hayvanlar\u0131n sa\u011fl\u0131\u011f\u0131n\u0131 ve \u00fcretkenli\u011fini art\u0131rmak i\u00e7in \u00f6zel olarak form\u00fcle edilmi\u015f bir besin takviyesidir. Bu y\u00fcksek kaliteli yem kar\u0131\u015f\u0131m\u0131, optimal b\u00fcy\u00fcme, \u00fcreme ve s\u00fct \u00fcretimini desteklemek i\u00e7in gerekli olan vitaminler, mineraller ve iz elementleri birle\u015ftirir. Dengeleyici bir diyetin korunmas\u0131na yard\u0131mc\u0131 olur ve ruminantlar\u0131n g\u00fc\u00e7l\u00fc bir ba\u011f\u0131\u015f\u0131kl\u0131k sistemi, daha iyi sindirim ve genel canl\u0131l\u0131k i\u00e7in ihtiya\u00e7 duyduklar\u0131 t\u00fcm besinleri almalar\u0131n\u0131 sa\u011flar. Hayvan yemi i\u00e7ine kat\u0131lmak i\u00e7in uygun olan bu premiks, ruminant diyetlerinin besin de\u011ferini art\u0131rmak i\u00e7in pratik bir yol sunar, b\u00f6ylece farkl\u0131 ya\u015fam evreleri ve \u00fcretim taleplerine uygun beslenme ihtiya\u00e7lar\u0131n\u0131 kar\u015f\u0131lar.<\/p>\n","protected":false},"featured_media":31835,"template":"","meta":[],"product_cat":[180],"product_tag":[],"class_list":{"0":"post-29642","1":"product","2":"type-product","3":"status-publish","4":"has-post-thumbnail","6":"product_cat-premix-tr","8":"first","9":"instock","10":"shipping-taxable","11":"product-type-simple"},"yoast_head":"<!-- This site is optimized with the Yoast SEO plugin v24.1 - https:\/\/yoast.com\/wordpress\/plugins\/seo\/ -->\n<title>REGNOMIX RUM %0,2 - regnovet<\/title>\n<meta name=\"robots\" content=\"index, follow, max-snippet:-1, max-image-preview:large, max-video-preview:-1\" \/>\n<link rel=\"canonical\" href=\"https:\/\/www.regnovet.com\/tr\/urun\/regnomix-rom-02\/\" \/>\n<meta property=\"og:locale\" content=\"tr_TR\" \/>\n<meta property=\"og:type\" content=\"article\" \/>\n<meta property=\"og:title\" content=\"REGNOMIX RUM %0,2 - regnovet\" \/>\n<meta property=\"og:description\" content=\"S\u0131\u011f\u0131r, koyun ve ke\u00e7i gibi b\u00fcy\u00fckba\u015f hayvanlar\u0131n sa\u011fl\u0131\u011f\u0131n\u0131 ve \u00fcretkenli\u011fini art\u0131rmak i\u00e7in \u00f6zel olarak form\u00fcle edilmi\u015f bir besin takviyesidir. Bu y\u00fcksek kaliteli yem kar\u0131\u015f\u0131m\u0131, optimal b\u00fcy\u00fcme, \u00fcreme ve s\u00fct \u00fcretimini desteklemek i\u00e7in gerekli olan vitaminler, mineraller ve iz elementleri birle\u015ftirir. Dengeleyici bir diyetin korunmas\u0131na yard\u0131mc\u0131 olur ve ruminantlar\u0131n g\u00fc\u00e7l\u00fc bir ba\u011f\u0131\u015f\u0131kl\u0131k sistemi, daha iyi sindirim ve genel canl\u0131l\u0131k i\u00e7in ihtiya\u00e7 duyduklar\u0131 t\u00fcm besinleri almalar\u0131n\u0131 sa\u011flar. Hayvan yemi i\u00e7ine kat\u0131lmak i\u00e7in uygun olan bu premiks, ruminant diyetlerinin besin de\u011ferini art\u0131rmak i\u00e7in pratik bir yol sunar, b\u00f6ylece farkl\u0131 ya\u015fam evreleri ve \u00fcretim taleplerine uygun beslenme ihtiya\u00e7lar\u0131n\u0131 kar\u015f\u0131lar.\" \/>\n<meta property=\"og:url\" content=\"https:\/\/www.regnovet.com\/tr\/urun\/regnomix-rom-02\/\" \/>\n<meta property=\"og:site_name\" content=\"regnovet\" \/>\n<meta property=\"article:publisher\" content=\"https:\/\/www.facebook.com\/people\/RegnoVet\/61571321505220\/\" \/>\n<meta property=\"article:modified_time\" content=\"2025-02-11T08:44:54+00:00\" \/>\n<meta property=\"og:image\" content=\"https:\/\/www.regnovet.com\/wp-content\/uploads\/2024\/11\/RUM-02.jpg\" \/>\n\t<meta property=\"og:image:width\" content=\"700\" \/>\n\t<meta property=\"og:image:height\" content=\"700\" \/>\n\t<meta property=\"og:image:type\" content=\"image\/jpeg\" \/>\n<meta name=\"twitter:card\" content=\"summary_large_image\" \/>\n<script type=\"application\/ld+json\" class=\"yoast-schema-graph\">{\"@context\":\"https:\/\/schema.org\",\"@graph\":[{\"@type\":\"WebPage\",\"@id\":\"https:\/\/www.regnovet.com\/tr\/urun\/regnomix-rom-02\/\",\"url\":\"https:\/\/www.regnovet.com\/tr\/urun\/regnomix-rom-02\/\",\"name\":\"REGNOMIX RUM %0,2 - regnovet\",\"isPartOf\":{\"@id\":\"https:\/\/www.regnovet.com\/tr\/#website\"},\"primaryImageOfPage\":{\"@id\":\"https:\/\/www.regnovet.com\/tr\/urun\/regnomix-rom-02\/#primaryimage\"},\"image\":{\"@id\":\"https:\/\/www.regnovet.com\/tr\/urun\/regnomix-rom-02\/#primaryimage\"},\"thumbnailUrl\":\"https:\/\/www.regnovet.com\/wp-content\/uploads\/2024\/11\/RUM-02-2.jpg\",\"datePublished\":\"2024-11-07T13:35:24+00:00\",\"dateModified\":\"2025-02-11T08:44:54+00:00\",\"breadcrumb\":{\"@id\":\"https:\/\/www.regnovet.com\/tr\/urun\/regnomix-rom-02\/#breadcrumb\"},\"inLanguage\":\"tr\",\"potentialAction\":[{\"@type\":\"ReadAction\",\"target\":[\"https:\/\/www.regnovet.com\/tr\/urun\/regnomix-rom-02\/\"]}]},{\"@type\":\"ImageObject\",\"inLanguage\":\"tr\",\"@id\":\"https:\/\/www.regnovet.com\/tr\/urun\/regnomix-rom-02\/#primaryimage\",\"url\":\"https:\/\/www.regnovet.com\/wp-content\/uploads\/2024\/11\/RUM-02-2.jpg\",\"contentUrl\":\"https:\/\/www.regnovet.com\/wp-content\/uploads\/2024\/11\/RUM-02-2.jpg\",\"width\":700,\"height\":700},{\"@type\":\"BreadcrumbList\",\"@id\":\"https:\/\/www.regnovet.com\/tr\/urun\/regnomix-rom-02\/#breadcrumb\",\"itemListElement\":[{\"@type\":\"ListItem\",\"position\":1,\"name\":\"Home\",\"item\":\"https:\/\/www.regnovet.com\/tr\/\"},{\"@type\":\"ListItem\",\"position\":2,\"name\":\"\u00dcr\u00fcnler\",\"item\":\"https:\/\/www.regnovet.com\/products\/\"},{\"@type\":\"ListItem\",\"position\":3,\"name\":\"REGNOMIX RUM %0,2\"}]},{\"@type\":\"WebSite\",\"@id\":\"https:\/\/www.regnovet.com\/tr\/#website\",\"url\":\"https:\/\/www.regnovet.com\/tr\/\",\"name\":\"regnovet\",\"description\":\"\",\"publisher\":{\"@id\":\"https:\/\/www.regnovet.com\/tr\/#organization\"},\"potentialAction\":[{\"@type\":\"SearchAction\",\"target\":{\"@type\":\"EntryPoint\",\"urlTemplate\":\"https:\/\/www.regnovet.com\/tr\/?s={search_term_string}\"},\"query-input\":{\"@type\":\"PropertyValueSpecification\",\"valueRequired\":true,\"valueName\":\"search_term_string\"}}],\"inLanguage\":\"tr\"},{\"@type\":\"Organization\",\"@id\":\"https:\/\/www.regnovet.com\/tr\/#organization\",\"name\":\"regnovet\",\"url\":\"https:\/\/www.regnovet.com\/tr\/\",\"logo\":{\"@type\":\"ImageObject\",\"inLanguage\":\"tr\",\"@id\":\"https:\/\/www.regnovet.com\/tr\/#\/schema\/logo\/image\/\",\"url\":\"https:\/\/www.regnovet.com\/wp-content\/uploads\/2024\/09\/cropped-512.png\",\"contentUrl\":\"https:\/\/www.regnovet.com\/wp-content\/uploads\/2024\/09\/cropped-512.png\",\"width\":512,\"height\":512,\"caption\":\"regnovet\"},\"image\":{\"@id\":\"https:\/\/www.regnovet.com\/tr\/#\/schema\/logo\/image\/\"},\"sameAs\":[\"https:\/\/www.facebook.com\/people\/RegnoVet\/61571321505220\/\"]}]}<\/script>\n<!-- \/ Yoast SEO plugin. -->","yoast_head_json":{"title":"REGNOMIX RUM %0,2 - regnovet","robots":{"index":"index","follow":"follow","max-snippet":"max-snippet:-1","max-image-preview":"max-image-preview:large","max-video-preview":"max-video-preview:-1"},"canonical":"https:\/\/www.regnovet.com\/tr\/urun\/regnomix-rom-02\/","og_locale":"tr_TR","og_type":"article","og_title":"REGNOMIX RUM %0,2 - regnovet","og_description":"S\u0131\u011f\u0131r, koyun ve ke\u00e7i gibi b\u00fcy\u00fckba\u015f hayvanlar\u0131n sa\u011fl\u0131\u011f\u0131n\u0131 ve \u00fcretkenli\u011fini art\u0131rmak i\u00e7in \u00f6zel olarak form\u00fcle edilmi\u015f bir besin takviyesidir. Bu y\u00fcksek kaliteli yem kar\u0131\u015f\u0131m\u0131, optimal b\u00fcy\u00fcme, \u00fcreme ve s\u00fct \u00fcretimini desteklemek i\u00e7in gerekli olan vitaminler, mineraller ve iz elementleri birle\u015ftirir. Dengeleyici bir diyetin korunmas\u0131na yard\u0131mc\u0131 olur ve ruminantlar\u0131n g\u00fc\u00e7l\u00fc bir ba\u011f\u0131\u015f\u0131kl\u0131k sistemi, daha iyi sindirim ve genel canl\u0131l\u0131k i\u00e7in ihtiya\u00e7 duyduklar\u0131 t\u00fcm besinleri almalar\u0131n\u0131 sa\u011flar. Hayvan yemi i\u00e7ine kat\u0131lmak i\u00e7in uygun olan bu premiks, ruminant diyetlerinin besin de\u011ferini art\u0131rmak i\u00e7in pratik bir yol sunar, b\u00f6ylece farkl\u0131 ya\u015fam evreleri ve \u00fcretim taleplerine uygun beslenme ihtiya\u00e7lar\u0131n\u0131 kar\u015f\u0131lar.","og_url":"https:\/\/www.regnovet.com\/tr\/urun\/regnomix-rom-02\/","og_site_name":"regnovet","article_publisher":"https:\/\/www.facebook.com\/people\/RegnoVet\/61571321505220\/","article_modified_time":"2025-02-11T08:44:54+00:00","og_image":[{"width":700,"height":700,"url":"https:\/\/www.regnovet.com\/wp-content\/uploads\/2024\/11\/RUM-02.jpg","type":"image\/jpeg"}],"twitter_card":"summary_large_image","schema":{"@context":"https:\/\/schema.org","@graph":[{"@type":"WebPage","@id":"https:\/\/www.regnovet.com\/tr\/urun\/regnomix-rom-02\/","url":"https:\/\/www.regnovet.com\/tr\/urun\/regnomix-rom-02\/","name":"REGNOMIX RUM %0,2 - regnovet","isPartOf":{"@id":"https:\/\/www.regnovet.com\/tr\/#website"},"primaryImageOfPage":{"@id":"https:\/\/www.regnovet.com\/tr\/urun\/regnomix-rom-02\/#primaryimage"},"image":{"@id":"https:\/\/www.regnovet.com\/tr\/urun\/regnomix-rom-02\/#primaryimage"},"thumbnailUrl":"https:\/\/www.regnovet.com\/wp-content\/uploads\/2024\/11\/RUM-02-2.jpg","datePublished":"2024-11-07T13:35:24+00:00","dateModified":"2025-02-11T08:44:54+00:00","breadcrumb":{"@id":"https:\/\/www.regnovet.com\/tr\/urun\/regnomix-rom-02\/#breadcrumb"},"inLanguage":"tr","potentialAction":[{"@type":"ReadAction","target":["https:\/\/www.regnovet.com\/tr\/urun\/regnomix-rom-02\/"]}]},{"@type":"ImageObject","inLanguage":"tr","@id":"https:\/\/www.regnovet.com\/tr\/urun\/regnomix-rom-02\/#primaryimage","url":"https:\/\/www.regnovet.com\/wp-content\/uploads\/2024\/11\/RUM-02-2.jpg","contentUrl":"https:\/\/www.regnovet.com\/wp-content\/uploads\/2024\/11\/RUM-02-2.jpg","width":700,"height":700},{"@type":"BreadcrumbList","@id":"https:\/\/www.regnovet.com\/tr\/urun\/regnomix-rom-02\/#breadcrumb","itemListElement":[{"@type":"ListItem","position":1,"name":"Home","item":"https:\/\/www.regnovet.com\/tr\/"},{"@type":"ListItem","position":2,"name":"\u00dcr\u00fcnler","item":"https:\/\/www.regnovet.com\/products\/"},{"@type":"ListItem","position":3,"name":"REGNOMIX RUM %0,2"}]},{"@type":"WebSite","@id":"https:\/\/www.regnovet.com\/tr\/#website","url":"https:\/\/www.regnovet.com\/tr\/","name":"regnovet","description":"","publisher":{"@id":"https:\/\/www.regnovet.com\/tr\/#organization"},"potentialAction":[{"@type":"SearchAction","target":{"@type":"EntryPoint","urlTemplate":"https:\/\/www.regnovet.com\/tr\/?s={search_term_string}"},"query-input":{"@type":"PropertyValueSpecification","valueRequired":true,"valueName":"search_term_string"}}],"inLanguage":"tr"},{"@type":"Organization","@id":"https:\/\/www.regnovet.com\/tr\/#organization","name":"regnovet","url":"https:\/\/www.regnovet.com\/tr\/","logo":{"@type":"ImageObject","inLanguage":"tr","@id":"https:\/\/www.regnovet.com\/tr\/#\/schema\/logo\/image\/","url":"https:\/\/www.regnovet.com\/wp-content\/uploads\/2024\/09\/cropped-512.png","contentUrl":"https:\/\/www.regnovet.com\/wp-content\/uploads\/2024\/09\/cropped-512.png","width":512,"height":512,"caption":"regnovet"},"image":{"@id":"https:\/\/www.regnovet.com\/tr\/#\/schema\/logo\/image\/"},"sameAs":["https:\/\/www.facebook.com\/people\/RegnoVet\/61571321505220\/"]}]}},"_links":{"self":[{"href":"https:\/\/www.regnovet.com\/tr\/wp-json\/wp\/v2\/product\/29642","targetHints":{"allow":["GET"]}}],"collection":[{"href":"https:\/\/www.regnovet.com\/tr\/wp-json\/wp\/v2\/product"}],"about":[{"href":"https:\/\/www.regnovet.com\/tr\/wp-json\/wp\/v2\/types\/product"}],"version-history":[{"count":2,"href":"https:\/\/www.regnovet.com\/tr\/wp-json\/wp\/v2\/product\/29642\/revisions"}],"predecessor-version":[{"id":31273,"href":"https:\/\/www.regnovet.com\/tr\/wp-json\/wp\/v2\/product\/29642\/revisions\/31273"}],"wp:featuredmedia":[{"embeddable":true,"href":"https:\/\/www.regnovet.com\/tr\/wp-json\/wp\/v2\/media\/31835"}],"wp:attachment":[{"href":"https:\/\/www.regnovet.com\/tr\/wp-json\/wp\/v2\/media?parent=29642"}],"wp:term":[{"taxonomy":"product_cat","embeddable":true,"href":"https:\/\/www.regnovet.com\/tr\/wp-json\/wp\/v2\/product_cat?post=29642"},{"taxonomy":"product_tag","embeddable":true,"href":"https:\/\/www.regnovet.com\/tr\/wp-json\/wp\/v2\/product_tag?post=29642"}],"curies":[{"name":"wp","href":"https:\/\/api.w.org\/{rel}","templated":true}]}}