{"id":29653,"date":"2024-11-11T08:54:23","date_gmt":"2024-11-11T08:54:23","guid":{"rendered":"https:\/\/www.regnovet.com\/index.php\/product\/povi-guard\/"},"modified":"2025-04-03T07:33:49","modified_gmt":"2025-04-03T07:33:49","slug":"povi-guard","status":"publish","type":"product","link":"https:\/\/www.regnovet.com\/tr\/urun\/povi-guard\/","title":{"rendered":"POVI-GUARD"},"content":{"rendered":"\t\t<div data-elementor-type=\"wp-post\" data-elementor-id=\"29653\" class=\"elementor elementor-29653 elementor-28731\">\n\t\t\t\t<div class=\"wd-negative-gap elementor-element elementor-element-9edd08c e-flex e-con-boxed e-con e-parent\" data-id=\"9edd08c\" data-element_type=\"container\" data-e-type=\"container\">\n\t\t\t\t\t<div class=\"e-con-inner\">\n\t\t\t\t<div class=\"elementor-element elementor-element-810bc54 elementor-widget elementor-widget-toggle\" data-id=\"810bc54\" data-element_type=\"widget\" data-e-type=\"widget\" data-widget_type=\"toggle.default\">\n\t\t\t\t<div class=\"elementor-widget-container\">\n\t\t\t\t\t\t\t<div class=\"elementor-toggle\">\n\t\t\t\t\t\t\t<div class=\"elementor-toggle-item\">\n\t\t\t\t\t<div id=\"elementor-tab-title-1351\" class=\"elementor-tab-title\" data-tab=\"1\" role=\"button\" aria-controls=\"elementor-tab-content-1351\" aria-expanded=\"false\">\n\t\t\t\t\t\t\t\t\t\t\t\t<span class=\"elementor-toggle-icon elementor-toggle-icon-left\" aria-hidden=\"true\">\n\t\t\t\t\t\t\t\t\t\t\t\t\t\t\t<span class=\"elementor-toggle-icon-closed\"><svg class=\"e-font-icon-svg e-fas-caret-right\" viewBox=\"0 0 192 512\" xmlns=\"http:\/\/www.w3.org\/2000\/svg\"><path d=\"M0 384.662V127.338c0-17.818 21.543-26.741 34.142-14.142l128.662 128.662c7.81 7.81 7.81 20.474 0 28.284L34.142 398.804C21.543 411.404 0 402.48 0 384.662z\"><\/path><\/svg><\/span>\n\t\t\t\t\t\t\t\t<span class=\"elementor-toggle-icon-opened\"><svg class=\"elementor-toggle-icon-opened e-font-icon-svg e-fas-caret-up\" viewBox=\"0 0 320 512\" xmlns=\"http:\/\/www.w3.org\/2000\/svg\"><path d=\"M288.662 352H31.338c-17.818 0-26.741-21.543-14.142-34.142l128.662-128.662c7.81-7.81 20.474-7.81 28.284 0l128.662 128.662c12.6 12.599 3.676 34.142-14.142 34.142z\"><\/path><\/svg><\/span>\n\t\t\t\t\t\t\t\t\t\t\t\t\t<\/span>\n\t\t\t\t\t\t\t\t\t\t\t\t<a class=\"elementor-toggle-title\" tabindex=\"0\">KULLANIM ALANI:<\/a>\n\t\t\t\t\t<\/div>\n\n\t\t\t\t\t<div id=\"elementor-tab-content-1351\" class=\"elementor-tab-content elementor-clearfix\" data-tab=\"1\" role=\"region\" aria-labelledby=\"elementor-tab-title-1351\"><p>S\u00fct \u00e7iftliklerinde, sa\u011f\u0131m \u00f6ncesi ineklerin meme dezenfeksiyonunda kullan\u0131lmak i\u00e7in uygundur. E.coli, P.aeruginosa, E.hirae, P.vulgaris, C.albicans gibi bakterilere kar\u015f\u0131 koruma sa\u011flar.<\/p>\n<\/div>\n\t\t\t\t<\/div>\n\t\t\t\t\t\t\t<div class=\"elementor-toggle-item\">\n\t\t\t\t\t<div id=\"elementor-tab-title-1352\" class=\"elementor-tab-title\" data-tab=\"2\" role=\"button\" aria-controls=\"elementor-tab-content-1352\" aria-expanded=\"false\">\n\t\t\t\t\t\t\t\t\t\t\t\t<span class=\"elementor-toggle-icon elementor-toggle-icon-left\" aria-hidden=\"true\">\n\t\t\t\t\t\t\t\t\t\t\t\t\t\t\t<span class=\"elementor-toggle-icon-closed\"><svg class=\"e-font-icon-svg e-fas-caret-right\" viewBox=\"0 0 192 512\" xmlns=\"http:\/\/www.w3.org\/2000\/svg\"><path d=\"M0 384.662V127.338c0-17.818 21.543-26.741 34.142-14.142l128.662 128.662c7.81 7.81 7.81 20.474 0 28.284L34.142 398.804C21.543 411.404 0 402.48 0 384.662z\"><\/path><\/svg><\/span>\n\t\t\t\t\t\t\t\t<span class=\"elementor-toggle-icon-opened\"><svg class=\"elementor-toggle-icon-opened e-font-icon-svg e-fas-caret-up\" viewBox=\"0 0 320 512\" xmlns=\"http:\/\/www.w3.org\/2000\/svg\"><path d=\"M288.662 352H31.338c-17.818 0-26.741-21.543-14.142-34.142l128.662-128.662c7.81-7.81 20.474-7.81 28.284 0l128.662 128.662c12.6 12.599 3.676 34.142-14.142 34.142z\"><\/path><\/svg><\/span>\n\t\t\t\t\t\t\t\t\t\t\t\t\t<\/span>\n\t\t\t\t\t\t\t\t\t\t\t\t<a class=\"elementor-toggle-title\" tabindex=\"0\">UYGULAMA Y\u00d6NTEMI:<\/a>\n\t\t\t\t\t<\/div>\n\n\t\t\t\t\t<div id=\"elementor-tab-content-1352\" class=\"elementor-tab-content elementor-clearfix\" data-tab=\"2\" role=\"region\" aria-labelledby=\"elementor-tab-title-1352\"><p>Spray tabancas\u0131 ile kullan\u0131ld\u0131\u011f\u0131nda, hayvan\u0131n memesi \u00fcr\u00fcn ile kaplan\u0131r ve durulama veya kapama engelini kald\u0131rmadan b\u0131rak\u0131l\u0131r. Dald\u0131rma aparat\u0131 ile kullan\u0131ld\u0131\u011f\u0131nda, hayvan\u0131n memesini i\u00e7indeki \u00e7\u00f6zeltide birka\u00e7 saniye beklettikten sonra yine durulama veya kapama engelini kald\u0131rmadan b\u0131rak\u0131l\u0131r. Bu i\u015flem her sa\u011f\u0131m \u00f6ncesi yap\u0131lmal\u0131d\u0131r. Uygulama sonras\u0131 hayvanlar\u0131n yatmalar\u0131na izin verilmemelidir.<\/p>\n<\/div>\n\t\t\t\t<\/div>\n\t\t\t\t\t\t\t<div class=\"elementor-toggle-item\">\n\t\t\t\t\t<div id=\"elementor-tab-title-1353\" class=\"elementor-tab-title\" data-tab=\"3\" role=\"button\" aria-controls=\"elementor-tab-content-1353\" aria-expanded=\"false\">\n\t\t\t\t\t\t\t\t\t\t\t\t<span class=\"elementor-toggle-icon elementor-toggle-icon-left\" aria-hidden=\"true\">\n\t\t\t\t\t\t\t\t\t\t\t\t\t\t\t<span class=\"elementor-toggle-icon-closed\"><svg class=\"e-font-icon-svg e-fas-caret-right\" viewBox=\"0 0 192 512\" xmlns=\"http:\/\/www.w3.org\/2000\/svg\"><path d=\"M0 384.662V127.338c0-17.818 21.543-26.741 34.142-14.142l128.662 128.662c7.81 7.81 7.81 20.474 0 28.284L34.142 398.804C21.543 411.404 0 402.48 0 384.662z\"><\/path><\/svg><\/span>\n\t\t\t\t\t\t\t\t<span class=\"elementor-toggle-icon-opened\"><svg class=\"elementor-toggle-icon-opened e-font-icon-svg e-fas-caret-up\" viewBox=\"0 0 320 512\" xmlns=\"http:\/\/www.w3.org\/2000\/svg\"><path d=\"M288.662 352H31.338c-17.818 0-26.741-21.543-14.142-34.142l128.662-128.662c7.81-7.81 20.474-7.81 28.284 0l128.662 128.662c12.6 12.599 3.676 34.142-14.142 34.142z\"><\/path><\/svg><\/span>\n\t\t\t\t\t\t\t\t\t\t\t\t\t<\/span>\n\t\t\t\t\t\t\t\t\t\t\t\t<a class=\"elementor-toggle-title\" tabindex=\"0\">KIMYASAL BILE\u015eIM:<\/a>\n\t\t\t\t\t<\/div>\n\n\t\t\t\t\t<div id=\"elementor-tab-content-1353\" class=\"elementor-tab-content elementor-clearfix\" data-tab=\"3\" role=\"region\" aria-labelledby=\"elementor-tab-title-1353\"><p>Uygulamadan sonra hayvanlar\u0131n yatmas\u0131na izin verilmemelidir.<\/p>\n<table>\n<tbody>\n<tr>\n<td width=\"118\">\n<p><strong>&nbsp;<\/strong><\/p>\n<p><b>ETKEN MADDE ADI<\/b><\/p>\n<\/td>\n<td width=\"118\">\n<p><strong>&nbsp;<\/strong><\/p>\n<p><b>KONSANTRASYON (%)<\/b><\/p>\n<\/td>\n<\/tr>\n<tr>\n<td width=\"118\">\n<p><strong>&nbsp;<\/strong><\/p>\n<p>Povidon \u0130yot<\/p>\n<\/td>\n<td width=\"118\">\n<p><strong>&nbsp;<\/strong><\/p>\n<p>&nbsp; &nbsp; &nbsp; &nbsp; &nbsp; &nbsp; &nbsp; &nbsp; &nbsp;5<\/p>\n<\/td>\n<\/tr>\n<tr>\n<td colspan=\"2\" width=\"236\">\n<p><strong>&nbsp;<\/strong><\/p>\n<p>Gliserin. Di\u011fer Nemlendiriciler ve Deiyonize Su <\/p>\n<\/td>\n<\/tr>\n<\/tbody>\n<\/table>\n<\/div>\n\t\t\t\t<\/div>\n\t\t\t\t\t\t\t\t<\/div>\n\t\t\t\t\t\t<\/div>\n\t\t\t\t<\/div>\n\t\t\t\t\t<\/div>\n\t\t\t\t<\/div>\n\t\t\t\t<\/div>\n\t\t","protected":false},"excerpt":{"rendered":"<p class=\"\" data-start=\"720\" data-end=\"795\">\u0130yot i\u00e7eren, \u00f6zellikle hayvan \u00e7iftlikleri i\u00e7in tasarlanm\u0131\u015f bir dezenfektan.<\/p>\n<p class=\"\" data-start=\"797\" data-end=\"1166\">Bu dezenfektan, iyot i\u00e7eren etkili bir form\u00fclasyona sahiptir, bu da onu tar\u0131msal ortamlarda yay\u0131labilecek mikroplar\u0131 ve mikroplar\u0131 ortadan kald\u0131rmak i\u00e7in ideal k\u0131lar. \u0130yot, bakteriler, vir\u00fcsler ve mantarlar\u0131 \u00f6ld\u00fcrmedeki g\u00fc\u00e7l\u00fc \u00f6zellikleriyle bilinir ve bu da hayvan sa\u011fl\u0131\u011f\u0131n\u0131 korumaya ve \u00e7iftlik i\u00e7indeki enfeksiyon hastal\u0131klar\u0131n\u0131n yay\u0131lmas\u0131n\u0131 engellemeye yard\u0131mc\u0131 olur.<\/p>\n<p class=\"\" data-start=\"1168\" data-end=\"1395\">Bu dezenfektan, ah\u0131rlarda, ekipmanlarda ve hayvanlar\u0131n \u00e7evresinde etkili ve h\u0131zl\u0131 bir dezenfeksiyon sa\u011flamak i\u00e7in m\u00fckemmeldir. Temiz ve g\u00fcvenli bir ortam yaratarak hayvanlar\u0131n genel sa\u011fl\u0131\u011f\u0131n\u0131 iyile\u015ftirir ve verimlili\u011fi art\u0131r\u0131r.<\/p>\n","protected":false},"featured_media":29369,"template":"","meta":[],"product_cat":[159],"product_tag":[],"class_list":{"0":"post-29653","1":"product","2":"type-product","3":"status-publish","4":"has-post-thumbnail","6":"product_cat-antiseptikler","8":"first","9":"instock","10":"shipping-taxable","11":"product-type-simple"},"yoast_head":"<!-- This site is optimized with the Yoast SEO plugin v24.1 - https:\/\/yoast.com\/wordpress\/plugins\/seo\/ -->\n<title>POVI-GUARD - regnovet<\/title>\n<meta name=\"robots\" content=\"index, follow, max-snippet:-1, max-image-preview:large, max-video-preview:-1\" \/>\n<link rel=\"canonical\" href=\"https:\/\/www.regnovet.com\/tr\/urun\/povi-guard\/\" \/>\n<meta property=\"og:locale\" content=\"tr_TR\" \/>\n<meta property=\"og:type\" content=\"article\" \/>\n<meta property=\"og:title\" content=\"POVI-GUARD - regnovet\" \/>\n<meta property=\"og:description\" content=\"\u0130yot i\u00e7eren, \u00f6zellikle hayvan \u00e7iftlikleri i\u00e7in tasarlanm\u0131\u015f bir dezenfektan. Bu dezenfektan, iyot i\u00e7eren etkili bir form\u00fclasyona sahiptir, bu da onu tar\u0131msal ortamlarda yay\u0131labilecek mikroplar\u0131 ve mikroplar\u0131 ortadan kald\u0131rmak i\u00e7in ideal k\u0131lar. \u0130yot, bakteriler, vir\u00fcsler ve mantarlar\u0131 \u00f6ld\u00fcrmedeki g\u00fc\u00e7l\u00fc \u00f6zellikleriyle bilinir ve bu da hayvan sa\u011fl\u0131\u011f\u0131n\u0131 korumaya ve \u00e7iftlik i\u00e7indeki enfeksiyon hastal\u0131klar\u0131n\u0131n yay\u0131lmas\u0131n\u0131 engellemeye yard\u0131mc\u0131 olur. Bu dezenfektan, ah\u0131rlarda, ekipmanlarda ve hayvanlar\u0131n \u00e7evresinde etkili ve h\u0131zl\u0131 bir dezenfeksiyon sa\u011flamak i\u00e7in m\u00fckemmeldir. Temiz ve g\u00fcvenli bir ortam yaratarak hayvanlar\u0131n genel sa\u011fl\u0131\u011f\u0131n\u0131 iyile\u015ftirir ve verimlili\u011fi art\u0131r\u0131r.\" \/>\n<meta property=\"og:url\" content=\"https:\/\/www.regnovet.com\/tr\/urun\/povi-guard\/\" \/>\n<meta property=\"og:site_name\" content=\"regnovet\" \/>\n<meta property=\"article:publisher\" content=\"https:\/\/www.facebook.com\/people\/RegnoVet\/61571321505220\/\" \/>\n<meta property=\"article:modified_time\" content=\"2025-04-03T07:33:49+00:00\" \/>\n<meta property=\"og:image\" content=\"https:\/\/www.regnovet.com\/wp-content\/uploads\/2024\/11\/POVI-GUARD-010.jpg\" \/>\n\t<meta property=\"og:image:width\" content=\"700\" \/>\n\t<meta property=\"og:image:height\" content=\"700\" \/>\n\t<meta property=\"og:image:type\" content=\"image\/jpeg\" \/>\n<meta name=\"twitter:card\" content=\"summary_large_image\" \/>\n<meta name=\"twitter:label1\" content=\"Tahmini okuma s\u00fcresi\" \/>\n\t<meta name=\"twitter:data1\" content=\"1 dakika\" \/>\n<script type=\"application\/ld+json\" class=\"yoast-schema-graph\">{\"@context\":\"https:\/\/schema.org\",\"@graph\":[{\"@type\":\"WebPage\",\"@id\":\"https:\/\/www.regnovet.com\/tr\/urun\/povi-guard\/\",\"url\":\"https:\/\/www.regnovet.com\/tr\/urun\/povi-guard\/\",\"name\":\"POVI-GUARD - regnovet\",\"isPartOf\":{\"@id\":\"https:\/\/www.regnovet.com\/tr\/#website\"},\"primaryImageOfPage\":{\"@id\":\"https:\/\/www.regnovet.com\/tr\/urun\/povi-guard\/#primaryimage\"},\"image\":{\"@id\":\"https:\/\/www.regnovet.com\/tr\/urun\/povi-guard\/#primaryimage\"},\"thumbnailUrl\":\"https:\/\/www.regnovet.com\/wp-content\/uploads\/2024\/11\/POVI-GUARD-010.jpg\",\"datePublished\":\"2024-11-11T08:54:23+00:00\",\"dateModified\":\"2025-04-03T07:33:49+00:00\",\"breadcrumb\":{\"@id\":\"https:\/\/www.regnovet.com\/tr\/urun\/povi-guard\/#breadcrumb\"},\"inLanguage\":\"tr\",\"potentialAction\":[{\"@type\":\"ReadAction\",\"target\":[\"https:\/\/www.regnovet.com\/tr\/urun\/povi-guard\/\"]}]},{\"@type\":\"ImageObject\",\"inLanguage\":\"tr\",\"@id\":\"https:\/\/www.regnovet.com\/tr\/urun\/povi-guard\/#primaryimage\",\"url\":\"https:\/\/www.regnovet.com\/wp-content\/uploads\/2024\/11\/POVI-GUARD-010.jpg\",\"contentUrl\":\"https:\/\/www.regnovet.com\/wp-content\/uploads\/2024\/11\/POVI-GUARD-010.jpg\",\"width\":700,\"height\":700},{\"@type\":\"BreadcrumbList\",\"@id\":\"https:\/\/www.regnovet.com\/tr\/urun\/povi-guard\/#breadcrumb\",\"itemListElement\":[{\"@type\":\"ListItem\",\"position\":1,\"name\":\"Home\",\"item\":\"https:\/\/www.regnovet.com\/tr\/\"},{\"@type\":\"ListItem\",\"position\":2,\"name\":\"\u00dcr\u00fcnler\",\"item\":\"https:\/\/www.regnovet.com\/products\/\"},{\"@type\":\"ListItem\",\"position\":3,\"name\":\"POVI-GUARD\"}]},{\"@type\":\"WebSite\",\"@id\":\"https:\/\/www.regnovet.com\/tr\/#website\",\"url\":\"https:\/\/www.regnovet.com\/tr\/\",\"name\":\"regnovet\",\"description\":\"\",\"publisher\":{\"@id\":\"https:\/\/www.regnovet.com\/tr\/#organization\"},\"potentialAction\":[{\"@type\":\"SearchAction\",\"target\":{\"@type\":\"EntryPoint\",\"urlTemplate\":\"https:\/\/www.regnovet.com\/tr\/?s={search_term_string}\"},\"query-input\":{\"@type\":\"PropertyValueSpecification\",\"valueRequired\":true,\"valueName\":\"search_term_string\"}}],\"inLanguage\":\"tr\"},{\"@type\":\"Organization\",\"@id\":\"https:\/\/www.regnovet.com\/tr\/#organization\",\"name\":\"regnovet\",\"url\":\"https:\/\/www.regnovet.com\/tr\/\",\"logo\":{\"@type\":\"ImageObject\",\"inLanguage\":\"tr\",\"@id\":\"https:\/\/www.regnovet.com\/tr\/#\/schema\/logo\/image\/\",\"url\":\"https:\/\/www.regnovet.com\/wp-content\/uploads\/2024\/09\/cropped-512.png\",\"contentUrl\":\"https:\/\/www.regnovet.com\/wp-content\/uploads\/2024\/09\/cropped-512.png\",\"width\":512,\"height\":512,\"caption\":\"regnovet\"},\"image\":{\"@id\":\"https:\/\/www.regnovet.com\/tr\/#\/schema\/logo\/image\/\"},\"sameAs\":[\"https:\/\/www.facebook.com\/people\/RegnoVet\/61571321505220\/\"]}]}<\/script>\n<!-- \/ Yoast SEO plugin. -->","yoast_head_json":{"title":"POVI-GUARD - regnovet","robots":{"index":"index","follow":"follow","max-snippet":"max-snippet:-1","max-image-preview":"max-image-preview:large","max-video-preview":"max-video-preview:-1"},"canonical":"https:\/\/www.regnovet.com\/tr\/urun\/povi-guard\/","og_locale":"tr_TR","og_type":"article","og_title":"POVI-GUARD - regnovet","og_description":"\u0130yot i\u00e7eren, \u00f6zellikle hayvan \u00e7iftlikleri i\u00e7in tasarlanm\u0131\u015f bir dezenfektan. Bu dezenfektan, iyot i\u00e7eren etkili bir form\u00fclasyona sahiptir, bu da onu tar\u0131msal ortamlarda yay\u0131labilecek mikroplar\u0131 ve mikroplar\u0131 ortadan kald\u0131rmak i\u00e7in ideal k\u0131lar. \u0130yot, bakteriler, vir\u00fcsler ve mantarlar\u0131 \u00f6ld\u00fcrmedeki g\u00fc\u00e7l\u00fc \u00f6zellikleriyle bilinir ve bu da hayvan sa\u011fl\u0131\u011f\u0131n\u0131 korumaya ve \u00e7iftlik i\u00e7indeki enfeksiyon hastal\u0131klar\u0131n\u0131n yay\u0131lmas\u0131n\u0131 engellemeye yard\u0131mc\u0131 olur. Bu dezenfektan, ah\u0131rlarda, ekipmanlarda ve hayvanlar\u0131n \u00e7evresinde etkili ve h\u0131zl\u0131 bir dezenfeksiyon sa\u011flamak i\u00e7in m\u00fckemmeldir. Temiz ve g\u00fcvenli bir ortam yaratarak hayvanlar\u0131n genel sa\u011fl\u0131\u011f\u0131n\u0131 iyile\u015ftirir ve verimlili\u011fi art\u0131r\u0131r.","og_url":"https:\/\/www.regnovet.com\/tr\/urun\/povi-guard\/","og_site_name":"regnovet","article_publisher":"https:\/\/www.facebook.com\/people\/RegnoVet\/61571321505220\/","article_modified_time":"2025-04-03T07:33:49+00:00","og_image":[{"width":700,"height":700,"url":"https:\/\/www.regnovet.com\/wp-content\/uploads\/2024\/11\/POVI-GUARD-010.jpg","type":"image\/jpeg"}],"twitter_card":"summary_large_image","twitter_misc":{"Tahmini okuma s\u00fcresi":"1 dakika"},"schema":{"@context":"https:\/\/schema.org","@graph":[{"@type":"WebPage","@id":"https:\/\/www.regnovet.com\/tr\/urun\/povi-guard\/","url":"https:\/\/www.regnovet.com\/tr\/urun\/povi-guard\/","name":"POVI-GUARD - regnovet","isPartOf":{"@id":"https:\/\/www.regnovet.com\/tr\/#website"},"primaryImageOfPage":{"@id":"https:\/\/www.regnovet.com\/tr\/urun\/povi-guard\/#primaryimage"},"image":{"@id":"https:\/\/www.regnovet.com\/tr\/urun\/povi-guard\/#primaryimage"},"thumbnailUrl":"https:\/\/www.regnovet.com\/wp-content\/uploads\/2024\/11\/POVI-GUARD-010.jpg","datePublished":"2024-11-11T08:54:23+00:00","dateModified":"2025-04-03T07:33:49+00:00","breadcrumb":{"@id":"https:\/\/www.regnovet.com\/tr\/urun\/povi-guard\/#breadcrumb"},"inLanguage":"tr","potentialAction":[{"@type":"ReadAction","target":["https:\/\/www.regnovet.com\/tr\/urun\/povi-guard\/"]}]},{"@type":"ImageObject","inLanguage":"tr","@id":"https:\/\/www.regnovet.com\/tr\/urun\/povi-guard\/#primaryimage","url":"https:\/\/www.regnovet.com\/wp-content\/uploads\/2024\/11\/POVI-GUARD-010.jpg","contentUrl":"https:\/\/www.regnovet.com\/wp-content\/uploads\/2024\/11\/POVI-GUARD-010.jpg","width":700,"height":700},{"@type":"BreadcrumbList","@id":"https:\/\/www.regnovet.com\/tr\/urun\/povi-guard\/#breadcrumb","itemListElement":[{"@type":"ListItem","position":1,"name":"Home","item":"https:\/\/www.regnovet.com\/tr\/"},{"@type":"ListItem","position":2,"name":"\u00dcr\u00fcnler","item":"https:\/\/www.regnovet.com\/products\/"},{"@type":"ListItem","position":3,"name":"POVI-GUARD"}]},{"@type":"WebSite","@id":"https:\/\/www.regnovet.com\/tr\/#website","url":"https:\/\/www.regnovet.com\/tr\/","name":"regnovet","description":"","publisher":{"@id":"https:\/\/www.regnovet.com\/tr\/#organization"},"potentialAction":[{"@type":"SearchAction","target":{"@type":"EntryPoint","urlTemplate":"https:\/\/www.regnovet.com\/tr\/?s={search_term_string}"},"query-input":{"@type":"PropertyValueSpecification","valueRequired":true,"valueName":"search_term_string"}}],"inLanguage":"tr"},{"@type":"Organization","@id":"https:\/\/www.regnovet.com\/tr\/#organization","name":"regnovet","url":"https:\/\/www.regnovet.com\/tr\/","logo":{"@type":"ImageObject","inLanguage":"tr","@id":"https:\/\/www.regnovet.com\/tr\/#\/schema\/logo\/image\/","url":"https:\/\/www.regnovet.com\/wp-content\/uploads\/2024\/09\/cropped-512.png","contentUrl":"https:\/\/www.regnovet.com\/wp-content\/uploads\/2024\/09\/cropped-512.png","width":512,"height":512,"caption":"regnovet"},"image":{"@id":"https:\/\/www.regnovet.com\/tr\/#\/schema\/logo\/image\/"},"sameAs":["https:\/\/www.facebook.com\/people\/RegnoVet\/61571321505220\/"]}]}},"_links":{"self":[{"href":"https:\/\/www.regnovet.com\/tr\/wp-json\/wp\/v2\/product\/29653","targetHints":{"allow":["GET"]}}],"collection":[{"href":"https:\/\/www.regnovet.com\/tr\/wp-json\/wp\/v2\/product"}],"about":[{"href":"https:\/\/www.regnovet.com\/tr\/wp-json\/wp\/v2\/types\/product"}],"version-history":[{"count":5,"href":"https:\/\/www.regnovet.com\/tr\/wp-json\/wp\/v2\/product\/29653\/revisions"}],"predecessor-version":[{"id":31817,"href":"https:\/\/www.regnovet.com\/tr\/wp-json\/wp\/v2\/product\/29653\/revisions\/31817"}],"wp:featuredmedia":[{"embeddable":true,"href":"https:\/\/www.regnovet.com\/tr\/wp-json\/wp\/v2\/media\/29369"}],"wp:attachment":[{"href":"https:\/\/www.regnovet.com\/tr\/wp-json\/wp\/v2\/media?parent=29653"}],"wp:term":[{"taxonomy":"product_cat","embeddable":true,"href":"https:\/\/www.regnovet.com\/tr\/wp-json\/wp\/v2\/product_cat?post=29653"},{"taxonomy":"product_tag","embeddable":true,"href":"https:\/\/www.regnovet.com\/tr\/wp-json\/wp\/v2\/product_tag?post=29653"}],"curies":[{"name":"wp","href":"https:\/\/api.w.org\/{rel}","templated":true}]}}