{"id":29657,"date":"2024-11-11T09:54:06","date_gmt":"2024-11-11T09:54:06","guid":{"rendered":"https:\/\/www.regnovet.com\/index.php\/product\/r-q-clean\/"},"modified":"2025-04-02T08:53:39","modified_gmt":"2025-04-02T08:53:39","slug":"r-q-clean","status":"publish","type":"product","link":"https:\/\/www.regnovet.com\/tr\/urun\/r-q-clean\/","title":{"rendered":"Q-CLEAN"},"content":{"rendered":"\t\t<div data-elementor-type=\"wp-post\" data-elementor-id=\"29657\" class=\"elementor elementor-29657 elementor-28749\">\n\t\t\t\t<div class=\"wd-negative-gap elementor-element elementor-element-d517ee5 e-flex e-con-boxed e-con e-parent\" data-id=\"d517ee5\" data-element_type=\"container\" data-e-type=\"container\">\n\t\t\t\t\t<div class=\"e-con-inner\">\n\t\t\t\t<div class=\"elementor-element elementor-element-3cd572a elementor-widget elementor-widget-toggle\" data-id=\"3cd572a\" data-element_type=\"widget\" data-e-type=\"widget\" data-widget_type=\"toggle.default\">\n\t\t\t\t<div class=\"elementor-widget-container\">\n\t\t\t\t\t\t\t<div class=\"elementor-toggle\">\n\t\t\t\t\t\t\t<div class=\"elementor-toggle-item\">\n\t\t\t\t\t<div id=\"elementor-tab-title-6371\" class=\"elementor-tab-title\" data-tab=\"1\" role=\"button\" aria-controls=\"elementor-tab-content-6371\" aria-expanded=\"false\">\n\t\t\t\t\t\t\t\t\t\t\t\t<span class=\"elementor-toggle-icon elementor-toggle-icon-left\" aria-hidden=\"true\">\n\t\t\t\t\t\t\t\t\t\t\t\t\t\t\t<span class=\"elementor-toggle-icon-closed\"><svg class=\"e-font-icon-svg e-fas-caret-right\" viewBox=\"0 0 192 512\" xmlns=\"http:\/\/www.w3.org\/2000\/svg\"><path d=\"M0 384.662V127.338c0-17.818 21.543-26.741 34.142-14.142l128.662 128.662c7.81 7.81 7.81 20.474 0 28.284L34.142 398.804C21.543 411.404 0 402.48 0 384.662z\"><\/path><\/svg><\/span>\n\t\t\t\t\t\t\t\t<span class=\"elementor-toggle-icon-opened\"><svg class=\"elementor-toggle-icon-opened e-font-icon-svg e-fas-caret-up\" viewBox=\"0 0 320 512\" xmlns=\"http:\/\/www.w3.org\/2000\/svg\"><path d=\"M288.662 352H31.338c-17.818 0-26.741-21.543-14.142-34.142l128.662-128.662c7.81-7.81 20.474-7.81 28.284 0l128.662 128.662c12.6 12.599 3.676 34.142-14.142 34.142z\"><\/path><\/svg><\/span>\n\t\t\t\t\t\t\t\t\t\t\t\t\t<\/span>\n\t\t\t\t\t\t\t\t\t\t\t\t<a class=\"elementor-toggle-title\" tabindex=\"0\">KULLANIM \u015eEKLI:<\/a>\n\t\t\t\t\t<\/div>\n\n\t\t\t\t\t<div id=\"elementor-tab-content-6371\" class=\"elementor-tab-content elementor-clearfix\" data-tab=\"1\" role=\"region\" aria-labelledby=\"elementor-tab-title-6371\"><p><strong>ON LITRE SU I\u00c7INDE<\/strong><\/p>\n<p><strong>\u00a0<\/strong><\/p>\n<table>\n<tbody>\n<tr>\n<td width=\"71\"><b>KULLANIM<\/b><\/td>\n<td width=\"71\">\u00a0 \u00a0 \u00a0<b>K\u00dc\u00c7\u00dcK<\/b><\/td>\n<td width=\"71\">\u00a0 \u00a0<b> ORTA<\/b><\/td>\n<td width=\"71\">\u00a0 \u00a0 <b>B\u00dcY\u00dcK<\/b><\/td>\n<\/tr>\n<tr>\n<td width=\"71\">MAK\u0130NE \u0130\u00c7\u0130NDE<\/td>\n<td width=\"71\">100- 150 gram<\/td>\n<td width=\"71\">200- 250 gram<\/td>\n<td width=\"71\">250- 300 gram<\/td>\n<\/tr>\n<tr>\n<td width=\"71\">MANUEL TEMI\u0307ZLI\u0307K<\/td>\n<td width=\"71\">200- 300 gram<\/td>\n<td width=\"71\">400- 500 gram<\/td>\n<td width=\"71\">500- 600 gram<\/td>\n<\/tr>\n<\/tbody>\n<\/table>\n<p>Daha etkili sonu\u00e7lar i\u00e7in, y\u00fczeylerin ve ekipmanlar\u0131n kaba kirleri suyla temizlenmelidir.<br \/>\nKullan\u0131m oranlar\u0131 yukar\u0131daki tabloda sunulmu\u015ftur.<br \/>\nKullan\u0131m oran\u0131na g\u00f6re haz\u0131rlanan \u00e7\u00f6zeltinin y\u00fczeye veya ekipmana uygulanmas\u0131 gerekir.<br \/>\nKirlenmeye ba\u011fl\u0131 olarak, \u00e7\u00f6zeltinin ya\u011f ve kir ile 10-15 dakika temas etmesi sa\u011flanmal\u0131d\u0131r.<br \/>\nUygulama sonras\u0131 s\u0131cak su ile durulama yap\u0131lmal\u0131d\u0131r.<\/p>\n<\/div>\n\t\t\t\t<\/div>\n\t\t\t\t\t\t\t<div class=\"elementor-toggle-item\">\n\t\t\t\t\t<div id=\"elementor-tab-title-6372\" class=\"elementor-tab-title\" data-tab=\"2\" role=\"button\" aria-controls=\"elementor-tab-content-6372\" aria-expanded=\"false\">\n\t\t\t\t\t\t\t\t\t\t\t\t<span class=\"elementor-toggle-icon elementor-toggle-icon-left\" aria-hidden=\"true\">\n\t\t\t\t\t\t\t\t\t\t\t\t\t\t\t<span class=\"elementor-toggle-icon-closed\"><svg class=\"e-font-icon-svg e-fas-caret-right\" viewBox=\"0 0 192 512\" xmlns=\"http:\/\/www.w3.org\/2000\/svg\"><path d=\"M0 384.662V127.338c0-17.818 21.543-26.741 34.142-14.142l128.662 128.662c7.81 7.81 7.81 20.474 0 28.284L34.142 398.804C21.543 411.404 0 402.48 0 384.662z\"><\/path><\/svg><\/span>\n\t\t\t\t\t\t\t\t<span class=\"elementor-toggle-icon-opened\"><svg class=\"elementor-toggle-icon-opened e-font-icon-svg e-fas-caret-up\" viewBox=\"0 0 320 512\" xmlns=\"http:\/\/www.w3.org\/2000\/svg\"><path d=\"M288.662 352H31.338c-17.818 0-26.741-21.543-14.142-34.142l128.662-128.662c7.81-7.81 20.474-7.81 28.284 0l128.662 128.662c12.6 12.599 3.676 34.142-14.142 34.142z\"><\/path><\/svg><\/span>\n\t\t\t\t\t\t\t\t\t\t\t\t\t<\/span>\n\t\t\t\t\t\t\t\t\t\t\t\t<a class=\"elementor-toggle-title\" tabindex=\"0\"><strong>K\u0130MYASAL YAPI:<\/strong><\/a>\n\t\t\t\t\t<\/div>\n\n\t\t\t\t\t<div id=\"elementor-tab-content-6372\" class=\"elementor-tab-content elementor-clearfix\" data-tab=\"2\" role=\"region\" aria-labelledby=\"elementor-tab-title-6372\"><table>\n<tbody>\n<tr>\n<td colspan=\"2\" width=\"238\"><strong>\u00a0<\/strong><\/p>\n<p><strong>bile<\/strong><strong>\u015f<\/strong><strong>im<\/strong><\/p>\n<p>&nbsp;<\/td>\n<\/tr>\n<tr>\n<td width=\"120\"><strong>\u00a0<\/strong><\/p>\n<p>ETK\u0130N MADDE ADI<\/td>\n<td width=\"118\"><strong>\u00a0<\/strong><\/p>\n<p>KONSANTRASYON (%)<\/td>\n<\/tr>\n<tr>\n<td width=\"120\">Fosforik asit<\/td>\n<td width=\"118\">35<\/p>\n<p>&nbsp;<\/td>\n<\/tr>\n<tr>\n<td width=\"120\">propantrikarboksilik asit<\/td>\n<td width=\"118\">3<\/td>\n<\/tr>\n<tr>\n<td width=\"120\">Benzalkonyum klor\u00fcr<\/td>\n<td width=\"118\">&lt; 10<\/td>\n<\/tr>\n<\/tbody>\n<\/table>\n<\/div>\n\t\t\t\t<\/div>\n\t\t\t\t\t\t\t\t<\/div>\n\t\t\t\t\t\t<\/div>\n\t\t\t\t<\/div>\n\t\t\t\t\t<\/div>\n\t\t\t\t<\/div>\n\t\t\t\t<\/div>\n\t\t","protected":false},"excerpt":{"rendered":"<p>Hayvansal ve bitkisel ya\u011flar\u0131, kirleri, kire\u00e7 lekelerini ve tortular\u0131, \u00f6zellikle et kesimhanelerinde, g\u0131da tesislerinden temizlemek i\u00e7in kullan\u0131l\u0131r.<br \/>\nS\u00fcrekli ve etkili k\u00f6p\u00fcrme form\u00fcl\u00fc ve kimyasal bile\u015fimi sayesinde bal\u0131k\u00e7\u0131l\u0131k \u015firketlerinde etkin bir \u015fekilde kullan\u0131l\u0131r. Ekipmanlar, zeminler ve asidik QAC temizliklerinde kullan\u0131l\u0131r. Ayn\u0131 zamanda temizlik sa\u011flayan \u00e7ok ama\u00e7l\u0131 bir \u00fcr\u00fcnd\u00fcr.<br \/>\n\u00dcr\u00fcndeki mineral koruyucular, karma\u015f\u0131k form\u00fcl ve y\u00fczey aktif maddeler sayesinde g\u00fcvenli bir \u015fekilde kullan\u0131labilir.<br \/>\nSu sertli\u011finden etkilenmez.<br \/>\nSert su ile bile kullan\u0131ld\u0131\u011f\u0131nda bol k\u00f6p\u00fck ve etkili temizlik sa\u011flar.<br \/>\nMikroorganizmalar\u0131 etkisiyle yok eder ve t\u00fcm y\u00fczeylerde, yumu\u015fak metaller hari\u00e7, g\u00fcvenle kullan\u0131l\u0131r.<br \/>\nDo\u011fada olduk\u00e7a biyobozunurdur.<\/p>\n","protected":false},"featured_media":30755,"template":"","meta":[],"product_cat":[159],"product_tag":[],"class_list":{"0":"post-29657","1":"product","2":"type-product","3":"status-publish","4":"has-post-thumbnail","6":"product_cat-antiseptikler","8":"first","9":"instock","10":"shipping-taxable","11":"product-type-simple"},"yoast_head":"<!-- This site is optimized with the Yoast SEO plugin v24.1 - https:\/\/yoast.com\/wordpress\/plugins\/seo\/ -->\n<title>Q-CLEAN - regnovet<\/title>\n<meta name=\"robots\" content=\"index, follow, max-snippet:-1, max-image-preview:large, max-video-preview:-1\" \/>\n<link rel=\"canonical\" href=\"https:\/\/www.regnovet.com\/tr\/urun\/r-q-clean\/\" \/>\n<meta property=\"og:locale\" content=\"tr_TR\" \/>\n<meta property=\"og:type\" content=\"article\" \/>\n<meta property=\"og:title\" content=\"Q-CLEAN - regnovet\" \/>\n<meta property=\"og:description\" content=\"Hayvansal ve bitkisel ya\u011flar\u0131, kirleri, kire\u00e7 lekelerini ve tortular\u0131, \u00f6zellikle et kesimhanelerinde, g\u0131da tesislerinden temizlemek i\u00e7in kullan\u0131l\u0131r. S\u00fcrekli ve etkili k\u00f6p\u00fcrme form\u00fcl\u00fc ve kimyasal bile\u015fimi sayesinde bal\u0131k\u00e7\u0131l\u0131k \u015firketlerinde etkin bir \u015fekilde kullan\u0131l\u0131r. Ekipmanlar, zeminler ve asidik QAC temizliklerinde kullan\u0131l\u0131r. Ayn\u0131 zamanda temizlik sa\u011flayan \u00e7ok ama\u00e7l\u0131 bir \u00fcr\u00fcnd\u00fcr. \u00dcr\u00fcndeki mineral koruyucular, karma\u015f\u0131k form\u00fcl ve y\u00fczey aktif maddeler sayesinde g\u00fcvenli bir \u015fekilde kullan\u0131labilir. Su sertli\u011finden etkilenmez. Sert su ile bile kullan\u0131ld\u0131\u011f\u0131nda bol k\u00f6p\u00fck ve etkili temizlik sa\u011flar. Mikroorganizmalar\u0131 etkisiyle yok eder ve t\u00fcm y\u00fczeylerde, yumu\u015fak metaller hari\u00e7, g\u00fcvenle kullan\u0131l\u0131r. Do\u011fada olduk\u00e7a biyobozunurdur.\" \/>\n<meta property=\"og:url\" content=\"https:\/\/www.regnovet.com\/tr\/urun\/r-q-clean\/\" \/>\n<meta property=\"og:site_name\" content=\"regnovet\" \/>\n<meta property=\"article:publisher\" content=\"https:\/\/www.facebook.com\/people\/RegnoVet\/61571321505220\/\" \/>\n<meta property=\"article:modified_time\" content=\"2025-04-02T08:53:39+00:00\" \/>\n<meta property=\"og:image\" content=\"https:\/\/www.regnovet.com\/wp-content\/uploads\/2024\/11\/Q-CLEAN2.jpg\" \/>\n\t<meta property=\"og:image:width\" content=\"700\" \/>\n\t<meta property=\"og:image:height\" content=\"700\" \/>\n\t<meta property=\"og:image:type\" content=\"image\/jpeg\" \/>\n<meta name=\"twitter:card\" content=\"summary_large_image\" \/>\n<meta name=\"twitter:label1\" content=\"Tahmini okuma s\u00fcresi\" \/>\n\t<meta name=\"twitter:data1\" content=\"1 dakika\" \/>\n<script type=\"application\/ld+json\" class=\"yoast-schema-graph\">{\"@context\":\"https:\/\/schema.org\",\"@graph\":[{\"@type\":\"WebPage\",\"@id\":\"https:\/\/www.regnovet.com\/tr\/urun\/r-q-clean\/\",\"url\":\"https:\/\/www.regnovet.com\/tr\/urun\/r-q-clean\/\",\"name\":\"Q-CLEAN - regnovet\",\"isPartOf\":{\"@id\":\"https:\/\/www.regnovet.com\/tr\/#website\"},\"primaryImageOfPage\":{\"@id\":\"https:\/\/www.regnovet.com\/tr\/urun\/r-q-clean\/#primaryimage\"},\"image\":{\"@id\":\"https:\/\/www.regnovet.com\/tr\/urun\/r-q-clean\/#primaryimage\"},\"thumbnailUrl\":\"https:\/\/www.regnovet.com\/wp-content\/uploads\/2024\/11\/Q-CLEAN2.jpg\",\"datePublished\":\"2024-11-11T09:54:06+00:00\",\"dateModified\":\"2025-04-02T08:53:39+00:00\",\"breadcrumb\":{\"@id\":\"https:\/\/www.regnovet.com\/tr\/urun\/r-q-clean\/#breadcrumb\"},\"inLanguage\":\"tr\",\"potentialAction\":[{\"@type\":\"ReadAction\",\"target\":[\"https:\/\/www.regnovet.com\/tr\/urun\/r-q-clean\/\"]}]},{\"@type\":\"ImageObject\",\"inLanguage\":\"tr\",\"@id\":\"https:\/\/www.regnovet.com\/tr\/urun\/r-q-clean\/#primaryimage\",\"url\":\"https:\/\/www.regnovet.com\/wp-content\/uploads\/2024\/11\/Q-CLEAN2.jpg\",\"contentUrl\":\"https:\/\/www.regnovet.com\/wp-content\/uploads\/2024\/11\/Q-CLEAN2.jpg\",\"width\":700,\"height\":700},{\"@type\":\"BreadcrumbList\",\"@id\":\"https:\/\/www.regnovet.com\/tr\/urun\/r-q-clean\/#breadcrumb\",\"itemListElement\":[{\"@type\":\"ListItem\",\"position\":1,\"name\":\"Home\",\"item\":\"https:\/\/www.regnovet.com\/tr\/\"},{\"@type\":\"ListItem\",\"position\":2,\"name\":\"\u00dcr\u00fcnler\",\"item\":\"https:\/\/www.regnovet.com\/products\/\"},{\"@type\":\"ListItem\",\"position\":3,\"name\":\"Q-CLEAN\"}]},{\"@type\":\"WebSite\",\"@id\":\"https:\/\/www.regnovet.com\/tr\/#website\",\"url\":\"https:\/\/www.regnovet.com\/tr\/\",\"name\":\"regnovet\",\"description\":\"\",\"publisher\":{\"@id\":\"https:\/\/www.regnovet.com\/tr\/#organization\"},\"potentialAction\":[{\"@type\":\"SearchAction\",\"target\":{\"@type\":\"EntryPoint\",\"urlTemplate\":\"https:\/\/www.regnovet.com\/tr\/?s={search_term_string}\"},\"query-input\":{\"@type\":\"PropertyValueSpecification\",\"valueRequired\":true,\"valueName\":\"search_term_string\"}}],\"inLanguage\":\"tr\"},{\"@type\":\"Organization\",\"@id\":\"https:\/\/www.regnovet.com\/tr\/#organization\",\"name\":\"regnovet\",\"url\":\"https:\/\/www.regnovet.com\/tr\/\",\"logo\":{\"@type\":\"ImageObject\",\"inLanguage\":\"tr\",\"@id\":\"https:\/\/www.regnovet.com\/tr\/#\/schema\/logo\/image\/\",\"url\":\"https:\/\/www.regnovet.com\/wp-content\/uploads\/2024\/09\/cropped-512.png\",\"contentUrl\":\"https:\/\/www.regnovet.com\/wp-content\/uploads\/2024\/09\/cropped-512.png\",\"width\":512,\"height\":512,\"caption\":\"regnovet\"},\"image\":{\"@id\":\"https:\/\/www.regnovet.com\/tr\/#\/schema\/logo\/image\/\"},\"sameAs\":[\"https:\/\/www.facebook.com\/people\/RegnoVet\/61571321505220\/\"]}]}<\/script>\n<!-- \/ Yoast SEO plugin. -->","yoast_head_json":{"title":"Q-CLEAN - regnovet","robots":{"index":"index","follow":"follow","max-snippet":"max-snippet:-1","max-image-preview":"max-image-preview:large","max-video-preview":"max-video-preview:-1"},"canonical":"https:\/\/www.regnovet.com\/tr\/urun\/r-q-clean\/","og_locale":"tr_TR","og_type":"article","og_title":"Q-CLEAN - regnovet","og_description":"Hayvansal ve bitkisel ya\u011flar\u0131, kirleri, kire\u00e7 lekelerini ve tortular\u0131, \u00f6zellikle et kesimhanelerinde, g\u0131da tesislerinden temizlemek i\u00e7in kullan\u0131l\u0131r. S\u00fcrekli ve etkili k\u00f6p\u00fcrme form\u00fcl\u00fc ve kimyasal bile\u015fimi sayesinde bal\u0131k\u00e7\u0131l\u0131k \u015firketlerinde etkin bir \u015fekilde kullan\u0131l\u0131r. Ekipmanlar, zeminler ve asidik QAC temizliklerinde kullan\u0131l\u0131r. Ayn\u0131 zamanda temizlik sa\u011flayan \u00e7ok ama\u00e7l\u0131 bir \u00fcr\u00fcnd\u00fcr. \u00dcr\u00fcndeki mineral koruyucular, karma\u015f\u0131k form\u00fcl ve y\u00fczey aktif maddeler sayesinde g\u00fcvenli bir \u015fekilde kullan\u0131labilir. Su sertli\u011finden etkilenmez. Sert su ile bile kullan\u0131ld\u0131\u011f\u0131nda bol k\u00f6p\u00fck ve etkili temizlik sa\u011flar. Mikroorganizmalar\u0131 etkisiyle yok eder ve t\u00fcm y\u00fczeylerde, yumu\u015fak metaller hari\u00e7, g\u00fcvenle kullan\u0131l\u0131r. Do\u011fada olduk\u00e7a biyobozunurdur.","og_url":"https:\/\/www.regnovet.com\/tr\/urun\/r-q-clean\/","og_site_name":"regnovet","article_publisher":"https:\/\/www.facebook.com\/people\/RegnoVet\/61571321505220\/","article_modified_time":"2025-04-02T08:53:39+00:00","og_image":[{"width":700,"height":700,"url":"https:\/\/www.regnovet.com\/wp-content\/uploads\/2024\/11\/Q-CLEAN2.jpg","type":"image\/jpeg"}],"twitter_card":"summary_large_image","twitter_misc":{"Tahmini okuma s\u00fcresi":"1 dakika"},"schema":{"@context":"https:\/\/schema.org","@graph":[{"@type":"WebPage","@id":"https:\/\/www.regnovet.com\/tr\/urun\/r-q-clean\/","url":"https:\/\/www.regnovet.com\/tr\/urun\/r-q-clean\/","name":"Q-CLEAN - regnovet","isPartOf":{"@id":"https:\/\/www.regnovet.com\/tr\/#website"},"primaryImageOfPage":{"@id":"https:\/\/www.regnovet.com\/tr\/urun\/r-q-clean\/#primaryimage"},"image":{"@id":"https:\/\/www.regnovet.com\/tr\/urun\/r-q-clean\/#primaryimage"},"thumbnailUrl":"https:\/\/www.regnovet.com\/wp-content\/uploads\/2024\/11\/Q-CLEAN2.jpg","datePublished":"2024-11-11T09:54:06+00:00","dateModified":"2025-04-02T08:53:39+00:00","breadcrumb":{"@id":"https:\/\/www.regnovet.com\/tr\/urun\/r-q-clean\/#breadcrumb"},"inLanguage":"tr","potentialAction":[{"@type":"ReadAction","target":["https:\/\/www.regnovet.com\/tr\/urun\/r-q-clean\/"]}]},{"@type":"ImageObject","inLanguage":"tr","@id":"https:\/\/www.regnovet.com\/tr\/urun\/r-q-clean\/#primaryimage","url":"https:\/\/www.regnovet.com\/wp-content\/uploads\/2024\/11\/Q-CLEAN2.jpg","contentUrl":"https:\/\/www.regnovet.com\/wp-content\/uploads\/2024\/11\/Q-CLEAN2.jpg","width":700,"height":700},{"@type":"BreadcrumbList","@id":"https:\/\/www.regnovet.com\/tr\/urun\/r-q-clean\/#breadcrumb","itemListElement":[{"@type":"ListItem","position":1,"name":"Home","item":"https:\/\/www.regnovet.com\/tr\/"},{"@type":"ListItem","position":2,"name":"\u00dcr\u00fcnler","item":"https:\/\/www.regnovet.com\/products\/"},{"@type":"ListItem","position":3,"name":"Q-CLEAN"}]},{"@type":"WebSite","@id":"https:\/\/www.regnovet.com\/tr\/#website","url":"https:\/\/www.regnovet.com\/tr\/","name":"regnovet","description":"","publisher":{"@id":"https:\/\/www.regnovet.com\/tr\/#organization"},"potentialAction":[{"@type":"SearchAction","target":{"@type":"EntryPoint","urlTemplate":"https:\/\/www.regnovet.com\/tr\/?s={search_term_string}"},"query-input":{"@type":"PropertyValueSpecification","valueRequired":true,"valueName":"search_term_string"}}],"inLanguage":"tr"},{"@type":"Organization","@id":"https:\/\/www.regnovet.com\/tr\/#organization","name":"regnovet","url":"https:\/\/www.regnovet.com\/tr\/","logo":{"@type":"ImageObject","inLanguage":"tr","@id":"https:\/\/www.regnovet.com\/tr\/#\/schema\/logo\/image\/","url":"https:\/\/www.regnovet.com\/wp-content\/uploads\/2024\/09\/cropped-512.png","contentUrl":"https:\/\/www.regnovet.com\/wp-content\/uploads\/2024\/09\/cropped-512.png","width":512,"height":512,"caption":"regnovet"},"image":{"@id":"https:\/\/www.regnovet.com\/tr\/#\/schema\/logo\/image\/"},"sameAs":["https:\/\/www.facebook.com\/people\/RegnoVet\/61571321505220\/"]}]}},"_links":{"self":[{"href":"https:\/\/www.regnovet.com\/tr\/wp-json\/wp\/v2\/product\/29657","targetHints":{"allow":["GET"]}}],"collection":[{"href":"https:\/\/www.regnovet.com\/tr\/wp-json\/wp\/v2\/product"}],"about":[{"href":"https:\/\/www.regnovet.com\/tr\/wp-json\/wp\/v2\/types\/product"}],"version-history":[{"count":11,"href":"https:\/\/www.regnovet.com\/tr\/wp-json\/wp\/v2\/product\/29657\/revisions"}],"predecessor-version":[{"id":31787,"href":"https:\/\/www.regnovet.com\/tr\/wp-json\/wp\/v2\/product\/29657\/revisions\/31787"}],"wp:featuredmedia":[{"embeddable":true,"href":"https:\/\/www.regnovet.com\/tr\/wp-json\/wp\/v2\/media\/30755"}],"wp:attachment":[{"href":"https:\/\/www.regnovet.com\/tr\/wp-json\/wp\/v2\/media?parent=29657"}],"wp:term":[{"taxonomy":"product_cat","embeddable":true,"href":"https:\/\/www.regnovet.com\/tr\/wp-json\/wp\/v2\/product_cat?post=29657"},{"taxonomy":"product_tag","embeddable":true,"href":"https:\/\/www.regnovet.com\/tr\/wp-json\/wp\/v2\/product_tag?post=29657"}],"curies":[{"name":"wp","href":"https:\/\/api.w.org\/{rel}","templated":true}]}}