{"id":29662,"date":"2024-11-11T09:13:59","date_gmt":"2024-11-11T09:13:59","guid":{"rendered":"https:\/\/www.regnovet.com\/index.php\/product\/r-alka-temiz\/"},"modified":"2025-04-02T07:27:38","modified_gmt":"2025-04-02T07:27:38","slug":"r-alka-temiz","status":"publish","type":"product","link":"https:\/\/www.regnovet.com\/tr\/urun\/r-alka-temiz\/","title":{"rendered":"ALKA-CLEAN"},"content":{"rendered":"\t\t<div data-elementor-type=\"wp-post\" data-elementor-id=\"29662\" class=\"elementor elementor-29662 elementor-28737\">\n\t\t\t\t<div class=\"wd-negative-gap elementor-element elementor-element-9edd08c e-flex e-con-boxed e-con e-parent\" data-id=\"9edd08c\" data-element_type=\"container\" data-e-type=\"container\">\n\t\t\t\t\t<div class=\"e-con-inner\">\n\t\t\t\t<div class=\"elementor-element elementor-element-810bc54 elementor-widget elementor-widget-toggle\" data-id=\"810bc54\" data-element_type=\"widget\" data-e-type=\"widget\" data-widget_type=\"toggle.default\">\n\t\t\t\t<div class=\"elementor-widget-container\">\n\t\t\t\t\t\t\t<div class=\"elementor-toggle\">\n\t\t\t\t\t\t\t<div class=\"elementor-toggle-item\">\n\t\t\t\t\t<div id=\"elementor-tab-title-1351\" class=\"elementor-tab-title\" data-tab=\"1\" role=\"button\" aria-controls=\"elementor-tab-content-1351\" aria-expanded=\"false\">\n\t\t\t\t\t\t\t\t\t\t\t\t<span class=\"elementor-toggle-icon elementor-toggle-icon-left\" aria-hidden=\"true\">\n\t\t\t\t\t\t\t\t\t\t\t\t\t\t\t<span class=\"elementor-toggle-icon-closed\"><svg class=\"e-font-icon-svg e-fas-caret-right\" viewBox=\"0 0 192 512\" xmlns=\"http:\/\/www.w3.org\/2000\/svg\"><path d=\"M0 384.662V127.338c0-17.818 21.543-26.741 34.142-14.142l128.662 128.662c7.81 7.81 7.81 20.474 0 28.284L34.142 398.804C21.543 411.404 0 402.48 0 384.662z\"><\/path><\/svg><\/span>\n\t\t\t\t\t\t\t\t<span class=\"elementor-toggle-icon-opened\"><svg class=\"elementor-toggle-icon-opened e-font-icon-svg e-fas-caret-up\" viewBox=\"0 0 320 512\" xmlns=\"http:\/\/www.w3.org\/2000\/svg\"><path d=\"M288.662 352H31.338c-17.818 0-26.741-21.543-14.142-34.142l128.662-128.662c7.81-7.81 20.474-7.81 28.284 0l128.662 128.662c12.6 12.599 3.676 34.142-14.142 34.142z\"><\/path><\/svg><\/span>\n\t\t\t\t\t\t\t\t\t\t\t\t\t<\/span>\n\t\t\t\t\t\t\t\t\t\t\t\t<a class=\"elementor-toggle-title\" tabindex=\"0\">KULLANIM \u015eEKL\u0130:<\/a>\n\t\t\t\t\t<\/div>\n\n\t\t\t\t\t<div id=\"elementor-tab-content-1351\" class=\"elementor-tab-content elementor-clearfix\" data-tab=\"1\" role=\"region\" aria-labelledby=\"elementor-tab-title-1351\"><p>ON LITRE SU I\u00c7INDE<\/p>\n<table style=\"height: 612px;\" width=\"408\">\n<tbody>\n<tr>\n<td width=\"71\"><b>KULLANIM<\/b><\/td>\n<td width=\"71\"><b>\u00c7\u00d6ZELTI GRAMAJI<\/b><\/td>\n<td width=\"71\"><b>SICAKLIK<\/b><\/td>\n<td width=\"71\"><b>ZAMAN<\/b><\/td>\n<\/tr>\n<tr>\n<td width=\"71\">MAK\u0130NE \u0130\u00c7\u0130NDE<\/td>\n<td width=\"71\">TEM\u0130ZL\u0130\u011eE<\/p>\n<p>SU TANKI<\/p>\n<p>200- 500 gram<\/td>\n<td width=\"71\">20- 140\u00b0C<\/td>\n<td width=\"71\">15-20 Dakika<\/td>\n<\/tr>\n<tr>\n<td width=\"71\">MANUEL TEMI\u0307ZLI\u0307K<\/td>\n<td width=\"71\">300- 500 gram<\/td>\n<td width=\"71\">40-60\u00b0C<\/td>\n<td width=\"71\">\u00c7\u00f6zeltide 10-20 dakika tutun ve herhangi bir kal\u0131nt\u0131 olup olmad\u0131\u011f\u0131n\u0131 kontrol edin,<\/p>\n<p>Bir f\u0131r\u00e7a ile temizleyin.<\/td>\n<\/tr>\n<\/tbody>\n<\/table>\n<p>Uygulama bitiminde bol su ile durulama yap\u0131lmal\u0131d\u0131r.<\/p>\n<\/div>\n\t\t\t\t<\/div>\n\t\t\t\t\t\t\t<div class=\"elementor-toggle-item\">\n\t\t\t\t\t<div id=\"elementor-tab-title-1352\" class=\"elementor-tab-title\" data-tab=\"2\" role=\"button\" aria-controls=\"elementor-tab-content-1352\" aria-expanded=\"false\">\n\t\t\t\t\t\t\t\t\t\t\t\t<span class=\"elementor-toggle-icon elementor-toggle-icon-left\" aria-hidden=\"true\">\n\t\t\t\t\t\t\t\t\t\t\t\t\t\t\t<span class=\"elementor-toggle-icon-closed\"><svg class=\"e-font-icon-svg e-fas-caret-right\" viewBox=\"0 0 192 512\" xmlns=\"http:\/\/www.w3.org\/2000\/svg\"><path d=\"M0 384.662V127.338c0-17.818 21.543-26.741 34.142-14.142l128.662 128.662c7.81 7.81 7.81 20.474 0 28.284L34.142 398.804C21.543 411.404 0 402.48 0 384.662z\"><\/path><\/svg><\/span>\n\t\t\t\t\t\t\t\t<span class=\"elementor-toggle-icon-opened\"><svg class=\"elementor-toggle-icon-opened e-font-icon-svg e-fas-caret-up\" viewBox=\"0 0 320 512\" xmlns=\"http:\/\/www.w3.org\/2000\/svg\"><path d=\"M288.662 352H31.338c-17.818 0-26.741-21.543-14.142-34.142l128.662-128.662c7.81-7.81 20.474-7.81 28.284 0l128.662 128.662c12.6 12.599 3.676 34.142-14.142 34.142z\"><\/path><\/svg><\/span>\n\t\t\t\t\t\t\t\t\t\t\t\t\t<\/span>\n\t\t\t\t\t\t\t\t\t\t\t\t<a class=\"elementor-toggle-title\" tabindex=\"0\">KIMYASAL YAPISI:<\/a>\n\t\t\t\t\t<\/div>\n\n\t\t\t\t\t<div id=\"elementor-tab-content-1352\" class=\"elementor-tab-content elementor-clearfix\" data-tab=\"2\" role=\"region\" aria-labelledby=\"elementor-tab-title-1352\"><table>\n<tbody>\n<tr>\n<td colspan=\"2\" width=\"236\"><strong>\u00a0<\/strong><\/p>\n<p><strong>bile<\/strong><strong>\u015f<\/strong><strong>im<\/strong><\/p>\n<p>&nbsp;<\/td>\n<\/tr>\n<tr>\n<td width=\"118\"><strong>\u00a0<\/strong><\/p>\n<p>ETK\u0130N MADDE ADI<\/td>\n<td width=\"118\"><strong>\u00a0<\/strong><\/p>\n<p>KONSANTRASYON (%)<\/td>\n<\/tr>\n<tr>\n<td width=\"118\">Potasyum Hidroksit<\/td>\n<td width=\"118\">11<\/p>\n<p>&nbsp;<\/td>\n<\/tr>\n<tr>\n<td width=\"118\">APG &#8211; Heksil D-glukozit<\/td>\n<td width=\"118\">2<\/p>\n<p>&nbsp;<\/td>\n<\/tr>\n<\/tbody>\n<\/table>\n<\/div>\n\t\t\t\t<\/div>\n\t\t\t\t\t\t\t<div class=\"elementor-toggle-item\">\n\t\t\t\t\t<div id=\"elementor-tab-title-1353\" class=\"elementor-tab-title\" data-tab=\"3\" role=\"button\" aria-controls=\"elementor-tab-content-1353\" aria-expanded=\"false\">\n\t\t\t\t\t\t\t\t\t\t\t\t<span class=\"elementor-toggle-icon elementor-toggle-icon-left\" aria-hidden=\"true\">\n\t\t\t\t\t\t\t\t\t\t\t\t\t\t\t<span class=\"elementor-toggle-icon-closed\"><svg class=\"e-font-icon-svg e-fas-caret-right\" viewBox=\"0 0 192 512\" xmlns=\"http:\/\/www.w3.org\/2000\/svg\"><path d=\"M0 384.662V127.338c0-17.818 21.543-26.741 34.142-14.142l128.662 128.662c7.81 7.81 7.81 20.474 0 28.284L34.142 398.804C21.543 411.404 0 402.48 0 384.662z\"><\/path><\/svg><\/span>\n\t\t\t\t\t\t\t\t<span class=\"elementor-toggle-icon-opened\"><svg class=\"elementor-toggle-icon-opened e-font-icon-svg e-fas-caret-up\" viewBox=\"0 0 320 512\" xmlns=\"http:\/\/www.w3.org\/2000\/svg\"><path d=\"M288.662 352H31.338c-17.818 0-26.741-21.543-14.142-34.142l128.662-128.662c7.81-7.81 20.474-7.81 28.284 0l128.662 128.662c12.6 12.599 3.676 34.142-14.142 34.142z\"><\/path><\/svg><\/span>\n\t\t\t\t\t\t\t\t\t\t\t\t\t<\/span>\n\t\t\t\t\t\t\t\t\t\t\t\t<a class=\"elementor-toggle-title\" tabindex=\"0\">FIZIKSEL \u00d6ZELLIK:<\/a>\n\t\t\t\t\t<\/div>\n\n\t\t\t\t\t<div id=\"elementor-tab-content-1353\" class=\"elementor-tab-content elementor-clearfix\" data-tab=\"3\" role=\"region\" aria-labelledby=\"elementor-tab-title-1353\"><p>PH (1% \u00e7\u00f6zelti): 13+0, 1 G\u00f6r\u00fcn\u00fcm: Berrak, sar\u0131ms\u0131, her oranda suda \u00e7\u00f6z\u00fcn\u00fcr.<\/p>\n<\/div>\n\t\t\t\t<\/div>\n\t\t\t\t\t\t\t\t<\/div>\n\t\t\t\t\t\t<\/div>\n\t\t\t\t<\/div>\n\t\t\t\t\t<\/div>\n\t\t\t\t<\/div>\n\t\t\t\t<\/div>\n\t\t","protected":false},"excerpt":{"rendered":"<p><strong><span style=\"font-weight: normal;\">D\u0131\u015f y\u00fczeylerin temizli\u011fi i\u00e7in bir \u00fcr\u00fcn (duvarlar<span dir=\"RTL\" lang=\"AR-SA\">\u060c <\/span>zeminler<span dir=\"RTL\" lang=\"AR-SA\">\u060c <\/span>hassas metaller&#8230;)<span dir=\"RTL\" lang=\"AR-SA\">\u060c <\/span>\u00f6zellikle g\u0131da kurulu\u015flar\u0131nda.<\/span><\/strong> Ara\u00e7lar\u0131n ve ekipmanlar\u0131n d\u0131\u015f y\u00fczeylerini etkili bir \u015fekilde temizler. Yo\u011fun k\u00f6p\u00fck \u00f6zelli\u011fine sahiptir. \u0130\u00e7erdi\u011fi inhibit\u00f6rler sayesinde hassas metallere zarar vermez.<\/p>\n<p><strong><span style=\"font-weight: normal;\">D\u0131\u015f y\u00fczeylerin temizli\u011fi i\u00e7in bir \u00fcr\u00fcn (duvarlar<span dir=\"RTL\" lang=\"AR-SA\">\u060c <\/span>zeminler<span dir=\"RTL\" lang=\"AR-SA\">\u060c <\/span>hassas metaller&#8230;)<span dir=\"RTL\" lang=\"AR-SA\">\u060c <\/span>\u00f6zellikle g\u0131da kurulu\u015flar\u0131nda.<\/span><\/strong> Ara\u00e7lar\u0131n ve ekipmanlar\u0131n d\u0131\u015f y\u00fczeylerini etkili bir \u015fekilde temizler. Yo\u011fun k\u00f6p\u00fck \u00f6zelli\u011fine sahiptir. \u0130\u00e7erdi\u011fi inhibit\u00f6rler sayesinde hassas metallere zarar vermez.<\/p>\n<p><strong><span style=\"font-weight: normal;\">Karma ve dinlendirme tanklar\u0131 ile ekipmanlar\u0131n alkali temizli\u011fi i\u00e7in uygun bir \u00fcr\u00fcnd\u00fcr.<\/span><\/strong> S\u00fct ve s\u00fct \u00fcr\u00fcnlerinin \u00fcretiminde s\u0131cak ve so\u011fuk i\u015flemlerin uyguland\u0131\u011f\u0131 kapal\u0131 sistemlerde etkili bile\u015fimi sayesinde g\u0131da ve i\u00e7ecek end\u00fcstrisinde kullan\u0131labilir. Do\u011fada y\u00fcksek oranda par\u00e7alan\u0131r.<\/p>\n","protected":false},"featured_media":30748,"template":"","meta":[],"product_cat":[159],"product_tag":[],"class_list":{"0":"post-29662","1":"product","2":"type-product","3":"status-publish","4":"has-post-thumbnail","6":"product_cat-antiseptikler","8":"first","9":"instock","10":"shipping-taxable","11":"product-type-simple"},"yoast_head":"<!-- This site is optimized with the Yoast SEO plugin v24.1 - https:\/\/yoast.com\/wordpress\/plugins\/seo\/ -->\n<title>ALKA-CLEAN - regnovet<\/title>\n<meta name=\"robots\" content=\"index, follow, max-snippet:-1, max-image-preview:large, max-video-preview:-1\" \/>\n<link rel=\"canonical\" href=\"https:\/\/www.regnovet.com\/tr\/urun\/r-alka-temiz\/\" \/>\n<meta property=\"og:locale\" content=\"tr_TR\" \/>\n<meta property=\"og:type\" content=\"article\" \/>\n<meta property=\"og:title\" content=\"ALKA-CLEAN - regnovet\" \/>\n<meta property=\"og:description\" content=\"D\u0131\u015f y\u00fczeylerin temizli\u011fi i\u00e7in bir \u00fcr\u00fcn (duvarlar\u060c zeminler\u060c hassas metaller...)\u060c \u00f6zellikle g\u0131da kurulu\u015flar\u0131nda. Ara\u00e7lar\u0131n ve ekipmanlar\u0131n d\u0131\u015f y\u00fczeylerini etkili bir \u015fekilde temizler. Yo\u011fun k\u00f6p\u00fck \u00f6zelli\u011fine sahiptir. \u0130\u00e7erdi\u011fi inhibit\u00f6rler sayesinde hassas metallere zarar vermez.  D\u0131\u015f y\u00fczeylerin temizli\u011fi i\u00e7in bir \u00fcr\u00fcn (duvarlar\u060c zeminler\u060c hassas metaller...)\u060c \u00f6zellikle g\u0131da kurulu\u015flar\u0131nda. Ara\u00e7lar\u0131n ve ekipmanlar\u0131n d\u0131\u015f y\u00fczeylerini etkili bir \u015fekilde temizler. Yo\u011fun k\u00f6p\u00fck \u00f6zelli\u011fine sahiptir. \u0130\u00e7erdi\u011fi inhibit\u00f6rler sayesinde hassas metallere zarar vermez.  Karma ve dinlendirme tanklar\u0131 ile ekipmanlar\u0131n alkali temizli\u011fi i\u00e7in uygun bir \u00fcr\u00fcnd\u00fcr. S\u00fct ve s\u00fct \u00fcr\u00fcnlerinin \u00fcretiminde s\u0131cak ve so\u011fuk i\u015flemlerin uyguland\u0131\u011f\u0131 kapal\u0131 sistemlerde etkili bile\u015fimi sayesinde g\u0131da ve i\u00e7ecek end\u00fcstrisinde kullan\u0131labilir. Do\u011fada y\u00fcksek oranda par\u00e7alan\u0131r.\" \/>\n<meta property=\"og:url\" content=\"https:\/\/www.regnovet.com\/tr\/urun\/r-alka-temiz\/\" \/>\n<meta property=\"og:site_name\" content=\"regnovet\" \/>\n<meta property=\"article:publisher\" content=\"https:\/\/www.facebook.com\/people\/RegnoVet\/61571321505220\/\" \/>\n<meta property=\"article:modified_time\" content=\"2025-04-02T07:27:38+00:00\" \/>\n<meta property=\"og:image\" content=\"https:\/\/www.regnovet.com\/wp-content\/uploads\/2024\/11\/ALKA-CLEAN2.jpg\" \/>\n\t<meta property=\"og:image:width\" content=\"700\" \/>\n\t<meta property=\"og:image:height\" content=\"700\" \/>\n\t<meta property=\"og:image:type\" content=\"image\/jpeg\" \/>\n<meta name=\"twitter:card\" content=\"summary_large_image\" \/>\n<script type=\"application\/ld+json\" class=\"yoast-schema-graph\">{\"@context\":\"https:\/\/schema.org\",\"@graph\":[{\"@type\":\"WebPage\",\"@id\":\"https:\/\/www.regnovet.com\/tr\/urun\/r-alka-temiz\/\",\"url\":\"https:\/\/www.regnovet.com\/tr\/urun\/r-alka-temiz\/\",\"name\":\"ALKA-CLEAN - regnovet\",\"isPartOf\":{\"@id\":\"https:\/\/www.regnovet.com\/tr\/#website\"},\"primaryImageOfPage\":{\"@id\":\"https:\/\/www.regnovet.com\/tr\/urun\/r-alka-temiz\/#primaryimage\"},\"image\":{\"@id\":\"https:\/\/www.regnovet.com\/tr\/urun\/r-alka-temiz\/#primaryimage\"},\"thumbnailUrl\":\"https:\/\/www.regnovet.com\/wp-content\/uploads\/2024\/11\/ALKA-CLEAN2.jpg\",\"datePublished\":\"2024-11-11T09:13:59+00:00\",\"dateModified\":\"2025-04-02T07:27:38+00:00\",\"breadcrumb\":{\"@id\":\"https:\/\/www.regnovet.com\/tr\/urun\/r-alka-temiz\/#breadcrumb\"},\"inLanguage\":\"tr\",\"potentialAction\":[{\"@type\":\"ReadAction\",\"target\":[\"https:\/\/www.regnovet.com\/tr\/urun\/r-alka-temiz\/\"]}]},{\"@type\":\"ImageObject\",\"inLanguage\":\"tr\",\"@id\":\"https:\/\/www.regnovet.com\/tr\/urun\/r-alka-temiz\/#primaryimage\",\"url\":\"https:\/\/www.regnovet.com\/wp-content\/uploads\/2024\/11\/ALKA-CLEAN2.jpg\",\"contentUrl\":\"https:\/\/www.regnovet.com\/wp-content\/uploads\/2024\/11\/ALKA-CLEAN2.jpg\",\"width\":700,\"height\":700},{\"@type\":\"BreadcrumbList\",\"@id\":\"https:\/\/www.regnovet.com\/tr\/urun\/r-alka-temiz\/#breadcrumb\",\"itemListElement\":[{\"@type\":\"ListItem\",\"position\":1,\"name\":\"Home\",\"item\":\"https:\/\/www.regnovet.com\/tr\/\"},{\"@type\":\"ListItem\",\"position\":2,\"name\":\"\u00dcr\u00fcnler\",\"item\":\"https:\/\/www.regnovet.com\/products\/\"},{\"@type\":\"ListItem\",\"position\":3,\"name\":\"ALKA-CLEAN\"}]},{\"@type\":\"WebSite\",\"@id\":\"https:\/\/www.regnovet.com\/tr\/#website\",\"url\":\"https:\/\/www.regnovet.com\/tr\/\",\"name\":\"regnovet\",\"description\":\"\",\"publisher\":{\"@id\":\"https:\/\/www.regnovet.com\/tr\/#organization\"},\"potentialAction\":[{\"@type\":\"SearchAction\",\"target\":{\"@type\":\"EntryPoint\",\"urlTemplate\":\"https:\/\/www.regnovet.com\/tr\/?s={search_term_string}\"},\"query-input\":{\"@type\":\"PropertyValueSpecification\",\"valueRequired\":true,\"valueName\":\"search_term_string\"}}],\"inLanguage\":\"tr\"},{\"@type\":\"Organization\",\"@id\":\"https:\/\/www.regnovet.com\/tr\/#organization\",\"name\":\"regnovet\",\"url\":\"https:\/\/www.regnovet.com\/tr\/\",\"logo\":{\"@type\":\"ImageObject\",\"inLanguage\":\"tr\",\"@id\":\"https:\/\/www.regnovet.com\/tr\/#\/schema\/logo\/image\/\",\"url\":\"https:\/\/www.regnovet.com\/wp-content\/uploads\/2024\/09\/cropped-512.png\",\"contentUrl\":\"https:\/\/www.regnovet.com\/wp-content\/uploads\/2024\/09\/cropped-512.png\",\"width\":512,\"height\":512,\"caption\":\"regnovet\"},\"image\":{\"@id\":\"https:\/\/www.regnovet.com\/tr\/#\/schema\/logo\/image\/\"},\"sameAs\":[\"https:\/\/www.facebook.com\/people\/RegnoVet\/61571321505220\/\"]}]}<\/script>\n<!-- \/ Yoast SEO plugin. -->","yoast_head_json":{"title":"ALKA-CLEAN - regnovet","robots":{"index":"index","follow":"follow","max-snippet":"max-snippet:-1","max-image-preview":"max-image-preview:large","max-video-preview":"max-video-preview:-1"},"canonical":"https:\/\/www.regnovet.com\/tr\/urun\/r-alka-temiz\/","og_locale":"tr_TR","og_type":"article","og_title":"ALKA-CLEAN - regnovet","og_description":"D\u0131\u015f y\u00fczeylerin temizli\u011fi i\u00e7in bir \u00fcr\u00fcn (duvarlar\u060c zeminler\u060c hassas metaller...)\u060c \u00f6zellikle g\u0131da kurulu\u015flar\u0131nda. Ara\u00e7lar\u0131n ve ekipmanlar\u0131n d\u0131\u015f y\u00fczeylerini etkili bir \u015fekilde temizler. Yo\u011fun k\u00f6p\u00fck \u00f6zelli\u011fine sahiptir. \u0130\u00e7erdi\u011fi inhibit\u00f6rler sayesinde hassas metallere zarar vermez.  D\u0131\u015f y\u00fczeylerin temizli\u011fi i\u00e7in bir \u00fcr\u00fcn (duvarlar\u060c zeminler\u060c hassas metaller...)\u060c \u00f6zellikle g\u0131da kurulu\u015flar\u0131nda. Ara\u00e7lar\u0131n ve ekipmanlar\u0131n d\u0131\u015f y\u00fczeylerini etkili bir \u015fekilde temizler. Yo\u011fun k\u00f6p\u00fck \u00f6zelli\u011fine sahiptir. \u0130\u00e7erdi\u011fi inhibit\u00f6rler sayesinde hassas metallere zarar vermez.  Karma ve dinlendirme tanklar\u0131 ile ekipmanlar\u0131n alkali temizli\u011fi i\u00e7in uygun bir \u00fcr\u00fcnd\u00fcr. S\u00fct ve s\u00fct \u00fcr\u00fcnlerinin \u00fcretiminde s\u0131cak ve so\u011fuk i\u015flemlerin uyguland\u0131\u011f\u0131 kapal\u0131 sistemlerde etkili bile\u015fimi sayesinde g\u0131da ve i\u00e7ecek end\u00fcstrisinde kullan\u0131labilir. Do\u011fada y\u00fcksek oranda par\u00e7alan\u0131r.","og_url":"https:\/\/www.regnovet.com\/tr\/urun\/r-alka-temiz\/","og_site_name":"regnovet","article_publisher":"https:\/\/www.facebook.com\/people\/RegnoVet\/61571321505220\/","article_modified_time":"2025-04-02T07:27:38+00:00","og_image":[{"width":700,"height":700,"url":"https:\/\/www.regnovet.com\/wp-content\/uploads\/2024\/11\/ALKA-CLEAN2.jpg","type":"image\/jpeg"}],"twitter_card":"summary_large_image","schema":{"@context":"https:\/\/schema.org","@graph":[{"@type":"WebPage","@id":"https:\/\/www.regnovet.com\/tr\/urun\/r-alka-temiz\/","url":"https:\/\/www.regnovet.com\/tr\/urun\/r-alka-temiz\/","name":"ALKA-CLEAN - regnovet","isPartOf":{"@id":"https:\/\/www.regnovet.com\/tr\/#website"},"primaryImageOfPage":{"@id":"https:\/\/www.regnovet.com\/tr\/urun\/r-alka-temiz\/#primaryimage"},"image":{"@id":"https:\/\/www.regnovet.com\/tr\/urun\/r-alka-temiz\/#primaryimage"},"thumbnailUrl":"https:\/\/www.regnovet.com\/wp-content\/uploads\/2024\/11\/ALKA-CLEAN2.jpg","datePublished":"2024-11-11T09:13:59+00:00","dateModified":"2025-04-02T07:27:38+00:00","breadcrumb":{"@id":"https:\/\/www.regnovet.com\/tr\/urun\/r-alka-temiz\/#breadcrumb"},"inLanguage":"tr","potentialAction":[{"@type":"ReadAction","target":["https:\/\/www.regnovet.com\/tr\/urun\/r-alka-temiz\/"]}]},{"@type":"ImageObject","inLanguage":"tr","@id":"https:\/\/www.regnovet.com\/tr\/urun\/r-alka-temiz\/#primaryimage","url":"https:\/\/www.regnovet.com\/wp-content\/uploads\/2024\/11\/ALKA-CLEAN2.jpg","contentUrl":"https:\/\/www.regnovet.com\/wp-content\/uploads\/2024\/11\/ALKA-CLEAN2.jpg","width":700,"height":700},{"@type":"BreadcrumbList","@id":"https:\/\/www.regnovet.com\/tr\/urun\/r-alka-temiz\/#breadcrumb","itemListElement":[{"@type":"ListItem","position":1,"name":"Home","item":"https:\/\/www.regnovet.com\/tr\/"},{"@type":"ListItem","position":2,"name":"\u00dcr\u00fcnler","item":"https:\/\/www.regnovet.com\/products\/"},{"@type":"ListItem","position":3,"name":"ALKA-CLEAN"}]},{"@type":"WebSite","@id":"https:\/\/www.regnovet.com\/tr\/#website","url":"https:\/\/www.regnovet.com\/tr\/","name":"regnovet","description":"","publisher":{"@id":"https:\/\/www.regnovet.com\/tr\/#organization"},"potentialAction":[{"@type":"SearchAction","target":{"@type":"EntryPoint","urlTemplate":"https:\/\/www.regnovet.com\/tr\/?s={search_term_string}"},"query-input":{"@type":"PropertyValueSpecification","valueRequired":true,"valueName":"search_term_string"}}],"inLanguage":"tr"},{"@type":"Organization","@id":"https:\/\/www.regnovet.com\/tr\/#organization","name":"regnovet","url":"https:\/\/www.regnovet.com\/tr\/","logo":{"@type":"ImageObject","inLanguage":"tr","@id":"https:\/\/www.regnovet.com\/tr\/#\/schema\/logo\/image\/","url":"https:\/\/www.regnovet.com\/wp-content\/uploads\/2024\/09\/cropped-512.png","contentUrl":"https:\/\/www.regnovet.com\/wp-content\/uploads\/2024\/09\/cropped-512.png","width":512,"height":512,"caption":"regnovet"},"image":{"@id":"https:\/\/www.regnovet.com\/tr\/#\/schema\/logo\/image\/"},"sameAs":["https:\/\/www.facebook.com\/people\/RegnoVet\/61571321505220\/"]}]}},"_links":{"self":[{"href":"https:\/\/www.regnovet.com\/tr\/wp-json\/wp\/v2\/product\/29662","targetHints":{"allow":["GET"]}}],"collection":[{"href":"https:\/\/www.regnovet.com\/tr\/wp-json\/wp\/v2\/product"}],"about":[{"href":"https:\/\/www.regnovet.com\/tr\/wp-json\/wp\/v2\/types\/product"}],"version-history":[{"count":13,"href":"https:\/\/www.regnovet.com\/tr\/wp-json\/wp\/v2\/product\/29662\/revisions"}],"predecessor-version":[{"id":31761,"href":"https:\/\/www.regnovet.com\/tr\/wp-json\/wp\/v2\/product\/29662\/revisions\/31761"}],"wp:featuredmedia":[{"embeddable":true,"href":"https:\/\/www.regnovet.com\/tr\/wp-json\/wp\/v2\/media\/30748"}],"wp:attachment":[{"href":"https:\/\/www.regnovet.com\/tr\/wp-json\/wp\/v2\/media?parent=29662"}],"wp:term":[{"taxonomy":"product_cat","embeddable":true,"href":"https:\/\/www.regnovet.com\/tr\/wp-json\/wp\/v2\/product_cat?post=29662"},{"taxonomy":"product_tag","embeddable":true,"href":"https:\/\/www.regnovet.com\/tr\/wp-json\/wp\/v2\/product_tag?post=29662"}],"curies":[{"name":"wp","href":"https:\/\/api.w.org\/{rel}","templated":true}]}}