{"id":29694,"date":"2024-11-06T11:57:03","date_gmt":"2024-11-06T11:57:03","guid":{"rendered":"https:\/\/www.regnovet.com\/index.php\/product\/oxyreg-20\/"},"modified":"2025-02-15T11:23:18","modified_gmt":"2025-02-15T11:23:18","slug":"oxyreg-20","status":"publish","type":"product","link":"https:\/\/www.regnovet.com\/tr\/urun\/oxyreg-20\/","title":{"rendered":"OXYREG-20"},"content":{"rendered":"\t\t<div data-elementor-type=\"wp-post\" data-elementor-id=\"29694\" class=\"elementor elementor-29694 elementor-28493\">\n\t\t\t\t<div class=\"wd-negative-gap elementor-element elementor-element-9edd08c e-flex e-con-boxed e-con e-parent\" data-id=\"9edd08c\" data-element_type=\"container\" data-e-type=\"container\">\n\t\t\t\t\t<div class=\"e-con-inner\">\n\t\t\t\t<div class=\"elementor-element elementor-element-810bc54 elementor-widget elementor-widget-toggle\" data-id=\"810bc54\" data-element_type=\"widget\" data-e-type=\"widget\" data-widget_type=\"toggle.default\">\n\t\t\t\t<div class=\"elementor-widget-container\">\n\t\t\t\t\t\t\t<div class=\"elementor-toggle\">\n\t\t\t\t\t\t\t<div class=\"elementor-toggle-item\">\n\t\t\t\t\t<div id=\"elementor-tab-title-1351\" class=\"elementor-tab-title\" data-tab=\"1\" role=\"button\" aria-controls=\"elementor-tab-content-1351\" aria-expanded=\"false\">\n\t\t\t\t\t\t\t\t\t\t\t\t<span class=\"elementor-toggle-icon elementor-toggle-icon-left\" aria-hidden=\"true\">\n\t\t\t\t\t\t\t\t\t\t\t\t\t\t\t<span class=\"elementor-toggle-icon-closed\"><svg class=\"e-font-icon-svg e-fas-caret-right\" viewBox=\"0 0 192 512\" xmlns=\"http:\/\/www.w3.org\/2000\/svg\"><path d=\"M0 384.662V127.338c0-17.818 21.543-26.741 34.142-14.142l128.662 128.662c7.81 7.81 7.81 20.474 0 28.284L34.142 398.804C21.543 411.404 0 402.48 0 384.662z\"><\/path><\/svg><\/span>\n\t\t\t\t\t\t\t\t<span class=\"elementor-toggle-icon-opened\"><svg class=\"elementor-toggle-icon-opened e-font-icon-svg e-fas-caret-up\" viewBox=\"0 0 320 512\" xmlns=\"http:\/\/www.w3.org\/2000\/svg\"><path d=\"M288.662 352H31.338c-17.818 0-26.741-21.543-14.142-34.142l128.662-128.662c7.81-7.81 20.474-7.81 28.284 0l128.662 128.662c12.6 12.599 3.676 34.142-14.142 34.142z\"><\/path><\/svg><\/span>\n\t\t\t\t\t\t\t\t\t\t\t\t\t<\/span>\n\t\t\t\t\t\t\t\t\t\t\t\t<a class=\"elementor-toggle-title\" tabindex=\"0\">\u0130\u00c7ER\u0130K:<\/a>\n\t\t\t\t\t<\/div>\n\n\t\t\t\t\t<div id=\"elementor-tab-content-1351\" class=\"elementor-tab-content elementor-clearfix\" data-tab=\"1\" role=\"region\" aria-labelledby=\"elementor-tab-title-1351\"><p>Her ml\u2019de:<br \/>\nOksitetrasiklin 200 mg<br \/>\nAyr\u0131ca i\u00e7erik: 1 ml<\/p>\n<\/div>\n\t\t\t\t<\/div>\n\t\t\t\t\t\t\t<div class=\"elementor-toggle-item\">\n\t\t\t\t\t<div id=\"elementor-tab-title-1352\" class=\"elementor-tab-title\" data-tab=\"2\" role=\"button\" aria-controls=\"elementor-tab-content-1352\" aria-expanded=\"false\">\n\t\t\t\t\t\t\t\t\t\t\t\t<span class=\"elementor-toggle-icon elementor-toggle-icon-left\" aria-hidden=\"true\">\n\t\t\t\t\t\t\t\t\t\t\t\t\t\t\t<span class=\"elementor-toggle-icon-closed\"><svg class=\"e-font-icon-svg e-fas-caret-right\" viewBox=\"0 0 192 512\" xmlns=\"http:\/\/www.w3.org\/2000\/svg\"><path d=\"M0 384.662V127.338c0-17.818 21.543-26.741 34.142-14.142l128.662 128.662c7.81 7.81 7.81 20.474 0 28.284L34.142 398.804C21.543 411.404 0 402.48 0 384.662z\"><\/path><\/svg><\/span>\n\t\t\t\t\t\t\t\t<span class=\"elementor-toggle-icon-opened\"><svg class=\"elementor-toggle-icon-opened e-font-icon-svg e-fas-caret-up\" viewBox=\"0 0 320 512\" xmlns=\"http:\/\/www.w3.org\/2000\/svg\"><path d=\"M288.662 352H31.338c-17.818 0-26.741-21.543-14.142-34.142l128.662-128.662c7.81-7.81 20.474-7.81 28.284 0l128.662 128.662c12.6 12.599 3.676 34.142-14.142 34.142z\"><\/path><\/svg><\/span>\n\t\t\t\t\t\t\t\t\t\t\t\t\t<\/span>\n\t\t\t\t\t\t\t\t\t\t\t\t<a class=\"elementor-toggle-title\" tabindex=\"0\">END\u0130KASYONLAR:<\/a>\n\t\t\t\t\t<\/div>\n\n\t\t\t\t\t<div id=\"elementor-tab-content-1352\" class=\"elementor-tab-content elementor-clearfix\" data-tab=\"2\" role=\"region\" aria-labelledby=\"elementor-tab-title-1352\"><p>Oksitetrasikline duyarl\u0131 mikroorganizmalar\u0131n neden oldu\u011fu artrit, gastrointestinal ve solunum yolu enfeksiyonlar\u0131; \u00f6rne\u011fin, Bordetella, Campylobacter, Chlamydia, E. coli, Haemophilus, Mycoplasma, Pasteurella, Rickettsia, Salmonella, Staphylococcus ve Streptococcus spp. ile kalfalar, s\u0131\u011f\u0131rlar, ke\u00e7iler, koyunlar ve domuzlarda g\u00f6r\u00fclen enfeksiyonlar.<\/p>\n<\/div>\n\t\t\t\t<\/div>\n\t\t\t\t\t\t\t<div class=\"elementor-toggle-item\">\n\t\t\t\t\t<div id=\"elementor-tab-title-1353\" class=\"elementor-tab-title\" data-tab=\"3\" role=\"button\" aria-controls=\"elementor-tab-content-1353\" aria-expanded=\"false\">\n\t\t\t\t\t\t\t\t\t\t\t\t<span class=\"elementor-toggle-icon elementor-toggle-icon-left\" aria-hidden=\"true\">\n\t\t\t\t\t\t\t\t\t\t\t\t\t\t\t<span class=\"elementor-toggle-icon-closed\"><svg class=\"e-font-icon-svg e-fas-caret-right\" viewBox=\"0 0 192 512\" xmlns=\"http:\/\/www.w3.org\/2000\/svg\"><path d=\"M0 384.662V127.338c0-17.818 21.543-26.741 34.142-14.142l128.662 128.662c7.81 7.81 7.81 20.474 0 28.284L34.142 398.804C21.543 411.404 0 402.48 0 384.662z\"><\/path><\/svg><\/span>\n\t\t\t\t\t\t\t\t<span class=\"elementor-toggle-icon-opened\"><svg class=\"elementor-toggle-icon-opened e-font-icon-svg e-fas-caret-up\" viewBox=\"0 0 320 512\" xmlns=\"http:\/\/www.w3.org\/2000\/svg\"><path d=\"M288.662 352H31.338c-17.818 0-26.741-21.543-14.142-34.142l128.662-128.662c7.81-7.81 20.474-7.81 28.284 0l128.662 128.662c12.6 12.599 3.676 34.142-14.142 34.142z\"><\/path><\/svg><\/span>\n\t\t\t\t\t\t\t\t\t\t\t\t\t<\/span>\n\t\t\t\t\t\t\t\t\t\t\t\t<a class=\"elementor-toggle-title\" tabindex=\"0\">DOZAJ:<\/a>\n\t\t\t\t\t<\/div>\n\n\t\t\t\t\t<div id=\"elementor-tab-content-1353\" class=\"elementor-tab-content elementor-clearfix\" data-tab=\"3\" role=\"region\" aria-labelledby=\"elementor-tab-title-1353\"><p>Intram\u00fcsk\u00fcler veya subkutan uygulama i\u00e7in:<br \/>\nGenel: 10 kg v\u00fccut a\u011f\u0131rl\u0131\u011f\u0131 ba\u015f\u0131na 1 ml.<br \/>\nGerekli durumlarda, bu dozaj 48 saat sonra tekrarlanabilir.<br \/>\nS\u0131\u011f\u0131rda her enjeksiyon b\u00f6lgesinde 20 ml&#8217;den fazla, domuzda 10 ml&#8217;den fazla, kalfa, ke\u00e7i ve koyunlarda ise 5 ml&#8217;den fazla uygulanmamal\u0131d\u0131r.<\/p>\n<\/div>\n\t\t\t\t<\/div>\n\t\t\t\t\t\t\t<div class=\"elementor-toggle-item\">\n\t\t\t\t\t<div id=\"elementor-tab-title-1354\" class=\"elementor-tab-title\" data-tab=\"4\" role=\"button\" aria-controls=\"elementor-tab-content-1354\" aria-expanded=\"false\">\n\t\t\t\t\t\t\t\t\t\t\t\t<span class=\"elementor-toggle-icon elementor-toggle-icon-left\" aria-hidden=\"true\">\n\t\t\t\t\t\t\t\t\t\t\t\t\t\t\t<span class=\"elementor-toggle-icon-closed\"><svg class=\"e-font-icon-svg e-fas-caret-right\" viewBox=\"0 0 192 512\" xmlns=\"http:\/\/www.w3.org\/2000\/svg\"><path d=\"M0 384.662V127.338c0-17.818 21.543-26.741 34.142-14.142l128.662 128.662c7.81 7.81 7.81 20.474 0 28.284L34.142 398.804C21.543 411.404 0 402.48 0 384.662z\"><\/path><\/svg><\/span>\n\t\t\t\t\t\t\t\t<span class=\"elementor-toggle-icon-opened\"><svg class=\"elementor-toggle-icon-opened e-font-icon-svg e-fas-caret-up\" viewBox=\"0 0 320 512\" xmlns=\"http:\/\/www.w3.org\/2000\/svg\"><path d=\"M288.662 352H31.338c-17.818 0-26.741-21.543-14.142-34.142l128.662-128.662c7.81-7.81 20.474-7.81 28.284 0l128.662 128.662c12.6 12.599 3.676 34.142-14.142 34.142z\"><\/path><\/svg><\/span>\n\t\t\t\t\t\t\t\t\t\t\t\t\t<\/span>\n\t\t\t\t\t\t\t\t\t\t\t\t<a class=\"elementor-toggle-title\" tabindex=\"0\">\u00c7EKILME S\u00dcRESI:<\/a>\n\t\t\t\t\t<\/div>\n\n\t\t\t\t\t<div id=\"elementor-tab-content-1354\" class=\"elementor-tab-content elementor-clearfix\" data-tab=\"4\" role=\"region\" aria-labelledby=\"elementor-tab-title-1354\"><p>&#8211; Et i\u00e7in: 28 g\u00fcn.<br \/>\n&#8211; S\u00fct i\u00e7in: 7 g\u00fcn.<\/p>\n<\/div>\n\t\t\t\t<\/div>\n\t\t\t\t\t\t\t<div class=\"elementor-toggle-item\">\n\t\t\t\t\t<div id=\"elementor-tab-title-1355\" class=\"elementor-tab-title\" data-tab=\"5\" role=\"button\" aria-controls=\"elementor-tab-content-1355\" aria-expanded=\"false\">\n\t\t\t\t\t\t\t\t\t\t\t\t<span class=\"elementor-toggle-icon elementor-toggle-icon-left\" aria-hidden=\"true\">\n\t\t\t\t\t\t\t\t\t\t\t\t\t\t\t<span class=\"elementor-toggle-icon-closed\"><svg class=\"e-font-icon-svg e-fas-caret-right\" viewBox=\"0 0 192 512\" xmlns=\"http:\/\/www.w3.org\/2000\/svg\"><path d=\"M0 384.662V127.338c0-17.818 21.543-26.741 34.142-14.142l128.662 128.662c7.81 7.81 7.81 20.474 0 28.284L34.142 398.804C21.543 411.404 0 402.48 0 384.662z\"><\/path><\/svg><\/span>\n\t\t\t\t\t\t\t\t<span class=\"elementor-toggle-icon-opened\"><svg class=\"elementor-toggle-icon-opened e-font-icon-svg e-fas-caret-up\" viewBox=\"0 0 320 512\" xmlns=\"http:\/\/www.w3.org\/2000\/svg\"><path d=\"M288.662 352H31.338c-17.818 0-26.741-21.543-14.142-34.142l128.662-128.662c7.81-7.81 20.474-7.81 28.284 0l128.662 128.662c12.6 12.599 3.676 34.142-14.142 34.142z\"><\/path><\/svg><\/span>\n\t\t\t\t\t\t\t\t\t\t\t\t\t<\/span>\n\t\t\t\t\t\t\t\t\t\t\t\t<a class=\"elementor-toggle-title\" tabindex=\"0\">SAKLAMA:<\/a>\n\t\t\t\t\t<\/div>\n\n\t\t\t\t\t<div id=\"elementor-tab-content-1355\" class=\"elementor-tab-content elementor-clearfix\" data-tab=\"5\" role=\"region\" aria-labelledby=\"elementor-tab-title-1355\"><p>15-25\u00b0C (59-77\u00b0F) aras\u0131nda kuru ve karanl\u0131k bir yerde saklay\u0131n.<\/p>\n<\/div>\n\t\t\t\t<\/div>\n\t\t\t\t\t\t\t\t<\/div>\n\t\t\t\t\t\t<\/div>\n\t\t\t\t<\/div>\n\t\t\t\t\t<\/div>\n\t\t\t\t<\/div>\n\t\t\t\t<\/div>\n\t\t","protected":false},"excerpt":{"rendered":"<p>Oxyreg-20, geni\u015f spektrumlu antibiyotikler s\u0131n\u0131f\u0131na ait, \u00e7e\u015fitli bakteriyel enfeksiyonlar\u0131 tedavi etmek i\u00e7in kullan\u0131lan tetrasiklinler grubuna ait bir antibiyotiktir. Bakteriyel h\u00fccre i\u00e7inde protein sentezini engelleyerek bakteriyel b\u00fcy\u00fcmeyi g\u00fc\u00e7l\u00fc bir \u015fekilde inhibe etme yetene\u011fine sahiptir, bu da onlar\u0131n \u00fcremesini s\u0131n\u0131rland\u0131r\u0131r ve nihayetinde \u00f6l\u00fcm\u00fcne yol a\u00e7ar.<br \/>\nOxyreg-20, geni\u015f bir Gram-pozitif ve Gram-negatif bakteri ve klamidya, mikoplazma ve baz\u0131 protozoa t\u00fcrleri gibi mikroorganizmalarla etkilidir.<br \/>\nSolunum sistemi, sindirim sistemi, idrar yolu, \u00fcreme sistemi enfeksiyonlar\u0131, g\u00f6z enfeksiyonlar\u0131, deri enfeksiyonlar\u0131 ve yaralar gibi durumlarda kullan\u0131l\u0131r.<br \/>\nKaraci\u011ferde \u00f6nemli \u00f6l\u00e7\u00fcde metabolize olmaz ve aktif formda kal\u0131r, \u00e7o\u011funlukla idrarla at\u0131l\u0131r ve bir k\u0131sm\u0131 safra ve d\u0131\u015fk\u0131 yoluyla at\u0131l\u0131r.<\/p>\n","protected":false},"featured_media":31371,"template":"","meta":[],"product_cat":[176,175],"product_tag":[],"class_list":{"0":"post-29694","1":"product","2":"type-product","3":"status-publish","4":"has-post-thumbnail","6":"product_cat-enjeksiyon","7":"product_cat-ruminantlar","9":"first","10":"instock","11":"shipping-taxable","12":"product-type-simple"},"yoast_head":"<!-- This site is optimized with the Yoast SEO plugin v24.1 - https:\/\/yoast.com\/wordpress\/plugins\/seo\/ -->\n<title>OXYREG-20 - regnovet<\/title>\n<meta name=\"robots\" content=\"index, follow, max-snippet:-1, max-image-preview:large, max-video-preview:-1\" \/>\n<link rel=\"canonical\" href=\"https:\/\/www.regnovet.com\/tr\/urun\/oxyreg-20\/\" \/>\n<meta property=\"og:locale\" content=\"tr_TR\" \/>\n<meta property=\"og:type\" content=\"article\" \/>\n<meta property=\"og:title\" content=\"OXYREG-20 - regnovet\" \/>\n<meta property=\"og:description\" content=\"Oxyreg-20, geni\u015f spektrumlu antibiyotikler s\u0131n\u0131f\u0131na ait, \u00e7e\u015fitli bakteriyel enfeksiyonlar\u0131 tedavi etmek i\u00e7in kullan\u0131lan tetrasiklinler grubuna ait bir antibiyotiktir. Bakteriyel h\u00fccre i\u00e7inde protein sentezini engelleyerek bakteriyel b\u00fcy\u00fcmeyi g\u00fc\u00e7l\u00fc bir \u015fekilde inhibe etme yetene\u011fine sahiptir, bu da onlar\u0131n \u00fcremesini s\u0131n\u0131rland\u0131r\u0131r ve nihayetinde \u00f6l\u00fcm\u00fcne yol a\u00e7ar. Oxyreg-20, geni\u015f bir Gram-pozitif ve Gram-negatif bakteri ve klamidya, mikoplazma ve baz\u0131 protozoa t\u00fcrleri gibi mikroorganizmalarla etkilidir. Solunum sistemi, sindirim sistemi, idrar yolu, \u00fcreme sistemi enfeksiyonlar\u0131, g\u00f6z enfeksiyonlar\u0131, deri enfeksiyonlar\u0131 ve yaralar gibi durumlarda kullan\u0131l\u0131r. Karaci\u011ferde \u00f6nemli \u00f6l\u00e7\u00fcde metabolize olmaz ve aktif formda kal\u0131r, \u00e7o\u011funlukla idrarla at\u0131l\u0131r ve bir k\u0131sm\u0131 safra ve d\u0131\u015fk\u0131 yoluyla at\u0131l\u0131r.\" \/>\n<meta property=\"og:url\" content=\"https:\/\/www.regnovet.com\/tr\/urun\/oxyreg-20\/\" \/>\n<meta property=\"og:site_name\" content=\"regnovet\" \/>\n<meta property=\"article:publisher\" content=\"https:\/\/www.facebook.com\/people\/RegnoVet\/61571321505220\/\" \/>\n<meta property=\"article:modified_time\" content=\"2025-02-15T11:23:18+00:00\" \/>\n<meta property=\"og:image\" content=\"https:\/\/www.regnovet.com\/wp-content\/uploads\/2024\/11\/oxyreg-20.jpg\" \/>\n\t<meta property=\"og:image:width\" content=\"700\" \/>\n\t<meta property=\"og:image:height\" content=\"700\" \/>\n\t<meta property=\"og:image:type\" content=\"image\/jpeg\" \/>\n<meta name=\"twitter:card\" content=\"summary_large_image\" \/>\n<meta name=\"twitter:label1\" content=\"Tahmini okuma s\u00fcresi\" \/>\n\t<meta name=\"twitter:data1\" content=\"1 dakika\" \/>\n<script type=\"application\/ld+json\" class=\"yoast-schema-graph\">{\"@context\":\"https:\/\/schema.org\",\"@graph\":[{\"@type\":\"WebPage\",\"@id\":\"https:\/\/www.regnovet.com\/tr\/urun\/oxyreg-20\/\",\"url\":\"https:\/\/www.regnovet.com\/tr\/urun\/oxyreg-20\/\",\"name\":\"OXYREG-20 - regnovet\",\"isPartOf\":{\"@id\":\"https:\/\/www.regnovet.com\/tr\/#website\"},\"primaryImageOfPage\":{\"@id\":\"https:\/\/www.regnovet.com\/tr\/urun\/oxyreg-20\/#primaryimage\"},\"image\":{\"@id\":\"https:\/\/www.regnovet.com\/tr\/urun\/oxyreg-20\/#primaryimage\"},\"thumbnailUrl\":\"https:\/\/www.regnovet.com\/wp-content\/uploads\/2024\/11\/oxyreg-20.jpg\",\"datePublished\":\"2024-11-06T11:57:03+00:00\",\"dateModified\":\"2025-02-15T11:23:18+00:00\",\"breadcrumb\":{\"@id\":\"https:\/\/www.regnovet.com\/tr\/urun\/oxyreg-20\/#breadcrumb\"},\"inLanguage\":\"tr\",\"potentialAction\":[{\"@type\":\"ReadAction\",\"target\":[\"https:\/\/www.regnovet.com\/tr\/urun\/oxyreg-20\/\"]}]},{\"@type\":\"ImageObject\",\"inLanguage\":\"tr\",\"@id\":\"https:\/\/www.regnovet.com\/tr\/urun\/oxyreg-20\/#primaryimage\",\"url\":\"https:\/\/www.regnovet.com\/wp-content\/uploads\/2024\/11\/oxyreg-20.jpg\",\"contentUrl\":\"https:\/\/www.regnovet.com\/wp-content\/uploads\/2024\/11\/oxyreg-20.jpg\",\"width\":700,\"height\":700},{\"@type\":\"BreadcrumbList\",\"@id\":\"https:\/\/www.regnovet.com\/tr\/urun\/oxyreg-20\/#breadcrumb\",\"itemListElement\":[{\"@type\":\"ListItem\",\"position\":1,\"name\":\"Home\",\"item\":\"https:\/\/www.regnovet.com\/tr\/\"},{\"@type\":\"ListItem\",\"position\":2,\"name\":\"\u00dcr\u00fcnler\",\"item\":\"https:\/\/www.regnovet.com\/products\/\"},{\"@type\":\"ListItem\",\"position\":3,\"name\":\"OXYREG-20\"}]},{\"@type\":\"WebSite\",\"@id\":\"https:\/\/www.regnovet.com\/tr\/#website\",\"url\":\"https:\/\/www.regnovet.com\/tr\/\",\"name\":\"regnovet\",\"description\":\"\",\"publisher\":{\"@id\":\"https:\/\/www.regnovet.com\/tr\/#organization\"},\"potentialAction\":[{\"@type\":\"SearchAction\",\"target\":{\"@type\":\"EntryPoint\",\"urlTemplate\":\"https:\/\/www.regnovet.com\/tr\/?s={search_term_string}\"},\"query-input\":{\"@type\":\"PropertyValueSpecification\",\"valueRequired\":true,\"valueName\":\"search_term_string\"}}],\"inLanguage\":\"tr\"},{\"@type\":\"Organization\",\"@id\":\"https:\/\/www.regnovet.com\/tr\/#organization\",\"name\":\"regnovet\",\"url\":\"https:\/\/www.regnovet.com\/tr\/\",\"logo\":{\"@type\":\"ImageObject\",\"inLanguage\":\"tr\",\"@id\":\"https:\/\/www.regnovet.com\/tr\/#\/schema\/logo\/image\/\",\"url\":\"https:\/\/www.regnovet.com\/wp-content\/uploads\/2024\/09\/cropped-512.png\",\"contentUrl\":\"https:\/\/www.regnovet.com\/wp-content\/uploads\/2024\/09\/cropped-512.png\",\"width\":512,\"height\":512,\"caption\":\"regnovet\"},\"image\":{\"@id\":\"https:\/\/www.regnovet.com\/tr\/#\/schema\/logo\/image\/\"},\"sameAs\":[\"https:\/\/www.facebook.com\/people\/RegnoVet\/61571321505220\/\"]}]}<\/script>\n<!-- \/ Yoast SEO plugin. -->","yoast_head_json":{"title":"OXYREG-20 - regnovet","robots":{"index":"index","follow":"follow","max-snippet":"max-snippet:-1","max-image-preview":"max-image-preview:large","max-video-preview":"max-video-preview:-1"},"canonical":"https:\/\/www.regnovet.com\/tr\/urun\/oxyreg-20\/","og_locale":"tr_TR","og_type":"article","og_title":"OXYREG-20 - regnovet","og_description":"Oxyreg-20, geni\u015f spektrumlu antibiyotikler s\u0131n\u0131f\u0131na ait, \u00e7e\u015fitli bakteriyel enfeksiyonlar\u0131 tedavi etmek i\u00e7in kullan\u0131lan tetrasiklinler grubuna ait bir antibiyotiktir. Bakteriyel h\u00fccre i\u00e7inde protein sentezini engelleyerek bakteriyel b\u00fcy\u00fcmeyi g\u00fc\u00e7l\u00fc bir \u015fekilde inhibe etme yetene\u011fine sahiptir, bu da onlar\u0131n \u00fcremesini s\u0131n\u0131rland\u0131r\u0131r ve nihayetinde \u00f6l\u00fcm\u00fcne yol a\u00e7ar. Oxyreg-20, geni\u015f bir Gram-pozitif ve Gram-negatif bakteri ve klamidya, mikoplazma ve baz\u0131 protozoa t\u00fcrleri gibi mikroorganizmalarla etkilidir. Solunum sistemi, sindirim sistemi, idrar yolu, \u00fcreme sistemi enfeksiyonlar\u0131, g\u00f6z enfeksiyonlar\u0131, deri enfeksiyonlar\u0131 ve yaralar gibi durumlarda kullan\u0131l\u0131r. Karaci\u011ferde \u00f6nemli \u00f6l\u00e7\u00fcde metabolize olmaz ve aktif formda kal\u0131r, \u00e7o\u011funlukla idrarla at\u0131l\u0131r ve bir k\u0131sm\u0131 safra ve d\u0131\u015fk\u0131 yoluyla at\u0131l\u0131r.","og_url":"https:\/\/www.regnovet.com\/tr\/urun\/oxyreg-20\/","og_site_name":"regnovet","article_publisher":"https:\/\/www.facebook.com\/people\/RegnoVet\/61571321505220\/","article_modified_time":"2025-02-15T11:23:18+00:00","og_image":[{"width":700,"height":700,"url":"https:\/\/www.regnovet.com\/wp-content\/uploads\/2024\/11\/oxyreg-20.jpg","type":"image\/jpeg"}],"twitter_card":"summary_large_image","twitter_misc":{"Tahmini okuma s\u00fcresi":"1 dakika"},"schema":{"@context":"https:\/\/schema.org","@graph":[{"@type":"WebPage","@id":"https:\/\/www.regnovet.com\/tr\/urun\/oxyreg-20\/","url":"https:\/\/www.regnovet.com\/tr\/urun\/oxyreg-20\/","name":"OXYREG-20 - regnovet","isPartOf":{"@id":"https:\/\/www.regnovet.com\/tr\/#website"},"primaryImageOfPage":{"@id":"https:\/\/www.regnovet.com\/tr\/urun\/oxyreg-20\/#primaryimage"},"image":{"@id":"https:\/\/www.regnovet.com\/tr\/urun\/oxyreg-20\/#primaryimage"},"thumbnailUrl":"https:\/\/www.regnovet.com\/wp-content\/uploads\/2024\/11\/oxyreg-20.jpg","datePublished":"2024-11-06T11:57:03+00:00","dateModified":"2025-02-15T11:23:18+00:00","breadcrumb":{"@id":"https:\/\/www.regnovet.com\/tr\/urun\/oxyreg-20\/#breadcrumb"},"inLanguage":"tr","potentialAction":[{"@type":"ReadAction","target":["https:\/\/www.regnovet.com\/tr\/urun\/oxyreg-20\/"]}]},{"@type":"ImageObject","inLanguage":"tr","@id":"https:\/\/www.regnovet.com\/tr\/urun\/oxyreg-20\/#primaryimage","url":"https:\/\/www.regnovet.com\/wp-content\/uploads\/2024\/11\/oxyreg-20.jpg","contentUrl":"https:\/\/www.regnovet.com\/wp-content\/uploads\/2024\/11\/oxyreg-20.jpg","width":700,"height":700},{"@type":"BreadcrumbList","@id":"https:\/\/www.regnovet.com\/tr\/urun\/oxyreg-20\/#breadcrumb","itemListElement":[{"@type":"ListItem","position":1,"name":"Home","item":"https:\/\/www.regnovet.com\/tr\/"},{"@type":"ListItem","position":2,"name":"\u00dcr\u00fcnler","item":"https:\/\/www.regnovet.com\/products\/"},{"@type":"ListItem","position":3,"name":"OXYREG-20"}]},{"@type":"WebSite","@id":"https:\/\/www.regnovet.com\/tr\/#website","url":"https:\/\/www.regnovet.com\/tr\/","name":"regnovet","description":"","publisher":{"@id":"https:\/\/www.regnovet.com\/tr\/#organization"},"potentialAction":[{"@type":"SearchAction","target":{"@type":"EntryPoint","urlTemplate":"https:\/\/www.regnovet.com\/tr\/?s={search_term_string}"},"query-input":{"@type":"PropertyValueSpecification","valueRequired":true,"valueName":"search_term_string"}}],"inLanguage":"tr"},{"@type":"Organization","@id":"https:\/\/www.regnovet.com\/tr\/#organization","name":"regnovet","url":"https:\/\/www.regnovet.com\/tr\/","logo":{"@type":"ImageObject","inLanguage":"tr","@id":"https:\/\/www.regnovet.com\/tr\/#\/schema\/logo\/image\/","url":"https:\/\/www.regnovet.com\/wp-content\/uploads\/2024\/09\/cropped-512.png","contentUrl":"https:\/\/www.regnovet.com\/wp-content\/uploads\/2024\/09\/cropped-512.png","width":512,"height":512,"caption":"regnovet"},"image":{"@id":"https:\/\/www.regnovet.com\/tr\/#\/schema\/logo\/image\/"},"sameAs":["https:\/\/www.facebook.com\/people\/RegnoVet\/61571321505220\/"]}]}},"_links":{"self":[{"href":"https:\/\/www.regnovet.com\/tr\/wp-json\/wp\/v2\/product\/29694","targetHints":{"allow":["GET"]}}],"collection":[{"href":"https:\/\/www.regnovet.com\/tr\/wp-json\/wp\/v2\/product"}],"about":[{"href":"https:\/\/www.regnovet.com\/tr\/wp-json\/wp\/v2\/types\/product"}],"version-history":[{"count":7,"href":"https:\/\/www.regnovet.com\/tr\/wp-json\/wp\/v2\/product\/29694\/revisions"}],"predecessor-version":[{"id":31475,"href":"https:\/\/www.regnovet.com\/tr\/wp-json\/wp\/v2\/product\/29694\/revisions\/31475"}],"wp:featuredmedia":[{"embeddable":true,"href":"https:\/\/www.regnovet.com\/tr\/wp-json\/wp\/v2\/media\/31371"}],"wp:attachment":[{"href":"https:\/\/www.regnovet.com\/tr\/wp-json\/wp\/v2\/media?parent=29694"}],"wp:term":[{"taxonomy":"product_cat","embeddable":true,"href":"https:\/\/www.regnovet.com\/tr\/wp-json\/wp\/v2\/product_cat?post=29694"},{"taxonomy":"product_tag","embeddable":true,"href":"https:\/\/www.regnovet.com\/tr\/wp-json\/wp\/v2\/product_tag?post=29694"}],"curies":[{"name":"wp","href":"https:\/\/api.w.org\/{rel}","templated":true}]}}