{"id":29970,"date":"2024-11-04T12:41:25","date_gmt":"2024-11-04T12:41:25","guid":{"rendered":"https:\/\/www.regnovet.com\/product\/regno-v-100-ad3e\/"},"modified":"2024-12-21T11:26:01","modified_gmt":"2024-12-21T11:26:01","slug":"regno-v-100-ad3e","status":"publish","type":"product","link":"https:\/\/www.regnovet.com\/tr\/urun\/regno-v-100-ad3e\/","title":{"rendered":"Regno V-100 AD3E"},"content":{"rendered":"\t\t<div data-elementor-type=\"wp-post\" data-elementor-id=\"29970\" class=\"elementor elementor-29970 elementor-28323\">\n\t\t\t\t<div class=\"wd-negative-gap elementor-element elementor-element-b66c455 e-flex e-con-boxed e-con e-parent\" data-id=\"b66c455\" data-element_type=\"container\" data-e-type=\"container\">\n\t\t\t\t\t<div class=\"e-con-inner\">\n\t\t\t\t<div class=\"elementor-element elementor-element-b3d7cfc elementor-widget elementor-widget-toggle\" data-id=\"b3d7cfc\" data-element_type=\"widget\" data-e-type=\"widget\" data-widget_type=\"toggle.default\">\n\t\t\t\t<div class=\"elementor-widget-container\">\n\t\t\t\t\t\t\t<div class=\"elementor-toggle\">\n\t\t\t\t\t\t\t<div class=\"elementor-toggle-item\">\n\t\t\t\t\t<div id=\"elementor-tab-title-1881\" class=\"elementor-tab-title\" data-tab=\"1\" role=\"button\" aria-controls=\"elementor-tab-content-1881\" aria-expanded=\"false\">\n\t\t\t\t\t\t\t\t\t\t\t\t<span class=\"elementor-toggle-icon elementor-toggle-icon-left\" aria-hidden=\"true\">\n\t\t\t\t\t\t\t\t\t\t\t\t\t\t\t<span class=\"elementor-toggle-icon-closed\"><svg class=\"e-font-icon-svg e-fas-caret-right\" viewBox=\"0 0 192 512\" xmlns=\"http:\/\/www.w3.org\/2000\/svg\"><path d=\"M0 384.662V127.338c0-17.818 21.543-26.741 34.142-14.142l128.662 128.662c7.81 7.81 7.81 20.474 0 28.284L34.142 398.804C21.543 411.404 0 402.48 0 384.662z\"><\/path><\/svg><\/span>\n\t\t\t\t\t\t\t\t<span class=\"elementor-toggle-icon-opened\"><svg class=\"elementor-toggle-icon-opened e-font-icon-svg e-fas-caret-up\" viewBox=\"0 0 320 512\" xmlns=\"http:\/\/www.w3.org\/2000\/svg\"><path d=\"M288.662 352H31.338c-17.818 0-26.741-21.543-14.142-34.142l128.662-128.662c7.81-7.81 20.474-7.81 28.284 0l128.662 128.662c12.6 12.599 3.676 34.142-14.142 34.142z\"><\/path><\/svg><\/span>\n\t\t\t\t\t\t\t\t\t\t\t\t\t<\/span>\n\t\t\t\t\t\t\t\t\t\t\t\t<a class=\"elementor-toggle-title\" tabindex=\"0\">\u0130\u00c7ER\u0130K:<\/a>\n\t\t\t\t\t<\/div>\n\n\t\t\t\t\t<div id=\"elementor-tab-content-1881\" class=\"elementor-tab-content elementor-clearfix\" data-tab=\"1\" role=\"region\" aria-labelledby=\"elementor-tab-title-1881\"><p>A Vitamini, D3 Vitamini ve E Vitamini<\/p>\n<\/div>\n\t\t\t\t<\/div>\n\t\t\t\t\t\t\t<div class=\"elementor-toggle-item\">\n\t\t\t\t\t<div id=\"elementor-tab-title-1882\" class=\"elementor-tab-title\" data-tab=\"2\" role=\"button\" aria-controls=\"elementor-tab-content-1882\" aria-expanded=\"false\">\n\t\t\t\t\t\t\t\t\t\t\t\t<span class=\"elementor-toggle-icon elementor-toggle-icon-left\" aria-hidden=\"true\">\n\t\t\t\t\t\t\t\t\t\t\t\t\t\t\t<span class=\"elementor-toggle-icon-closed\"><svg class=\"e-font-icon-svg e-fas-caret-right\" viewBox=\"0 0 192 512\" xmlns=\"http:\/\/www.w3.org\/2000\/svg\"><path d=\"M0 384.662V127.338c0-17.818 21.543-26.741 34.142-14.142l128.662 128.662c7.81 7.81 7.81 20.474 0 28.284L34.142 398.804C21.543 411.404 0 402.48 0 384.662z\"><\/path><\/svg><\/span>\n\t\t\t\t\t\t\t\t<span class=\"elementor-toggle-icon-opened\"><svg class=\"elementor-toggle-icon-opened e-font-icon-svg e-fas-caret-up\" viewBox=\"0 0 320 512\" xmlns=\"http:\/\/www.w3.org\/2000\/svg\"><path d=\"M288.662 352H31.338c-17.818 0-26.741-21.543-14.142-34.142l128.662-128.662c7.81-7.81 20.474-7.81 28.284 0l128.662 128.662c12.6 12.599 3.676 34.142-14.142 34.142z\"><\/path><\/svg><\/span>\n\t\t\t\t\t\t\t\t\t\t\t\t\t<\/span>\n\t\t\t\t\t\t\t\t\t\t\t\t<a class=\"elementor-toggle-title\" tabindex=\"0\">ENDIKASYON:<\/a>\n\t\t\t\t\t<\/div>\n\n\t\t\t\t\t<div id=\"elementor-tab-content-1882\" class=\"elementor-tab-content elementor-clearfix\" data-tab=\"2\" role=\"region\" aria-labelledby=\"elementor-tab-title-1882\"><p>&#8211; Yumurta \u00fcretimi, yavru verimi ve kilo art\u0131\u015f\u0131n\u0131 art\u0131rmak<br \/>\n&#8211; \u00dcreme d\u00f6neminde daha y\u00fcksek do\u011furganl\u0131k<br \/>\n&#8211; Antibiyotik ve a\u015f\u0131lamalardan sonra yenilenme sa\u011flamak<br \/>\n&#8211; Ba\u011f\u0131\u015f\u0131kl\u0131k sistemini g\u00fc\u00e7lendirmek<br \/>\n&#8211; Hastal\u0131klara kar\u015f\u0131 savunmalar\u0131 art\u0131rmak<br \/>\n&#8211; Yer de\u011fi\u015fikli\u011fi, y\u00fcksek nem d\u00f6nemi veya \u00e7ok s\u0131cak g\u00fcnler sonras\u0131 stres durumlar\u0131nda<br \/>\n&#8211; Gebek ve s\u00fct veren hayvanlar i\u00e7in<br \/>\n&#8211; Yem verimlili\u011fini art\u0131rmak, FCR\u2019yi iyile\u015ftirmek ve b\u00fcy\u00fcme h\u0131zlar\u0131n\u0131 art\u0131rmak<\/p>\n<\/div>\n\t\t\t\t<\/div>\n\t\t\t\t\t\t\t<div class=\"elementor-toggle-item\">\n\t\t\t\t\t<div id=\"elementor-tab-title-1883\" class=\"elementor-tab-title\" data-tab=\"3\" role=\"button\" aria-controls=\"elementor-tab-content-1883\" aria-expanded=\"false\">\n\t\t\t\t\t\t\t\t\t\t\t\t<span class=\"elementor-toggle-icon elementor-toggle-icon-left\" aria-hidden=\"true\">\n\t\t\t\t\t\t\t\t\t\t\t\t\t\t\t<span class=\"elementor-toggle-icon-closed\"><svg class=\"e-font-icon-svg e-fas-caret-right\" viewBox=\"0 0 192 512\" xmlns=\"http:\/\/www.w3.org\/2000\/svg\"><path d=\"M0 384.662V127.338c0-17.818 21.543-26.741 34.142-14.142l128.662 128.662c7.81 7.81 7.81 20.474 0 28.284L34.142 398.804C21.543 411.404 0 402.48 0 384.662z\"><\/path><\/svg><\/span>\n\t\t\t\t\t\t\t\t<span class=\"elementor-toggle-icon-opened\"><svg class=\"elementor-toggle-icon-opened e-font-icon-svg e-fas-caret-up\" viewBox=\"0 0 320 512\" xmlns=\"http:\/\/www.w3.org\/2000\/svg\"><path d=\"M288.662 352H31.338c-17.818 0-26.741-21.543-14.142-34.142l128.662-128.662c7.81-7.81 20.474-7.81 28.284 0l128.662 128.662c12.6 12.599 3.676 34.142-14.142 34.142z\"><\/path><\/svg><\/span>\n\t\t\t\t\t\t\t\t\t\t\t\t\t<\/span>\n\t\t\t\t\t\t\t\t\t\t\t\t<a class=\"elementor-toggle-title\" tabindex=\"0\">DOZAJ<strong>:<\/strong><\/a>\n\t\t\t\t\t<\/div>\n\n\t\t\t\t\t<div id=\"elementor-tab-content-1883\" class=\"elementor-tab-content elementor-clearfix\" data-tab=\"3\" role=\"region\" aria-labelledby=\"elementor-tab-title-1883\"><p>\u00b0 <strong>Kanatl\u0131lar<\/strong>: 3 g\u00fcn boyunca her g\u00fcn 4 litre i\u00e7me suyuna 1-2 ml<br \/>\n\u00b0 <strong>S\u0131\u011f\u0131rlar, Atlar ve Develer<\/strong>: 3 g\u00fcn boyunca her g\u00fcn i\u00e7me suyuna 10-12 ml<br \/>\n\u00b0 <strong>Koyun, Ke\u00e7iler, Buza\u011f\u0131lar ve Taylar:<\/strong> 3 g\u00fcn boyunca her g\u00fcn i\u00e7me suyuna 3 ml<\/p>\n<\/div>\n\t\t\t\t<\/div>\n\t\t\t\t\t\t\t<div class=\"elementor-toggle-item\">\n\t\t\t\t\t<div id=\"elementor-tab-title-1884\" class=\"elementor-tab-title\" data-tab=\"4\" role=\"button\" aria-controls=\"elementor-tab-content-1884\" aria-expanded=\"false\">\n\t\t\t\t\t\t\t\t\t\t\t\t<span class=\"elementor-toggle-icon elementor-toggle-icon-left\" aria-hidden=\"true\">\n\t\t\t\t\t\t\t\t\t\t\t\t\t\t\t<span class=\"elementor-toggle-icon-closed\"><svg class=\"e-font-icon-svg e-fas-caret-right\" viewBox=\"0 0 192 512\" xmlns=\"http:\/\/www.w3.org\/2000\/svg\"><path d=\"M0 384.662V127.338c0-17.818 21.543-26.741 34.142-14.142l128.662 128.662c7.81 7.81 7.81 20.474 0 28.284L34.142 398.804C21.543 411.404 0 402.48 0 384.662z\"><\/path><\/svg><\/span>\n\t\t\t\t\t\t\t\t<span class=\"elementor-toggle-icon-opened\"><svg class=\"elementor-toggle-icon-opened e-font-icon-svg e-fas-caret-up\" viewBox=\"0 0 320 512\" xmlns=\"http:\/\/www.w3.org\/2000\/svg\"><path d=\"M288.662 352H31.338c-17.818 0-26.741-21.543-14.142-34.142l128.662-128.662c7.81-7.81 20.474-7.81 28.284 0l128.662 128.662c12.6 12.599 3.676 34.142-14.142 34.142z\"><\/path><\/svg><\/span>\n\t\t\t\t\t\t\t\t\t\t\t\t\t<\/span>\n\t\t\t\t\t\t\t\t\t\t\t\t<a class=\"elementor-toggle-title\" tabindex=\"0\">\u00c7EK\u0130LME S\u00dcRES\u0130:<\/a>\n\t\t\t\t\t<\/div>\n\n\t\t\t\t\t<div id=\"elementor-tab-content-1884\" class=\"elementor-tab-content elementor-clearfix\" data-tab=\"4\" role=\"region\" aria-labelledby=\"elementor-tab-title-1884\"><p>0 g\u00fcn<\/p>\n<\/div>\n\t\t\t\t<\/div>\n\t\t\t\t\t\t\t<div class=\"elementor-toggle-item\">\n\t\t\t\t\t<div id=\"elementor-tab-title-1885\" class=\"elementor-tab-title\" data-tab=\"5\" role=\"button\" aria-controls=\"elementor-tab-content-1885\" aria-expanded=\"false\">\n\t\t\t\t\t\t\t\t\t\t\t\t<span class=\"elementor-toggle-icon elementor-toggle-icon-left\" aria-hidden=\"true\">\n\t\t\t\t\t\t\t\t\t\t\t\t\t\t\t<span class=\"elementor-toggle-icon-closed\"><svg class=\"e-font-icon-svg e-fas-caret-right\" viewBox=\"0 0 192 512\" xmlns=\"http:\/\/www.w3.org\/2000\/svg\"><path d=\"M0 384.662V127.338c0-17.818 21.543-26.741 34.142-14.142l128.662 128.662c7.81 7.81 7.81 20.474 0 28.284L34.142 398.804C21.543 411.404 0 402.48 0 384.662z\"><\/path><\/svg><\/span>\n\t\t\t\t\t\t\t\t<span class=\"elementor-toggle-icon-opened\"><svg class=\"elementor-toggle-icon-opened e-font-icon-svg e-fas-caret-up\" viewBox=\"0 0 320 512\" xmlns=\"http:\/\/www.w3.org\/2000\/svg\"><path d=\"M288.662 352H31.338c-17.818 0-26.741-21.543-14.142-34.142l128.662-128.662c7.81-7.81 20.474-7.81 28.284 0l128.662 128.662c12.6 12.599 3.676 34.142-14.142 34.142z\"><\/path><\/svg><\/span>\n\t\t\t\t\t\t\t\t\t\t\t\t\t<\/span>\n\t\t\t\t\t\t\t\t\t\t\t\t<a class=\"elementor-toggle-title\" tabindex=\"0\">SAKLAMA:<\/a>\n\t\t\t\t\t<\/div>\n\n\t\t\t\t\t<div id=\"elementor-tab-content-1885\" class=\"elementor-tab-content elementor-clearfix\" data-tab=\"5\" role=\"region\" aria-labelledby=\"elementor-tab-title-1885\"><p>15-25\u00b0C (59-77\u00b0F) aras\u0131nda kuru ve karanl\u0131k bir yerde saklay\u0131n\u0131z<\/p>\n<\/div>\n\t\t\t\t<\/div>\n\t\t\t\t\t\t\t\t<\/div>\n\t\t\t\t\t\t<\/div>\n\t\t\t\t<\/div>\n\t\t\t\t\t<\/div>\n\t\t\t\t<\/div>\n\t\t\t\t<\/div>\n\t\t","protected":false},"excerpt":{"rendered":"<p>Bu \u00fcr\u00fcn, A, D3 ve E vitaminlerinin eksikliklerinden kaynaklanan beslenme dengesizliklerini \u00f6nlemeye yard\u0131mc\u0131 olur. Bu eksiklikler, yumurta \u00fcretiminin azalmas\u0131, d\u00fc\u015f\u00fck yavru verme oran\u0131 ve yuvarlak kalp hastal\u0131\u011f\u0131 gibi problemlere yol a\u00e7abilir.<br \/>\nForm\u00fclasyondaki vitaminler, ku\u015flar\u0131n bakteriyel ve paraziter hastal\u0131klara kar\u015f\u0131 direncini art\u0131r\u0131r, yeti\u015ftirme ko\u015fullar\u0131ndaki de\u011fi\u015fikliklerden kaynaklanan stresi azalt\u0131r, \u00f6strus haz\u0131rl\u0131\u011f\u0131n\u0131 destekler, \u00fcreme problemleri ve do\u011fu\u015ftan gelen kusurlara kar\u015f\u0131 korur ve embriyo geli\u015fiminin d\u00fczg\u00fcn \u015fekilde ilerlemesini te\u015fvik eder.<br \/>\nAyr\u0131ca, kalsiyum ve fosfor dengesini iyile\u015ftirir ve kalsiyum-fosfor homeostaz\u0131nda \u00f6nemli bir rol oynar; gen\u00e7 hayvanlarda ra\u015fitizmi ve yeti\u015fkinlerde kemik yumu\u015famas\u0131n\u0131 \u00f6nler. Form\u00fclasyondaki bile\u015fenlerin antioksidan \u00f6zellikleri, h\u00fccresel membranlardaki \u00e7oklu doymam\u0131\u015f fosfolipitlerin peroksidatif bozulmas\u0131n\u0131 engellemeye yard\u0131mc\u0131 olur.<br \/>\nYem al\u0131m\u0131n\u0131 art\u0131r\u0131r, hayvan\u0131n ba\u011f\u0131\u015f\u0131kl\u0131k sistemini g\u00fc\u00e7lendirir ve d\u00fczenli, sa\u011fl\u0131kl\u0131 b\u00fcy\u00fcmeyi te\u015fvik eder, sa\u011fl\u0131kl\u0131 epitel dokular\u0131n\u0131n korunmas\u0131na yard\u0131mc\u0131 olur ve civcivlerde eks\u00fcdativ diyatezi \u00f6nler. Bu \u00fcr\u00fcn, kas distrofisini engeller; ayr\u0131ca \u00f6dem, g\u00f6zya\u015f\u0131 ak\u0131\u015f\u0131, kuru g\u00f6z, gece k\u00f6rl\u00fc\u011f\u00fc, hiperkeratoz, korneal opasite ve artan beyin-omurilik s\u0131v\u0131s\u0131 bas\u0131nc\u0131na kar\u015f\u0131 koruma sa\u011flar.<\/p>\n","protected":false},"featured_media":29317,"template":"","meta":[],"product_cat":[184,186,175,187],"product_tag":[],"class_list":{"0":"post-29970","1":"product","2":"type-product","3":"status-publish","4":"has-post-thumbnail","6":"product_cat-kanatli","7":"product_cat-kuslar","8":"product_cat-ruminantlar","9":"product_cat-yem-katki-maddeleri","11":"first","12":"instock","13":"shipping-taxable","14":"product-type-simple"},"yoast_head":"<!-- This site is optimized with the Yoast SEO plugin v24.1 - https:\/\/yoast.com\/wordpress\/plugins\/seo\/ -->\n<title>Regno V-100 AD3E - regnovet<\/title>\n<meta name=\"robots\" content=\"index, follow, max-snippet:-1, max-image-preview:large, max-video-preview:-1\" \/>\n<link rel=\"canonical\" href=\"https:\/\/www.regnovet.com\/tr\/urun\/regno-v-100-ad3e\/\" \/>\n<meta property=\"og:locale\" content=\"tr_TR\" \/>\n<meta property=\"og:type\" content=\"article\" \/>\n<meta property=\"og:title\" content=\"Regno V-100 AD3E - regnovet\" \/>\n<meta property=\"og:description\" content=\"Bu \u00fcr\u00fcn, A, D3 ve E vitaminlerinin eksikliklerinden kaynaklanan beslenme dengesizliklerini \u00f6nlemeye yard\u0131mc\u0131 olur. Bu eksiklikler, yumurta \u00fcretiminin azalmas\u0131, d\u00fc\u015f\u00fck yavru verme oran\u0131 ve yuvarlak kalp hastal\u0131\u011f\u0131 gibi problemlere yol a\u00e7abilir. Form\u00fclasyondaki vitaminler, ku\u015flar\u0131n bakteriyel ve paraziter hastal\u0131klara kar\u015f\u0131 direncini art\u0131r\u0131r, yeti\u015ftirme ko\u015fullar\u0131ndaki de\u011fi\u015fikliklerden kaynaklanan stresi azalt\u0131r, \u00f6strus haz\u0131rl\u0131\u011f\u0131n\u0131 destekler, \u00fcreme problemleri ve do\u011fu\u015ftan gelen kusurlara kar\u015f\u0131 korur ve embriyo geli\u015fiminin d\u00fczg\u00fcn \u015fekilde ilerlemesini te\u015fvik eder. Ayr\u0131ca, kalsiyum ve fosfor dengesini iyile\u015ftirir ve kalsiyum-fosfor homeostaz\u0131nda \u00f6nemli bir rol oynar; gen\u00e7 hayvanlarda ra\u015fitizmi ve yeti\u015fkinlerde kemik yumu\u015famas\u0131n\u0131 \u00f6nler. Form\u00fclasyondaki bile\u015fenlerin antioksidan \u00f6zellikleri, h\u00fccresel membranlardaki \u00e7oklu doymam\u0131\u015f fosfolipitlerin peroksidatif bozulmas\u0131n\u0131 engellemeye yard\u0131mc\u0131 olur. Yem al\u0131m\u0131n\u0131 art\u0131r\u0131r, hayvan\u0131n ba\u011f\u0131\u015f\u0131kl\u0131k sistemini g\u00fc\u00e7lendirir ve d\u00fczenli, sa\u011fl\u0131kl\u0131 b\u00fcy\u00fcmeyi te\u015fvik eder, sa\u011fl\u0131kl\u0131 epitel dokular\u0131n\u0131n korunmas\u0131na yard\u0131mc\u0131 olur ve civcivlerde eks\u00fcdativ diyatezi \u00f6nler. Bu \u00fcr\u00fcn, kas distrofisini engeller; ayr\u0131ca \u00f6dem, g\u00f6zya\u015f\u0131 ak\u0131\u015f\u0131, kuru g\u00f6z, gece k\u00f6rl\u00fc\u011f\u00fc, hiperkeratoz, korneal opasite ve artan beyin-omurilik s\u0131v\u0131s\u0131 bas\u0131nc\u0131na kar\u015f\u0131 koruma sa\u011flar.\" \/>\n<meta property=\"og:url\" content=\"https:\/\/www.regnovet.com\/tr\/urun\/regno-v-100-ad3e\/\" \/>\n<meta property=\"og:site_name\" content=\"regnovet\" \/>\n<meta property=\"article:publisher\" content=\"https:\/\/www.facebook.com\/people\/RegnoVet\/61571321505220\/\" \/>\n<meta property=\"article:modified_time\" content=\"2024-12-21T11:26:01+00:00\" \/>\n<meta property=\"og:image\" content=\"https:\/\/www.regnovet.com\/wp-content\/uploads\/2024\/11\/V-100-AD3E.jpg\" \/>\n\t<meta property=\"og:image:width\" content=\"700\" \/>\n\t<meta property=\"og:image:height\" content=\"700\" \/>\n\t<meta property=\"og:image:type\" content=\"image\/jpeg\" \/>\n<meta name=\"twitter:card\" content=\"summary_large_image\" \/>\n<meta name=\"twitter:label1\" content=\"Tahmini okuma s\u00fcresi\" \/>\n\t<meta name=\"twitter:data1\" content=\"1 dakika\" \/>\n<script type=\"application\/ld+json\" class=\"yoast-schema-graph\">{\"@context\":\"https:\/\/schema.org\",\"@graph\":[{\"@type\":\"WebPage\",\"@id\":\"https:\/\/www.regnovet.com\/tr\/urun\/regno-v-100-ad3e\/\",\"url\":\"https:\/\/www.regnovet.com\/tr\/urun\/regno-v-100-ad3e\/\",\"name\":\"Regno V-100 AD3E - regnovet\",\"isPartOf\":{\"@id\":\"https:\/\/www.regnovet.com\/tr\/#website\"},\"primaryImageOfPage\":{\"@id\":\"https:\/\/www.regnovet.com\/tr\/urun\/regno-v-100-ad3e\/#primaryimage\"},\"image\":{\"@id\":\"https:\/\/www.regnovet.com\/tr\/urun\/regno-v-100-ad3e\/#primaryimage\"},\"thumbnailUrl\":\"https:\/\/www.regnovet.com\/wp-content\/uploads\/2024\/11\/V-100-AD3E.jpg\",\"datePublished\":\"2024-11-04T12:41:25+00:00\",\"dateModified\":\"2024-12-21T11:26:01+00:00\",\"breadcrumb\":{\"@id\":\"https:\/\/www.regnovet.com\/tr\/urun\/regno-v-100-ad3e\/#breadcrumb\"},\"inLanguage\":\"tr\",\"potentialAction\":[{\"@type\":\"ReadAction\",\"target\":[\"https:\/\/www.regnovet.com\/tr\/urun\/regno-v-100-ad3e\/\"]}]},{\"@type\":\"ImageObject\",\"inLanguage\":\"tr\",\"@id\":\"https:\/\/www.regnovet.com\/tr\/urun\/regno-v-100-ad3e\/#primaryimage\",\"url\":\"https:\/\/www.regnovet.com\/wp-content\/uploads\/2024\/11\/V-100-AD3E.jpg\",\"contentUrl\":\"https:\/\/www.regnovet.com\/wp-content\/uploads\/2024\/11\/V-100-AD3E.jpg\",\"width\":700,\"height\":700},{\"@type\":\"BreadcrumbList\",\"@id\":\"https:\/\/www.regnovet.com\/tr\/urun\/regno-v-100-ad3e\/#breadcrumb\",\"itemListElement\":[{\"@type\":\"ListItem\",\"position\":1,\"name\":\"Home\",\"item\":\"https:\/\/www.regnovet.com\/tr\/\"},{\"@type\":\"ListItem\",\"position\":2,\"name\":\"\u00dcr\u00fcnler\",\"item\":\"https:\/\/www.regnovet.com\/products\/\"},{\"@type\":\"ListItem\",\"position\":3,\"name\":\"Regno V-100 AD3E\"}]},{\"@type\":\"WebSite\",\"@id\":\"https:\/\/www.regnovet.com\/tr\/#website\",\"url\":\"https:\/\/www.regnovet.com\/tr\/\",\"name\":\"regnovet\",\"description\":\"\",\"publisher\":{\"@id\":\"https:\/\/www.regnovet.com\/tr\/#organization\"},\"potentialAction\":[{\"@type\":\"SearchAction\",\"target\":{\"@type\":\"EntryPoint\",\"urlTemplate\":\"https:\/\/www.regnovet.com\/tr\/?s={search_term_string}\"},\"query-input\":{\"@type\":\"PropertyValueSpecification\",\"valueRequired\":true,\"valueName\":\"search_term_string\"}}],\"inLanguage\":\"tr\"},{\"@type\":\"Organization\",\"@id\":\"https:\/\/www.regnovet.com\/tr\/#organization\",\"name\":\"regnovet\",\"url\":\"https:\/\/www.regnovet.com\/tr\/\",\"logo\":{\"@type\":\"ImageObject\",\"inLanguage\":\"tr\",\"@id\":\"https:\/\/www.regnovet.com\/tr\/#\/schema\/logo\/image\/\",\"url\":\"https:\/\/www.regnovet.com\/wp-content\/uploads\/2024\/09\/cropped-512.png\",\"contentUrl\":\"https:\/\/www.regnovet.com\/wp-content\/uploads\/2024\/09\/cropped-512.png\",\"width\":512,\"height\":512,\"caption\":\"regnovet\"},\"image\":{\"@id\":\"https:\/\/www.regnovet.com\/tr\/#\/schema\/logo\/image\/\"},\"sameAs\":[\"https:\/\/www.facebook.com\/people\/RegnoVet\/61571321505220\/\"]}]}<\/script>\n<!-- \/ Yoast SEO plugin. -->","yoast_head_json":{"title":"Regno V-100 AD3E - regnovet","robots":{"index":"index","follow":"follow","max-snippet":"max-snippet:-1","max-image-preview":"max-image-preview:large","max-video-preview":"max-video-preview:-1"},"canonical":"https:\/\/www.regnovet.com\/tr\/urun\/regno-v-100-ad3e\/","og_locale":"tr_TR","og_type":"article","og_title":"Regno V-100 AD3E - regnovet","og_description":"Bu \u00fcr\u00fcn, A, D3 ve E vitaminlerinin eksikliklerinden kaynaklanan beslenme dengesizliklerini \u00f6nlemeye yard\u0131mc\u0131 olur. Bu eksiklikler, yumurta \u00fcretiminin azalmas\u0131, d\u00fc\u015f\u00fck yavru verme oran\u0131 ve yuvarlak kalp hastal\u0131\u011f\u0131 gibi problemlere yol a\u00e7abilir. Form\u00fclasyondaki vitaminler, ku\u015flar\u0131n bakteriyel ve paraziter hastal\u0131klara kar\u015f\u0131 direncini art\u0131r\u0131r, yeti\u015ftirme ko\u015fullar\u0131ndaki de\u011fi\u015fikliklerden kaynaklanan stresi azalt\u0131r, \u00f6strus haz\u0131rl\u0131\u011f\u0131n\u0131 destekler, \u00fcreme problemleri ve do\u011fu\u015ftan gelen kusurlara kar\u015f\u0131 korur ve embriyo geli\u015fiminin d\u00fczg\u00fcn \u015fekilde ilerlemesini te\u015fvik eder. Ayr\u0131ca, kalsiyum ve fosfor dengesini iyile\u015ftirir ve kalsiyum-fosfor homeostaz\u0131nda \u00f6nemli bir rol oynar; gen\u00e7 hayvanlarda ra\u015fitizmi ve yeti\u015fkinlerde kemik yumu\u015famas\u0131n\u0131 \u00f6nler. Form\u00fclasyondaki bile\u015fenlerin antioksidan \u00f6zellikleri, h\u00fccresel membranlardaki \u00e7oklu doymam\u0131\u015f fosfolipitlerin peroksidatif bozulmas\u0131n\u0131 engellemeye yard\u0131mc\u0131 olur. Yem al\u0131m\u0131n\u0131 art\u0131r\u0131r, hayvan\u0131n ba\u011f\u0131\u015f\u0131kl\u0131k sistemini g\u00fc\u00e7lendirir ve d\u00fczenli, sa\u011fl\u0131kl\u0131 b\u00fcy\u00fcmeyi te\u015fvik eder, sa\u011fl\u0131kl\u0131 epitel dokular\u0131n\u0131n korunmas\u0131na yard\u0131mc\u0131 olur ve civcivlerde eks\u00fcdativ diyatezi \u00f6nler. Bu \u00fcr\u00fcn, kas distrofisini engeller; ayr\u0131ca \u00f6dem, g\u00f6zya\u015f\u0131 ak\u0131\u015f\u0131, kuru g\u00f6z, gece k\u00f6rl\u00fc\u011f\u00fc, hiperkeratoz, korneal opasite ve artan beyin-omurilik s\u0131v\u0131s\u0131 bas\u0131nc\u0131na kar\u015f\u0131 koruma sa\u011flar.","og_url":"https:\/\/www.regnovet.com\/tr\/urun\/regno-v-100-ad3e\/","og_site_name":"regnovet","article_publisher":"https:\/\/www.facebook.com\/people\/RegnoVet\/61571321505220\/","article_modified_time":"2024-12-21T11:26:01+00:00","og_image":[{"width":700,"height":700,"url":"https:\/\/www.regnovet.com\/wp-content\/uploads\/2024\/11\/V-100-AD3E.jpg","type":"image\/jpeg"}],"twitter_card":"summary_large_image","twitter_misc":{"Tahmini okuma s\u00fcresi":"1 dakika"},"schema":{"@context":"https:\/\/schema.org","@graph":[{"@type":"WebPage","@id":"https:\/\/www.regnovet.com\/tr\/urun\/regno-v-100-ad3e\/","url":"https:\/\/www.regnovet.com\/tr\/urun\/regno-v-100-ad3e\/","name":"Regno V-100 AD3E - regnovet","isPartOf":{"@id":"https:\/\/www.regnovet.com\/tr\/#website"},"primaryImageOfPage":{"@id":"https:\/\/www.regnovet.com\/tr\/urun\/regno-v-100-ad3e\/#primaryimage"},"image":{"@id":"https:\/\/www.regnovet.com\/tr\/urun\/regno-v-100-ad3e\/#primaryimage"},"thumbnailUrl":"https:\/\/www.regnovet.com\/wp-content\/uploads\/2024\/11\/V-100-AD3E.jpg","datePublished":"2024-11-04T12:41:25+00:00","dateModified":"2024-12-21T11:26:01+00:00","breadcrumb":{"@id":"https:\/\/www.regnovet.com\/tr\/urun\/regno-v-100-ad3e\/#breadcrumb"},"inLanguage":"tr","potentialAction":[{"@type":"ReadAction","target":["https:\/\/www.regnovet.com\/tr\/urun\/regno-v-100-ad3e\/"]}]},{"@type":"ImageObject","inLanguage":"tr","@id":"https:\/\/www.regnovet.com\/tr\/urun\/regno-v-100-ad3e\/#primaryimage","url":"https:\/\/www.regnovet.com\/wp-content\/uploads\/2024\/11\/V-100-AD3E.jpg","contentUrl":"https:\/\/www.regnovet.com\/wp-content\/uploads\/2024\/11\/V-100-AD3E.jpg","width":700,"height":700},{"@type":"BreadcrumbList","@id":"https:\/\/www.regnovet.com\/tr\/urun\/regno-v-100-ad3e\/#breadcrumb","itemListElement":[{"@type":"ListItem","position":1,"name":"Home","item":"https:\/\/www.regnovet.com\/tr\/"},{"@type":"ListItem","position":2,"name":"\u00dcr\u00fcnler","item":"https:\/\/www.regnovet.com\/products\/"},{"@type":"ListItem","position":3,"name":"Regno V-100 AD3E"}]},{"@type":"WebSite","@id":"https:\/\/www.regnovet.com\/tr\/#website","url":"https:\/\/www.regnovet.com\/tr\/","name":"regnovet","description":"","publisher":{"@id":"https:\/\/www.regnovet.com\/tr\/#organization"},"potentialAction":[{"@type":"SearchAction","target":{"@type":"EntryPoint","urlTemplate":"https:\/\/www.regnovet.com\/tr\/?s={search_term_string}"},"query-input":{"@type":"PropertyValueSpecification","valueRequired":true,"valueName":"search_term_string"}}],"inLanguage":"tr"},{"@type":"Organization","@id":"https:\/\/www.regnovet.com\/tr\/#organization","name":"regnovet","url":"https:\/\/www.regnovet.com\/tr\/","logo":{"@type":"ImageObject","inLanguage":"tr","@id":"https:\/\/www.regnovet.com\/tr\/#\/schema\/logo\/image\/","url":"https:\/\/www.regnovet.com\/wp-content\/uploads\/2024\/09\/cropped-512.png","contentUrl":"https:\/\/www.regnovet.com\/wp-content\/uploads\/2024\/09\/cropped-512.png","width":512,"height":512,"caption":"regnovet"},"image":{"@id":"https:\/\/www.regnovet.com\/tr\/#\/schema\/logo\/image\/"},"sameAs":["https:\/\/www.facebook.com\/people\/RegnoVet\/61571321505220\/"]}]}},"_links":{"self":[{"href":"https:\/\/www.regnovet.com\/tr\/wp-json\/wp\/v2\/product\/29970","targetHints":{"allow":["GET"]}}],"collection":[{"href":"https:\/\/www.regnovet.com\/tr\/wp-json\/wp\/v2\/product"}],"about":[{"href":"https:\/\/www.regnovet.com\/tr\/wp-json\/wp\/v2\/types\/product"}],"version-history":[{"count":9,"href":"https:\/\/www.regnovet.com\/tr\/wp-json\/wp\/v2\/product\/29970\/revisions"}],"predecessor-version":[{"id":30466,"href":"https:\/\/www.regnovet.com\/tr\/wp-json\/wp\/v2\/product\/29970\/revisions\/30466"}],"wp:featuredmedia":[{"embeddable":true,"href":"https:\/\/www.regnovet.com\/tr\/wp-json\/wp\/v2\/media\/29317"}],"wp:attachment":[{"href":"https:\/\/www.regnovet.com\/tr\/wp-json\/wp\/v2\/media?parent=29970"}],"wp:term":[{"taxonomy":"product_cat","embeddable":true,"href":"https:\/\/www.regnovet.com\/tr\/wp-json\/wp\/v2\/product_cat?post=29970"},{"taxonomy":"product_tag","embeddable":true,"href":"https:\/\/www.regnovet.com\/tr\/wp-json\/wp\/v2\/product_tag?post=29970"}],"curies":[{"name":"wp","href":"https:\/\/api.w.org\/{rel}","templated":true}]}}