{"id":29977,"date":"2024-11-04T12:40:06","date_gmt":"2024-11-04T12:40:06","guid":{"rendered":"https:\/\/www.regnovet.com\/product\/regnopax\/"},"modified":"2024-12-18T07:04:36","modified_gmt":"2024-12-18T07:04:36","slug":"regnopax","status":"publish","type":"product","link":"https:\/\/www.regnovet.com\/tr\/urun\/regnopax\/","title":{"rendered":"Regnopax"},"content":{"rendered":"\t\t<div data-elementor-type=\"wp-post\" data-elementor-id=\"29977\" class=\"elementor elementor-29977 elementor-28317\">\n\t\t\t\t<div class=\"wd-negative-gap elementor-element elementor-element-a4600a9 e-flex e-con-boxed e-con e-parent\" data-id=\"a4600a9\" data-element_type=\"container\" data-e-type=\"container\">\n\t\t\t\t\t<div class=\"e-con-inner\">\n\t\t\t\t<div class=\"elementor-element elementor-element-13d25b7 elementor-widget elementor-widget-toggle\" data-id=\"13d25b7\" data-element_type=\"widget\" data-e-type=\"widget\" data-widget_type=\"toggle.default\">\n\t\t\t\t<div class=\"elementor-widget-container\">\n\t\t\t\t\t\t\t<div class=\"elementor-toggle\">\n\t\t\t\t\t\t\t<div class=\"elementor-toggle-item\">\n\t\t\t\t\t<div id=\"elementor-tab-title-2071\" class=\"elementor-tab-title\" data-tab=\"1\" role=\"button\" aria-controls=\"elementor-tab-content-2071\" aria-expanded=\"false\">\n\t\t\t\t\t\t\t\t\t\t\t\t<span class=\"elementor-toggle-icon elementor-toggle-icon-left\" aria-hidden=\"true\">\n\t\t\t\t\t\t\t\t\t\t\t\t\t\t\t<span class=\"elementor-toggle-icon-closed\"><svg class=\"e-font-icon-svg e-fas-caret-right\" viewBox=\"0 0 192 512\" xmlns=\"http:\/\/www.w3.org\/2000\/svg\"><path d=\"M0 384.662V127.338c0-17.818 21.543-26.741 34.142-14.142l128.662 128.662c7.81 7.81 7.81 20.474 0 28.284L34.142 398.804C21.543 411.404 0 402.48 0 384.662z\"><\/path><\/svg><\/span>\n\t\t\t\t\t\t\t\t<span class=\"elementor-toggle-icon-opened\"><svg class=\"elementor-toggle-icon-opened e-font-icon-svg e-fas-caret-up\" viewBox=\"0 0 320 512\" xmlns=\"http:\/\/www.w3.org\/2000\/svg\"><path d=\"M288.662 352H31.338c-17.818 0-26.741-21.543-14.142-34.142l128.662-128.662c7.81-7.81 20.474-7.81 28.284 0l128.662 128.662c12.6 12.599 3.676 34.142-14.142 34.142z\"><\/path><\/svg><\/span>\n\t\t\t\t\t\t\t\t\t\t\t\t\t<\/span>\n\t\t\t\t\t\t\t\t\t\t\t\t<a class=\"elementor-toggle-title\" tabindex=\"0\">\u0130\u00c7ER\u0130K:<\/a>\n\t\t\t\t\t<\/div>\n\n\t\t\t\t\t<div id=\"elementor-tab-content-2071\" class=\"elementor-tab-content elementor-clearfix\" data-tab=\"1\" role=\"region\" aria-labelledby=\"elementor-tab-title-2071\"><p>\u0130naktive maya, Mineraller (fosfor, potasyum, magnezyum, kalsiyum, sodyum, \u00e7inko, manganez, demir, bak\u0131r), Amino asitler, Organik asitler (laktik asit, sitrik asit), Vitaminler (B1, B2, B3, B5, B6, B12), Bitki \u00f6zleri (sar\u0131msak, zencefil).<\/p>\n<\/div>\n\t\t\t\t<\/div>\n\t\t\t\t\t\t\t<div class=\"elementor-toggle-item\">\n\t\t\t\t\t<div id=\"elementor-tab-title-2072\" class=\"elementor-tab-title\" data-tab=\"2\" role=\"button\" aria-controls=\"elementor-tab-content-2072\" aria-expanded=\"false\">\n\t\t\t\t\t\t\t\t\t\t\t\t<span class=\"elementor-toggle-icon elementor-toggle-icon-left\" aria-hidden=\"true\">\n\t\t\t\t\t\t\t\t\t\t\t\t\t\t\t<span class=\"elementor-toggle-icon-closed\"><svg class=\"e-font-icon-svg e-fas-caret-right\" viewBox=\"0 0 192 512\" xmlns=\"http:\/\/www.w3.org\/2000\/svg\"><path d=\"M0 384.662V127.338c0-17.818 21.543-26.741 34.142-14.142l128.662 128.662c7.81 7.81 7.81 20.474 0 28.284L34.142 398.804C21.543 411.404 0 402.48 0 384.662z\"><\/path><\/svg><\/span>\n\t\t\t\t\t\t\t\t<span class=\"elementor-toggle-icon-opened\"><svg class=\"elementor-toggle-icon-opened e-font-icon-svg e-fas-caret-up\" viewBox=\"0 0 320 512\" xmlns=\"http:\/\/www.w3.org\/2000\/svg\"><path d=\"M288.662 352H31.338c-17.818 0-26.741-21.543-14.142-34.142l128.662-128.662c7.81-7.81 20.474-7.81 28.284 0l128.662 128.662c12.6 12.599 3.676 34.142-14.142 34.142z\"><\/path><\/svg><\/span>\n\t\t\t\t\t\t\t\t\t\t\t\t\t<\/span>\n\t\t\t\t\t\t\t\t\t\t\t\t<a class=\"elementor-toggle-title\" tabindex=\"0\">ENDIKASYON:<\/a>\n\t\t\t\t\t<\/div>\n\n\t\t\t\t\t<div id=\"elementor-tab-content-2072\" class=\"elementor-tab-content elementor-clearfix\" data-tab=\"2\" role=\"region\" aria-labelledby=\"elementor-tab-title-2072\"><p>&#8211; Zay\u0131f kalitedeki yemlerle beslenirken g\u00fc\u00e7l\u00fc ve etkili bir toksin ba\u011flay\u0131c\u0131d\u0131r.<br \/>\n&#8211; Mykotoksinlerin olumsuz etkisini azalt\u0131r ve sindirim sistemi ile sindirim s\u00fcreci \u00fczerinde olumlu bir etki sa\u011flar.<br \/>\n&#8211; \u0130\u015ftah\u0131 art\u0131r\u0131r, h\u0131zl\u0131 b\u00fcy\u00fcmeye yard\u0131mc\u0131 olur, a\u011f\u0131rl\u0131\u011f\u0131 art\u0131r\u0131r ve yem d\u00f6n\u00fc\u015f\u00fcm oran\u0131n\u0131 (FCR) y\u00fckseltir.<br \/>\n&#8211; Yumurtlayan tavuklarda yumurtalar\u0131n \u00e7ap\u0131n\u0131 ve \u00fcretim miktar\u0131n\u0131 art\u0131r\u0131r.<br \/>\n&#8211; S\u00fct \u00fcretimini art\u0131r\u0131r.<br \/>\n\u00c3 Hayvan\u0131n do\u011fal sa\u011fl\u0131\u011f\u0131n\u0131 destekler, karaci\u011feri aktive eder ve ba\u011f\u0131\u015f\u0131kl\u0131k sistemini g\u00fc\u00e7lendirir.<br \/>\n&#8211; \u0130\u00e7me suyunun kalitesini art\u0131r\u0131r ve bakteriyel i\u00e7eri\u011fini azaltarak, enfeksiyon oranlar\u0131n\u0131 ve hastal\u0131k salg\u0131nlar\u0131n\u0131 d\u00fc\u015f\u00fcr\u00fcr.<br \/>\n&#8211; E\u011fitim s\u00fcre\u00e7lerinin farkl\u0131 a\u015famalar\u0131nda hayvan\u0131n ruh halini iyile\u015ftirir.<\/p>\n<\/div>\n\t\t\t\t<\/div>\n\t\t\t\t\t\t\t<div class=\"elementor-toggle-item\">\n\t\t\t\t\t<div id=\"elementor-tab-title-2073\" class=\"elementor-tab-title\" data-tab=\"3\" role=\"button\" aria-controls=\"elementor-tab-content-2073\" aria-expanded=\"false\">\n\t\t\t\t\t\t\t\t\t\t\t\t<span class=\"elementor-toggle-icon elementor-toggle-icon-left\" aria-hidden=\"true\">\n\t\t\t\t\t\t\t\t\t\t\t\t\t\t\t<span class=\"elementor-toggle-icon-closed\"><svg class=\"e-font-icon-svg e-fas-caret-right\" viewBox=\"0 0 192 512\" xmlns=\"http:\/\/www.w3.org\/2000\/svg\"><path d=\"M0 384.662V127.338c0-17.818 21.543-26.741 34.142-14.142l128.662 128.662c7.81 7.81 7.81 20.474 0 28.284L34.142 398.804C21.543 411.404 0 402.48 0 384.662z\"><\/path><\/svg><\/span>\n\t\t\t\t\t\t\t\t<span class=\"elementor-toggle-icon-opened\"><svg class=\"elementor-toggle-icon-opened e-font-icon-svg e-fas-caret-up\" viewBox=\"0 0 320 512\" xmlns=\"http:\/\/www.w3.org\/2000\/svg\"><path d=\"M288.662 352H31.338c-17.818 0-26.741-21.543-14.142-34.142l128.662-128.662c7.81-7.81 20.474-7.81 28.284 0l128.662 128.662c12.6 12.599 3.676 34.142-14.142 34.142z\"><\/path><\/svg><\/span>\n\t\t\t\t\t\t\t\t\t\t\t\t\t<\/span>\n\t\t\t\t\t\t\t\t\t\t\t\t<a class=\"elementor-toggle-title\" tabindex=\"0\">DOZAJ:<\/a>\n\t\t\t\t\t<\/div>\n\n\t\t\t\t\t<div id=\"elementor-tab-content-2073\" class=\"elementor-tab-content elementor-clearfix\" data-tab=\"3\" role=\"region\" aria-labelledby=\"elementor-tab-title-2073\"><p><strong>Kanatl\u0131lar:<\/strong><\/p>\n<ul>\n<li>\u00d6nleyici: 50-100 ml \/ 100 litre i\u00e7me suyuna 3-7 g\u00fcn boyunca<\/li>\n<li>M\u00fcdahale: 100 ml \/ 100 litre i\u00e7me suyuna 3-7 g\u00fcn boyunca<\/li>\n<li>Veteriner hekimin talimatlar\u0131na g\u00f6re.<\/li>\n<\/ul>\n<p><strong>\u0130nekler ve Atlar:<\/strong><\/p>\n<ul>\n<li>20-40 ml \/ hayvan ba\u015f\u0131na g\u00fcnl\u00fck i\u00e7me suyuna 3 g\u00fcn boyunca.<\/li>\n<\/ul>\n<p><strong>Kuzu ve O\u011flaklar:<\/strong><\/p>\n<ul>\n<li>10 ml \/ hayvan ba\u015f\u0131na g\u00fcnl\u00fck i\u00e7me suyuna 3 g\u00fcn boyunca.<\/li>\n<\/ul>\n<\/div>\n\t\t\t\t<\/div>\n\t\t\t\t\t\t\t<div class=\"elementor-toggle-item\">\n\t\t\t\t\t<div id=\"elementor-tab-title-2074\" class=\"elementor-tab-title\" data-tab=\"4\" role=\"button\" aria-controls=\"elementor-tab-content-2074\" aria-expanded=\"false\">\n\t\t\t\t\t\t\t\t\t\t\t\t<span class=\"elementor-toggle-icon elementor-toggle-icon-left\" aria-hidden=\"true\">\n\t\t\t\t\t\t\t\t\t\t\t\t\t\t\t<span class=\"elementor-toggle-icon-closed\"><svg class=\"e-font-icon-svg e-fas-caret-right\" viewBox=\"0 0 192 512\" xmlns=\"http:\/\/www.w3.org\/2000\/svg\"><path d=\"M0 384.662V127.338c0-17.818 21.543-26.741 34.142-14.142l128.662 128.662c7.81 7.81 7.81 20.474 0 28.284L34.142 398.804C21.543 411.404 0 402.48 0 384.662z\"><\/path><\/svg><\/span>\n\t\t\t\t\t\t\t\t<span class=\"elementor-toggle-icon-opened\"><svg class=\"elementor-toggle-icon-opened e-font-icon-svg e-fas-caret-up\" viewBox=\"0 0 320 512\" xmlns=\"http:\/\/www.w3.org\/2000\/svg\"><path d=\"M288.662 352H31.338c-17.818 0-26.741-21.543-14.142-34.142l128.662-128.662c7.81-7.81 20.474-7.81 28.284 0l128.662 128.662c12.6 12.599 3.676 34.142-14.142 34.142z\"><\/path><\/svg><\/span>\n\t\t\t\t\t\t\t\t\t\t\t\t\t<\/span>\n\t\t\t\t\t\t\t\t\t\t\t\t<a class=\"elementor-toggle-title\" tabindex=\"0\">\u00c7EK\u0130LME ZAMANI:<\/a>\n\t\t\t\t\t<\/div>\n\n\t\t\t\t\t<div id=\"elementor-tab-content-2074\" class=\"elementor-tab-content elementor-clearfix\" data-tab=\"4\" role=\"region\" aria-labelledby=\"elementor-tab-title-2074\"><p>0 g\u00fcn<\/p>\n<\/div>\n\t\t\t\t<\/div>\n\t\t\t\t\t\t\t<div class=\"elementor-toggle-item\">\n\t\t\t\t\t<div id=\"elementor-tab-title-2075\" class=\"elementor-tab-title\" data-tab=\"5\" role=\"button\" aria-controls=\"elementor-tab-content-2075\" aria-expanded=\"false\">\n\t\t\t\t\t\t\t\t\t\t\t\t<span class=\"elementor-toggle-icon elementor-toggle-icon-left\" aria-hidden=\"true\">\n\t\t\t\t\t\t\t\t\t\t\t\t\t\t\t<span class=\"elementor-toggle-icon-closed\"><svg class=\"e-font-icon-svg e-fas-caret-right\" viewBox=\"0 0 192 512\" xmlns=\"http:\/\/www.w3.org\/2000\/svg\"><path d=\"M0 384.662V127.338c0-17.818 21.543-26.741 34.142-14.142l128.662 128.662c7.81 7.81 7.81 20.474 0 28.284L34.142 398.804C21.543 411.404 0 402.48 0 384.662z\"><\/path><\/svg><\/span>\n\t\t\t\t\t\t\t\t<span class=\"elementor-toggle-icon-opened\"><svg class=\"elementor-toggle-icon-opened e-font-icon-svg e-fas-caret-up\" viewBox=\"0 0 320 512\" xmlns=\"http:\/\/www.w3.org\/2000\/svg\"><path d=\"M288.662 352H31.338c-17.818 0-26.741-21.543-14.142-34.142l128.662-128.662c7.81-7.81 20.474-7.81 28.284 0l128.662 128.662c12.6 12.599 3.676 34.142-14.142 34.142z\"><\/path><\/svg><\/span>\n\t\t\t\t\t\t\t\t\t\t\t\t\t<\/span>\n\t\t\t\t\t\t\t\t\t\t\t\t<a class=\"elementor-toggle-title\" tabindex=\"0\">SAKLAMA:<\/a>\n\t\t\t\t\t<\/div>\n\n\t\t\t\t\t<div id=\"elementor-tab-content-2075\" class=\"elementor-tab-content elementor-clearfix\" data-tab=\"5\" role=\"region\" aria-labelledby=\"elementor-tab-title-2075\"><p>15-25\u00b0C (59-77\u00b0F) s\u0131cakl\u0131kta kuru ve karanl\u0131k bir yerde saklay\u0131n\u0131z.<\/p>\n<\/div>\n\t\t\t\t<\/div>\n\t\t\t\t\t\t\t\t<\/div>\n\t\t\t\t\t\t<\/div>\n\t\t\t\t<\/div>\n\t\t\t\t\t<\/div>\n\t\t\t\t<\/div>\n\t\t\t\t<\/div>\n\t\t","protected":false},"excerpt":{"rendered":"<p>\u00dcr\u00fcn, iyi dengelenmi\u015f bir beslenme kar\u0131\u015f\u0131m\u0131 i\u00e7eren hassas bir takviye form\u00fclasyonudur. \u0130\u00e7eri\u011finde, vitaminler ve kolayca sindirilebilen protein gibi bir\u00e7ok \u00f6nemli \u00f6\u011feyi sa\u011flayan inaktif maya oran\u0131 dikkatle belirlenmi\u015f bir \u015fekilde yer almaktad\u0131r. Bu durum, \u00fcr\u00fcn\u00fc beslemeye ekledi\u011finizde, yemlerin besinlerle doymas\u0131na yol a\u00e7ar ve hayvan\u0131n i\u015ftah\u0131n\u0131 art\u0131rarak b\u00fcy\u00fcmenin h\u0131zlanmas\u0131n\u0131, broyler tavuklarda d\u00f6n\u00fc\u015f\u00fcm oran\u0131n\u0131n artmas\u0131n\u0131, yumurtlayan tavuklarda yumurta \u00fcretiminin artmas\u0131n\u0131 ve yumurtalar\u0131n daha b\u00fcy\u00fck \u00e7apta olmas\u0131n\u0131 sa\u011flar.<\/p>\n<p>\u00dcr\u00fcn, ayn\u0131 zamanda bir\u00e7ok organik asit i\u00e7erdi\u011fi i\u00e7in ba\u011f\u0131rsaklardaki pH seviyesini d\u00fc\u015f\u00fcr\u00fcr. Bu, zararl\u0131 bakterilerin varl\u0131\u011f\u0131 i\u00e7in uygun olmayan bir ortam olu\u015fturur ve bu \u00fcr\u00fcn\u00fcn kullan\u0131m\u0131, bu bakterilerden kaynaklanan toksinlerin v\u00fccuda ula\u015fmas\u0131n\u0131 engelleyerek, mantar zehirlenmesini ortadan kald\u0131r\u0131r. Ayr\u0131ca sindirim sistemi ve sindirim s\u00fcreci \u00fczerinde olumlu bir etki sa\u011flar.<\/p>\n<p>Bu \u00fcr\u00fcn, s\u00fcr\u00fcn\u00fcn do\u011fru \u015fekilde b\u00fcy\u00fcmesini sa\u011flar, hastal\u0131klar\u0131n yay\u0131lmas\u0131n\u0131 engeller ve v\u00fccutta yararl\u0131 bakterilerin dengesini sa\u011flamaya yard\u0131mc\u0131 olur. Ayn\u0131 zamanda toksinleri ve mantarlar\u0131 ba\u011flar ve ba\u011f\u0131rsaklardaki patojenik bakterileri kontrol eder.<\/p>\n","protected":false},"featured_media":29313,"template":"","meta":[],"product_cat":[184,186,175,187],"product_tag":[],"class_list":{"0":"post-29977","1":"product","2":"type-product","3":"status-publish","4":"has-post-thumbnail","6":"product_cat-kanatli","7":"product_cat-kuslar","8":"product_cat-ruminantlar","9":"product_cat-yem-katki-maddeleri","11":"first","12":"instock","13":"shipping-taxable","14":"product-type-simple"},"yoast_head":"<!-- This site is optimized with the Yoast SEO plugin v24.1 - https:\/\/yoast.com\/wordpress\/plugins\/seo\/ -->\n<title>Regnopax - regnovet<\/title>\n<meta name=\"robots\" content=\"index, follow, max-snippet:-1, max-image-preview:large, max-video-preview:-1\" \/>\n<link rel=\"canonical\" href=\"https:\/\/www.regnovet.com\/tr\/urun\/regnopax\/\" \/>\n<meta property=\"og:locale\" content=\"tr_TR\" \/>\n<meta property=\"og:type\" content=\"article\" \/>\n<meta property=\"og:title\" content=\"Regnopax - regnovet\" \/>\n<meta property=\"og:description\" content=\"\u00dcr\u00fcn, iyi dengelenmi\u015f bir beslenme kar\u0131\u015f\u0131m\u0131 i\u00e7eren hassas bir takviye form\u00fclasyonudur. \u0130\u00e7eri\u011finde, vitaminler ve kolayca sindirilebilen protein gibi bir\u00e7ok \u00f6nemli \u00f6\u011feyi sa\u011flayan inaktif maya oran\u0131 dikkatle belirlenmi\u015f bir \u015fekilde yer almaktad\u0131r. Bu durum, \u00fcr\u00fcn\u00fc beslemeye ekledi\u011finizde, yemlerin besinlerle doymas\u0131na yol a\u00e7ar ve hayvan\u0131n i\u015ftah\u0131n\u0131 art\u0131rarak b\u00fcy\u00fcmenin h\u0131zlanmas\u0131n\u0131, broyler tavuklarda d\u00f6n\u00fc\u015f\u00fcm oran\u0131n\u0131n artmas\u0131n\u0131, yumurtlayan tavuklarda yumurta \u00fcretiminin artmas\u0131n\u0131 ve yumurtalar\u0131n daha b\u00fcy\u00fck \u00e7apta olmas\u0131n\u0131 sa\u011flar.  \u00dcr\u00fcn, ayn\u0131 zamanda bir\u00e7ok organik asit i\u00e7erdi\u011fi i\u00e7in ba\u011f\u0131rsaklardaki pH seviyesini d\u00fc\u015f\u00fcr\u00fcr. Bu, zararl\u0131 bakterilerin varl\u0131\u011f\u0131 i\u00e7in uygun olmayan bir ortam olu\u015fturur ve bu \u00fcr\u00fcn\u00fcn kullan\u0131m\u0131, bu bakterilerden kaynaklanan toksinlerin v\u00fccuda ula\u015fmas\u0131n\u0131 engelleyerek, mantar zehirlenmesini ortadan kald\u0131r\u0131r. Ayr\u0131ca sindirim sistemi ve sindirim s\u00fcreci \u00fczerinde olumlu bir etki sa\u011flar.  Bu \u00fcr\u00fcn, s\u00fcr\u00fcn\u00fcn do\u011fru \u015fekilde b\u00fcy\u00fcmesini sa\u011flar, hastal\u0131klar\u0131n yay\u0131lmas\u0131n\u0131 engeller ve v\u00fccutta yararl\u0131 bakterilerin dengesini sa\u011flamaya yard\u0131mc\u0131 olur. Ayn\u0131 zamanda toksinleri ve mantarlar\u0131 ba\u011flar ve ba\u011f\u0131rsaklardaki patojenik bakterileri kontrol eder.\" \/>\n<meta property=\"og:url\" content=\"https:\/\/www.regnovet.com\/tr\/urun\/regnopax\/\" \/>\n<meta property=\"og:site_name\" content=\"regnovet\" \/>\n<meta property=\"article:publisher\" content=\"https:\/\/www.facebook.com\/people\/RegnoVet\/61571321505220\/\" \/>\n<meta property=\"article:modified_time\" content=\"2024-12-18T07:04:36+00:00\" \/>\n<meta property=\"og:image\" content=\"https:\/\/www.regnovet.com\/wp-content\/uploads\/2024\/11\/Regnopax.jpg\" \/>\n\t<meta property=\"og:image:width\" content=\"700\" \/>\n\t<meta property=\"og:image:height\" content=\"700\" \/>\n\t<meta property=\"og:image:type\" content=\"image\/jpeg\" \/>\n<meta name=\"twitter:card\" content=\"summary_large_image\" \/>\n<meta name=\"twitter:label1\" content=\"Tahmini okuma s\u00fcresi\" \/>\n\t<meta name=\"twitter:data1\" content=\"1 dakika\" \/>\n<script type=\"application\/ld+json\" class=\"yoast-schema-graph\">{\"@context\":\"https:\/\/schema.org\",\"@graph\":[{\"@type\":\"WebPage\",\"@id\":\"https:\/\/www.regnovet.com\/tr\/urun\/regnopax\/\",\"url\":\"https:\/\/www.regnovet.com\/tr\/urun\/regnopax\/\",\"name\":\"Regnopax - regnovet\",\"isPartOf\":{\"@id\":\"https:\/\/www.regnovet.com\/tr\/#website\"},\"primaryImageOfPage\":{\"@id\":\"https:\/\/www.regnovet.com\/tr\/urun\/regnopax\/#primaryimage\"},\"image\":{\"@id\":\"https:\/\/www.regnovet.com\/tr\/urun\/regnopax\/#primaryimage\"},\"thumbnailUrl\":\"https:\/\/www.regnovet.com\/wp-content\/uploads\/2024\/11\/Regnopax.jpg\",\"datePublished\":\"2024-11-04T12:40:06+00:00\",\"dateModified\":\"2024-12-18T07:04:36+00:00\",\"breadcrumb\":{\"@id\":\"https:\/\/www.regnovet.com\/tr\/urun\/regnopax\/#breadcrumb\"},\"inLanguage\":\"tr\",\"potentialAction\":[{\"@type\":\"ReadAction\",\"target\":[\"https:\/\/www.regnovet.com\/tr\/urun\/regnopax\/\"]}]},{\"@type\":\"ImageObject\",\"inLanguage\":\"tr\",\"@id\":\"https:\/\/www.regnovet.com\/tr\/urun\/regnopax\/#primaryimage\",\"url\":\"https:\/\/www.regnovet.com\/wp-content\/uploads\/2024\/11\/Regnopax.jpg\",\"contentUrl\":\"https:\/\/www.regnovet.com\/wp-content\/uploads\/2024\/11\/Regnopax.jpg\",\"width\":700,\"height\":700},{\"@type\":\"BreadcrumbList\",\"@id\":\"https:\/\/www.regnovet.com\/tr\/urun\/regnopax\/#breadcrumb\",\"itemListElement\":[{\"@type\":\"ListItem\",\"position\":1,\"name\":\"Home\",\"item\":\"https:\/\/www.regnovet.com\/tr\/\"},{\"@type\":\"ListItem\",\"position\":2,\"name\":\"\u00dcr\u00fcnler\",\"item\":\"https:\/\/www.regnovet.com\/products\/\"},{\"@type\":\"ListItem\",\"position\":3,\"name\":\"Regnopax\"}]},{\"@type\":\"WebSite\",\"@id\":\"https:\/\/www.regnovet.com\/tr\/#website\",\"url\":\"https:\/\/www.regnovet.com\/tr\/\",\"name\":\"regnovet\",\"description\":\"\",\"publisher\":{\"@id\":\"https:\/\/www.regnovet.com\/tr\/#organization\"},\"potentialAction\":[{\"@type\":\"SearchAction\",\"target\":{\"@type\":\"EntryPoint\",\"urlTemplate\":\"https:\/\/www.regnovet.com\/tr\/?s={search_term_string}\"},\"query-input\":{\"@type\":\"PropertyValueSpecification\",\"valueRequired\":true,\"valueName\":\"search_term_string\"}}],\"inLanguage\":\"tr\"},{\"@type\":\"Organization\",\"@id\":\"https:\/\/www.regnovet.com\/tr\/#organization\",\"name\":\"regnovet\",\"url\":\"https:\/\/www.regnovet.com\/tr\/\",\"logo\":{\"@type\":\"ImageObject\",\"inLanguage\":\"tr\",\"@id\":\"https:\/\/www.regnovet.com\/tr\/#\/schema\/logo\/image\/\",\"url\":\"https:\/\/www.regnovet.com\/wp-content\/uploads\/2024\/09\/cropped-512.png\",\"contentUrl\":\"https:\/\/www.regnovet.com\/wp-content\/uploads\/2024\/09\/cropped-512.png\",\"width\":512,\"height\":512,\"caption\":\"regnovet\"},\"image\":{\"@id\":\"https:\/\/www.regnovet.com\/tr\/#\/schema\/logo\/image\/\"},\"sameAs\":[\"https:\/\/www.facebook.com\/people\/RegnoVet\/61571321505220\/\"]}]}<\/script>\n<!-- \/ Yoast SEO plugin. -->","yoast_head_json":{"title":"Regnopax - regnovet","robots":{"index":"index","follow":"follow","max-snippet":"max-snippet:-1","max-image-preview":"max-image-preview:large","max-video-preview":"max-video-preview:-1"},"canonical":"https:\/\/www.regnovet.com\/tr\/urun\/regnopax\/","og_locale":"tr_TR","og_type":"article","og_title":"Regnopax - regnovet","og_description":"\u00dcr\u00fcn, iyi dengelenmi\u015f bir beslenme kar\u0131\u015f\u0131m\u0131 i\u00e7eren hassas bir takviye form\u00fclasyonudur. \u0130\u00e7eri\u011finde, vitaminler ve kolayca sindirilebilen protein gibi bir\u00e7ok \u00f6nemli \u00f6\u011feyi sa\u011flayan inaktif maya oran\u0131 dikkatle belirlenmi\u015f bir \u015fekilde yer almaktad\u0131r. Bu durum, \u00fcr\u00fcn\u00fc beslemeye ekledi\u011finizde, yemlerin besinlerle doymas\u0131na yol a\u00e7ar ve hayvan\u0131n i\u015ftah\u0131n\u0131 art\u0131rarak b\u00fcy\u00fcmenin h\u0131zlanmas\u0131n\u0131, broyler tavuklarda d\u00f6n\u00fc\u015f\u00fcm oran\u0131n\u0131n artmas\u0131n\u0131, yumurtlayan tavuklarda yumurta \u00fcretiminin artmas\u0131n\u0131 ve yumurtalar\u0131n daha b\u00fcy\u00fck \u00e7apta olmas\u0131n\u0131 sa\u011flar.  \u00dcr\u00fcn, ayn\u0131 zamanda bir\u00e7ok organik asit i\u00e7erdi\u011fi i\u00e7in ba\u011f\u0131rsaklardaki pH seviyesini d\u00fc\u015f\u00fcr\u00fcr. Bu, zararl\u0131 bakterilerin varl\u0131\u011f\u0131 i\u00e7in uygun olmayan bir ortam olu\u015fturur ve bu \u00fcr\u00fcn\u00fcn kullan\u0131m\u0131, bu bakterilerden kaynaklanan toksinlerin v\u00fccuda ula\u015fmas\u0131n\u0131 engelleyerek, mantar zehirlenmesini ortadan kald\u0131r\u0131r. Ayr\u0131ca sindirim sistemi ve sindirim s\u00fcreci \u00fczerinde olumlu bir etki sa\u011flar.  Bu \u00fcr\u00fcn, s\u00fcr\u00fcn\u00fcn do\u011fru \u015fekilde b\u00fcy\u00fcmesini sa\u011flar, hastal\u0131klar\u0131n yay\u0131lmas\u0131n\u0131 engeller ve v\u00fccutta yararl\u0131 bakterilerin dengesini sa\u011flamaya yard\u0131mc\u0131 olur. Ayn\u0131 zamanda toksinleri ve mantarlar\u0131 ba\u011flar ve ba\u011f\u0131rsaklardaki patojenik bakterileri kontrol eder.","og_url":"https:\/\/www.regnovet.com\/tr\/urun\/regnopax\/","og_site_name":"regnovet","article_publisher":"https:\/\/www.facebook.com\/people\/RegnoVet\/61571321505220\/","article_modified_time":"2024-12-18T07:04:36+00:00","og_image":[{"width":700,"height":700,"url":"https:\/\/www.regnovet.com\/wp-content\/uploads\/2024\/11\/Regnopax.jpg","type":"image\/jpeg"}],"twitter_card":"summary_large_image","twitter_misc":{"Tahmini okuma s\u00fcresi":"1 dakika"},"schema":{"@context":"https:\/\/schema.org","@graph":[{"@type":"WebPage","@id":"https:\/\/www.regnovet.com\/tr\/urun\/regnopax\/","url":"https:\/\/www.regnovet.com\/tr\/urun\/regnopax\/","name":"Regnopax - regnovet","isPartOf":{"@id":"https:\/\/www.regnovet.com\/tr\/#website"},"primaryImageOfPage":{"@id":"https:\/\/www.regnovet.com\/tr\/urun\/regnopax\/#primaryimage"},"image":{"@id":"https:\/\/www.regnovet.com\/tr\/urun\/regnopax\/#primaryimage"},"thumbnailUrl":"https:\/\/www.regnovet.com\/wp-content\/uploads\/2024\/11\/Regnopax.jpg","datePublished":"2024-11-04T12:40:06+00:00","dateModified":"2024-12-18T07:04:36+00:00","breadcrumb":{"@id":"https:\/\/www.regnovet.com\/tr\/urun\/regnopax\/#breadcrumb"},"inLanguage":"tr","potentialAction":[{"@type":"ReadAction","target":["https:\/\/www.regnovet.com\/tr\/urun\/regnopax\/"]}]},{"@type":"ImageObject","inLanguage":"tr","@id":"https:\/\/www.regnovet.com\/tr\/urun\/regnopax\/#primaryimage","url":"https:\/\/www.regnovet.com\/wp-content\/uploads\/2024\/11\/Regnopax.jpg","contentUrl":"https:\/\/www.regnovet.com\/wp-content\/uploads\/2024\/11\/Regnopax.jpg","width":700,"height":700},{"@type":"BreadcrumbList","@id":"https:\/\/www.regnovet.com\/tr\/urun\/regnopax\/#breadcrumb","itemListElement":[{"@type":"ListItem","position":1,"name":"Home","item":"https:\/\/www.regnovet.com\/tr\/"},{"@type":"ListItem","position":2,"name":"\u00dcr\u00fcnler","item":"https:\/\/www.regnovet.com\/products\/"},{"@type":"ListItem","position":3,"name":"Regnopax"}]},{"@type":"WebSite","@id":"https:\/\/www.regnovet.com\/tr\/#website","url":"https:\/\/www.regnovet.com\/tr\/","name":"regnovet","description":"","publisher":{"@id":"https:\/\/www.regnovet.com\/tr\/#organization"},"potentialAction":[{"@type":"SearchAction","target":{"@type":"EntryPoint","urlTemplate":"https:\/\/www.regnovet.com\/tr\/?s={search_term_string}"},"query-input":{"@type":"PropertyValueSpecification","valueRequired":true,"valueName":"search_term_string"}}],"inLanguage":"tr"},{"@type":"Organization","@id":"https:\/\/www.regnovet.com\/tr\/#organization","name":"regnovet","url":"https:\/\/www.regnovet.com\/tr\/","logo":{"@type":"ImageObject","inLanguage":"tr","@id":"https:\/\/www.regnovet.com\/tr\/#\/schema\/logo\/image\/","url":"https:\/\/www.regnovet.com\/wp-content\/uploads\/2024\/09\/cropped-512.png","contentUrl":"https:\/\/www.regnovet.com\/wp-content\/uploads\/2024\/09\/cropped-512.png","width":512,"height":512,"caption":"regnovet"},"image":{"@id":"https:\/\/www.regnovet.com\/tr\/#\/schema\/logo\/image\/"},"sameAs":["https:\/\/www.facebook.com\/people\/RegnoVet\/61571321505220\/"]}]}},"_links":{"self":[{"href":"https:\/\/www.regnovet.com\/tr\/wp-json\/wp\/v2\/product\/29977","targetHints":{"allow":["GET"]}}],"collection":[{"href":"https:\/\/www.regnovet.com\/tr\/wp-json\/wp\/v2\/product"}],"about":[{"href":"https:\/\/www.regnovet.com\/tr\/wp-json\/wp\/v2\/types\/product"}],"version-history":[{"count":7,"href":"https:\/\/www.regnovet.com\/tr\/wp-json\/wp\/v2\/product\/29977\/revisions"}],"predecessor-version":[{"id":30115,"href":"https:\/\/www.regnovet.com\/tr\/wp-json\/wp\/v2\/product\/29977\/revisions\/30115"}],"wp:featuredmedia":[{"embeddable":true,"href":"https:\/\/www.regnovet.com\/tr\/wp-json\/wp\/v2\/media\/29313"}],"wp:attachment":[{"href":"https:\/\/www.regnovet.com\/tr\/wp-json\/wp\/v2\/media?parent=29977"}],"wp:term":[{"taxonomy":"product_cat","embeddable":true,"href":"https:\/\/www.regnovet.com\/tr\/wp-json\/wp\/v2\/product_cat?post=29977"},{"taxonomy":"product_tag","embeddable":true,"href":"https:\/\/www.regnovet.com\/tr\/wp-json\/wp\/v2\/product_tag?post=29977"}],"curies":[{"name":"wp","href":"https:\/\/api.w.org\/{rel}","templated":true}]}}