{"id":29979,"date":"2024-11-04T12:39:27","date_gmt":"2024-11-04T12:39:27","guid":{"rendered":"https:\/\/www.regnovet.com\/product\/regnoment\/"},"modified":"2024-12-17T11:07:24","modified_gmt":"2024-12-17T11:07:24","slug":"regnoment","status":"publish","type":"product","link":"https:\/\/www.regnovet.com\/tr\/urun\/regnoment\/","title":{"rendered":"Regnoment"},"content":{"rendered":"\t\t<div data-elementor-type=\"wp-post\" data-elementor-id=\"29979\" class=\"elementor elementor-29979 elementor-28314\">\n\t\t\t\t<div class=\"wd-negative-gap elementor-element elementor-element-9eab375 e-flex e-con-boxed e-con e-parent\" data-id=\"9eab375\" data-element_type=\"container\" data-e-type=\"container\">\n\t\t\t\t\t<div class=\"e-con-inner\">\n\t\t\t\t<div class=\"elementor-element elementor-element-0cafcb2 elementor-widget elementor-widget-toggle\" data-id=\"0cafcb2\" data-element_type=\"widget\" data-e-type=\"widget\" data-widget_type=\"toggle.default\">\n\t\t\t\t<div class=\"elementor-widget-container\">\n\t\t\t\t\t\t\t<div class=\"elementor-toggle\">\n\t\t\t\t\t\t\t<div class=\"elementor-toggle-item\">\n\t\t\t\t\t<div id=\"elementor-tab-title-1331\" class=\"elementor-tab-title\" data-tab=\"1\" role=\"button\" aria-controls=\"elementor-tab-content-1331\" aria-expanded=\"false\">\n\t\t\t\t\t\t\t\t\t\t\t\t<span class=\"elementor-toggle-icon elementor-toggle-icon-left\" aria-hidden=\"true\">\n\t\t\t\t\t\t\t\t\t\t\t\t\t\t\t<span class=\"elementor-toggle-icon-closed\"><svg class=\"e-font-icon-svg e-fas-caret-right\" viewBox=\"0 0 192 512\" xmlns=\"http:\/\/www.w3.org\/2000\/svg\"><path d=\"M0 384.662V127.338c0-17.818 21.543-26.741 34.142-14.142l128.662 128.662c7.81 7.81 7.81 20.474 0 28.284L34.142 398.804C21.543 411.404 0 402.48 0 384.662z\"><\/path><\/svg><\/span>\n\t\t\t\t\t\t\t\t<span class=\"elementor-toggle-icon-opened\"><svg class=\"elementor-toggle-icon-opened e-font-icon-svg e-fas-caret-up\" viewBox=\"0 0 320 512\" xmlns=\"http:\/\/www.w3.org\/2000\/svg\"><path d=\"M288.662 352H31.338c-17.818 0-26.741-21.543-14.142-34.142l128.662-128.662c7.81-7.81 20.474-7.81 28.284 0l128.662 128.662c12.6 12.599 3.676 34.142-14.142 34.142z\"><\/path><\/svg><\/span>\n\t\t\t\t\t\t\t\t\t\t\t\t\t<\/span>\n\t\t\t\t\t\t\t\t\t\t\t\t<a class=\"elementor-toggle-title\" tabindex=\"0\">\u0130\u00c7ER\u0130K:<\/a>\n\t\t\t\t\t<\/div>\n\n\t\t\t\t\t<div id=\"elementor-tab-content-1331\" class=\"elementor-tab-content elementor-clearfix\" data-tab=\"1\" role=\"region\" aria-labelledby=\"elementor-tab-title-1331\"><p>Mentol, Timol, Kafur, Okalipt\u00fcs ya\u011f\u0131 ve A vitamini<\/p>\n<\/div>\n\t\t\t\t<\/div>\n\t\t\t\t\t\t\t<div class=\"elementor-toggle-item\">\n\t\t\t\t\t<div id=\"elementor-tab-title-1332\" class=\"elementor-tab-title\" data-tab=\"2\" role=\"button\" aria-controls=\"elementor-tab-content-1332\" aria-expanded=\"false\">\n\t\t\t\t\t\t\t\t\t\t\t\t<span class=\"elementor-toggle-icon elementor-toggle-icon-left\" aria-hidden=\"true\">\n\t\t\t\t\t\t\t\t\t\t\t\t\t\t\t<span class=\"elementor-toggle-icon-closed\"><svg class=\"e-font-icon-svg e-fas-caret-right\" viewBox=\"0 0 192 512\" xmlns=\"http:\/\/www.w3.org\/2000\/svg\"><path d=\"M0 384.662V127.338c0-17.818 21.543-26.741 34.142-14.142l128.662 128.662c7.81 7.81 7.81 20.474 0 28.284L34.142 398.804C21.543 411.404 0 402.48 0 384.662z\"><\/path><\/svg><\/span>\n\t\t\t\t\t\t\t\t<span class=\"elementor-toggle-icon-opened\"><svg class=\"elementor-toggle-icon-opened e-font-icon-svg e-fas-caret-up\" viewBox=\"0 0 320 512\" xmlns=\"http:\/\/www.w3.org\/2000\/svg\"><path d=\"M288.662 352H31.338c-17.818 0-26.741-21.543-14.142-34.142l128.662-128.662c7.81-7.81 20.474-7.81 28.284 0l128.662 128.662c12.6 12.599 3.676 34.142-14.142 34.142z\"><\/path><\/svg><\/span>\n\t\t\t\t\t\t\t\t\t\t\t\t\t<\/span>\n\t\t\t\t\t\t\t\t\t\t\t\t<a class=\"elementor-toggle-title\" tabindex=\"0\">ENDIKASYON:<\/a>\n\t\t\t\t\t<\/div>\n\n\t\t\t\t\t<div id=\"elementor-tab-content-1332\" class=\"elementor-tab-content elementor-clearfix\" data-tab=\"2\" role=\"region\" aria-labelledby=\"elementor-tab-title-1332\"><p>&#8211; \u00dcst solunum yolu enfeksiyonlar\u0131n\u0131 tedavi etmek<\/p>\n<p>&#8211; A\u015f\u0131n\u0131n solunum sistemi \u00fczerindeki olumsuz yan etkilerini en aza indirmek<\/p>\n<p>&#8211; S\u0131cak s\u0131cakl\u0131klar, a\u015f\u0131r\u0131 toz veya zararl\u0131 gazlar gibi k\u00f6t\u00fc \u00e7evresel ko\u015fullar alt\u0131nda hayvan\u0131n stresini hafifletmek<\/p>\n<p>&#8211; B\u00fcy\u00fcme te\u015fvik edici ve i\u015ftah a\u00e7\u0131c\u0131<\/p>\n<p>&#8211; \u00dcreme s\u00fcreci boyunca<\/p>\n<\/div>\n\t\t\t\t<\/div>\n\t\t\t\t\t\t\t<div class=\"elementor-toggle-item\">\n\t\t\t\t\t<div id=\"elementor-tab-title-1333\" class=\"elementor-tab-title\" data-tab=\"3\" role=\"button\" aria-controls=\"elementor-tab-content-1333\" aria-expanded=\"false\">\n\t\t\t\t\t\t\t\t\t\t\t\t<span class=\"elementor-toggle-icon elementor-toggle-icon-left\" aria-hidden=\"true\">\n\t\t\t\t\t\t\t\t\t\t\t\t\t\t\t<span class=\"elementor-toggle-icon-closed\"><svg class=\"e-font-icon-svg e-fas-caret-right\" viewBox=\"0 0 192 512\" xmlns=\"http:\/\/www.w3.org\/2000\/svg\"><path d=\"M0 384.662V127.338c0-17.818 21.543-26.741 34.142-14.142l128.662 128.662c7.81 7.81 7.81 20.474 0 28.284L34.142 398.804C21.543 411.404 0 402.48 0 384.662z\"><\/path><\/svg><\/span>\n\t\t\t\t\t\t\t\t<span class=\"elementor-toggle-icon-opened\"><svg class=\"elementor-toggle-icon-opened e-font-icon-svg e-fas-caret-up\" viewBox=\"0 0 320 512\" xmlns=\"http:\/\/www.w3.org\/2000\/svg\"><path d=\"M288.662 352H31.338c-17.818 0-26.741-21.543-14.142-34.142l128.662-128.662c7.81-7.81 20.474-7.81 28.284 0l128.662 128.662c12.6 12.599 3.676 34.142-14.142 34.142z\"><\/path><\/svg><\/span>\n\t\t\t\t\t\t\t\t\t\t\t\t\t<\/span>\n\t\t\t\t\t\t\t\t\t\t\t\t<a class=\"elementor-toggle-title\" tabindex=\"0\">DOZAJ:<\/a>\n\t\t\t\t\t<\/div>\n\n\t\t\t\t\t<div id=\"elementor-tab-content-1333\" class=\"elementor-tab-content elementor-clearfix\" data-tab=\"3\" role=\"region\" aria-labelledby=\"elementor-tab-title-1333\"><p>&#8211; <strong>Kanatl\u0131lar<\/strong>: 3-5 g\u00fcn boyunca her g\u00fcn 4 litre i\u00e7me suyuna 1 ml<\/p>\n<p>&#8211; <strong>S\u0131\u011f\u0131rlar<\/strong>: 3 g\u00fcn boyunca her g\u00fcn hayvan\u0131n kilosuna g\u00f6re 50 kg ba\u015f\u0131na 1 ml i\u00e7me suyunda<\/p>\n<p>&#8211; <strong>Atlar<\/strong>: 3 g\u00fcn boyunca her g\u00fcn hayvan\u0131n kilosuna g\u00f6re 100 kg ba\u015f\u0131na 1 ml i\u00e7me suyunda<\/p>\n<\/div>\n\t\t\t\t<\/div>\n\t\t\t\t\t\t\t<div class=\"elementor-toggle-item\">\n\t\t\t\t\t<div id=\"elementor-tab-title-1334\" class=\"elementor-tab-title\" data-tab=\"4\" role=\"button\" aria-controls=\"elementor-tab-content-1334\" aria-expanded=\"false\">\n\t\t\t\t\t\t\t\t\t\t\t\t<span class=\"elementor-toggle-icon elementor-toggle-icon-left\" aria-hidden=\"true\">\n\t\t\t\t\t\t\t\t\t\t\t\t\t\t\t<span class=\"elementor-toggle-icon-closed\"><svg class=\"e-font-icon-svg e-fas-caret-right\" viewBox=\"0 0 192 512\" xmlns=\"http:\/\/www.w3.org\/2000\/svg\"><path d=\"M0 384.662V127.338c0-17.818 21.543-26.741 34.142-14.142l128.662 128.662c7.81 7.81 7.81 20.474 0 28.284L34.142 398.804C21.543 411.404 0 402.48 0 384.662z\"><\/path><\/svg><\/span>\n\t\t\t\t\t\t\t\t<span class=\"elementor-toggle-icon-opened\"><svg class=\"elementor-toggle-icon-opened e-font-icon-svg e-fas-caret-up\" viewBox=\"0 0 320 512\" xmlns=\"http:\/\/www.w3.org\/2000\/svg\"><path d=\"M288.662 352H31.338c-17.818 0-26.741-21.543-14.142-34.142l128.662-128.662c7.81-7.81 20.474-7.81 28.284 0l128.662 128.662c12.6 12.599 3.676 34.142-14.142 34.142z\"><\/path><\/svg><\/span>\n\t\t\t\t\t\t\t\t\t\t\t\t\t<\/span>\n\t\t\t\t\t\t\t\t\t\t\t\t<a class=\"elementor-toggle-title\" tabindex=\"0\">\u00c7EK\u0130LME ZAMANI:<\/a>\n\t\t\t\t\t<\/div>\n\n\t\t\t\t\t<div id=\"elementor-tab-content-1334\" class=\"elementor-tab-content elementor-clearfix\" data-tab=\"4\" role=\"region\" aria-labelledby=\"elementor-tab-title-1334\"><p>0 g\u00fcn<\/p>\n<\/div>\n\t\t\t\t<\/div>\n\t\t\t\t\t\t\t<div class=\"elementor-toggle-item\">\n\t\t\t\t\t<div id=\"elementor-tab-title-1335\" class=\"elementor-tab-title\" data-tab=\"5\" role=\"button\" aria-controls=\"elementor-tab-content-1335\" aria-expanded=\"false\">\n\t\t\t\t\t\t\t\t\t\t\t\t<span class=\"elementor-toggle-icon elementor-toggle-icon-left\" aria-hidden=\"true\">\n\t\t\t\t\t\t\t\t\t\t\t\t\t\t\t<span class=\"elementor-toggle-icon-closed\"><svg class=\"e-font-icon-svg e-fas-caret-right\" viewBox=\"0 0 192 512\" xmlns=\"http:\/\/www.w3.org\/2000\/svg\"><path d=\"M0 384.662V127.338c0-17.818 21.543-26.741 34.142-14.142l128.662 128.662c7.81 7.81 7.81 20.474 0 28.284L34.142 398.804C21.543 411.404 0 402.48 0 384.662z\"><\/path><\/svg><\/span>\n\t\t\t\t\t\t\t\t<span class=\"elementor-toggle-icon-opened\"><svg class=\"elementor-toggle-icon-opened e-font-icon-svg e-fas-caret-up\" viewBox=\"0 0 320 512\" xmlns=\"http:\/\/www.w3.org\/2000\/svg\"><path d=\"M288.662 352H31.338c-17.818 0-26.741-21.543-14.142-34.142l128.662-128.662c7.81-7.81 20.474-7.81 28.284 0l128.662 128.662c12.6 12.599 3.676 34.142-14.142 34.142z\"><\/path><\/svg><\/span>\n\t\t\t\t\t\t\t\t\t\t\t\t\t<\/span>\n\t\t\t\t\t\t\t\t\t\t\t\t<a class=\"elementor-toggle-title\" tabindex=\"0\">SAKLAMA:<\/a>\n\t\t\t\t\t<\/div>\n\n\t\t\t\t\t<div id=\"elementor-tab-content-1335\" class=\"elementor-tab-content elementor-clearfix\" data-tab=\"5\" role=\"region\" aria-labelledby=\"elementor-tab-title-1335\"><p>15-25\u00b0C (59-77\u00b0F) aras\u0131nda kuru, karanl\u0131k bir yerde saklay\u0131n<\/p>\n<\/div>\n\t\t\t\t<\/div>\n\t\t\t\t\t\t\t\t<\/div>\n\t\t\t\t\t\t<\/div>\n\t\t\t\t<\/div>\n\t\t\t\t\t<\/div>\n\t\t\t\t<\/div>\n\t\t\t\t<\/div>\n\t\t","protected":false},"excerpt":{"rendered":"<p>Bu preparat, solunum sistemi sorunlar\u0131 i\u00e7in m\u00fckemmel bir balgam s\u00f6kt\u00fcr\u00fcc\u00fcd\u00fcr, \u00e7\u00fcnk\u00fc solunum sisteminde balgam\u0131 eritip d\u0131\u015far\u0131 atar, b\u00f6ylece akci\u011ferlerin ve bo\u011faz\u0131n durumunu iyile\u015ftirir. Bile\u015fimde kullan\u0131lan bitkilerde bulunan u\u00e7ucu ya\u011flar\u0131n \u00f6zellikleri sayesinde, bu \u00fcr\u00fcn ayn\u0131 zamanda bula\u015f\u0131c\u0131 viral hastal\u0131klar ve zorlu bakteriyel hastal\u0131klar dahil olmak \u00fczere solunum sistemini etkileyen \u00e7e\u015fitli hastal\u0131klar\u0131n \u00f6nlenmesinde de faydal\u0131d\u0131r. Koriza, bron\u015fit IB, Newcastle ILT, CRD vb. hastal\u0131klar dahildir. Ayr\u0131ca, genel olarak solunum sisteminin ba\u011f\u0131\u015f\u0131kl\u0131\u011f\u0131n\u0131 art\u0131rmak ve stres ve k\u00f6t\u00fc bar\u0131nma ko\u015fullar\u0131 alt\u0131nda solunum sisteminin i\u015flevini uyarmak i\u00e7in de kullan\u0131l\u0131r.<\/p>\n<p>Yukar\u0131dakilere ek olarak, uygun tedavilerle birlikte kullan\u0131ld\u0131\u011f\u0131nda, bu \u00fcr\u00fcn solunum hastal\u0131klar\u0131ndan iyile\u015fmeyi te\u015fvik eder ve \u00f6ks\u00fcr\u00fck ve hap\u015f\u0131rma gibi enfeksiyon semptomlar\u0131n\u0131 azaltarak bo\u011fulma riskini d\u00fc\u015f\u00fcr\u00fcr.<\/p>\n<p>Bu \u00fcr\u00fcn, solunum sistemindeki mukozalar\u0131n durumunu iyile\u015ftiren, iyile\u015fmeyi h\u0131zland\u0131ran ve direnci art\u0131ran A vitamini i\u00e7erir.<\/p>\n<p>Bu \u00fcr\u00fcn, t\u00fcm kanatl\u0131 yeti\u015ftiricili\u011fi a\u015famalar\u0131nda solunum bozukluklar\u0131n\u0131 \u00f6nlemek ve tedavi etmek i\u00e7in uygulanabilir ve ruminantlarda solunum yolu enfeksiyonlar\u0131n\u0131 tedavi etmek i\u00e7in de kullan\u0131labilir.<\/p>\n","protected":false},"featured_media":29311,"template":"","meta":[],"product_cat":[184,186,175,187],"product_tag":[],"class_list":{"0":"post-29979","1":"product","2":"type-product","3":"status-publish","4":"has-post-thumbnail","6":"product_cat-kanatli","7":"product_cat-kuslar","8":"product_cat-ruminantlar","9":"product_cat-yem-katki-maddeleri","11":"first","12":"instock","13":"shipping-taxable","14":"product-type-simple"},"yoast_head":"<!-- This site is optimized with the Yoast SEO plugin v24.1 - https:\/\/yoast.com\/wordpress\/plugins\/seo\/ -->\n<title>Regnoment - regnovet<\/title>\n<meta name=\"robots\" content=\"index, follow, max-snippet:-1, max-image-preview:large, max-video-preview:-1\" \/>\n<link rel=\"canonical\" href=\"https:\/\/www.regnovet.com\/tr\/urun\/regnoment\/\" \/>\n<meta property=\"og:locale\" content=\"tr_TR\" \/>\n<meta property=\"og:type\" content=\"article\" \/>\n<meta property=\"og:title\" content=\"Regnoment - regnovet\" \/>\n<meta property=\"og:description\" content=\"Bu preparat, solunum sistemi sorunlar\u0131 i\u00e7in m\u00fckemmel bir balgam s\u00f6kt\u00fcr\u00fcc\u00fcd\u00fcr, \u00e7\u00fcnk\u00fc solunum sisteminde balgam\u0131 eritip d\u0131\u015far\u0131 atar, b\u00f6ylece akci\u011ferlerin ve bo\u011faz\u0131n durumunu iyile\u015ftirir. Bile\u015fimde kullan\u0131lan bitkilerde bulunan u\u00e7ucu ya\u011flar\u0131n \u00f6zellikleri sayesinde, bu \u00fcr\u00fcn ayn\u0131 zamanda bula\u015f\u0131c\u0131 viral hastal\u0131klar ve zorlu bakteriyel hastal\u0131klar dahil olmak \u00fczere solunum sistemini etkileyen \u00e7e\u015fitli hastal\u0131klar\u0131n \u00f6nlenmesinde de faydal\u0131d\u0131r. Koriza, bron\u015fit IB, Newcastle ILT, CRD vb. hastal\u0131klar dahildir. Ayr\u0131ca, genel olarak solunum sisteminin ba\u011f\u0131\u015f\u0131kl\u0131\u011f\u0131n\u0131 art\u0131rmak ve stres ve k\u00f6t\u00fc bar\u0131nma ko\u015fullar\u0131 alt\u0131nda solunum sisteminin i\u015flevini uyarmak i\u00e7in de kullan\u0131l\u0131r.  Yukar\u0131dakilere ek olarak, uygun tedavilerle birlikte kullan\u0131ld\u0131\u011f\u0131nda, bu \u00fcr\u00fcn solunum hastal\u0131klar\u0131ndan iyile\u015fmeyi te\u015fvik eder ve \u00f6ks\u00fcr\u00fck ve hap\u015f\u0131rma gibi enfeksiyon semptomlar\u0131n\u0131 azaltarak bo\u011fulma riskini d\u00fc\u015f\u00fcr\u00fcr.  Bu \u00fcr\u00fcn, solunum sistemindeki mukozalar\u0131n durumunu iyile\u015ftiren, iyile\u015fmeyi h\u0131zland\u0131ran ve direnci art\u0131ran A vitamini i\u00e7erir.  Bu \u00fcr\u00fcn, t\u00fcm kanatl\u0131 yeti\u015ftiricili\u011fi a\u015famalar\u0131nda solunum bozukluklar\u0131n\u0131 \u00f6nlemek ve tedavi etmek i\u00e7in uygulanabilir ve ruminantlarda solunum yolu enfeksiyonlar\u0131n\u0131 tedavi etmek i\u00e7in de kullan\u0131labilir.\" \/>\n<meta property=\"og:url\" content=\"https:\/\/www.regnovet.com\/tr\/urun\/regnoment\/\" \/>\n<meta property=\"og:site_name\" content=\"regnovet\" \/>\n<meta property=\"article:publisher\" content=\"https:\/\/www.facebook.com\/people\/RegnoVet\/61571321505220\/\" \/>\n<meta property=\"article:modified_time\" content=\"2024-12-17T11:07:24+00:00\" \/>\n<meta property=\"og:image\" content=\"https:\/\/www.regnovet.com\/wp-content\/uploads\/2024\/11\/Regnoment.jpg\" \/>\n\t<meta property=\"og:image:width\" content=\"700\" \/>\n\t<meta property=\"og:image:height\" content=\"700\" \/>\n\t<meta property=\"og:image:type\" content=\"image\/jpeg\" \/>\n<meta name=\"twitter:card\" content=\"summary_large_image\" \/>\n<meta name=\"twitter:label1\" content=\"Tahmini okuma s\u00fcresi\" \/>\n\t<meta name=\"twitter:data1\" content=\"1 dakika\" \/>\n<script type=\"application\/ld+json\" class=\"yoast-schema-graph\">{\"@context\":\"https:\/\/schema.org\",\"@graph\":[{\"@type\":\"WebPage\",\"@id\":\"https:\/\/www.regnovet.com\/tr\/urun\/regnoment\/\",\"url\":\"https:\/\/www.regnovet.com\/tr\/urun\/regnoment\/\",\"name\":\"Regnoment - regnovet\",\"isPartOf\":{\"@id\":\"https:\/\/www.regnovet.com\/tr\/#website\"},\"primaryImageOfPage\":{\"@id\":\"https:\/\/www.regnovet.com\/tr\/urun\/regnoment\/#primaryimage\"},\"image\":{\"@id\":\"https:\/\/www.regnovet.com\/tr\/urun\/regnoment\/#primaryimage\"},\"thumbnailUrl\":\"https:\/\/www.regnovet.com\/wp-content\/uploads\/2024\/11\/Regnoment.jpg\",\"datePublished\":\"2024-11-04T12:39:27+00:00\",\"dateModified\":\"2024-12-17T11:07:24+00:00\",\"breadcrumb\":{\"@id\":\"https:\/\/www.regnovet.com\/tr\/urun\/regnoment\/#breadcrumb\"},\"inLanguage\":\"tr\",\"potentialAction\":[{\"@type\":\"ReadAction\",\"target\":[\"https:\/\/www.regnovet.com\/tr\/urun\/regnoment\/\"]}]},{\"@type\":\"ImageObject\",\"inLanguage\":\"tr\",\"@id\":\"https:\/\/www.regnovet.com\/tr\/urun\/regnoment\/#primaryimage\",\"url\":\"https:\/\/www.regnovet.com\/wp-content\/uploads\/2024\/11\/Regnoment.jpg\",\"contentUrl\":\"https:\/\/www.regnovet.com\/wp-content\/uploads\/2024\/11\/Regnoment.jpg\",\"width\":700,\"height\":700},{\"@type\":\"BreadcrumbList\",\"@id\":\"https:\/\/www.regnovet.com\/tr\/urun\/regnoment\/#breadcrumb\",\"itemListElement\":[{\"@type\":\"ListItem\",\"position\":1,\"name\":\"Home\",\"item\":\"https:\/\/www.regnovet.com\/tr\/\"},{\"@type\":\"ListItem\",\"position\":2,\"name\":\"\u00dcr\u00fcnler\",\"item\":\"https:\/\/www.regnovet.com\/products\/\"},{\"@type\":\"ListItem\",\"position\":3,\"name\":\"Regnoment\"}]},{\"@type\":\"WebSite\",\"@id\":\"https:\/\/www.regnovet.com\/tr\/#website\",\"url\":\"https:\/\/www.regnovet.com\/tr\/\",\"name\":\"regnovet\",\"description\":\"\",\"publisher\":{\"@id\":\"https:\/\/www.regnovet.com\/tr\/#organization\"},\"potentialAction\":[{\"@type\":\"SearchAction\",\"target\":{\"@type\":\"EntryPoint\",\"urlTemplate\":\"https:\/\/www.regnovet.com\/tr\/?s={search_term_string}\"},\"query-input\":{\"@type\":\"PropertyValueSpecification\",\"valueRequired\":true,\"valueName\":\"search_term_string\"}}],\"inLanguage\":\"tr\"},{\"@type\":\"Organization\",\"@id\":\"https:\/\/www.regnovet.com\/tr\/#organization\",\"name\":\"regnovet\",\"url\":\"https:\/\/www.regnovet.com\/tr\/\",\"logo\":{\"@type\":\"ImageObject\",\"inLanguage\":\"tr\",\"@id\":\"https:\/\/www.regnovet.com\/tr\/#\/schema\/logo\/image\/\",\"url\":\"https:\/\/www.regnovet.com\/wp-content\/uploads\/2024\/09\/cropped-512.png\",\"contentUrl\":\"https:\/\/www.regnovet.com\/wp-content\/uploads\/2024\/09\/cropped-512.png\",\"width\":512,\"height\":512,\"caption\":\"regnovet\"},\"image\":{\"@id\":\"https:\/\/www.regnovet.com\/tr\/#\/schema\/logo\/image\/\"},\"sameAs\":[\"https:\/\/www.facebook.com\/people\/RegnoVet\/61571321505220\/\"]}]}<\/script>\n<!-- \/ Yoast SEO plugin. -->","yoast_head_json":{"title":"Regnoment - regnovet","robots":{"index":"index","follow":"follow","max-snippet":"max-snippet:-1","max-image-preview":"max-image-preview:large","max-video-preview":"max-video-preview:-1"},"canonical":"https:\/\/www.regnovet.com\/tr\/urun\/regnoment\/","og_locale":"tr_TR","og_type":"article","og_title":"Regnoment - regnovet","og_description":"Bu preparat, solunum sistemi sorunlar\u0131 i\u00e7in m\u00fckemmel bir balgam s\u00f6kt\u00fcr\u00fcc\u00fcd\u00fcr, \u00e7\u00fcnk\u00fc solunum sisteminde balgam\u0131 eritip d\u0131\u015far\u0131 atar, b\u00f6ylece akci\u011ferlerin ve bo\u011faz\u0131n durumunu iyile\u015ftirir. Bile\u015fimde kullan\u0131lan bitkilerde bulunan u\u00e7ucu ya\u011flar\u0131n \u00f6zellikleri sayesinde, bu \u00fcr\u00fcn ayn\u0131 zamanda bula\u015f\u0131c\u0131 viral hastal\u0131klar ve zorlu bakteriyel hastal\u0131klar dahil olmak \u00fczere solunum sistemini etkileyen \u00e7e\u015fitli hastal\u0131klar\u0131n \u00f6nlenmesinde de faydal\u0131d\u0131r. Koriza, bron\u015fit IB, Newcastle ILT, CRD vb. hastal\u0131klar dahildir. Ayr\u0131ca, genel olarak solunum sisteminin ba\u011f\u0131\u015f\u0131kl\u0131\u011f\u0131n\u0131 art\u0131rmak ve stres ve k\u00f6t\u00fc bar\u0131nma ko\u015fullar\u0131 alt\u0131nda solunum sisteminin i\u015flevini uyarmak i\u00e7in de kullan\u0131l\u0131r.  Yukar\u0131dakilere ek olarak, uygun tedavilerle birlikte kullan\u0131ld\u0131\u011f\u0131nda, bu \u00fcr\u00fcn solunum hastal\u0131klar\u0131ndan iyile\u015fmeyi te\u015fvik eder ve \u00f6ks\u00fcr\u00fck ve hap\u015f\u0131rma gibi enfeksiyon semptomlar\u0131n\u0131 azaltarak bo\u011fulma riskini d\u00fc\u015f\u00fcr\u00fcr.  Bu \u00fcr\u00fcn, solunum sistemindeki mukozalar\u0131n durumunu iyile\u015ftiren, iyile\u015fmeyi h\u0131zland\u0131ran ve direnci art\u0131ran A vitamini i\u00e7erir.  Bu \u00fcr\u00fcn, t\u00fcm kanatl\u0131 yeti\u015ftiricili\u011fi a\u015famalar\u0131nda solunum bozukluklar\u0131n\u0131 \u00f6nlemek ve tedavi etmek i\u00e7in uygulanabilir ve ruminantlarda solunum yolu enfeksiyonlar\u0131n\u0131 tedavi etmek i\u00e7in de kullan\u0131labilir.","og_url":"https:\/\/www.regnovet.com\/tr\/urun\/regnoment\/","og_site_name":"regnovet","article_publisher":"https:\/\/www.facebook.com\/people\/RegnoVet\/61571321505220\/","article_modified_time":"2024-12-17T11:07:24+00:00","og_image":[{"width":700,"height":700,"url":"https:\/\/www.regnovet.com\/wp-content\/uploads\/2024\/11\/Regnoment.jpg","type":"image\/jpeg"}],"twitter_card":"summary_large_image","twitter_misc":{"Tahmini okuma s\u00fcresi":"1 dakika"},"schema":{"@context":"https:\/\/schema.org","@graph":[{"@type":"WebPage","@id":"https:\/\/www.regnovet.com\/tr\/urun\/regnoment\/","url":"https:\/\/www.regnovet.com\/tr\/urun\/regnoment\/","name":"Regnoment - regnovet","isPartOf":{"@id":"https:\/\/www.regnovet.com\/tr\/#website"},"primaryImageOfPage":{"@id":"https:\/\/www.regnovet.com\/tr\/urun\/regnoment\/#primaryimage"},"image":{"@id":"https:\/\/www.regnovet.com\/tr\/urun\/regnoment\/#primaryimage"},"thumbnailUrl":"https:\/\/www.regnovet.com\/wp-content\/uploads\/2024\/11\/Regnoment.jpg","datePublished":"2024-11-04T12:39:27+00:00","dateModified":"2024-12-17T11:07:24+00:00","breadcrumb":{"@id":"https:\/\/www.regnovet.com\/tr\/urun\/regnoment\/#breadcrumb"},"inLanguage":"tr","potentialAction":[{"@type":"ReadAction","target":["https:\/\/www.regnovet.com\/tr\/urun\/regnoment\/"]}]},{"@type":"ImageObject","inLanguage":"tr","@id":"https:\/\/www.regnovet.com\/tr\/urun\/regnoment\/#primaryimage","url":"https:\/\/www.regnovet.com\/wp-content\/uploads\/2024\/11\/Regnoment.jpg","contentUrl":"https:\/\/www.regnovet.com\/wp-content\/uploads\/2024\/11\/Regnoment.jpg","width":700,"height":700},{"@type":"BreadcrumbList","@id":"https:\/\/www.regnovet.com\/tr\/urun\/regnoment\/#breadcrumb","itemListElement":[{"@type":"ListItem","position":1,"name":"Home","item":"https:\/\/www.regnovet.com\/tr\/"},{"@type":"ListItem","position":2,"name":"\u00dcr\u00fcnler","item":"https:\/\/www.regnovet.com\/products\/"},{"@type":"ListItem","position":3,"name":"Regnoment"}]},{"@type":"WebSite","@id":"https:\/\/www.regnovet.com\/tr\/#website","url":"https:\/\/www.regnovet.com\/tr\/","name":"regnovet","description":"","publisher":{"@id":"https:\/\/www.regnovet.com\/tr\/#organization"},"potentialAction":[{"@type":"SearchAction","target":{"@type":"EntryPoint","urlTemplate":"https:\/\/www.regnovet.com\/tr\/?s={search_term_string}"},"query-input":{"@type":"PropertyValueSpecification","valueRequired":true,"valueName":"search_term_string"}}],"inLanguage":"tr"},{"@type":"Organization","@id":"https:\/\/www.regnovet.com\/tr\/#organization","name":"regnovet","url":"https:\/\/www.regnovet.com\/tr\/","logo":{"@type":"ImageObject","inLanguage":"tr","@id":"https:\/\/www.regnovet.com\/tr\/#\/schema\/logo\/image\/","url":"https:\/\/www.regnovet.com\/wp-content\/uploads\/2024\/09\/cropped-512.png","contentUrl":"https:\/\/www.regnovet.com\/wp-content\/uploads\/2024\/09\/cropped-512.png","width":512,"height":512,"caption":"regnovet"},"image":{"@id":"https:\/\/www.regnovet.com\/tr\/#\/schema\/logo\/image\/"},"sameAs":["https:\/\/www.facebook.com\/people\/RegnoVet\/61571321505220\/"]}]}},"_links":{"self":[{"href":"https:\/\/www.regnovet.com\/tr\/wp-json\/wp\/v2\/product\/29979","targetHints":{"allow":["GET"]}}],"collection":[{"href":"https:\/\/www.regnovet.com\/tr\/wp-json\/wp\/v2\/product"}],"about":[{"href":"https:\/\/www.regnovet.com\/tr\/wp-json\/wp\/v2\/types\/product"}],"version-history":[{"count":3,"href":"https:\/\/www.regnovet.com\/tr\/wp-json\/wp\/v2\/product\/29979\/revisions"}],"predecessor-version":[{"id":30102,"href":"https:\/\/www.regnovet.com\/tr\/wp-json\/wp\/v2\/product\/29979\/revisions\/30102"}],"wp:featuredmedia":[{"embeddable":true,"href":"https:\/\/www.regnovet.com\/tr\/wp-json\/wp\/v2\/media\/29311"}],"wp:attachment":[{"href":"https:\/\/www.regnovet.com\/tr\/wp-json\/wp\/v2\/media?parent=29979"}],"wp:term":[{"taxonomy":"product_cat","embeddable":true,"href":"https:\/\/www.regnovet.com\/tr\/wp-json\/wp\/v2\/product_cat?post=29979"},{"taxonomy":"product_tag","embeddable":true,"href":"https:\/\/www.regnovet.com\/tr\/wp-json\/wp\/v2\/product_tag?post=29979"}],"curies":[{"name":"wp","href":"https:\/\/api.w.org\/{rel}","templated":true}]}}