{"id":29987,"date":"2024-11-04T12:38:49","date_gmt":"2024-11-04T12:38:49","guid":{"rendered":"https:\/\/www.regnovet.com\/product\/regnoliv\/"},"modified":"2024-12-17T11:07:48","modified_gmt":"2024-12-17T11:07:48","slug":"regnoliv","status":"publish","type":"product","link":"https:\/\/www.regnovet.com\/tr\/urun\/regnoliv\/","title":{"rendered":"Regnoliv"},"content":{"rendered":"\t\t<div data-elementor-type=\"wp-post\" data-elementor-id=\"29987\" class=\"elementor elementor-29987 elementor-28311\">\n\t\t\t\t<div class=\"wd-negative-gap elementor-element elementor-element-a596491 e-flex e-con-boxed e-con e-parent\" data-id=\"a596491\" data-element_type=\"container\" data-e-type=\"container\">\n\t\t\t\t\t<div class=\"e-con-inner\">\n\t\t\t\t<div class=\"elementor-element elementor-element-2d29769 elementor-widget elementor-widget-toggle\" data-id=\"2d29769\" data-element_type=\"widget\" data-e-type=\"widget\" data-widget_type=\"toggle.default\">\n\t\t\t\t<div class=\"elementor-widget-container\">\n\t\t\t\t\t\t\t<div class=\"elementor-toggle\">\n\t\t\t\t\t\t\t<div class=\"elementor-toggle-item\">\n\t\t\t\t\t<div id=\"elementor-tab-title-4731\" class=\"elementor-tab-title\" data-tab=\"1\" role=\"button\" aria-controls=\"elementor-tab-content-4731\" aria-expanded=\"false\">\n\t\t\t\t\t\t\t\t\t\t\t\t<span class=\"elementor-toggle-icon elementor-toggle-icon-left\" aria-hidden=\"true\">\n\t\t\t\t\t\t\t\t\t\t\t\t\t\t\t<span class=\"elementor-toggle-icon-closed\"><svg class=\"e-font-icon-svg e-fas-caret-right\" viewBox=\"0 0 192 512\" xmlns=\"http:\/\/www.w3.org\/2000\/svg\"><path d=\"M0 384.662V127.338c0-17.818 21.543-26.741 34.142-14.142l128.662 128.662c7.81 7.81 7.81 20.474 0 28.284L34.142 398.804C21.543 411.404 0 402.48 0 384.662z\"><\/path><\/svg><\/span>\n\t\t\t\t\t\t\t\t<span class=\"elementor-toggle-icon-opened\"><svg class=\"elementor-toggle-icon-opened e-font-icon-svg e-fas-caret-up\" viewBox=\"0 0 320 512\" xmlns=\"http:\/\/www.w3.org\/2000\/svg\"><path d=\"M288.662 352H31.338c-17.818 0-26.741-21.543-14.142-34.142l128.662-128.662c7.81-7.81 20.474-7.81 28.284 0l128.662 128.662c12.6 12.599 3.676 34.142-14.142 34.142z\"><\/path><\/svg><\/span>\n\t\t\t\t\t\t\t\t\t\t\t\t\t<\/span>\n\t\t\t\t\t\t\t\t\t\t\t\t<a class=\"elementor-toggle-title\" tabindex=\"0\">\u0130\u00c7ER\u0130K:<\/a>\n\t\t\t\t\t<\/div>\n\n\t\t\t\t\t<div id=\"elementor-tab-content-4731\" class=\"elementor-tab-content elementor-clearfix\" data-tab=\"1\" role=\"region\" aria-labelledby=\"elementor-tab-title-4731\"><p>L-Karnitin, L-Lisin, L-Metionin, Silimarin ekstresi, Enginar ekstresi, B2 Vitamini, B6 Vitamini, Betain, Kolin klor\u00fcr, Magnezyum s\u00fclfat ve Sorbitol<\/p>\n<\/div>\n\t\t\t\t<\/div>\n\t\t\t\t\t\t\t<div class=\"elementor-toggle-item\">\n\t\t\t\t\t<div id=\"elementor-tab-title-4732\" class=\"elementor-tab-title\" data-tab=\"2\" role=\"button\" aria-controls=\"elementor-tab-content-4732\" aria-expanded=\"false\">\n\t\t\t\t\t\t\t\t\t\t\t\t<span class=\"elementor-toggle-icon elementor-toggle-icon-left\" aria-hidden=\"true\">\n\t\t\t\t\t\t\t\t\t\t\t\t\t\t\t<span class=\"elementor-toggle-icon-closed\"><svg class=\"e-font-icon-svg e-fas-caret-right\" viewBox=\"0 0 192 512\" xmlns=\"http:\/\/www.w3.org\/2000\/svg\"><path d=\"M0 384.662V127.338c0-17.818 21.543-26.741 34.142-14.142l128.662 128.662c7.81 7.81 7.81 20.474 0 28.284L34.142 398.804C21.543 411.404 0 402.48 0 384.662z\"><\/path><\/svg><\/span>\n\t\t\t\t\t\t\t\t<span class=\"elementor-toggle-icon-opened\"><svg class=\"elementor-toggle-icon-opened e-font-icon-svg e-fas-caret-up\" viewBox=\"0 0 320 512\" xmlns=\"http:\/\/www.w3.org\/2000\/svg\"><path d=\"M288.662 352H31.338c-17.818 0-26.741-21.543-14.142-34.142l128.662-128.662c7.81-7.81 20.474-7.81 28.284 0l128.662 128.662c12.6 12.599 3.676 34.142-14.142 34.142z\"><\/path><\/svg><\/span>\n\t\t\t\t\t\t\t\t\t\t\t\t\t<\/span>\n\t\t\t\t\t\t\t\t\t\t\t\t<a class=\"elementor-toggle-title\" tabindex=\"0\">ENDIKASYON:<\/a>\n\t\t\t\t\t<\/div>\n\n\t\t\t\t\t<div id=\"elementor-tab-content-4732\" class=\"elementor-tab-content elementor-clearfix\" data-tab=\"2\" role=\"region\" aria-labelledby=\"elementor-tab-title-4732\"><p>&#8211; Enflamatuar ve dejeneratif karaci\u011fer ve b\u00f6brek rahats\u0131zl\u0131klar\u0131<\/p>\n<p>&#8211; \u00dcretim d\u00f6nemlerinin zirve ve d\u00fc\u015f\u00fc\u015f d\u00f6nemlerinde karaci\u011fer aktivitesini desteklemek<\/p>\n<p>&#8211; Viral ve bakteriyel enfeksiyonlara kar\u015f\u0131 ba\u011f\u0131\u015f\u0131kl\u0131k yan\u0131t\u0131n\u0131 art\u0131rmak<\/p>\n<p>&#8211; Kimyasal ve mantar toksinlerinin etkilerini ortadan kald\u0131rmak<\/p>\n<p>&#8211; Hepatik steatoz tedavisi<\/p>\n<p>&#8211; Ya\u011f metabolizmas\u0131 sorunlar\u0131<\/p>\n<p>&#8211; Emilim bozukluklar\u0131 ve gastroenterit<\/p>\n<p>&#8211; Kulu\u00e7ka oran\u0131n\u0131, do\u011furganl\u0131\u011f\u0131, yem d\u00f6n\u00fc\u015f\u00fcm oran\u0131n\u0131 ve b\u00fcy\u00fcme h\u0131z\u0131n\u0131 art\u0131rmak<\/p>\n<\/div>\n\t\t\t\t<\/div>\n\t\t\t\t\t\t\t<div class=\"elementor-toggle-item\">\n\t\t\t\t\t<div id=\"elementor-tab-title-4733\" class=\"elementor-tab-title\" data-tab=\"3\" role=\"button\" aria-controls=\"elementor-tab-content-4733\" aria-expanded=\"false\">\n\t\t\t\t\t\t\t\t\t\t\t\t<span class=\"elementor-toggle-icon elementor-toggle-icon-left\" aria-hidden=\"true\">\n\t\t\t\t\t\t\t\t\t\t\t\t\t\t\t<span class=\"elementor-toggle-icon-closed\"><svg class=\"e-font-icon-svg e-fas-caret-right\" viewBox=\"0 0 192 512\" xmlns=\"http:\/\/www.w3.org\/2000\/svg\"><path d=\"M0 384.662V127.338c0-17.818 21.543-26.741 34.142-14.142l128.662 128.662c7.81 7.81 7.81 20.474 0 28.284L34.142 398.804C21.543 411.404 0 402.48 0 384.662z\"><\/path><\/svg><\/span>\n\t\t\t\t\t\t\t\t<span class=\"elementor-toggle-icon-opened\"><svg class=\"elementor-toggle-icon-opened e-font-icon-svg e-fas-caret-up\" viewBox=\"0 0 320 512\" xmlns=\"http:\/\/www.w3.org\/2000\/svg\"><path d=\"M288.662 352H31.338c-17.818 0-26.741-21.543-14.142-34.142l128.662-128.662c7.81-7.81 20.474-7.81 28.284 0l128.662 128.662c12.6 12.599 3.676 34.142-14.142 34.142z\"><\/path><\/svg><\/span>\n\t\t\t\t\t\t\t\t\t\t\t\t\t<\/span>\n\t\t\t\t\t\t\t\t\t\t\t\t<a class=\"elementor-toggle-title\" tabindex=\"0\">DOZAJ:<\/a>\n\t\t\t\t\t<\/div>\n\n\t\t\t\t\t<div id=\"elementor-tab-content-4733\" class=\"elementor-tab-content elementor-clearfix\" data-tab=\"3\" role=\"region\" aria-labelledby=\"elementor-tab-title-4733\"><p><strong>-Kanatl\u0131lar<\/strong>: 3 g\u00fcn boyunca her g\u00fcn 1 litre i\u00e7me suyuna 1 mL<\/p>\n<p><strong>&#8211; S\u0131\u011f\u0131rlar, Buza\u011f\u0131lar, Ke\u00e7iler ve Koyunlar:<\/strong> 3 g\u00fcn boyunca her g\u00fcn 1 litre i\u00e7me suyuna 1 mL<\/p>\n<p>veya: Hayvan\u0131n kilosuna g\u00f6re her g\u00fcn 3 g\u00fcn boyunca her 15 kg i\u00e7in 1 ml<\/p>\n<\/div>\n\t\t\t\t<\/div>\n\t\t\t\t\t\t\t<div class=\"elementor-toggle-item\">\n\t\t\t\t\t<div id=\"elementor-tab-title-4734\" class=\"elementor-tab-title\" data-tab=\"4\" role=\"button\" aria-controls=\"elementor-tab-content-4734\" aria-expanded=\"false\">\n\t\t\t\t\t\t\t\t\t\t\t\t<span class=\"elementor-toggle-icon elementor-toggle-icon-left\" aria-hidden=\"true\">\n\t\t\t\t\t\t\t\t\t\t\t\t\t\t\t<span class=\"elementor-toggle-icon-closed\"><svg class=\"e-font-icon-svg e-fas-caret-right\" viewBox=\"0 0 192 512\" xmlns=\"http:\/\/www.w3.org\/2000\/svg\"><path d=\"M0 384.662V127.338c0-17.818 21.543-26.741 34.142-14.142l128.662 128.662c7.81 7.81 7.81 20.474 0 28.284L34.142 398.804C21.543 411.404 0 402.48 0 384.662z\"><\/path><\/svg><\/span>\n\t\t\t\t\t\t\t\t<span class=\"elementor-toggle-icon-opened\"><svg class=\"elementor-toggle-icon-opened e-font-icon-svg e-fas-caret-up\" viewBox=\"0 0 320 512\" xmlns=\"http:\/\/www.w3.org\/2000\/svg\"><path d=\"M288.662 352H31.338c-17.818 0-26.741-21.543-14.142-34.142l128.662-128.662c7.81-7.81 20.474-7.81 28.284 0l128.662 128.662c12.6 12.599 3.676 34.142-14.142 34.142z\"><\/path><\/svg><\/span>\n\t\t\t\t\t\t\t\t\t\t\t\t\t<\/span>\n\t\t\t\t\t\t\t\t\t\t\t\t<a class=\"elementor-toggle-title\" tabindex=\"0\">\u00c7EK\u0130LME ZAMANI:<\/a>\n\t\t\t\t\t<\/div>\n\n\t\t\t\t\t<div id=\"elementor-tab-content-4734\" class=\"elementor-tab-content elementor-clearfix\" data-tab=\"4\" role=\"region\" aria-labelledby=\"elementor-tab-title-4734\"><p>0 g\u00fcn<\/p>\n<\/div>\n\t\t\t\t<\/div>\n\t\t\t\t\t\t\t<div class=\"elementor-toggle-item\">\n\t\t\t\t\t<div id=\"elementor-tab-title-4735\" class=\"elementor-tab-title\" data-tab=\"5\" role=\"button\" aria-controls=\"elementor-tab-content-4735\" aria-expanded=\"false\">\n\t\t\t\t\t\t\t\t\t\t\t\t<span class=\"elementor-toggle-icon elementor-toggle-icon-left\" aria-hidden=\"true\">\n\t\t\t\t\t\t\t\t\t\t\t\t\t\t\t<span class=\"elementor-toggle-icon-closed\"><svg class=\"e-font-icon-svg e-fas-caret-right\" viewBox=\"0 0 192 512\" xmlns=\"http:\/\/www.w3.org\/2000\/svg\"><path d=\"M0 384.662V127.338c0-17.818 21.543-26.741 34.142-14.142l128.662 128.662c7.81 7.81 7.81 20.474 0 28.284L34.142 398.804C21.543 411.404 0 402.48 0 384.662z\"><\/path><\/svg><\/span>\n\t\t\t\t\t\t\t\t<span class=\"elementor-toggle-icon-opened\"><svg class=\"elementor-toggle-icon-opened e-font-icon-svg e-fas-caret-up\" viewBox=\"0 0 320 512\" xmlns=\"http:\/\/www.w3.org\/2000\/svg\"><path d=\"M288.662 352H31.338c-17.818 0-26.741-21.543-14.142-34.142l128.662-128.662c7.81-7.81 20.474-7.81 28.284 0l128.662 128.662c12.6 12.599 3.676 34.142-14.142 34.142z\"><\/path><\/svg><\/span>\n\t\t\t\t\t\t\t\t\t\t\t\t\t<\/span>\n\t\t\t\t\t\t\t\t\t\t\t\t<a class=\"elementor-toggle-title\" tabindex=\"0\">SAKLAMA:<\/a>\n\t\t\t\t\t<\/div>\n\n\t\t\t\t\t<div id=\"elementor-tab-content-4735\" class=\"elementor-tab-content elementor-clearfix\" data-tab=\"5\" role=\"region\" aria-labelledby=\"elementor-tab-title-4735\"><p>15-25\u00b0C (59-77\u00b0F) aras\u0131nda kuru, karanl\u0131k bir yerde saklay\u0131n<\/p>\n<\/div>\n\t\t\t\t<\/div>\n\t\t\t\t\t\t\t\t<\/div>\n\t\t\t\t\t\t<\/div>\n\t\t\t\t<\/div>\n\t\t\t\t\t<\/div>\n\t\t\t\t<\/div>\n\t\t\t\t<\/div>\n\t\t","protected":false},"excerpt":{"rendered":"<p>Bu \u00fcr\u00fcn, karaci\u011fer h\u00fccrelerinin yenilenmesini h\u0131zland\u0131rarak karaci\u011ferin sa\u011fl\u0131kl\u0131 \u00e7al\u0131\u015fmas\u0131n\u0131 te\u015fvik eder. Ayr\u0131ca, sinir ve dola\u015f\u0131m sistemleri \u00fczerinde olumlu etkileri vard\u0131r, karaci\u011feri g\u00fc\u00e7lendirir, ba\u011f\u0131\u015f\u0131kl\u0131k sistemini geli\u015ftirir ve sindirim enzimlerinin salg\u0131lanmas\u0131n\u0131 te\u015fvik ederek b\u00fcy\u00fcme seviyesini art\u0131r\u0131r.<\/p>\n<p>Regnoliv, toksinleri ve zararl\u0131 metabolizma \u00fcr\u00fcnlerini ortadan kald\u0131rmak i\u00e7in karaci\u011ferin ihtiya\u00e7 duydu\u011fu hayati bile\u015fenleri sa\u011flar. Ayr\u0131ca detoksifiye edici ve anti-enflamatuar bir etkiye sahiptir, vir\u00fcsler ve ila\u00e7lardan kaynaklanan hasarlara kar\u015f\u0131 karaci\u011feri korur ve antioksidan koruma sa\u011flar.<\/p>\n<p>Bu \u00fcr\u00fcn, karaci\u011ferden ya\u011f\u0131n at\u0131lmas\u0131n\u0131 h\u0131zland\u0131rarak ve orada y\u00fcklenen ya\u011f miktar\u0131n\u0131 azaltarak ya\u011fl\u0131 karaci\u011feri \u00f6nler, uygunsuz ya\u011f olu\u015fumunu enerjiye d\u00f6n\u00fc\u015ft\u00fcrerek engeller.<\/p>\n<p>Ayr\u0131ca, yo\u011fun bile\u015fimi b\u00f6brekler, adrenal bezler, dalak ve pankreas gibi parankimal organlar\u0131n d\u00fczg\u00fcn \u00e7al\u0131\u015fmas\u0131n\u0131 te\u015fvik eder.<\/p>\n","protected":false},"featured_media":29309,"template":"","meta":[],"product_cat":[184,186,175,187],"product_tag":[],"class_list":{"0":"post-29987","1":"product","2":"type-product","3":"status-publish","4":"has-post-thumbnail","6":"product_cat-kanatli","7":"product_cat-kuslar","8":"product_cat-ruminantlar","9":"product_cat-yem-katki-maddeleri","11":"first","12":"instock","13":"shipping-taxable","14":"product-type-simple"},"yoast_head":"<!-- This site is optimized with the Yoast SEO plugin v24.1 - https:\/\/yoast.com\/wordpress\/plugins\/seo\/ -->\n<title>Regnoliv - regnovet<\/title>\n<meta name=\"robots\" content=\"index, follow, max-snippet:-1, max-image-preview:large, max-video-preview:-1\" \/>\n<link rel=\"canonical\" href=\"https:\/\/www.regnovet.com\/tr\/urun\/regnoliv\/\" \/>\n<meta property=\"og:locale\" content=\"tr_TR\" \/>\n<meta property=\"og:type\" content=\"article\" \/>\n<meta property=\"og:title\" content=\"Regnoliv - regnovet\" \/>\n<meta property=\"og:description\" content=\"Bu \u00fcr\u00fcn, karaci\u011fer h\u00fccrelerinin yenilenmesini h\u0131zland\u0131rarak karaci\u011ferin sa\u011fl\u0131kl\u0131 \u00e7al\u0131\u015fmas\u0131n\u0131 te\u015fvik eder. Ayr\u0131ca, sinir ve dola\u015f\u0131m sistemleri \u00fczerinde olumlu etkileri vard\u0131r, karaci\u011feri g\u00fc\u00e7lendirir, ba\u011f\u0131\u015f\u0131kl\u0131k sistemini geli\u015ftirir ve sindirim enzimlerinin salg\u0131lanmas\u0131n\u0131 te\u015fvik ederek b\u00fcy\u00fcme seviyesini art\u0131r\u0131r.  Regnoliv, toksinleri ve zararl\u0131 metabolizma \u00fcr\u00fcnlerini ortadan kald\u0131rmak i\u00e7in karaci\u011ferin ihtiya\u00e7 duydu\u011fu hayati bile\u015fenleri sa\u011flar. Ayr\u0131ca detoksifiye edici ve anti-enflamatuar bir etkiye sahiptir, vir\u00fcsler ve ila\u00e7lardan kaynaklanan hasarlara kar\u015f\u0131 karaci\u011feri korur ve antioksidan koruma sa\u011flar.  Bu \u00fcr\u00fcn, karaci\u011ferden ya\u011f\u0131n at\u0131lmas\u0131n\u0131 h\u0131zland\u0131rarak ve orada y\u00fcklenen ya\u011f miktar\u0131n\u0131 azaltarak ya\u011fl\u0131 karaci\u011feri \u00f6nler, uygunsuz ya\u011f olu\u015fumunu enerjiye d\u00f6n\u00fc\u015ft\u00fcrerek engeller.  Ayr\u0131ca, yo\u011fun bile\u015fimi b\u00f6brekler, adrenal bezler, dalak ve pankreas gibi parankimal organlar\u0131n d\u00fczg\u00fcn \u00e7al\u0131\u015fmas\u0131n\u0131 te\u015fvik eder.\" \/>\n<meta property=\"og:url\" content=\"https:\/\/www.regnovet.com\/tr\/urun\/regnoliv\/\" \/>\n<meta property=\"og:site_name\" content=\"regnovet\" \/>\n<meta property=\"article:publisher\" content=\"https:\/\/www.facebook.com\/people\/RegnoVet\/61571321505220\/\" \/>\n<meta property=\"article:modified_time\" content=\"2024-12-17T11:07:48+00:00\" \/>\n<meta property=\"og:image\" content=\"https:\/\/www.regnovet.com\/wp-content\/uploads\/2024\/11\/Regnoliv.jpg\" \/>\n\t<meta property=\"og:image:width\" content=\"700\" \/>\n\t<meta property=\"og:image:height\" content=\"700\" \/>\n\t<meta property=\"og:image:type\" content=\"image\/jpeg\" \/>\n<meta name=\"twitter:card\" content=\"summary_large_image\" \/>\n<meta name=\"twitter:label1\" content=\"Tahmini okuma s\u00fcresi\" \/>\n\t<meta name=\"twitter:data1\" content=\"1 dakika\" \/>\n<script type=\"application\/ld+json\" class=\"yoast-schema-graph\">{\"@context\":\"https:\/\/schema.org\",\"@graph\":[{\"@type\":\"WebPage\",\"@id\":\"https:\/\/www.regnovet.com\/tr\/urun\/regnoliv\/\",\"url\":\"https:\/\/www.regnovet.com\/tr\/urun\/regnoliv\/\",\"name\":\"Regnoliv - regnovet\",\"isPartOf\":{\"@id\":\"https:\/\/www.regnovet.com\/tr\/#website\"},\"primaryImageOfPage\":{\"@id\":\"https:\/\/www.regnovet.com\/tr\/urun\/regnoliv\/#primaryimage\"},\"image\":{\"@id\":\"https:\/\/www.regnovet.com\/tr\/urun\/regnoliv\/#primaryimage\"},\"thumbnailUrl\":\"https:\/\/www.regnovet.com\/wp-content\/uploads\/2024\/11\/Regnoliv.jpg\",\"datePublished\":\"2024-11-04T12:38:49+00:00\",\"dateModified\":\"2024-12-17T11:07:48+00:00\",\"breadcrumb\":{\"@id\":\"https:\/\/www.regnovet.com\/tr\/urun\/regnoliv\/#breadcrumb\"},\"inLanguage\":\"tr\",\"potentialAction\":[{\"@type\":\"ReadAction\",\"target\":[\"https:\/\/www.regnovet.com\/tr\/urun\/regnoliv\/\"]}]},{\"@type\":\"ImageObject\",\"inLanguage\":\"tr\",\"@id\":\"https:\/\/www.regnovet.com\/tr\/urun\/regnoliv\/#primaryimage\",\"url\":\"https:\/\/www.regnovet.com\/wp-content\/uploads\/2024\/11\/Regnoliv.jpg\",\"contentUrl\":\"https:\/\/www.regnovet.com\/wp-content\/uploads\/2024\/11\/Regnoliv.jpg\",\"width\":700,\"height\":700},{\"@type\":\"BreadcrumbList\",\"@id\":\"https:\/\/www.regnovet.com\/tr\/urun\/regnoliv\/#breadcrumb\",\"itemListElement\":[{\"@type\":\"ListItem\",\"position\":1,\"name\":\"Home\",\"item\":\"https:\/\/www.regnovet.com\/tr\/\"},{\"@type\":\"ListItem\",\"position\":2,\"name\":\"\u00dcr\u00fcnler\",\"item\":\"https:\/\/www.regnovet.com\/products\/\"},{\"@type\":\"ListItem\",\"position\":3,\"name\":\"Regnoliv\"}]},{\"@type\":\"WebSite\",\"@id\":\"https:\/\/www.regnovet.com\/tr\/#website\",\"url\":\"https:\/\/www.regnovet.com\/tr\/\",\"name\":\"regnovet\",\"description\":\"\",\"publisher\":{\"@id\":\"https:\/\/www.regnovet.com\/tr\/#organization\"},\"potentialAction\":[{\"@type\":\"SearchAction\",\"target\":{\"@type\":\"EntryPoint\",\"urlTemplate\":\"https:\/\/www.regnovet.com\/tr\/?s={search_term_string}\"},\"query-input\":{\"@type\":\"PropertyValueSpecification\",\"valueRequired\":true,\"valueName\":\"search_term_string\"}}],\"inLanguage\":\"tr\"},{\"@type\":\"Organization\",\"@id\":\"https:\/\/www.regnovet.com\/tr\/#organization\",\"name\":\"regnovet\",\"url\":\"https:\/\/www.regnovet.com\/tr\/\",\"logo\":{\"@type\":\"ImageObject\",\"inLanguage\":\"tr\",\"@id\":\"https:\/\/www.regnovet.com\/tr\/#\/schema\/logo\/image\/\",\"url\":\"https:\/\/www.regnovet.com\/wp-content\/uploads\/2024\/09\/cropped-512.png\",\"contentUrl\":\"https:\/\/www.regnovet.com\/wp-content\/uploads\/2024\/09\/cropped-512.png\",\"width\":512,\"height\":512,\"caption\":\"regnovet\"},\"image\":{\"@id\":\"https:\/\/www.regnovet.com\/tr\/#\/schema\/logo\/image\/\"},\"sameAs\":[\"https:\/\/www.facebook.com\/people\/RegnoVet\/61571321505220\/\"]}]}<\/script>\n<!-- \/ Yoast SEO plugin. -->","yoast_head_json":{"title":"Regnoliv - regnovet","robots":{"index":"index","follow":"follow","max-snippet":"max-snippet:-1","max-image-preview":"max-image-preview:large","max-video-preview":"max-video-preview:-1"},"canonical":"https:\/\/www.regnovet.com\/tr\/urun\/regnoliv\/","og_locale":"tr_TR","og_type":"article","og_title":"Regnoliv - regnovet","og_description":"Bu \u00fcr\u00fcn, karaci\u011fer h\u00fccrelerinin yenilenmesini h\u0131zland\u0131rarak karaci\u011ferin sa\u011fl\u0131kl\u0131 \u00e7al\u0131\u015fmas\u0131n\u0131 te\u015fvik eder. Ayr\u0131ca, sinir ve dola\u015f\u0131m sistemleri \u00fczerinde olumlu etkileri vard\u0131r, karaci\u011feri g\u00fc\u00e7lendirir, ba\u011f\u0131\u015f\u0131kl\u0131k sistemini geli\u015ftirir ve sindirim enzimlerinin salg\u0131lanmas\u0131n\u0131 te\u015fvik ederek b\u00fcy\u00fcme seviyesini art\u0131r\u0131r.  Regnoliv, toksinleri ve zararl\u0131 metabolizma \u00fcr\u00fcnlerini ortadan kald\u0131rmak i\u00e7in karaci\u011ferin ihtiya\u00e7 duydu\u011fu hayati bile\u015fenleri sa\u011flar. Ayr\u0131ca detoksifiye edici ve anti-enflamatuar bir etkiye sahiptir, vir\u00fcsler ve ila\u00e7lardan kaynaklanan hasarlara kar\u015f\u0131 karaci\u011feri korur ve antioksidan koruma sa\u011flar.  Bu \u00fcr\u00fcn, karaci\u011ferden ya\u011f\u0131n at\u0131lmas\u0131n\u0131 h\u0131zland\u0131rarak ve orada y\u00fcklenen ya\u011f miktar\u0131n\u0131 azaltarak ya\u011fl\u0131 karaci\u011feri \u00f6nler, uygunsuz ya\u011f olu\u015fumunu enerjiye d\u00f6n\u00fc\u015ft\u00fcrerek engeller.  Ayr\u0131ca, yo\u011fun bile\u015fimi b\u00f6brekler, adrenal bezler, dalak ve pankreas gibi parankimal organlar\u0131n d\u00fczg\u00fcn \u00e7al\u0131\u015fmas\u0131n\u0131 te\u015fvik eder.","og_url":"https:\/\/www.regnovet.com\/tr\/urun\/regnoliv\/","og_site_name":"regnovet","article_publisher":"https:\/\/www.facebook.com\/people\/RegnoVet\/61571321505220\/","article_modified_time":"2024-12-17T11:07:48+00:00","og_image":[{"width":700,"height":700,"url":"https:\/\/www.regnovet.com\/wp-content\/uploads\/2024\/11\/Regnoliv.jpg","type":"image\/jpeg"}],"twitter_card":"summary_large_image","twitter_misc":{"Tahmini okuma s\u00fcresi":"1 dakika"},"schema":{"@context":"https:\/\/schema.org","@graph":[{"@type":"WebPage","@id":"https:\/\/www.regnovet.com\/tr\/urun\/regnoliv\/","url":"https:\/\/www.regnovet.com\/tr\/urun\/regnoliv\/","name":"Regnoliv - regnovet","isPartOf":{"@id":"https:\/\/www.regnovet.com\/tr\/#website"},"primaryImageOfPage":{"@id":"https:\/\/www.regnovet.com\/tr\/urun\/regnoliv\/#primaryimage"},"image":{"@id":"https:\/\/www.regnovet.com\/tr\/urun\/regnoliv\/#primaryimage"},"thumbnailUrl":"https:\/\/www.regnovet.com\/wp-content\/uploads\/2024\/11\/Regnoliv.jpg","datePublished":"2024-11-04T12:38:49+00:00","dateModified":"2024-12-17T11:07:48+00:00","breadcrumb":{"@id":"https:\/\/www.regnovet.com\/tr\/urun\/regnoliv\/#breadcrumb"},"inLanguage":"tr","potentialAction":[{"@type":"ReadAction","target":["https:\/\/www.regnovet.com\/tr\/urun\/regnoliv\/"]}]},{"@type":"ImageObject","inLanguage":"tr","@id":"https:\/\/www.regnovet.com\/tr\/urun\/regnoliv\/#primaryimage","url":"https:\/\/www.regnovet.com\/wp-content\/uploads\/2024\/11\/Regnoliv.jpg","contentUrl":"https:\/\/www.regnovet.com\/wp-content\/uploads\/2024\/11\/Regnoliv.jpg","width":700,"height":700},{"@type":"BreadcrumbList","@id":"https:\/\/www.regnovet.com\/tr\/urun\/regnoliv\/#breadcrumb","itemListElement":[{"@type":"ListItem","position":1,"name":"Home","item":"https:\/\/www.regnovet.com\/tr\/"},{"@type":"ListItem","position":2,"name":"\u00dcr\u00fcnler","item":"https:\/\/www.regnovet.com\/products\/"},{"@type":"ListItem","position":3,"name":"Regnoliv"}]},{"@type":"WebSite","@id":"https:\/\/www.regnovet.com\/tr\/#website","url":"https:\/\/www.regnovet.com\/tr\/","name":"regnovet","description":"","publisher":{"@id":"https:\/\/www.regnovet.com\/tr\/#organization"},"potentialAction":[{"@type":"SearchAction","target":{"@type":"EntryPoint","urlTemplate":"https:\/\/www.regnovet.com\/tr\/?s={search_term_string}"},"query-input":{"@type":"PropertyValueSpecification","valueRequired":true,"valueName":"search_term_string"}}],"inLanguage":"tr"},{"@type":"Organization","@id":"https:\/\/www.regnovet.com\/tr\/#organization","name":"regnovet","url":"https:\/\/www.regnovet.com\/tr\/","logo":{"@type":"ImageObject","inLanguage":"tr","@id":"https:\/\/www.regnovet.com\/tr\/#\/schema\/logo\/image\/","url":"https:\/\/www.regnovet.com\/wp-content\/uploads\/2024\/09\/cropped-512.png","contentUrl":"https:\/\/www.regnovet.com\/wp-content\/uploads\/2024\/09\/cropped-512.png","width":512,"height":512,"caption":"regnovet"},"image":{"@id":"https:\/\/www.regnovet.com\/tr\/#\/schema\/logo\/image\/"},"sameAs":["https:\/\/www.facebook.com\/people\/RegnoVet\/61571321505220\/"]}]}},"_links":{"self":[{"href":"https:\/\/www.regnovet.com\/tr\/wp-json\/wp\/v2\/product\/29987","targetHints":{"allow":["GET"]}}],"collection":[{"href":"https:\/\/www.regnovet.com\/tr\/wp-json\/wp\/v2\/product"}],"about":[{"href":"https:\/\/www.regnovet.com\/tr\/wp-json\/wp\/v2\/types\/product"}],"version-history":[{"count":3,"href":"https:\/\/www.regnovet.com\/tr\/wp-json\/wp\/v2\/product\/29987\/revisions"}],"predecessor-version":[{"id":30104,"href":"https:\/\/www.regnovet.com\/tr\/wp-json\/wp\/v2\/product\/29987\/revisions\/30104"}],"wp:featuredmedia":[{"embeddable":true,"href":"https:\/\/www.regnovet.com\/tr\/wp-json\/wp\/v2\/media\/29309"}],"wp:attachment":[{"href":"https:\/\/www.regnovet.com\/tr\/wp-json\/wp\/v2\/media?parent=29987"}],"wp:term":[{"taxonomy":"product_cat","embeddable":true,"href":"https:\/\/www.regnovet.com\/tr\/wp-json\/wp\/v2\/product_cat?post=29987"},{"taxonomy":"product_tag","embeddable":true,"href":"https:\/\/www.regnovet.com\/tr\/wp-json\/wp\/v2\/product_tag?post=29987"}],"curies":[{"name":"wp","href":"https:\/\/api.w.org\/{rel}","templated":true}]}}