{"id":29989,"date":"2024-11-04T12:38:02","date_gmt":"2024-11-04T12:38:02","guid":{"rendered":"https:\/\/www.regnovet.com\/product\/regnofung\/"},"modified":"2024-12-18T07:08:54","modified_gmt":"2024-12-18T07:08:54","slug":"regnofung","status":"publish","type":"product","link":"https:\/\/www.regnovet.com\/tr\/urun\/regnofung\/","title":{"rendered":"Regnofung"},"content":{"rendered":"\t\t<div data-elementor-type=\"wp-post\" data-elementor-id=\"29989\" class=\"elementor elementor-29989 elementor-28308\">\n\t\t\t\t<div class=\"wd-negative-gap elementor-element elementor-element-8221fbe e-flex e-con-boxed e-con e-parent\" data-id=\"8221fbe\" data-element_type=\"container\" data-e-type=\"container\">\n\t\t\t\t\t<div class=\"e-con-inner\">\n\t\t\t\t<div class=\"elementor-element elementor-element-51c6386 elementor-widget elementor-widget-toggle\" data-id=\"51c6386\" data-element_type=\"widget\" data-e-type=\"widget\" data-widget_type=\"toggle.default\">\n\t\t\t\t<div class=\"elementor-widget-container\">\n\t\t\t\t\t\t\t<div class=\"elementor-toggle\">\n\t\t\t\t\t\t\t<div class=\"elementor-toggle-item\">\n\t\t\t\t\t<div id=\"elementor-tab-title-8571\" class=\"elementor-tab-title\" data-tab=\"1\" role=\"button\" aria-controls=\"elementor-tab-content-8571\" aria-expanded=\"false\">\n\t\t\t\t\t\t\t\t\t\t\t\t<span class=\"elementor-toggle-icon elementor-toggle-icon-left\" aria-hidden=\"true\">\n\t\t\t\t\t\t\t\t\t\t\t\t\t\t\t<span class=\"elementor-toggle-icon-closed\"><svg class=\"e-font-icon-svg e-fas-caret-right\" viewBox=\"0 0 192 512\" xmlns=\"http:\/\/www.w3.org\/2000\/svg\"><path d=\"M0 384.662V127.338c0-17.818 21.543-26.741 34.142-14.142l128.662 128.662c7.81 7.81 7.81 20.474 0 28.284L34.142 398.804C21.543 411.404 0 402.48 0 384.662z\"><\/path><\/svg><\/span>\n\t\t\t\t\t\t\t\t<span class=\"elementor-toggle-icon-opened\"><svg class=\"elementor-toggle-icon-opened e-font-icon-svg e-fas-caret-up\" viewBox=\"0 0 320 512\" xmlns=\"http:\/\/www.w3.org\/2000\/svg\"><path d=\"M288.662 352H31.338c-17.818 0-26.741-21.543-14.142-34.142l128.662-128.662c7.81-7.81 20.474-7.81 28.284 0l128.662 128.662c12.6 12.599 3.676 34.142-14.142 34.142z\"><\/path><\/svg><\/span>\n\t\t\t\t\t\t\t\t\t\t\t\t\t<\/span>\n\t\t\t\t\t\t\t\t\t\t\t\t<a class=\"elementor-toggle-title\" tabindex=\"0\">\u0130\u00c7ER\u0130K:<\/a>\n\t\t\t\t\t<\/div>\n\n\t\t\t\t\t<div id=\"elementor-tab-content-8571\" class=\"elementor-tab-content elementor-clearfix\" data-tab=\"1\" role=\"region\" aria-labelledby=\"elementor-tab-title-8571\"><p>Propiyonik Asit, Sitrik Asit, Asetik Asit ve Formik Asit<\/p>\n<\/div>\n\t\t\t\t<\/div>\n\t\t\t\t\t\t\t<div class=\"elementor-toggle-item\">\n\t\t\t\t\t<div id=\"elementor-tab-title-8572\" class=\"elementor-tab-title\" data-tab=\"2\" role=\"button\" aria-controls=\"elementor-tab-content-8572\" aria-expanded=\"false\">\n\t\t\t\t\t\t\t\t\t\t\t\t<span class=\"elementor-toggle-icon elementor-toggle-icon-left\" aria-hidden=\"true\">\n\t\t\t\t\t\t\t\t\t\t\t\t\t\t\t<span class=\"elementor-toggle-icon-closed\"><svg class=\"e-font-icon-svg e-fas-caret-right\" viewBox=\"0 0 192 512\" xmlns=\"http:\/\/www.w3.org\/2000\/svg\"><path d=\"M0 384.662V127.338c0-17.818 21.543-26.741 34.142-14.142l128.662 128.662c7.81 7.81 7.81 20.474 0 28.284L34.142 398.804C21.543 411.404 0 402.48 0 384.662z\"><\/path><\/svg><\/span>\n\t\t\t\t\t\t\t\t<span class=\"elementor-toggle-icon-opened\"><svg class=\"elementor-toggle-icon-opened e-font-icon-svg e-fas-caret-up\" viewBox=\"0 0 320 512\" xmlns=\"http:\/\/www.w3.org\/2000\/svg\"><path d=\"M288.662 352H31.338c-17.818 0-26.741-21.543-14.142-34.142l128.662-128.662c7.81-7.81 20.474-7.81 28.284 0l128.662 128.662c12.6 12.599 3.676 34.142-14.142 34.142z\"><\/path><\/svg><\/span>\n\t\t\t\t\t\t\t\t\t\t\t\t\t<\/span>\n\t\t\t\t\t\t\t\t\t\t\t\t<a class=\"elementor-toggle-title\" tabindex=\"0\">ENDIKASYON:<\/a>\n\t\t\t\t\t<\/div>\n\n\t\t\t\t\t<div id=\"elementor-tab-content-8572\" class=\"elementor-tab-content elementor-clearfix\" data-tab=\"2\" role=\"region\" aria-labelledby=\"elementor-tab-title-8572\"><p>-Aflatoksinler ve mikotoksinlere kar\u015f\u0131 g\u00fc\u00e7l\u00fcd\u00fcr<\/p>\n<p>&#8211; Mikozisin ikincil semptomlar\u0131n\u0131 \u00f6nler<\/p>\n<p>&#8211; Enterik ishalden korur<\/p>\n<p>&#8211; Savunmalar\u0131 g\u00fc\u00e7lendirir ve enfeksiyonlardan veya stresten h\u0131zl\u0131 iyile\u015fme sa\u011flar<\/p>\n<p>&#8211; Sindirimi iyile\u015ftirir ve faydal\u0131 bakteri miktar\u0131n\u0131 art\u0131r\u0131r<\/p>\n<p>&#8211; Enfeksiyonlar s\u0131ras\u0131nda destek ve besin sa\u011flar<\/p>\n<p>&#8211; Karaci\u011fer ve b\u00f6brekleri \u00e7al\u0131\u015ft\u0131r\u0131r<\/p>\n<p>&#8211; Salmonella, E. coli ve mantar\u0131 yok eder<\/p>\n<p>&#8211; Verimlili\u011fi ve b\u00fcy\u00fcmeyi art\u0131r\u0131r<\/p>\n<\/div>\n\t\t\t\t<\/div>\n\t\t\t\t\t\t\t<div class=\"elementor-toggle-item\">\n\t\t\t\t\t<div id=\"elementor-tab-title-8573\" class=\"elementor-tab-title\" data-tab=\"3\" role=\"button\" aria-controls=\"elementor-tab-content-8573\" aria-expanded=\"false\">\n\t\t\t\t\t\t\t\t\t\t\t\t<span class=\"elementor-toggle-icon elementor-toggle-icon-left\" aria-hidden=\"true\">\n\t\t\t\t\t\t\t\t\t\t\t\t\t\t\t<span class=\"elementor-toggle-icon-closed\"><svg class=\"e-font-icon-svg e-fas-caret-right\" viewBox=\"0 0 192 512\" xmlns=\"http:\/\/www.w3.org\/2000\/svg\"><path d=\"M0 384.662V127.338c0-17.818 21.543-26.741 34.142-14.142l128.662 128.662c7.81 7.81 7.81 20.474 0 28.284L34.142 398.804C21.543 411.404 0 402.48 0 384.662z\"><\/path><\/svg><\/span>\n\t\t\t\t\t\t\t\t<span class=\"elementor-toggle-icon-opened\"><svg class=\"elementor-toggle-icon-opened e-font-icon-svg e-fas-caret-up\" viewBox=\"0 0 320 512\" xmlns=\"http:\/\/www.w3.org\/2000\/svg\"><path d=\"M288.662 352H31.338c-17.818 0-26.741-21.543-14.142-34.142l128.662-128.662c7.81-7.81 20.474-7.81 28.284 0l128.662 128.662c12.6 12.599 3.676 34.142-14.142 34.142z\"><\/path><\/svg><\/span>\n\t\t\t\t\t\t\t\t\t\t\t\t\t<\/span>\n\t\t\t\t\t\t\t\t\t\t\t\t<a class=\"elementor-toggle-title\" tabindex=\"0\">DOZAJ:<\/a>\n\t\t\t\t\t<\/div>\n\n\t\t\t\t\t<div id=\"elementor-tab-content-8573\" class=\"elementor-tab-content elementor-clearfix\" data-tab=\"3\" role=\"region\" aria-labelledby=\"elementor-tab-title-8573\"><p><strong>&#8211; Tavuklar ve Hindiler:<\/strong><\/p>\n<p>&#8211; Tedavi: 5-7 g\u00fcn boyunca her g\u00fcn 1 litre i\u00e7me suyuna 2-3 ml<\/p>\n<p>&#8211; Koruma: 5-7 g\u00fcn boyunca her g\u00fcn 1 litre i\u00e7me suyuna 1-2 ml<\/p>\n<p><strong>&#8211; Buza\u011f\u0131lar, Koyunlar ve Gen\u00e7 Develer:<\/strong> 3 g\u00fcn boyunca her g\u00fcn 1 litre i\u00e7me suyuna 1 ml<\/p>\n<p>&#8211; <strong>Koyunlar ve Ke\u00e7iler:<\/strong> Her g\u00fcn 2 g\u00fcn boyunca her hayvana 20-25 ml<\/p>\n<p><strong>&#8211; \u0130nekler ve Develer:<\/strong> Her g\u00fcn 3 g\u00fcn boyunca her hayvana 30-50 ml<\/p>\n<\/div>\n\t\t\t\t<\/div>\n\t\t\t\t\t\t\t<div class=\"elementor-toggle-item\">\n\t\t\t\t\t<div id=\"elementor-tab-title-8574\" class=\"elementor-tab-title\" data-tab=\"4\" role=\"button\" aria-controls=\"elementor-tab-content-8574\" aria-expanded=\"false\">\n\t\t\t\t\t\t\t\t\t\t\t\t<span class=\"elementor-toggle-icon elementor-toggle-icon-left\" aria-hidden=\"true\">\n\t\t\t\t\t\t\t\t\t\t\t\t\t\t\t<span class=\"elementor-toggle-icon-closed\"><svg class=\"e-font-icon-svg e-fas-caret-right\" viewBox=\"0 0 192 512\" xmlns=\"http:\/\/www.w3.org\/2000\/svg\"><path d=\"M0 384.662V127.338c0-17.818 21.543-26.741 34.142-14.142l128.662 128.662c7.81 7.81 7.81 20.474 0 28.284L34.142 398.804C21.543 411.404 0 402.48 0 384.662z\"><\/path><\/svg><\/span>\n\t\t\t\t\t\t\t\t<span class=\"elementor-toggle-icon-opened\"><svg class=\"elementor-toggle-icon-opened e-font-icon-svg e-fas-caret-up\" viewBox=\"0 0 320 512\" xmlns=\"http:\/\/www.w3.org\/2000\/svg\"><path d=\"M288.662 352H31.338c-17.818 0-26.741-21.543-14.142-34.142l128.662-128.662c7.81-7.81 20.474-7.81 28.284 0l128.662 128.662c12.6 12.599 3.676 34.142-14.142 34.142z\"><\/path><\/svg><\/span>\n\t\t\t\t\t\t\t\t\t\t\t\t\t<\/span>\n\t\t\t\t\t\t\t\t\t\t\t\t<a class=\"elementor-toggle-title\" tabindex=\"0\">\u00c7EK\u0130LME ZAMANI:<\/a>\n\t\t\t\t\t<\/div>\n\n\t\t\t\t\t<div id=\"elementor-tab-content-8574\" class=\"elementor-tab-content elementor-clearfix\" data-tab=\"4\" role=\"region\" aria-labelledby=\"elementor-tab-title-8574\"><p>0 g\u00fcn<\/p>\n<\/div>\n\t\t\t\t<\/div>\n\t\t\t\t\t\t\t<div class=\"elementor-toggle-item\">\n\t\t\t\t\t<div id=\"elementor-tab-title-8575\" class=\"elementor-tab-title\" data-tab=\"5\" role=\"button\" aria-controls=\"elementor-tab-content-8575\" aria-expanded=\"false\">\n\t\t\t\t\t\t\t\t\t\t\t\t<span class=\"elementor-toggle-icon elementor-toggle-icon-left\" aria-hidden=\"true\">\n\t\t\t\t\t\t\t\t\t\t\t\t\t\t\t<span class=\"elementor-toggle-icon-closed\"><svg class=\"e-font-icon-svg e-fas-caret-right\" viewBox=\"0 0 192 512\" xmlns=\"http:\/\/www.w3.org\/2000\/svg\"><path d=\"M0 384.662V127.338c0-17.818 21.543-26.741 34.142-14.142l128.662 128.662c7.81 7.81 7.81 20.474 0 28.284L34.142 398.804C21.543 411.404 0 402.48 0 384.662z\"><\/path><\/svg><\/span>\n\t\t\t\t\t\t\t\t<span class=\"elementor-toggle-icon-opened\"><svg class=\"elementor-toggle-icon-opened e-font-icon-svg e-fas-caret-up\" viewBox=\"0 0 320 512\" xmlns=\"http:\/\/www.w3.org\/2000\/svg\"><path d=\"M288.662 352H31.338c-17.818 0-26.741-21.543-14.142-34.142l128.662-128.662c7.81-7.81 20.474-7.81 28.284 0l128.662 128.662c12.6 12.599 3.676 34.142-14.142 34.142z\"><\/path><\/svg><\/span>\n\t\t\t\t\t\t\t\t\t\t\t\t\t<\/span>\n\t\t\t\t\t\t\t\t\t\t\t\t<a class=\"elementor-toggle-title\" tabindex=\"0\">SAKLAMA:<\/a>\n\t\t\t\t\t<\/div>\n\n\t\t\t\t\t<div id=\"elementor-tab-content-8575\" class=\"elementor-tab-content elementor-clearfix\" data-tab=\"5\" role=\"region\" aria-labelledby=\"elementor-tab-title-8575\"><p>15-25\u00b0C (59-77\u00b0F) aras\u0131nda kuru, karanl\u0131k bir yerde saklay\u0131n<\/p>\n<\/div>\n\t\t\t\t<\/div>\n\t\t\t\t\t\t\t\t<\/div>\n\t\t\t\t\t\t<\/div>\n\t\t\t\t<\/div>\n\t\t\t\t\t<\/div>\n\t\t\t\t<\/div>\n\t\t\t\t<\/div>\n\t\t","protected":false},"excerpt":{"rendered":"<p>Bu \u00fcr\u00fcn\u00fcn ana i\u015flevi, mikotoksinler ve mantarlardan v\u00fccudu filtrelemek ve ayn\u0131 zamanda ba\u011f\u0131rsak epitelinin yenilenmesini te\u015fvik etmek ve \u00fcst solunum yolunun sa\u011fl\u0131\u011f\u0131n\u0131 iyile\u015ftirmektir. Bu, g\u00fc\u00e7l\u00fc anti-fungal etkileri olan asitlerin kombinasyonu sayesinde ger\u00e7ekle\u015ftirilir.<\/p>\n<p>Bu \u00fcr\u00fcn\u00fcn aktif bile\u015fenleri, belirgin anti-Aspergillus ve anti-Candida \u00f6zelliklerine sahiptir ve mikotoksinlerin etkiledi\u011fi karaci\u011fer, b\u00f6brek ve pankreas fonksiyonlar\u0131n\u0131 ve di\u011fer v\u00fccut sistemlerini destekler. Toksinleri emerek, par\u00e7alayarak ve toksik olmayan elementlere d\u00f6n\u00fc\u015ft\u00fcrerek toksisiteyi azalt\u0131r, ba\u011f\u0131\u015f\u0131kl\u0131k sistemini g\u00fc\u00e7lendirir ve yem d\u00f6n\u00fc\u015f\u00fcm oran\u0131n\u0131 art\u0131r\u0131r. Ayr\u0131ca, madde anti-oksidan \u00f6zelliklere sahiptir ve salmonelloz, koksidiyoz ve gaz kangreni olu\u015fumunu \u00f6nler.<\/p>\n<p>Bu \u00fcr\u00fcn, gastrointestinal sistemi asidifiye ederek zararl\u0131 bakteri olu\u015fumunu \u00f6nler, b\u00f6ylece sa\u011fl\u0131kl\u0131 ve etkili bir sindirim sistemini korur. Gastrointestinal sistemin yanl\u0131\u015f pH&#8217;s\u0131ndan kaynaklanan s\u0131ra d\u0131\u015f\u0131 bakteri floras\u0131 problemlerine bir \u00e7are sa\u011flar.<\/p>\n","protected":false},"featured_media":29307,"template":"","meta":[],"product_cat":[184,186,175,187],"product_tag":[],"class_list":{"0":"post-29989","1":"product","2":"type-product","3":"status-publish","4":"has-post-thumbnail","6":"product_cat-kanatli","7":"product_cat-kuslar","8":"product_cat-ruminantlar","9":"product_cat-yem-katki-maddeleri","11":"first","12":"instock","13":"shipping-taxable","14":"product-type-simple"},"yoast_head":"<!-- This site is optimized with the Yoast SEO plugin v24.1 - https:\/\/yoast.com\/wordpress\/plugins\/seo\/ -->\n<title>Regnofung - regnovet<\/title>\n<meta name=\"robots\" content=\"index, follow, max-snippet:-1, max-image-preview:large, max-video-preview:-1\" \/>\n<link rel=\"canonical\" href=\"https:\/\/www.regnovet.com\/tr\/urun\/regnofung\/\" \/>\n<meta property=\"og:locale\" content=\"tr_TR\" \/>\n<meta property=\"og:type\" content=\"article\" \/>\n<meta property=\"og:title\" content=\"Regnofung - regnovet\" \/>\n<meta property=\"og:description\" content=\"Bu \u00fcr\u00fcn\u00fcn ana i\u015flevi, mikotoksinler ve mantarlardan v\u00fccudu filtrelemek ve ayn\u0131 zamanda ba\u011f\u0131rsak epitelinin yenilenmesini te\u015fvik etmek ve \u00fcst solunum yolunun sa\u011fl\u0131\u011f\u0131n\u0131 iyile\u015ftirmektir. Bu, g\u00fc\u00e7l\u00fc anti-fungal etkileri olan asitlerin kombinasyonu sayesinde ger\u00e7ekle\u015ftirilir.  Bu \u00fcr\u00fcn\u00fcn aktif bile\u015fenleri, belirgin anti-Aspergillus ve anti-Candida \u00f6zelliklerine sahiptir ve mikotoksinlerin etkiledi\u011fi karaci\u011fer, b\u00f6brek ve pankreas fonksiyonlar\u0131n\u0131 ve di\u011fer v\u00fccut sistemlerini destekler. Toksinleri emerek, par\u00e7alayarak ve toksik olmayan elementlere d\u00f6n\u00fc\u015ft\u00fcrerek toksisiteyi azalt\u0131r, ba\u011f\u0131\u015f\u0131kl\u0131k sistemini g\u00fc\u00e7lendirir ve yem d\u00f6n\u00fc\u015f\u00fcm oran\u0131n\u0131 art\u0131r\u0131r. Ayr\u0131ca, madde anti-oksidan \u00f6zelliklere sahiptir ve salmonelloz, koksidiyoz ve gaz kangreni olu\u015fumunu \u00f6nler.  Bu \u00fcr\u00fcn, gastrointestinal sistemi asidifiye ederek zararl\u0131 bakteri olu\u015fumunu \u00f6nler, b\u00f6ylece sa\u011fl\u0131kl\u0131 ve etkili bir sindirim sistemini korur. Gastrointestinal sistemin yanl\u0131\u015f pH&#039;s\u0131ndan kaynaklanan s\u0131ra d\u0131\u015f\u0131 bakteri floras\u0131 problemlerine bir \u00e7are sa\u011flar.\" \/>\n<meta property=\"og:url\" content=\"https:\/\/www.regnovet.com\/tr\/urun\/regnofung\/\" \/>\n<meta property=\"og:site_name\" content=\"regnovet\" \/>\n<meta property=\"article:publisher\" content=\"https:\/\/www.facebook.com\/people\/RegnoVet\/61571321505220\/\" \/>\n<meta property=\"article:modified_time\" content=\"2024-12-18T07:08:54+00:00\" \/>\n<meta property=\"og:image\" content=\"https:\/\/www.regnovet.com\/wp-content\/uploads\/2024\/11\/Regnofung.jpg\" \/>\n\t<meta property=\"og:image:width\" content=\"700\" \/>\n\t<meta property=\"og:image:height\" content=\"700\" \/>\n\t<meta property=\"og:image:type\" content=\"image\/jpeg\" \/>\n<meta name=\"twitter:card\" content=\"summary_large_image\" \/>\n<meta name=\"twitter:label1\" content=\"Tahmini okuma s\u00fcresi\" \/>\n\t<meta name=\"twitter:data1\" content=\"1 dakika\" \/>\n<script type=\"application\/ld+json\" class=\"yoast-schema-graph\">{\"@context\":\"https:\/\/schema.org\",\"@graph\":[{\"@type\":\"WebPage\",\"@id\":\"https:\/\/www.regnovet.com\/tr\/urun\/regnofung\/\",\"url\":\"https:\/\/www.regnovet.com\/tr\/urun\/regnofung\/\",\"name\":\"Regnofung - regnovet\",\"isPartOf\":{\"@id\":\"https:\/\/www.regnovet.com\/tr\/#website\"},\"primaryImageOfPage\":{\"@id\":\"https:\/\/www.regnovet.com\/tr\/urun\/regnofung\/#primaryimage\"},\"image\":{\"@id\":\"https:\/\/www.regnovet.com\/tr\/urun\/regnofung\/#primaryimage\"},\"thumbnailUrl\":\"https:\/\/www.regnovet.com\/wp-content\/uploads\/2024\/11\/Regnofung.jpg\",\"datePublished\":\"2024-11-04T12:38:02+00:00\",\"dateModified\":\"2024-12-18T07:08:54+00:00\",\"breadcrumb\":{\"@id\":\"https:\/\/www.regnovet.com\/tr\/urun\/regnofung\/#breadcrumb\"},\"inLanguage\":\"tr\",\"potentialAction\":[{\"@type\":\"ReadAction\",\"target\":[\"https:\/\/www.regnovet.com\/tr\/urun\/regnofung\/\"]}]},{\"@type\":\"ImageObject\",\"inLanguage\":\"tr\",\"@id\":\"https:\/\/www.regnovet.com\/tr\/urun\/regnofung\/#primaryimage\",\"url\":\"https:\/\/www.regnovet.com\/wp-content\/uploads\/2024\/11\/Regnofung.jpg\",\"contentUrl\":\"https:\/\/www.regnovet.com\/wp-content\/uploads\/2024\/11\/Regnofung.jpg\",\"width\":700,\"height\":700},{\"@type\":\"BreadcrumbList\",\"@id\":\"https:\/\/www.regnovet.com\/tr\/urun\/regnofung\/#breadcrumb\",\"itemListElement\":[{\"@type\":\"ListItem\",\"position\":1,\"name\":\"Home\",\"item\":\"https:\/\/www.regnovet.com\/tr\/\"},{\"@type\":\"ListItem\",\"position\":2,\"name\":\"\u00dcr\u00fcnler\",\"item\":\"https:\/\/www.regnovet.com\/products\/\"},{\"@type\":\"ListItem\",\"position\":3,\"name\":\"Regnofung\"}]},{\"@type\":\"WebSite\",\"@id\":\"https:\/\/www.regnovet.com\/tr\/#website\",\"url\":\"https:\/\/www.regnovet.com\/tr\/\",\"name\":\"regnovet\",\"description\":\"\",\"publisher\":{\"@id\":\"https:\/\/www.regnovet.com\/tr\/#organization\"},\"potentialAction\":[{\"@type\":\"SearchAction\",\"target\":{\"@type\":\"EntryPoint\",\"urlTemplate\":\"https:\/\/www.regnovet.com\/tr\/?s={search_term_string}\"},\"query-input\":{\"@type\":\"PropertyValueSpecification\",\"valueRequired\":true,\"valueName\":\"search_term_string\"}}],\"inLanguage\":\"tr\"},{\"@type\":\"Organization\",\"@id\":\"https:\/\/www.regnovet.com\/tr\/#organization\",\"name\":\"regnovet\",\"url\":\"https:\/\/www.regnovet.com\/tr\/\",\"logo\":{\"@type\":\"ImageObject\",\"inLanguage\":\"tr\",\"@id\":\"https:\/\/www.regnovet.com\/tr\/#\/schema\/logo\/image\/\",\"url\":\"https:\/\/www.regnovet.com\/wp-content\/uploads\/2024\/09\/cropped-512.png\",\"contentUrl\":\"https:\/\/www.regnovet.com\/wp-content\/uploads\/2024\/09\/cropped-512.png\",\"width\":512,\"height\":512,\"caption\":\"regnovet\"},\"image\":{\"@id\":\"https:\/\/www.regnovet.com\/tr\/#\/schema\/logo\/image\/\"},\"sameAs\":[\"https:\/\/www.facebook.com\/people\/RegnoVet\/61571321505220\/\"]}]}<\/script>\n<!-- \/ Yoast SEO plugin. -->","yoast_head_json":{"title":"Regnofung - regnovet","robots":{"index":"index","follow":"follow","max-snippet":"max-snippet:-1","max-image-preview":"max-image-preview:large","max-video-preview":"max-video-preview:-1"},"canonical":"https:\/\/www.regnovet.com\/tr\/urun\/regnofung\/","og_locale":"tr_TR","og_type":"article","og_title":"Regnofung - regnovet","og_description":"Bu \u00fcr\u00fcn\u00fcn ana i\u015flevi, mikotoksinler ve mantarlardan v\u00fccudu filtrelemek ve ayn\u0131 zamanda ba\u011f\u0131rsak epitelinin yenilenmesini te\u015fvik etmek ve \u00fcst solunum yolunun sa\u011fl\u0131\u011f\u0131n\u0131 iyile\u015ftirmektir. Bu, g\u00fc\u00e7l\u00fc anti-fungal etkileri olan asitlerin kombinasyonu sayesinde ger\u00e7ekle\u015ftirilir.  Bu \u00fcr\u00fcn\u00fcn aktif bile\u015fenleri, belirgin anti-Aspergillus ve anti-Candida \u00f6zelliklerine sahiptir ve mikotoksinlerin etkiledi\u011fi karaci\u011fer, b\u00f6brek ve pankreas fonksiyonlar\u0131n\u0131 ve di\u011fer v\u00fccut sistemlerini destekler. Toksinleri emerek, par\u00e7alayarak ve toksik olmayan elementlere d\u00f6n\u00fc\u015ft\u00fcrerek toksisiteyi azalt\u0131r, ba\u011f\u0131\u015f\u0131kl\u0131k sistemini g\u00fc\u00e7lendirir ve yem d\u00f6n\u00fc\u015f\u00fcm oran\u0131n\u0131 art\u0131r\u0131r. Ayr\u0131ca, madde anti-oksidan \u00f6zelliklere sahiptir ve salmonelloz, koksidiyoz ve gaz kangreni olu\u015fumunu \u00f6nler.  Bu \u00fcr\u00fcn, gastrointestinal sistemi asidifiye ederek zararl\u0131 bakteri olu\u015fumunu \u00f6nler, b\u00f6ylece sa\u011fl\u0131kl\u0131 ve etkili bir sindirim sistemini korur. Gastrointestinal sistemin yanl\u0131\u015f pH's\u0131ndan kaynaklanan s\u0131ra d\u0131\u015f\u0131 bakteri floras\u0131 problemlerine bir \u00e7are sa\u011flar.","og_url":"https:\/\/www.regnovet.com\/tr\/urun\/regnofung\/","og_site_name":"regnovet","article_publisher":"https:\/\/www.facebook.com\/people\/RegnoVet\/61571321505220\/","article_modified_time":"2024-12-18T07:08:54+00:00","og_image":[{"width":700,"height":700,"url":"https:\/\/www.regnovet.com\/wp-content\/uploads\/2024\/11\/Regnofung.jpg","type":"image\/jpeg"}],"twitter_card":"summary_large_image","twitter_misc":{"Tahmini okuma s\u00fcresi":"1 dakika"},"schema":{"@context":"https:\/\/schema.org","@graph":[{"@type":"WebPage","@id":"https:\/\/www.regnovet.com\/tr\/urun\/regnofung\/","url":"https:\/\/www.regnovet.com\/tr\/urun\/regnofung\/","name":"Regnofung - regnovet","isPartOf":{"@id":"https:\/\/www.regnovet.com\/tr\/#website"},"primaryImageOfPage":{"@id":"https:\/\/www.regnovet.com\/tr\/urun\/regnofung\/#primaryimage"},"image":{"@id":"https:\/\/www.regnovet.com\/tr\/urun\/regnofung\/#primaryimage"},"thumbnailUrl":"https:\/\/www.regnovet.com\/wp-content\/uploads\/2024\/11\/Regnofung.jpg","datePublished":"2024-11-04T12:38:02+00:00","dateModified":"2024-12-18T07:08:54+00:00","breadcrumb":{"@id":"https:\/\/www.regnovet.com\/tr\/urun\/regnofung\/#breadcrumb"},"inLanguage":"tr","potentialAction":[{"@type":"ReadAction","target":["https:\/\/www.regnovet.com\/tr\/urun\/regnofung\/"]}]},{"@type":"ImageObject","inLanguage":"tr","@id":"https:\/\/www.regnovet.com\/tr\/urun\/regnofung\/#primaryimage","url":"https:\/\/www.regnovet.com\/wp-content\/uploads\/2024\/11\/Regnofung.jpg","contentUrl":"https:\/\/www.regnovet.com\/wp-content\/uploads\/2024\/11\/Regnofung.jpg","width":700,"height":700},{"@type":"BreadcrumbList","@id":"https:\/\/www.regnovet.com\/tr\/urun\/regnofung\/#breadcrumb","itemListElement":[{"@type":"ListItem","position":1,"name":"Home","item":"https:\/\/www.regnovet.com\/tr\/"},{"@type":"ListItem","position":2,"name":"\u00dcr\u00fcnler","item":"https:\/\/www.regnovet.com\/products\/"},{"@type":"ListItem","position":3,"name":"Regnofung"}]},{"@type":"WebSite","@id":"https:\/\/www.regnovet.com\/tr\/#website","url":"https:\/\/www.regnovet.com\/tr\/","name":"regnovet","description":"","publisher":{"@id":"https:\/\/www.regnovet.com\/tr\/#organization"},"potentialAction":[{"@type":"SearchAction","target":{"@type":"EntryPoint","urlTemplate":"https:\/\/www.regnovet.com\/tr\/?s={search_term_string}"},"query-input":{"@type":"PropertyValueSpecification","valueRequired":true,"valueName":"search_term_string"}}],"inLanguage":"tr"},{"@type":"Organization","@id":"https:\/\/www.regnovet.com\/tr\/#organization","name":"regnovet","url":"https:\/\/www.regnovet.com\/tr\/","logo":{"@type":"ImageObject","inLanguage":"tr","@id":"https:\/\/www.regnovet.com\/tr\/#\/schema\/logo\/image\/","url":"https:\/\/www.regnovet.com\/wp-content\/uploads\/2024\/09\/cropped-512.png","contentUrl":"https:\/\/www.regnovet.com\/wp-content\/uploads\/2024\/09\/cropped-512.png","width":512,"height":512,"caption":"regnovet"},"image":{"@id":"https:\/\/www.regnovet.com\/tr\/#\/schema\/logo\/image\/"},"sameAs":["https:\/\/www.facebook.com\/people\/RegnoVet\/61571321505220\/"]}]}},"_links":{"self":[{"href":"https:\/\/www.regnovet.com\/tr\/wp-json\/wp\/v2\/product\/29989","targetHints":{"allow":["GET"]}}],"collection":[{"href":"https:\/\/www.regnovet.com\/tr\/wp-json\/wp\/v2\/product"}],"about":[{"href":"https:\/\/www.regnovet.com\/tr\/wp-json\/wp\/v2\/types\/product"}],"version-history":[{"count":5,"href":"https:\/\/www.regnovet.com\/tr\/wp-json\/wp\/v2\/product\/29989\/revisions"}],"predecessor-version":[{"id":30117,"href":"https:\/\/www.regnovet.com\/tr\/wp-json\/wp\/v2\/product\/29989\/revisions\/30117"}],"wp:featuredmedia":[{"embeddable":true,"href":"https:\/\/www.regnovet.com\/tr\/wp-json\/wp\/v2\/media\/29307"}],"wp:attachment":[{"href":"https:\/\/www.regnovet.com\/tr\/wp-json\/wp\/v2\/media?parent=29989"}],"wp:term":[{"taxonomy":"product_cat","embeddable":true,"href":"https:\/\/www.regnovet.com\/tr\/wp-json\/wp\/v2\/product_cat?post=29989"},{"taxonomy":"product_tag","embeddable":true,"href":"https:\/\/www.regnovet.com\/tr\/wp-json\/wp\/v2\/product_tag?post=29989"}],"curies":[{"name":"wp","href":"https:\/\/api.w.org\/{rel}","templated":true}]}}