{"id":29991,"date":"2024-11-04T12:37:24","date_gmt":"2024-11-04T12:37:24","guid":{"rendered":"https:\/\/www.regnovet.com\/product\/regnofung-plus\/"},"modified":"2024-12-17T07:59:36","modified_gmt":"2024-12-17T07:59:36","slug":"regnofung-plus","status":"publish","type":"product","link":"https:\/\/www.regnovet.com\/tr\/urun\/regnofung-plus\/","title":{"rendered":"Regnofung Plus"},"content":{"rendered":"\t\t<div data-elementor-type=\"wp-post\" data-elementor-id=\"29991\" class=\"elementor elementor-29991 elementor-28305\">\n\t\t\t\t<div class=\"wd-negative-gap elementor-element elementor-element-ec9a3b2 e-flex e-con-boxed e-con e-parent\" data-id=\"ec9a3b2\" data-element_type=\"container\" data-e-type=\"container\">\n\t\t\t\t\t<div class=\"e-con-inner\">\n\t\t\t\t<div class=\"elementor-element elementor-element-aa29c5a elementor-widget elementor-widget-toggle\" data-id=\"aa29c5a\" data-element_type=\"widget\" data-e-type=\"widget\" data-widget_type=\"toggle.default\">\n\t\t\t\t<div class=\"elementor-widget-container\">\n\t\t\t\t\t\t\t<div class=\"elementor-toggle\">\n\t\t\t\t\t\t\t<div class=\"elementor-toggle-item\">\n\t\t\t\t\t<div id=\"elementor-tab-title-1781\" class=\"elementor-tab-title\" data-tab=\"1\" role=\"button\" aria-controls=\"elementor-tab-content-1781\" aria-expanded=\"false\">\n\t\t\t\t\t\t\t\t\t\t\t\t<span class=\"elementor-toggle-icon elementor-toggle-icon-left\" aria-hidden=\"true\">\n\t\t\t\t\t\t\t\t\t\t\t\t\t\t\t<span class=\"elementor-toggle-icon-closed\"><svg class=\"e-font-icon-svg e-fas-caret-right\" viewBox=\"0 0 192 512\" xmlns=\"http:\/\/www.w3.org\/2000\/svg\"><path d=\"M0 384.662V127.338c0-17.818 21.543-26.741 34.142-14.142l128.662 128.662c7.81 7.81 7.81 20.474 0 28.284L34.142 398.804C21.543 411.404 0 402.48 0 384.662z\"><\/path><\/svg><\/span>\n\t\t\t\t\t\t\t\t<span class=\"elementor-toggle-icon-opened\"><svg class=\"elementor-toggle-icon-opened e-font-icon-svg e-fas-caret-up\" viewBox=\"0 0 320 512\" xmlns=\"http:\/\/www.w3.org\/2000\/svg\"><path d=\"M288.662 352H31.338c-17.818 0-26.741-21.543-14.142-34.142l128.662-128.662c7.81-7.81 20.474-7.81 28.284 0l128.662 128.662c12.6 12.599 3.676 34.142-14.142 34.142z\"><\/path><\/svg><\/span>\n\t\t\t\t\t\t\t\t\t\t\t\t\t<\/span>\n\t\t\t\t\t\t\t\t\t\t\t\t<a class=\"elementor-toggle-title\" tabindex=\"0\">\u0130\u00c7ER\u0130K:<\/a>\n\t\t\t\t\t<\/div>\n\n\t\t\t\t\t<div id=\"elementor-tab-content-1781\" class=\"elementor-tab-content elementor-clearfix\" data-tab=\"1\" role=\"region\" aria-labelledby=\"elementor-tab-title-1781\"><p>Propiyonik asit, Laktik asit, Asetik asit, Sitrik asit, Fosforik asit, Formik asit ve Bak\u0131r s\u00fclfat<\/p>\n<\/div>\n\t\t\t\t<\/div>\n\t\t\t\t\t\t\t<div class=\"elementor-toggle-item\">\n\t\t\t\t\t<div id=\"elementor-tab-title-1782\" class=\"elementor-tab-title\" data-tab=\"2\" role=\"button\" aria-controls=\"elementor-tab-content-1782\" aria-expanded=\"false\">\n\t\t\t\t\t\t\t\t\t\t\t\t<span class=\"elementor-toggle-icon elementor-toggle-icon-left\" aria-hidden=\"true\">\n\t\t\t\t\t\t\t\t\t\t\t\t\t\t\t<span class=\"elementor-toggle-icon-closed\"><svg class=\"e-font-icon-svg e-fas-caret-right\" viewBox=\"0 0 192 512\" xmlns=\"http:\/\/www.w3.org\/2000\/svg\"><path d=\"M0 384.662V127.338c0-17.818 21.543-26.741 34.142-14.142l128.662 128.662c7.81 7.81 7.81 20.474 0 28.284L34.142 398.804C21.543 411.404 0 402.48 0 384.662z\"><\/path><\/svg><\/span>\n\t\t\t\t\t\t\t\t<span class=\"elementor-toggle-icon-opened\"><svg class=\"elementor-toggle-icon-opened e-font-icon-svg e-fas-caret-up\" viewBox=\"0 0 320 512\" xmlns=\"http:\/\/www.w3.org\/2000\/svg\"><path d=\"M288.662 352H31.338c-17.818 0-26.741-21.543-14.142-34.142l128.662-128.662c7.81-7.81 20.474-7.81 28.284 0l128.662 128.662c12.6 12.599 3.676 34.142-14.142 34.142z\"><\/path><\/svg><\/span>\n\t\t\t\t\t\t\t\t\t\t\t\t\t<\/span>\n\t\t\t\t\t\t\t\t\t\t\t\t<a class=\"elementor-toggle-title\" tabindex=\"0\">ENDIKASYON:<\/a>\n\t\t\t\t\t<\/div>\n\n\t\t\t\t\t<div id=\"elementor-tab-content-1782\" class=\"elementor-tab-content elementor-clearfix\" data-tab=\"2\" role=\"region\" aria-labelledby=\"elementor-tab-title-1782\"><ul>\n<li>Antifungal, ba\u011f\u0131\u015f\u0131kl\u0131k sistemini uyar\u0131c\u0131 ve bakteriyostatik<\/li>\n<li>Ba\u011f\u0131rsak floras\u0131n\u0131 stabilize eder ve d\u00fczenler, sindirimi destekler<\/li>\n<li>Antibiyotik tedavisi s\u0131ras\u0131nda ve sonras\u0131nda<\/li>\n<li>Salmonella, E. coli ve di\u011fer gastrointestinal enfeksiyonlar\u0131n neden oldu\u011fu ishali \u00f6nler<\/li>\n<li>Mantar enfeksiyonu \u015f\u00fcphesi durumunda<\/li>\n<li>\u00dcst ve alt solunum yolu deste\u011fi<\/li>\n<li>B\u00fcy\u00fcme, \u00fcretim ve FCR art\u0131\u015f\u0131 sa\u011flar<\/li>\n<\/ul>\n<\/div>\n\t\t\t\t<\/div>\n\t\t\t\t\t\t\t<div class=\"elementor-toggle-item\">\n\t\t\t\t\t<div id=\"elementor-tab-title-1783\" class=\"elementor-tab-title\" data-tab=\"3\" role=\"button\" aria-controls=\"elementor-tab-content-1783\" aria-expanded=\"false\">\n\t\t\t\t\t\t\t\t\t\t\t\t<span class=\"elementor-toggle-icon elementor-toggle-icon-left\" aria-hidden=\"true\">\n\t\t\t\t\t\t\t\t\t\t\t\t\t\t\t<span class=\"elementor-toggle-icon-closed\"><svg class=\"e-font-icon-svg e-fas-caret-right\" viewBox=\"0 0 192 512\" xmlns=\"http:\/\/www.w3.org\/2000\/svg\"><path d=\"M0 384.662V127.338c0-17.818 21.543-26.741 34.142-14.142l128.662 128.662c7.81 7.81 7.81 20.474 0 28.284L34.142 398.804C21.543 411.404 0 402.48 0 384.662z\"><\/path><\/svg><\/span>\n\t\t\t\t\t\t\t\t<span class=\"elementor-toggle-icon-opened\"><svg class=\"elementor-toggle-icon-opened e-font-icon-svg e-fas-caret-up\" viewBox=\"0 0 320 512\" xmlns=\"http:\/\/www.w3.org\/2000\/svg\"><path d=\"M288.662 352H31.338c-17.818 0-26.741-21.543-14.142-34.142l128.662-128.662c7.81-7.81 20.474-7.81 28.284 0l128.662 128.662c12.6 12.599 3.676 34.142-14.142 34.142z\"><\/path><\/svg><\/span>\n\t\t\t\t\t\t\t\t\t\t\t\t\t<\/span>\n\t\t\t\t\t\t\t\t\t\t\t\t<a class=\"elementor-toggle-title\" tabindex=\"0\">DOZAJ:<\/a>\n\t\t\t\t\t<\/div>\n\n\t\t\t\t\t<div id=\"elementor-tab-content-1783\" class=\"elementor-tab-content elementor-clearfix\" data-tab=\"3\" role=\"region\" aria-labelledby=\"elementor-tab-title-1783\"><ul>\n<li><strong>Tavuklar ve Hindi:<\/strong>\n<ul>\n<li>Tedavi: Her g\u00fcn 1 litre i\u00e7me suyuna 2-3 ml, 5-7 g\u00fcn boyunca<\/li>\n<li>Koruma: Her g\u00fcn 1 litre i\u00e7me suyuna 1-2 ml, 5-7 g\u00fcn boyunca<\/li>\n<\/ul>\n<\/li>\n<li><strong>Di\u015filer, Kuzu ve Gen\u00e7 Develer:<\/strong> Her g\u00fcn 1 litre i\u00e7me suyuna 1 ml, 3 g\u00fcn boyunca<\/li>\n<li><strong>Koyun ve Ke\u00e7iler:<\/strong> Her g\u00fcn 2 g\u00fcn boyunca hayvan ba\u015f\u0131na 20-25 ml<\/li>\n<li><strong>\u0130nekler ve Develer:<\/strong> Her g\u00fcn 3 g\u00fcn boyunca hayvan ba\u015f\u0131na 30-50 ml<\/li>\n<\/ul>\n<\/div>\n\t\t\t\t<\/div>\n\t\t\t\t\t\t\t<div class=\"elementor-toggle-item\">\n\t\t\t\t\t<div id=\"elementor-tab-title-1784\" class=\"elementor-tab-title\" data-tab=\"4\" role=\"button\" aria-controls=\"elementor-tab-content-1784\" aria-expanded=\"false\">\n\t\t\t\t\t\t\t\t\t\t\t\t<span class=\"elementor-toggle-icon elementor-toggle-icon-left\" aria-hidden=\"true\">\n\t\t\t\t\t\t\t\t\t\t\t\t\t\t\t<span class=\"elementor-toggle-icon-closed\"><svg class=\"e-font-icon-svg e-fas-caret-right\" viewBox=\"0 0 192 512\" xmlns=\"http:\/\/www.w3.org\/2000\/svg\"><path d=\"M0 384.662V127.338c0-17.818 21.543-26.741 34.142-14.142l128.662 128.662c7.81 7.81 7.81 20.474 0 28.284L34.142 398.804C21.543 411.404 0 402.48 0 384.662z\"><\/path><\/svg><\/span>\n\t\t\t\t\t\t\t\t<span class=\"elementor-toggle-icon-opened\"><svg class=\"elementor-toggle-icon-opened e-font-icon-svg e-fas-caret-up\" viewBox=\"0 0 320 512\" xmlns=\"http:\/\/www.w3.org\/2000\/svg\"><path d=\"M288.662 352H31.338c-17.818 0-26.741-21.543-14.142-34.142l128.662-128.662c7.81-7.81 20.474-7.81 28.284 0l128.662 128.662c12.6 12.599 3.676 34.142-14.142 34.142z\"><\/path><\/svg><\/span>\n\t\t\t\t\t\t\t\t\t\t\t\t\t<\/span>\n\t\t\t\t\t\t\t\t\t\t\t\t<a class=\"elementor-toggle-title\" tabindex=\"0\">\u00c7EK\u0130LME S\u00dcRES\u0130:<\/a>\n\t\t\t\t\t<\/div>\n\n\t\t\t\t\t<div id=\"elementor-tab-content-1784\" class=\"elementor-tab-content elementor-clearfix\" data-tab=\"4\" role=\"region\" aria-labelledby=\"elementor-tab-title-1784\"><p>0 g\u00fcn<\/p>\n<\/div>\n\t\t\t\t<\/div>\n\t\t\t\t\t\t\t<div class=\"elementor-toggle-item\">\n\t\t\t\t\t<div id=\"elementor-tab-title-1785\" class=\"elementor-tab-title\" data-tab=\"5\" role=\"button\" aria-controls=\"elementor-tab-content-1785\" aria-expanded=\"false\">\n\t\t\t\t\t\t\t\t\t\t\t\t<span class=\"elementor-toggle-icon elementor-toggle-icon-left\" aria-hidden=\"true\">\n\t\t\t\t\t\t\t\t\t\t\t\t\t\t\t<span class=\"elementor-toggle-icon-closed\"><svg class=\"e-font-icon-svg e-fas-caret-right\" viewBox=\"0 0 192 512\" xmlns=\"http:\/\/www.w3.org\/2000\/svg\"><path d=\"M0 384.662V127.338c0-17.818 21.543-26.741 34.142-14.142l128.662 128.662c7.81 7.81 7.81 20.474 0 28.284L34.142 398.804C21.543 411.404 0 402.48 0 384.662z\"><\/path><\/svg><\/span>\n\t\t\t\t\t\t\t\t<span class=\"elementor-toggle-icon-opened\"><svg class=\"elementor-toggle-icon-opened e-font-icon-svg e-fas-caret-up\" viewBox=\"0 0 320 512\" xmlns=\"http:\/\/www.w3.org\/2000\/svg\"><path d=\"M288.662 352H31.338c-17.818 0-26.741-21.543-14.142-34.142l128.662-128.662c7.81-7.81 20.474-7.81 28.284 0l128.662 128.662c12.6 12.599 3.676 34.142-14.142 34.142z\"><\/path><\/svg><\/span>\n\t\t\t\t\t\t\t\t\t\t\t\t\t<\/span>\n\t\t\t\t\t\t\t\t\t\t\t\t<a class=\"elementor-toggle-title\" tabindex=\"0\">SAKLAMA:<\/a>\n\t\t\t\t\t<\/div>\n\n\t\t\t\t\t<div id=\"elementor-tab-content-1785\" class=\"elementor-tab-content elementor-clearfix\" data-tab=\"5\" role=\"region\" aria-labelledby=\"elementor-tab-title-1785\"><p>15-25\u00b0C (59-77\u00b0F) aras\u0131nda, kuru ve karanl\u0131k bir yerde saklay\u0131n\u0131z.<\/p>\n<\/div>\n\t\t\t\t<\/div>\n\t\t\t\t\t\t\t\t<\/div>\n\t\t\t\t\t\t<\/div>\n\t\t\t\t<\/div>\n\t\t\t\t\t<\/div>\n\t\t\t\t<\/div>\n\t\t\t\t<\/div>\n\t\t","protected":false},"excerpt":{"rendered":"<p>Bu \u00fcr\u00fcn, v\u00fccutta mantarlar\u0131 ve mikotoksinleri temizlemeye yard\u0131mc\u0131 olurken ayn\u0131 zamanda ba\u011f\u0131rsak epitelyum h\u00fccrelerinin yenilenmesini destekleyen, antifungal \u00f6zelliklere sahip asitlerin \u00f6zenle form\u00fcle edilmi\u015f bir kar\u0131\u015f\u0131m\u0131d\u0131r. Ayr\u0131ca, ba\u011f\u0131rsaklar\u0131n pH\u2019\u0131n\u0131n bozulmas\u0131ndan kaynaklanan atipik bakteri floras\u0131 ile ilgili sorunlara kar\u015f\u0131 bir \u00e7\u00f6z\u00fcmd\u00fcr, \u00e7\u00fcnk\u00fc gastrointestinal sistemin asidifikasyonu yoluyla zararl\u0131 bakterilerin b\u00fcy\u00fcmesini k\u0131s\u0131tlar ve sa\u011fl\u0131kl\u0131, fonksiyonel bir sindirim sistemi sa\u011flar.<\/p>\n<p>\u00dcr\u00fcn\u00fcn aktif bile\u015fenleri, g\u00fc\u00e7l\u00fc anti-Aspergillus ve anti-Kandida \u00f6zelliklere sahip olup, mikotoksinlerin v\u00fccutta etkili oldu\u011fu karaci\u011fer, b\u00f6brek ve pankreas fonksiyonlar\u0131n\u0131 destekler. Ayn\u0131 zamanda toksinleri emer, onlar\u0131 par\u00e7alay\u0131p zarars\u0131z bile\u015fiklere d\u00f6n\u00fc\u015ft\u00fcrerek toksinlerin zararlar\u0131n\u0131 engeller.<\/p>\n<p>Gaz gangreni, kokidyoz, kolibasilloz ve salmonelloz olu\u015fumunu engeller; ba\u011f\u0131\u015f\u0131kl\u0131\u011f\u0131 art\u0131r\u0131r; FCR\u2019yi y\u00fckseltir; antioksidan etkiler g\u00f6sterir; \u00fcst solunum yolu sa\u011fl\u0131\u011f\u0131n\u0131 iyile\u015ftirir.<\/p>\n","protected":false},"featured_media":29305,"template":"","meta":[],"product_cat":[184,186,175,187],"product_tag":[],"class_list":{"0":"post-29991","1":"product","2":"type-product","3":"status-publish","4":"has-post-thumbnail","6":"product_cat-kanatli","7":"product_cat-kuslar","8":"product_cat-ruminantlar","9":"product_cat-yem-katki-maddeleri","11":"first","12":"instock","13":"shipping-taxable","14":"product-type-simple"},"yoast_head":"<!-- This site is optimized with the Yoast SEO plugin v24.1 - https:\/\/yoast.com\/wordpress\/plugins\/seo\/ -->\n<title>Regnofung Plus - regnovet<\/title>\n<meta name=\"robots\" content=\"index, follow, max-snippet:-1, max-image-preview:large, max-video-preview:-1\" \/>\n<link rel=\"canonical\" href=\"https:\/\/www.regnovet.com\/tr\/urun\/regnofung-plus\/\" \/>\n<meta property=\"og:locale\" content=\"tr_TR\" \/>\n<meta property=\"og:type\" content=\"article\" \/>\n<meta property=\"og:title\" content=\"Regnofung Plus - regnovet\" \/>\n<meta property=\"og:description\" content=\"Bu \u00fcr\u00fcn, v\u00fccutta mantarlar\u0131 ve mikotoksinleri temizlemeye yard\u0131mc\u0131 olurken ayn\u0131 zamanda ba\u011f\u0131rsak epitelyum h\u00fccrelerinin yenilenmesini destekleyen, antifungal \u00f6zelliklere sahip asitlerin \u00f6zenle form\u00fcle edilmi\u015f bir kar\u0131\u015f\u0131m\u0131d\u0131r. Ayr\u0131ca, ba\u011f\u0131rsaklar\u0131n pH\u2019\u0131n\u0131n bozulmas\u0131ndan kaynaklanan atipik bakteri floras\u0131 ile ilgili sorunlara kar\u015f\u0131 bir \u00e7\u00f6z\u00fcmd\u00fcr, \u00e7\u00fcnk\u00fc gastrointestinal sistemin asidifikasyonu yoluyla zararl\u0131 bakterilerin b\u00fcy\u00fcmesini k\u0131s\u0131tlar ve sa\u011fl\u0131kl\u0131, fonksiyonel bir sindirim sistemi sa\u011flar.  \u00dcr\u00fcn\u00fcn aktif bile\u015fenleri, g\u00fc\u00e7l\u00fc anti-Aspergillus ve anti-Kandida \u00f6zelliklere sahip olup, mikotoksinlerin v\u00fccutta etkili oldu\u011fu karaci\u011fer, b\u00f6brek ve pankreas fonksiyonlar\u0131n\u0131 destekler. Ayn\u0131 zamanda toksinleri emer, onlar\u0131 par\u00e7alay\u0131p zarars\u0131z bile\u015fiklere d\u00f6n\u00fc\u015ft\u00fcrerek toksinlerin zararlar\u0131n\u0131 engeller.  Gaz gangreni, kokidyoz, kolibasilloz ve salmonelloz olu\u015fumunu engeller; ba\u011f\u0131\u015f\u0131kl\u0131\u011f\u0131 art\u0131r\u0131r; FCR\u2019yi y\u00fckseltir; antioksidan etkiler g\u00f6sterir; \u00fcst solunum yolu sa\u011fl\u0131\u011f\u0131n\u0131 iyile\u015ftirir.\" \/>\n<meta property=\"og:url\" content=\"https:\/\/www.regnovet.com\/tr\/urun\/regnofung-plus\/\" \/>\n<meta property=\"og:site_name\" content=\"regnovet\" \/>\n<meta property=\"article:publisher\" content=\"https:\/\/www.facebook.com\/people\/RegnoVet\/61571321505220\/\" \/>\n<meta property=\"article:modified_time\" content=\"2024-12-17T07:59:36+00:00\" \/>\n<meta property=\"og:image\" content=\"https:\/\/www.regnovet.com\/wp-content\/uploads\/2024\/11\/Regnofung-Plus.jpg\" \/>\n\t<meta property=\"og:image:width\" content=\"700\" \/>\n\t<meta property=\"og:image:height\" content=\"700\" \/>\n\t<meta property=\"og:image:type\" content=\"image\/jpeg\" \/>\n<meta name=\"twitter:card\" content=\"summary_large_image\" \/>\n<meta name=\"twitter:label1\" content=\"Tahmini okuma s\u00fcresi\" \/>\n\t<meta name=\"twitter:data1\" content=\"1 dakika\" \/>\n<script type=\"application\/ld+json\" class=\"yoast-schema-graph\">{\"@context\":\"https:\/\/schema.org\",\"@graph\":[{\"@type\":\"WebPage\",\"@id\":\"https:\/\/www.regnovet.com\/tr\/urun\/regnofung-plus\/\",\"url\":\"https:\/\/www.regnovet.com\/tr\/urun\/regnofung-plus\/\",\"name\":\"Regnofung Plus - regnovet\",\"isPartOf\":{\"@id\":\"https:\/\/www.regnovet.com\/tr\/#website\"},\"primaryImageOfPage\":{\"@id\":\"https:\/\/www.regnovet.com\/tr\/urun\/regnofung-plus\/#primaryimage\"},\"image\":{\"@id\":\"https:\/\/www.regnovet.com\/tr\/urun\/regnofung-plus\/#primaryimage\"},\"thumbnailUrl\":\"https:\/\/www.regnovet.com\/wp-content\/uploads\/2024\/11\/Regnofung-Plus.jpg\",\"datePublished\":\"2024-11-04T12:37:24+00:00\",\"dateModified\":\"2024-12-17T07:59:36+00:00\",\"breadcrumb\":{\"@id\":\"https:\/\/www.regnovet.com\/tr\/urun\/regnofung-plus\/#breadcrumb\"},\"inLanguage\":\"tr\",\"potentialAction\":[{\"@type\":\"ReadAction\",\"target\":[\"https:\/\/www.regnovet.com\/tr\/urun\/regnofung-plus\/\"]}]},{\"@type\":\"ImageObject\",\"inLanguage\":\"tr\",\"@id\":\"https:\/\/www.regnovet.com\/tr\/urun\/regnofung-plus\/#primaryimage\",\"url\":\"https:\/\/www.regnovet.com\/wp-content\/uploads\/2024\/11\/Regnofung-Plus.jpg\",\"contentUrl\":\"https:\/\/www.regnovet.com\/wp-content\/uploads\/2024\/11\/Regnofung-Plus.jpg\",\"width\":700,\"height\":700},{\"@type\":\"BreadcrumbList\",\"@id\":\"https:\/\/www.regnovet.com\/tr\/urun\/regnofung-plus\/#breadcrumb\",\"itemListElement\":[{\"@type\":\"ListItem\",\"position\":1,\"name\":\"Home\",\"item\":\"https:\/\/www.regnovet.com\/tr\/\"},{\"@type\":\"ListItem\",\"position\":2,\"name\":\"\u00dcr\u00fcnler\",\"item\":\"https:\/\/www.regnovet.com\/products\/\"},{\"@type\":\"ListItem\",\"position\":3,\"name\":\"Regnofung Plus\"}]},{\"@type\":\"WebSite\",\"@id\":\"https:\/\/www.regnovet.com\/tr\/#website\",\"url\":\"https:\/\/www.regnovet.com\/tr\/\",\"name\":\"regnovet\",\"description\":\"\",\"publisher\":{\"@id\":\"https:\/\/www.regnovet.com\/tr\/#organization\"},\"potentialAction\":[{\"@type\":\"SearchAction\",\"target\":{\"@type\":\"EntryPoint\",\"urlTemplate\":\"https:\/\/www.regnovet.com\/tr\/?s={search_term_string}\"},\"query-input\":{\"@type\":\"PropertyValueSpecification\",\"valueRequired\":true,\"valueName\":\"search_term_string\"}}],\"inLanguage\":\"tr\"},{\"@type\":\"Organization\",\"@id\":\"https:\/\/www.regnovet.com\/tr\/#organization\",\"name\":\"regnovet\",\"url\":\"https:\/\/www.regnovet.com\/tr\/\",\"logo\":{\"@type\":\"ImageObject\",\"inLanguage\":\"tr\",\"@id\":\"https:\/\/www.regnovet.com\/tr\/#\/schema\/logo\/image\/\",\"url\":\"https:\/\/www.regnovet.com\/wp-content\/uploads\/2024\/09\/cropped-512.png\",\"contentUrl\":\"https:\/\/www.regnovet.com\/wp-content\/uploads\/2024\/09\/cropped-512.png\",\"width\":512,\"height\":512,\"caption\":\"regnovet\"},\"image\":{\"@id\":\"https:\/\/www.regnovet.com\/tr\/#\/schema\/logo\/image\/\"},\"sameAs\":[\"https:\/\/www.facebook.com\/people\/RegnoVet\/61571321505220\/\"]}]}<\/script>\n<!-- \/ Yoast SEO plugin. -->","yoast_head_json":{"title":"Regnofung Plus - regnovet","robots":{"index":"index","follow":"follow","max-snippet":"max-snippet:-1","max-image-preview":"max-image-preview:large","max-video-preview":"max-video-preview:-1"},"canonical":"https:\/\/www.regnovet.com\/tr\/urun\/regnofung-plus\/","og_locale":"tr_TR","og_type":"article","og_title":"Regnofung Plus - regnovet","og_description":"Bu \u00fcr\u00fcn, v\u00fccutta mantarlar\u0131 ve mikotoksinleri temizlemeye yard\u0131mc\u0131 olurken ayn\u0131 zamanda ba\u011f\u0131rsak epitelyum h\u00fccrelerinin yenilenmesini destekleyen, antifungal \u00f6zelliklere sahip asitlerin \u00f6zenle form\u00fcle edilmi\u015f bir kar\u0131\u015f\u0131m\u0131d\u0131r. Ayr\u0131ca, ba\u011f\u0131rsaklar\u0131n pH\u2019\u0131n\u0131n bozulmas\u0131ndan kaynaklanan atipik bakteri floras\u0131 ile ilgili sorunlara kar\u015f\u0131 bir \u00e7\u00f6z\u00fcmd\u00fcr, \u00e7\u00fcnk\u00fc gastrointestinal sistemin asidifikasyonu yoluyla zararl\u0131 bakterilerin b\u00fcy\u00fcmesini k\u0131s\u0131tlar ve sa\u011fl\u0131kl\u0131, fonksiyonel bir sindirim sistemi sa\u011flar.  \u00dcr\u00fcn\u00fcn aktif bile\u015fenleri, g\u00fc\u00e7l\u00fc anti-Aspergillus ve anti-Kandida \u00f6zelliklere sahip olup, mikotoksinlerin v\u00fccutta etkili oldu\u011fu karaci\u011fer, b\u00f6brek ve pankreas fonksiyonlar\u0131n\u0131 destekler. Ayn\u0131 zamanda toksinleri emer, onlar\u0131 par\u00e7alay\u0131p zarars\u0131z bile\u015fiklere d\u00f6n\u00fc\u015ft\u00fcrerek toksinlerin zararlar\u0131n\u0131 engeller.  Gaz gangreni, kokidyoz, kolibasilloz ve salmonelloz olu\u015fumunu engeller; ba\u011f\u0131\u015f\u0131kl\u0131\u011f\u0131 art\u0131r\u0131r; FCR\u2019yi y\u00fckseltir; antioksidan etkiler g\u00f6sterir; \u00fcst solunum yolu sa\u011fl\u0131\u011f\u0131n\u0131 iyile\u015ftirir.","og_url":"https:\/\/www.regnovet.com\/tr\/urun\/regnofung-plus\/","og_site_name":"regnovet","article_publisher":"https:\/\/www.facebook.com\/people\/RegnoVet\/61571321505220\/","article_modified_time":"2024-12-17T07:59:36+00:00","og_image":[{"width":700,"height":700,"url":"https:\/\/www.regnovet.com\/wp-content\/uploads\/2024\/11\/Regnofung-Plus.jpg","type":"image\/jpeg"}],"twitter_card":"summary_large_image","twitter_misc":{"Tahmini okuma s\u00fcresi":"1 dakika"},"schema":{"@context":"https:\/\/schema.org","@graph":[{"@type":"WebPage","@id":"https:\/\/www.regnovet.com\/tr\/urun\/regnofung-plus\/","url":"https:\/\/www.regnovet.com\/tr\/urun\/regnofung-plus\/","name":"Regnofung Plus - regnovet","isPartOf":{"@id":"https:\/\/www.regnovet.com\/tr\/#website"},"primaryImageOfPage":{"@id":"https:\/\/www.regnovet.com\/tr\/urun\/regnofung-plus\/#primaryimage"},"image":{"@id":"https:\/\/www.regnovet.com\/tr\/urun\/regnofung-plus\/#primaryimage"},"thumbnailUrl":"https:\/\/www.regnovet.com\/wp-content\/uploads\/2024\/11\/Regnofung-Plus.jpg","datePublished":"2024-11-04T12:37:24+00:00","dateModified":"2024-12-17T07:59:36+00:00","breadcrumb":{"@id":"https:\/\/www.regnovet.com\/tr\/urun\/regnofung-plus\/#breadcrumb"},"inLanguage":"tr","potentialAction":[{"@type":"ReadAction","target":["https:\/\/www.regnovet.com\/tr\/urun\/regnofung-plus\/"]}]},{"@type":"ImageObject","inLanguage":"tr","@id":"https:\/\/www.regnovet.com\/tr\/urun\/regnofung-plus\/#primaryimage","url":"https:\/\/www.regnovet.com\/wp-content\/uploads\/2024\/11\/Regnofung-Plus.jpg","contentUrl":"https:\/\/www.regnovet.com\/wp-content\/uploads\/2024\/11\/Regnofung-Plus.jpg","width":700,"height":700},{"@type":"BreadcrumbList","@id":"https:\/\/www.regnovet.com\/tr\/urun\/regnofung-plus\/#breadcrumb","itemListElement":[{"@type":"ListItem","position":1,"name":"Home","item":"https:\/\/www.regnovet.com\/tr\/"},{"@type":"ListItem","position":2,"name":"\u00dcr\u00fcnler","item":"https:\/\/www.regnovet.com\/products\/"},{"@type":"ListItem","position":3,"name":"Regnofung Plus"}]},{"@type":"WebSite","@id":"https:\/\/www.regnovet.com\/tr\/#website","url":"https:\/\/www.regnovet.com\/tr\/","name":"regnovet","description":"","publisher":{"@id":"https:\/\/www.regnovet.com\/tr\/#organization"},"potentialAction":[{"@type":"SearchAction","target":{"@type":"EntryPoint","urlTemplate":"https:\/\/www.regnovet.com\/tr\/?s={search_term_string}"},"query-input":{"@type":"PropertyValueSpecification","valueRequired":true,"valueName":"search_term_string"}}],"inLanguage":"tr"},{"@type":"Organization","@id":"https:\/\/www.regnovet.com\/tr\/#organization","name":"regnovet","url":"https:\/\/www.regnovet.com\/tr\/","logo":{"@type":"ImageObject","inLanguage":"tr","@id":"https:\/\/www.regnovet.com\/tr\/#\/schema\/logo\/image\/","url":"https:\/\/www.regnovet.com\/wp-content\/uploads\/2024\/09\/cropped-512.png","contentUrl":"https:\/\/www.regnovet.com\/wp-content\/uploads\/2024\/09\/cropped-512.png","width":512,"height":512,"caption":"regnovet"},"image":{"@id":"https:\/\/www.regnovet.com\/tr\/#\/schema\/logo\/image\/"},"sameAs":["https:\/\/www.facebook.com\/people\/RegnoVet\/61571321505220\/"]}]}},"_links":{"self":[{"href":"https:\/\/www.regnovet.com\/tr\/wp-json\/wp\/v2\/product\/29991","targetHints":{"allow":["GET"]}}],"collection":[{"href":"https:\/\/www.regnovet.com\/tr\/wp-json\/wp\/v2\/product"}],"about":[{"href":"https:\/\/www.regnovet.com\/tr\/wp-json\/wp\/v2\/types\/product"}],"version-history":[{"count":1,"href":"https:\/\/www.regnovet.com\/tr\/wp-json\/wp\/v2\/product\/29991\/revisions"}],"predecessor-version":[{"id":29992,"href":"https:\/\/www.regnovet.com\/tr\/wp-json\/wp\/v2\/product\/29991\/revisions\/29992"}],"wp:featuredmedia":[{"embeddable":true,"href":"https:\/\/www.regnovet.com\/tr\/wp-json\/wp\/v2\/media\/29305"}],"wp:attachment":[{"href":"https:\/\/www.regnovet.com\/tr\/wp-json\/wp\/v2\/media?parent=29991"}],"wp:term":[{"taxonomy":"product_cat","embeddable":true,"href":"https:\/\/www.regnovet.com\/tr\/wp-json\/wp\/v2\/product_cat?post=29991"},{"taxonomy":"product_tag","embeddable":true,"href":"https:\/\/www.regnovet.com\/tr\/wp-json\/wp\/v2\/product_tag?post=29991"}],"curies":[{"name":"wp","href":"https:\/\/api.w.org\/{rel}","templated":true}]}}