{"id":29993,"date":"2024-11-04T12:36:44","date_gmt":"2024-11-04T12:36:44","guid":{"rendered":"https:\/\/www.regnovet.com\/product\/orego-mix\/"},"modified":"2024-12-17T08:07:46","modified_gmt":"2024-12-17T08:07:46","slug":"orego-mix","status":"publish","type":"product","link":"https:\/\/www.regnovet.com\/tr\/urun\/orego-mix\/","title":{"rendered":"OREGO MIX"},"content":{"rendered":"\t\t<div data-elementor-type=\"wp-post\" data-elementor-id=\"29993\" class=\"elementor elementor-29993 elementor-28302\">\n\t\t\t\t<div class=\"wd-negative-gap elementor-element elementor-element-bfe5b19 e-flex e-con-boxed e-con e-parent\" data-id=\"bfe5b19\" data-element_type=\"container\" data-e-type=\"container\">\n\t\t\t\t\t<div class=\"e-con-inner\">\n\t\t\t\t<div class=\"elementor-element elementor-element-7c628b7 elementor-widget elementor-widget-toggle\" data-id=\"7c628b7\" data-element_type=\"widget\" data-e-type=\"widget\" data-widget_type=\"toggle.default\">\n\t\t\t\t<div class=\"elementor-widget-container\">\n\t\t\t\t\t\t\t<div class=\"elementor-toggle\">\n\t\t\t\t\t\t\t<div class=\"elementor-toggle-item\">\n\t\t\t\t\t<div id=\"elementor-tab-title-1301\" class=\"elementor-tab-title\" data-tab=\"1\" role=\"button\" aria-controls=\"elementor-tab-content-1301\" aria-expanded=\"false\">\n\t\t\t\t\t\t\t\t\t\t\t\t<span class=\"elementor-toggle-icon elementor-toggle-icon-left\" aria-hidden=\"true\">\n\t\t\t\t\t\t\t\t\t\t\t\t\t\t\t<span class=\"elementor-toggle-icon-closed\"><svg class=\"e-font-icon-svg e-fas-caret-right\" viewBox=\"0 0 192 512\" xmlns=\"http:\/\/www.w3.org\/2000\/svg\"><path d=\"M0 384.662V127.338c0-17.818 21.543-26.741 34.142-14.142l128.662 128.662c7.81 7.81 7.81 20.474 0 28.284L34.142 398.804C21.543 411.404 0 402.48 0 384.662z\"><\/path><\/svg><\/span>\n\t\t\t\t\t\t\t\t<span class=\"elementor-toggle-icon-opened\"><svg class=\"elementor-toggle-icon-opened e-font-icon-svg e-fas-caret-up\" viewBox=\"0 0 320 512\" xmlns=\"http:\/\/www.w3.org\/2000\/svg\"><path d=\"M288.662 352H31.338c-17.818 0-26.741-21.543-14.142-34.142l128.662-128.662c7.81-7.81 20.474-7.81 28.284 0l128.662 128.662c12.6 12.599 3.676 34.142-14.142 34.142z\"><\/path><\/svg><\/span>\n\t\t\t\t\t\t\t\t\t\t\t\t\t<\/span>\n\t\t\t\t\t\t\t\t\t\t\t\t<a class=\"elementor-toggle-title\" tabindex=\"0\">\u0130\u00c7ER\u0130K:<\/a>\n\t\t\t\t\t<\/div>\n\n\t\t\t\t\t<div id=\"elementor-tab-content-1301\" class=\"elementor-tab-content elementor-clearfix\" data-tab=\"1\" role=\"region\" aria-labelledby=\"elementor-tab-title-1301\"><p>Aroma maddeleri kar\u0131\u015f\u0131m\u0131 (kekik, kekik, tar\u00e7\u0131n, zerde\u00e7al) 898 500 mg. glikol, gliserin.<\/p>\n<\/div>\n\t\t\t\t<\/div>\n\t\t\t\t\t\t\t<div class=\"elementor-toggle-item\">\n\t\t\t\t\t<div id=\"elementor-tab-title-1302\" class=\"elementor-tab-title\" data-tab=\"2\" role=\"button\" aria-controls=\"elementor-tab-content-1302\" aria-expanded=\"false\">\n\t\t\t\t\t\t\t\t\t\t\t\t<span class=\"elementor-toggle-icon elementor-toggle-icon-left\" aria-hidden=\"true\">\n\t\t\t\t\t\t\t\t\t\t\t\t\t\t\t<span class=\"elementor-toggle-icon-closed\"><svg class=\"e-font-icon-svg e-fas-caret-right\" viewBox=\"0 0 192 512\" xmlns=\"http:\/\/www.w3.org\/2000\/svg\"><path d=\"M0 384.662V127.338c0-17.818 21.543-26.741 34.142-14.142l128.662 128.662c7.81 7.81 7.81 20.474 0 28.284L34.142 398.804C21.543 411.404 0 402.48 0 384.662z\"><\/path><\/svg><\/span>\n\t\t\t\t\t\t\t\t<span class=\"elementor-toggle-icon-opened\"><svg class=\"elementor-toggle-icon-opened e-font-icon-svg e-fas-caret-up\" viewBox=\"0 0 320 512\" xmlns=\"http:\/\/www.w3.org\/2000\/svg\"><path d=\"M288.662 352H31.338c-17.818 0-26.741-21.543-14.142-34.142l128.662-128.662c7.81-7.81 20.474-7.81 28.284 0l128.662 128.662c12.6 12.599 3.676 34.142-14.142 34.142z\"><\/path><\/svg><\/span>\n\t\t\t\t\t\t\t\t\t\t\t\t\t<\/span>\n\t\t\t\t\t\t\t\t\t\t\t\t<a class=\"elementor-toggle-title\" tabindex=\"0\">ENDIKASYON:<\/a>\n\t\t\t\t\t<\/div>\n\n\t\t\t\t\t<div id=\"elementor-tab-content-1302\" class=\"elementor-tab-content elementor-clearfix\" data-tab=\"2\" role=\"region\" aria-labelledby=\"elementor-tab-title-1302\"><ul>\n<li>Enterit, sindirim sistemi iltihaplanmas\u0131<\/li>\n<li>Yem al\u0131m\u0131, sindirim ve emilim bozukluklar\u0131nda (FCR iyile\u015ftirilmesi)<\/li>\n<li>E. Coli, Clostridium ve Salmonella enfeksiyonlar\u0131n\u0131n azalt\u0131lmas\u0131<\/li>\n<li>Islak yatak etkisi<\/li>\n<li>Sindirim bozukluklar\u0131n\u0131 \u00f6nlemek i\u00e7in yem de\u011fi\u015fikliklerinden 2-3 g\u00fcn \u00f6nce ve sonra<\/li>\n<\/ul>\n<\/div>\n\t\t\t\t<\/div>\n\t\t\t\t\t\t\t<div class=\"elementor-toggle-item\">\n\t\t\t\t\t<div id=\"elementor-tab-title-1303\" class=\"elementor-tab-title\" data-tab=\"3\" role=\"button\" aria-controls=\"elementor-tab-content-1303\" aria-expanded=\"false\">\n\t\t\t\t\t\t\t\t\t\t\t\t<span class=\"elementor-toggle-icon elementor-toggle-icon-left\" aria-hidden=\"true\">\n\t\t\t\t\t\t\t\t\t\t\t\t\t\t\t<span class=\"elementor-toggle-icon-closed\"><svg class=\"e-font-icon-svg e-fas-caret-right\" viewBox=\"0 0 192 512\" xmlns=\"http:\/\/www.w3.org\/2000\/svg\"><path d=\"M0 384.662V127.338c0-17.818 21.543-26.741 34.142-14.142l128.662 128.662c7.81 7.81 7.81 20.474 0 28.284L34.142 398.804C21.543 411.404 0 402.48 0 384.662z\"><\/path><\/svg><\/span>\n\t\t\t\t\t\t\t\t<span class=\"elementor-toggle-icon-opened\"><svg class=\"elementor-toggle-icon-opened e-font-icon-svg e-fas-caret-up\" viewBox=\"0 0 320 512\" xmlns=\"http:\/\/www.w3.org\/2000\/svg\"><path d=\"M288.662 352H31.338c-17.818 0-26.741-21.543-14.142-34.142l128.662-128.662c7.81-7.81 20.474-7.81 28.284 0l128.662 128.662c12.6 12.599 3.676 34.142-14.142 34.142z\"><\/path><\/svg><\/span>\n\t\t\t\t\t\t\t\t\t\t\t\t\t<\/span>\n\t\t\t\t\t\t\t\t\t\t\t\t<a class=\"elementor-toggle-title\" tabindex=\"0\">DOZ:<\/a>\n\t\t\t\t\t<\/div>\n\n\t\t\t\t\t<div id=\"elementor-tab-content-1303\" class=\"elementor-tab-content elementor-clearfix\" data-tab=\"3\" role=\"region\" aria-labelledby=\"elementor-tab-title-1303\"><p><strong>Koruma<\/strong>: 75 &#8211; 100 ml \/ 1000 L i\u00e7me suyuna, g\u00fcnl\u00fck su al\u0131m\u0131n\u0131n yar\u0131s\u0131nda, 4-6 g\u00fcn boyunca.<br \/>\n<strong>M\u00fcdahale<\/strong>: 100 &#8211; 125 ml \/ 1000 L i\u00e7me suyuna, g\u00fcnl\u00fck su al\u0131m\u0131n\u0131n yar\u0131s\u0131nda, 4-6 g\u00fcn boyunca.<\/p>\n<\/div>\n\t\t\t\t<\/div>\n\t\t\t\t\t\t\t<div class=\"elementor-toggle-item\">\n\t\t\t\t\t<div id=\"elementor-tab-title-1304\" class=\"elementor-tab-title\" data-tab=\"4\" role=\"button\" aria-controls=\"elementor-tab-content-1304\" aria-expanded=\"false\">\n\t\t\t\t\t\t\t\t\t\t\t\t<span class=\"elementor-toggle-icon elementor-toggle-icon-left\" aria-hidden=\"true\">\n\t\t\t\t\t\t\t\t\t\t\t\t\t\t\t<span class=\"elementor-toggle-icon-closed\"><svg class=\"e-font-icon-svg e-fas-caret-right\" viewBox=\"0 0 192 512\" xmlns=\"http:\/\/www.w3.org\/2000\/svg\"><path d=\"M0 384.662V127.338c0-17.818 21.543-26.741 34.142-14.142l128.662 128.662c7.81 7.81 7.81 20.474 0 28.284L34.142 398.804C21.543 411.404 0 402.48 0 384.662z\"><\/path><\/svg><\/span>\n\t\t\t\t\t\t\t\t<span class=\"elementor-toggle-icon-opened\"><svg class=\"elementor-toggle-icon-opened e-font-icon-svg e-fas-caret-up\" viewBox=\"0 0 320 512\" xmlns=\"http:\/\/www.w3.org\/2000\/svg\"><path d=\"M288.662 352H31.338c-17.818 0-26.741-21.543-14.142-34.142l128.662-128.662c7.81-7.81 20.474-7.81 28.284 0l128.662 128.662c12.6 12.599 3.676 34.142-14.142 34.142z\"><\/path><\/svg><\/span>\n\t\t\t\t\t\t\t\t\t\t\t\t\t<\/span>\n\t\t\t\t\t\t\t\t\t\t\t\t<a class=\"elementor-toggle-title\" tabindex=\"0\">\u00c7EK\u0130LME S\u00dcRES\u0130:<\/a>\n\t\t\t\t\t<\/div>\n\n\t\t\t\t\t<div id=\"elementor-tab-content-1304\" class=\"elementor-tab-content elementor-clearfix\" data-tab=\"4\" role=\"region\" aria-labelledby=\"elementor-tab-title-1304\"><p>Et, Yumurta ve S\u00fct i\u00e7in \u00e7ekilme s\u00fcresi gerekmemektedir.<\/p>\n<\/div>\n\t\t\t\t<\/div>\n\t\t\t\t\t\t\t<div class=\"elementor-toggle-item\">\n\t\t\t\t\t<div id=\"elementor-tab-title-1305\" class=\"elementor-tab-title\" data-tab=\"5\" role=\"button\" aria-controls=\"elementor-tab-content-1305\" aria-expanded=\"false\">\n\t\t\t\t\t\t\t\t\t\t\t\t<span class=\"elementor-toggle-icon elementor-toggle-icon-left\" aria-hidden=\"true\">\n\t\t\t\t\t\t\t\t\t\t\t\t\t\t\t<span class=\"elementor-toggle-icon-closed\"><svg class=\"e-font-icon-svg e-fas-caret-right\" viewBox=\"0 0 192 512\" xmlns=\"http:\/\/www.w3.org\/2000\/svg\"><path d=\"M0 384.662V127.338c0-17.818 21.543-26.741 34.142-14.142l128.662 128.662c7.81 7.81 7.81 20.474 0 28.284L34.142 398.804C21.543 411.404 0 402.48 0 384.662z\"><\/path><\/svg><\/span>\n\t\t\t\t\t\t\t\t<span class=\"elementor-toggle-icon-opened\"><svg class=\"elementor-toggle-icon-opened e-font-icon-svg e-fas-caret-up\" viewBox=\"0 0 320 512\" xmlns=\"http:\/\/www.w3.org\/2000\/svg\"><path d=\"M288.662 352H31.338c-17.818 0-26.741-21.543-14.142-34.142l128.662-128.662c7.81-7.81 20.474-7.81 28.284 0l128.662 128.662c12.6 12.599 3.676 34.142-14.142 34.142z\"><\/path><\/svg><\/span>\n\t\t\t\t\t\t\t\t\t\t\t\t\t<\/span>\n\t\t\t\t\t\t\t\t\t\t\t\t<a class=\"elementor-toggle-title\" tabindex=\"0\">SAKLAMA:<\/a>\n\t\t\t\t\t<\/div>\n\n\t\t\t\t\t<div id=\"elementor-tab-content-1305\" class=\"elementor-tab-content elementor-clearfix\" data-tab=\"5\" role=\"region\" aria-labelledby=\"elementor-tab-title-1305\"><p>25\u02daC&#8217;nin alt\u0131nda kuru ve karanl\u0131k bir yerde saklay\u0131n\u0131z.<\/p>\n<\/div>\n\t\t\t\t<\/div>\n\t\t\t\t\t\t\t\t<\/div>\n\t\t\t\t\t\t<\/div>\n\t\t\t\t<\/div>\n\t\t\t\t\t<\/div>\n\t\t\t\t<\/div>\n\t\t\t\t<\/div>\n\t\t","protected":false},"excerpt":{"rendered":"<p><strong>OREGOMIX<\/strong>, i\u015ftah\u0131 art\u0131ran ve do\u011fal bir b\u00fcy\u00fcme promot\u00f6r\u00fc olan y\u00fcksek konsantrasyona sahip bir preparatt\u0131r.<br \/>\nOregano \u00f6z\u00fc ve ya\u011f\u0131, timol ve karvakrol\u00fcn modern form\u00fcl\u00fc ile fitogenik bitkilerin eklenmesi, sindirim s\u0131v\u0131lar\u0131n\u0131n salg\u0131lanmas\u0131n\u0131 etkili bir \u015fekilde art\u0131r\u0131r, karaci\u011fer, safra kesesi ve ba\u011f\u0131rsaklar\u0131n durumunu iyile\u015ftirir, b\u00f6ylece sindirim s\u00fcre\u00e7lerini daha da g\u00fc\u00e7lendirir, besin emilimini ve b\u00fcy\u00fcme h\u0131z\u0131n\u0131 art\u0131r\u0131r.<br \/>\nBu preparat, sindirim sistemi rahats\u0131zl\u0131klar\u0131n\u0131 hafifletir ve hastal\u0131k sonras\u0131 iyile\u015fmeyi destekler.<br \/>\nMikroflora \u00fczerinde faydal\u0131 bir etkiye sahip olup, ba\u011f\u0131rsaklardaki patojenik floran\u0131n b\u00fcy\u00fcmesini ve geli\u015fmesini s\u0131n\u0131rlamaya yard\u0131mc\u0131 olur.<br \/>\nOREGOMIX&#8217;in bile\u015fenleri, antidiarheal (ishal kar\u015f\u0131t\u0131) ve antioksidan etkiler g\u00f6sterir, tahri\u015fi, \u00f6ks\u00fcr\u00fc\u011f\u00fc ve solunum yollar\u0131ndaki iltihab\u0131 yat\u0131\u015ft\u0131r\u0131r.<\/p>\n","protected":false},"featured_media":29303,"template":"","meta":[],"product_cat":[184,186,175,187],"product_tag":[],"class_list":{"0":"post-29993","1":"product","2":"type-product","3":"status-publish","4":"has-post-thumbnail","6":"product_cat-kanatli","7":"product_cat-kuslar","8":"product_cat-ruminantlar","9":"product_cat-yem-katki-maddeleri","11":"first","12":"instock","13":"shipping-taxable","14":"product-type-simple"},"yoast_head":"<!-- This site is optimized with the Yoast SEO plugin v24.1 - https:\/\/yoast.com\/wordpress\/plugins\/seo\/ -->\n<title>OREGO MIX - regnovet<\/title>\n<meta name=\"robots\" content=\"index, follow, max-snippet:-1, max-image-preview:large, max-video-preview:-1\" \/>\n<link rel=\"canonical\" href=\"https:\/\/www.regnovet.com\/tr\/urun\/orego-mix\/\" \/>\n<meta property=\"og:locale\" content=\"tr_TR\" \/>\n<meta property=\"og:type\" content=\"article\" \/>\n<meta property=\"og:title\" content=\"OREGO MIX - regnovet\" \/>\n<meta property=\"og:description\" content=\"OREGOMIX, i\u015ftah\u0131 art\u0131ran ve do\u011fal bir b\u00fcy\u00fcme promot\u00f6r\u00fc olan y\u00fcksek konsantrasyona sahip bir preparatt\u0131r. Oregano \u00f6z\u00fc ve ya\u011f\u0131, timol ve karvakrol\u00fcn modern form\u00fcl\u00fc ile fitogenik bitkilerin eklenmesi, sindirim s\u0131v\u0131lar\u0131n\u0131n salg\u0131lanmas\u0131n\u0131 etkili bir \u015fekilde art\u0131r\u0131r, karaci\u011fer, safra kesesi ve ba\u011f\u0131rsaklar\u0131n durumunu iyile\u015ftirir, b\u00f6ylece sindirim s\u00fcre\u00e7lerini daha da g\u00fc\u00e7lendirir, besin emilimini ve b\u00fcy\u00fcme h\u0131z\u0131n\u0131 art\u0131r\u0131r. Bu preparat, sindirim sistemi rahats\u0131zl\u0131klar\u0131n\u0131 hafifletir ve hastal\u0131k sonras\u0131 iyile\u015fmeyi destekler. Mikroflora \u00fczerinde faydal\u0131 bir etkiye sahip olup, ba\u011f\u0131rsaklardaki patojenik floran\u0131n b\u00fcy\u00fcmesini ve geli\u015fmesini s\u0131n\u0131rlamaya yard\u0131mc\u0131 olur. OREGOMIX&#039;in bile\u015fenleri, antidiarheal (ishal kar\u015f\u0131t\u0131) ve antioksidan etkiler g\u00f6sterir, tahri\u015fi, \u00f6ks\u00fcr\u00fc\u011f\u00fc ve solunum yollar\u0131ndaki iltihab\u0131 yat\u0131\u015ft\u0131r\u0131r.\" \/>\n<meta property=\"og:url\" content=\"https:\/\/www.regnovet.com\/tr\/urun\/orego-mix\/\" \/>\n<meta property=\"og:site_name\" content=\"regnovet\" \/>\n<meta property=\"article:publisher\" content=\"https:\/\/www.facebook.com\/people\/RegnoVet\/61571321505220\/\" \/>\n<meta property=\"article:modified_time\" content=\"2024-12-17T08:07:46+00:00\" \/>\n<meta property=\"og:image\" content=\"https:\/\/www.regnovet.com\/wp-content\/uploads\/2024\/11\/OREGO-MIX.jpg\" \/>\n\t<meta property=\"og:image:width\" content=\"700\" \/>\n\t<meta property=\"og:image:height\" content=\"700\" \/>\n\t<meta property=\"og:image:type\" content=\"image\/jpeg\" \/>\n<meta name=\"twitter:card\" content=\"summary_large_image\" \/>\n<meta name=\"twitter:label1\" content=\"Tahmini okuma s\u00fcresi\" \/>\n\t<meta name=\"twitter:data1\" content=\"1 dakika\" \/>\n<script type=\"application\/ld+json\" class=\"yoast-schema-graph\">{\"@context\":\"https:\/\/schema.org\",\"@graph\":[{\"@type\":\"WebPage\",\"@id\":\"https:\/\/www.regnovet.com\/tr\/urun\/orego-mix\/\",\"url\":\"https:\/\/www.regnovet.com\/tr\/urun\/orego-mix\/\",\"name\":\"OREGO MIX - regnovet\",\"isPartOf\":{\"@id\":\"https:\/\/www.regnovet.com\/tr\/#website\"},\"primaryImageOfPage\":{\"@id\":\"https:\/\/www.regnovet.com\/tr\/urun\/orego-mix\/#primaryimage\"},\"image\":{\"@id\":\"https:\/\/www.regnovet.com\/tr\/urun\/orego-mix\/#primaryimage\"},\"thumbnailUrl\":\"https:\/\/www.regnovet.com\/wp-content\/uploads\/2024\/11\/OREGO-MIX.jpg\",\"datePublished\":\"2024-11-04T12:36:44+00:00\",\"dateModified\":\"2024-12-17T08:07:46+00:00\",\"breadcrumb\":{\"@id\":\"https:\/\/www.regnovet.com\/tr\/urun\/orego-mix\/#breadcrumb\"},\"inLanguage\":\"tr\",\"potentialAction\":[{\"@type\":\"ReadAction\",\"target\":[\"https:\/\/www.regnovet.com\/tr\/urun\/orego-mix\/\"]}]},{\"@type\":\"ImageObject\",\"inLanguage\":\"tr\",\"@id\":\"https:\/\/www.regnovet.com\/tr\/urun\/orego-mix\/#primaryimage\",\"url\":\"https:\/\/www.regnovet.com\/wp-content\/uploads\/2024\/11\/OREGO-MIX.jpg\",\"contentUrl\":\"https:\/\/www.regnovet.com\/wp-content\/uploads\/2024\/11\/OREGO-MIX.jpg\",\"width\":700,\"height\":700},{\"@type\":\"BreadcrumbList\",\"@id\":\"https:\/\/www.regnovet.com\/tr\/urun\/orego-mix\/#breadcrumb\",\"itemListElement\":[{\"@type\":\"ListItem\",\"position\":1,\"name\":\"Home\",\"item\":\"https:\/\/www.regnovet.com\/tr\/\"},{\"@type\":\"ListItem\",\"position\":2,\"name\":\"\u00dcr\u00fcnler\",\"item\":\"https:\/\/www.regnovet.com\/products\/\"},{\"@type\":\"ListItem\",\"position\":3,\"name\":\"OREGO MIX\"}]},{\"@type\":\"WebSite\",\"@id\":\"https:\/\/www.regnovet.com\/tr\/#website\",\"url\":\"https:\/\/www.regnovet.com\/tr\/\",\"name\":\"regnovet\",\"description\":\"\",\"publisher\":{\"@id\":\"https:\/\/www.regnovet.com\/tr\/#organization\"},\"potentialAction\":[{\"@type\":\"SearchAction\",\"target\":{\"@type\":\"EntryPoint\",\"urlTemplate\":\"https:\/\/www.regnovet.com\/tr\/?s={search_term_string}\"},\"query-input\":{\"@type\":\"PropertyValueSpecification\",\"valueRequired\":true,\"valueName\":\"search_term_string\"}}],\"inLanguage\":\"tr\"},{\"@type\":\"Organization\",\"@id\":\"https:\/\/www.regnovet.com\/tr\/#organization\",\"name\":\"regnovet\",\"url\":\"https:\/\/www.regnovet.com\/tr\/\",\"logo\":{\"@type\":\"ImageObject\",\"inLanguage\":\"tr\",\"@id\":\"https:\/\/www.regnovet.com\/tr\/#\/schema\/logo\/image\/\",\"url\":\"https:\/\/www.regnovet.com\/wp-content\/uploads\/2024\/09\/cropped-512.png\",\"contentUrl\":\"https:\/\/www.regnovet.com\/wp-content\/uploads\/2024\/09\/cropped-512.png\",\"width\":512,\"height\":512,\"caption\":\"regnovet\"},\"image\":{\"@id\":\"https:\/\/www.regnovet.com\/tr\/#\/schema\/logo\/image\/\"},\"sameAs\":[\"https:\/\/www.facebook.com\/people\/RegnoVet\/61571321505220\/\"]}]}<\/script>\n<!-- \/ Yoast SEO plugin. -->","yoast_head_json":{"title":"OREGO MIX - regnovet","robots":{"index":"index","follow":"follow","max-snippet":"max-snippet:-1","max-image-preview":"max-image-preview:large","max-video-preview":"max-video-preview:-1"},"canonical":"https:\/\/www.regnovet.com\/tr\/urun\/orego-mix\/","og_locale":"tr_TR","og_type":"article","og_title":"OREGO MIX - regnovet","og_description":"OREGOMIX, i\u015ftah\u0131 art\u0131ran ve do\u011fal bir b\u00fcy\u00fcme promot\u00f6r\u00fc olan y\u00fcksek konsantrasyona sahip bir preparatt\u0131r. Oregano \u00f6z\u00fc ve ya\u011f\u0131, timol ve karvakrol\u00fcn modern form\u00fcl\u00fc ile fitogenik bitkilerin eklenmesi, sindirim s\u0131v\u0131lar\u0131n\u0131n salg\u0131lanmas\u0131n\u0131 etkili bir \u015fekilde art\u0131r\u0131r, karaci\u011fer, safra kesesi ve ba\u011f\u0131rsaklar\u0131n durumunu iyile\u015ftirir, b\u00f6ylece sindirim s\u00fcre\u00e7lerini daha da g\u00fc\u00e7lendirir, besin emilimini ve b\u00fcy\u00fcme h\u0131z\u0131n\u0131 art\u0131r\u0131r. Bu preparat, sindirim sistemi rahats\u0131zl\u0131klar\u0131n\u0131 hafifletir ve hastal\u0131k sonras\u0131 iyile\u015fmeyi destekler. Mikroflora \u00fczerinde faydal\u0131 bir etkiye sahip olup, ba\u011f\u0131rsaklardaki patojenik floran\u0131n b\u00fcy\u00fcmesini ve geli\u015fmesini s\u0131n\u0131rlamaya yard\u0131mc\u0131 olur. OREGOMIX'in bile\u015fenleri, antidiarheal (ishal kar\u015f\u0131t\u0131) ve antioksidan etkiler g\u00f6sterir, tahri\u015fi, \u00f6ks\u00fcr\u00fc\u011f\u00fc ve solunum yollar\u0131ndaki iltihab\u0131 yat\u0131\u015ft\u0131r\u0131r.","og_url":"https:\/\/www.regnovet.com\/tr\/urun\/orego-mix\/","og_site_name":"regnovet","article_publisher":"https:\/\/www.facebook.com\/people\/RegnoVet\/61571321505220\/","article_modified_time":"2024-12-17T08:07:46+00:00","og_image":[{"width":700,"height":700,"url":"https:\/\/www.regnovet.com\/wp-content\/uploads\/2024\/11\/OREGO-MIX.jpg","type":"image\/jpeg"}],"twitter_card":"summary_large_image","twitter_misc":{"Tahmini okuma s\u00fcresi":"1 dakika"},"schema":{"@context":"https:\/\/schema.org","@graph":[{"@type":"WebPage","@id":"https:\/\/www.regnovet.com\/tr\/urun\/orego-mix\/","url":"https:\/\/www.regnovet.com\/tr\/urun\/orego-mix\/","name":"OREGO MIX - regnovet","isPartOf":{"@id":"https:\/\/www.regnovet.com\/tr\/#website"},"primaryImageOfPage":{"@id":"https:\/\/www.regnovet.com\/tr\/urun\/orego-mix\/#primaryimage"},"image":{"@id":"https:\/\/www.regnovet.com\/tr\/urun\/orego-mix\/#primaryimage"},"thumbnailUrl":"https:\/\/www.regnovet.com\/wp-content\/uploads\/2024\/11\/OREGO-MIX.jpg","datePublished":"2024-11-04T12:36:44+00:00","dateModified":"2024-12-17T08:07:46+00:00","breadcrumb":{"@id":"https:\/\/www.regnovet.com\/tr\/urun\/orego-mix\/#breadcrumb"},"inLanguage":"tr","potentialAction":[{"@type":"ReadAction","target":["https:\/\/www.regnovet.com\/tr\/urun\/orego-mix\/"]}]},{"@type":"ImageObject","inLanguage":"tr","@id":"https:\/\/www.regnovet.com\/tr\/urun\/orego-mix\/#primaryimage","url":"https:\/\/www.regnovet.com\/wp-content\/uploads\/2024\/11\/OREGO-MIX.jpg","contentUrl":"https:\/\/www.regnovet.com\/wp-content\/uploads\/2024\/11\/OREGO-MIX.jpg","width":700,"height":700},{"@type":"BreadcrumbList","@id":"https:\/\/www.regnovet.com\/tr\/urun\/orego-mix\/#breadcrumb","itemListElement":[{"@type":"ListItem","position":1,"name":"Home","item":"https:\/\/www.regnovet.com\/tr\/"},{"@type":"ListItem","position":2,"name":"\u00dcr\u00fcnler","item":"https:\/\/www.regnovet.com\/products\/"},{"@type":"ListItem","position":3,"name":"OREGO MIX"}]},{"@type":"WebSite","@id":"https:\/\/www.regnovet.com\/tr\/#website","url":"https:\/\/www.regnovet.com\/tr\/","name":"regnovet","description":"","publisher":{"@id":"https:\/\/www.regnovet.com\/tr\/#organization"},"potentialAction":[{"@type":"SearchAction","target":{"@type":"EntryPoint","urlTemplate":"https:\/\/www.regnovet.com\/tr\/?s={search_term_string}"},"query-input":{"@type":"PropertyValueSpecification","valueRequired":true,"valueName":"search_term_string"}}],"inLanguage":"tr"},{"@type":"Organization","@id":"https:\/\/www.regnovet.com\/tr\/#organization","name":"regnovet","url":"https:\/\/www.regnovet.com\/tr\/","logo":{"@type":"ImageObject","inLanguage":"tr","@id":"https:\/\/www.regnovet.com\/tr\/#\/schema\/logo\/image\/","url":"https:\/\/www.regnovet.com\/wp-content\/uploads\/2024\/09\/cropped-512.png","contentUrl":"https:\/\/www.regnovet.com\/wp-content\/uploads\/2024\/09\/cropped-512.png","width":512,"height":512,"caption":"regnovet"},"image":{"@id":"https:\/\/www.regnovet.com\/tr\/#\/schema\/logo\/image\/"},"sameAs":["https:\/\/www.facebook.com\/people\/RegnoVet\/61571321505220\/"]}]}},"_links":{"self":[{"href":"https:\/\/www.regnovet.com\/tr\/wp-json\/wp\/v2\/product\/29993","targetHints":{"allow":["GET"]}}],"collection":[{"href":"https:\/\/www.regnovet.com\/tr\/wp-json\/wp\/v2\/product"}],"about":[{"href":"https:\/\/www.regnovet.com\/tr\/wp-json\/wp\/v2\/types\/product"}],"version-history":[{"count":1,"href":"https:\/\/www.regnovet.com\/tr\/wp-json\/wp\/v2\/product\/29993\/revisions"}],"predecessor-version":[{"id":29994,"href":"https:\/\/www.regnovet.com\/tr\/wp-json\/wp\/v2\/product\/29993\/revisions\/29994"}],"wp:featuredmedia":[{"embeddable":true,"href":"https:\/\/www.regnovet.com\/tr\/wp-json\/wp\/v2\/media\/29303"}],"wp:attachment":[{"href":"https:\/\/www.regnovet.com\/tr\/wp-json\/wp\/v2\/media?parent=29993"}],"wp:term":[{"taxonomy":"product_cat","embeddable":true,"href":"https:\/\/www.regnovet.com\/tr\/wp-json\/wp\/v2\/product_cat?post=29993"},{"taxonomy":"product_tag","embeddable":true,"href":"https:\/\/www.regnovet.com\/tr\/wp-json\/wp\/v2\/product_tag?post=29993"}],"curies":[{"name":"wp","href":"https:\/\/api.w.org\/{rel}","templated":true}]}}