{"id":30010,"date":"2024-11-04T12:27:41","date_gmt":"2024-11-04T12:27:41","guid":{"rendered":"https:\/\/www.regnovet.com\/product\/growdat\/"},"modified":"2024-12-17T08:44:45","modified_gmt":"2024-12-17T08:44:45","slug":"growdat","status":"publish","type":"product","link":"https:\/\/www.regnovet.com\/tr\/urun\/growdat\/","title":{"rendered":"GROWDAT"},"content":{"rendered":"\t\t<div data-elementor-type=\"wp-post\" data-elementor-id=\"30010\" class=\"elementor elementor-30010 elementor-28281\">\n\t\t\t\t<div class=\"wd-negative-gap elementor-element elementor-element-387054b e-flex e-con-boxed e-con e-parent\" data-id=\"387054b\" data-element_type=\"container\" data-e-type=\"container\">\n\t\t\t\t\t<div class=\"e-con-inner\">\n\t\t\t\t<div class=\"elementor-element elementor-element-22e81c2 elementor-widget elementor-widget-toggle\" data-id=\"22e81c2\" data-element_type=\"widget\" data-e-type=\"widget\" data-widget_type=\"toggle.default\">\n\t\t\t\t<div class=\"elementor-widget-container\">\n\t\t\t\t\t\t\t<div class=\"elementor-toggle\">\n\t\t\t\t\t\t\t<div class=\"elementor-toggle-item\">\n\t\t\t\t\t<div id=\"elementor-tab-title-3661\" class=\"elementor-tab-title\" data-tab=\"1\" role=\"button\" aria-controls=\"elementor-tab-content-3661\" aria-expanded=\"false\">\n\t\t\t\t\t\t\t\t\t\t\t\t<span class=\"elementor-toggle-icon elementor-toggle-icon-left\" aria-hidden=\"true\">\n\t\t\t\t\t\t\t\t\t\t\t\t\t\t\t<span class=\"elementor-toggle-icon-closed\"><svg class=\"e-font-icon-svg e-fas-caret-right\" viewBox=\"0 0 192 512\" xmlns=\"http:\/\/www.w3.org\/2000\/svg\"><path d=\"M0 384.662V127.338c0-17.818 21.543-26.741 34.142-14.142l128.662 128.662c7.81 7.81 7.81 20.474 0 28.284L34.142 398.804C21.543 411.404 0 402.48 0 384.662z\"><\/path><\/svg><\/span>\n\t\t\t\t\t\t\t\t<span class=\"elementor-toggle-icon-opened\"><svg class=\"elementor-toggle-icon-opened e-font-icon-svg e-fas-caret-up\" viewBox=\"0 0 320 512\" xmlns=\"http:\/\/www.w3.org\/2000\/svg\"><path d=\"M288.662 352H31.338c-17.818 0-26.741-21.543-14.142-34.142l128.662-128.662c7.81-7.81 20.474-7.81 28.284 0l128.662 128.662c12.6 12.599 3.676 34.142-14.142 34.142z\"><\/path><\/svg><\/span>\n\t\t\t\t\t\t\t\t\t\t\t\t\t<\/span>\n\t\t\t\t\t\t\t\t\t\t\t\t<a class=\"elementor-toggle-title\" tabindex=\"0\">\u0130\u00c7ER\u0130K:<\/a>\n\t\t\t\t\t<\/div>\n\n\t\t\t\t\t<div id=\"elementor-tab-content-3661\" class=\"elementor-tab-content elementor-clearfix\" data-tab=\"1\" role=\"region\" aria-labelledby=\"elementor-tab-title-3661\"><p>Orta zincirli ya\u011f asitleri, maya metabolitleri, asit kar\u0131\u015f\u0131m\u0131: (formik asit, sitrik asit, fosforik asit, laktik asit, asetik asit), aroma maddeleri kar\u0131\u015f\u0131m\u0131, amino asitler (lizin, metiyonin, treonin, triptofan).<\/p>\n<\/div>\n\t\t\t\t<\/div>\n\t\t\t\t\t\t\t<div class=\"elementor-toggle-item\">\n\t\t\t\t\t<div id=\"elementor-tab-title-3662\" class=\"elementor-tab-title\" data-tab=\"2\" role=\"button\" aria-controls=\"elementor-tab-content-3662\" aria-expanded=\"false\">\n\t\t\t\t\t\t\t\t\t\t\t\t<span class=\"elementor-toggle-icon elementor-toggle-icon-left\" aria-hidden=\"true\">\n\t\t\t\t\t\t\t\t\t\t\t\t\t\t\t<span class=\"elementor-toggle-icon-closed\"><svg class=\"e-font-icon-svg e-fas-caret-right\" viewBox=\"0 0 192 512\" xmlns=\"http:\/\/www.w3.org\/2000\/svg\"><path d=\"M0 384.662V127.338c0-17.818 21.543-26.741 34.142-14.142l128.662 128.662c7.81 7.81 7.81 20.474 0 28.284L34.142 398.804C21.543 411.404 0 402.48 0 384.662z\"><\/path><\/svg><\/span>\n\t\t\t\t\t\t\t\t<span class=\"elementor-toggle-icon-opened\"><svg class=\"elementor-toggle-icon-opened e-font-icon-svg e-fas-caret-up\" viewBox=\"0 0 320 512\" xmlns=\"http:\/\/www.w3.org\/2000\/svg\"><path d=\"M288.662 352H31.338c-17.818 0-26.741-21.543-14.142-34.142l128.662-128.662c7.81-7.81 20.474-7.81 28.284 0l128.662 128.662c12.6 12.599 3.676 34.142-14.142 34.142z\"><\/path><\/svg><\/span>\n\t\t\t\t\t\t\t\t\t\t\t\t\t<\/span>\n\t\t\t\t\t\t\t\t\t\t\t\t<a class=\"elementor-toggle-title\" tabindex=\"0\">ENDIKASYON:<\/a>\n\t\t\t\t\t<\/div>\n\n\t\t\t\t\t<div id=\"elementor-tab-content-3662\" class=\"elementor-tab-content elementor-clearfix\" data-tab=\"2\" role=\"region\" aria-labelledby=\"elementor-tab-title-3662\"><ul>\n<li>Art\u0131r\u0131lm\u0131\u015f ve h\u0131zland\u0131r\u0131lm\u0131\u015f b\u00fcy\u00fcme<\/li>\n<li>\u0130\u015ftah\u0131n, yem verimlili\u011finin iyile\u015ftirilmesi ve su al\u0131m\u0131n\u0131n art\u0131r\u0131lmas\u0131<\/li>\n<li>Sindirim sisteminin uyar\u0131lmas\u0131 ve iyile\u015ftirilmesi<\/li>\n<li>Ya\u011fl\u0131 karaci\u011fer sendromu riskinin azalt\u0131lmas\u0131<\/li>\n<li>S\u00fcr\u00fc hizalanmas\u0131 ve et kalitesinin iyile\u015ftirilmesi<\/li>\n<li>\u0130yile\u015fme d\u00f6neminde kullan\u0131m<\/li>\n<\/ul>\n<\/div>\n\t\t\t\t<\/div>\n\t\t\t\t\t\t\t<div class=\"elementor-toggle-item\">\n\t\t\t\t\t<div id=\"elementor-tab-title-3663\" class=\"elementor-tab-title\" data-tab=\"3\" role=\"button\" aria-controls=\"elementor-tab-content-3663\" aria-expanded=\"false\">\n\t\t\t\t\t\t\t\t\t\t\t\t<span class=\"elementor-toggle-icon elementor-toggle-icon-left\" aria-hidden=\"true\">\n\t\t\t\t\t\t\t\t\t\t\t\t\t\t\t<span class=\"elementor-toggle-icon-closed\"><svg class=\"e-font-icon-svg e-fas-caret-right\" viewBox=\"0 0 192 512\" xmlns=\"http:\/\/www.w3.org\/2000\/svg\"><path d=\"M0 384.662V127.338c0-17.818 21.543-26.741 34.142-14.142l128.662 128.662c7.81 7.81 7.81 20.474 0 28.284L34.142 398.804C21.543 411.404 0 402.48 0 384.662z\"><\/path><\/svg><\/span>\n\t\t\t\t\t\t\t\t<span class=\"elementor-toggle-icon-opened\"><svg class=\"elementor-toggle-icon-opened e-font-icon-svg e-fas-caret-up\" viewBox=\"0 0 320 512\" xmlns=\"http:\/\/www.w3.org\/2000\/svg\"><path d=\"M288.662 352H31.338c-17.818 0-26.741-21.543-14.142-34.142l128.662-128.662c7.81-7.81 20.474-7.81 28.284 0l128.662 128.662c12.6 12.599 3.676 34.142-14.142 34.142z\"><\/path><\/svg><\/span>\n\t\t\t\t\t\t\t\t\t\t\t\t\t<\/span>\n\t\t\t\t\t\t\t\t\t\t\t\t<a class=\"elementor-toggle-title\" tabindex=\"0\">DOZ:<\/a>\n\t\t\t\t\t<\/div>\n\n\t\t\t\t\t<div id=\"elementor-tab-content-3663\" class=\"elementor-tab-content elementor-clearfix\" data-tab=\"3\" role=\"region\" aria-labelledby=\"elementor-tab-title-3663\"><p>400-500 ml \/ 1,000 L i\u00e7me suyuna, 3. ve 5. besi haftas\u0131nda, 4-5 g\u00fcn boyunca.<\/p>\n<\/div>\n\t\t\t\t<\/div>\n\t\t\t\t\t\t\t<div class=\"elementor-toggle-item\">\n\t\t\t\t\t<div id=\"elementor-tab-title-3664\" class=\"elementor-tab-title\" data-tab=\"4\" role=\"button\" aria-controls=\"elementor-tab-content-3664\" aria-expanded=\"false\">\n\t\t\t\t\t\t\t\t\t\t\t\t<span class=\"elementor-toggle-icon elementor-toggle-icon-left\" aria-hidden=\"true\">\n\t\t\t\t\t\t\t\t\t\t\t\t\t\t\t<span class=\"elementor-toggle-icon-closed\"><svg class=\"e-font-icon-svg e-fas-caret-right\" viewBox=\"0 0 192 512\" xmlns=\"http:\/\/www.w3.org\/2000\/svg\"><path d=\"M0 384.662V127.338c0-17.818 21.543-26.741 34.142-14.142l128.662 128.662c7.81 7.81 7.81 20.474 0 28.284L34.142 398.804C21.543 411.404 0 402.48 0 384.662z\"><\/path><\/svg><\/span>\n\t\t\t\t\t\t\t\t<span class=\"elementor-toggle-icon-opened\"><svg class=\"elementor-toggle-icon-opened e-font-icon-svg e-fas-caret-up\" viewBox=\"0 0 320 512\" xmlns=\"http:\/\/www.w3.org\/2000\/svg\"><path d=\"M288.662 352H31.338c-17.818 0-26.741-21.543-14.142-34.142l128.662-128.662c7.81-7.81 20.474-7.81 28.284 0l128.662 128.662c12.6 12.599 3.676 34.142-14.142 34.142z\"><\/path><\/svg><\/span>\n\t\t\t\t\t\t\t\t\t\t\t\t\t<\/span>\n\t\t\t\t\t\t\t\t\t\t\t\t<a class=\"elementor-toggle-title\" tabindex=\"0\">\u00c7EK\u0130LME S\u00dcRES\u0130:<\/a>\n\t\t\t\t\t<\/div>\n\n\t\t\t\t\t<div id=\"elementor-tab-content-3664\" class=\"elementor-tab-content elementor-clearfix\" data-tab=\"4\" role=\"region\" aria-labelledby=\"elementor-tab-title-3664\"><p>Et, Yumurta ve S\u00fct i\u00e7in \u00e7ekilme s\u00fcresi gerekmemektedir.<\/p>\n<\/div>\n\t\t\t\t<\/div>\n\t\t\t\t\t\t\t<div class=\"elementor-toggle-item\">\n\t\t\t\t\t<div id=\"elementor-tab-title-3665\" class=\"elementor-tab-title\" data-tab=\"5\" role=\"button\" aria-controls=\"elementor-tab-content-3665\" aria-expanded=\"false\">\n\t\t\t\t\t\t\t\t\t\t\t\t<span class=\"elementor-toggle-icon elementor-toggle-icon-left\" aria-hidden=\"true\">\n\t\t\t\t\t\t\t\t\t\t\t\t\t\t\t<span class=\"elementor-toggle-icon-closed\"><svg class=\"e-font-icon-svg e-fas-caret-right\" viewBox=\"0 0 192 512\" xmlns=\"http:\/\/www.w3.org\/2000\/svg\"><path d=\"M0 384.662V127.338c0-17.818 21.543-26.741 34.142-14.142l128.662 128.662c7.81 7.81 7.81 20.474 0 28.284L34.142 398.804C21.543 411.404 0 402.48 0 384.662z\"><\/path><\/svg><\/span>\n\t\t\t\t\t\t\t\t<span class=\"elementor-toggle-icon-opened\"><svg class=\"elementor-toggle-icon-opened e-font-icon-svg e-fas-caret-up\" viewBox=\"0 0 320 512\" xmlns=\"http:\/\/www.w3.org\/2000\/svg\"><path d=\"M288.662 352H31.338c-17.818 0-26.741-21.543-14.142-34.142l128.662-128.662c7.81-7.81 20.474-7.81 28.284 0l128.662 128.662c12.6 12.599 3.676 34.142-14.142 34.142z\"><\/path><\/svg><\/span>\n\t\t\t\t\t\t\t\t\t\t\t\t\t<\/span>\n\t\t\t\t\t\t\t\t\t\t\t\t<a class=\"elementor-toggle-title\" tabindex=\"0\">SAKLAMA:<\/a>\n\t\t\t\t\t<\/div>\n\n\t\t\t\t\t<div id=\"elementor-tab-content-3665\" class=\"elementor-tab-content elementor-clearfix\" data-tab=\"5\" role=\"region\" aria-labelledby=\"elementor-tab-title-3665\"><p>25\u02daC&#8217;nin alt\u0131nda kuru ve karanl\u0131k bir yerde saklay\u0131n\u0131z.<\/p>\n<\/div>\n\t\t\t\t<\/div>\n\t\t\t\t\t\t\t\t<\/div>\n\t\t\t\t\t\t<\/div>\n\t\t\t\t<\/div>\n\t\t\t\t\t<\/div>\n\t\t\t\t<\/div>\n\t\t\t\t<\/div>\n\t\t","protected":false},"excerpt":{"rendered":"<p><strong>GROWERDAT<\/strong>, besi d\u00f6nemi s\u0131ras\u0131nda hayvanlar\u0131n b\u00fcy\u00fcme potansiyelini maksimize etmek i\u00e7in olu\u015fturulmu\u015f bir preparatt\u0131r.<br \/>\nForm\u00fclasyonda bulunan bitkisel maddeler, sindirimi ve besin maddelerinin asimilasyonunu te\u015fvik eder, karaci\u011fer fonksiyon bozuklu\u011fu riskini en aza indirir ve y\u00fcksek hayvan verimlili\u011fini s\u00fcrekli olarak s\u00fcrd\u00fcrmeye olanak tan\u0131r.<br \/>\n\u00d6zel olarak se\u00e7ilmi\u015f maya metabolitleri ve orta zincirli ya\u011f asitlerinin (MCFA) bile\u015fimi, AGP&#8217;ye m\u00fckemmel bir alternatiftir, ba\u011f\u0131rsak villuslar\u0131n\u0131n b\u00fcy\u00fcmesini ve yenilenmesini te\u015fvik eder ve ba\u011f\u0131rsak iltihab\u0131n\u0131 \u00f6nler. Bir amino asit kompleksi, diyeti en de\u011ferli yap\u0131 ta\u015flar\u0131yla zenginle\u015ftirirken, asit kar\u0131\u015f\u0131m\u0131, sindirim sorunlar\u0131yla ilgili problemlerin olu\u015fumunu azalt\u0131r ve besin maddelerinin emilimini iyile\u015ftirir.<br \/>\n<strong>GROWERDAT<\/strong>, daha y\u00fcksek nihai v\u00fccut a\u011f\u0131rl\u0131\u011f\u0131, daha y\u00fcksek kesim verim oran\u0131 ve daha d\u00fc\u015f\u00fck FCR (yemden yararlanma oran\u0131) garantiler.<\/p>\n","protected":false},"featured_media":29289,"template":"","meta":[],"product_cat":[184,186,175,187],"product_tag":[],"class_list":{"0":"post-30010","1":"product","2":"type-product","3":"status-publish","4":"has-post-thumbnail","6":"product_cat-kanatli","7":"product_cat-kuslar","8":"product_cat-ruminantlar","9":"product_cat-yem-katki-maddeleri","11":"first","12":"instock","13":"shipping-taxable","14":"product-type-simple"},"yoast_head":"<!-- This site is optimized with the Yoast SEO plugin v24.1 - https:\/\/yoast.com\/wordpress\/plugins\/seo\/ -->\n<title>GROWDAT - regnovet<\/title>\n<meta name=\"robots\" content=\"index, follow, max-snippet:-1, max-image-preview:large, max-video-preview:-1\" \/>\n<link rel=\"canonical\" href=\"https:\/\/www.regnovet.com\/tr\/urun\/growdat\/\" \/>\n<meta property=\"og:locale\" content=\"tr_TR\" \/>\n<meta property=\"og:type\" content=\"article\" \/>\n<meta property=\"og:title\" content=\"GROWDAT - regnovet\" \/>\n<meta property=\"og:description\" content=\"GROWERDAT, besi d\u00f6nemi s\u0131ras\u0131nda hayvanlar\u0131n b\u00fcy\u00fcme potansiyelini maksimize etmek i\u00e7in olu\u015fturulmu\u015f bir preparatt\u0131r. Form\u00fclasyonda bulunan bitkisel maddeler, sindirimi ve besin maddelerinin asimilasyonunu te\u015fvik eder, karaci\u011fer fonksiyon bozuklu\u011fu riskini en aza indirir ve y\u00fcksek hayvan verimlili\u011fini s\u00fcrekli olarak s\u00fcrd\u00fcrmeye olanak tan\u0131r. \u00d6zel olarak se\u00e7ilmi\u015f maya metabolitleri ve orta zincirli ya\u011f asitlerinin (MCFA) bile\u015fimi, AGP&#039;ye m\u00fckemmel bir alternatiftir, ba\u011f\u0131rsak villuslar\u0131n\u0131n b\u00fcy\u00fcmesini ve yenilenmesini te\u015fvik eder ve ba\u011f\u0131rsak iltihab\u0131n\u0131 \u00f6nler. Bir amino asit kompleksi, diyeti en de\u011ferli yap\u0131 ta\u015flar\u0131yla zenginle\u015ftirirken, asit kar\u0131\u015f\u0131m\u0131, sindirim sorunlar\u0131yla ilgili problemlerin olu\u015fumunu azalt\u0131r ve besin maddelerinin emilimini iyile\u015ftirir. GROWERDAT, daha y\u00fcksek nihai v\u00fccut a\u011f\u0131rl\u0131\u011f\u0131, daha y\u00fcksek kesim verim oran\u0131 ve daha d\u00fc\u015f\u00fck FCR (yemden yararlanma oran\u0131) garantiler.\" \/>\n<meta property=\"og:url\" content=\"https:\/\/www.regnovet.com\/tr\/urun\/growdat\/\" \/>\n<meta property=\"og:site_name\" content=\"regnovet\" \/>\n<meta property=\"article:publisher\" content=\"https:\/\/www.facebook.com\/people\/RegnoVet\/61571321505220\/\" \/>\n<meta property=\"article:modified_time\" content=\"2024-12-17T08:44:45+00:00\" \/>\n<meta property=\"og:image\" content=\"https:\/\/www.regnovet.com\/wp-content\/uploads\/2024\/11\/GROWDAT.jpg\" \/>\n\t<meta property=\"og:image:width\" content=\"700\" \/>\n\t<meta property=\"og:image:height\" content=\"700\" \/>\n\t<meta property=\"og:image:type\" content=\"image\/jpeg\" \/>\n<meta name=\"twitter:card\" content=\"summary_large_image\" \/>\n<meta name=\"twitter:label1\" content=\"Tahmini okuma s\u00fcresi\" \/>\n\t<meta name=\"twitter:data1\" content=\"1 dakika\" \/>\n<script type=\"application\/ld+json\" class=\"yoast-schema-graph\">{\"@context\":\"https:\/\/schema.org\",\"@graph\":[{\"@type\":\"WebPage\",\"@id\":\"https:\/\/www.regnovet.com\/tr\/urun\/growdat\/\",\"url\":\"https:\/\/www.regnovet.com\/tr\/urun\/growdat\/\",\"name\":\"GROWDAT - regnovet\",\"isPartOf\":{\"@id\":\"https:\/\/www.regnovet.com\/tr\/#website\"},\"primaryImageOfPage\":{\"@id\":\"https:\/\/www.regnovet.com\/tr\/urun\/growdat\/#primaryimage\"},\"image\":{\"@id\":\"https:\/\/www.regnovet.com\/tr\/urun\/growdat\/#primaryimage\"},\"thumbnailUrl\":\"https:\/\/www.regnovet.com\/wp-content\/uploads\/2024\/11\/GROWDAT.jpg\",\"datePublished\":\"2024-11-04T12:27:41+00:00\",\"dateModified\":\"2024-12-17T08:44:45+00:00\",\"breadcrumb\":{\"@id\":\"https:\/\/www.regnovet.com\/tr\/urun\/growdat\/#breadcrumb\"},\"inLanguage\":\"tr\",\"potentialAction\":[{\"@type\":\"ReadAction\",\"target\":[\"https:\/\/www.regnovet.com\/tr\/urun\/growdat\/\"]}]},{\"@type\":\"ImageObject\",\"inLanguage\":\"tr\",\"@id\":\"https:\/\/www.regnovet.com\/tr\/urun\/growdat\/#primaryimage\",\"url\":\"https:\/\/www.regnovet.com\/wp-content\/uploads\/2024\/11\/GROWDAT.jpg\",\"contentUrl\":\"https:\/\/www.regnovet.com\/wp-content\/uploads\/2024\/11\/GROWDAT.jpg\",\"width\":700,\"height\":700},{\"@type\":\"BreadcrumbList\",\"@id\":\"https:\/\/www.regnovet.com\/tr\/urun\/growdat\/#breadcrumb\",\"itemListElement\":[{\"@type\":\"ListItem\",\"position\":1,\"name\":\"Home\",\"item\":\"https:\/\/www.regnovet.com\/tr\/\"},{\"@type\":\"ListItem\",\"position\":2,\"name\":\"\u00dcr\u00fcnler\",\"item\":\"https:\/\/www.regnovet.com\/products\/\"},{\"@type\":\"ListItem\",\"position\":3,\"name\":\"GROWDAT\"}]},{\"@type\":\"WebSite\",\"@id\":\"https:\/\/www.regnovet.com\/tr\/#website\",\"url\":\"https:\/\/www.regnovet.com\/tr\/\",\"name\":\"regnovet\",\"description\":\"\",\"publisher\":{\"@id\":\"https:\/\/www.regnovet.com\/tr\/#organization\"},\"potentialAction\":[{\"@type\":\"SearchAction\",\"target\":{\"@type\":\"EntryPoint\",\"urlTemplate\":\"https:\/\/www.regnovet.com\/tr\/?s={search_term_string}\"},\"query-input\":{\"@type\":\"PropertyValueSpecification\",\"valueRequired\":true,\"valueName\":\"search_term_string\"}}],\"inLanguage\":\"tr\"},{\"@type\":\"Organization\",\"@id\":\"https:\/\/www.regnovet.com\/tr\/#organization\",\"name\":\"regnovet\",\"url\":\"https:\/\/www.regnovet.com\/tr\/\",\"logo\":{\"@type\":\"ImageObject\",\"inLanguage\":\"tr\",\"@id\":\"https:\/\/www.regnovet.com\/tr\/#\/schema\/logo\/image\/\",\"url\":\"https:\/\/www.regnovet.com\/wp-content\/uploads\/2024\/09\/cropped-512.png\",\"contentUrl\":\"https:\/\/www.regnovet.com\/wp-content\/uploads\/2024\/09\/cropped-512.png\",\"width\":512,\"height\":512,\"caption\":\"regnovet\"},\"image\":{\"@id\":\"https:\/\/www.regnovet.com\/tr\/#\/schema\/logo\/image\/\"},\"sameAs\":[\"https:\/\/www.facebook.com\/people\/RegnoVet\/61571321505220\/\"]}]}<\/script>\n<!-- \/ Yoast SEO plugin. -->","yoast_head_json":{"title":"GROWDAT - regnovet","robots":{"index":"index","follow":"follow","max-snippet":"max-snippet:-1","max-image-preview":"max-image-preview:large","max-video-preview":"max-video-preview:-1"},"canonical":"https:\/\/www.regnovet.com\/tr\/urun\/growdat\/","og_locale":"tr_TR","og_type":"article","og_title":"GROWDAT - regnovet","og_description":"GROWERDAT, besi d\u00f6nemi s\u0131ras\u0131nda hayvanlar\u0131n b\u00fcy\u00fcme potansiyelini maksimize etmek i\u00e7in olu\u015fturulmu\u015f bir preparatt\u0131r. Form\u00fclasyonda bulunan bitkisel maddeler, sindirimi ve besin maddelerinin asimilasyonunu te\u015fvik eder, karaci\u011fer fonksiyon bozuklu\u011fu riskini en aza indirir ve y\u00fcksek hayvan verimlili\u011fini s\u00fcrekli olarak s\u00fcrd\u00fcrmeye olanak tan\u0131r. \u00d6zel olarak se\u00e7ilmi\u015f maya metabolitleri ve orta zincirli ya\u011f asitlerinin (MCFA) bile\u015fimi, AGP'ye m\u00fckemmel bir alternatiftir, ba\u011f\u0131rsak villuslar\u0131n\u0131n b\u00fcy\u00fcmesini ve yenilenmesini te\u015fvik eder ve ba\u011f\u0131rsak iltihab\u0131n\u0131 \u00f6nler. Bir amino asit kompleksi, diyeti en de\u011ferli yap\u0131 ta\u015flar\u0131yla zenginle\u015ftirirken, asit kar\u0131\u015f\u0131m\u0131, sindirim sorunlar\u0131yla ilgili problemlerin olu\u015fumunu azalt\u0131r ve besin maddelerinin emilimini iyile\u015ftirir. GROWERDAT, daha y\u00fcksek nihai v\u00fccut a\u011f\u0131rl\u0131\u011f\u0131, daha y\u00fcksek kesim verim oran\u0131 ve daha d\u00fc\u015f\u00fck FCR (yemden yararlanma oran\u0131) garantiler.","og_url":"https:\/\/www.regnovet.com\/tr\/urun\/growdat\/","og_site_name":"regnovet","article_publisher":"https:\/\/www.facebook.com\/people\/RegnoVet\/61571321505220\/","article_modified_time":"2024-12-17T08:44:45+00:00","og_image":[{"width":700,"height":700,"url":"https:\/\/www.regnovet.com\/wp-content\/uploads\/2024\/11\/GROWDAT.jpg","type":"image\/jpeg"}],"twitter_card":"summary_large_image","twitter_misc":{"Tahmini okuma s\u00fcresi":"1 dakika"},"schema":{"@context":"https:\/\/schema.org","@graph":[{"@type":"WebPage","@id":"https:\/\/www.regnovet.com\/tr\/urun\/growdat\/","url":"https:\/\/www.regnovet.com\/tr\/urun\/growdat\/","name":"GROWDAT - regnovet","isPartOf":{"@id":"https:\/\/www.regnovet.com\/tr\/#website"},"primaryImageOfPage":{"@id":"https:\/\/www.regnovet.com\/tr\/urun\/growdat\/#primaryimage"},"image":{"@id":"https:\/\/www.regnovet.com\/tr\/urun\/growdat\/#primaryimage"},"thumbnailUrl":"https:\/\/www.regnovet.com\/wp-content\/uploads\/2024\/11\/GROWDAT.jpg","datePublished":"2024-11-04T12:27:41+00:00","dateModified":"2024-12-17T08:44:45+00:00","breadcrumb":{"@id":"https:\/\/www.regnovet.com\/tr\/urun\/growdat\/#breadcrumb"},"inLanguage":"tr","potentialAction":[{"@type":"ReadAction","target":["https:\/\/www.regnovet.com\/tr\/urun\/growdat\/"]}]},{"@type":"ImageObject","inLanguage":"tr","@id":"https:\/\/www.regnovet.com\/tr\/urun\/growdat\/#primaryimage","url":"https:\/\/www.regnovet.com\/wp-content\/uploads\/2024\/11\/GROWDAT.jpg","contentUrl":"https:\/\/www.regnovet.com\/wp-content\/uploads\/2024\/11\/GROWDAT.jpg","width":700,"height":700},{"@type":"BreadcrumbList","@id":"https:\/\/www.regnovet.com\/tr\/urun\/growdat\/#breadcrumb","itemListElement":[{"@type":"ListItem","position":1,"name":"Home","item":"https:\/\/www.regnovet.com\/tr\/"},{"@type":"ListItem","position":2,"name":"\u00dcr\u00fcnler","item":"https:\/\/www.regnovet.com\/products\/"},{"@type":"ListItem","position":3,"name":"GROWDAT"}]},{"@type":"WebSite","@id":"https:\/\/www.regnovet.com\/tr\/#website","url":"https:\/\/www.regnovet.com\/tr\/","name":"regnovet","description":"","publisher":{"@id":"https:\/\/www.regnovet.com\/tr\/#organization"},"potentialAction":[{"@type":"SearchAction","target":{"@type":"EntryPoint","urlTemplate":"https:\/\/www.regnovet.com\/tr\/?s={search_term_string}"},"query-input":{"@type":"PropertyValueSpecification","valueRequired":true,"valueName":"search_term_string"}}],"inLanguage":"tr"},{"@type":"Organization","@id":"https:\/\/www.regnovet.com\/tr\/#organization","name":"regnovet","url":"https:\/\/www.regnovet.com\/tr\/","logo":{"@type":"ImageObject","inLanguage":"tr","@id":"https:\/\/www.regnovet.com\/tr\/#\/schema\/logo\/image\/","url":"https:\/\/www.regnovet.com\/wp-content\/uploads\/2024\/09\/cropped-512.png","contentUrl":"https:\/\/www.regnovet.com\/wp-content\/uploads\/2024\/09\/cropped-512.png","width":512,"height":512,"caption":"regnovet"},"image":{"@id":"https:\/\/www.regnovet.com\/tr\/#\/schema\/logo\/image\/"},"sameAs":["https:\/\/www.facebook.com\/people\/RegnoVet\/61571321505220\/"]}]}},"_links":{"self":[{"href":"https:\/\/www.regnovet.com\/tr\/wp-json\/wp\/v2\/product\/30010","targetHints":{"allow":["GET"]}}],"collection":[{"href":"https:\/\/www.regnovet.com\/tr\/wp-json\/wp\/v2\/product"}],"about":[{"href":"https:\/\/www.regnovet.com\/tr\/wp-json\/wp\/v2\/types\/product"}],"version-history":[{"count":1,"href":"https:\/\/www.regnovet.com\/tr\/wp-json\/wp\/v2\/product\/30010\/revisions"}],"predecessor-version":[{"id":30011,"href":"https:\/\/www.regnovet.com\/tr\/wp-json\/wp\/v2\/product\/30010\/revisions\/30011"}],"wp:featuredmedia":[{"embeddable":true,"href":"https:\/\/www.regnovet.com\/tr\/wp-json\/wp\/v2\/media\/29289"}],"wp:attachment":[{"href":"https:\/\/www.regnovet.com\/tr\/wp-json\/wp\/v2\/media?parent=30010"}],"wp:term":[{"taxonomy":"product_cat","embeddable":true,"href":"https:\/\/www.regnovet.com\/tr\/wp-json\/wp\/v2\/product_cat?post=30010"},{"taxonomy":"product_tag","embeddable":true,"href":"https:\/\/www.regnovet.com\/tr\/wp-json\/wp\/v2\/product_tag?post=30010"}],"curies":[{"name":"wp","href":"https:\/\/api.w.org\/{rel}","templated":true}]}}