{"id":30018,"date":"2024-11-04T12:23:27","date_gmt":"2024-11-04T12:23:27","guid":{"rendered":"https:\/\/www.regnovet.com\/product\/ad3e-ck\/"},"modified":"2024-12-17T09:03:35","modified_gmt":"2024-12-17T09:03:35","slug":"ad3e-ck","status":"publish","type":"product","link":"https:\/\/www.regnovet.com\/tr\/urun\/ad3e-ck\/","title":{"rendered":"AD3E-CK"},"content":{"rendered":"\t\t<div data-elementor-type=\"wp-post\" data-elementor-id=\"30018\" class=\"elementor elementor-30018 elementor-28267\">\n\t\t\t\t<div class=\"wd-negative-gap elementor-element elementor-element-1825ef1 e-flex e-con-boxed e-con e-parent\" data-id=\"1825ef1\" data-element_type=\"container\" data-e-type=\"container\">\n\t\t\t\t\t<div class=\"e-con-inner\">\n\t\t\t\t<div class=\"elementor-element elementor-element-4bc5bb0 elementor-widget elementor-widget-toggle\" data-id=\"4bc5bb0\" data-element_type=\"widget\" data-e-type=\"widget\" data-widget_type=\"toggle.default\">\n\t\t\t\t<div class=\"elementor-widget-container\">\n\t\t\t\t\t\t\t<div class=\"elementor-toggle\">\n\t\t\t\t\t\t\t<div class=\"elementor-toggle-item\">\n\t\t\t\t\t<div id=\"elementor-tab-title-7941\" class=\"elementor-tab-title\" data-tab=\"1\" role=\"button\" aria-controls=\"elementor-tab-content-7941\" aria-expanded=\"false\">\n\t\t\t\t\t\t\t\t\t\t\t\t<span class=\"elementor-toggle-icon elementor-toggle-icon-left\" aria-hidden=\"true\">\n\t\t\t\t\t\t\t\t\t\t\t\t\t\t\t<span class=\"elementor-toggle-icon-closed\"><svg class=\"e-font-icon-svg e-fas-caret-right\" viewBox=\"0 0 192 512\" xmlns=\"http:\/\/www.w3.org\/2000\/svg\"><path d=\"M0 384.662V127.338c0-17.818 21.543-26.741 34.142-14.142l128.662 128.662c7.81 7.81 7.81 20.474 0 28.284L34.142 398.804C21.543 411.404 0 402.48 0 384.662z\"><\/path><\/svg><\/span>\n\t\t\t\t\t\t\t\t<span class=\"elementor-toggle-icon-opened\"><svg class=\"elementor-toggle-icon-opened e-font-icon-svg e-fas-caret-up\" viewBox=\"0 0 320 512\" xmlns=\"http:\/\/www.w3.org\/2000\/svg\"><path d=\"M288.662 352H31.338c-17.818 0-26.741-21.543-14.142-34.142l128.662-128.662c7.81-7.81 20.474-7.81 28.284 0l128.662 128.662c12.6 12.599 3.676 34.142-14.142 34.142z\"><\/path><\/svg><\/span>\n\t\t\t\t\t\t\t\t\t\t\t\t\t<\/span>\n\t\t\t\t\t\t\t\t\t\t\t\t<a class=\"elementor-toggle-title\" tabindex=\"0\">\u0130\u00c7ER\u0130K:<\/a>\n\t\t\t\t\t<\/div>\n\n\t\t\t\t\t<div id=\"elementor-tab-content-7941\" class=\"elementor-tab-content elementor-clearfix\" data-tab=\"1\" role=\"region\" aria-labelledby=\"elementor-tab-title-7941\"><p>A Vitamini, D3 Vitamini, E Vitamini, C Vitamini ve K Vitamini<\/p>\n<\/div>\n\t\t\t\t<\/div>\n\t\t\t\t\t\t\t<div class=\"elementor-toggle-item\">\n\t\t\t\t\t<div id=\"elementor-tab-title-7942\" class=\"elementor-tab-title\" data-tab=\"2\" role=\"button\" aria-controls=\"elementor-tab-content-7942\" aria-expanded=\"false\">\n\t\t\t\t\t\t\t\t\t\t\t\t<span class=\"elementor-toggle-icon elementor-toggle-icon-left\" aria-hidden=\"true\">\n\t\t\t\t\t\t\t\t\t\t\t\t\t\t\t<span class=\"elementor-toggle-icon-closed\"><svg class=\"e-font-icon-svg e-fas-caret-right\" viewBox=\"0 0 192 512\" xmlns=\"http:\/\/www.w3.org\/2000\/svg\"><path d=\"M0 384.662V127.338c0-17.818 21.543-26.741 34.142-14.142l128.662 128.662c7.81 7.81 7.81 20.474 0 28.284L34.142 398.804C21.543 411.404 0 402.48 0 384.662z\"><\/path><\/svg><\/span>\n\t\t\t\t\t\t\t\t<span class=\"elementor-toggle-icon-opened\"><svg class=\"elementor-toggle-icon-opened e-font-icon-svg e-fas-caret-up\" viewBox=\"0 0 320 512\" xmlns=\"http:\/\/www.w3.org\/2000\/svg\"><path d=\"M288.662 352H31.338c-17.818 0-26.741-21.543-14.142-34.142l128.662-128.662c7.81-7.81 20.474-7.81 28.284 0l128.662 128.662c12.6 12.599 3.676 34.142-14.142 34.142z\"><\/path><\/svg><\/span>\n\t\t\t\t\t\t\t\t\t\t\t\t\t<\/span>\n\t\t\t\t\t\t\t\t\t\t\t\t<a class=\"elementor-toggle-title\" tabindex=\"0\">ENDIKASYON:<\/a>\n\t\t\t\t\t<\/div>\n\n\t\t\t\t\t<div id=\"elementor-tab-content-7942\" class=\"elementor-tab-content elementor-clearfix\" data-tab=\"2\" role=\"region\" aria-labelledby=\"elementor-tab-title-7942\"><p>&#8211; Yumurta \u00fcretimini, yavru verimini ve kilo art\u0131\u015f\u0131n\u0131 art\u0131rmak<br \/>\n&#8211; \u00dcreme d\u00f6neminde do\u011furganl\u0131\u011f\u0131 art\u0131rmak<br \/>\n&#8211; Antibiyotik tedavisi ve a\u015f\u0131lamalardan sonra yenilenme sa\u011flamak<br \/>\n&#8211; Ba\u011f\u0131\u015f\u0131kl\u0131k sistemini uyarmak<br \/>\n&#8211; Hastal\u0131klara kar\u015f\u0131 direnci g\u00fc\u00e7lendirmek<br \/>\n&#8211; Toplama, y\u00fcksek nem veya y\u00fcksek s\u0131cakl\u0131k gibi stres durumlar\u0131nda<br \/>\n&#8211; Gebek ve s\u00fct veren hayvanlar i\u00e7in<br \/>\n&#8211; Yem verimlili\u011fini, FCR&#8217;yi iyile\u015ftirmek ve b\u00fcy\u00fcme h\u0131zlar\u0131n\u0131 art\u0131rmak<\/p>\n<\/div>\n\t\t\t\t<\/div>\n\t\t\t\t\t\t\t<div class=\"elementor-toggle-item\">\n\t\t\t\t\t<div id=\"elementor-tab-title-7943\" class=\"elementor-tab-title\" data-tab=\"3\" role=\"button\" aria-controls=\"elementor-tab-content-7943\" aria-expanded=\"false\">\n\t\t\t\t\t\t\t\t\t\t\t\t<span class=\"elementor-toggle-icon elementor-toggle-icon-left\" aria-hidden=\"true\">\n\t\t\t\t\t\t\t\t\t\t\t\t\t\t\t<span class=\"elementor-toggle-icon-closed\"><svg class=\"e-font-icon-svg e-fas-caret-right\" viewBox=\"0 0 192 512\" xmlns=\"http:\/\/www.w3.org\/2000\/svg\"><path d=\"M0 384.662V127.338c0-17.818 21.543-26.741 34.142-14.142l128.662 128.662c7.81 7.81 7.81 20.474 0 28.284L34.142 398.804C21.543 411.404 0 402.48 0 384.662z\"><\/path><\/svg><\/span>\n\t\t\t\t\t\t\t\t<span class=\"elementor-toggle-icon-opened\"><svg class=\"elementor-toggle-icon-opened e-font-icon-svg e-fas-caret-up\" viewBox=\"0 0 320 512\" xmlns=\"http:\/\/www.w3.org\/2000\/svg\"><path d=\"M288.662 352H31.338c-17.818 0-26.741-21.543-14.142-34.142l128.662-128.662c7.81-7.81 20.474-7.81 28.284 0l128.662 128.662c12.6 12.599 3.676 34.142-14.142 34.142z\"><\/path><\/svg><\/span>\n\t\t\t\t\t\t\t\t\t\t\t\t\t<\/span>\n\t\t\t\t\t\t\t\t\t\t\t\t<a class=\"elementor-toggle-title\" tabindex=\"0\">DOZAJ:<\/a>\n\t\t\t\t\t<\/div>\n\n\t\t\t\t\t<div id=\"elementor-tab-content-7943\" class=\"elementor-tab-content elementor-clearfix\" data-tab=\"3\" role=\"region\" aria-labelledby=\"elementor-tab-title-7943\"><p><strong>Kanatl\u0131lar:<\/strong> 3 g\u00fcn boyunca her g\u00fcn 2 litre i\u00e7me suyuna 1 ml<br \/>\n<strong>\u00a0S\u0131\u011f\u0131rlar, Atlar ve Develer:<\/strong> 3 g\u00fcn boyunca her g\u00fcn 10-15 ml i\u00e7me suyuna<br \/>\n<strong>Koyun, Ke\u00e7iler, Buza\u011f\u0131lar ve Taylar:<\/strong> 3 g\u00fcn boyunca her g\u00fcn 5 ml i\u00e7me suyuna<\/p>\n<\/div>\n\t\t\t\t<\/div>\n\t\t\t\t\t\t\t<div class=\"elementor-toggle-item\">\n\t\t\t\t\t<div id=\"elementor-tab-title-7944\" class=\"elementor-tab-title\" data-tab=\"4\" role=\"button\" aria-controls=\"elementor-tab-content-7944\" aria-expanded=\"false\">\n\t\t\t\t\t\t\t\t\t\t\t\t<span class=\"elementor-toggle-icon elementor-toggle-icon-left\" aria-hidden=\"true\">\n\t\t\t\t\t\t\t\t\t\t\t\t\t\t\t<span class=\"elementor-toggle-icon-closed\"><svg class=\"e-font-icon-svg e-fas-caret-right\" viewBox=\"0 0 192 512\" xmlns=\"http:\/\/www.w3.org\/2000\/svg\"><path d=\"M0 384.662V127.338c0-17.818 21.543-26.741 34.142-14.142l128.662 128.662c7.81 7.81 7.81 20.474 0 28.284L34.142 398.804C21.543 411.404 0 402.48 0 384.662z\"><\/path><\/svg><\/span>\n\t\t\t\t\t\t\t\t<span class=\"elementor-toggle-icon-opened\"><svg class=\"elementor-toggle-icon-opened e-font-icon-svg e-fas-caret-up\" viewBox=\"0 0 320 512\" xmlns=\"http:\/\/www.w3.org\/2000\/svg\"><path d=\"M288.662 352H31.338c-17.818 0-26.741-21.543-14.142-34.142l128.662-128.662c7.81-7.81 20.474-7.81 28.284 0l128.662 128.662c12.6 12.599 3.676 34.142-14.142 34.142z\"><\/path><\/svg><\/span>\n\t\t\t\t\t\t\t\t\t\t\t\t\t<\/span>\n\t\t\t\t\t\t\t\t\t\t\t\t<a class=\"elementor-toggle-title\" tabindex=\"0\">\u00c7EK\u0130LME S\u00dcRES\u0130:<\/a>\n\t\t\t\t\t<\/div>\n\n\t\t\t\t\t<div id=\"elementor-tab-content-7944\" class=\"elementor-tab-content elementor-clearfix\" data-tab=\"4\" role=\"region\" aria-labelledby=\"elementor-tab-title-7944\"><p>0 g\u00fcn<\/p>\n<\/div>\n\t\t\t\t<\/div>\n\t\t\t\t\t\t\t<div class=\"elementor-toggle-item\">\n\t\t\t\t\t<div id=\"elementor-tab-title-7945\" class=\"elementor-tab-title\" data-tab=\"5\" role=\"button\" aria-controls=\"elementor-tab-content-7945\" aria-expanded=\"false\">\n\t\t\t\t\t\t\t\t\t\t\t\t<span class=\"elementor-toggle-icon elementor-toggle-icon-left\" aria-hidden=\"true\">\n\t\t\t\t\t\t\t\t\t\t\t\t\t\t\t<span class=\"elementor-toggle-icon-closed\"><svg class=\"e-font-icon-svg e-fas-caret-right\" viewBox=\"0 0 192 512\" xmlns=\"http:\/\/www.w3.org\/2000\/svg\"><path d=\"M0 384.662V127.338c0-17.818 21.543-26.741 34.142-14.142l128.662 128.662c7.81 7.81 7.81 20.474 0 28.284L34.142 398.804C21.543 411.404 0 402.48 0 384.662z\"><\/path><\/svg><\/span>\n\t\t\t\t\t\t\t\t<span class=\"elementor-toggle-icon-opened\"><svg class=\"elementor-toggle-icon-opened e-font-icon-svg e-fas-caret-up\" viewBox=\"0 0 320 512\" xmlns=\"http:\/\/www.w3.org\/2000\/svg\"><path d=\"M288.662 352H31.338c-17.818 0-26.741-21.543-14.142-34.142l128.662-128.662c7.81-7.81 20.474-7.81 28.284 0l128.662 128.662c12.6 12.599 3.676 34.142-14.142 34.142z\"><\/path><\/svg><\/span>\n\t\t\t\t\t\t\t\t\t\t\t\t\t<\/span>\n\t\t\t\t\t\t\t\t\t\t\t\t<a class=\"elementor-toggle-title\" tabindex=\"0\">SAKLAMA:<\/a>\n\t\t\t\t\t<\/div>\n\n\t\t\t\t\t<div id=\"elementor-tab-content-7945\" class=\"elementor-tab-content elementor-clearfix\" data-tab=\"5\" role=\"region\" aria-labelledby=\"elementor-tab-title-7945\"><p>15-25\u00b0C (59-77\u00b0F) aras\u0131nda kuru, karanl\u0131k bir yerde saklay\u0131n\u0131z<\/p>\n<\/div>\n\t\t\t\t<\/div>\n\t\t\t\t\t\t\t\t<\/div>\n\t\t\t\t\t\t<\/div>\n\t\t\t\t<\/div>\n\t\t\t\t\t<\/div>\n\t\t\t\t<\/div>\n\t\t\t\t<\/div>\n\t\t","protected":false},"excerpt":{"rendered":"<p>Bu \u00fcr\u00fcn\u00fc olu\u015fturan t\u00fcm ya\u011fda \u00e7\u00f6z\u00fcnebilen vitaminler, kanatl\u0131lar ve hayvanlarda ba\u011f\u0131\u015f\u0131kl\u0131k ve diren\u00e7 seviyelerinin korunmas\u0131, art\u0131r\u0131lmas\u0131 ve g\u00fc\u00e7lendirilmesi i\u00e7in gereklidir.<br \/>\nA vitamini ile ba\u015flayarak, bir\u00e7ok v\u00fccut organ\u0131nda epitel h\u00fccrelerinin ve mukozal y\u00fczeylerin olu\u015fumunu te\u015fvik eder ve bunlar\u0131 hasardan korurken, ayn\u0131 zamanda ba\u011f\u0131\u015f\u0131kl\u0131k sisteminin viral ve bakteriyel enfeksiyonlara kar\u015f\u0131 sava\u015fma kapasitesini art\u0131rmada kritik bir rol oynar.<br \/>\nAyn\u0131 zamanda D3 vitamini, kalsiyum ve fosfor emilimini art\u0131r\u0131r ve bunlar\u0131n kan\u0131ndaki yo\u011funlu\u011funu y\u00fckselterek temel elektrolitlerin ve tuzlar\u0131n dengelenmesini sa\u011flar. Ayr\u0131ca, kalsiyumun yumurta kabuklar\u0131 ve kemiklerde do\u011fru \u015fekilde sabitlenmesine yard\u0131mc\u0131 olur.<br \/>\nE vitamini ise h\u00fccresel oksidasyonu kontrol eder ve kreatin, glikojen ve karbonhidrat metabolizmas\u0131 i\u00e7in \u00f6nemlidir. Antioksidan \u00f6zellikleri, doymam\u0131\u015f ya\u011f asitlerinin ve hatta A vitamini oksidasyonunu engeller. Ayr\u0131ca E vitamini, kanatl\u0131lar ve hayvanlarda bir\u00e7ok v\u00fccut organ\u0131n\u0131n sa\u011fl\u0131\u011f\u0131 ve aktivitesi i\u00e7in en \u00f6nemli besin maddelerinden biridir ve stresli d\u00f6nemlerde diren\u00e7 ve ba\u011f\u0131\u015f\u0131kl\u0131\u011f\u0131 art\u0131r\u0131r.<br \/>\nC vitamini, oksidasyon-reduksiyon s\u00fcre\u00e7lerine kat\u0131l\u0131r, steroid hormonlar\u0131n sentezine yard\u0131mc\u0131 olur ve v\u00fccudun strese kar\u015f\u0131 direncini art\u0131r\u0131r. Bu vitamin ayr\u0131ca mukozal y\u00fczeyleri g\u00fc\u00e7lendirir ve do\u011furganl\u0131k, yavru verimi ve kabuk kalitesini iyile\u015ftirir. Ayr\u0131ca, bu vitaminin, buza\u011f\u0131lar ve do\u011fan atlar i\u00e7in \u00fc\u00e7 aya kadar kullan\u0131lmas\u0131, v\u00fccut direncini g\u00fc\u00e7lendirmeye ve stresi azaltmaya yard\u0131mc\u0131 olur.<br \/>\nK vitamini, protrombin \u00fcretimini aktif bir \u015fekilde etkileyebilir, kanamay\u0131 durdurur ve p\u0131ht\u0131la\u015fma s\u00fcrecini h\u0131zland\u0131r\u0131r. Ayr\u0131ca, \u00e7e\u015fitli v\u00fccut b\u00f6l\u00fcmlerindeki kanamalar\u0131 durdurmak ve cerrahi i\u015flemler sonras\u0131 kanama oranlar\u0131n\u0131 azaltmak i\u00e7in profilaksi amac\u0131yla kullan\u0131l\u0131r. K vitamini kullan\u0131m\u0131, kokidiyoz ile ilgili kanama, yumurtalardaki kan lekeleri ve kanatl\u0131lar ve hayvanlardaki deri alt\u0131 kanamalar\u0131nda belirgin bir azalma sa\u011flar. Ayr\u0131ca, K vitamini, di\u011fer ila\u00e7larla birlikte al\u0131nd\u0131\u011f\u0131nda toksit etkilerini azaltabilen antitoksin \u00f6zelliklere sahiptir.<\/p>\n","protected":false},"featured_media":29323,"template":"","meta":[],"product_cat":[184,186,175,187],"product_tag":[],"class_list":{"0":"post-30018","1":"product","2":"type-product","3":"status-publish","4":"has-post-thumbnail","6":"product_cat-kanatli","7":"product_cat-kuslar","8":"product_cat-ruminantlar","9":"product_cat-yem-katki-maddeleri","11":"first","12":"instock","13":"shipping-taxable","14":"product-type-simple"},"yoast_head":"<!-- This site is optimized with the Yoast SEO plugin v24.1 - https:\/\/yoast.com\/wordpress\/plugins\/seo\/ -->\n<title>AD3E-CK - regnovet<\/title>\n<meta name=\"robots\" content=\"index, follow, max-snippet:-1, max-image-preview:large, max-video-preview:-1\" \/>\n<link rel=\"canonical\" href=\"https:\/\/www.regnovet.com\/tr\/urun\/ad3e-ck\/\" \/>\n<meta property=\"og:locale\" content=\"tr_TR\" \/>\n<meta property=\"og:type\" content=\"article\" \/>\n<meta property=\"og:title\" content=\"AD3E-CK - regnovet\" \/>\n<meta property=\"og:description\" content=\"Bu \u00fcr\u00fcn\u00fc olu\u015fturan t\u00fcm ya\u011fda \u00e7\u00f6z\u00fcnebilen vitaminler, kanatl\u0131lar ve hayvanlarda ba\u011f\u0131\u015f\u0131kl\u0131k ve diren\u00e7 seviyelerinin korunmas\u0131, art\u0131r\u0131lmas\u0131 ve g\u00fc\u00e7lendirilmesi i\u00e7in gereklidir. A vitamini ile ba\u015flayarak, bir\u00e7ok v\u00fccut organ\u0131nda epitel h\u00fccrelerinin ve mukozal y\u00fczeylerin olu\u015fumunu te\u015fvik eder ve bunlar\u0131 hasardan korurken, ayn\u0131 zamanda ba\u011f\u0131\u015f\u0131kl\u0131k sisteminin viral ve bakteriyel enfeksiyonlara kar\u015f\u0131 sava\u015fma kapasitesini art\u0131rmada kritik bir rol oynar. Ayn\u0131 zamanda D3 vitamini, kalsiyum ve fosfor emilimini art\u0131r\u0131r ve bunlar\u0131n kan\u0131ndaki yo\u011funlu\u011funu y\u00fckselterek temel elektrolitlerin ve tuzlar\u0131n dengelenmesini sa\u011flar. Ayr\u0131ca, kalsiyumun yumurta kabuklar\u0131 ve kemiklerde do\u011fru \u015fekilde sabitlenmesine yard\u0131mc\u0131 olur. E vitamini ise h\u00fccresel oksidasyonu kontrol eder ve kreatin, glikojen ve karbonhidrat metabolizmas\u0131 i\u00e7in \u00f6nemlidir. Antioksidan \u00f6zellikleri, doymam\u0131\u015f ya\u011f asitlerinin ve hatta A vitamini oksidasyonunu engeller. Ayr\u0131ca E vitamini, kanatl\u0131lar ve hayvanlarda bir\u00e7ok v\u00fccut organ\u0131n\u0131n sa\u011fl\u0131\u011f\u0131 ve aktivitesi i\u00e7in en \u00f6nemli besin maddelerinden biridir ve stresli d\u00f6nemlerde diren\u00e7 ve ba\u011f\u0131\u015f\u0131kl\u0131\u011f\u0131 art\u0131r\u0131r. C vitamini, oksidasyon-reduksiyon s\u00fcre\u00e7lerine kat\u0131l\u0131r, steroid hormonlar\u0131n sentezine yard\u0131mc\u0131 olur ve v\u00fccudun strese kar\u015f\u0131 direncini art\u0131r\u0131r. Bu vitamin ayr\u0131ca mukozal y\u00fczeyleri g\u00fc\u00e7lendirir ve do\u011furganl\u0131k, yavru verimi ve kabuk kalitesini iyile\u015ftirir. Ayr\u0131ca, bu vitaminin, buza\u011f\u0131lar ve do\u011fan atlar i\u00e7in \u00fc\u00e7 aya kadar kullan\u0131lmas\u0131, v\u00fccut direncini g\u00fc\u00e7lendirmeye ve stresi azaltmaya yard\u0131mc\u0131 olur. K vitamini, protrombin \u00fcretimini aktif bir \u015fekilde etkileyebilir, kanamay\u0131 durdurur ve p\u0131ht\u0131la\u015fma s\u00fcrecini h\u0131zland\u0131r\u0131r. Ayr\u0131ca, \u00e7e\u015fitli v\u00fccut b\u00f6l\u00fcmlerindeki kanamalar\u0131 durdurmak ve cerrahi i\u015flemler sonras\u0131 kanama oranlar\u0131n\u0131 azaltmak i\u00e7in profilaksi amac\u0131yla kullan\u0131l\u0131r. K vitamini kullan\u0131m\u0131, kokidiyoz ile ilgili kanama, yumurtalardaki kan lekeleri ve kanatl\u0131lar ve hayvanlardaki deri alt\u0131 kanamalar\u0131nda belirgin bir azalma sa\u011flar. Ayr\u0131ca, K vitamini, di\u011fer ila\u00e7larla birlikte al\u0131nd\u0131\u011f\u0131nda toksit etkilerini azaltabilen antitoksin \u00f6zelliklere sahiptir.\" \/>\n<meta property=\"og:url\" content=\"https:\/\/www.regnovet.com\/tr\/urun\/ad3e-ck\/\" \/>\n<meta property=\"og:site_name\" content=\"regnovet\" \/>\n<meta property=\"article:publisher\" content=\"https:\/\/www.facebook.com\/people\/RegnoVet\/61571321505220\/\" \/>\n<meta property=\"article:modified_time\" content=\"2024-12-17T09:03:35+00:00\" \/>\n<meta property=\"og:image\" content=\"https:\/\/www.regnovet.com\/wp-content\/uploads\/2024\/11\/AD3E-CK.jpg\" \/>\n\t<meta property=\"og:image:width\" content=\"700\" \/>\n\t<meta property=\"og:image:height\" content=\"700\" \/>\n\t<meta property=\"og:image:type\" content=\"image\/jpeg\" \/>\n<meta name=\"twitter:card\" content=\"summary_large_image\" \/>\n<meta name=\"twitter:label1\" content=\"Tahmini okuma s\u00fcresi\" \/>\n\t<meta name=\"twitter:data1\" content=\"1 dakika\" \/>\n<script type=\"application\/ld+json\" class=\"yoast-schema-graph\">{\"@context\":\"https:\/\/schema.org\",\"@graph\":[{\"@type\":\"WebPage\",\"@id\":\"https:\/\/www.regnovet.com\/tr\/urun\/ad3e-ck\/\",\"url\":\"https:\/\/www.regnovet.com\/tr\/urun\/ad3e-ck\/\",\"name\":\"AD3E-CK - regnovet\",\"isPartOf\":{\"@id\":\"https:\/\/www.regnovet.com\/tr\/#website\"},\"primaryImageOfPage\":{\"@id\":\"https:\/\/www.regnovet.com\/tr\/urun\/ad3e-ck\/#primaryimage\"},\"image\":{\"@id\":\"https:\/\/www.regnovet.com\/tr\/urun\/ad3e-ck\/#primaryimage\"},\"thumbnailUrl\":\"https:\/\/www.regnovet.com\/wp-content\/uploads\/2024\/11\/AD3E-CK.jpg\",\"datePublished\":\"2024-11-04T12:23:27+00:00\",\"dateModified\":\"2024-12-17T09:03:35+00:00\",\"breadcrumb\":{\"@id\":\"https:\/\/www.regnovet.com\/tr\/urun\/ad3e-ck\/#breadcrumb\"},\"inLanguage\":\"tr\",\"potentialAction\":[{\"@type\":\"ReadAction\",\"target\":[\"https:\/\/www.regnovet.com\/tr\/urun\/ad3e-ck\/\"]}]},{\"@type\":\"ImageObject\",\"inLanguage\":\"tr\",\"@id\":\"https:\/\/www.regnovet.com\/tr\/urun\/ad3e-ck\/#primaryimage\",\"url\":\"https:\/\/www.regnovet.com\/wp-content\/uploads\/2024\/11\/AD3E-CK.jpg\",\"contentUrl\":\"https:\/\/www.regnovet.com\/wp-content\/uploads\/2024\/11\/AD3E-CK.jpg\",\"width\":700,\"height\":700},{\"@type\":\"BreadcrumbList\",\"@id\":\"https:\/\/www.regnovet.com\/tr\/urun\/ad3e-ck\/#breadcrumb\",\"itemListElement\":[{\"@type\":\"ListItem\",\"position\":1,\"name\":\"Home\",\"item\":\"https:\/\/www.regnovet.com\/tr\/\"},{\"@type\":\"ListItem\",\"position\":2,\"name\":\"\u00dcr\u00fcnler\",\"item\":\"https:\/\/www.regnovet.com\/products\/\"},{\"@type\":\"ListItem\",\"position\":3,\"name\":\"AD3E-CK\"}]},{\"@type\":\"WebSite\",\"@id\":\"https:\/\/www.regnovet.com\/tr\/#website\",\"url\":\"https:\/\/www.regnovet.com\/tr\/\",\"name\":\"regnovet\",\"description\":\"\",\"publisher\":{\"@id\":\"https:\/\/www.regnovet.com\/tr\/#organization\"},\"potentialAction\":[{\"@type\":\"SearchAction\",\"target\":{\"@type\":\"EntryPoint\",\"urlTemplate\":\"https:\/\/www.regnovet.com\/tr\/?s={search_term_string}\"},\"query-input\":{\"@type\":\"PropertyValueSpecification\",\"valueRequired\":true,\"valueName\":\"search_term_string\"}}],\"inLanguage\":\"tr\"},{\"@type\":\"Organization\",\"@id\":\"https:\/\/www.regnovet.com\/tr\/#organization\",\"name\":\"regnovet\",\"url\":\"https:\/\/www.regnovet.com\/tr\/\",\"logo\":{\"@type\":\"ImageObject\",\"inLanguage\":\"tr\",\"@id\":\"https:\/\/www.regnovet.com\/tr\/#\/schema\/logo\/image\/\",\"url\":\"https:\/\/www.regnovet.com\/wp-content\/uploads\/2024\/09\/cropped-512.png\",\"contentUrl\":\"https:\/\/www.regnovet.com\/wp-content\/uploads\/2024\/09\/cropped-512.png\",\"width\":512,\"height\":512,\"caption\":\"regnovet\"},\"image\":{\"@id\":\"https:\/\/www.regnovet.com\/tr\/#\/schema\/logo\/image\/\"},\"sameAs\":[\"https:\/\/www.facebook.com\/people\/RegnoVet\/61571321505220\/\"]}]}<\/script>\n<!-- \/ Yoast SEO plugin. -->","yoast_head_json":{"title":"AD3E-CK - regnovet","robots":{"index":"index","follow":"follow","max-snippet":"max-snippet:-1","max-image-preview":"max-image-preview:large","max-video-preview":"max-video-preview:-1"},"canonical":"https:\/\/www.regnovet.com\/tr\/urun\/ad3e-ck\/","og_locale":"tr_TR","og_type":"article","og_title":"AD3E-CK - regnovet","og_description":"Bu \u00fcr\u00fcn\u00fc olu\u015fturan t\u00fcm ya\u011fda \u00e7\u00f6z\u00fcnebilen vitaminler, kanatl\u0131lar ve hayvanlarda ba\u011f\u0131\u015f\u0131kl\u0131k ve diren\u00e7 seviyelerinin korunmas\u0131, art\u0131r\u0131lmas\u0131 ve g\u00fc\u00e7lendirilmesi i\u00e7in gereklidir. A vitamini ile ba\u015flayarak, bir\u00e7ok v\u00fccut organ\u0131nda epitel h\u00fccrelerinin ve mukozal y\u00fczeylerin olu\u015fumunu te\u015fvik eder ve bunlar\u0131 hasardan korurken, ayn\u0131 zamanda ba\u011f\u0131\u015f\u0131kl\u0131k sisteminin viral ve bakteriyel enfeksiyonlara kar\u015f\u0131 sava\u015fma kapasitesini art\u0131rmada kritik bir rol oynar. Ayn\u0131 zamanda D3 vitamini, kalsiyum ve fosfor emilimini art\u0131r\u0131r ve bunlar\u0131n kan\u0131ndaki yo\u011funlu\u011funu y\u00fckselterek temel elektrolitlerin ve tuzlar\u0131n dengelenmesini sa\u011flar. Ayr\u0131ca, kalsiyumun yumurta kabuklar\u0131 ve kemiklerde do\u011fru \u015fekilde sabitlenmesine yard\u0131mc\u0131 olur. E vitamini ise h\u00fccresel oksidasyonu kontrol eder ve kreatin, glikojen ve karbonhidrat metabolizmas\u0131 i\u00e7in \u00f6nemlidir. Antioksidan \u00f6zellikleri, doymam\u0131\u015f ya\u011f asitlerinin ve hatta A vitamini oksidasyonunu engeller. Ayr\u0131ca E vitamini, kanatl\u0131lar ve hayvanlarda bir\u00e7ok v\u00fccut organ\u0131n\u0131n sa\u011fl\u0131\u011f\u0131 ve aktivitesi i\u00e7in en \u00f6nemli besin maddelerinden biridir ve stresli d\u00f6nemlerde diren\u00e7 ve ba\u011f\u0131\u015f\u0131kl\u0131\u011f\u0131 art\u0131r\u0131r. C vitamini, oksidasyon-reduksiyon s\u00fcre\u00e7lerine kat\u0131l\u0131r, steroid hormonlar\u0131n sentezine yard\u0131mc\u0131 olur ve v\u00fccudun strese kar\u015f\u0131 direncini art\u0131r\u0131r. Bu vitamin ayr\u0131ca mukozal y\u00fczeyleri g\u00fc\u00e7lendirir ve do\u011furganl\u0131k, yavru verimi ve kabuk kalitesini iyile\u015ftirir. Ayr\u0131ca, bu vitaminin, buza\u011f\u0131lar ve do\u011fan atlar i\u00e7in \u00fc\u00e7 aya kadar kullan\u0131lmas\u0131, v\u00fccut direncini g\u00fc\u00e7lendirmeye ve stresi azaltmaya yard\u0131mc\u0131 olur. K vitamini, protrombin \u00fcretimini aktif bir \u015fekilde etkileyebilir, kanamay\u0131 durdurur ve p\u0131ht\u0131la\u015fma s\u00fcrecini h\u0131zland\u0131r\u0131r. Ayr\u0131ca, \u00e7e\u015fitli v\u00fccut b\u00f6l\u00fcmlerindeki kanamalar\u0131 durdurmak ve cerrahi i\u015flemler sonras\u0131 kanama oranlar\u0131n\u0131 azaltmak i\u00e7in profilaksi amac\u0131yla kullan\u0131l\u0131r. K vitamini kullan\u0131m\u0131, kokidiyoz ile ilgili kanama, yumurtalardaki kan lekeleri ve kanatl\u0131lar ve hayvanlardaki deri alt\u0131 kanamalar\u0131nda belirgin bir azalma sa\u011flar. Ayr\u0131ca, K vitamini, di\u011fer ila\u00e7larla birlikte al\u0131nd\u0131\u011f\u0131nda toksit etkilerini azaltabilen antitoksin \u00f6zelliklere sahiptir.","og_url":"https:\/\/www.regnovet.com\/tr\/urun\/ad3e-ck\/","og_site_name":"regnovet","article_publisher":"https:\/\/www.facebook.com\/people\/RegnoVet\/61571321505220\/","article_modified_time":"2024-12-17T09:03:35+00:00","og_image":[{"width":700,"height":700,"url":"https:\/\/www.regnovet.com\/wp-content\/uploads\/2024\/11\/AD3E-CK.jpg","type":"image\/jpeg"}],"twitter_card":"summary_large_image","twitter_misc":{"Tahmini okuma s\u00fcresi":"1 dakika"},"schema":{"@context":"https:\/\/schema.org","@graph":[{"@type":"WebPage","@id":"https:\/\/www.regnovet.com\/tr\/urun\/ad3e-ck\/","url":"https:\/\/www.regnovet.com\/tr\/urun\/ad3e-ck\/","name":"AD3E-CK - regnovet","isPartOf":{"@id":"https:\/\/www.regnovet.com\/tr\/#website"},"primaryImageOfPage":{"@id":"https:\/\/www.regnovet.com\/tr\/urun\/ad3e-ck\/#primaryimage"},"image":{"@id":"https:\/\/www.regnovet.com\/tr\/urun\/ad3e-ck\/#primaryimage"},"thumbnailUrl":"https:\/\/www.regnovet.com\/wp-content\/uploads\/2024\/11\/AD3E-CK.jpg","datePublished":"2024-11-04T12:23:27+00:00","dateModified":"2024-12-17T09:03:35+00:00","breadcrumb":{"@id":"https:\/\/www.regnovet.com\/tr\/urun\/ad3e-ck\/#breadcrumb"},"inLanguage":"tr","potentialAction":[{"@type":"ReadAction","target":["https:\/\/www.regnovet.com\/tr\/urun\/ad3e-ck\/"]}]},{"@type":"ImageObject","inLanguage":"tr","@id":"https:\/\/www.regnovet.com\/tr\/urun\/ad3e-ck\/#primaryimage","url":"https:\/\/www.regnovet.com\/wp-content\/uploads\/2024\/11\/AD3E-CK.jpg","contentUrl":"https:\/\/www.regnovet.com\/wp-content\/uploads\/2024\/11\/AD3E-CK.jpg","width":700,"height":700},{"@type":"BreadcrumbList","@id":"https:\/\/www.regnovet.com\/tr\/urun\/ad3e-ck\/#breadcrumb","itemListElement":[{"@type":"ListItem","position":1,"name":"Home","item":"https:\/\/www.regnovet.com\/tr\/"},{"@type":"ListItem","position":2,"name":"\u00dcr\u00fcnler","item":"https:\/\/www.regnovet.com\/products\/"},{"@type":"ListItem","position":3,"name":"AD3E-CK"}]},{"@type":"WebSite","@id":"https:\/\/www.regnovet.com\/tr\/#website","url":"https:\/\/www.regnovet.com\/tr\/","name":"regnovet","description":"","publisher":{"@id":"https:\/\/www.regnovet.com\/tr\/#organization"},"potentialAction":[{"@type":"SearchAction","target":{"@type":"EntryPoint","urlTemplate":"https:\/\/www.regnovet.com\/tr\/?s={search_term_string}"},"query-input":{"@type":"PropertyValueSpecification","valueRequired":true,"valueName":"search_term_string"}}],"inLanguage":"tr"},{"@type":"Organization","@id":"https:\/\/www.regnovet.com\/tr\/#organization","name":"regnovet","url":"https:\/\/www.regnovet.com\/tr\/","logo":{"@type":"ImageObject","inLanguage":"tr","@id":"https:\/\/www.regnovet.com\/tr\/#\/schema\/logo\/image\/","url":"https:\/\/www.regnovet.com\/wp-content\/uploads\/2024\/09\/cropped-512.png","contentUrl":"https:\/\/www.regnovet.com\/wp-content\/uploads\/2024\/09\/cropped-512.png","width":512,"height":512,"caption":"regnovet"},"image":{"@id":"https:\/\/www.regnovet.com\/tr\/#\/schema\/logo\/image\/"},"sameAs":["https:\/\/www.facebook.com\/people\/RegnoVet\/61571321505220\/"]}]}},"_links":{"self":[{"href":"https:\/\/www.regnovet.com\/tr\/wp-json\/wp\/v2\/product\/30018","targetHints":{"allow":["GET"]}}],"collection":[{"href":"https:\/\/www.regnovet.com\/tr\/wp-json\/wp\/v2\/product"}],"about":[{"href":"https:\/\/www.regnovet.com\/tr\/wp-json\/wp\/v2\/types\/product"}],"version-history":[{"count":1,"href":"https:\/\/www.regnovet.com\/tr\/wp-json\/wp\/v2\/product\/30018\/revisions"}],"predecessor-version":[{"id":30019,"href":"https:\/\/www.regnovet.com\/tr\/wp-json\/wp\/v2\/product\/30018\/revisions\/30019"}],"wp:featuredmedia":[{"embeddable":true,"href":"https:\/\/www.regnovet.com\/tr\/wp-json\/wp\/v2\/media\/29323"}],"wp:attachment":[{"href":"https:\/\/www.regnovet.com\/tr\/wp-json\/wp\/v2\/media?parent=30018"}],"wp:term":[{"taxonomy":"product_cat","embeddable":true,"href":"https:\/\/www.regnovet.com\/tr\/wp-json\/wp\/v2\/product_cat?post=30018"},{"taxonomy":"product_tag","embeddable":true,"href":"https:\/\/www.regnovet.com\/tr\/wp-json\/wp\/v2\/product_tag?post=30018"}],"curies":[{"name":"wp","href":"https:\/\/api.w.org\/{rel}","templated":true}]}}