{"id":30020,"date":"2024-11-04T10:37:11","date_gmt":"2024-11-04T10:37:11","guid":{"rendered":"https:\/\/www.regnovet.com\/product\/d3-calcireg\/"},"modified":"2024-12-17T09:07:16","modified_gmt":"2024-12-17T09:07:16","slug":"d3-calcireg","status":"publish","type":"product","link":"https:\/\/www.regnovet.com\/tr\/urun\/d3-calcireg\/","title":{"rendered":"D3 Calcireg"},"content":{"rendered":"\t\t<div data-elementor-type=\"wp-post\" data-elementor-id=\"30020\" class=\"elementor elementor-30020 elementor-28263\">\n\t\t\t\t<div class=\"wd-negative-gap elementor-element elementor-element-45d57e3 e-flex e-con-boxed e-con e-parent\" data-id=\"45d57e3\" data-element_type=\"container\" data-e-type=\"container\">\n\t\t\t\t\t<div class=\"e-con-inner\">\n\t\t\t\t<div class=\"elementor-element elementor-element-50ebaab elementor-widget elementor-widget-toggle\" data-id=\"50ebaab\" data-element_type=\"widget\" data-e-type=\"widget\" data-widget_type=\"toggle.default\">\n\t\t\t\t<div class=\"elementor-widget-container\">\n\t\t\t\t\t\t\t<div class=\"elementor-toggle\">\n\t\t\t\t\t\t\t<div class=\"elementor-toggle-item\">\n\t\t\t\t\t<div id=\"elementor-tab-title-8481\" class=\"elementor-tab-title\" data-tab=\"1\" role=\"button\" aria-controls=\"elementor-tab-content-8481\" aria-expanded=\"false\">\n\t\t\t\t\t\t\t\t\t\t\t\t<span class=\"elementor-toggle-icon elementor-toggle-icon-left\" aria-hidden=\"true\">\n\t\t\t\t\t\t\t\t\t\t\t\t\t\t\t<span class=\"elementor-toggle-icon-closed\"><svg class=\"e-font-icon-svg e-fas-caret-right\" viewBox=\"0 0 192 512\" xmlns=\"http:\/\/www.w3.org\/2000\/svg\"><path d=\"M0 384.662V127.338c0-17.818 21.543-26.741 34.142-14.142l128.662 128.662c7.81 7.81 7.81 20.474 0 28.284L34.142 398.804C21.543 411.404 0 402.48 0 384.662z\"><\/path><\/svg><\/span>\n\t\t\t\t\t\t\t\t<span class=\"elementor-toggle-icon-opened\"><svg class=\"elementor-toggle-icon-opened e-font-icon-svg e-fas-caret-up\" viewBox=\"0 0 320 512\" xmlns=\"http:\/\/www.w3.org\/2000\/svg\"><path d=\"M288.662 352H31.338c-17.818 0-26.741-21.543-14.142-34.142l128.662-128.662c7.81-7.81 20.474-7.81 28.284 0l128.662 128.662c12.6 12.599 3.676 34.142-14.142 34.142z\"><\/path><\/svg><\/span>\n\t\t\t\t\t\t\t\t\t\t\t\t\t<\/span>\n\t\t\t\t\t\t\t\t\t\t\t\t<a class=\"elementor-toggle-title\" tabindex=\"0\">\u0130\u00e7erik:<\/a>\n\t\t\t\t\t<\/div>\n\n\t\t\t\t\t<div id=\"elementor-tab-content-8481\" class=\"elementor-tab-content elementor-clearfix\" data-tab=\"1\" role=\"region\" aria-labelledby=\"elementor-tab-title-8481\"><p>D3 Vitamini, Fosforik Asit, Kalsiyum Klor\u00fcr, Magnezyum Klor\u00fcr, Potasyum Klor\u00fcr ve \u00c7inko Klor\u00fcr<\/p>\n<\/div>\n\t\t\t\t<\/div>\n\t\t\t\t\t\t\t<div class=\"elementor-toggle-item\">\n\t\t\t\t\t<div id=\"elementor-tab-title-8482\" class=\"elementor-tab-title\" data-tab=\"2\" role=\"button\" aria-controls=\"elementor-tab-content-8482\" aria-expanded=\"false\">\n\t\t\t\t\t\t\t\t\t\t\t\t<span class=\"elementor-toggle-icon elementor-toggle-icon-left\" aria-hidden=\"true\">\n\t\t\t\t\t\t\t\t\t\t\t\t\t\t\t<span class=\"elementor-toggle-icon-closed\"><svg class=\"e-font-icon-svg e-fas-caret-right\" viewBox=\"0 0 192 512\" xmlns=\"http:\/\/www.w3.org\/2000\/svg\"><path d=\"M0 384.662V127.338c0-17.818 21.543-26.741 34.142-14.142l128.662 128.662c7.81 7.81 7.81 20.474 0 28.284L34.142 398.804C21.543 411.404 0 402.48 0 384.662z\"><\/path><\/svg><\/span>\n\t\t\t\t\t\t\t\t<span class=\"elementor-toggle-icon-opened\"><svg class=\"elementor-toggle-icon-opened e-font-icon-svg e-fas-caret-up\" viewBox=\"0 0 320 512\" xmlns=\"http:\/\/www.w3.org\/2000\/svg\"><path d=\"M288.662 352H31.338c-17.818 0-26.741-21.543-14.142-34.142l128.662-128.662c7.81-7.81 20.474-7.81 28.284 0l128.662 128.662c12.6 12.599 3.676 34.142-14.142 34.142z\"><\/path><\/svg><\/span>\n\t\t\t\t\t\t\t\t\t\t\t\t\t<\/span>\n\t\t\t\t\t\t\t\t\t\t\t\t<a class=\"elementor-toggle-title\" tabindex=\"0\">ENDIKASYON:<\/a>\n\t\t\t\t\t<\/div>\n\n\t\t\t\t\t<div id=\"elementor-tab-content-8482\" class=\"elementor-tab-content elementor-clearfix\" data-tab=\"2\" role=\"region\" aria-labelledby=\"elementor-tab-title-8482\"><p>&#8211; Ra\u015fitizm, kondrodizplazi ve osteoporozun \u00f6nlenmesi<br \/>\n&#8211; Hareket bozukluklar\u0131 ve kemik hastal\u0131klar\u0131nda<br \/>\n&#8211; \u0130yi beslenmeme ve kalsiyum ve fosfor oran\u0131ndaki bozukluklarda<br \/>\n&#8211; H\u0131zl\u0131 b\u00fcy\u00fcme d\u00f6nemi boyunca<br \/>\n&#8211; Yumurta kabu\u011funun yetersiz kalsifikasyonu ve deformasyonlar\u0131<br \/>\n&#8211; Yumurta \u00fcretimi d\u00f6nemi, \u00f6zellikle zirve d\u00f6neminde<\/p>\n<\/div>\n\t\t\t\t<\/div>\n\t\t\t\t\t\t\t<div class=\"elementor-toggle-item\">\n\t\t\t\t\t<div id=\"elementor-tab-title-8483\" class=\"elementor-tab-title\" data-tab=\"3\" role=\"button\" aria-controls=\"elementor-tab-content-8483\" aria-expanded=\"false\">\n\t\t\t\t\t\t\t\t\t\t\t\t<span class=\"elementor-toggle-icon elementor-toggle-icon-left\" aria-hidden=\"true\">\n\t\t\t\t\t\t\t\t\t\t\t\t\t\t\t<span class=\"elementor-toggle-icon-closed\"><svg class=\"e-font-icon-svg e-fas-caret-right\" viewBox=\"0 0 192 512\" xmlns=\"http:\/\/www.w3.org\/2000\/svg\"><path d=\"M0 384.662V127.338c0-17.818 21.543-26.741 34.142-14.142l128.662 128.662c7.81 7.81 7.81 20.474 0 28.284L34.142 398.804C21.543 411.404 0 402.48 0 384.662z\"><\/path><\/svg><\/span>\n\t\t\t\t\t\t\t\t<span class=\"elementor-toggle-icon-opened\"><svg class=\"elementor-toggle-icon-opened e-font-icon-svg e-fas-caret-up\" viewBox=\"0 0 320 512\" xmlns=\"http:\/\/www.w3.org\/2000\/svg\"><path d=\"M288.662 352H31.338c-17.818 0-26.741-21.543-14.142-34.142l128.662-128.662c7.81-7.81 20.474-7.81 28.284 0l128.662 128.662c12.6 12.599 3.676 34.142-14.142 34.142z\"><\/path><\/svg><\/span>\n\t\t\t\t\t\t\t\t\t\t\t\t\t<\/span>\n\t\t\t\t\t\t\t\t\t\t\t\t<a class=\"elementor-toggle-title\" tabindex=\"0\"><strong>DOZAJ:<\/strong><\/a>\n\t\t\t\t\t<\/div>\n\n\t\t\t\t\t<div id=\"elementor-tab-content-8483\" class=\"elementor-tab-content elementor-clearfix\" data-tab=\"3\" role=\"region\" aria-labelledby=\"elementor-tab-title-8483\"><p><strong>Kanatl\u0131lar:<\/strong><\/p>\n<ul>\n<li><strong>Koruyucu:<\/strong> 3-7 g\u00fcn boyunca 1000 litre i\u00e7me suyuna 50-100 ml<\/li>\n<li><strong>\u0130ntervansiyonel:<\/strong> 3-7 g\u00fcn boyunca 1000 litre i\u00e7me suyuna 200 ml<\/li>\n<\/ul>\n<p><strong>\u0130nekler ve Develer:<\/strong><\/p>\n<ul>\n<li>3 g\u00fcn boyunca her g\u00fcn 50 ml i\u00e7me suyuna<\/li>\n<\/ul>\n<p><strong>Buza\u011f\u0131lar ve Koyunlar:<\/strong><\/p>\n<ul>\n<li>3 g\u00fcn boyunca her g\u00fcn 20 ml i\u00e7me suyuna<\/li>\n<\/ul>\n<p><strong>Kuzular:<\/strong><\/p>\n<ul>\n<li>5 g\u00fcn boyunca her g\u00fcn 3 ml i\u00e7me suyuna<\/li>\n<\/ul>\n<\/div>\n\t\t\t\t<\/div>\n\t\t\t\t\t\t\t<div class=\"elementor-toggle-item\">\n\t\t\t\t\t<div id=\"elementor-tab-title-8484\" class=\"elementor-tab-title\" data-tab=\"4\" role=\"button\" aria-controls=\"elementor-tab-content-8484\" aria-expanded=\"false\">\n\t\t\t\t\t\t\t\t\t\t\t\t<span class=\"elementor-toggle-icon elementor-toggle-icon-left\" aria-hidden=\"true\">\n\t\t\t\t\t\t\t\t\t\t\t\t\t\t\t<span class=\"elementor-toggle-icon-closed\"><svg class=\"e-font-icon-svg e-fas-caret-right\" viewBox=\"0 0 192 512\" xmlns=\"http:\/\/www.w3.org\/2000\/svg\"><path d=\"M0 384.662V127.338c0-17.818 21.543-26.741 34.142-14.142l128.662 128.662c7.81 7.81 7.81 20.474 0 28.284L34.142 398.804C21.543 411.404 0 402.48 0 384.662z\"><\/path><\/svg><\/span>\n\t\t\t\t\t\t\t\t<span class=\"elementor-toggle-icon-opened\"><svg class=\"elementor-toggle-icon-opened e-font-icon-svg e-fas-caret-up\" viewBox=\"0 0 320 512\" xmlns=\"http:\/\/www.w3.org\/2000\/svg\"><path d=\"M288.662 352H31.338c-17.818 0-26.741-21.543-14.142-34.142l128.662-128.662c7.81-7.81 20.474-7.81 28.284 0l128.662 128.662c12.6 12.599 3.676 34.142-14.142 34.142z\"><\/path><\/svg><\/span>\n\t\t\t\t\t\t\t\t\t\t\t\t\t<\/span>\n\t\t\t\t\t\t\t\t\t\t\t\t<a class=\"elementor-toggle-title\" tabindex=\"0\">\u00c7EK\u0130LME S\u00dcRES\u0130:<\/a>\n\t\t\t\t\t<\/div>\n\n\t\t\t\t\t<div id=\"elementor-tab-content-8484\" class=\"elementor-tab-content elementor-clearfix\" data-tab=\"4\" role=\"region\" aria-labelledby=\"elementor-tab-title-8484\"><p>0 g\u00fcn<\/p>\n<\/div>\n\t\t\t\t<\/div>\n\t\t\t\t\t\t\t<div class=\"elementor-toggle-item\">\n\t\t\t\t\t<div id=\"elementor-tab-title-8485\" class=\"elementor-tab-title\" data-tab=\"5\" role=\"button\" aria-controls=\"elementor-tab-content-8485\" aria-expanded=\"false\">\n\t\t\t\t\t\t\t\t\t\t\t\t<span class=\"elementor-toggle-icon elementor-toggle-icon-left\" aria-hidden=\"true\">\n\t\t\t\t\t\t\t\t\t\t\t\t\t\t\t<span class=\"elementor-toggle-icon-closed\"><svg class=\"e-font-icon-svg e-fas-caret-right\" viewBox=\"0 0 192 512\" xmlns=\"http:\/\/www.w3.org\/2000\/svg\"><path d=\"M0 384.662V127.338c0-17.818 21.543-26.741 34.142-14.142l128.662 128.662c7.81 7.81 7.81 20.474 0 28.284L34.142 398.804C21.543 411.404 0 402.48 0 384.662z\"><\/path><\/svg><\/span>\n\t\t\t\t\t\t\t\t<span class=\"elementor-toggle-icon-opened\"><svg class=\"elementor-toggle-icon-opened e-font-icon-svg e-fas-caret-up\" viewBox=\"0 0 320 512\" xmlns=\"http:\/\/www.w3.org\/2000\/svg\"><path d=\"M288.662 352H31.338c-17.818 0-26.741-21.543-14.142-34.142l128.662-128.662c7.81-7.81 20.474-7.81 28.284 0l128.662 128.662c12.6 12.599 3.676 34.142-14.142 34.142z\"><\/path><\/svg><\/span>\n\t\t\t\t\t\t\t\t\t\t\t\t\t<\/span>\n\t\t\t\t\t\t\t\t\t\t\t\t<a class=\"elementor-toggle-title\" tabindex=\"0\">SAKLAMA:<\/a>\n\t\t\t\t\t<\/div>\n\n\t\t\t\t\t<div id=\"elementor-tab-content-8485\" class=\"elementor-tab-content elementor-clearfix\" data-tab=\"5\" role=\"region\" aria-labelledby=\"elementor-tab-title-8485\"><p>15-25\u00b0C (59-77\u00b0F) aras\u0131nda kuru ve karanl\u0131k bir yerde saklay\u0131n\u0131z<\/p>\n<\/div>\n\t\t\t\t<\/div>\n\t\t\t\t\t\t\t\t<\/div>\n\t\t\t\t\t\t<\/div>\n\t\t\t\t<\/div>\n\t\t\t\t\t<\/div>\n\t\t\t\t<\/div>\n\t\t\t\t<\/div>\n\t\t","protected":false},"excerpt":{"rendered":"<p>Bu \u00fcr\u00fcn, hayvanlara eklenmesinin son derece \u00f6nemli oldu\u011fu hassas bir tamamlay\u0131c\u0131 form\u00fclasyondur. Bu form\u00fcl, y\u00fcksek oranda D3 vitamini ve kalsiyum, magnezyum ve fosfor gibi di\u011fer \u00f6nemli bile\u015fenleri i\u00e7erir. D vitamini, magnezyumun emilimi ve kalsiyum metabolizmas\u0131nda \u00f6nemli bir rol oynar; v\u00fccuda, kalsiyumu mideye al\u0131p h\u00fccrelere ta\u015f\u0131yan proteini \u00fcretme konusunda yard\u0131mc\u0131 olur. Ayr\u0131ca, kalsiyum ve fosfor seviyeleri kan seviyelerinde d\u00fc\u015f\u00fck oldu\u011funda, kemiklerden bu mineralleri mobilize eder. B\u00f6brek t\u00fcb\u00fcllerinden kalsiyum ve fosforun geri emilimini sa\u011flayarak, kan d\u00fczeylerinin korunmas\u0131na yard\u0131mc\u0131 olur. Bu, v\u00fccudun genel sa\u011fl\u0131k ve canl\u0131l\u0131\u011f\u0131n\u0131 korur.<\/p>\n<p>Bu \u00fcr\u00fcn, kemiklerin do\u011fru \u015fekilde b\u00fcy\u00fcmesini ve dengeli kalsifikasyonunu sa\u011flar, kemiklerin k\u0131r\u0131lganl\u0131\u011f\u0131n\u0131 ve yumu\u015fakl\u0131\u011f\u0131n\u0131 engeller ve bu durumlarla ili\u015fkili hastal\u0131klar\u0131 ve belirtileri \u00f6nler, bu nedenle v\u00fccudun d\u00fczg\u00fcn b\u00fcy\u00fcmesinden sorumlu olarak kabul edilir.<br \/>\n\u0130neklerde bu \u00fcr\u00fcn\u00fcn kullan\u0131m\u0131, gebelik d\u00f6neminde gereklidir \u00e7\u00fcnk\u00fc fet\u00fcs deformasyonlar\u0131, ra\u015fitizm ve osteomalazi vakalar\u0131n\u0131 \u00f6nler ve do\u011fum ve do\u011fum sonras\u0131 d\u00f6nemde v\u00fccudun ihtiya\u00e7lar\u0131n\u0131 i\u00e7erdi\u011fi bile\u015fenlerle kar\u015f\u0131lar.<br \/>\nKu\u015flar ve kanatl\u0131larda, bu \u00fcr\u00fcn\u00fcn bile\u015fenleri eksik oldu\u011funda, bacaklar\u0131n burkulmas\u0131, sternumun e\u011filmesi, gagada deformasyonlar ve yumurta kabu\u011funun zay\u0131flamas\u0131 gibi bir\u00e7ok durum g\u00f6r\u00fcl\u00fcr, bu da yumurtalar\u0131n k\u0131r\u0131lma oranlar\u0131n\u0131 art\u0131r\u0131r ve ileri vakalarda kabu\u011fun hi\u00e7 olu\u015fmamas\u0131 g\u00f6zlemlenir. Ayr\u0131ca, ba\u011f\u0131\u015f\u0131kl\u0131k sistemini g\u00fc\u00e7lendirir ve k\u00f6t\u00fc yeti\u015ftirme ko\u015fullar\u0131yla ili\u015fkili ruh halini iyile\u015ftirir. \u00dcr\u00fcn\u00fcn kullan\u0131m\u0131, \u00fcreme sisteminin verimlili\u011fini art\u0131r\u0131r ve sperm kalitesini g\u00fc\u00e7lendirerek, hayvan\u0131n d\u00f6llenme kapasitesini y\u00fckseltir.<\/p>\n","protected":false},"featured_media":29281,"template":"","meta":[],"product_cat":[184,186,175,187],"product_tag":[],"class_list":{"0":"post-30020","1":"product","2":"type-product","3":"status-publish","4":"has-post-thumbnail","6":"product_cat-kanatli","7":"product_cat-kuslar","8":"product_cat-ruminantlar","9":"product_cat-yem-katki-maddeleri","11":"first","12":"instock","13":"shipping-taxable","14":"product-type-simple"},"yoast_head":"<!-- This site is optimized with the Yoast SEO plugin v24.1 - https:\/\/yoast.com\/wordpress\/plugins\/seo\/ -->\n<title>D3 Calcireg - regnovet<\/title>\n<meta name=\"robots\" content=\"index, follow, max-snippet:-1, max-image-preview:large, max-video-preview:-1\" \/>\n<link rel=\"canonical\" href=\"https:\/\/www.regnovet.com\/tr\/urun\/d3-calcireg\/\" \/>\n<meta property=\"og:locale\" content=\"tr_TR\" \/>\n<meta property=\"og:type\" content=\"article\" \/>\n<meta property=\"og:title\" content=\"D3 Calcireg - regnovet\" \/>\n<meta property=\"og:description\" content=\"Bu \u00fcr\u00fcn, hayvanlara eklenmesinin son derece \u00f6nemli oldu\u011fu hassas bir tamamlay\u0131c\u0131 form\u00fclasyondur. Bu form\u00fcl, y\u00fcksek oranda D3 vitamini ve kalsiyum, magnezyum ve fosfor gibi di\u011fer \u00f6nemli bile\u015fenleri i\u00e7erir. D vitamini, magnezyumun emilimi ve kalsiyum metabolizmas\u0131nda \u00f6nemli bir rol oynar; v\u00fccuda, kalsiyumu mideye al\u0131p h\u00fccrelere ta\u015f\u0131yan proteini \u00fcretme konusunda yard\u0131mc\u0131 olur. Ayr\u0131ca, kalsiyum ve fosfor seviyeleri kan seviyelerinde d\u00fc\u015f\u00fck oldu\u011funda, kemiklerden bu mineralleri mobilize eder. B\u00f6brek t\u00fcb\u00fcllerinden kalsiyum ve fosforun geri emilimini sa\u011flayarak, kan d\u00fczeylerinin korunmas\u0131na yard\u0131mc\u0131 olur. Bu, v\u00fccudun genel sa\u011fl\u0131k ve canl\u0131l\u0131\u011f\u0131n\u0131 korur.  Bu \u00fcr\u00fcn, kemiklerin do\u011fru \u015fekilde b\u00fcy\u00fcmesini ve dengeli kalsifikasyonunu sa\u011flar, kemiklerin k\u0131r\u0131lganl\u0131\u011f\u0131n\u0131 ve yumu\u015fakl\u0131\u011f\u0131n\u0131 engeller ve bu durumlarla ili\u015fkili hastal\u0131klar\u0131 ve belirtileri \u00f6nler, bu nedenle v\u00fccudun d\u00fczg\u00fcn b\u00fcy\u00fcmesinden sorumlu olarak kabul edilir. \u0130neklerde bu \u00fcr\u00fcn\u00fcn kullan\u0131m\u0131, gebelik d\u00f6neminde gereklidir \u00e7\u00fcnk\u00fc fet\u00fcs deformasyonlar\u0131, ra\u015fitizm ve osteomalazi vakalar\u0131n\u0131 \u00f6nler ve do\u011fum ve do\u011fum sonras\u0131 d\u00f6nemde v\u00fccudun ihtiya\u00e7lar\u0131n\u0131 i\u00e7erdi\u011fi bile\u015fenlerle kar\u015f\u0131lar. Ku\u015flar ve kanatl\u0131larda, bu \u00fcr\u00fcn\u00fcn bile\u015fenleri eksik oldu\u011funda, bacaklar\u0131n burkulmas\u0131, sternumun e\u011filmesi, gagada deformasyonlar ve yumurta kabu\u011funun zay\u0131flamas\u0131 gibi bir\u00e7ok durum g\u00f6r\u00fcl\u00fcr, bu da yumurtalar\u0131n k\u0131r\u0131lma oranlar\u0131n\u0131 art\u0131r\u0131r ve ileri vakalarda kabu\u011fun hi\u00e7 olu\u015fmamas\u0131 g\u00f6zlemlenir. Ayr\u0131ca, ba\u011f\u0131\u015f\u0131kl\u0131k sistemini g\u00fc\u00e7lendirir ve k\u00f6t\u00fc yeti\u015ftirme ko\u015fullar\u0131yla ili\u015fkili ruh halini iyile\u015ftirir. \u00dcr\u00fcn\u00fcn kullan\u0131m\u0131, \u00fcreme sisteminin verimlili\u011fini art\u0131r\u0131r ve sperm kalitesini g\u00fc\u00e7lendirerek, hayvan\u0131n d\u00f6llenme kapasitesini y\u00fckseltir.\" \/>\n<meta property=\"og:url\" content=\"https:\/\/www.regnovet.com\/tr\/urun\/d3-calcireg\/\" \/>\n<meta property=\"og:site_name\" content=\"regnovet\" \/>\n<meta property=\"article:publisher\" content=\"https:\/\/www.facebook.com\/people\/RegnoVet\/61571321505220\/\" \/>\n<meta property=\"article:modified_time\" content=\"2024-12-17T09:07:16+00:00\" \/>\n<meta property=\"og:image\" content=\"https:\/\/www.regnovet.com\/wp-content\/uploads\/2024\/11\/D3-Calcireg.jpg\" \/>\n\t<meta property=\"og:image:width\" content=\"700\" \/>\n\t<meta property=\"og:image:height\" content=\"700\" \/>\n\t<meta property=\"og:image:type\" content=\"image\/jpeg\" \/>\n<meta name=\"twitter:card\" content=\"summary_large_image\" \/>\n<meta name=\"twitter:label1\" content=\"Tahmini okuma s\u00fcresi\" \/>\n\t<meta name=\"twitter:data1\" content=\"1 dakika\" \/>\n<script type=\"application\/ld+json\" class=\"yoast-schema-graph\">{\"@context\":\"https:\/\/schema.org\",\"@graph\":[{\"@type\":\"WebPage\",\"@id\":\"https:\/\/www.regnovet.com\/tr\/urun\/d3-calcireg\/\",\"url\":\"https:\/\/www.regnovet.com\/tr\/urun\/d3-calcireg\/\",\"name\":\"D3 Calcireg - regnovet\",\"isPartOf\":{\"@id\":\"https:\/\/www.regnovet.com\/tr\/#website\"},\"primaryImageOfPage\":{\"@id\":\"https:\/\/www.regnovet.com\/tr\/urun\/d3-calcireg\/#primaryimage\"},\"image\":{\"@id\":\"https:\/\/www.regnovet.com\/tr\/urun\/d3-calcireg\/#primaryimage\"},\"thumbnailUrl\":\"https:\/\/www.regnovet.com\/wp-content\/uploads\/2024\/11\/D3-Calcireg.jpg\",\"datePublished\":\"2024-11-04T10:37:11+00:00\",\"dateModified\":\"2024-12-17T09:07:16+00:00\",\"breadcrumb\":{\"@id\":\"https:\/\/www.regnovet.com\/tr\/urun\/d3-calcireg\/#breadcrumb\"},\"inLanguage\":\"tr\",\"potentialAction\":[{\"@type\":\"ReadAction\",\"target\":[\"https:\/\/www.regnovet.com\/tr\/urun\/d3-calcireg\/\"]}]},{\"@type\":\"ImageObject\",\"inLanguage\":\"tr\",\"@id\":\"https:\/\/www.regnovet.com\/tr\/urun\/d3-calcireg\/#primaryimage\",\"url\":\"https:\/\/www.regnovet.com\/wp-content\/uploads\/2024\/11\/D3-Calcireg.jpg\",\"contentUrl\":\"https:\/\/www.regnovet.com\/wp-content\/uploads\/2024\/11\/D3-Calcireg.jpg\",\"width\":700,\"height\":700},{\"@type\":\"BreadcrumbList\",\"@id\":\"https:\/\/www.regnovet.com\/tr\/urun\/d3-calcireg\/#breadcrumb\",\"itemListElement\":[{\"@type\":\"ListItem\",\"position\":1,\"name\":\"Home\",\"item\":\"https:\/\/www.regnovet.com\/tr\/\"},{\"@type\":\"ListItem\",\"position\":2,\"name\":\"\u00dcr\u00fcnler\",\"item\":\"https:\/\/www.regnovet.com\/products\/\"},{\"@type\":\"ListItem\",\"position\":3,\"name\":\"D3 Calcireg\"}]},{\"@type\":\"WebSite\",\"@id\":\"https:\/\/www.regnovet.com\/tr\/#website\",\"url\":\"https:\/\/www.regnovet.com\/tr\/\",\"name\":\"regnovet\",\"description\":\"\",\"publisher\":{\"@id\":\"https:\/\/www.regnovet.com\/tr\/#organization\"},\"potentialAction\":[{\"@type\":\"SearchAction\",\"target\":{\"@type\":\"EntryPoint\",\"urlTemplate\":\"https:\/\/www.regnovet.com\/tr\/?s={search_term_string}\"},\"query-input\":{\"@type\":\"PropertyValueSpecification\",\"valueRequired\":true,\"valueName\":\"search_term_string\"}}],\"inLanguage\":\"tr\"},{\"@type\":\"Organization\",\"@id\":\"https:\/\/www.regnovet.com\/tr\/#organization\",\"name\":\"regnovet\",\"url\":\"https:\/\/www.regnovet.com\/tr\/\",\"logo\":{\"@type\":\"ImageObject\",\"inLanguage\":\"tr\",\"@id\":\"https:\/\/www.regnovet.com\/tr\/#\/schema\/logo\/image\/\",\"url\":\"https:\/\/www.regnovet.com\/wp-content\/uploads\/2024\/09\/cropped-512.png\",\"contentUrl\":\"https:\/\/www.regnovet.com\/wp-content\/uploads\/2024\/09\/cropped-512.png\",\"width\":512,\"height\":512,\"caption\":\"regnovet\"},\"image\":{\"@id\":\"https:\/\/www.regnovet.com\/tr\/#\/schema\/logo\/image\/\"},\"sameAs\":[\"https:\/\/www.facebook.com\/people\/RegnoVet\/61571321505220\/\"]}]}<\/script>\n<!-- \/ Yoast SEO plugin. -->","yoast_head_json":{"title":"D3 Calcireg - regnovet","robots":{"index":"index","follow":"follow","max-snippet":"max-snippet:-1","max-image-preview":"max-image-preview:large","max-video-preview":"max-video-preview:-1"},"canonical":"https:\/\/www.regnovet.com\/tr\/urun\/d3-calcireg\/","og_locale":"tr_TR","og_type":"article","og_title":"D3 Calcireg - regnovet","og_description":"Bu \u00fcr\u00fcn, hayvanlara eklenmesinin son derece \u00f6nemli oldu\u011fu hassas bir tamamlay\u0131c\u0131 form\u00fclasyondur. Bu form\u00fcl, y\u00fcksek oranda D3 vitamini ve kalsiyum, magnezyum ve fosfor gibi di\u011fer \u00f6nemli bile\u015fenleri i\u00e7erir. D vitamini, magnezyumun emilimi ve kalsiyum metabolizmas\u0131nda \u00f6nemli bir rol oynar; v\u00fccuda, kalsiyumu mideye al\u0131p h\u00fccrelere ta\u015f\u0131yan proteini \u00fcretme konusunda yard\u0131mc\u0131 olur. Ayr\u0131ca, kalsiyum ve fosfor seviyeleri kan seviyelerinde d\u00fc\u015f\u00fck oldu\u011funda, kemiklerden bu mineralleri mobilize eder. B\u00f6brek t\u00fcb\u00fcllerinden kalsiyum ve fosforun geri emilimini sa\u011flayarak, kan d\u00fczeylerinin korunmas\u0131na yard\u0131mc\u0131 olur. Bu, v\u00fccudun genel sa\u011fl\u0131k ve canl\u0131l\u0131\u011f\u0131n\u0131 korur.  Bu \u00fcr\u00fcn, kemiklerin do\u011fru \u015fekilde b\u00fcy\u00fcmesini ve dengeli kalsifikasyonunu sa\u011flar, kemiklerin k\u0131r\u0131lganl\u0131\u011f\u0131n\u0131 ve yumu\u015fakl\u0131\u011f\u0131n\u0131 engeller ve bu durumlarla ili\u015fkili hastal\u0131klar\u0131 ve belirtileri \u00f6nler, bu nedenle v\u00fccudun d\u00fczg\u00fcn b\u00fcy\u00fcmesinden sorumlu olarak kabul edilir. \u0130neklerde bu \u00fcr\u00fcn\u00fcn kullan\u0131m\u0131, gebelik d\u00f6neminde gereklidir \u00e7\u00fcnk\u00fc fet\u00fcs deformasyonlar\u0131, ra\u015fitizm ve osteomalazi vakalar\u0131n\u0131 \u00f6nler ve do\u011fum ve do\u011fum sonras\u0131 d\u00f6nemde v\u00fccudun ihtiya\u00e7lar\u0131n\u0131 i\u00e7erdi\u011fi bile\u015fenlerle kar\u015f\u0131lar. Ku\u015flar ve kanatl\u0131larda, bu \u00fcr\u00fcn\u00fcn bile\u015fenleri eksik oldu\u011funda, bacaklar\u0131n burkulmas\u0131, sternumun e\u011filmesi, gagada deformasyonlar ve yumurta kabu\u011funun zay\u0131flamas\u0131 gibi bir\u00e7ok durum g\u00f6r\u00fcl\u00fcr, bu da yumurtalar\u0131n k\u0131r\u0131lma oranlar\u0131n\u0131 art\u0131r\u0131r ve ileri vakalarda kabu\u011fun hi\u00e7 olu\u015fmamas\u0131 g\u00f6zlemlenir. Ayr\u0131ca, ba\u011f\u0131\u015f\u0131kl\u0131k sistemini g\u00fc\u00e7lendirir ve k\u00f6t\u00fc yeti\u015ftirme ko\u015fullar\u0131yla ili\u015fkili ruh halini iyile\u015ftirir. \u00dcr\u00fcn\u00fcn kullan\u0131m\u0131, \u00fcreme sisteminin verimlili\u011fini art\u0131r\u0131r ve sperm kalitesini g\u00fc\u00e7lendirerek, hayvan\u0131n d\u00f6llenme kapasitesini y\u00fckseltir.","og_url":"https:\/\/www.regnovet.com\/tr\/urun\/d3-calcireg\/","og_site_name":"regnovet","article_publisher":"https:\/\/www.facebook.com\/people\/RegnoVet\/61571321505220\/","article_modified_time":"2024-12-17T09:07:16+00:00","og_image":[{"width":700,"height":700,"url":"https:\/\/www.regnovet.com\/wp-content\/uploads\/2024\/11\/D3-Calcireg.jpg","type":"image\/jpeg"}],"twitter_card":"summary_large_image","twitter_misc":{"Tahmini okuma s\u00fcresi":"1 dakika"},"schema":{"@context":"https:\/\/schema.org","@graph":[{"@type":"WebPage","@id":"https:\/\/www.regnovet.com\/tr\/urun\/d3-calcireg\/","url":"https:\/\/www.regnovet.com\/tr\/urun\/d3-calcireg\/","name":"D3 Calcireg - regnovet","isPartOf":{"@id":"https:\/\/www.regnovet.com\/tr\/#website"},"primaryImageOfPage":{"@id":"https:\/\/www.regnovet.com\/tr\/urun\/d3-calcireg\/#primaryimage"},"image":{"@id":"https:\/\/www.regnovet.com\/tr\/urun\/d3-calcireg\/#primaryimage"},"thumbnailUrl":"https:\/\/www.regnovet.com\/wp-content\/uploads\/2024\/11\/D3-Calcireg.jpg","datePublished":"2024-11-04T10:37:11+00:00","dateModified":"2024-12-17T09:07:16+00:00","breadcrumb":{"@id":"https:\/\/www.regnovet.com\/tr\/urun\/d3-calcireg\/#breadcrumb"},"inLanguage":"tr","potentialAction":[{"@type":"ReadAction","target":["https:\/\/www.regnovet.com\/tr\/urun\/d3-calcireg\/"]}]},{"@type":"ImageObject","inLanguage":"tr","@id":"https:\/\/www.regnovet.com\/tr\/urun\/d3-calcireg\/#primaryimage","url":"https:\/\/www.regnovet.com\/wp-content\/uploads\/2024\/11\/D3-Calcireg.jpg","contentUrl":"https:\/\/www.regnovet.com\/wp-content\/uploads\/2024\/11\/D3-Calcireg.jpg","width":700,"height":700},{"@type":"BreadcrumbList","@id":"https:\/\/www.regnovet.com\/tr\/urun\/d3-calcireg\/#breadcrumb","itemListElement":[{"@type":"ListItem","position":1,"name":"Home","item":"https:\/\/www.regnovet.com\/tr\/"},{"@type":"ListItem","position":2,"name":"\u00dcr\u00fcnler","item":"https:\/\/www.regnovet.com\/products\/"},{"@type":"ListItem","position":3,"name":"D3 Calcireg"}]},{"@type":"WebSite","@id":"https:\/\/www.regnovet.com\/tr\/#website","url":"https:\/\/www.regnovet.com\/tr\/","name":"regnovet","description":"","publisher":{"@id":"https:\/\/www.regnovet.com\/tr\/#organization"},"potentialAction":[{"@type":"SearchAction","target":{"@type":"EntryPoint","urlTemplate":"https:\/\/www.regnovet.com\/tr\/?s={search_term_string}"},"query-input":{"@type":"PropertyValueSpecification","valueRequired":true,"valueName":"search_term_string"}}],"inLanguage":"tr"},{"@type":"Organization","@id":"https:\/\/www.regnovet.com\/tr\/#organization","name":"regnovet","url":"https:\/\/www.regnovet.com\/tr\/","logo":{"@type":"ImageObject","inLanguage":"tr","@id":"https:\/\/www.regnovet.com\/tr\/#\/schema\/logo\/image\/","url":"https:\/\/www.regnovet.com\/wp-content\/uploads\/2024\/09\/cropped-512.png","contentUrl":"https:\/\/www.regnovet.com\/wp-content\/uploads\/2024\/09\/cropped-512.png","width":512,"height":512,"caption":"regnovet"},"image":{"@id":"https:\/\/www.regnovet.com\/tr\/#\/schema\/logo\/image\/"},"sameAs":["https:\/\/www.facebook.com\/people\/RegnoVet\/61571321505220\/"]}]}},"_links":{"self":[{"href":"https:\/\/www.regnovet.com\/tr\/wp-json\/wp\/v2\/product\/30020","targetHints":{"allow":["GET"]}}],"collection":[{"href":"https:\/\/www.regnovet.com\/tr\/wp-json\/wp\/v2\/product"}],"about":[{"href":"https:\/\/www.regnovet.com\/tr\/wp-json\/wp\/v2\/types\/product"}],"version-history":[{"count":1,"href":"https:\/\/www.regnovet.com\/tr\/wp-json\/wp\/v2\/product\/30020\/revisions"}],"predecessor-version":[{"id":30021,"href":"https:\/\/www.regnovet.com\/tr\/wp-json\/wp\/v2\/product\/30020\/revisions\/30021"}],"wp:featuredmedia":[{"embeddable":true,"href":"https:\/\/www.regnovet.com\/tr\/wp-json\/wp\/v2\/media\/29281"}],"wp:attachment":[{"href":"https:\/\/www.regnovet.com\/tr\/wp-json\/wp\/v2\/media?parent=30020"}],"wp:term":[{"taxonomy":"product_cat","embeddable":true,"href":"https:\/\/www.regnovet.com\/tr\/wp-json\/wp\/v2\/product_cat?post=30020"},{"taxonomy":"product_tag","embeddable":true,"href":"https:\/\/www.regnovet.com\/tr\/wp-json\/wp\/v2\/product_tag?post=30020"}],"curies":[{"name":"wp","href":"https:\/\/api.w.org\/{rel}","templated":true}]}}