{"id":30161,"date":"2024-12-18T10:54:06","date_gmt":"2024-12-18T10:54:06","guid":{"rendered":"https:\/\/www.regnovet.com\/?post_type=product&#038;p=30161"},"modified":"2025-02-15T11:18:52","modified_gmt":"2025-02-15T11:18:52","slug":"regnozin-copy-2","status":"publish","type":"product","link":"https:\/\/www.regnovet.com\/tr\/urun\/regnozin-copy-2\/","title":{"rendered":"REGNOCILLIN"},"content":{"rendered":"\t\t<div data-elementor-type=\"wp-post\" data-elementor-id=\"30161\" class=\"elementor elementor-30161 elementor-30159\">\n\t\t\t\t<div class=\"wd-negative-gap elementor-element elementor-element-9edd08c e-flex e-con-boxed e-con e-parent\" data-id=\"9edd08c\" data-element_type=\"container\" data-e-type=\"container\">\n\t\t\t\t\t<div class=\"e-con-inner\">\n\t\t\t\t<div class=\"elementor-element elementor-element-810bc54 elementor-widget elementor-widget-toggle\" data-id=\"810bc54\" data-element_type=\"widget\" data-e-type=\"widget\" data-widget_type=\"toggle.default\">\n\t\t\t\t<div class=\"elementor-widget-container\">\n\t\t\t\t\t\t\t<div class=\"elementor-toggle\">\n\t\t\t\t\t\t\t<div class=\"elementor-toggle-item\">\n\t\t\t\t\t<div id=\"elementor-tab-title-1351\" class=\"elementor-tab-title\" data-tab=\"1\" role=\"button\" aria-controls=\"elementor-tab-content-1351\" aria-expanded=\"false\">\n\t\t\t\t\t\t\t\t\t\t\t\t<span class=\"elementor-toggle-icon elementor-toggle-icon-left\" aria-hidden=\"true\">\n\t\t\t\t\t\t\t\t\t\t\t\t\t\t\t<span class=\"elementor-toggle-icon-closed\"><svg class=\"e-font-icon-svg e-fas-caret-right\" viewBox=\"0 0 192 512\" xmlns=\"http:\/\/www.w3.org\/2000\/svg\"><path d=\"M0 384.662V127.338c0-17.818 21.543-26.741 34.142-14.142l128.662 128.662c7.81 7.81 7.81 20.474 0 28.284L34.142 398.804C21.543 411.404 0 402.48 0 384.662z\"><\/path><\/svg><\/span>\n\t\t\t\t\t\t\t\t<span class=\"elementor-toggle-icon-opened\"><svg class=\"elementor-toggle-icon-opened e-font-icon-svg e-fas-caret-up\" viewBox=\"0 0 320 512\" xmlns=\"http:\/\/www.w3.org\/2000\/svg\"><path d=\"M288.662 352H31.338c-17.818 0-26.741-21.543-14.142-34.142l128.662-128.662c7.81-7.81 20.474-7.81 28.284 0l128.662 128.662c12.6 12.599 3.676 34.142-14.142 34.142z\"><\/path><\/svg><\/span>\n\t\t\t\t\t\t\t\t\t\t\t\t\t<\/span>\n\t\t\t\t\t\t\t\t\t\t\t\t<a class=\"elementor-toggle-title\" tabindex=\"0\">\u0130\u00c7ER\u0130K:<\/a>\n\t\t\t\t\t<\/div>\n\n\t\t\t\t\t<div id=\"elementor-tab-content-1351\" class=\"elementor-tab-content elementor-clearfix\" data-tab=\"1\" role=\"region\" aria-labelledby=\"elementor-tab-title-1351\"><p>Her 1 ml\u2019de:<br \/>\nAmoksisilin trihidrat 150 mg<br \/>\nEkstralar ad 1 ml<\/p>\n<\/div>\n\t\t\t\t<\/div>\n\t\t\t\t\t\t\t<div class=\"elementor-toggle-item\">\n\t\t\t\t\t<div id=\"elementor-tab-title-1352\" class=\"elementor-tab-title\" data-tab=\"2\" role=\"button\" aria-controls=\"elementor-tab-content-1352\" aria-expanded=\"false\">\n\t\t\t\t\t\t\t\t\t\t\t\t<span class=\"elementor-toggle-icon elementor-toggle-icon-left\" aria-hidden=\"true\">\n\t\t\t\t\t\t\t\t\t\t\t\t\t\t\t<span class=\"elementor-toggle-icon-closed\"><svg class=\"e-font-icon-svg e-fas-caret-right\" viewBox=\"0 0 192 512\" xmlns=\"http:\/\/www.w3.org\/2000\/svg\"><path d=\"M0 384.662V127.338c0-17.818 21.543-26.741 34.142-14.142l128.662 128.662c7.81 7.81 7.81 20.474 0 28.284L34.142 398.804C21.543 411.404 0 402.48 0 384.662z\"><\/path><\/svg><\/span>\n\t\t\t\t\t\t\t\t<span class=\"elementor-toggle-icon-opened\"><svg class=\"elementor-toggle-icon-opened e-font-icon-svg e-fas-caret-up\" viewBox=\"0 0 320 512\" xmlns=\"http:\/\/www.w3.org\/2000\/svg\"><path d=\"M288.662 352H31.338c-17.818 0-26.741-21.543-14.142-34.142l128.662-128.662c7.81-7.81 20.474-7.81 28.284 0l128.662 128.662c12.6 12.599 3.676 34.142-14.142 34.142z\"><\/path><\/svg><\/span>\n\t\t\t\t\t\t\t\t\t\t\t\t\t<\/span>\n\t\t\t\t\t\t\t\t\t\t\t\t<a class=\"elementor-toggle-title\" tabindex=\"0\">ENDIKASYON:<\/a>\n\t\t\t\t\t<\/div>\n\n\t\t\t\t\t<div id=\"elementor-tab-content-1352\" class=\"elementor-tab-content elementor-clearfix\" data-tab=\"2\" role=\"region\" aria-labelledby=\"elementor-tab-title-1352\"><p>Amoksisiline duyarl\u0131 mikroorganizmalar\u0131n neden oldu\u011fu gastrointestinal, solunum ve idrar yolu enfeksiyonlar\u0131, \u00f6rne\u011fin:<br \/>\nCampylobacter, Clostridium, Corynebacterium, E. coli, Erysipelothrix, Haemophilus, Pasteurella, Salmonella, penisilinaz negatif Staphylococcus ve Streptococcus spp.<br \/>\nBu ila\u00e7, buza\u011f\u0131lar, s\u0131\u011f\u0131rlar, ke\u00e7iler, koyunlar ve domuzlar i\u00e7in kullan\u0131l\u0131r.<\/p>\n<\/div>\n\t\t\t\t<\/div>\n\t\t\t\t\t\t\t<div class=\"elementor-toggle-item\">\n\t\t\t\t\t<div id=\"elementor-tab-title-1353\" class=\"elementor-tab-title\" data-tab=\"3\" role=\"button\" aria-controls=\"elementor-tab-content-1353\" aria-expanded=\"false\">\n\t\t\t\t\t\t\t\t\t\t\t\t<span class=\"elementor-toggle-icon elementor-toggle-icon-left\" aria-hidden=\"true\">\n\t\t\t\t\t\t\t\t\t\t\t\t\t\t\t<span class=\"elementor-toggle-icon-closed\"><svg class=\"e-font-icon-svg e-fas-caret-right\" viewBox=\"0 0 192 512\" xmlns=\"http:\/\/www.w3.org\/2000\/svg\"><path d=\"M0 384.662V127.338c0-17.818 21.543-26.741 34.142-14.142l128.662 128.662c7.81 7.81 7.81 20.474 0 28.284L34.142 398.804C21.543 411.404 0 402.48 0 384.662z\"><\/path><\/svg><\/span>\n\t\t\t\t\t\t\t\t<span class=\"elementor-toggle-icon-opened\"><svg class=\"elementor-toggle-icon-opened e-font-icon-svg e-fas-caret-up\" viewBox=\"0 0 320 512\" xmlns=\"http:\/\/www.w3.org\/2000\/svg\"><path d=\"M288.662 352H31.338c-17.818 0-26.741-21.543-14.142-34.142l128.662-128.662c7.81-7.81 20.474-7.81 28.284 0l128.662 128.662c12.6 12.599 3.676 34.142-14.142 34.142z\"><\/path><\/svg><\/span>\n\t\t\t\t\t\t\t\t\t\t\t\t\t<\/span>\n\t\t\t\t\t\t\t\t\t\t\t\t<a class=\"elementor-toggle-title\" tabindex=\"0\">DOZ:<\/a>\n\t\t\t\t\t<\/div>\n\n\t\t\t\t\t<div id=\"elementor-tab-content-1353\" class=\"elementor-tab-content elementor-clearfix\" data-tab=\"3\" role=\"region\" aria-labelledby=\"elementor-tab-title-1353\"><p>\u0130ntram\u00fcsk\u00fcler uygulama i\u00e7in:<br \/>\n<strong>Genel:<\/strong> 10 kg v\u00fccut a\u011f\u0131rl\u0131\u011f\u0131 ba\u015f\u0131na 1 ml, gerekti\u011finde 48 saat sonra tekrar edilebilir.<br \/>\nKullanmadan \u00f6nce iyice \u00e7alkalay\u0131n ve s\u0131\u011f\u0131rlar\u0131n her enjeksiyon b\u00f6lgesine 20 ml&#8217;den fazla, domuzlara 10 ml&#8217;den fazla, buza\u011f\u0131lara, koyunlara ve ke\u00e7ilere 5 ml&#8217;den fazla uygulamay\u0131n.<\/p>\n<\/div>\n\t\t\t\t<\/div>\n\t\t\t\t\t\t\t<div class=\"elementor-toggle-item\">\n\t\t\t\t\t<div id=\"elementor-tab-title-1354\" class=\"elementor-tab-title\" data-tab=\"4\" role=\"button\" aria-controls=\"elementor-tab-content-1354\" aria-expanded=\"false\">\n\t\t\t\t\t\t\t\t\t\t\t\t<span class=\"elementor-toggle-icon elementor-toggle-icon-left\" aria-hidden=\"true\">\n\t\t\t\t\t\t\t\t\t\t\t\t\t\t\t<span class=\"elementor-toggle-icon-closed\"><svg class=\"e-font-icon-svg e-fas-caret-right\" viewBox=\"0 0 192 512\" xmlns=\"http:\/\/www.w3.org\/2000\/svg\"><path d=\"M0 384.662V127.338c0-17.818 21.543-26.741 34.142-14.142l128.662 128.662c7.81 7.81 7.81 20.474 0 28.284L34.142 398.804C21.543 411.404 0 402.48 0 384.662z\"><\/path><\/svg><\/span>\n\t\t\t\t\t\t\t\t<span class=\"elementor-toggle-icon-opened\"><svg class=\"elementor-toggle-icon-opened e-font-icon-svg e-fas-caret-up\" viewBox=\"0 0 320 512\" xmlns=\"http:\/\/www.w3.org\/2000\/svg\"><path d=\"M288.662 352H31.338c-17.818 0-26.741-21.543-14.142-34.142l128.662-128.662c7.81-7.81 20.474-7.81 28.284 0l128.662 128.662c12.6 12.599 3.676 34.142-14.142 34.142z\"><\/path><\/svg><\/span>\n\t\t\t\t\t\t\t\t\t\t\t\t\t<\/span>\n\t\t\t\t\t\t\t\t\t\t\t\t<a class=\"elementor-toggle-title\" tabindex=\"0\">\u00c7EK\u0130LME S\u00dcRES\u0130:<\/a>\n\t\t\t\t\t<\/div>\n\n\t\t\t\t\t<div id=\"elementor-tab-content-1354\" class=\"elementor-tab-content elementor-clearfix\" data-tab=\"4\" role=\"region\" aria-labelledby=\"elementor-tab-title-1354\"><ul>\n<li>Et i\u00e7in: 21 g\u00fcn<\/li>\n<li>S\u00fct i\u00e7in: 3 g\u00fcn<\/li>\n<\/ul>\n<\/div>\n\t\t\t\t<\/div>\n\t\t\t\t\t\t\t<div class=\"elementor-toggle-item\">\n\t\t\t\t\t<div id=\"elementor-tab-title-1355\" class=\"elementor-tab-title\" data-tab=\"5\" role=\"button\" aria-controls=\"elementor-tab-content-1355\" aria-expanded=\"false\">\n\t\t\t\t\t\t\t\t\t\t\t\t<span class=\"elementor-toggle-icon elementor-toggle-icon-left\" aria-hidden=\"true\">\n\t\t\t\t\t\t\t\t\t\t\t\t\t\t\t<span class=\"elementor-toggle-icon-closed\"><svg class=\"e-font-icon-svg e-fas-caret-right\" viewBox=\"0 0 192 512\" xmlns=\"http:\/\/www.w3.org\/2000\/svg\"><path d=\"M0 384.662V127.338c0-17.818 21.543-26.741 34.142-14.142l128.662 128.662c7.81 7.81 7.81 20.474 0 28.284L34.142 398.804C21.543 411.404 0 402.48 0 384.662z\"><\/path><\/svg><\/span>\n\t\t\t\t\t\t\t\t<span class=\"elementor-toggle-icon-opened\"><svg class=\"elementor-toggle-icon-opened e-font-icon-svg e-fas-caret-up\" viewBox=\"0 0 320 512\" xmlns=\"http:\/\/www.w3.org\/2000\/svg\"><path d=\"M288.662 352H31.338c-17.818 0-26.741-21.543-14.142-34.142l128.662-128.662c7.81-7.81 20.474-7.81 28.284 0l128.662 128.662c12.6 12.599 3.676 34.142-14.142 34.142z\"><\/path><\/svg><\/span>\n\t\t\t\t\t\t\t\t\t\t\t\t\t<\/span>\n\t\t\t\t\t\t\t\t\t\t\t\t<a class=\"elementor-toggle-title\" tabindex=\"0\">SAKLAMA:<\/a>\n\t\t\t\t\t<\/div>\n\n\t\t\t\t\t<div id=\"elementor-tab-content-1355\" class=\"elementor-tab-content elementor-clearfix\" data-tab=\"5\" role=\"region\" aria-labelledby=\"elementor-tab-title-1355\"><p>Kuru ve karanl\u0131k bir yerde, 30\u00b0C&#8217;nin alt\u0131nda saklay\u0131n<\/p>\n<\/div>\n\t\t\t\t<\/div>\n\t\t\t\t\t\t\t\t<\/div>\n\t\t\t\t\t\t<\/div>\n\t\t\t\t<\/div>\n\t\t\t\t\t<\/div>\n\t\t\t\t<\/div>\n\t\t\t\t<\/div>\n\t\t","protected":false},"excerpt":{"rendered":"<p><strong>Amoksisilin<\/strong>, penisilin ailesine ait geni\u015f spektrumlu bir antibiyotiktir ve solunum yolu, gastrointestinal, idrar yolu enfeksiyonlar\u0131, cilt ve yumu\u015fak doku enfeksiyonlar\u0131 gibi \u00e7ok \u00e7e\u015fitli hastal\u0131k yap\u0131c\u0131 bakterilerle sava\u015fmak i\u00e7in kullan\u0131l\u0131r.<br \/>\nAmoksisilin, bakteriyel h\u00fccre duvar\u0131n\u0131n yap\u0131s\u0131n\u0131 bozarak, bakteriyel h\u00fccrelerin \u00f6l\u00fcm\u00fcne yol a\u00e7ar ve enfeksiyonun yay\u0131lmas\u0131n\u0131 engeller.<br \/>\nAmoksisilin, karaci\u011ferde \u00f6nemli \u00f6l\u00e7\u00fcde metabolize olmaz, bu da onun metabolitlere d\u00f6n\u00fc\u015f\u00fcm\u00fcn\u00fcn s\u0131n\u0131rl\u0131 oldu\u011fu anlam\u0131na gelir.<br \/>\n\u0130la\u00e7, v\u00fccutta aktif formda kal\u0131r.<br \/>\nAmoksisilin, ba\u015fl\u0131ca b\u00f6brekler arac\u0131l\u0131\u011f\u0131yla at\u0131l\u0131r ve idrarda at\u0131l\u0131r.<br \/>\nAmoksisilin, uygulanan dozun yakla\u015f\u0131k %60-70\u2019inin b\u00f6brekler arac\u0131l\u0131\u011f\u0131yla de\u011fi\u015fmeden at\u0131lmas\u0131n\u0131 sa\u011flar.<br \/>\nBir miktar amoksisilin safra yoluyla at\u0131labilir ve d\u0131\u015fk\u0131ya at\u0131labilir, ancak b\u00f6brekler ana at\u0131l\u0131m yoludur.<br \/>\nAmoksisilinin v\u00fccuttaki yar\u0131 \u00f6mr\u00fc genellikle 1 ila 1.5 saat aras\u0131nda de\u011fi\u015fir.<\/p>\n","protected":false},"featured_media":31383,"template":"","meta":[],"product_cat":[176,175],"product_tag":[],"class_list":{"0":"post-30161","1":"product","2":"type-product","3":"status-publish","4":"has-post-thumbnail","6":"product_cat-enjeksiyon","7":"product_cat-ruminantlar","9":"first","10":"instock","11":"shipping-taxable","12":"product-type-simple"},"yoast_head":"<!-- This site is optimized with the Yoast SEO plugin v24.1 - https:\/\/yoast.com\/wordpress\/plugins\/seo\/ -->\n<title>REGNOCILLIN - regnovet<\/title>\n<meta name=\"robots\" content=\"index, follow, max-snippet:-1, max-image-preview:large, max-video-preview:-1\" \/>\n<link rel=\"canonical\" href=\"https:\/\/www.regnovet.com\/tr\/urun\/regnozin-copy-2\/\" \/>\n<meta property=\"og:locale\" content=\"tr_TR\" \/>\n<meta property=\"og:type\" content=\"article\" \/>\n<meta property=\"og:title\" content=\"REGNOCILLIN - regnovet\" \/>\n<meta property=\"og:description\" content=\"Amoksisilin, penisilin ailesine ait geni\u015f spektrumlu bir antibiyotiktir ve solunum yolu, gastrointestinal, idrar yolu enfeksiyonlar\u0131, cilt ve yumu\u015fak doku enfeksiyonlar\u0131 gibi \u00e7ok \u00e7e\u015fitli hastal\u0131k yap\u0131c\u0131 bakterilerle sava\u015fmak i\u00e7in kullan\u0131l\u0131r. Amoksisilin, bakteriyel h\u00fccre duvar\u0131n\u0131n yap\u0131s\u0131n\u0131 bozarak, bakteriyel h\u00fccrelerin \u00f6l\u00fcm\u00fcne yol a\u00e7ar ve enfeksiyonun yay\u0131lmas\u0131n\u0131 engeller. Amoksisilin, karaci\u011ferde \u00f6nemli \u00f6l\u00e7\u00fcde metabolize olmaz, bu da onun metabolitlere d\u00f6n\u00fc\u015f\u00fcm\u00fcn\u00fcn s\u0131n\u0131rl\u0131 oldu\u011fu anlam\u0131na gelir. \u0130la\u00e7, v\u00fccutta aktif formda kal\u0131r. Amoksisilin, ba\u015fl\u0131ca b\u00f6brekler arac\u0131l\u0131\u011f\u0131yla at\u0131l\u0131r ve idrarda at\u0131l\u0131r. Amoksisilin, uygulanan dozun yakla\u015f\u0131k %60-70\u2019inin b\u00f6brekler arac\u0131l\u0131\u011f\u0131yla de\u011fi\u015fmeden at\u0131lmas\u0131n\u0131 sa\u011flar. Bir miktar amoksisilin safra yoluyla at\u0131labilir ve d\u0131\u015fk\u0131ya at\u0131labilir, ancak b\u00f6brekler ana at\u0131l\u0131m yoludur. Amoksisilinin v\u00fccuttaki yar\u0131 \u00f6mr\u00fc genellikle 1 ila 1.5 saat aras\u0131nda de\u011fi\u015fir.\" \/>\n<meta property=\"og:url\" content=\"https:\/\/www.regnovet.com\/tr\/urun\/regnozin-copy-2\/\" \/>\n<meta property=\"og:site_name\" content=\"regnovet\" \/>\n<meta property=\"article:publisher\" content=\"https:\/\/www.facebook.com\/people\/RegnoVet\/61571321505220\/\" \/>\n<meta property=\"article:modified_time\" content=\"2025-02-15T11:18:52+00:00\" \/>\n<meta property=\"og:image\" content=\"https:\/\/www.regnovet.com\/wp-content\/uploads\/2024\/12\/regnocillin-15.jpg\" \/>\n\t<meta property=\"og:image:width\" content=\"700\" \/>\n\t<meta property=\"og:image:height\" content=\"700\" \/>\n\t<meta property=\"og:image:type\" content=\"image\/jpeg\" \/>\n<meta name=\"twitter:card\" content=\"summary_large_image\" \/>\n<meta name=\"twitter:label1\" content=\"Tahmini okuma s\u00fcresi\" \/>\n\t<meta name=\"twitter:data1\" content=\"1 dakika\" \/>\n<script type=\"application\/ld+json\" class=\"yoast-schema-graph\">{\"@context\":\"https:\/\/schema.org\",\"@graph\":[{\"@type\":\"WebPage\",\"@id\":\"https:\/\/www.regnovet.com\/tr\/urun\/regnozin-copy-2\/\",\"url\":\"https:\/\/www.regnovet.com\/tr\/urun\/regnozin-copy-2\/\",\"name\":\"REGNOCILLIN - regnovet\",\"isPartOf\":{\"@id\":\"https:\/\/www.regnovet.com\/tr\/#website\"},\"primaryImageOfPage\":{\"@id\":\"https:\/\/www.regnovet.com\/tr\/urun\/regnozin-copy-2\/#primaryimage\"},\"image\":{\"@id\":\"https:\/\/www.regnovet.com\/tr\/urun\/regnozin-copy-2\/#primaryimage\"},\"thumbnailUrl\":\"https:\/\/www.regnovet.com\/wp-content\/uploads\/2024\/12\/regnocillin-15.jpg\",\"datePublished\":\"2024-12-18T10:54:06+00:00\",\"dateModified\":\"2025-02-15T11:18:52+00:00\",\"breadcrumb\":{\"@id\":\"https:\/\/www.regnovet.com\/tr\/urun\/regnozin-copy-2\/#breadcrumb\"},\"inLanguage\":\"tr\",\"potentialAction\":[{\"@type\":\"ReadAction\",\"target\":[\"https:\/\/www.regnovet.com\/tr\/urun\/regnozin-copy-2\/\"]}]},{\"@type\":\"ImageObject\",\"inLanguage\":\"tr\",\"@id\":\"https:\/\/www.regnovet.com\/tr\/urun\/regnozin-copy-2\/#primaryimage\",\"url\":\"https:\/\/www.regnovet.com\/wp-content\/uploads\/2024\/12\/regnocillin-15.jpg\",\"contentUrl\":\"https:\/\/www.regnovet.com\/wp-content\/uploads\/2024\/12\/regnocillin-15.jpg\",\"width\":700,\"height\":700},{\"@type\":\"BreadcrumbList\",\"@id\":\"https:\/\/www.regnovet.com\/tr\/urun\/regnozin-copy-2\/#breadcrumb\",\"itemListElement\":[{\"@type\":\"ListItem\",\"position\":1,\"name\":\"Home\",\"item\":\"https:\/\/www.regnovet.com\/tr\/\"},{\"@type\":\"ListItem\",\"position\":2,\"name\":\"\u00dcr\u00fcnler\",\"item\":\"https:\/\/www.regnovet.com\/products\/\"},{\"@type\":\"ListItem\",\"position\":3,\"name\":\"REGNOCILLIN\"}]},{\"@type\":\"WebSite\",\"@id\":\"https:\/\/www.regnovet.com\/tr\/#website\",\"url\":\"https:\/\/www.regnovet.com\/tr\/\",\"name\":\"regnovet\",\"description\":\"\",\"publisher\":{\"@id\":\"https:\/\/www.regnovet.com\/tr\/#organization\"},\"potentialAction\":[{\"@type\":\"SearchAction\",\"target\":{\"@type\":\"EntryPoint\",\"urlTemplate\":\"https:\/\/www.regnovet.com\/tr\/?s={search_term_string}\"},\"query-input\":{\"@type\":\"PropertyValueSpecification\",\"valueRequired\":true,\"valueName\":\"search_term_string\"}}],\"inLanguage\":\"tr\"},{\"@type\":\"Organization\",\"@id\":\"https:\/\/www.regnovet.com\/tr\/#organization\",\"name\":\"regnovet\",\"url\":\"https:\/\/www.regnovet.com\/tr\/\",\"logo\":{\"@type\":\"ImageObject\",\"inLanguage\":\"tr\",\"@id\":\"https:\/\/www.regnovet.com\/tr\/#\/schema\/logo\/image\/\",\"url\":\"https:\/\/www.regnovet.com\/wp-content\/uploads\/2024\/09\/cropped-512.png\",\"contentUrl\":\"https:\/\/www.regnovet.com\/wp-content\/uploads\/2024\/09\/cropped-512.png\",\"width\":512,\"height\":512,\"caption\":\"regnovet\"},\"image\":{\"@id\":\"https:\/\/www.regnovet.com\/tr\/#\/schema\/logo\/image\/\"},\"sameAs\":[\"https:\/\/www.facebook.com\/people\/RegnoVet\/61571321505220\/\"]}]}<\/script>\n<!-- \/ Yoast SEO plugin. -->","yoast_head_json":{"title":"REGNOCILLIN - regnovet","robots":{"index":"index","follow":"follow","max-snippet":"max-snippet:-1","max-image-preview":"max-image-preview:large","max-video-preview":"max-video-preview:-1"},"canonical":"https:\/\/www.regnovet.com\/tr\/urun\/regnozin-copy-2\/","og_locale":"tr_TR","og_type":"article","og_title":"REGNOCILLIN - regnovet","og_description":"Amoksisilin, penisilin ailesine ait geni\u015f spektrumlu bir antibiyotiktir ve solunum yolu, gastrointestinal, idrar yolu enfeksiyonlar\u0131, cilt ve yumu\u015fak doku enfeksiyonlar\u0131 gibi \u00e7ok \u00e7e\u015fitli hastal\u0131k yap\u0131c\u0131 bakterilerle sava\u015fmak i\u00e7in kullan\u0131l\u0131r. Amoksisilin, bakteriyel h\u00fccre duvar\u0131n\u0131n yap\u0131s\u0131n\u0131 bozarak, bakteriyel h\u00fccrelerin \u00f6l\u00fcm\u00fcne yol a\u00e7ar ve enfeksiyonun yay\u0131lmas\u0131n\u0131 engeller. Amoksisilin, karaci\u011ferde \u00f6nemli \u00f6l\u00e7\u00fcde metabolize olmaz, bu da onun metabolitlere d\u00f6n\u00fc\u015f\u00fcm\u00fcn\u00fcn s\u0131n\u0131rl\u0131 oldu\u011fu anlam\u0131na gelir. \u0130la\u00e7, v\u00fccutta aktif formda kal\u0131r. Amoksisilin, ba\u015fl\u0131ca b\u00f6brekler arac\u0131l\u0131\u011f\u0131yla at\u0131l\u0131r ve idrarda at\u0131l\u0131r. Amoksisilin, uygulanan dozun yakla\u015f\u0131k %60-70\u2019inin b\u00f6brekler arac\u0131l\u0131\u011f\u0131yla de\u011fi\u015fmeden at\u0131lmas\u0131n\u0131 sa\u011flar. Bir miktar amoksisilin safra yoluyla at\u0131labilir ve d\u0131\u015fk\u0131ya at\u0131labilir, ancak b\u00f6brekler ana at\u0131l\u0131m yoludur. Amoksisilinin v\u00fccuttaki yar\u0131 \u00f6mr\u00fc genellikle 1 ila 1.5 saat aras\u0131nda de\u011fi\u015fir.","og_url":"https:\/\/www.regnovet.com\/tr\/urun\/regnozin-copy-2\/","og_site_name":"regnovet","article_publisher":"https:\/\/www.facebook.com\/people\/RegnoVet\/61571321505220\/","article_modified_time":"2025-02-15T11:18:52+00:00","og_image":[{"width":700,"height":700,"url":"https:\/\/www.regnovet.com\/wp-content\/uploads\/2024\/12\/regnocillin-15.jpg","type":"image\/jpeg"}],"twitter_card":"summary_large_image","twitter_misc":{"Tahmini okuma s\u00fcresi":"1 dakika"},"schema":{"@context":"https:\/\/schema.org","@graph":[{"@type":"WebPage","@id":"https:\/\/www.regnovet.com\/tr\/urun\/regnozin-copy-2\/","url":"https:\/\/www.regnovet.com\/tr\/urun\/regnozin-copy-2\/","name":"REGNOCILLIN - regnovet","isPartOf":{"@id":"https:\/\/www.regnovet.com\/tr\/#website"},"primaryImageOfPage":{"@id":"https:\/\/www.regnovet.com\/tr\/urun\/regnozin-copy-2\/#primaryimage"},"image":{"@id":"https:\/\/www.regnovet.com\/tr\/urun\/regnozin-copy-2\/#primaryimage"},"thumbnailUrl":"https:\/\/www.regnovet.com\/wp-content\/uploads\/2024\/12\/regnocillin-15.jpg","datePublished":"2024-12-18T10:54:06+00:00","dateModified":"2025-02-15T11:18:52+00:00","breadcrumb":{"@id":"https:\/\/www.regnovet.com\/tr\/urun\/regnozin-copy-2\/#breadcrumb"},"inLanguage":"tr","potentialAction":[{"@type":"ReadAction","target":["https:\/\/www.regnovet.com\/tr\/urun\/regnozin-copy-2\/"]}]},{"@type":"ImageObject","inLanguage":"tr","@id":"https:\/\/www.regnovet.com\/tr\/urun\/regnozin-copy-2\/#primaryimage","url":"https:\/\/www.regnovet.com\/wp-content\/uploads\/2024\/12\/regnocillin-15.jpg","contentUrl":"https:\/\/www.regnovet.com\/wp-content\/uploads\/2024\/12\/regnocillin-15.jpg","width":700,"height":700},{"@type":"BreadcrumbList","@id":"https:\/\/www.regnovet.com\/tr\/urun\/regnozin-copy-2\/#breadcrumb","itemListElement":[{"@type":"ListItem","position":1,"name":"Home","item":"https:\/\/www.regnovet.com\/tr\/"},{"@type":"ListItem","position":2,"name":"\u00dcr\u00fcnler","item":"https:\/\/www.regnovet.com\/products\/"},{"@type":"ListItem","position":3,"name":"REGNOCILLIN"}]},{"@type":"WebSite","@id":"https:\/\/www.regnovet.com\/tr\/#website","url":"https:\/\/www.regnovet.com\/tr\/","name":"regnovet","description":"","publisher":{"@id":"https:\/\/www.regnovet.com\/tr\/#organization"},"potentialAction":[{"@type":"SearchAction","target":{"@type":"EntryPoint","urlTemplate":"https:\/\/www.regnovet.com\/tr\/?s={search_term_string}"},"query-input":{"@type":"PropertyValueSpecification","valueRequired":true,"valueName":"search_term_string"}}],"inLanguage":"tr"},{"@type":"Organization","@id":"https:\/\/www.regnovet.com\/tr\/#organization","name":"regnovet","url":"https:\/\/www.regnovet.com\/tr\/","logo":{"@type":"ImageObject","inLanguage":"tr","@id":"https:\/\/www.regnovet.com\/tr\/#\/schema\/logo\/image\/","url":"https:\/\/www.regnovet.com\/wp-content\/uploads\/2024\/09\/cropped-512.png","contentUrl":"https:\/\/www.regnovet.com\/wp-content\/uploads\/2024\/09\/cropped-512.png","width":512,"height":512,"caption":"regnovet"},"image":{"@id":"https:\/\/www.regnovet.com\/tr\/#\/schema\/logo\/image\/"},"sameAs":["https:\/\/www.facebook.com\/people\/RegnoVet\/61571321505220\/"]}]}},"_links":{"self":[{"href":"https:\/\/www.regnovet.com\/tr\/wp-json\/wp\/v2\/product\/30161","targetHints":{"allow":["GET"]}}],"collection":[{"href":"https:\/\/www.regnovet.com\/tr\/wp-json\/wp\/v2\/product"}],"about":[{"href":"https:\/\/www.regnovet.com\/tr\/wp-json\/wp\/v2\/types\/product"}],"version-history":[{"count":5,"href":"https:\/\/www.regnovet.com\/tr\/wp-json\/wp\/v2\/product\/30161\/revisions"}],"predecessor-version":[{"id":31443,"href":"https:\/\/www.regnovet.com\/tr\/wp-json\/wp\/v2\/product\/30161\/revisions\/31443"}],"wp:featuredmedia":[{"embeddable":true,"href":"https:\/\/www.regnovet.com\/tr\/wp-json\/wp\/v2\/media\/31383"}],"wp:attachment":[{"href":"https:\/\/www.regnovet.com\/tr\/wp-json\/wp\/v2\/media?parent=30161"}],"wp:term":[{"taxonomy":"product_cat","embeddable":true,"href":"https:\/\/www.regnovet.com\/tr\/wp-json\/wp\/v2\/product_cat?post=30161"},{"taxonomy":"product_tag","embeddable":true,"href":"https:\/\/www.regnovet.com\/tr\/wp-json\/wp\/v2\/product_tag?post=30161"}],"curies":[{"name":"wp","href":"https:\/\/api.w.org\/{rel}","templated":true}]}}