{"id":30202,"date":"2024-12-18T12:00:31","date_gmt":"2024-12-18T12:00:31","guid":{"rendered":"https:\/\/www.regnovet.com\/?post_type=product&#038;p=30202"},"modified":"2025-02-11T10:05:06","modified_gmt":"2025-02-11T10:05:06","slug":"regnosol-copy","status":"publish","type":"product","link":"https:\/\/www.regnovet.com\/tr\/urun\/regnosol-copy\/","title":{"rendered":"FINISHIZER"},"content":{"rendered":"\t\t<div data-elementor-type=\"wp-post\" data-elementor-id=\"30202\" class=\"elementor elementor-30202 elementor-30200\">\n\t\t\t\t<div class=\"wd-negative-gap elementor-element elementor-element-13eaeda e-flex e-con-boxed e-con e-parent\" data-id=\"13eaeda\" data-element_type=\"container\" data-e-type=\"container\">\n\t\t\t\t\t<div class=\"e-con-inner\">\n\t\t\t\t<div class=\"elementor-element elementor-element-b0503f4 elementor-widget elementor-widget-toggle\" data-id=\"b0503f4\" data-element_type=\"widget\" data-e-type=\"widget\" data-widget_type=\"toggle.default\">\n\t\t\t\t<div class=\"elementor-widget-container\">\n\t\t\t\t\t\t\t<div class=\"elementor-toggle\">\n\t\t\t\t\t\t\t<div class=\"elementor-toggle-item\">\n\t\t\t\t\t<div id=\"elementor-tab-title-1841\" class=\"elementor-tab-title\" data-tab=\"1\" role=\"button\" aria-controls=\"elementor-tab-content-1841\" aria-expanded=\"false\">\n\t\t\t\t\t\t\t\t\t\t\t\t<span class=\"elementor-toggle-icon elementor-toggle-icon-left\" aria-hidden=\"true\">\n\t\t\t\t\t\t\t\t\t\t\t\t\t\t\t<span class=\"elementor-toggle-icon-closed\"><svg class=\"e-font-icon-svg e-fas-caret-right\" viewBox=\"0 0 192 512\" xmlns=\"http:\/\/www.w3.org\/2000\/svg\"><path d=\"M0 384.662V127.338c0-17.818 21.543-26.741 34.142-14.142l128.662 128.662c7.81 7.81 7.81 20.474 0 28.284L34.142 398.804C21.543 411.404 0 402.48 0 384.662z\"><\/path><\/svg><\/span>\n\t\t\t\t\t\t\t\t<span class=\"elementor-toggle-icon-opened\"><svg class=\"elementor-toggle-icon-opened e-font-icon-svg e-fas-caret-up\" viewBox=\"0 0 320 512\" xmlns=\"http:\/\/www.w3.org\/2000\/svg\"><path d=\"M288.662 352H31.338c-17.818 0-26.741-21.543-14.142-34.142l128.662-128.662c7.81-7.81 20.474-7.81 28.284 0l128.662 128.662c12.6 12.599 3.676 34.142-14.142 34.142z\"><\/path><\/svg><\/span>\n\t\t\t\t\t\t\t\t\t\t\t\t\t<\/span>\n\t\t\t\t\t\t\t\t\t\t\t\t<a class=\"elementor-toggle-title\" tabindex=\"0\">\u0130\u00c7ER\u0130K:<\/a>\n\t\t\t\t\t<\/div>\n\n\t\t\t\t\t<div id=\"elementor-tab-content-1841\" class=\"elementor-tab-content elementor-clearfix\" data-tab=\"1\" role=\"region\" aria-labelledby=\"elementor-tab-title-1841\"><p>Orta zincirli ya\u011f asitleri, maya metabolitleri, asit kar\u0131\u015f\u0131m\u0131 (formik, sitrik, fosforik, laktik, asetik), aroma bile\u015fenleri kar\u0131\u015f\u0131m\u0131, amino asitler (lizin, metiyonin, treonin, triptofan), sodyum, potasyum, magnezyum, \u00e7inko, manganez.<\/p>\n<\/div>\n\t\t\t\t<\/div>\n\t\t\t\t\t\t\t<div class=\"elementor-toggle-item\">\n\t\t\t\t\t<div id=\"elementor-tab-title-1842\" class=\"elementor-tab-title\" data-tab=\"2\" role=\"button\" aria-controls=\"elementor-tab-content-1842\" aria-expanded=\"false\">\n\t\t\t\t\t\t\t\t\t\t\t\t<span class=\"elementor-toggle-icon elementor-toggle-icon-left\" aria-hidden=\"true\">\n\t\t\t\t\t\t\t\t\t\t\t\t\t\t\t<span class=\"elementor-toggle-icon-closed\"><svg class=\"e-font-icon-svg e-fas-caret-right\" viewBox=\"0 0 192 512\" xmlns=\"http:\/\/www.w3.org\/2000\/svg\"><path d=\"M0 384.662V127.338c0-17.818 21.543-26.741 34.142-14.142l128.662 128.662c7.81 7.81 7.81 20.474 0 28.284L34.142 398.804C21.543 411.404 0 402.48 0 384.662z\"><\/path><\/svg><\/span>\n\t\t\t\t\t\t\t\t<span class=\"elementor-toggle-icon-opened\"><svg class=\"elementor-toggle-icon-opened e-font-icon-svg e-fas-caret-up\" viewBox=\"0 0 320 512\" xmlns=\"http:\/\/www.w3.org\/2000\/svg\"><path d=\"M288.662 352H31.338c-17.818 0-26.741-21.543-14.142-34.142l128.662-128.662c7.81-7.81 20.474-7.81 28.284 0l128.662 128.662c12.6 12.599 3.676 34.142-14.142 34.142z\"><\/path><\/svg><\/span>\n\t\t\t\t\t\t\t\t\t\t\t\t\t<\/span>\n\t\t\t\t\t\t\t\t\t\t\t\t<a class=\"elementor-toggle-title\" tabindex=\"0\">ENDIKASYON:<\/a>\n\t\t\t\t\t<\/div>\n\n\t\t\t\t\t<div id=\"elementor-tab-content-1842\" class=\"elementor-tab-content elementor-clearfix\" data-tab=\"2\" role=\"region\" aria-labelledby=\"elementor-tab-title-1842\"><ul>\n<li>Son besleme a\u015famalar\u0131nda b\u00fcy\u00fcme art\u0131\u015f\u0131.<\/li>\n<li>Final \u00fcretim sonu\u00e7lar\u0131n\u0131n iyile\u015ftirilmesi.<\/li>\n<li>Yem verimlili\u011finin art\u0131r\u0131lmas\u0131 ve su al\u0131m\u0131n\u0131n art\u0131r\u0131lmas\u0131.<\/li>\n<li>Et kalitesinin iyile\u015ftirilmesi.<\/li>\n<li>Yakalama ve mezbaha ta\u015f\u0131nmas\u0131 ile ili\u015fkili kay\u0131plar\u0131n minimize edilmesi.<\/li>\n<\/ul>\n<\/div>\n\t\t\t\t<\/div>\n\t\t\t\t\t\t\t<div class=\"elementor-toggle-item\">\n\t\t\t\t\t<div id=\"elementor-tab-title-1843\" class=\"elementor-tab-title\" data-tab=\"3\" role=\"button\" aria-controls=\"elementor-tab-content-1843\" aria-expanded=\"false\">\n\t\t\t\t\t\t\t\t\t\t\t\t<span class=\"elementor-toggle-icon elementor-toggle-icon-left\" aria-hidden=\"true\">\n\t\t\t\t\t\t\t\t\t\t\t\t\t\t\t<span class=\"elementor-toggle-icon-closed\"><svg class=\"e-font-icon-svg e-fas-caret-right\" viewBox=\"0 0 192 512\" xmlns=\"http:\/\/www.w3.org\/2000\/svg\"><path d=\"M0 384.662V127.338c0-17.818 21.543-26.741 34.142-14.142l128.662 128.662c7.81 7.81 7.81 20.474 0 28.284L34.142 398.804C21.543 411.404 0 402.48 0 384.662z\"><\/path><\/svg><\/span>\n\t\t\t\t\t\t\t\t<span class=\"elementor-toggle-icon-opened\"><svg class=\"elementor-toggle-icon-opened e-font-icon-svg e-fas-caret-up\" viewBox=\"0 0 320 512\" xmlns=\"http:\/\/www.w3.org\/2000\/svg\"><path d=\"M288.662 352H31.338c-17.818 0-26.741-21.543-14.142-34.142l128.662-128.662c7.81-7.81 20.474-7.81 28.284 0l128.662 128.662c12.6 12.599 3.676 34.142-14.142 34.142z\"><\/path><\/svg><\/span>\n\t\t\t\t\t\t\t\t\t\t\t\t\t<\/span>\n\t\t\t\t\t\t\t\t\t\t\t\t<a class=\"elementor-toggle-title\" tabindex=\"0\">DOZAJ:<\/a>\n\t\t\t\t\t<\/div>\n\n\t\t\t\t\t<div id=\"elementor-tab-content-1843\" class=\"elementor-tab-content elementor-clearfix\" data-tab=\"3\" role=\"region\" aria-labelledby=\"elementor-tab-title-1843\"><p><strong>Broiler\/Tavuk\/\u0130nek:<\/strong> 500 ml \/ 1.000 L i\u00e7me suyu, g\u00fcnl\u00fck i\u00e7me suyunun yar\u0131s\u0131nda son 3-4 g\u00fcn boyunca.<br \/>\n<strong>Son beslemede b\u00fcy\u00fck kilo kayb\u0131 durumunda:<\/strong> 750 ml \/ 1.000 L i\u00e7me suyu, g\u00fcnl\u00fck i\u00e7me suyunun yar\u0131s\u0131nda son 3-4 g\u00fcn boyunca.<\/p>\n<\/div>\n\t\t\t\t<\/div>\n\t\t\t\t\t\t\t<div class=\"elementor-toggle-item\">\n\t\t\t\t\t<div id=\"elementor-tab-title-1844\" class=\"elementor-tab-title\" data-tab=\"4\" role=\"button\" aria-controls=\"elementor-tab-content-1844\" aria-expanded=\"false\">\n\t\t\t\t\t\t\t\t\t\t\t\t<span class=\"elementor-toggle-icon elementor-toggle-icon-left\" aria-hidden=\"true\">\n\t\t\t\t\t\t\t\t\t\t\t\t\t\t\t<span class=\"elementor-toggle-icon-closed\"><svg class=\"e-font-icon-svg e-fas-caret-right\" viewBox=\"0 0 192 512\" xmlns=\"http:\/\/www.w3.org\/2000\/svg\"><path d=\"M0 384.662V127.338c0-17.818 21.543-26.741 34.142-14.142l128.662 128.662c7.81 7.81 7.81 20.474 0 28.284L34.142 398.804C21.543 411.404 0 402.48 0 384.662z\"><\/path><\/svg><\/span>\n\t\t\t\t\t\t\t\t<span class=\"elementor-toggle-icon-opened\"><svg class=\"elementor-toggle-icon-opened e-font-icon-svg e-fas-caret-up\" viewBox=\"0 0 320 512\" xmlns=\"http:\/\/www.w3.org\/2000\/svg\"><path d=\"M288.662 352H31.338c-17.818 0-26.741-21.543-14.142-34.142l128.662-128.662c7.81-7.81 20.474-7.81 28.284 0l128.662 128.662c12.6 12.599 3.676 34.142-14.142 34.142z\"><\/path><\/svg><\/span>\n\t\t\t\t\t\t\t\t\t\t\t\t\t<\/span>\n\t\t\t\t\t\t\t\t\t\t\t\t<a class=\"elementor-toggle-title\" tabindex=\"0\">\u00c7EK\u0130LME S\u00dcRES\u0130:<\/a>\n\t\t\t\t\t<\/div>\n\n\t\t\t\t\t<div id=\"elementor-tab-content-1844\" class=\"elementor-tab-content elementor-clearfix\" data-tab=\"4\" role=\"region\" aria-labelledby=\"elementor-tab-title-1844\"><p>Et, Yumurta ve S\u00fct i\u00e7in \u00e7ekilme s\u00fcresi gerekmemektedir.<\/p>\n<\/div>\n\t\t\t\t<\/div>\n\t\t\t\t\t\t\t<div class=\"elementor-toggle-item\">\n\t\t\t\t\t<div id=\"elementor-tab-title-1845\" class=\"elementor-tab-title\" data-tab=\"5\" role=\"button\" aria-controls=\"elementor-tab-content-1845\" aria-expanded=\"false\">\n\t\t\t\t\t\t\t\t\t\t\t\t<span class=\"elementor-toggle-icon elementor-toggle-icon-left\" aria-hidden=\"true\">\n\t\t\t\t\t\t\t\t\t\t\t\t\t\t\t<span class=\"elementor-toggle-icon-closed\"><svg class=\"e-font-icon-svg e-fas-caret-right\" viewBox=\"0 0 192 512\" xmlns=\"http:\/\/www.w3.org\/2000\/svg\"><path d=\"M0 384.662V127.338c0-17.818 21.543-26.741 34.142-14.142l128.662 128.662c7.81 7.81 7.81 20.474 0 28.284L34.142 398.804C21.543 411.404 0 402.48 0 384.662z\"><\/path><\/svg><\/span>\n\t\t\t\t\t\t\t\t<span class=\"elementor-toggle-icon-opened\"><svg class=\"elementor-toggle-icon-opened e-font-icon-svg e-fas-caret-up\" viewBox=\"0 0 320 512\" xmlns=\"http:\/\/www.w3.org\/2000\/svg\"><path d=\"M288.662 352H31.338c-17.818 0-26.741-21.543-14.142-34.142l128.662-128.662c7.81-7.81 20.474-7.81 28.284 0l128.662 128.662c12.6 12.599 3.676 34.142-14.142 34.142z\"><\/path><\/svg><\/span>\n\t\t\t\t\t\t\t\t\t\t\t\t\t<\/span>\n\t\t\t\t\t\t\t\t\t\t\t\t<a class=\"elementor-toggle-title\" tabindex=\"0\">SAKLAMA:<\/a>\n\t\t\t\t\t<\/div>\n\n\t\t\t\t\t<div id=\"elementor-tab-content-1845\" class=\"elementor-tab-content elementor-clearfix\" data-tab=\"5\" role=\"region\" aria-labelledby=\"elementor-tab-title-1845\"><p>Kuru ve karanl\u0131k bir yerde, 25\u02daC&#8217;nin alt\u0131ndaki s\u0131cakl\u0131kta saklay\u0131n.<\/p>\n<\/div>\n\t\t\t\t<\/div>\n\t\t\t\t\t\t\t\t<\/div>\n\t\t\t\t\t\t<\/div>\n\t\t\t\t<\/div>\n\t\t\t\t\t<\/div>\n\t\t\t\t<\/div>\n\t\t\t\t<\/div>\n\t\t","protected":false},"excerpt":{"rendered":"<p>Regnosol, hayvanlara vask\u00fcler dokular\u0131n yan\u0131 s\u0131ra kas ve sinir dokular\u0131n\u0131n iyi \u00e7al\u0131\u015fmas\u0131n\u0131 sa\u011flamak i\u00e7in bir takviye olarak hizmet eden vitamin E ve selenyum bile\u015fi\u011fidir. Bu \u00fcr\u00fcn, ya\u011flar\u0131n y\u00fcksek oranda bulundu\u011fu diyetlerle birlikte kullan\u0131ld\u0131\u011f\u0131nda, ya\u011f dokular\u0131n\u0131 oksit olu\u015fumundan koruyarak ve oksitlenmeyi \u00f6nleyerek, hayvan\u0131n ba\u011f\u0131\u015f\u0131kl\u0131k sistemi seviyesinde g\u00fc\u00e7l\u00fc bir antioksidan olarak i\u015flev g\u00f6r\u00fcr. V\u00fccudun do\u011fal direncini art\u0131r\u0131r ve endokrin sistemini uyar\u0131r. Ayr\u0131ca, bu \u00e7\u00f6zeltinin bakteri, vir\u00fcs ve parazit enfeksiyonlar\u0131n\u0131n tedavisi s\u0131ras\u0131nda ve sonras\u0131nda kullan\u0131lmas\u0131 tavsiye edilir, \u00e7\u00fcnk\u00fc h\u00fccre zarlar\u0131n\u0131 ve di\u011fer yap\u0131sal elemanlar\u0131 korur, h\u00fccre savunmas\u0131n\u0131 serbest radikallere kar\u015f\u0131 g\u00fc\u00e7lendirir ve ba\u011f\u0131\u015f\u0131kl\u0131k sisteminin toksinlerle sava\u015fmas\u0131na yard\u0131mc\u0131 olur.<\/p>\n<p>&nbsp;<\/p>\n<p>Bu \u00fcr\u00fcn ayr\u0131ca, hayvan\u0131n enfeksiyonlara kar\u015f\u0131 direncini art\u0131r\u0131r, diyet de\u011fi\u015fiklikleri ve s\u0131cakl\u0131k ve nakliye gibi olumsuz d\u0131\u015f fakt\u00f6rlerin neden oldu\u011fu stresi azalt\u0131r ve iskelet ve n\u00f6rom\u00fcsk\u00fcler sistemlerin do\u011fru geli\u015fimini destekler. Regnosol, kanatl\u0131 hayvanlarda ensefalomalazi, kas distrofisi (MD) ve beyaz kas hastal\u0131klar\u0131n\u0131 \u00f6nlemek i\u00e7in s\u0131k\u00e7a kullan\u0131l\u0131r; bunlar eninde sonunda kalp kas\u0131 distrofisine yol a\u00e7ar. Ayr\u0131ca, dam\u0131zl\u0131klarda kulu\u00e7ka oran\u0131n\u0131 ve do\u011furganl\u0131\u011f\u0131 art\u0131rmak, yumurta \u00fcretimini ve broilerlerde a\u011f\u0131rl\u0131k art\u0131\u015f\u0131 ve et kalitesini iyile\u015ftirmek i\u00e7in de kullan\u0131l\u0131r.<\/p>\n<p>&nbsp;<\/p>\n<p>B\u00fcy\u00fckba\u015f hayvanlarda, Regnosol kas distrofisini (MD) \u00f6nlemek ve \u00fcreme i\u00e7in haz\u0131rl\u0131k yapmak amac\u0131yla \u00e7al\u0131\u015f\u0131r, \u00e7\u00fcnk\u00fc k\u0131s\u0131rl\u0131\u011f\u0131 \u00f6nlemede kilit rol oynar, erkek ve di\u015fi \u00fcreme sistemlerini uyar\u0131r ve erkeklerde testis dejenerasyonunu \u00f6nler.<\/p>\n","protected":false},"featured_media":31249,"template":"","meta":[],"product_cat":[184,186,175,187],"product_tag":[],"class_list":{"0":"post-30202","1":"product","2":"type-product","3":"status-publish","4":"has-post-thumbnail","6":"product_cat-kanatli","7":"product_cat-kuslar","8":"product_cat-ruminantlar","9":"product_cat-yem-katki-maddeleri","11":"first","12":"instock","13":"shipping-taxable","14":"product-type-simple"},"yoast_head":"<!-- This site is optimized with the Yoast SEO plugin v24.1 - https:\/\/yoast.com\/wordpress\/plugins\/seo\/ -->\n<title>FINISHIZER - regnovet<\/title>\n<meta name=\"robots\" content=\"index, follow, max-snippet:-1, max-image-preview:large, max-video-preview:-1\" \/>\n<link rel=\"canonical\" href=\"https:\/\/www.regnovet.com\/tr\/urun\/regnosol-copy\/\" \/>\n<meta property=\"og:locale\" content=\"tr_TR\" \/>\n<meta property=\"og:type\" content=\"article\" \/>\n<meta property=\"og:title\" content=\"FINISHIZER - regnovet\" \/>\n<meta property=\"og:description\" content=\"Regnosol, hayvanlara vask\u00fcler dokular\u0131n yan\u0131 s\u0131ra kas ve sinir dokular\u0131n\u0131n iyi \u00e7al\u0131\u015fmas\u0131n\u0131 sa\u011flamak i\u00e7in bir takviye olarak hizmet eden vitamin E ve selenyum bile\u015fi\u011fidir. Bu \u00fcr\u00fcn, ya\u011flar\u0131n y\u00fcksek oranda bulundu\u011fu diyetlerle birlikte kullan\u0131ld\u0131\u011f\u0131nda, ya\u011f dokular\u0131n\u0131 oksit olu\u015fumundan koruyarak ve oksitlenmeyi \u00f6nleyerek, hayvan\u0131n ba\u011f\u0131\u015f\u0131kl\u0131k sistemi seviyesinde g\u00fc\u00e7l\u00fc bir antioksidan olarak i\u015flev g\u00f6r\u00fcr. V\u00fccudun do\u011fal direncini art\u0131r\u0131r ve endokrin sistemini uyar\u0131r. Ayr\u0131ca, bu \u00e7\u00f6zeltinin bakteri, vir\u00fcs ve parazit enfeksiyonlar\u0131n\u0131n tedavisi s\u0131ras\u0131nda ve sonras\u0131nda kullan\u0131lmas\u0131 tavsiye edilir, \u00e7\u00fcnk\u00fc h\u00fccre zarlar\u0131n\u0131 ve di\u011fer yap\u0131sal elemanlar\u0131 korur, h\u00fccre savunmas\u0131n\u0131 serbest radikallere kar\u015f\u0131 g\u00fc\u00e7lendirir ve ba\u011f\u0131\u015f\u0131kl\u0131k sisteminin toksinlerle sava\u015fmas\u0131na yard\u0131mc\u0131 olur.  &nbsp;  Bu \u00fcr\u00fcn ayr\u0131ca, hayvan\u0131n enfeksiyonlara kar\u015f\u0131 direncini art\u0131r\u0131r, diyet de\u011fi\u015fiklikleri ve s\u0131cakl\u0131k ve nakliye gibi olumsuz d\u0131\u015f fakt\u00f6rlerin neden oldu\u011fu stresi azalt\u0131r ve iskelet ve n\u00f6rom\u00fcsk\u00fcler sistemlerin do\u011fru geli\u015fimini destekler. Regnosol, kanatl\u0131 hayvanlarda ensefalomalazi, kas distrofisi (MD) ve beyaz kas hastal\u0131klar\u0131n\u0131 \u00f6nlemek i\u00e7in s\u0131k\u00e7a kullan\u0131l\u0131r; bunlar eninde sonunda kalp kas\u0131 distrofisine yol a\u00e7ar. Ayr\u0131ca, dam\u0131zl\u0131klarda kulu\u00e7ka oran\u0131n\u0131 ve do\u011furganl\u0131\u011f\u0131 art\u0131rmak, yumurta \u00fcretimini ve broilerlerde a\u011f\u0131rl\u0131k art\u0131\u015f\u0131 ve et kalitesini iyile\u015ftirmek i\u00e7in de kullan\u0131l\u0131r.  &nbsp;  B\u00fcy\u00fckba\u015f hayvanlarda, Regnosol kas distrofisini (MD) \u00f6nlemek ve \u00fcreme i\u00e7in haz\u0131rl\u0131k yapmak amac\u0131yla \u00e7al\u0131\u015f\u0131r, \u00e7\u00fcnk\u00fc k\u0131s\u0131rl\u0131\u011f\u0131 \u00f6nlemede kilit rol oynar, erkek ve di\u015fi \u00fcreme sistemlerini uyar\u0131r ve erkeklerde testis dejenerasyonunu \u00f6nler.\" \/>\n<meta property=\"og:url\" content=\"https:\/\/www.regnovet.com\/tr\/urun\/regnosol-copy\/\" \/>\n<meta property=\"og:site_name\" content=\"regnovet\" \/>\n<meta property=\"article:publisher\" content=\"https:\/\/www.facebook.com\/people\/RegnoVet\/61571321505220\/\" \/>\n<meta property=\"article:modified_time\" content=\"2025-02-11T10:05:06+00:00\" \/>\n<meta property=\"og:image\" content=\"https:\/\/www.regnovet.com\/wp-content\/uploads\/2024\/12\/FINISHIZER-1.jpg\" \/>\n\t<meta property=\"og:image:width\" content=\"700\" \/>\n\t<meta property=\"og:image:height\" content=\"700\" \/>\n\t<meta property=\"og:image:type\" content=\"image\/jpeg\" \/>\n<meta name=\"twitter:card\" content=\"summary_large_image\" \/>\n<meta name=\"twitter:label1\" content=\"Tahmini okuma s\u00fcresi\" \/>\n\t<meta name=\"twitter:data1\" content=\"1 dakika\" \/>\n<script type=\"application\/ld+json\" class=\"yoast-schema-graph\">{\"@context\":\"https:\/\/schema.org\",\"@graph\":[{\"@type\":\"WebPage\",\"@id\":\"https:\/\/www.regnovet.com\/tr\/urun\/regnosol-copy\/\",\"url\":\"https:\/\/www.regnovet.com\/tr\/urun\/regnosol-copy\/\",\"name\":\"FINISHIZER - regnovet\",\"isPartOf\":{\"@id\":\"https:\/\/www.regnovet.com\/tr\/#website\"},\"primaryImageOfPage\":{\"@id\":\"https:\/\/www.regnovet.com\/tr\/urun\/regnosol-copy\/#primaryimage\"},\"image\":{\"@id\":\"https:\/\/www.regnovet.com\/tr\/urun\/regnosol-copy\/#primaryimage\"},\"thumbnailUrl\":\"https:\/\/www.regnovet.com\/wp-content\/uploads\/2024\/12\/FINISHIZER-1.jpg\",\"datePublished\":\"2024-12-18T12:00:31+00:00\",\"dateModified\":\"2025-02-11T10:05:06+00:00\",\"breadcrumb\":{\"@id\":\"https:\/\/www.regnovet.com\/tr\/urun\/regnosol-copy\/#breadcrumb\"},\"inLanguage\":\"tr\",\"potentialAction\":[{\"@type\":\"ReadAction\",\"target\":[\"https:\/\/www.regnovet.com\/tr\/urun\/regnosol-copy\/\"]}]},{\"@type\":\"ImageObject\",\"inLanguage\":\"tr\",\"@id\":\"https:\/\/www.regnovet.com\/tr\/urun\/regnosol-copy\/#primaryimage\",\"url\":\"https:\/\/www.regnovet.com\/wp-content\/uploads\/2024\/12\/FINISHIZER-1.jpg\",\"contentUrl\":\"https:\/\/www.regnovet.com\/wp-content\/uploads\/2024\/12\/FINISHIZER-1.jpg\",\"width\":700,\"height\":700},{\"@type\":\"BreadcrumbList\",\"@id\":\"https:\/\/www.regnovet.com\/tr\/urun\/regnosol-copy\/#breadcrumb\",\"itemListElement\":[{\"@type\":\"ListItem\",\"position\":1,\"name\":\"Home\",\"item\":\"https:\/\/www.regnovet.com\/tr\/\"},{\"@type\":\"ListItem\",\"position\":2,\"name\":\"\u00dcr\u00fcnler\",\"item\":\"https:\/\/www.regnovet.com\/products\/\"},{\"@type\":\"ListItem\",\"position\":3,\"name\":\"FINISHIZER\"}]},{\"@type\":\"WebSite\",\"@id\":\"https:\/\/www.regnovet.com\/tr\/#website\",\"url\":\"https:\/\/www.regnovet.com\/tr\/\",\"name\":\"regnovet\",\"description\":\"\",\"publisher\":{\"@id\":\"https:\/\/www.regnovet.com\/tr\/#organization\"},\"potentialAction\":[{\"@type\":\"SearchAction\",\"target\":{\"@type\":\"EntryPoint\",\"urlTemplate\":\"https:\/\/www.regnovet.com\/tr\/?s={search_term_string}\"},\"query-input\":{\"@type\":\"PropertyValueSpecification\",\"valueRequired\":true,\"valueName\":\"search_term_string\"}}],\"inLanguage\":\"tr\"},{\"@type\":\"Organization\",\"@id\":\"https:\/\/www.regnovet.com\/tr\/#organization\",\"name\":\"regnovet\",\"url\":\"https:\/\/www.regnovet.com\/tr\/\",\"logo\":{\"@type\":\"ImageObject\",\"inLanguage\":\"tr\",\"@id\":\"https:\/\/www.regnovet.com\/tr\/#\/schema\/logo\/image\/\",\"url\":\"https:\/\/www.regnovet.com\/wp-content\/uploads\/2024\/09\/cropped-512.png\",\"contentUrl\":\"https:\/\/www.regnovet.com\/wp-content\/uploads\/2024\/09\/cropped-512.png\",\"width\":512,\"height\":512,\"caption\":\"regnovet\"},\"image\":{\"@id\":\"https:\/\/www.regnovet.com\/tr\/#\/schema\/logo\/image\/\"},\"sameAs\":[\"https:\/\/www.facebook.com\/people\/RegnoVet\/61571321505220\/\"]}]}<\/script>\n<!-- \/ Yoast SEO plugin. -->","yoast_head_json":{"title":"FINISHIZER - regnovet","robots":{"index":"index","follow":"follow","max-snippet":"max-snippet:-1","max-image-preview":"max-image-preview:large","max-video-preview":"max-video-preview:-1"},"canonical":"https:\/\/www.regnovet.com\/tr\/urun\/regnosol-copy\/","og_locale":"tr_TR","og_type":"article","og_title":"FINISHIZER - regnovet","og_description":"Regnosol, hayvanlara vask\u00fcler dokular\u0131n yan\u0131 s\u0131ra kas ve sinir dokular\u0131n\u0131n iyi \u00e7al\u0131\u015fmas\u0131n\u0131 sa\u011flamak i\u00e7in bir takviye olarak hizmet eden vitamin E ve selenyum bile\u015fi\u011fidir. Bu \u00fcr\u00fcn, ya\u011flar\u0131n y\u00fcksek oranda bulundu\u011fu diyetlerle birlikte kullan\u0131ld\u0131\u011f\u0131nda, ya\u011f dokular\u0131n\u0131 oksit olu\u015fumundan koruyarak ve oksitlenmeyi \u00f6nleyerek, hayvan\u0131n ba\u011f\u0131\u015f\u0131kl\u0131k sistemi seviyesinde g\u00fc\u00e7l\u00fc bir antioksidan olarak i\u015flev g\u00f6r\u00fcr. V\u00fccudun do\u011fal direncini art\u0131r\u0131r ve endokrin sistemini uyar\u0131r. Ayr\u0131ca, bu \u00e7\u00f6zeltinin bakteri, vir\u00fcs ve parazit enfeksiyonlar\u0131n\u0131n tedavisi s\u0131ras\u0131nda ve sonras\u0131nda kullan\u0131lmas\u0131 tavsiye edilir, \u00e7\u00fcnk\u00fc h\u00fccre zarlar\u0131n\u0131 ve di\u011fer yap\u0131sal elemanlar\u0131 korur, h\u00fccre savunmas\u0131n\u0131 serbest radikallere kar\u015f\u0131 g\u00fc\u00e7lendirir ve ba\u011f\u0131\u015f\u0131kl\u0131k sisteminin toksinlerle sava\u015fmas\u0131na yard\u0131mc\u0131 olur.  &nbsp;  Bu \u00fcr\u00fcn ayr\u0131ca, hayvan\u0131n enfeksiyonlara kar\u015f\u0131 direncini art\u0131r\u0131r, diyet de\u011fi\u015fiklikleri ve s\u0131cakl\u0131k ve nakliye gibi olumsuz d\u0131\u015f fakt\u00f6rlerin neden oldu\u011fu stresi azalt\u0131r ve iskelet ve n\u00f6rom\u00fcsk\u00fcler sistemlerin do\u011fru geli\u015fimini destekler. Regnosol, kanatl\u0131 hayvanlarda ensefalomalazi, kas distrofisi (MD) ve beyaz kas hastal\u0131klar\u0131n\u0131 \u00f6nlemek i\u00e7in s\u0131k\u00e7a kullan\u0131l\u0131r; bunlar eninde sonunda kalp kas\u0131 distrofisine yol a\u00e7ar. Ayr\u0131ca, dam\u0131zl\u0131klarda kulu\u00e7ka oran\u0131n\u0131 ve do\u011furganl\u0131\u011f\u0131 art\u0131rmak, yumurta \u00fcretimini ve broilerlerde a\u011f\u0131rl\u0131k art\u0131\u015f\u0131 ve et kalitesini iyile\u015ftirmek i\u00e7in de kullan\u0131l\u0131r.  &nbsp;  B\u00fcy\u00fckba\u015f hayvanlarda, Regnosol kas distrofisini (MD) \u00f6nlemek ve \u00fcreme i\u00e7in haz\u0131rl\u0131k yapmak amac\u0131yla \u00e7al\u0131\u015f\u0131r, \u00e7\u00fcnk\u00fc k\u0131s\u0131rl\u0131\u011f\u0131 \u00f6nlemede kilit rol oynar, erkek ve di\u015fi \u00fcreme sistemlerini uyar\u0131r ve erkeklerde testis dejenerasyonunu \u00f6nler.","og_url":"https:\/\/www.regnovet.com\/tr\/urun\/regnosol-copy\/","og_site_name":"regnovet","article_publisher":"https:\/\/www.facebook.com\/people\/RegnoVet\/61571321505220\/","article_modified_time":"2025-02-11T10:05:06+00:00","og_image":[{"width":700,"height":700,"url":"https:\/\/www.regnovet.com\/wp-content\/uploads\/2024\/12\/FINISHIZER-1.jpg","type":"image\/jpeg"}],"twitter_card":"summary_large_image","twitter_misc":{"Tahmini okuma s\u00fcresi":"1 dakika"},"schema":{"@context":"https:\/\/schema.org","@graph":[{"@type":"WebPage","@id":"https:\/\/www.regnovet.com\/tr\/urun\/regnosol-copy\/","url":"https:\/\/www.regnovet.com\/tr\/urun\/regnosol-copy\/","name":"FINISHIZER - regnovet","isPartOf":{"@id":"https:\/\/www.regnovet.com\/tr\/#website"},"primaryImageOfPage":{"@id":"https:\/\/www.regnovet.com\/tr\/urun\/regnosol-copy\/#primaryimage"},"image":{"@id":"https:\/\/www.regnovet.com\/tr\/urun\/regnosol-copy\/#primaryimage"},"thumbnailUrl":"https:\/\/www.regnovet.com\/wp-content\/uploads\/2024\/12\/FINISHIZER-1.jpg","datePublished":"2024-12-18T12:00:31+00:00","dateModified":"2025-02-11T10:05:06+00:00","breadcrumb":{"@id":"https:\/\/www.regnovet.com\/tr\/urun\/regnosol-copy\/#breadcrumb"},"inLanguage":"tr","potentialAction":[{"@type":"ReadAction","target":["https:\/\/www.regnovet.com\/tr\/urun\/regnosol-copy\/"]}]},{"@type":"ImageObject","inLanguage":"tr","@id":"https:\/\/www.regnovet.com\/tr\/urun\/regnosol-copy\/#primaryimage","url":"https:\/\/www.regnovet.com\/wp-content\/uploads\/2024\/12\/FINISHIZER-1.jpg","contentUrl":"https:\/\/www.regnovet.com\/wp-content\/uploads\/2024\/12\/FINISHIZER-1.jpg","width":700,"height":700},{"@type":"BreadcrumbList","@id":"https:\/\/www.regnovet.com\/tr\/urun\/regnosol-copy\/#breadcrumb","itemListElement":[{"@type":"ListItem","position":1,"name":"Home","item":"https:\/\/www.regnovet.com\/tr\/"},{"@type":"ListItem","position":2,"name":"\u00dcr\u00fcnler","item":"https:\/\/www.regnovet.com\/products\/"},{"@type":"ListItem","position":3,"name":"FINISHIZER"}]},{"@type":"WebSite","@id":"https:\/\/www.regnovet.com\/tr\/#website","url":"https:\/\/www.regnovet.com\/tr\/","name":"regnovet","description":"","publisher":{"@id":"https:\/\/www.regnovet.com\/tr\/#organization"},"potentialAction":[{"@type":"SearchAction","target":{"@type":"EntryPoint","urlTemplate":"https:\/\/www.regnovet.com\/tr\/?s={search_term_string}"},"query-input":{"@type":"PropertyValueSpecification","valueRequired":true,"valueName":"search_term_string"}}],"inLanguage":"tr"},{"@type":"Organization","@id":"https:\/\/www.regnovet.com\/tr\/#organization","name":"regnovet","url":"https:\/\/www.regnovet.com\/tr\/","logo":{"@type":"ImageObject","inLanguage":"tr","@id":"https:\/\/www.regnovet.com\/tr\/#\/schema\/logo\/image\/","url":"https:\/\/www.regnovet.com\/wp-content\/uploads\/2024\/09\/cropped-512.png","contentUrl":"https:\/\/www.regnovet.com\/wp-content\/uploads\/2024\/09\/cropped-512.png","width":512,"height":512,"caption":"regnovet"},"image":{"@id":"https:\/\/www.regnovet.com\/tr\/#\/schema\/logo\/image\/"},"sameAs":["https:\/\/www.facebook.com\/people\/RegnoVet\/61571321505220\/"]}]}},"_links":{"self":[{"href":"https:\/\/www.regnovet.com\/tr\/wp-json\/wp\/v2\/product\/30202","targetHints":{"allow":["GET"]}}],"collection":[{"href":"https:\/\/www.regnovet.com\/tr\/wp-json\/wp\/v2\/product"}],"about":[{"href":"https:\/\/www.regnovet.com\/tr\/wp-json\/wp\/v2\/types\/product"}],"version-history":[{"count":5,"href":"https:\/\/www.regnovet.com\/tr\/wp-json\/wp\/v2\/product\/30202\/revisions"}],"predecessor-version":[{"id":31302,"href":"https:\/\/www.regnovet.com\/tr\/wp-json\/wp\/v2\/product\/30202\/revisions\/31302"}],"wp:featuredmedia":[{"embeddable":true,"href":"https:\/\/www.regnovet.com\/tr\/wp-json\/wp\/v2\/media\/31249"}],"wp:attachment":[{"href":"https:\/\/www.regnovet.com\/tr\/wp-json\/wp\/v2\/media?parent=30202"}],"wp:term":[{"taxonomy":"product_cat","embeddable":true,"href":"https:\/\/www.regnovet.com\/tr\/wp-json\/wp\/v2\/product_cat?post=30202"},{"taxonomy":"product_tag","embeddable":true,"href":"https:\/\/www.regnovet.com\/tr\/wp-json\/wp\/v2\/product_tag?post=30202"}],"curies":[{"name":"wp","href":"https:\/\/api.w.org\/{rel}","templated":true}]}}