{"id":30617,"date":"2024-12-27T10:15:57","date_gmt":"2024-12-27T10:15:57","guid":{"rendered":"https:\/\/www.regnovet.com\/?post_type=product&#038;p=30617"},"modified":"2024-12-28T07:01:52","modified_gmt":"2024-12-28T07:01:52","slug":"cardioreg-copy","status":"publish","type":"product","link":"https:\/\/www.regnovet.com\/tr\/urun\/cardioreg-copy\/","title":{"rendered":"CalsioReg"},"content":{"rendered":"\t\t<div data-elementor-type=\"wp-post\" data-elementor-id=\"30617\" class=\"elementor elementor-30617 elementor-30615\">\n\t\t\t\t<div class=\"wd-negative-gap elementor-element elementor-element-7839a92 e-flex e-con-boxed e-con e-parent\" data-id=\"7839a92\" data-element_type=\"container\" data-e-type=\"container\">\n\t\t\t\t\t<div class=\"e-con-inner\">\n\t\t\t\t<div class=\"elementor-element elementor-element-fbd0500 elementor-widget elementor-widget-toggle\" data-id=\"fbd0500\" data-element_type=\"widget\" data-e-type=\"widget\" data-widget_type=\"toggle.default\">\n\t\t\t\t<div class=\"elementor-widget-container\">\n\t\t\t\t\t\t\t<div class=\"elementor-toggle\">\n\t\t\t\t\t\t\t<div class=\"elementor-toggle-item\">\n\t\t\t\t\t<div id=\"elementor-tab-title-2641\" class=\"elementor-tab-title\" data-tab=\"1\" role=\"button\" aria-controls=\"elementor-tab-content-2641\" aria-expanded=\"false\">\n\t\t\t\t\t\t\t\t\t\t\t\t<span class=\"elementor-toggle-icon elementor-toggle-icon-left\" aria-hidden=\"true\">\n\t\t\t\t\t\t\t\t\t\t\t\t\t\t\t<span class=\"elementor-toggle-icon-closed\"><svg class=\"e-font-icon-svg e-fas-caret-right\" viewBox=\"0 0 192 512\" xmlns=\"http:\/\/www.w3.org\/2000\/svg\"><path d=\"M0 384.662V127.338c0-17.818 21.543-26.741 34.142-14.142l128.662 128.662c7.81 7.81 7.81 20.474 0 28.284L34.142 398.804C21.543 411.404 0 402.48 0 384.662z\"><\/path><\/svg><\/span>\n\t\t\t\t\t\t\t\t<span class=\"elementor-toggle-icon-opened\"><svg class=\"elementor-toggle-icon-opened e-font-icon-svg e-fas-caret-up\" viewBox=\"0 0 320 512\" xmlns=\"http:\/\/www.w3.org\/2000\/svg\"><path d=\"M288.662 352H31.338c-17.818 0-26.741-21.543-14.142-34.142l128.662-128.662c7.81-7.81 20.474-7.81 28.284 0l128.662 128.662c12.6 12.599 3.676 34.142-14.142 34.142z\"><\/path><\/svg><\/span>\n\t\t\t\t\t\t\t\t\t\t\t\t\t<\/span>\n\t\t\t\t\t\t\t\t\t\t\t\t<a class=\"elementor-toggle-title\" tabindex=\"0\">KULLANIM ALANLARI:<\/a>\n\t\t\t\t\t<\/div>\n\n\t\t\t\t\t<div id=\"elementor-tab-content-2641\" class=\"elementor-tab-content elementor-clearfix\" data-tab=\"1\" role=\"region\" aria-labelledby=\"elementor-tab-title-2641\"><p>&#8211; Hareketsizlik ve v\u00fccutta zay\u0131fl\u0131k durumlar\u0131nda<br \/>\n&#8211; \u0130yi iskelet olu\u015fumunu, daha iyi b\u00fcy\u00fcmeyi ve g\u00fc\u00e7l\u00fc kemikleri\u00a0 \u00a0 \u00a0 \u00a0desteklemek amac\u0131yla<br \/>\n&#8211; Hamile veya emziren evcil hayvanlar i\u00e7in<br \/>\n&#8211; Annesinden emzirmeyi yeni b\u0131rakm\u0131\u015f yavru k\u00f6pekler ve kediler i\u00e7in<br \/>\n&#8211; Riket, kas se\u011firmesi ve huzursuzluk durumlar\u0131nda<br \/>\n&#8211; Enerji artt\u0131r\u0131c\u0131 ve sindirime yard\u0131mc\u0131<br \/>\n&#8211; Ev yap\u0131m\u0131 diyetle besleme durumunda<\/p>\n<\/div>\n\t\t\t\t<\/div>\n\t\t\t\t\t\t\t<div class=\"elementor-toggle-item\">\n\t\t\t\t\t<div id=\"elementor-tab-title-2642\" class=\"elementor-tab-title\" data-tab=\"2\" role=\"button\" aria-controls=\"elementor-tab-content-2642\" aria-expanded=\"false\">\n\t\t\t\t\t\t\t\t\t\t\t\t<span class=\"elementor-toggle-icon elementor-toggle-icon-left\" aria-hidden=\"true\">\n\t\t\t\t\t\t\t\t\t\t\t\t\t\t\t<span class=\"elementor-toggle-icon-closed\"><svg class=\"e-font-icon-svg e-fas-caret-right\" viewBox=\"0 0 192 512\" xmlns=\"http:\/\/www.w3.org\/2000\/svg\"><path d=\"M0 384.662V127.338c0-17.818 21.543-26.741 34.142-14.142l128.662 128.662c7.81 7.81 7.81 20.474 0 28.284L34.142 398.804C21.543 411.404 0 402.48 0 384.662z\"><\/path><\/svg><\/span>\n\t\t\t\t\t\t\t\t<span class=\"elementor-toggle-icon-opened\"><svg class=\"elementor-toggle-icon-opened e-font-icon-svg e-fas-caret-up\" viewBox=\"0 0 320 512\" xmlns=\"http:\/\/www.w3.org\/2000\/svg\"><path d=\"M288.662 352H31.338c-17.818 0-26.741-21.543-14.142-34.142l128.662-128.662c7.81-7.81 20.474-7.81 28.284 0l128.662 128.662c12.6 12.599 3.676 34.142-14.142 34.142z\"><\/path><\/svg><\/span>\n\t\t\t\t\t\t\t\t\t\t\t\t\t<\/span>\n\t\t\t\t\t\t\t\t\t\t\t\t<a class=\"elementor-toggle-title\" tabindex=\"0\">DOZAJ:<\/a>\n\t\t\t\t\t<\/div>\n\n\t\t\t\t\t<div id=\"elementor-tab-content-2642\" class=\"elementor-tab-content elementor-clearfix\" data-tab=\"2\" role=\"region\" aria-labelledby=\"elementor-tab-title-2642\"><p>\u00b0 K\u00f6pekler: 10 kg v\u00fccut a\u011f\u0131rl\u0131\u011f\u0131 ba\u015f\u0131na her g\u00fcn 1,5-3 ml<br \/>\n\u00b0 Kediler: 2 kg v\u00fccut a\u011f\u0131rl\u0131\u011f\u0131 ba\u015f\u0131na her g\u00fcn 0,75-2 ml<\/p>\n<\/div>\n\t\t\t\t<\/div>\n\t\t\t\t\t\t\t<div class=\"elementor-toggle-item\">\n\t\t\t\t\t<div id=\"elementor-tab-title-2643\" class=\"elementor-tab-title\" data-tab=\"3\" role=\"button\" aria-controls=\"elementor-tab-content-2643\" aria-expanded=\"false\">\n\t\t\t\t\t\t\t\t\t\t\t\t<span class=\"elementor-toggle-icon elementor-toggle-icon-left\" aria-hidden=\"true\">\n\t\t\t\t\t\t\t\t\t\t\t\t\t\t\t<span class=\"elementor-toggle-icon-closed\"><svg class=\"e-font-icon-svg e-fas-caret-right\" viewBox=\"0 0 192 512\" xmlns=\"http:\/\/www.w3.org\/2000\/svg\"><path d=\"M0 384.662V127.338c0-17.818 21.543-26.741 34.142-14.142l128.662 128.662c7.81 7.81 7.81 20.474 0 28.284L34.142 398.804C21.543 411.404 0 402.48 0 384.662z\"><\/path><\/svg><\/span>\n\t\t\t\t\t\t\t\t<span class=\"elementor-toggle-icon-opened\"><svg class=\"elementor-toggle-icon-opened e-font-icon-svg e-fas-caret-up\" viewBox=\"0 0 320 512\" xmlns=\"http:\/\/www.w3.org\/2000\/svg\"><path d=\"M288.662 352H31.338c-17.818 0-26.741-21.543-14.142-34.142l128.662-128.662c7.81-7.81 20.474-7.81 28.284 0l128.662 128.662c12.6 12.599 3.676 34.142-14.142 34.142z\"><\/path><\/svg><\/span>\n\t\t\t\t\t\t\t\t\t\t\t\t\t<\/span>\n\t\t\t\t\t\t\t\t\t\t\t\t<a class=\"elementor-toggle-title\" tabindex=\"0\">\u0130\u00c7ER\u0130K:<\/a>\n\t\t\t\t\t<\/div>\n\n\t\t\t\t\t<div id=\"elementor-tab-content-2643\" class=\"elementor-tab-content elementor-clearfix\" data-tab=\"3\" role=\"region\" aria-labelledby=\"elementor-tab-title-2643\"><p>Kalsiyum, Fosfor, Magnezyum, Vitamin D3 ve Vitamin C<\/p>\n<\/div>\n\t\t\t\t<\/div>\n\t\t\t\t\t\t\t<div class=\"elementor-toggle-item\">\n\t\t\t\t\t<div id=\"elementor-tab-title-2644\" class=\"elementor-tab-title\" data-tab=\"4\" role=\"button\" aria-controls=\"elementor-tab-content-2644\" aria-expanded=\"false\">\n\t\t\t\t\t\t\t\t\t\t\t\t<span class=\"elementor-toggle-icon elementor-toggle-icon-left\" aria-hidden=\"true\">\n\t\t\t\t\t\t\t\t\t\t\t\t\t\t\t<span class=\"elementor-toggle-icon-closed\"><svg class=\"e-font-icon-svg e-fas-caret-right\" viewBox=\"0 0 192 512\" xmlns=\"http:\/\/www.w3.org\/2000\/svg\"><path d=\"M0 384.662V127.338c0-17.818 21.543-26.741 34.142-14.142l128.662 128.662c7.81 7.81 7.81 20.474 0 28.284L34.142 398.804C21.543 411.404 0 402.48 0 384.662z\"><\/path><\/svg><\/span>\n\t\t\t\t\t\t\t\t<span class=\"elementor-toggle-icon-opened\"><svg class=\"elementor-toggle-icon-opened e-font-icon-svg e-fas-caret-up\" viewBox=\"0 0 320 512\" xmlns=\"http:\/\/www.w3.org\/2000\/svg\"><path d=\"M288.662 352H31.338c-17.818 0-26.741-21.543-14.142-34.142l128.662-128.662c7.81-7.81 20.474-7.81 28.284 0l128.662 128.662c12.6 12.599 3.676 34.142-14.142 34.142z\"><\/path><\/svg><\/span>\n\t\t\t\t\t\t\t\t\t\t\t\t\t<\/span>\n\t\t\t\t\t\t\t\t\t\t\t\t<a class=\"elementor-toggle-title\" tabindex=\"0\">SAKLAMA:<\/a>\n\t\t\t\t\t<\/div>\n\n\t\t\t\t\t<div id=\"elementor-tab-content-2644\" class=\"elementor-tab-content elementor-clearfix\" data-tab=\"4\" role=\"region\" aria-labelledby=\"elementor-tab-title-2644\"><p>15-25\u00b0C (59-77\u00b0F) aras\u0131nda kuru ve karanl\u0131k bir yerde saklay\u0131n.<\/p>\n<\/div>\n\t\t\t\t<\/div>\n\t\t\t\t\t\t\t\t<\/div>\n\t\t\t\t\t\t<\/div>\n\t\t\t\t<\/div>\n\t\t\t\t\t<\/div>\n\t\t\t\t<\/div>\n\t\t\t\t<\/div>\n\t\t","protected":false},"excerpt":{"rendered":"<p>Bu yo\u011funla\u015ft\u0131r\u0131lm\u0131\u015f kalsiyum ve fosfor i\u00e7eren diyet takviyesi, evcil hayvanlar\u0131n g\u00fc\u00e7l\u00fc kemikler ve di\u015fler geli\u015ftirmelerine, do\u011fru kas yap\u0131s\u0131n\u0131 in\u015fa etmelerine ve s\u00fcrd\u00fcrmelerine, kardiyak ve sinirsel sistemlerini sa\u011fl\u0131kl\u0131 tutmalar\u0131na yard\u0131mc\u0131 olmak amac\u0131yla, yeti\u015fkin ve yavru kediler ve k\u00f6pekler dahil olmak \u00fczere hamile ve emziren hayvanlar\u0131n d\u00fczenli yemekleriyle verilmek \u00fczere haz\u0131rlanm\u0131\u015ft\u0131r. Bu takviye, bir\u00e7ok \u0131rkta d\u00fc\u015f\u00fck kalsiyum kan seviyeleri (hipokalsemi) gibi sa\u011fl\u0131k sorunlar\u0131n\u0131 \u00f6nlemeye yard\u0131mc\u0131 olur.<\/p>\n<p>Bu \u00fcr\u00fcn, yavrularda sa\u011fl\u0131kl\u0131 kemik ve di\u015f olu\u015fumunu desteklemek ve yeti\u015fkin evcil hayvanlarda ve h\u0131zl\u0131 b\u00fcy\u00fcme d\u00f6nemlerinde sa\u011flam kemikler ve g\u00fc\u00e7l\u00fc di\u015fler korumak amac\u0131yla geli\u015ftirilmi\u015ftir. Ayr\u0131ca, yeni anneler i\u00e7in do\u011fum s\u0131ras\u0131nda kas\u0131lmalar\u0131 hafifletmek ve sonras\u0131nda emzirme kaynakl\u0131 eklampsiyi \u00f6nlemek i\u00e7in etkili bir \u015fekilde \u00e7al\u0131\u015f\u0131r. \u00dcr\u00fcn ayr\u0131ca, ya\u015fl\u0131 evcil hayvanlar\u0131n di\u015flerini ve kemiklerini g\u00fc\u00e7lendirerek, ya\u015fland\u0131k\u00e7a bunlar\u0131n bozulmas\u0131n\u0131 azalt\u0131r.<\/p>\n<p>CalsioReg, evcil hayvan\u0131n\u0131z\u0131n t\u00fcm durumlarda do\u011fru besin kombinasyonunu sa\u011flar; vitamin D sayesinde ideal kalsiyum dengesini sa\u011flayarak, hayvan\u0131n diyetinden daha iyi besin emilimini maksimize eder ve b\u00f6ylece daha iyi sa\u011fl\u0131k sa\u011flar.<\/p>\n","protected":false},"featured_media":30620,"template":"","meta":[],"product_cat":[179],"product_tag":[],"class_list":{"0":"post-30617","1":"product","2":"type-product","3":"status-publish","4":"has-post-thumbnail","6":"product_cat-evcil-hayvanlar","8":"first","9":"instock","10":"shipping-taxable","11":"product-type-simple"},"yoast_head":"<!-- This site is optimized with the Yoast SEO plugin v24.1 - https:\/\/yoast.com\/wordpress\/plugins\/seo\/ -->\n<title>CalsioReg - regnovet<\/title>\n<meta name=\"robots\" content=\"index, follow, max-snippet:-1, max-image-preview:large, max-video-preview:-1\" \/>\n<link rel=\"canonical\" href=\"https:\/\/www.regnovet.com\/tr\/urun\/cardioreg-copy\/\" \/>\n<meta property=\"og:locale\" content=\"tr_TR\" \/>\n<meta property=\"og:type\" content=\"article\" \/>\n<meta property=\"og:title\" content=\"CalsioReg - regnovet\" \/>\n<meta property=\"og:description\" content=\"Bu yo\u011funla\u015ft\u0131r\u0131lm\u0131\u015f kalsiyum ve fosfor i\u00e7eren diyet takviyesi, evcil hayvanlar\u0131n g\u00fc\u00e7l\u00fc kemikler ve di\u015fler geli\u015ftirmelerine, do\u011fru kas yap\u0131s\u0131n\u0131 in\u015fa etmelerine ve s\u00fcrd\u00fcrmelerine, kardiyak ve sinirsel sistemlerini sa\u011fl\u0131kl\u0131 tutmalar\u0131na yard\u0131mc\u0131 olmak amac\u0131yla, yeti\u015fkin ve yavru kediler ve k\u00f6pekler dahil olmak \u00fczere hamile ve emziren hayvanlar\u0131n d\u00fczenli yemekleriyle verilmek \u00fczere haz\u0131rlanm\u0131\u015ft\u0131r. Bu takviye, bir\u00e7ok \u0131rkta d\u00fc\u015f\u00fck kalsiyum kan seviyeleri (hipokalsemi) gibi sa\u011fl\u0131k sorunlar\u0131n\u0131 \u00f6nlemeye yard\u0131mc\u0131 olur.  Bu \u00fcr\u00fcn, yavrularda sa\u011fl\u0131kl\u0131 kemik ve di\u015f olu\u015fumunu desteklemek ve yeti\u015fkin evcil hayvanlarda ve h\u0131zl\u0131 b\u00fcy\u00fcme d\u00f6nemlerinde sa\u011flam kemikler ve g\u00fc\u00e7l\u00fc di\u015fler korumak amac\u0131yla geli\u015ftirilmi\u015ftir. Ayr\u0131ca, yeni anneler i\u00e7in do\u011fum s\u0131ras\u0131nda kas\u0131lmalar\u0131 hafifletmek ve sonras\u0131nda emzirme kaynakl\u0131 eklampsiyi \u00f6nlemek i\u00e7in etkili bir \u015fekilde \u00e7al\u0131\u015f\u0131r. \u00dcr\u00fcn ayr\u0131ca, ya\u015fl\u0131 evcil hayvanlar\u0131n di\u015flerini ve kemiklerini g\u00fc\u00e7lendirerek, ya\u015fland\u0131k\u00e7a bunlar\u0131n bozulmas\u0131n\u0131 azalt\u0131r.  CalsioReg, evcil hayvan\u0131n\u0131z\u0131n t\u00fcm durumlarda do\u011fru besin kombinasyonunu sa\u011flar; vitamin D sayesinde ideal kalsiyum dengesini sa\u011flayarak, hayvan\u0131n diyetinden daha iyi besin emilimini maksimize eder ve b\u00f6ylece daha iyi sa\u011fl\u0131k sa\u011flar.\" \/>\n<meta property=\"og:url\" content=\"https:\/\/www.regnovet.com\/tr\/urun\/cardioreg-copy\/\" \/>\n<meta property=\"og:site_name\" content=\"regnovet\" \/>\n<meta property=\"article:publisher\" content=\"https:\/\/www.facebook.com\/people\/RegnoVet\/61571321505220\/\" \/>\n<meta property=\"article:modified_time\" content=\"2024-12-28T07:01:52+00:00\" \/>\n<meta property=\"og:image\" content=\"https:\/\/www.regnovet.com\/wp-content\/uploads\/2024\/12\/CalsioReg.jpg\" \/>\n\t<meta property=\"og:image:width\" content=\"700\" \/>\n\t<meta property=\"og:image:height\" content=\"700\" \/>\n\t<meta property=\"og:image:type\" content=\"image\/jpeg\" \/>\n<meta name=\"twitter:card\" content=\"summary_large_image\" \/>\n<meta name=\"twitter:label1\" content=\"Tahmini okuma s\u00fcresi\" \/>\n\t<meta name=\"twitter:data1\" content=\"1 dakika\" \/>\n<script type=\"application\/ld+json\" class=\"yoast-schema-graph\">{\"@context\":\"https:\/\/schema.org\",\"@graph\":[{\"@type\":\"WebPage\",\"@id\":\"https:\/\/www.regnovet.com\/tr\/urun\/cardioreg-copy\/\",\"url\":\"https:\/\/www.regnovet.com\/tr\/urun\/cardioreg-copy\/\",\"name\":\"CalsioReg - regnovet\",\"isPartOf\":{\"@id\":\"https:\/\/www.regnovet.com\/tr\/#website\"},\"primaryImageOfPage\":{\"@id\":\"https:\/\/www.regnovet.com\/tr\/urun\/cardioreg-copy\/#primaryimage\"},\"image\":{\"@id\":\"https:\/\/www.regnovet.com\/tr\/urun\/cardioreg-copy\/#primaryimage\"},\"thumbnailUrl\":\"https:\/\/www.regnovet.com\/wp-content\/uploads\/2024\/12\/CalsioReg.jpg\",\"datePublished\":\"2024-12-27T10:15:57+00:00\",\"dateModified\":\"2024-12-28T07:01:52+00:00\",\"breadcrumb\":{\"@id\":\"https:\/\/www.regnovet.com\/tr\/urun\/cardioreg-copy\/#breadcrumb\"},\"inLanguage\":\"tr\",\"potentialAction\":[{\"@type\":\"ReadAction\",\"target\":[\"https:\/\/www.regnovet.com\/tr\/urun\/cardioreg-copy\/\"]}]},{\"@type\":\"ImageObject\",\"inLanguage\":\"tr\",\"@id\":\"https:\/\/www.regnovet.com\/tr\/urun\/cardioreg-copy\/#primaryimage\",\"url\":\"https:\/\/www.regnovet.com\/wp-content\/uploads\/2024\/12\/CalsioReg.jpg\",\"contentUrl\":\"https:\/\/www.regnovet.com\/wp-content\/uploads\/2024\/12\/CalsioReg.jpg\",\"width\":700,\"height\":700},{\"@type\":\"BreadcrumbList\",\"@id\":\"https:\/\/www.regnovet.com\/tr\/urun\/cardioreg-copy\/#breadcrumb\",\"itemListElement\":[{\"@type\":\"ListItem\",\"position\":1,\"name\":\"Home\",\"item\":\"https:\/\/www.regnovet.com\/tr\/\"},{\"@type\":\"ListItem\",\"position\":2,\"name\":\"\u00dcr\u00fcnler\",\"item\":\"https:\/\/www.regnovet.com\/products\/\"},{\"@type\":\"ListItem\",\"position\":3,\"name\":\"CalsioReg\"}]},{\"@type\":\"WebSite\",\"@id\":\"https:\/\/www.regnovet.com\/tr\/#website\",\"url\":\"https:\/\/www.regnovet.com\/tr\/\",\"name\":\"regnovet\",\"description\":\"\",\"publisher\":{\"@id\":\"https:\/\/www.regnovet.com\/tr\/#organization\"},\"potentialAction\":[{\"@type\":\"SearchAction\",\"target\":{\"@type\":\"EntryPoint\",\"urlTemplate\":\"https:\/\/www.regnovet.com\/tr\/?s={search_term_string}\"},\"query-input\":{\"@type\":\"PropertyValueSpecification\",\"valueRequired\":true,\"valueName\":\"search_term_string\"}}],\"inLanguage\":\"tr\"},{\"@type\":\"Organization\",\"@id\":\"https:\/\/www.regnovet.com\/tr\/#organization\",\"name\":\"regnovet\",\"url\":\"https:\/\/www.regnovet.com\/tr\/\",\"logo\":{\"@type\":\"ImageObject\",\"inLanguage\":\"tr\",\"@id\":\"https:\/\/www.regnovet.com\/tr\/#\/schema\/logo\/image\/\",\"url\":\"https:\/\/www.regnovet.com\/wp-content\/uploads\/2024\/09\/cropped-512.png\",\"contentUrl\":\"https:\/\/www.regnovet.com\/wp-content\/uploads\/2024\/09\/cropped-512.png\",\"width\":512,\"height\":512,\"caption\":\"regnovet\"},\"image\":{\"@id\":\"https:\/\/www.regnovet.com\/tr\/#\/schema\/logo\/image\/\"},\"sameAs\":[\"https:\/\/www.facebook.com\/people\/RegnoVet\/61571321505220\/\"]}]}<\/script>\n<!-- \/ Yoast SEO plugin. -->","yoast_head_json":{"title":"CalsioReg - regnovet","robots":{"index":"index","follow":"follow","max-snippet":"max-snippet:-1","max-image-preview":"max-image-preview:large","max-video-preview":"max-video-preview:-1"},"canonical":"https:\/\/www.regnovet.com\/tr\/urun\/cardioreg-copy\/","og_locale":"tr_TR","og_type":"article","og_title":"CalsioReg - regnovet","og_description":"Bu yo\u011funla\u015ft\u0131r\u0131lm\u0131\u015f kalsiyum ve fosfor i\u00e7eren diyet takviyesi, evcil hayvanlar\u0131n g\u00fc\u00e7l\u00fc kemikler ve di\u015fler geli\u015ftirmelerine, do\u011fru kas yap\u0131s\u0131n\u0131 in\u015fa etmelerine ve s\u00fcrd\u00fcrmelerine, kardiyak ve sinirsel sistemlerini sa\u011fl\u0131kl\u0131 tutmalar\u0131na yard\u0131mc\u0131 olmak amac\u0131yla, yeti\u015fkin ve yavru kediler ve k\u00f6pekler dahil olmak \u00fczere hamile ve emziren hayvanlar\u0131n d\u00fczenli yemekleriyle verilmek \u00fczere haz\u0131rlanm\u0131\u015ft\u0131r. Bu takviye, bir\u00e7ok \u0131rkta d\u00fc\u015f\u00fck kalsiyum kan seviyeleri (hipokalsemi) gibi sa\u011fl\u0131k sorunlar\u0131n\u0131 \u00f6nlemeye yard\u0131mc\u0131 olur.  Bu \u00fcr\u00fcn, yavrularda sa\u011fl\u0131kl\u0131 kemik ve di\u015f olu\u015fumunu desteklemek ve yeti\u015fkin evcil hayvanlarda ve h\u0131zl\u0131 b\u00fcy\u00fcme d\u00f6nemlerinde sa\u011flam kemikler ve g\u00fc\u00e7l\u00fc di\u015fler korumak amac\u0131yla geli\u015ftirilmi\u015ftir. Ayr\u0131ca, yeni anneler i\u00e7in do\u011fum s\u0131ras\u0131nda kas\u0131lmalar\u0131 hafifletmek ve sonras\u0131nda emzirme kaynakl\u0131 eklampsiyi \u00f6nlemek i\u00e7in etkili bir \u015fekilde \u00e7al\u0131\u015f\u0131r. \u00dcr\u00fcn ayr\u0131ca, ya\u015fl\u0131 evcil hayvanlar\u0131n di\u015flerini ve kemiklerini g\u00fc\u00e7lendirerek, ya\u015fland\u0131k\u00e7a bunlar\u0131n bozulmas\u0131n\u0131 azalt\u0131r.  CalsioReg, evcil hayvan\u0131n\u0131z\u0131n t\u00fcm durumlarda do\u011fru besin kombinasyonunu sa\u011flar; vitamin D sayesinde ideal kalsiyum dengesini sa\u011flayarak, hayvan\u0131n diyetinden daha iyi besin emilimini maksimize eder ve b\u00f6ylece daha iyi sa\u011fl\u0131k sa\u011flar.","og_url":"https:\/\/www.regnovet.com\/tr\/urun\/cardioreg-copy\/","og_site_name":"regnovet","article_publisher":"https:\/\/www.facebook.com\/people\/RegnoVet\/61571321505220\/","article_modified_time":"2024-12-28T07:01:52+00:00","og_image":[{"width":700,"height":700,"url":"https:\/\/www.regnovet.com\/wp-content\/uploads\/2024\/12\/CalsioReg.jpg","type":"image\/jpeg"}],"twitter_card":"summary_large_image","twitter_misc":{"Tahmini okuma s\u00fcresi":"1 dakika"},"schema":{"@context":"https:\/\/schema.org","@graph":[{"@type":"WebPage","@id":"https:\/\/www.regnovet.com\/tr\/urun\/cardioreg-copy\/","url":"https:\/\/www.regnovet.com\/tr\/urun\/cardioreg-copy\/","name":"CalsioReg - regnovet","isPartOf":{"@id":"https:\/\/www.regnovet.com\/tr\/#website"},"primaryImageOfPage":{"@id":"https:\/\/www.regnovet.com\/tr\/urun\/cardioreg-copy\/#primaryimage"},"image":{"@id":"https:\/\/www.regnovet.com\/tr\/urun\/cardioreg-copy\/#primaryimage"},"thumbnailUrl":"https:\/\/www.regnovet.com\/wp-content\/uploads\/2024\/12\/CalsioReg.jpg","datePublished":"2024-12-27T10:15:57+00:00","dateModified":"2024-12-28T07:01:52+00:00","breadcrumb":{"@id":"https:\/\/www.regnovet.com\/tr\/urun\/cardioreg-copy\/#breadcrumb"},"inLanguage":"tr","potentialAction":[{"@type":"ReadAction","target":["https:\/\/www.regnovet.com\/tr\/urun\/cardioreg-copy\/"]}]},{"@type":"ImageObject","inLanguage":"tr","@id":"https:\/\/www.regnovet.com\/tr\/urun\/cardioreg-copy\/#primaryimage","url":"https:\/\/www.regnovet.com\/wp-content\/uploads\/2024\/12\/CalsioReg.jpg","contentUrl":"https:\/\/www.regnovet.com\/wp-content\/uploads\/2024\/12\/CalsioReg.jpg","width":700,"height":700},{"@type":"BreadcrumbList","@id":"https:\/\/www.regnovet.com\/tr\/urun\/cardioreg-copy\/#breadcrumb","itemListElement":[{"@type":"ListItem","position":1,"name":"Home","item":"https:\/\/www.regnovet.com\/tr\/"},{"@type":"ListItem","position":2,"name":"\u00dcr\u00fcnler","item":"https:\/\/www.regnovet.com\/products\/"},{"@type":"ListItem","position":3,"name":"CalsioReg"}]},{"@type":"WebSite","@id":"https:\/\/www.regnovet.com\/tr\/#website","url":"https:\/\/www.regnovet.com\/tr\/","name":"regnovet","description":"","publisher":{"@id":"https:\/\/www.regnovet.com\/tr\/#organization"},"potentialAction":[{"@type":"SearchAction","target":{"@type":"EntryPoint","urlTemplate":"https:\/\/www.regnovet.com\/tr\/?s={search_term_string}"},"query-input":{"@type":"PropertyValueSpecification","valueRequired":true,"valueName":"search_term_string"}}],"inLanguage":"tr"},{"@type":"Organization","@id":"https:\/\/www.regnovet.com\/tr\/#organization","name":"regnovet","url":"https:\/\/www.regnovet.com\/tr\/","logo":{"@type":"ImageObject","inLanguage":"tr","@id":"https:\/\/www.regnovet.com\/tr\/#\/schema\/logo\/image\/","url":"https:\/\/www.regnovet.com\/wp-content\/uploads\/2024\/09\/cropped-512.png","contentUrl":"https:\/\/www.regnovet.com\/wp-content\/uploads\/2024\/09\/cropped-512.png","width":512,"height":512,"caption":"regnovet"},"image":{"@id":"https:\/\/www.regnovet.com\/tr\/#\/schema\/logo\/image\/"},"sameAs":["https:\/\/www.facebook.com\/people\/RegnoVet\/61571321505220\/"]}]}},"_links":{"self":[{"href":"https:\/\/www.regnovet.com\/tr\/wp-json\/wp\/v2\/product\/30617","targetHints":{"allow":["GET"]}}],"collection":[{"href":"https:\/\/www.regnovet.com\/tr\/wp-json\/wp\/v2\/product"}],"about":[{"href":"https:\/\/www.regnovet.com\/tr\/wp-json\/wp\/v2\/types\/product"}],"version-history":[{"count":5,"href":"https:\/\/www.regnovet.com\/tr\/wp-json\/wp\/v2\/product\/30617\/revisions"}],"predecessor-version":[{"id":30695,"href":"https:\/\/www.regnovet.com\/tr\/wp-json\/wp\/v2\/product\/30617\/revisions\/30695"}],"wp:featuredmedia":[{"embeddable":true,"href":"https:\/\/www.regnovet.com\/tr\/wp-json\/wp\/v2\/media\/30620"}],"wp:attachment":[{"href":"https:\/\/www.regnovet.com\/tr\/wp-json\/wp\/v2\/media?parent=30617"}],"wp:term":[{"taxonomy":"product_cat","embeddable":true,"href":"https:\/\/www.regnovet.com\/tr\/wp-json\/wp\/v2\/product_cat?post=30617"},{"taxonomy":"product_tag","embeddable":true,"href":"https:\/\/www.regnovet.com\/tr\/wp-json\/wp\/v2\/product_tag?post=30617"}],"curies":[{"name":"wp","href":"https:\/\/api.w.org\/{rel}","templated":true}]}}