{"id":30629,"date":"2024-12-27T10:21:17","date_gmt":"2024-12-27T10:21:17","guid":{"rendered":"https:\/\/www.regnovet.com\/?post_type=product&#038;p=30629"},"modified":"2025-02-18T10:25:37","modified_gmt":"2025-02-18T10:25:37","slug":"cardioreg-copy-copy","status":"publish","type":"product","link":"https:\/\/www.regnovet.com\/tr\/urun\/cardioreg-copy-copy\/","title":{"rendered":"AminoReg"},"content":{"rendered":"\t\t<div data-elementor-type=\"wp-post\" data-elementor-id=\"30629\" class=\"elementor elementor-30629 elementor-30627\">\n\t\t\t\t<div class=\"wd-negative-gap elementor-element elementor-element-7839a92 e-flex e-con-boxed e-con e-parent\" data-id=\"7839a92\" data-element_type=\"container\" data-e-type=\"container\">\n\t\t\t\t\t<div class=\"e-con-inner\">\n\t\t\t\t<div class=\"elementor-element elementor-element-fbd0500 elementor-widget elementor-widget-toggle\" data-id=\"fbd0500\" data-element_type=\"widget\" data-e-type=\"widget\" data-widget_type=\"toggle.default\">\n\t\t\t\t<div class=\"elementor-widget-container\">\n\t\t\t\t\t\t\t<div class=\"elementor-toggle\">\n\t\t\t\t\t\t\t<div class=\"elementor-toggle-item\">\n\t\t\t\t\t<div id=\"elementor-tab-title-2641\" class=\"elementor-tab-title\" data-tab=\"1\" role=\"button\" aria-controls=\"elementor-tab-content-2641\" aria-expanded=\"false\">\n\t\t\t\t\t\t\t\t\t\t\t\t<span class=\"elementor-toggle-icon elementor-toggle-icon-left\" aria-hidden=\"true\">\n\t\t\t\t\t\t\t\t\t\t\t\t\t\t\t<span class=\"elementor-toggle-icon-closed\"><svg class=\"e-font-icon-svg e-fas-caret-right\" viewBox=\"0 0 192 512\" xmlns=\"http:\/\/www.w3.org\/2000\/svg\"><path d=\"M0 384.662V127.338c0-17.818 21.543-26.741 34.142-14.142l128.662 128.662c7.81 7.81 7.81 20.474 0 28.284L34.142 398.804C21.543 411.404 0 402.48 0 384.662z\"><\/path><\/svg><\/span>\n\t\t\t\t\t\t\t\t<span class=\"elementor-toggle-icon-opened\"><svg class=\"elementor-toggle-icon-opened e-font-icon-svg e-fas-caret-up\" viewBox=\"0 0 320 512\" xmlns=\"http:\/\/www.w3.org\/2000\/svg\"><path d=\"M288.662 352H31.338c-17.818 0-26.741-21.543-14.142-34.142l128.662-128.662c7.81-7.81 20.474-7.81 28.284 0l128.662 128.662c12.6 12.599 3.676 34.142-14.142 34.142z\"><\/path><\/svg><\/span>\n\t\t\t\t\t\t\t\t\t\t\t\t\t<\/span>\n\t\t\t\t\t\t\t\t\t\t\t\t<a class=\"elementor-toggle-title\" tabindex=\"0\">KULLANIM ALANLARI:<\/a>\n\t\t\t\t\t<\/div>\n\n\t\t\t\t\t<div id=\"elementor-tab-content-2641\" class=\"elementor-tab-content elementor-clearfix\" data-tab=\"1\" role=\"region\" aria-labelledby=\"elementor-tab-title-2641\"><p>&#8211; Herhangi bir vitamin veya amino asit eksikli\u011fini gidermek i\u00e7in uygulan\u0131r<br \/>\n&#8211; Hamilelik s\u00fcresince ve do\u011fum sonras\u0131nda kullan\u0131l\u0131r<br \/>\n&#8211; G\u00fc\u00e7l\u00fc fiziksel b\u00fcy\u00fcme, ideal sindirim ve ba\u011f\u0131\u015f\u0131kl\u0131k sistemi geli\u015fimini desteklemek i\u00e7in \u00f6nerilir<br \/>\n&#8211; Dehidratasyonu, elektrolit dengesizliklerini ve protein eksikliklerini \u00f6nlemek ve tedavi etmek i\u00e7in<br \/>\n&#8211; \u0130\u015ftah ve kilo art\u0131\u015f\u0131n\u0131 sa\u011flamak i\u00e7in<br \/>\n&#8211; Fiziksel aktivitenin artt\u0131\u011f\u0131 durumlarda h\u0131zl\u0131 bir iyile\u015fme i\u00e7in beslenme deste\u011fi gerekti\u011finde<br \/>\n&#8211; Stres ve hastal\u0131k zamanlar\u0131nda h\u0131zl\u0131 iyile\u015fme ve yenilenmeyi te\u015fvik etmek i\u00e7in<\/p>\n<\/div>\n\t\t\t\t<\/div>\n\t\t\t\t\t\t\t<div class=\"elementor-toggle-item\">\n\t\t\t\t\t<div id=\"elementor-tab-title-2642\" class=\"elementor-tab-title\" data-tab=\"2\" role=\"button\" aria-controls=\"elementor-tab-content-2642\" aria-expanded=\"false\">\n\t\t\t\t\t\t\t\t\t\t\t\t<span class=\"elementor-toggle-icon elementor-toggle-icon-left\" aria-hidden=\"true\">\n\t\t\t\t\t\t\t\t\t\t\t\t\t\t\t<span class=\"elementor-toggle-icon-closed\"><svg class=\"e-font-icon-svg e-fas-caret-right\" viewBox=\"0 0 192 512\" xmlns=\"http:\/\/www.w3.org\/2000\/svg\"><path d=\"M0 384.662V127.338c0-17.818 21.543-26.741 34.142-14.142l128.662 128.662c7.81 7.81 7.81 20.474 0 28.284L34.142 398.804C21.543 411.404 0 402.48 0 384.662z\"><\/path><\/svg><\/span>\n\t\t\t\t\t\t\t\t<span class=\"elementor-toggle-icon-opened\"><svg class=\"elementor-toggle-icon-opened e-font-icon-svg e-fas-caret-up\" viewBox=\"0 0 320 512\" xmlns=\"http:\/\/www.w3.org\/2000\/svg\"><path d=\"M288.662 352H31.338c-17.818 0-26.741-21.543-14.142-34.142l128.662-128.662c7.81-7.81 20.474-7.81 28.284 0l128.662 128.662c12.6 12.599 3.676 34.142-14.142 34.142z\"><\/path><\/svg><\/span>\n\t\t\t\t\t\t\t\t\t\t\t\t\t<\/span>\n\t\t\t\t\t\t\t\t\t\t\t\t<a class=\"elementor-toggle-title\" tabindex=\"0\">DOZAJ:<\/a>\n\t\t\t\t\t<\/div>\n\n\t\t\t\t\t<div id=\"elementor-tab-content-2642\" class=\"elementor-tab-content elementor-clearfix\" data-tab=\"2\" role=\"region\" aria-labelledby=\"elementor-tab-title-2642\"><ul>\n<li>5 kg&#8217;a kadar olan k\u00f6pekler: G\u00fcnde 2-3 ml<\/li>\n<li>5 ile 25 kg aras\u0131ndaki k\u00f6pekler: G\u00fcnde 4-5 ml<\/li>\n<li>25 kg ve \u00fczerindeki k\u00f6pekler: G\u00fcnde 6-7 ml<br \/>\n\u00b0 Kediler: G\u00fcnde 2 kg ba\u015f\u0131na 1 ml<\/li>\n<\/ul>\n<\/div>\n\t\t\t\t<\/div>\n\t\t\t\t\t\t\t<div class=\"elementor-toggle-item\">\n\t\t\t\t\t<div id=\"elementor-tab-title-2643\" class=\"elementor-tab-title\" data-tab=\"3\" role=\"button\" aria-controls=\"elementor-tab-content-2643\" aria-expanded=\"false\">\n\t\t\t\t\t\t\t\t\t\t\t\t<span class=\"elementor-toggle-icon elementor-toggle-icon-left\" aria-hidden=\"true\">\n\t\t\t\t\t\t\t\t\t\t\t\t\t\t\t<span class=\"elementor-toggle-icon-closed\"><svg class=\"e-font-icon-svg e-fas-caret-right\" viewBox=\"0 0 192 512\" xmlns=\"http:\/\/www.w3.org\/2000\/svg\"><path d=\"M0 384.662V127.338c0-17.818 21.543-26.741 34.142-14.142l128.662 128.662c7.81 7.81 7.81 20.474 0 28.284L34.142 398.804C21.543 411.404 0 402.48 0 384.662z\"><\/path><\/svg><\/span>\n\t\t\t\t\t\t\t\t<span class=\"elementor-toggle-icon-opened\"><svg class=\"elementor-toggle-icon-opened e-font-icon-svg e-fas-caret-up\" viewBox=\"0 0 320 512\" xmlns=\"http:\/\/www.w3.org\/2000\/svg\"><path d=\"M288.662 352H31.338c-17.818 0-26.741-21.543-14.142-34.142l128.662-128.662c7.81-7.81 20.474-7.81 28.284 0l128.662 128.662c12.6 12.599 3.676 34.142-14.142 34.142z\"><\/path><\/svg><\/span>\n\t\t\t\t\t\t\t\t\t\t\t\t\t<\/span>\n\t\t\t\t\t\t\t\t\t\t\t\t<a class=\"elementor-toggle-title\" tabindex=\"0\">\u0130\u00c7ER\u0130K:<\/a>\n\t\t\t\t\t<\/div>\n\n\t\t\t\t\t<div id=\"elementor-tab-content-2643\" class=\"elementor-tab-content elementor-clearfix\" data-tab=\"3\" role=\"region\" aria-labelledby=\"elementor-tab-title-2643\"><p>A Vitamini, E Vitamini, D3 Vitamini, K3 Vitamini, B1 Vitamini, B2 Vitamini, B3 Vitamini (Nikotinik Asit), B5 Vitamini (Kalsiyum Pantotenat), B6 Vitamini, B7 Vitamini (Biyotin), B9 Vitamini (Folik Asit), B12 Vitamini, L-Alanin, L-Aspartik Asit, L-Fenilalanin, L-Glisin, L-Glutamik Asit, L-Leusin, L-Prolin, L-Serin<\/p>\n<\/div>\n\t\t\t\t<\/div>\n\t\t\t\t\t\t\t<div class=\"elementor-toggle-item\">\n\t\t\t\t\t<div id=\"elementor-tab-title-2644\" class=\"elementor-tab-title\" data-tab=\"4\" role=\"button\" aria-controls=\"elementor-tab-content-2644\" aria-expanded=\"false\">\n\t\t\t\t\t\t\t\t\t\t\t\t<span class=\"elementor-toggle-icon elementor-toggle-icon-left\" aria-hidden=\"true\">\n\t\t\t\t\t\t\t\t\t\t\t\t\t\t\t<span class=\"elementor-toggle-icon-closed\"><svg class=\"e-font-icon-svg e-fas-caret-right\" viewBox=\"0 0 192 512\" xmlns=\"http:\/\/www.w3.org\/2000\/svg\"><path d=\"M0 384.662V127.338c0-17.818 21.543-26.741 34.142-14.142l128.662 128.662c7.81 7.81 7.81 20.474 0 28.284L34.142 398.804C21.543 411.404 0 402.48 0 384.662z\"><\/path><\/svg><\/span>\n\t\t\t\t\t\t\t\t<span class=\"elementor-toggle-icon-opened\"><svg class=\"elementor-toggle-icon-opened e-font-icon-svg e-fas-caret-up\" viewBox=\"0 0 320 512\" xmlns=\"http:\/\/www.w3.org\/2000\/svg\"><path d=\"M288.662 352H31.338c-17.818 0-26.741-21.543-14.142-34.142l128.662-128.662c7.81-7.81 20.474-7.81 28.284 0l128.662 128.662c12.6 12.599 3.676 34.142-14.142 34.142z\"><\/path><\/svg><\/span>\n\t\t\t\t\t\t\t\t\t\t\t\t\t<\/span>\n\t\t\t\t\t\t\t\t\t\t\t\t<a class=\"elementor-toggle-title\" tabindex=\"0\">SAKLAMA:<\/a>\n\t\t\t\t\t<\/div>\n\n\t\t\t\t\t<div id=\"elementor-tab-content-2644\" class=\"elementor-tab-content elementor-clearfix\" data-tab=\"4\" role=\"region\" aria-labelledby=\"elementor-tab-title-2644\"><p>15-25\u00b0C (59-77\u00b0F) aras\u0131nda kuru ve karanl\u0131k bir yerde saklay\u0131n.<\/p>\n<\/div>\n\t\t\t\t<\/div>\n\t\t\t\t\t\t\t\t<\/div>\n\t\t\t\t\t\t<\/div>\n\t\t\t\t<\/div>\n\t\t\t\t\t<\/div>\n\t\t\t\t<\/div>\n\t\t\t\t<\/div>\n\t\t","protected":false},"excerpt":{"rendered":"<p>Bu kapsaml\u0131 vitamin ve amino asit kar\u0131\u015f\u0131m\u0131, uygun yavru b\u00fcy\u00fcmesini te\u015fvik eder ve bu \u00fcr\u00fcn\u00fcn bile\u015fenlerini ideal oranda i\u00e7ermeyen kediler ve k\u00f6pekler i\u00e7in gerekli deste\u011fi sunar.<br \/>\nProtein sentezi i\u00e7in v\u00fccudun ihtiya\u00e7 duydu\u011fu amino asitleri i\u00e7eren do\u011fal bir takviyedir, hamile kediler ve k\u00f6peklerde fet\u00fcslerin sa\u011fl\u0131kl\u0131 geli\u015fimine yard\u0131mc\u0131 olur ve evcil hayvan\u0131n\u0131za bir\u00e7ok sa\u011fl\u0131k yarar\u0131 sa\u011flar.<br \/>\nBu kolayca sindirilen oral \u00e7\u00f6z\u00fcm, dehidratasyon, elektrolit dengesizli\u011fi, vitamin eksiklikleri ve hipoproteinemi durumlar\u0131nda destekleyici bir takviye olarak \u00f6nerilir; bu durumlar ishal, \u015fok veya yorgunluk sonucu olu\u015fabilir.<br \/>\nAyr\u0131ca, k\u00f6t\u00fc beslenme durumlar\u0131nda, hamilelik ve emzirme d\u00f6nemlerinde, zay\u0131flam\u0131\u015f ve ya\u015fl\u0131 hayvanlarda, iltihaplanma tepkilerinin bozuldu\u011fu durumlarda, bakteriler veya vir\u00fcsler taraf\u0131ndan neden olunan enfeksiyonlar ve paraziter hastal\u0131klar i\u00e7in bir diyet takviyesi olarak da kullan\u0131l\u0131r.<br \/>\nBunun yan\u0131 s\u0131ra, bu \u00fcr\u00fcn, iyile\u015fme s\u00fcrecindeki hayvanlar\u0131n diyetlerine ek olarak vitamin ve amino asit takviyesi yapmak i\u00e7in kullan\u0131labilir.<\/p>\n","protected":false},"featured_media":30632,"template":"","meta":[],"product_cat":[179],"product_tag":[],"class_list":{"0":"post-30629","1":"product","2":"type-product","3":"status-publish","4":"has-post-thumbnail","6":"product_cat-evcil-hayvanlar","8":"first","9":"instock","10":"shipping-taxable","11":"product-type-simple"},"yoast_head":"<!-- This site is optimized with the Yoast SEO plugin v24.1 - https:\/\/yoast.com\/wordpress\/plugins\/seo\/ -->\n<title>AminoReg - regnovet<\/title>\n<meta name=\"robots\" content=\"index, follow, max-snippet:-1, max-image-preview:large, max-video-preview:-1\" \/>\n<link rel=\"canonical\" href=\"https:\/\/www.regnovet.com\/tr\/urun\/cardioreg-copy-copy\/\" \/>\n<meta property=\"og:locale\" content=\"tr_TR\" \/>\n<meta property=\"og:type\" content=\"article\" \/>\n<meta property=\"og:title\" content=\"AminoReg - regnovet\" \/>\n<meta property=\"og:description\" content=\"Bu kapsaml\u0131 vitamin ve amino asit kar\u0131\u015f\u0131m\u0131, uygun yavru b\u00fcy\u00fcmesini te\u015fvik eder ve bu \u00fcr\u00fcn\u00fcn bile\u015fenlerini ideal oranda i\u00e7ermeyen kediler ve k\u00f6pekler i\u00e7in gerekli deste\u011fi sunar. Protein sentezi i\u00e7in v\u00fccudun ihtiya\u00e7 duydu\u011fu amino asitleri i\u00e7eren do\u011fal bir takviyedir, hamile kediler ve k\u00f6peklerde fet\u00fcslerin sa\u011fl\u0131kl\u0131 geli\u015fimine yard\u0131mc\u0131 olur ve evcil hayvan\u0131n\u0131za bir\u00e7ok sa\u011fl\u0131k yarar\u0131 sa\u011flar. Bu kolayca sindirilen oral \u00e7\u00f6z\u00fcm, dehidratasyon, elektrolit dengesizli\u011fi, vitamin eksiklikleri ve hipoproteinemi durumlar\u0131nda destekleyici bir takviye olarak \u00f6nerilir; bu durumlar ishal, \u015fok veya yorgunluk sonucu olu\u015fabilir. Ayr\u0131ca, k\u00f6t\u00fc beslenme durumlar\u0131nda, hamilelik ve emzirme d\u00f6nemlerinde, zay\u0131flam\u0131\u015f ve ya\u015fl\u0131 hayvanlarda, iltihaplanma tepkilerinin bozuldu\u011fu durumlarda, bakteriler veya vir\u00fcsler taraf\u0131ndan neden olunan enfeksiyonlar ve paraziter hastal\u0131klar i\u00e7in bir diyet takviyesi olarak da kullan\u0131l\u0131r. Bunun yan\u0131 s\u0131ra, bu \u00fcr\u00fcn, iyile\u015fme s\u00fcrecindeki hayvanlar\u0131n diyetlerine ek olarak vitamin ve amino asit takviyesi yapmak i\u00e7in kullan\u0131labilir.\" \/>\n<meta property=\"og:url\" content=\"https:\/\/www.regnovet.com\/tr\/urun\/cardioreg-copy-copy\/\" \/>\n<meta property=\"og:site_name\" content=\"regnovet\" \/>\n<meta property=\"article:publisher\" content=\"https:\/\/www.facebook.com\/people\/RegnoVet\/61571321505220\/\" \/>\n<meta property=\"article:modified_time\" content=\"2025-02-18T10:25:37+00:00\" \/>\n<meta property=\"og:image\" content=\"https:\/\/www.regnovet.com\/wp-content\/uploads\/2024\/12\/amino-reg.jpg\" \/>\n\t<meta property=\"og:image:width\" content=\"700\" \/>\n\t<meta property=\"og:image:height\" content=\"700\" \/>\n\t<meta property=\"og:image:type\" content=\"image\/jpeg\" \/>\n<meta name=\"twitter:card\" content=\"summary_large_image\" \/>\n<meta name=\"twitter:label1\" content=\"Tahmini okuma s\u00fcresi\" \/>\n\t<meta name=\"twitter:data1\" content=\"1 dakika\" \/>\n<script type=\"application\/ld+json\" class=\"yoast-schema-graph\">{\"@context\":\"https:\/\/schema.org\",\"@graph\":[{\"@type\":\"WebPage\",\"@id\":\"https:\/\/www.regnovet.com\/tr\/urun\/cardioreg-copy-copy\/\",\"url\":\"https:\/\/www.regnovet.com\/tr\/urun\/cardioreg-copy-copy\/\",\"name\":\"AminoReg - regnovet\",\"isPartOf\":{\"@id\":\"https:\/\/www.regnovet.com\/tr\/#website\"},\"primaryImageOfPage\":{\"@id\":\"https:\/\/www.regnovet.com\/tr\/urun\/cardioreg-copy-copy\/#primaryimage\"},\"image\":{\"@id\":\"https:\/\/www.regnovet.com\/tr\/urun\/cardioreg-copy-copy\/#primaryimage\"},\"thumbnailUrl\":\"https:\/\/www.regnovet.com\/wp-content\/uploads\/2024\/12\/amino-reg.jpg\",\"datePublished\":\"2024-12-27T10:21:17+00:00\",\"dateModified\":\"2025-02-18T10:25:37+00:00\",\"breadcrumb\":{\"@id\":\"https:\/\/www.regnovet.com\/tr\/urun\/cardioreg-copy-copy\/#breadcrumb\"},\"inLanguage\":\"tr\",\"potentialAction\":[{\"@type\":\"ReadAction\",\"target\":[\"https:\/\/www.regnovet.com\/tr\/urun\/cardioreg-copy-copy\/\"]}]},{\"@type\":\"ImageObject\",\"inLanguage\":\"tr\",\"@id\":\"https:\/\/www.regnovet.com\/tr\/urun\/cardioreg-copy-copy\/#primaryimage\",\"url\":\"https:\/\/www.regnovet.com\/wp-content\/uploads\/2024\/12\/amino-reg.jpg\",\"contentUrl\":\"https:\/\/www.regnovet.com\/wp-content\/uploads\/2024\/12\/amino-reg.jpg\",\"width\":700,\"height\":700},{\"@type\":\"BreadcrumbList\",\"@id\":\"https:\/\/www.regnovet.com\/tr\/urun\/cardioreg-copy-copy\/#breadcrumb\",\"itemListElement\":[{\"@type\":\"ListItem\",\"position\":1,\"name\":\"Home\",\"item\":\"https:\/\/www.regnovet.com\/tr\/\"},{\"@type\":\"ListItem\",\"position\":2,\"name\":\"\u00dcr\u00fcnler\",\"item\":\"https:\/\/www.regnovet.com\/products\/\"},{\"@type\":\"ListItem\",\"position\":3,\"name\":\"AminoReg\"}]},{\"@type\":\"WebSite\",\"@id\":\"https:\/\/www.regnovet.com\/tr\/#website\",\"url\":\"https:\/\/www.regnovet.com\/tr\/\",\"name\":\"regnovet\",\"description\":\"\",\"publisher\":{\"@id\":\"https:\/\/www.regnovet.com\/tr\/#organization\"},\"potentialAction\":[{\"@type\":\"SearchAction\",\"target\":{\"@type\":\"EntryPoint\",\"urlTemplate\":\"https:\/\/www.regnovet.com\/tr\/?s={search_term_string}\"},\"query-input\":{\"@type\":\"PropertyValueSpecification\",\"valueRequired\":true,\"valueName\":\"search_term_string\"}}],\"inLanguage\":\"tr\"},{\"@type\":\"Organization\",\"@id\":\"https:\/\/www.regnovet.com\/tr\/#organization\",\"name\":\"regnovet\",\"url\":\"https:\/\/www.regnovet.com\/tr\/\",\"logo\":{\"@type\":\"ImageObject\",\"inLanguage\":\"tr\",\"@id\":\"https:\/\/www.regnovet.com\/tr\/#\/schema\/logo\/image\/\",\"url\":\"https:\/\/www.regnovet.com\/wp-content\/uploads\/2024\/09\/cropped-512.png\",\"contentUrl\":\"https:\/\/www.regnovet.com\/wp-content\/uploads\/2024\/09\/cropped-512.png\",\"width\":512,\"height\":512,\"caption\":\"regnovet\"},\"image\":{\"@id\":\"https:\/\/www.regnovet.com\/tr\/#\/schema\/logo\/image\/\"},\"sameAs\":[\"https:\/\/www.facebook.com\/people\/RegnoVet\/61571321505220\/\"]}]}<\/script>\n<!-- \/ Yoast SEO plugin. -->","yoast_head_json":{"title":"AminoReg - regnovet","robots":{"index":"index","follow":"follow","max-snippet":"max-snippet:-1","max-image-preview":"max-image-preview:large","max-video-preview":"max-video-preview:-1"},"canonical":"https:\/\/www.regnovet.com\/tr\/urun\/cardioreg-copy-copy\/","og_locale":"tr_TR","og_type":"article","og_title":"AminoReg - regnovet","og_description":"Bu kapsaml\u0131 vitamin ve amino asit kar\u0131\u015f\u0131m\u0131, uygun yavru b\u00fcy\u00fcmesini te\u015fvik eder ve bu \u00fcr\u00fcn\u00fcn bile\u015fenlerini ideal oranda i\u00e7ermeyen kediler ve k\u00f6pekler i\u00e7in gerekli deste\u011fi sunar. Protein sentezi i\u00e7in v\u00fccudun ihtiya\u00e7 duydu\u011fu amino asitleri i\u00e7eren do\u011fal bir takviyedir, hamile kediler ve k\u00f6peklerde fet\u00fcslerin sa\u011fl\u0131kl\u0131 geli\u015fimine yard\u0131mc\u0131 olur ve evcil hayvan\u0131n\u0131za bir\u00e7ok sa\u011fl\u0131k yarar\u0131 sa\u011flar. Bu kolayca sindirilen oral \u00e7\u00f6z\u00fcm, dehidratasyon, elektrolit dengesizli\u011fi, vitamin eksiklikleri ve hipoproteinemi durumlar\u0131nda destekleyici bir takviye olarak \u00f6nerilir; bu durumlar ishal, \u015fok veya yorgunluk sonucu olu\u015fabilir. Ayr\u0131ca, k\u00f6t\u00fc beslenme durumlar\u0131nda, hamilelik ve emzirme d\u00f6nemlerinde, zay\u0131flam\u0131\u015f ve ya\u015fl\u0131 hayvanlarda, iltihaplanma tepkilerinin bozuldu\u011fu durumlarda, bakteriler veya vir\u00fcsler taraf\u0131ndan neden olunan enfeksiyonlar ve paraziter hastal\u0131klar i\u00e7in bir diyet takviyesi olarak da kullan\u0131l\u0131r. Bunun yan\u0131 s\u0131ra, bu \u00fcr\u00fcn, iyile\u015fme s\u00fcrecindeki hayvanlar\u0131n diyetlerine ek olarak vitamin ve amino asit takviyesi yapmak i\u00e7in kullan\u0131labilir.","og_url":"https:\/\/www.regnovet.com\/tr\/urun\/cardioreg-copy-copy\/","og_site_name":"regnovet","article_publisher":"https:\/\/www.facebook.com\/people\/RegnoVet\/61571321505220\/","article_modified_time":"2025-02-18T10:25:37+00:00","og_image":[{"width":700,"height":700,"url":"https:\/\/www.regnovet.com\/wp-content\/uploads\/2024\/12\/amino-reg.jpg","type":"image\/jpeg"}],"twitter_card":"summary_large_image","twitter_misc":{"Tahmini okuma s\u00fcresi":"1 dakika"},"schema":{"@context":"https:\/\/schema.org","@graph":[{"@type":"WebPage","@id":"https:\/\/www.regnovet.com\/tr\/urun\/cardioreg-copy-copy\/","url":"https:\/\/www.regnovet.com\/tr\/urun\/cardioreg-copy-copy\/","name":"AminoReg - regnovet","isPartOf":{"@id":"https:\/\/www.regnovet.com\/tr\/#website"},"primaryImageOfPage":{"@id":"https:\/\/www.regnovet.com\/tr\/urun\/cardioreg-copy-copy\/#primaryimage"},"image":{"@id":"https:\/\/www.regnovet.com\/tr\/urun\/cardioreg-copy-copy\/#primaryimage"},"thumbnailUrl":"https:\/\/www.regnovet.com\/wp-content\/uploads\/2024\/12\/amino-reg.jpg","datePublished":"2024-12-27T10:21:17+00:00","dateModified":"2025-02-18T10:25:37+00:00","breadcrumb":{"@id":"https:\/\/www.regnovet.com\/tr\/urun\/cardioreg-copy-copy\/#breadcrumb"},"inLanguage":"tr","potentialAction":[{"@type":"ReadAction","target":["https:\/\/www.regnovet.com\/tr\/urun\/cardioreg-copy-copy\/"]}]},{"@type":"ImageObject","inLanguage":"tr","@id":"https:\/\/www.regnovet.com\/tr\/urun\/cardioreg-copy-copy\/#primaryimage","url":"https:\/\/www.regnovet.com\/wp-content\/uploads\/2024\/12\/amino-reg.jpg","contentUrl":"https:\/\/www.regnovet.com\/wp-content\/uploads\/2024\/12\/amino-reg.jpg","width":700,"height":700},{"@type":"BreadcrumbList","@id":"https:\/\/www.regnovet.com\/tr\/urun\/cardioreg-copy-copy\/#breadcrumb","itemListElement":[{"@type":"ListItem","position":1,"name":"Home","item":"https:\/\/www.regnovet.com\/tr\/"},{"@type":"ListItem","position":2,"name":"\u00dcr\u00fcnler","item":"https:\/\/www.regnovet.com\/products\/"},{"@type":"ListItem","position":3,"name":"AminoReg"}]},{"@type":"WebSite","@id":"https:\/\/www.regnovet.com\/tr\/#website","url":"https:\/\/www.regnovet.com\/tr\/","name":"regnovet","description":"","publisher":{"@id":"https:\/\/www.regnovet.com\/tr\/#organization"},"potentialAction":[{"@type":"SearchAction","target":{"@type":"EntryPoint","urlTemplate":"https:\/\/www.regnovet.com\/tr\/?s={search_term_string}"},"query-input":{"@type":"PropertyValueSpecification","valueRequired":true,"valueName":"search_term_string"}}],"inLanguage":"tr"},{"@type":"Organization","@id":"https:\/\/www.regnovet.com\/tr\/#organization","name":"regnovet","url":"https:\/\/www.regnovet.com\/tr\/","logo":{"@type":"ImageObject","inLanguage":"tr","@id":"https:\/\/www.regnovet.com\/tr\/#\/schema\/logo\/image\/","url":"https:\/\/www.regnovet.com\/wp-content\/uploads\/2024\/09\/cropped-512.png","contentUrl":"https:\/\/www.regnovet.com\/wp-content\/uploads\/2024\/09\/cropped-512.png","width":512,"height":512,"caption":"regnovet"},"image":{"@id":"https:\/\/www.regnovet.com\/tr\/#\/schema\/logo\/image\/"},"sameAs":["https:\/\/www.facebook.com\/people\/RegnoVet\/61571321505220\/"]}]}},"_links":{"self":[{"href":"https:\/\/www.regnovet.com\/tr\/wp-json\/wp\/v2\/product\/30629","targetHints":{"allow":["GET"]}}],"collection":[{"href":"https:\/\/www.regnovet.com\/tr\/wp-json\/wp\/v2\/product"}],"about":[{"href":"https:\/\/www.regnovet.com\/tr\/wp-json\/wp\/v2\/types\/product"}],"version-history":[{"count":7,"href":"https:\/\/www.regnovet.com\/tr\/wp-json\/wp\/v2\/product\/30629\/revisions"}],"predecessor-version":[{"id":31512,"href":"https:\/\/www.regnovet.com\/tr\/wp-json\/wp\/v2\/product\/30629\/revisions\/31512"}],"wp:featuredmedia":[{"embeddable":true,"href":"https:\/\/www.regnovet.com\/tr\/wp-json\/wp\/v2\/media\/30632"}],"wp:attachment":[{"href":"https:\/\/www.regnovet.com\/tr\/wp-json\/wp\/v2\/media?parent=30629"}],"wp:term":[{"taxonomy":"product_cat","embeddable":true,"href":"https:\/\/www.regnovet.com\/tr\/wp-json\/wp\/v2\/product_cat?post=30629"},{"taxonomy":"product_tag","embeddable":true,"href":"https:\/\/www.regnovet.com\/tr\/wp-json\/wp\/v2\/product_tag?post=30629"}],"curies":[{"name":"wp","href":"https:\/\/api.w.org\/{rel}","templated":true}]}}