{"id":30775,"date":"2025-01-02T10:49:11","date_gmt":"2025-01-02T10:49:11","guid":{"rendered":"https:\/\/www.regnovet.com\/?post_type=product&#038;p=30775"},"modified":"2025-04-02T07:59:36","modified_gmt":"2025-04-02T07:59:36","slug":"sanitol-copy","status":"publish","type":"product","link":"https:\/\/www.regnovet.com\/tr\/urun\/sanitol-copy\/","title":{"rendered":"OPP=PLUS"},"content":{"rendered":"\t\t<div data-elementor-type=\"wp-post\" data-elementor-id=\"30775\" class=\"elementor elementor-30775 elementor-30773\">\n\t\t\t\t<div class=\"wd-negative-gap elementor-element elementor-element-5dc28aa e-flex e-con-boxed e-con e-parent\" data-id=\"5dc28aa\" data-element_type=\"container\" data-e-type=\"container\">\n\t\t\t\t\t<div class=\"e-con-inner\">\n\t\t\t\t<div class=\"elementor-element elementor-element-6d678dc elementor-widget elementor-widget-toggle\" data-id=\"6d678dc\" data-element_type=\"widget\" data-e-type=\"widget\" data-widget_type=\"toggle.default\">\n\t\t\t\t<div class=\"elementor-widget-container\">\n\t\t\t\t\t\t\t<div class=\"elementor-toggle\">\n\t\t\t\t\t\t\t<div class=\"elementor-toggle-item\">\n\t\t\t\t\t<div id=\"elementor-tab-title-1141\" class=\"elementor-tab-title\" data-tab=\"1\" role=\"button\" aria-controls=\"elementor-tab-content-1141\" aria-expanded=\"false\">\n\t\t\t\t\t\t\t\t\t\t\t\t<span class=\"elementor-toggle-icon elementor-toggle-icon-left\" aria-hidden=\"true\">\n\t\t\t\t\t\t\t\t\t\t\t\t\t\t\t<span class=\"elementor-toggle-icon-closed\"><svg class=\"e-font-icon-svg e-fas-caret-right\" viewBox=\"0 0 192 512\" xmlns=\"http:\/\/www.w3.org\/2000\/svg\"><path d=\"M0 384.662V127.338c0-17.818 21.543-26.741 34.142-14.142l128.662 128.662c7.81 7.81 7.81 20.474 0 28.284L34.142 398.804C21.543 411.404 0 402.48 0 384.662z\"><\/path><\/svg><\/span>\n\t\t\t\t\t\t\t\t<span class=\"elementor-toggle-icon-opened\"><svg class=\"elementor-toggle-icon-opened e-font-icon-svg e-fas-caret-up\" viewBox=\"0 0 320 512\" xmlns=\"http:\/\/www.w3.org\/2000\/svg\"><path d=\"M288.662 352H31.338c-17.818 0-26.741-21.543-14.142-34.142l128.662-128.662c7.81-7.81 20.474-7.81 28.284 0l128.662 128.662c12.6 12.599 3.676 34.142-14.142 34.142z\"><\/path><\/svg><\/span>\n\t\t\t\t\t\t\t\t\t\t\t\t\t<\/span>\n\t\t\t\t\t\t\t\t\t\t\t\t<a class=\"elementor-toggle-title\" tabindex=\"0\">KULLANIM ALANLARI:<\/a>\n\t\t\t\t\t<\/div>\n\n\t\t\t\t\t<div id=\"elementor-tab-content-1141\" class=\"elementor-tab-content elementor-clearfix\" data-tab=\"1\" role=\"region\" aria-labelledby=\"elementor-tab-title-1141\"><p>Fumigasyon yoluyla dezenfekte edici olarak kullan\u0131lan bu \u00fcr\u00fcn, a\u015fa\u011f\u0131daki alanlarda kullan\u0131lmaya uygundur:<br \/>\nYumurta \u00fcretim \u00e7iftlikleri, kulu\u00e7ka tesisleri, et ve s\u00fct sanayileri, g\u0131da ve i\u00e7ecek sanayileri, g\u0131da depolama ambarlar\u0131, ta\u015f\u0131ma ara\u00e7lar\u0131, silo veteriner klinikleri, hayvanc\u0131l\u0131k tesisleri, ila\u00e7 \u00fcretim merkezleri ve laboratuvarlar<\/p>\n<\/div>\n\t\t\t\t<\/div>\n\t\t\t\t\t\t\t<div class=\"elementor-toggle-item\">\n\t\t\t\t\t<div id=\"elementor-tab-title-1142\" class=\"elementor-tab-title\" data-tab=\"2\" role=\"button\" aria-controls=\"elementor-tab-content-1142\" aria-expanded=\"false\">\n\t\t\t\t\t\t\t\t\t\t\t\t<span class=\"elementor-toggle-icon elementor-toggle-icon-left\" aria-hidden=\"true\">\n\t\t\t\t\t\t\t\t\t\t\t\t\t\t\t<span class=\"elementor-toggle-icon-closed\"><svg class=\"e-font-icon-svg e-fas-caret-right\" viewBox=\"0 0 192 512\" xmlns=\"http:\/\/www.w3.org\/2000\/svg\"><path d=\"M0 384.662V127.338c0-17.818 21.543-26.741 34.142-14.142l128.662 128.662c7.81 7.81 7.81 20.474 0 28.284L34.142 398.804C21.543 411.404 0 402.48 0 384.662z\"><\/path><\/svg><\/span>\n\t\t\t\t\t\t\t\t<span class=\"elementor-toggle-icon-opened\"><svg class=\"elementor-toggle-icon-opened e-font-icon-svg e-fas-caret-up\" viewBox=\"0 0 320 512\" xmlns=\"http:\/\/www.w3.org\/2000\/svg\"><path d=\"M288.662 352H31.338c-17.818 0-26.741-21.543-14.142-34.142l128.662-128.662c7.81-7.81 20.474-7.81 28.284 0l128.662 128.662c12.6 12.599 3.676 34.142-14.142 34.142z\"><\/path><\/svg><\/span>\n\t\t\t\t\t\t\t\t\t\t\t\t\t<\/span>\n\t\t\t\t\t\t\t\t\t\t\t\t<a class=\"elementor-toggle-title\" tabindex=\"0\">K\u0130MYASAL B\u0130LE\u015e\u0130M:<\/a>\n\t\t\t\t\t<\/div>\n\n\t\t\t\t\t<div id=\"elementor-tab-content-1142\" class=\"elementor-tab-content elementor-clearfix\" data-tab=\"2\" role=\"region\" aria-labelledby=\"elementor-tab-title-1142\"><table>\n<tbody>\n<tr>\n<td colspan=\"2\" width=\"236\"><strong>\u00a0<\/strong><\/p>\n<p><strong>bile<\/strong><strong>\u015f<\/strong><strong>im<\/strong><\/p>\n<p>&nbsp;<\/td>\n<\/tr>\n<tr>\n<td width=\"118\"><strong>\u00a0<\/strong><\/p>\n<p>ETK\u0130N MADDE ADI<\/td>\n<td width=\"118\"><strong>\u00a0<\/strong><\/p>\n<p>KONSANTRASYON (%)<\/td>\n<\/tr>\n<tr>\n<td width=\"118\">81 fenil-2-ot OrtoFenil Fenol<\/td>\n<td width=\"118\">22<\/p>\n<p>&nbsp;<\/td>\n<\/tr>\n<tr>\n<td width=\"118\">Amonyum nitrat<\/td>\n<td width=\"118\">40<\/p>\n<p>&nbsp;<\/td>\n<\/tr>\n<\/tbody>\n<\/table>\n<\/div>\n\t\t\t\t<\/div>\n\t\t\t\t\t\t\t\t<\/div>\n\t\t\t\t\t\t<\/div>\n\t\t\t\t<\/div>\n\t\t\t\t\t<\/div>\n\t\t\t\t<\/div>\n\t\t\t\t<\/div>\n\t\t","protected":false},"excerpt":{"rendered":"<p>\u00c7ok geni\u015f spektrumlu bakterisit, fungisit ve vir\u00fcsit etkileri olan \u00e7ok ama\u00e7l\u0131 bir fumigant dezenfektand\u0131r.<br \/>\n\u00c7\u0131k\u0131\u015f\u0131, hatta 3 mikrondan daha k\u00fc\u00e7\u00fck olan ve homojen yap\u0131s\u0131 sayesinde, g\u00fc\u00e7l\u00fc bir etki mekanizmas\u0131yla alan\u0131n t\u00fcm b\u00f6lgelerini dezenfekte etme yetene\u011fi sa\u011flar.<br \/>\nBile\u015fimdeki aktif bile\u015fenler, u\u00e7ucu maddeler ve oksitleyiciler korozif de\u011fildir ve uygulama yap\u0131lan y\u00fczeylerde veya ekipmanlarda herhangi bir kal\u0131nt\u0131 b\u0131rakmaz. \u00dcr\u00fcne kar\u015f\u0131 diren\u00e7 olu\u015fma olas\u0131l\u0131\u011f\u0131 yoktur. Etki mekanizmas\u0131, mikroorganizmalar\u0131n h\u00fccre duvarlar\u0131n\u0131 kaplay\u0131p yok ederken, havada bulunan mikrobiyal kontaminasyonu da engeller.<br \/>\nEtkili uygulama dozu 0,7-0,8 gr.\/1 m\u00b3 olup, en uygun ve ekonomik \u00e7\u00f6z\u00fcm\u00fc sa\u011flar.<\/p>\n","protected":false},"featured_media":30795,"template":"","meta":[],"product_cat":[159],"product_tag":[],"class_list":{"0":"post-30775","1":"product","2":"type-product","3":"status-publish","4":"has-post-thumbnail","6":"product_cat-antiseptikler","8":"first","9":"instock","10":"shipping-taxable","11":"product-type-simple"},"yoast_head":"<!-- This site is optimized with the Yoast SEO plugin v24.1 - https:\/\/yoast.com\/wordpress\/plugins\/seo\/ -->\n<title>OPP=PLUS - regnovet<\/title>\n<meta name=\"robots\" content=\"index, follow, max-snippet:-1, max-image-preview:large, max-video-preview:-1\" \/>\n<link rel=\"canonical\" href=\"https:\/\/www.regnovet.com\/tr\/urun\/sanitol-copy\/\" \/>\n<meta property=\"og:locale\" content=\"tr_TR\" \/>\n<meta property=\"og:type\" content=\"article\" \/>\n<meta property=\"og:title\" content=\"OPP=PLUS - regnovet\" \/>\n<meta property=\"og:description\" content=\"\u00c7ok geni\u015f spektrumlu bakterisit, fungisit ve vir\u00fcsit etkileri olan \u00e7ok ama\u00e7l\u0131 bir fumigant dezenfektand\u0131r. \u00c7\u0131k\u0131\u015f\u0131, hatta 3 mikrondan daha k\u00fc\u00e7\u00fck olan ve homojen yap\u0131s\u0131 sayesinde, g\u00fc\u00e7l\u00fc bir etki mekanizmas\u0131yla alan\u0131n t\u00fcm b\u00f6lgelerini dezenfekte etme yetene\u011fi sa\u011flar. Bile\u015fimdeki aktif bile\u015fenler, u\u00e7ucu maddeler ve oksitleyiciler korozif de\u011fildir ve uygulama yap\u0131lan y\u00fczeylerde veya ekipmanlarda herhangi bir kal\u0131nt\u0131 b\u0131rakmaz. \u00dcr\u00fcne kar\u015f\u0131 diren\u00e7 olu\u015fma olas\u0131l\u0131\u011f\u0131 yoktur. Etki mekanizmas\u0131, mikroorganizmalar\u0131n h\u00fccre duvarlar\u0131n\u0131 kaplay\u0131p yok ederken, havada bulunan mikrobiyal kontaminasyonu da engeller. Etkili uygulama dozu 0,7-0,8 gr.\/1 m\u00b3 olup, en uygun ve ekonomik \u00e7\u00f6z\u00fcm\u00fc sa\u011flar.\" \/>\n<meta property=\"og:url\" content=\"https:\/\/www.regnovet.com\/tr\/urun\/sanitol-copy\/\" \/>\n<meta property=\"og:site_name\" content=\"regnovet\" \/>\n<meta property=\"article:publisher\" content=\"https:\/\/www.facebook.com\/people\/RegnoVet\/61571321505220\/\" \/>\n<meta property=\"article:modified_time\" content=\"2025-04-02T07:59:36+00:00\" \/>\n<meta property=\"og:image\" content=\"https:\/\/www.regnovet.com\/wp-content\/uploads\/2025\/01\/opp-plus3.jpg\" \/>\n\t<meta property=\"og:image:width\" content=\"700\" \/>\n\t<meta property=\"og:image:height\" content=\"700\" \/>\n\t<meta property=\"og:image:type\" content=\"image\/jpeg\" \/>\n<meta name=\"twitter:card\" content=\"summary_large_image\" \/>\n<script type=\"application\/ld+json\" class=\"yoast-schema-graph\">{\"@context\":\"https:\/\/schema.org\",\"@graph\":[{\"@type\":\"WebPage\",\"@id\":\"https:\/\/www.regnovet.com\/tr\/urun\/sanitol-copy\/\",\"url\":\"https:\/\/www.regnovet.com\/tr\/urun\/sanitol-copy\/\",\"name\":\"OPP=PLUS - regnovet\",\"isPartOf\":{\"@id\":\"https:\/\/www.regnovet.com\/tr\/#website\"},\"primaryImageOfPage\":{\"@id\":\"https:\/\/www.regnovet.com\/tr\/urun\/sanitol-copy\/#primaryimage\"},\"image\":{\"@id\":\"https:\/\/www.regnovet.com\/tr\/urun\/sanitol-copy\/#primaryimage\"},\"thumbnailUrl\":\"https:\/\/www.regnovet.com\/wp-content\/uploads\/2025\/01\/opp-plus3.jpg\",\"datePublished\":\"2025-01-02T10:49:11+00:00\",\"dateModified\":\"2025-04-02T07:59:36+00:00\",\"breadcrumb\":{\"@id\":\"https:\/\/www.regnovet.com\/tr\/urun\/sanitol-copy\/#breadcrumb\"},\"inLanguage\":\"tr\",\"potentialAction\":[{\"@type\":\"ReadAction\",\"target\":[\"https:\/\/www.regnovet.com\/tr\/urun\/sanitol-copy\/\"]}]},{\"@type\":\"ImageObject\",\"inLanguage\":\"tr\",\"@id\":\"https:\/\/www.regnovet.com\/tr\/urun\/sanitol-copy\/#primaryimage\",\"url\":\"https:\/\/www.regnovet.com\/wp-content\/uploads\/2025\/01\/opp-plus3.jpg\",\"contentUrl\":\"https:\/\/www.regnovet.com\/wp-content\/uploads\/2025\/01\/opp-plus3.jpg\",\"width\":700,\"height\":700},{\"@type\":\"BreadcrumbList\",\"@id\":\"https:\/\/www.regnovet.com\/tr\/urun\/sanitol-copy\/#breadcrumb\",\"itemListElement\":[{\"@type\":\"ListItem\",\"position\":1,\"name\":\"Home\",\"item\":\"https:\/\/www.regnovet.com\/tr\/\"},{\"@type\":\"ListItem\",\"position\":2,\"name\":\"\u00dcr\u00fcnler\",\"item\":\"https:\/\/www.regnovet.com\/products\/\"},{\"@type\":\"ListItem\",\"position\":3,\"name\":\"OPP=PLUS\"}]},{\"@type\":\"WebSite\",\"@id\":\"https:\/\/www.regnovet.com\/tr\/#website\",\"url\":\"https:\/\/www.regnovet.com\/tr\/\",\"name\":\"regnovet\",\"description\":\"\",\"publisher\":{\"@id\":\"https:\/\/www.regnovet.com\/tr\/#organization\"},\"potentialAction\":[{\"@type\":\"SearchAction\",\"target\":{\"@type\":\"EntryPoint\",\"urlTemplate\":\"https:\/\/www.regnovet.com\/tr\/?s={search_term_string}\"},\"query-input\":{\"@type\":\"PropertyValueSpecification\",\"valueRequired\":true,\"valueName\":\"search_term_string\"}}],\"inLanguage\":\"tr\"},{\"@type\":\"Organization\",\"@id\":\"https:\/\/www.regnovet.com\/tr\/#organization\",\"name\":\"regnovet\",\"url\":\"https:\/\/www.regnovet.com\/tr\/\",\"logo\":{\"@type\":\"ImageObject\",\"inLanguage\":\"tr\",\"@id\":\"https:\/\/www.regnovet.com\/tr\/#\/schema\/logo\/image\/\",\"url\":\"https:\/\/www.regnovet.com\/wp-content\/uploads\/2024\/09\/cropped-512.png\",\"contentUrl\":\"https:\/\/www.regnovet.com\/wp-content\/uploads\/2024\/09\/cropped-512.png\",\"width\":512,\"height\":512,\"caption\":\"regnovet\"},\"image\":{\"@id\":\"https:\/\/www.regnovet.com\/tr\/#\/schema\/logo\/image\/\"},\"sameAs\":[\"https:\/\/www.facebook.com\/people\/RegnoVet\/61571321505220\/\"]}]}<\/script>\n<!-- \/ Yoast SEO plugin. -->","yoast_head_json":{"title":"OPP=PLUS - regnovet","robots":{"index":"index","follow":"follow","max-snippet":"max-snippet:-1","max-image-preview":"max-image-preview:large","max-video-preview":"max-video-preview:-1"},"canonical":"https:\/\/www.regnovet.com\/tr\/urun\/sanitol-copy\/","og_locale":"tr_TR","og_type":"article","og_title":"OPP=PLUS - regnovet","og_description":"\u00c7ok geni\u015f spektrumlu bakterisit, fungisit ve vir\u00fcsit etkileri olan \u00e7ok ama\u00e7l\u0131 bir fumigant dezenfektand\u0131r. \u00c7\u0131k\u0131\u015f\u0131, hatta 3 mikrondan daha k\u00fc\u00e7\u00fck olan ve homojen yap\u0131s\u0131 sayesinde, g\u00fc\u00e7l\u00fc bir etki mekanizmas\u0131yla alan\u0131n t\u00fcm b\u00f6lgelerini dezenfekte etme yetene\u011fi sa\u011flar. Bile\u015fimdeki aktif bile\u015fenler, u\u00e7ucu maddeler ve oksitleyiciler korozif de\u011fildir ve uygulama yap\u0131lan y\u00fczeylerde veya ekipmanlarda herhangi bir kal\u0131nt\u0131 b\u0131rakmaz. \u00dcr\u00fcne kar\u015f\u0131 diren\u00e7 olu\u015fma olas\u0131l\u0131\u011f\u0131 yoktur. Etki mekanizmas\u0131, mikroorganizmalar\u0131n h\u00fccre duvarlar\u0131n\u0131 kaplay\u0131p yok ederken, havada bulunan mikrobiyal kontaminasyonu da engeller. Etkili uygulama dozu 0,7-0,8 gr.\/1 m\u00b3 olup, en uygun ve ekonomik \u00e7\u00f6z\u00fcm\u00fc sa\u011flar.","og_url":"https:\/\/www.regnovet.com\/tr\/urun\/sanitol-copy\/","og_site_name":"regnovet","article_publisher":"https:\/\/www.facebook.com\/people\/RegnoVet\/61571321505220\/","article_modified_time":"2025-04-02T07:59:36+00:00","og_image":[{"width":700,"height":700,"url":"https:\/\/www.regnovet.com\/wp-content\/uploads\/2025\/01\/opp-plus3.jpg","type":"image\/jpeg"}],"twitter_card":"summary_large_image","schema":{"@context":"https:\/\/schema.org","@graph":[{"@type":"WebPage","@id":"https:\/\/www.regnovet.com\/tr\/urun\/sanitol-copy\/","url":"https:\/\/www.regnovet.com\/tr\/urun\/sanitol-copy\/","name":"OPP=PLUS - regnovet","isPartOf":{"@id":"https:\/\/www.regnovet.com\/tr\/#website"},"primaryImageOfPage":{"@id":"https:\/\/www.regnovet.com\/tr\/urun\/sanitol-copy\/#primaryimage"},"image":{"@id":"https:\/\/www.regnovet.com\/tr\/urun\/sanitol-copy\/#primaryimage"},"thumbnailUrl":"https:\/\/www.regnovet.com\/wp-content\/uploads\/2025\/01\/opp-plus3.jpg","datePublished":"2025-01-02T10:49:11+00:00","dateModified":"2025-04-02T07:59:36+00:00","breadcrumb":{"@id":"https:\/\/www.regnovet.com\/tr\/urun\/sanitol-copy\/#breadcrumb"},"inLanguage":"tr","potentialAction":[{"@type":"ReadAction","target":["https:\/\/www.regnovet.com\/tr\/urun\/sanitol-copy\/"]}]},{"@type":"ImageObject","inLanguage":"tr","@id":"https:\/\/www.regnovet.com\/tr\/urun\/sanitol-copy\/#primaryimage","url":"https:\/\/www.regnovet.com\/wp-content\/uploads\/2025\/01\/opp-plus3.jpg","contentUrl":"https:\/\/www.regnovet.com\/wp-content\/uploads\/2025\/01\/opp-plus3.jpg","width":700,"height":700},{"@type":"BreadcrumbList","@id":"https:\/\/www.regnovet.com\/tr\/urun\/sanitol-copy\/#breadcrumb","itemListElement":[{"@type":"ListItem","position":1,"name":"Home","item":"https:\/\/www.regnovet.com\/tr\/"},{"@type":"ListItem","position":2,"name":"\u00dcr\u00fcnler","item":"https:\/\/www.regnovet.com\/products\/"},{"@type":"ListItem","position":3,"name":"OPP=PLUS"}]},{"@type":"WebSite","@id":"https:\/\/www.regnovet.com\/tr\/#website","url":"https:\/\/www.regnovet.com\/tr\/","name":"regnovet","description":"","publisher":{"@id":"https:\/\/www.regnovet.com\/tr\/#organization"},"potentialAction":[{"@type":"SearchAction","target":{"@type":"EntryPoint","urlTemplate":"https:\/\/www.regnovet.com\/tr\/?s={search_term_string}"},"query-input":{"@type":"PropertyValueSpecification","valueRequired":true,"valueName":"search_term_string"}}],"inLanguage":"tr"},{"@type":"Organization","@id":"https:\/\/www.regnovet.com\/tr\/#organization","name":"regnovet","url":"https:\/\/www.regnovet.com\/tr\/","logo":{"@type":"ImageObject","inLanguage":"tr","@id":"https:\/\/www.regnovet.com\/tr\/#\/schema\/logo\/image\/","url":"https:\/\/www.regnovet.com\/wp-content\/uploads\/2024\/09\/cropped-512.png","contentUrl":"https:\/\/www.regnovet.com\/wp-content\/uploads\/2024\/09\/cropped-512.png","width":512,"height":512,"caption":"regnovet"},"image":{"@id":"https:\/\/www.regnovet.com\/tr\/#\/schema\/logo\/image\/"},"sameAs":["https:\/\/www.facebook.com\/people\/RegnoVet\/61571321505220\/"]}]}},"_links":{"self":[{"href":"https:\/\/www.regnovet.com\/tr\/wp-json\/wp\/v2\/product\/30775","targetHints":{"allow":["GET"]}}],"collection":[{"href":"https:\/\/www.regnovet.com\/tr\/wp-json\/wp\/v2\/product"}],"about":[{"href":"https:\/\/www.regnovet.com\/tr\/wp-json\/wp\/v2\/types\/product"}],"version-history":[{"count":9,"href":"https:\/\/www.regnovet.com\/tr\/wp-json\/wp\/v2\/product\/30775\/revisions"}],"predecessor-version":[{"id":31772,"href":"https:\/\/www.regnovet.com\/tr\/wp-json\/wp\/v2\/product\/30775\/revisions\/31772"}],"wp:featuredmedia":[{"embeddable":true,"href":"https:\/\/www.regnovet.com\/tr\/wp-json\/wp\/v2\/media\/30795"}],"wp:attachment":[{"href":"https:\/\/www.regnovet.com\/tr\/wp-json\/wp\/v2\/media?parent=30775"}],"wp:term":[{"taxonomy":"product_cat","embeddable":true,"href":"https:\/\/www.regnovet.com\/tr\/wp-json\/wp\/v2\/product_cat?post=30775"},{"taxonomy":"product_tag","embeddable":true,"href":"https:\/\/www.regnovet.com\/tr\/wp-json\/wp\/v2\/product_tag?post=30775"}],"curies":[{"name":"wp","href":"https:\/\/api.w.org\/{rel}","templated":true}]}}