{"id":31261,"date":"2025-02-11T08:29:20","date_gmt":"2025-02-11T08:29:20","guid":{"rendered":"https:\/\/www.regnovet.com\/?post_type=product&#038;p=31261"},"modified":"2025-02-11T09:48:04","modified_gmt":"2025-02-11T09:48:04","slug":"regnomix-rom-02-copy-copy","status":"publish","type":"product","link":"https:\/\/www.regnovet.com\/tr\/urun\/regnomix-rom-02-copy-copy\/","title":{"rendered":"REGNOMIX Breeder 2.5 % First Phase"},"content":{"rendered":"\t\t<div data-elementor-type=\"wp-post\" data-elementor-id=\"31261\" class=\"elementor elementor-31261 elementor-31259\">\n\t\t\t\t<div class=\"wd-negative-gap elementor-element elementor-element-9edd08c e-flex e-con-boxed e-con e-parent\" data-id=\"9edd08c\" data-element_type=\"container\" data-e-type=\"container\">\n\t\t\t\t\t<div class=\"e-con-inner\">\n\t\t\t\t<div class=\"elementor-element elementor-element-810bc54 elementor-widget elementor-widget-toggle\" data-id=\"810bc54\" data-element_type=\"widget\" data-e-type=\"widget\" data-widget_type=\"toggle.default\">\n\t\t\t\t<div class=\"elementor-widget-container\">\n\t\t\t\t\t\t\t<div class=\"elementor-toggle\">\n\t\t\t\t\t\t\t<div class=\"elementor-toggle-item\">\n\t\t\t\t\t<div id=\"elementor-tab-title-1351\" class=\"elementor-tab-title\" data-tab=\"1\" role=\"button\" aria-controls=\"elementor-tab-content-1351\" aria-expanded=\"false\">\n\t\t\t\t\t\t\t\t\t\t\t\t<span class=\"elementor-toggle-icon elementor-toggle-icon-left\" aria-hidden=\"true\">\n\t\t\t\t\t\t\t\t\t\t\t\t\t\t\t<span class=\"elementor-toggle-icon-closed\"><svg class=\"e-font-icon-svg e-fas-caret-right\" viewBox=\"0 0 192 512\" xmlns=\"http:\/\/www.w3.org\/2000\/svg\"><path d=\"M0 384.662V127.338c0-17.818 21.543-26.741 34.142-14.142l128.662 128.662c7.81 7.81 7.81 20.474 0 28.284L34.142 398.804C21.543 411.404 0 402.48 0 384.662z\"><\/path><\/svg><\/span>\n\t\t\t\t\t\t\t\t<span class=\"elementor-toggle-icon-opened\"><svg class=\"elementor-toggle-icon-opened e-font-icon-svg e-fas-caret-up\" viewBox=\"0 0 320 512\" xmlns=\"http:\/\/www.w3.org\/2000\/svg\"><path d=\"M288.662 352H31.338c-17.818 0-26.741-21.543-14.142-34.142l128.662-128.662c7.81-7.81 20.474-7.81 28.284 0l128.662 128.662c12.6 12.599 3.676 34.142-14.142 34.142z\"><\/path><\/svg><\/span>\n\t\t\t\t\t\t\t\t\t\t\t\t\t<\/span>\n\t\t\t\t\t\t\t\t\t\t\t\t<a class=\"elementor-toggle-title\" tabindex=\"0\">Kg BA\u015eINA B\u0130LE\u015e\u0130M<\/a>\n\t\t\t\t\t<\/div>\n\n\t\t\t\t\t<div id=\"elementor-tab-content-1351\" class=\"elementor-tab-content elementor-clearfix\" data-tab=\"1\" role=\"region\" aria-labelledby=\"elementor-tab-title-1351\"><p>A vitamini 6.250.000 IU<br \/>D3 vitamini 2.000.000 IU<br \/>E vitamini 37.500 mg<br \/>Niasin 12.500 mg<br \/>\u0130yot 750 mg<br \/>Bak\u0131r 7.500 mg<br \/>Manganez 25.000 mg<br \/>\u00c7inko 50.000 mg<br \/>Selenyum 200 mg<br \/>Kobalt 150 mg<br \/>Sitrik asit 500 mg<br \/>BHA 1.280 mg<br \/>BHT 1.600 mg<br \/>Propil gallat 820 mg<\/p>\n<\/div>\n\t\t\t\t<\/div>\n\t\t\t\t\t\t\t\t<\/div>\n\t\t\t\t\t\t<\/div>\n\t\t\t\t<\/div>\n\t\t\t\t\t<\/div>\n\t\t\t\t<\/div>\n\t\t\t\t<\/div>\n\t\t","protected":false},"excerpt":{"rendered":"<p><strong>\u0130lk 18 Hafta \u0130\u00e7in \u00dcretici Premiks<\/strong>, \u00fcretici tavuklar\u0131n kritik erken geli\u015fim a\u015famalar\u0131nda optimal b\u00fcy\u00fcme, sa\u011fl\u0131k ve \u00fcreme performanslar\u0131n\u0131 desteklemek i\u00e7in \u00f6zel olarak form\u00fcle edilmi\u015f bir beslenme kar\u0131\u015f\u0131m\u0131d\u0131r. Bu premiks, sa\u011fl\u0131kl\u0131 kemik geli\u015fimi, kas b\u00fcy\u00fcmesi ve gen\u00e7 \u00fcreticilerde g\u00fc\u00e7l\u00fc bir ba\u011f\u0131\u015f\u0131kl\u0131k sistemi olu\u015fturulmas\u0131n\u0131 sa\u011flamak i\u00e7in gerekli olan temel vitaminler, mineraller, amino asitler ve iz elementlerin hassas bir dengesini sunar.<\/p>\n<ul>\n<li><strong>Y\u00fcksek Kaliteli Protein:<\/strong> Do\u011fru b\u00fcy\u00fcme ve kas geli\u015fimini te\u015fvik etmek i\u00e7in, ku\u015flar\u0131n optimal v\u00fccut a\u011f\u0131rl\u0131\u011f\u0131na ula\u015fmalar\u0131n\u0131 sa\u011flar.<\/li>\n<li><strong>Dengeli Enerji Seviyeleri:<\/strong> A\u015f\u0131r\u0131 ya\u011f birikimi olmadan s\u00fcrekli b\u00fcy\u00fcmeyi destekleyerek \u00fcreticilerin yumurta \u00fcretimi i\u00e7in optimal duruma gelmelerini sa\u011flar.<\/li>\n<li><strong>Kalsiyum ve Fosfor:<\/strong> Kemik geli\u015fimi ve yumurta kabu\u011fu kalitesi i\u00e7in gereklidir, ku\u015flar\u0131 gelecekteki yumurtlama i\u00e7in haz\u0131rlar.<\/li>\n<li><strong>Vitaminler ve Mineraller:<\/strong> Ba\u011f\u0131\u015f\u0131kl\u0131k fonksiyonunu ve \u00fcreme sa\u011fl\u0131\u011f\u0131n\u0131 art\u0131ran D3 vitamini, E vitamini ve \u00e7inko, selenyum gibi temel iz mineraller gibi hayati besinlerin kar\u0131\u015f\u0131m\u0131.<\/li>\n<li><strong>Amino Asitler:<\/strong> Doku geli\u015fimi ve do\u011fru b\u00fcy\u00fcme i\u00e7in gereklidir, \u00f6zellikle gen\u00e7 \u00fcreticiler i\u00e7in kritik b\u00fcy\u00fcme a\u015famalar\u0131nda.<\/li>\n<li><strong>Antioksidanlar:<\/strong> Genel sa\u011fl\u0131\u011f\u0131 destekler ve stres fakt\u00f6rlerine ve hastal\u0131klara kar\u015f\u0131 dayan\u0131kl\u0131l\u0131\u011f\u0131 art\u0131r\u0131r.<\/li>\n<\/ul>\n<p>Bu premiks, \u00fcretici tavuklar\u0131n ilk 18 hafta boyunca dengeli ve kapsaml\u0131 bir diyet almas\u0131n\u0131 sa\u011flamak amac\u0131yla temel yemlerine eklenmek \u00fczere tasarlanm\u0131\u015ft\u0131r ve g\u00fc\u00e7l\u00fc \u00fcreme performans\u0131 ile uzun vadeli \u00fcretkenlik i\u00e7in temeli atar.<\/p>\n<p>&nbsp;<\/p>\n","protected":false},"featured_media":31847,"template":"","meta":[],"product_cat":[180],"product_tag":[],"class_list":{"0":"post-31261","1":"product","2":"type-product","3":"status-publish","4":"has-post-thumbnail","6":"product_cat-premix-tr","8":"first","9":"instock","10":"shipping-taxable","11":"product-type-simple"},"yoast_head":"<!-- This site is optimized with the Yoast SEO plugin v24.1 - https:\/\/yoast.com\/wordpress\/plugins\/seo\/ -->\n<title>REGNOMIX Breeder 2.5 % First Phase - regnovet<\/title>\n<meta name=\"robots\" content=\"index, follow, max-snippet:-1, max-image-preview:large, max-video-preview:-1\" \/>\n<link rel=\"canonical\" href=\"https:\/\/www.regnovet.com\/tr\/urun\/regnomix-rom-02-copy-copy\/\" \/>\n<meta property=\"og:locale\" content=\"tr_TR\" \/>\n<meta property=\"og:type\" content=\"article\" \/>\n<meta property=\"og:title\" content=\"REGNOMIX Breeder 2.5 % First Phase - regnovet\" \/>\n<meta property=\"og:description\" content=\"\u0130lk 18 Hafta \u0130\u00e7in \u00dcretici Premiks, \u00fcretici tavuklar\u0131n kritik erken geli\u015fim a\u015famalar\u0131nda optimal b\u00fcy\u00fcme, sa\u011fl\u0131k ve \u00fcreme performanslar\u0131n\u0131 desteklemek i\u00e7in \u00f6zel olarak form\u00fcle edilmi\u015f bir beslenme kar\u0131\u015f\u0131m\u0131d\u0131r. Bu premiks, sa\u011fl\u0131kl\u0131 kemik geli\u015fimi, kas b\u00fcy\u00fcmesi ve gen\u00e7 \u00fcreticilerde g\u00fc\u00e7l\u00fc bir ba\u011f\u0131\u015f\u0131kl\u0131k sistemi olu\u015fturulmas\u0131n\u0131 sa\u011flamak i\u00e7in gerekli olan temel vitaminler, mineraller, amino asitler ve iz elementlerin hassas bir dengesini sunar.   Y\u00fcksek Kaliteli Protein: Do\u011fru b\u00fcy\u00fcme ve kas geli\u015fimini te\u015fvik etmek i\u00e7in, ku\u015flar\u0131n optimal v\u00fccut a\u011f\u0131rl\u0131\u011f\u0131na ula\u015fmalar\u0131n\u0131 sa\u011flar.  Dengeli Enerji Seviyeleri: A\u015f\u0131r\u0131 ya\u011f birikimi olmadan s\u00fcrekli b\u00fcy\u00fcmeyi destekleyerek \u00fcreticilerin yumurta \u00fcretimi i\u00e7in optimal duruma gelmelerini sa\u011flar.  Kalsiyum ve Fosfor: Kemik geli\u015fimi ve yumurta kabu\u011fu kalitesi i\u00e7in gereklidir, ku\u015flar\u0131 gelecekteki yumurtlama i\u00e7in haz\u0131rlar.  Vitaminler ve Mineraller: Ba\u011f\u0131\u015f\u0131kl\u0131k fonksiyonunu ve \u00fcreme sa\u011fl\u0131\u011f\u0131n\u0131 art\u0131ran D3 vitamini, E vitamini ve \u00e7inko, selenyum gibi temel iz mineraller gibi hayati besinlerin kar\u0131\u015f\u0131m\u0131.  Amino Asitler: Doku geli\u015fimi ve do\u011fru b\u00fcy\u00fcme i\u00e7in gereklidir, \u00f6zellikle gen\u00e7 \u00fcreticiler i\u00e7in kritik b\u00fcy\u00fcme a\u015famalar\u0131nda.  Antioksidanlar: Genel sa\u011fl\u0131\u011f\u0131 destekler ve stres fakt\u00f6rlerine ve hastal\u0131klara kar\u015f\u0131 dayan\u0131kl\u0131l\u0131\u011f\u0131 art\u0131r\u0131r.  Bu premiks, \u00fcretici tavuklar\u0131n ilk 18 hafta boyunca dengeli ve kapsaml\u0131 bir diyet almas\u0131n\u0131 sa\u011flamak amac\u0131yla temel yemlerine eklenmek \u00fczere tasarlanm\u0131\u015ft\u0131r ve g\u00fc\u00e7l\u00fc \u00fcreme performans\u0131 ile uzun vadeli \u00fcretkenlik i\u00e7in temeli atar.  &nbsp;\" \/>\n<meta property=\"og:url\" content=\"https:\/\/www.regnovet.com\/tr\/urun\/regnomix-rom-02-copy-copy\/\" \/>\n<meta property=\"og:site_name\" content=\"regnovet\" \/>\n<meta property=\"article:publisher\" content=\"https:\/\/www.facebook.com\/people\/RegnoVet\/61571321505220\/\" \/>\n<meta property=\"article:modified_time\" content=\"2025-02-11T09:48:04+00:00\" \/>\n<meta property=\"og:image\" content=\"https:\/\/www.regnovet.com\/wp-content\/uploads\/2025\/02\/Breeder-00.jpg\" \/>\n\t<meta property=\"og:image:width\" content=\"700\" \/>\n\t<meta property=\"og:image:height\" content=\"700\" \/>\n\t<meta property=\"og:image:type\" content=\"image\/jpeg\" \/>\n<meta name=\"twitter:card\" content=\"summary_large_image\" \/>\n<script type=\"application\/ld+json\" class=\"yoast-schema-graph\">{\"@context\":\"https:\/\/schema.org\",\"@graph\":[{\"@type\":\"WebPage\",\"@id\":\"https:\/\/www.regnovet.com\/tr\/urun\/regnomix-rom-02-copy-copy\/\",\"url\":\"https:\/\/www.regnovet.com\/tr\/urun\/regnomix-rom-02-copy-copy\/\",\"name\":\"REGNOMIX Breeder 2.5 % First Phase - regnovet\",\"isPartOf\":{\"@id\":\"https:\/\/www.regnovet.com\/tr\/#website\"},\"primaryImageOfPage\":{\"@id\":\"https:\/\/www.regnovet.com\/tr\/urun\/regnomix-rom-02-copy-copy\/#primaryimage\"},\"image\":{\"@id\":\"https:\/\/www.regnovet.com\/tr\/urun\/regnomix-rom-02-copy-copy\/#primaryimage\"},\"thumbnailUrl\":\"https:\/\/www.regnovet.com\/wp-content\/uploads\/2025\/02\/First-Phase5.jpg\",\"datePublished\":\"2025-02-11T08:29:20+00:00\",\"dateModified\":\"2025-02-11T09:48:04+00:00\",\"breadcrumb\":{\"@id\":\"https:\/\/www.regnovet.com\/tr\/urun\/regnomix-rom-02-copy-copy\/#breadcrumb\"},\"inLanguage\":\"tr\",\"potentialAction\":[{\"@type\":\"ReadAction\",\"target\":[\"https:\/\/www.regnovet.com\/tr\/urun\/regnomix-rom-02-copy-copy\/\"]}]},{\"@type\":\"ImageObject\",\"inLanguage\":\"tr\",\"@id\":\"https:\/\/www.regnovet.com\/tr\/urun\/regnomix-rom-02-copy-copy\/#primaryimage\",\"url\":\"https:\/\/www.regnovet.com\/wp-content\/uploads\/2025\/02\/First-Phase5.jpg\",\"contentUrl\":\"https:\/\/www.regnovet.com\/wp-content\/uploads\/2025\/02\/First-Phase5.jpg\",\"width\":700,\"height\":700},{\"@type\":\"BreadcrumbList\",\"@id\":\"https:\/\/www.regnovet.com\/tr\/urun\/regnomix-rom-02-copy-copy\/#breadcrumb\",\"itemListElement\":[{\"@type\":\"ListItem\",\"position\":1,\"name\":\"Home\",\"item\":\"https:\/\/www.regnovet.com\/tr\/\"},{\"@type\":\"ListItem\",\"position\":2,\"name\":\"\u00dcr\u00fcnler\",\"item\":\"https:\/\/www.regnovet.com\/products\/\"},{\"@type\":\"ListItem\",\"position\":3,\"name\":\"REGNOMIX Breeder 2.5 % First Phase\"}]},{\"@type\":\"WebSite\",\"@id\":\"https:\/\/www.regnovet.com\/tr\/#website\",\"url\":\"https:\/\/www.regnovet.com\/tr\/\",\"name\":\"regnovet\",\"description\":\"\",\"publisher\":{\"@id\":\"https:\/\/www.regnovet.com\/tr\/#organization\"},\"potentialAction\":[{\"@type\":\"SearchAction\",\"target\":{\"@type\":\"EntryPoint\",\"urlTemplate\":\"https:\/\/www.regnovet.com\/tr\/?s={search_term_string}\"},\"query-input\":{\"@type\":\"PropertyValueSpecification\",\"valueRequired\":true,\"valueName\":\"search_term_string\"}}],\"inLanguage\":\"tr\"},{\"@type\":\"Organization\",\"@id\":\"https:\/\/www.regnovet.com\/tr\/#organization\",\"name\":\"regnovet\",\"url\":\"https:\/\/www.regnovet.com\/tr\/\",\"logo\":{\"@type\":\"ImageObject\",\"inLanguage\":\"tr\",\"@id\":\"https:\/\/www.regnovet.com\/tr\/#\/schema\/logo\/image\/\",\"url\":\"https:\/\/www.regnovet.com\/wp-content\/uploads\/2024\/09\/cropped-512.png\",\"contentUrl\":\"https:\/\/www.regnovet.com\/wp-content\/uploads\/2024\/09\/cropped-512.png\",\"width\":512,\"height\":512,\"caption\":\"regnovet\"},\"image\":{\"@id\":\"https:\/\/www.regnovet.com\/tr\/#\/schema\/logo\/image\/\"},\"sameAs\":[\"https:\/\/www.facebook.com\/people\/RegnoVet\/61571321505220\/\"]}]}<\/script>\n<!-- \/ Yoast SEO plugin. -->","yoast_head_json":{"title":"REGNOMIX Breeder 2.5 % First Phase - regnovet","robots":{"index":"index","follow":"follow","max-snippet":"max-snippet:-1","max-image-preview":"max-image-preview:large","max-video-preview":"max-video-preview:-1"},"canonical":"https:\/\/www.regnovet.com\/tr\/urun\/regnomix-rom-02-copy-copy\/","og_locale":"tr_TR","og_type":"article","og_title":"REGNOMIX Breeder 2.5 % First Phase - regnovet","og_description":"\u0130lk 18 Hafta \u0130\u00e7in \u00dcretici Premiks, \u00fcretici tavuklar\u0131n kritik erken geli\u015fim a\u015famalar\u0131nda optimal b\u00fcy\u00fcme, sa\u011fl\u0131k ve \u00fcreme performanslar\u0131n\u0131 desteklemek i\u00e7in \u00f6zel olarak form\u00fcle edilmi\u015f bir beslenme kar\u0131\u015f\u0131m\u0131d\u0131r. Bu premiks, sa\u011fl\u0131kl\u0131 kemik geli\u015fimi, kas b\u00fcy\u00fcmesi ve gen\u00e7 \u00fcreticilerde g\u00fc\u00e7l\u00fc bir ba\u011f\u0131\u015f\u0131kl\u0131k sistemi olu\u015fturulmas\u0131n\u0131 sa\u011flamak i\u00e7in gerekli olan temel vitaminler, mineraller, amino asitler ve iz elementlerin hassas bir dengesini sunar.   Y\u00fcksek Kaliteli Protein: Do\u011fru b\u00fcy\u00fcme ve kas geli\u015fimini te\u015fvik etmek i\u00e7in, ku\u015flar\u0131n optimal v\u00fccut a\u011f\u0131rl\u0131\u011f\u0131na ula\u015fmalar\u0131n\u0131 sa\u011flar.  Dengeli Enerji Seviyeleri: A\u015f\u0131r\u0131 ya\u011f birikimi olmadan s\u00fcrekli b\u00fcy\u00fcmeyi destekleyerek \u00fcreticilerin yumurta \u00fcretimi i\u00e7in optimal duruma gelmelerini sa\u011flar.  Kalsiyum ve Fosfor: Kemik geli\u015fimi ve yumurta kabu\u011fu kalitesi i\u00e7in gereklidir, ku\u015flar\u0131 gelecekteki yumurtlama i\u00e7in haz\u0131rlar.  Vitaminler ve Mineraller: Ba\u011f\u0131\u015f\u0131kl\u0131k fonksiyonunu ve \u00fcreme sa\u011fl\u0131\u011f\u0131n\u0131 art\u0131ran D3 vitamini, E vitamini ve \u00e7inko, selenyum gibi temel iz mineraller gibi hayati besinlerin kar\u0131\u015f\u0131m\u0131.  Amino Asitler: Doku geli\u015fimi ve do\u011fru b\u00fcy\u00fcme i\u00e7in gereklidir, \u00f6zellikle gen\u00e7 \u00fcreticiler i\u00e7in kritik b\u00fcy\u00fcme a\u015famalar\u0131nda.  Antioksidanlar: Genel sa\u011fl\u0131\u011f\u0131 destekler ve stres fakt\u00f6rlerine ve hastal\u0131klara kar\u015f\u0131 dayan\u0131kl\u0131l\u0131\u011f\u0131 art\u0131r\u0131r.  Bu premiks, \u00fcretici tavuklar\u0131n ilk 18 hafta boyunca dengeli ve kapsaml\u0131 bir diyet almas\u0131n\u0131 sa\u011flamak amac\u0131yla temel yemlerine eklenmek \u00fczere tasarlanm\u0131\u015ft\u0131r ve g\u00fc\u00e7l\u00fc \u00fcreme performans\u0131 ile uzun vadeli \u00fcretkenlik i\u00e7in temeli atar.  &nbsp;","og_url":"https:\/\/www.regnovet.com\/tr\/urun\/regnomix-rom-02-copy-copy\/","og_site_name":"regnovet","article_publisher":"https:\/\/www.facebook.com\/people\/RegnoVet\/61571321505220\/","article_modified_time":"2025-02-11T09:48:04+00:00","og_image":[{"width":700,"height":700,"url":"https:\/\/www.regnovet.com\/wp-content\/uploads\/2025\/02\/Breeder-00.jpg","type":"image\/jpeg"}],"twitter_card":"summary_large_image","schema":{"@context":"https:\/\/schema.org","@graph":[{"@type":"WebPage","@id":"https:\/\/www.regnovet.com\/tr\/urun\/regnomix-rom-02-copy-copy\/","url":"https:\/\/www.regnovet.com\/tr\/urun\/regnomix-rom-02-copy-copy\/","name":"REGNOMIX Breeder 2.5 % First Phase - regnovet","isPartOf":{"@id":"https:\/\/www.regnovet.com\/tr\/#website"},"primaryImageOfPage":{"@id":"https:\/\/www.regnovet.com\/tr\/urun\/regnomix-rom-02-copy-copy\/#primaryimage"},"image":{"@id":"https:\/\/www.regnovet.com\/tr\/urun\/regnomix-rom-02-copy-copy\/#primaryimage"},"thumbnailUrl":"https:\/\/www.regnovet.com\/wp-content\/uploads\/2025\/02\/First-Phase5.jpg","datePublished":"2025-02-11T08:29:20+00:00","dateModified":"2025-02-11T09:48:04+00:00","breadcrumb":{"@id":"https:\/\/www.regnovet.com\/tr\/urun\/regnomix-rom-02-copy-copy\/#breadcrumb"},"inLanguage":"tr","potentialAction":[{"@type":"ReadAction","target":["https:\/\/www.regnovet.com\/tr\/urun\/regnomix-rom-02-copy-copy\/"]}]},{"@type":"ImageObject","inLanguage":"tr","@id":"https:\/\/www.regnovet.com\/tr\/urun\/regnomix-rom-02-copy-copy\/#primaryimage","url":"https:\/\/www.regnovet.com\/wp-content\/uploads\/2025\/02\/First-Phase5.jpg","contentUrl":"https:\/\/www.regnovet.com\/wp-content\/uploads\/2025\/02\/First-Phase5.jpg","width":700,"height":700},{"@type":"BreadcrumbList","@id":"https:\/\/www.regnovet.com\/tr\/urun\/regnomix-rom-02-copy-copy\/#breadcrumb","itemListElement":[{"@type":"ListItem","position":1,"name":"Home","item":"https:\/\/www.regnovet.com\/tr\/"},{"@type":"ListItem","position":2,"name":"\u00dcr\u00fcnler","item":"https:\/\/www.regnovet.com\/products\/"},{"@type":"ListItem","position":3,"name":"REGNOMIX Breeder 2.5 % First Phase"}]},{"@type":"WebSite","@id":"https:\/\/www.regnovet.com\/tr\/#website","url":"https:\/\/www.regnovet.com\/tr\/","name":"regnovet","description":"","publisher":{"@id":"https:\/\/www.regnovet.com\/tr\/#organization"},"potentialAction":[{"@type":"SearchAction","target":{"@type":"EntryPoint","urlTemplate":"https:\/\/www.regnovet.com\/tr\/?s={search_term_string}"},"query-input":{"@type":"PropertyValueSpecification","valueRequired":true,"valueName":"search_term_string"}}],"inLanguage":"tr"},{"@type":"Organization","@id":"https:\/\/www.regnovet.com\/tr\/#organization","name":"regnovet","url":"https:\/\/www.regnovet.com\/tr\/","logo":{"@type":"ImageObject","inLanguage":"tr","@id":"https:\/\/www.regnovet.com\/tr\/#\/schema\/logo\/image\/","url":"https:\/\/www.regnovet.com\/wp-content\/uploads\/2024\/09\/cropped-512.png","contentUrl":"https:\/\/www.regnovet.com\/wp-content\/uploads\/2024\/09\/cropped-512.png","width":512,"height":512,"caption":"regnovet"},"image":{"@id":"https:\/\/www.regnovet.com\/tr\/#\/schema\/logo\/image\/"},"sameAs":["https:\/\/www.facebook.com\/people\/RegnoVet\/61571321505220\/"]}]}},"_links":{"self":[{"href":"https:\/\/www.regnovet.com\/tr\/wp-json\/wp\/v2\/product\/31261","targetHints":{"allow":["GET"]}}],"collection":[{"href":"https:\/\/www.regnovet.com\/tr\/wp-json\/wp\/v2\/product"}],"about":[{"href":"https:\/\/www.regnovet.com\/tr\/wp-json\/wp\/v2\/types\/product"}],"version-history":[{"count":3,"href":"https:\/\/www.regnovet.com\/tr\/wp-json\/wp\/v2\/product\/31261\/revisions"}],"predecessor-version":[{"id":31295,"href":"https:\/\/www.regnovet.com\/tr\/wp-json\/wp\/v2\/product\/31261\/revisions\/31295"}],"wp:featuredmedia":[{"embeddable":true,"href":"https:\/\/www.regnovet.com\/tr\/wp-json\/wp\/v2\/media\/31847"}],"wp:attachment":[{"href":"https:\/\/www.regnovet.com\/tr\/wp-json\/wp\/v2\/media?parent=31261"}],"wp:term":[{"taxonomy":"product_cat","embeddable":true,"href":"https:\/\/www.regnovet.com\/tr\/wp-json\/wp\/v2\/product_cat?post=31261"},{"taxonomy":"product_tag","embeddable":true,"href":"https:\/\/www.regnovet.com\/tr\/wp-json\/wp\/v2\/product_tag?post=31261"}],"curies":[{"name":"wp","href":"https:\/\/api.w.org\/{rel}","templated":true}]}}