{"id":31326,"date":"2025-02-13T10:45:19","date_gmt":"2025-02-13T10:45:19","guid":{"rendered":"https:\/\/www.regnovet.com\/?post_type=product&#038;p=31326"},"modified":"2025-02-13T11:33:46","modified_gmt":"2025-02-13T11:33:46","slug":"cattle-growmax-copy","status":"publish","type":"product","link":"https:\/\/www.regnovet.com\/tr\/urun\/cattle-growmax-copy\/","title":{"rendered":"Cattle Growth Booster"},"content":{"rendered":"\t\t<div data-elementor-type=\"wp-post\" data-elementor-id=\"31326\" class=\"elementor elementor-31326 elementor-31324\">\n\t\t\t\t<div class=\"wd-negative-gap elementor-element elementor-element-9edd08c e-flex e-con-boxed e-con e-parent\" data-id=\"9edd08c\" data-element_type=\"container\" data-e-type=\"container\">\n\t\t\t\t\t<div class=\"e-con-inner\">\n\t\t\t\t<div class=\"elementor-element elementor-element-810bc54 elementor-widget elementor-widget-toggle\" data-id=\"810bc54\" data-element_type=\"widget\" data-e-type=\"widget\" data-widget_type=\"toggle.default\">\n\t\t\t\t<div class=\"elementor-widget-container\">\n\t\t\t\t\t\t\t<div class=\"elementor-toggle\">\n\t\t\t\t\t\t\t<div class=\"elementor-toggle-item\">\n\t\t\t\t\t<div id=\"elementor-tab-title-1351\" class=\"elementor-tab-title\" data-tab=\"1\" role=\"button\" aria-controls=\"elementor-tab-content-1351\" aria-expanded=\"false\">\n\t\t\t\t\t\t\t\t\t\t\t\t<span class=\"elementor-toggle-icon elementor-toggle-icon-left\" aria-hidden=\"true\">\n\t\t\t\t\t\t\t\t\t\t\t\t\t\t\t<span class=\"elementor-toggle-icon-closed\"><svg class=\"e-font-icon-svg e-fas-caret-right\" viewBox=\"0 0 192 512\" xmlns=\"http:\/\/www.w3.org\/2000\/svg\"><path d=\"M0 384.662V127.338c0-17.818 21.543-26.741 34.142-14.142l128.662 128.662c7.81 7.81 7.81 20.474 0 28.284L34.142 398.804C21.543 411.404 0 402.48 0 384.662z\"><\/path><\/svg><\/span>\n\t\t\t\t\t\t\t\t<span class=\"elementor-toggle-icon-opened\"><svg class=\"elementor-toggle-icon-opened e-font-icon-svg e-fas-caret-up\" viewBox=\"0 0 320 512\" xmlns=\"http:\/\/www.w3.org\/2000\/svg\"><path d=\"M288.662 352H31.338c-17.818 0-26.741-21.543-14.142-34.142l128.662-128.662c7.81-7.81 20.474-7.81 28.284 0l128.662 128.662c12.6 12.599 3.676 34.142-14.142 34.142z\"><\/path><\/svg><\/span>\n\t\t\t\t\t\t\t\t\t\t\t\t\t<\/span>\n\t\t\t\t\t\t\t\t\t\t\t\t<a class=\"elementor-toggle-title\" tabindex=\"0\">Kg BA\u015eINA B\u0130LE\u015e\u0130M<\/a>\n\t\t\t\t\t<\/div>\n\n\t\t\t\t\t<div id=\"elementor-tab-content-1351\" class=\"elementor-tab-content elementor-clearfix\" data-tab=\"1\" role=\"region\" aria-labelledby=\"elementor-tab-title-1351\"><p>A vitamini 6.250.000 IU<br \/>D3 vitamini 2.000.000 IU<br \/>E vitamini 37.500 mg<br \/>Niasin 12.500 mg<br \/>\u0130yot 750 mg<br \/>Bak\u0131r 7.500 mg<br \/>Manganez 25.000 mg<br \/>\u00c7inko 50.000 mg<br \/>Selenyum 200 mg<br \/>Kobalt 150 mg<br \/>Sitrik asit 500 mg<br \/>BHA 1.280 mg<br \/>BHT 1.600 mg<br \/>Propil gallat 820 mg<\/p>\n<\/div>\n\t\t\t\t<\/div>\n\t\t\t\t\t\t\t\t<\/div>\n\t\t\t\t\t\t<\/div>\n\t\t\t\t<\/div>\n\t\t\t\t\t<\/div>\n\t\t\t\t<\/div>\n\t\t\t\t<\/div>\n\t\t","protected":false},"excerpt":{"rendered":"<p>Bu yenilik\u00e7i \u00fcr\u00fcn, \u00e7ift\u00e7ilerin s\u00fcr\u00fclerinin h\u0131zl\u0131 ve sa\u011fl\u0131kl\u0131 b\u00fcy\u00fcmesini art\u0131rma ihtiyac\u0131n\u0131 kar\u015f\u0131lar. Genel s\u00fcr\u00fc sa\u011fl\u0131\u011f\u0131n\u0131 iyile\u015ftirmeye katk\u0131da bulunan, hastal\u0131klar\u0131 azaltan ve ba\u011f\u0131\u015f\u0131kl\u0131\u011f\u0131 art\u0131ran kapsaml\u0131 bir vitamin, mineral kar\u0131\u015f\u0131m\u0131n\u0131 bir araya getirir. Benzersiz form\u00fcl\u00fc, gerekli besin maddelerinin etkili bir \u015fekilde iletimini sa\u011flar, b\u00f6ylece s\u00fcr\u00fcler daha h\u0131zl\u0131 ve daha g\u00fc\u00e7l\u00fc b\u00fcy\u00fcr.<\/p>\n<p>\u00dcr\u00fcn, en iyi sonu\u00e7lar\u0131 sa\u011flamak i\u00e7in g\u00fcvenilir kaynaklardan y\u00fcksek kaliteli bile\u015fenler kullan\u0131larak \u00fcretilir. S\u00fcr\u00fclerin g\u00fcnl\u00fck yemine do\u011frudan eklenir, kullan\u0131m\u0131 kolayd\u0131r ve \u00e7ift\u00e7iler i\u00e7in zaman ve emekten tasarruf sa\u011flar. Bu \u00fcr\u00fcnle, h\u0131rsl\u0131 \u00e7ift\u00e7iler, g\u00fc\u00e7l\u00fc ve sa\u011fl\u0131kl\u0131 s\u00fcr\u00fcler yeti\u015ftirme hedeflerine etkili bir \u015fekilde ve en d\u00fc\u015f\u00fck maliyetle ula\u015fabilirler.<\/p>\n<p>&nbsp;<\/p>\n","protected":false},"featured_media":31756,"template":"","meta":[],"product_cat":[180],"product_tag":[],"class_list":{"0":"post-31326","1":"product","2":"type-product","3":"status-publish","4":"has-post-thumbnail","6":"product_cat-premix-tr","8":"first","9":"instock","10":"shipping-taxable","11":"product-type-simple"},"yoast_head":"<!-- This site is optimized with the Yoast SEO plugin v24.1 - https:\/\/yoast.com\/wordpress\/plugins\/seo\/ -->\n<title>Cattle Growth Booster - regnovet<\/title>\n<meta name=\"robots\" content=\"index, follow, max-snippet:-1, max-image-preview:large, max-video-preview:-1\" \/>\n<link rel=\"canonical\" href=\"https:\/\/www.regnovet.com\/tr\/urun\/cattle-growmax-copy\/\" \/>\n<meta property=\"og:locale\" content=\"tr_TR\" \/>\n<meta property=\"og:type\" content=\"article\" \/>\n<meta property=\"og:title\" content=\"Cattle Growth Booster - regnovet\" \/>\n<meta property=\"og:description\" content=\"Bu yenilik\u00e7i \u00fcr\u00fcn, \u00e7ift\u00e7ilerin s\u00fcr\u00fclerinin h\u0131zl\u0131 ve sa\u011fl\u0131kl\u0131 b\u00fcy\u00fcmesini art\u0131rma ihtiyac\u0131n\u0131 kar\u015f\u0131lar. Genel s\u00fcr\u00fc sa\u011fl\u0131\u011f\u0131n\u0131 iyile\u015ftirmeye katk\u0131da bulunan, hastal\u0131klar\u0131 azaltan ve ba\u011f\u0131\u015f\u0131kl\u0131\u011f\u0131 art\u0131ran kapsaml\u0131 bir vitamin, mineral kar\u0131\u015f\u0131m\u0131n\u0131 bir araya getirir. Benzersiz form\u00fcl\u00fc, gerekli besin maddelerinin etkili bir \u015fekilde iletimini sa\u011flar, b\u00f6ylece s\u00fcr\u00fcler daha h\u0131zl\u0131 ve daha g\u00fc\u00e7l\u00fc b\u00fcy\u00fcr.  \u00dcr\u00fcn, en iyi sonu\u00e7lar\u0131 sa\u011flamak i\u00e7in g\u00fcvenilir kaynaklardan y\u00fcksek kaliteli bile\u015fenler kullan\u0131larak \u00fcretilir. S\u00fcr\u00fclerin g\u00fcnl\u00fck yemine do\u011frudan eklenir, kullan\u0131m\u0131 kolayd\u0131r ve \u00e7ift\u00e7iler i\u00e7in zaman ve emekten tasarruf sa\u011flar. Bu \u00fcr\u00fcnle, h\u0131rsl\u0131 \u00e7ift\u00e7iler, g\u00fc\u00e7l\u00fc ve sa\u011fl\u0131kl\u0131 s\u00fcr\u00fcler yeti\u015ftirme hedeflerine etkili bir \u015fekilde ve en d\u00fc\u015f\u00fck maliyetle ula\u015fabilirler.  &nbsp;\" \/>\n<meta property=\"og:url\" content=\"https:\/\/www.regnovet.com\/tr\/urun\/cattle-growmax-copy\/\" \/>\n<meta property=\"og:site_name\" content=\"regnovet\" \/>\n<meta property=\"article:publisher\" content=\"https:\/\/www.facebook.com\/people\/RegnoVet\/61571321505220\/\" \/>\n<meta property=\"article:modified_time\" content=\"2025-02-13T11:33:46+00:00\" \/>\n<meta property=\"og:image\" content=\"https:\/\/www.regnovet.com\/wp-content\/uploads\/2025\/02\/Cattle-growth-booster21.jpg\" \/>\n\t<meta property=\"og:image:width\" content=\"700\" \/>\n\t<meta property=\"og:image:height\" content=\"700\" \/>\n\t<meta property=\"og:image:type\" content=\"image\/jpeg\" \/>\n<meta name=\"twitter:card\" content=\"summary_large_image\" \/>\n<script type=\"application\/ld+json\" class=\"yoast-schema-graph\">{\"@context\":\"https:\/\/schema.org\",\"@graph\":[{\"@type\":\"WebPage\",\"@id\":\"https:\/\/www.regnovet.com\/tr\/urun\/cattle-growmax-copy\/\",\"url\":\"https:\/\/www.regnovet.com\/tr\/urun\/cattle-growmax-copy\/\",\"name\":\"Cattle Growth Booster - regnovet\",\"isPartOf\":{\"@id\":\"https:\/\/www.regnovet.com\/tr\/#website\"},\"primaryImageOfPage\":{\"@id\":\"https:\/\/www.regnovet.com\/tr\/urun\/cattle-growmax-copy\/#primaryimage\"},\"image\":{\"@id\":\"https:\/\/www.regnovet.com\/tr\/urun\/cattle-growmax-copy\/#primaryimage\"},\"thumbnailUrl\":\"https:\/\/www.regnovet.com\/wp-content\/uploads\/2025\/02\/\u0633\u0637\u0644.jpg\",\"datePublished\":\"2025-02-13T10:45:19+00:00\",\"dateModified\":\"2025-02-13T11:33:46+00:00\",\"breadcrumb\":{\"@id\":\"https:\/\/www.regnovet.com\/tr\/urun\/cattle-growmax-copy\/#breadcrumb\"},\"inLanguage\":\"tr\",\"potentialAction\":[{\"@type\":\"ReadAction\",\"target\":[\"https:\/\/www.regnovet.com\/tr\/urun\/cattle-growmax-copy\/\"]}]},{\"@type\":\"ImageObject\",\"inLanguage\":\"tr\",\"@id\":\"https:\/\/www.regnovet.com\/tr\/urun\/cattle-growmax-copy\/#primaryimage\",\"url\":\"https:\/\/www.regnovet.com\/wp-content\/uploads\/2025\/02\/\u0633\u0637\u0644.jpg\",\"contentUrl\":\"https:\/\/www.regnovet.com\/wp-content\/uploads\/2025\/02\/\u0633\u0637\u0644.jpg\",\"width\":700,\"height\":700},{\"@type\":\"BreadcrumbList\",\"@id\":\"https:\/\/www.regnovet.com\/tr\/urun\/cattle-growmax-copy\/#breadcrumb\",\"itemListElement\":[{\"@type\":\"ListItem\",\"position\":1,\"name\":\"Home\",\"item\":\"https:\/\/www.regnovet.com\/tr\/\"},{\"@type\":\"ListItem\",\"position\":2,\"name\":\"\u00dcr\u00fcnler\",\"item\":\"https:\/\/www.regnovet.com\/products\/\"},{\"@type\":\"ListItem\",\"position\":3,\"name\":\"Cattle Growth Booster\"}]},{\"@type\":\"WebSite\",\"@id\":\"https:\/\/www.regnovet.com\/tr\/#website\",\"url\":\"https:\/\/www.regnovet.com\/tr\/\",\"name\":\"regnovet\",\"description\":\"\",\"publisher\":{\"@id\":\"https:\/\/www.regnovet.com\/tr\/#organization\"},\"potentialAction\":[{\"@type\":\"SearchAction\",\"target\":{\"@type\":\"EntryPoint\",\"urlTemplate\":\"https:\/\/www.regnovet.com\/tr\/?s={search_term_string}\"},\"query-input\":{\"@type\":\"PropertyValueSpecification\",\"valueRequired\":true,\"valueName\":\"search_term_string\"}}],\"inLanguage\":\"tr\"},{\"@type\":\"Organization\",\"@id\":\"https:\/\/www.regnovet.com\/tr\/#organization\",\"name\":\"regnovet\",\"url\":\"https:\/\/www.regnovet.com\/tr\/\",\"logo\":{\"@type\":\"ImageObject\",\"inLanguage\":\"tr\",\"@id\":\"https:\/\/www.regnovet.com\/tr\/#\/schema\/logo\/image\/\",\"url\":\"https:\/\/www.regnovet.com\/wp-content\/uploads\/2024\/09\/cropped-512.png\",\"contentUrl\":\"https:\/\/www.regnovet.com\/wp-content\/uploads\/2024\/09\/cropped-512.png\",\"width\":512,\"height\":512,\"caption\":\"regnovet\"},\"image\":{\"@id\":\"https:\/\/www.regnovet.com\/tr\/#\/schema\/logo\/image\/\"},\"sameAs\":[\"https:\/\/www.facebook.com\/people\/RegnoVet\/61571321505220\/\"]}]}<\/script>\n<!-- \/ Yoast SEO plugin. -->","yoast_head_json":{"title":"Cattle Growth Booster - regnovet","robots":{"index":"index","follow":"follow","max-snippet":"max-snippet:-1","max-image-preview":"max-image-preview:large","max-video-preview":"max-video-preview:-1"},"canonical":"https:\/\/www.regnovet.com\/tr\/urun\/cattle-growmax-copy\/","og_locale":"tr_TR","og_type":"article","og_title":"Cattle Growth Booster - regnovet","og_description":"Bu yenilik\u00e7i \u00fcr\u00fcn, \u00e7ift\u00e7ilerin s\u00fcr\u00fclerinin h\u0131zl\u0131 ve sa\u011fl\u0131kl\u0131 b\u00fcy\u00fcmesini art\u0131rma ihtiyac\u0131n\u0131 kar\u015f\u0131lar. Genel s\u00fcr\u00fc sa\u011fl\u0131\u011f\u0131n\u0131 iyile\u015ftirmeye katk\u0131da bulunan, hastal\u0131klar\u0131 azaltan ve ba\u011f\u0131\u015f\u0131kl\u0131\u011f\u0131 art\u0131ran kapsaml\u0131 bir vitamin, mineral kar\u0131\u015f\u0131m\u0131n\u0131 bir araya getirir. Benzersiz form\u00fcl\u00fc, gerekli besin maddelerinin etkili bir \u015fekilde iletimini sa\u011flar, b\u00f6ylece s\u00fcr\u00fcler daha h\u0131zl\u0131 ve daha g\u00fc\u00e7l\u00fc b\u00fcy\u00fcr.  \u00dcr\u00fcn, en iyi sonu\u00e7lar\u0131 sa\u011flamak i\u00e7in g\u00fcvenilir kaynaklardan y\u00fcksek kaliteli bile\u015fenler kullan\u0131larak \u00fcretilir. S\u00fcr\u00fclerin g\u00fcnl\u00fck yemine do\u011frudan eklenir, kullan\u0131m\u0131 kolayd\u0131r ve \u00e7ift\u00e7iler i\u00e7in zaman ve emekten tasarruf sa\u011flar. Bu \u00fcr\u00fcnle, h\u0131rsl\u0131 \u00e7ift\u00e7iler, g\u00fc\u00e7l\u00fc ve sa\u011fl\u0131kl\u0131 s\u00fcr\u00fcler yeti\u015ftirme hedeflerine etkili bir \u015fekilde ve en d\u00fc\u015f\u00fck maliyetle ula\u015fabilirler.  &nbsp;","og_url":"https:\/\/www.regnovet.com\/tr\/urun\/cattle-growmax-copy\/","og_site_name":"regnovet","article_publisher":"https:\/\/www.facebook.com\/people\/RegnoVet\/61571321505220\/","article_modified_time":"2025-02-13T11:33:46+00:00","og_image":[{"width":700,"height":700,"url":"https:\/\/www.regnovet.com\/wp-content\/uploads\/2025\/02\/Cattle-growth-booster21.jpg","type":"image\/jpeg"}],"twitter_card":"summary_large_image","schema":{"@context":"https:\/\/schema.org","@graph":[{"@type":"WebPage","@id":"https:\/\/www.regnovet.com\/tr\/urun\/cattle-growmax-copy\/","url":"https:\/\/www.regnovet.com\/tr\/urun\/cattle-growmax-copy\/","name":"Cattle Growth Booster - regnovet","isPartOf":{"@id":"https:\/\/www.regnovet.com\/tr\/#website"},"primaryImageOfPage":{"@id":"https:\/\/www.regnovet.com\/tr\/urun\/cattle-growmax-copy\/#primaryimage"},"image":{"@id":"https:\/\/www.regnovet.com\/tr\/urun\/cattle-growmax-copy\/#primaryimage"},"thumbnailUrl":"https:\/\/www.regnovet.com\/wp-content\/uploads\/2025\/02\/\u0633\u0637\u0644.jpg","datePublished":"2025-02-13T10:45:19+00:00","dateModified":"2025-02-13T11:33:46+00:00","breadcrumb":{"@id":"https:\/\/www.regnovet.com\/tr\/urun\/cattle-growmax-copy\/#breadcrumb"},"inLanguage":"tr","potentialAction":[{"@type":"ReadAction","target":["https:\/\/www.regnovet.com\/tr\/urun\/cattle-growmax-copy\/"]}]},{"@type":"ImageObject","inLanguage":"tr","@id":"https:\/\/www.regnovet.com\/tr\/urun\/cattle-growmax-copy\/#primaryimage","url":"https:\/\/www.regnovet.com\/wp-content\/uploads\/2025\/02\/\u0633\u0637\u0644.jpg","contentUrl":"https:\/\/www.regnovet.com\/wp-content\/uploads\/2025\/02\/\u0633\u0637\u0644.jpg","width":700,"height":700},{"@type":"BreadcrumbList","@id":"https:\/\/www.regnovet.com\/tr\/urun\/cattle-growmax-copy\/#breadcrumb","itemListElement":[{"@type":"ListItem","position":1,"name":"Home","item":"https:\/\/www.regnovet.com\/tr\/"},{"@type":"ListItem","position":2,"name":"\u00dcr\u00fcnler","item":"https:\/\/www.regnovet.com\/products\/"},{"@type":"ListItem","position":3,"name":"Cattle Growth Booster"}]},{"@type":"WebSite","@id":"https:\/\/www.regnovet.com\/tr\/#website","url":"https:\/\/www.regnovet.com\/tr\/","name":"regnovet","description":"","publisher":{"@id":"https:\/\/www.regnovet.com\/tr\/#organization"},"potentialAction":[{"@type":"SearchAction","target":{"@type":"EntryPoint","urlTemplate":"https:\/\/www.regnovet.com\/tr\/?s={search_term_string}"},"query-input":{"@type":"PropertyValueSpecification","valueRequired":true,"valueName":"search_term_string"}}],"inLanguage":"tr"},{"@type":"Organization","@id":"https:\/\/www.regnovet.com\/tr\/#organization","name":"regnovet","url":"https:\/\/www.regnovet.com\/tr\/","logo":{"@type":"ImageObject","inLanguage":"tr","@id":"https:\/\/www.regnovet.com\/tr\/#\/schema\/logo\/image\/","url":"https:\/\/www.regnovet.com\/wp-content\/uploads\/2024\/09\/cropped-512.png","contentUrl":"https:\/\/www.regnovet.com\/wp-content\/uploads\/2024\/09\/cropped-512.png","width":512,"height":512,"caption":"regnovet"},"image":{"@id":"https:\/\/www.regnovet.com\/tr\/#\/schema\/logo\/image\/"},"sameAs":["https:\/\/www.facebook.com\/people\/RegnoVet\/61571321505220\/"]}]}},"_links":{"self":[{"href":"https:\/\/www.regnovet.com\/tr\/wp-json\/wp\/v2\/product\/31326","targetHints":{"allow":["GET"]}}],"collection":[{"href":"https:\/\/www.regnovet.com\/tr\/wp-json\/wp\/v2\/product"}],"about":[{"href":"https:\/\/www.regnovet.com\/tr\/wp-json\/wp\/v2\/types\/product"}],"version-history":[{"count":3,"href":"https:\/\/www.regnovet.com\/tr\/wp-json\/wp\/v2\/product\/31326\/revisions"}],"predecessor-version":[{"id":31337,"href":"https:\/\/www.regnovet.com\/tr\/wp-json\/wp\/v2\/product\/31326\/revisions\/31337"}],"wp:featuredmedia":[{"embeddable":true,"href":"https:\/\/www.regnovet.com\/tr\/wp-json\/wp\/v2\/media\/31756"}],"wp:attachment":[{"href":"https:\/\/www.regnovet.com\/tr\/wp-json\/wp\/v2\/media?parent=31326"}],"wp:term":[{"taxonomy":"product_cat","embeddable":true,"href":"https:\/\/www.regnovet.com\/tr\/wp-json\/wp\/v2\/product_cat?post=31326"},{"taxonomy":"product_tag","embeddable":true,"href":"https:\/\/www.regnovet.com\/tr\/wp-json\/wp\/v2\/product_tag?post=31326"}],"curies":[{"name":"wp","href":"https:\/\/api.w.org\/{rel}","templated":true}]}}